{"id":28623,"date":"2021-05-21T07:37:17","date_gmt":"2021-05-21T07:37:17","guid":{"rendered":"https:\/\/penosil.com\/et\/?page_id=28623"},"modified":"2023-04-26T08:48:49","modified_gmt":"2023-04-26T08:48:49","slug":"kampaania-tingimused","status":"publish","type":"page","link":"https:\/\/penosil.com\/et\/kampaania-tingimused\/","title":{"rendered":"Kampaania tingimused"},"content":{"rendered":"\n<p>Wolf Group O\u00dc \u201ePenosili suur loosim\u00e4ng\u201c Penosil Eesti Facebook kontol kampaaniareeglid<\/p>\n\n\n\n<p>1. Wolf Group O\u00dc tarbijam\u00e4ng (edaspidi Kampaania) leiab aset ajavahemikul: 01.05.-14.05.2023 Penosil Eesti Facebook kontol.<\/p>\n\n\n\n<p>2. Kampaania korraldaja on Wolf Group O\u00dc, registrikoodiga 10167362, Suur-Paala 10, Tallinn, 13619, Harjumaa.<\/p>\n\n\n\n<p>3. Kampaania l\u00e4biviija on Wolf Group O\u00dc, registrikoodiga 10167362, Suur-Paala 10, Tallinn, 13619, Harjumaa.<\/p>\n\n\n\n<p>4. Kampaaniainfo asub Penosil Eesti Facebook kontol vastaval postitusel<\/p>\n\n\n\n<p>5. Kampaanias osalenute vahel loositakse v\u00e4lja telefon Apple Iphone 13 128GB.<\/p>\n\n\n\n<p>Telefoni v\u00e4rvuse otsustab auhinna v\u00f5itja v\u00f5itmise hetkel Telia e-poes saadava v\u00e4rvivaliku hulgast. <\/p>\n\n\n\n<p>6. Kampaanias osalemiseks tuleb: <\/p>\n\n\n\n<ul class=\"default-list wp-block-list\"><li>J\u00e4lgida Penosil Eesti Facebooki lehte<\/li><li>Jagada kampaania postitust avalikult oma seinal<\/li><\/ul>\n\n\n\n<p>7. Kui kampaania v\u00f5itja j\u00e4lgib kampaania v\u00f5itja v\u00e4ljakuulutamise ajal Penosil Eesti Instagrami kontot penosil_eesti, saab ta lisaauhinna Apple AirPods (2. gen).\u00a0<\/p>\n\n\n\n<p>7.1 V\u00f5itja Instagrami konto peab olema isiklik. Lisaauhinda ei v\u00e4ljastata, kui IG konto on  perekonna, elukaaslase vms \u00fchine konto.<\/p>\n\n\n\n<p>8. Auhinna loosimine toimub 16.05.2023.<\/p>\n\n\n\n<p>9. V\u00f5itja nimi avaldatakse Penosil Eesti Facebook lehel hiljemalt 3 t\u00f6\u00f6p\u00e4eva jooksul peale punktis 8 toodud loosimise kuup\u00e4eva. V\u00f5itjaga v\u00f5etakse \u00fchendust Facebook Messenger kaudu ning lepitakse kokku auhinna v\u00e4rvus ning k\u00e4ttetoimetamise viis. <\/p>\n\n\n\n<p>Juhul, kui v\u00f5itjaga ei ole \u00f5nnestunud \u00fchendust saada hiljemalt 29.05.2023 (kaasa arvatud), on Korraldajal \u00f5igus auhinda mitte v\u00e4ljastada ning v\u00e4lja loosida uus v\u00f5itja.<\/p>\n\n\n\n<p>10. Auhinda ei vahetata v\u00f5itja n\u00f5udmisel rahaks ega muude esemete vastu. Kampaania Korraldaja v\u00f5tab enesele vastutuse k\u00f5igi v\u00f5itudega seotud seadusj\u00e4rgsete maksude tasumise eest.<\/p>\n\n\n\n<p>11. Kampaaniast osav\u00f5tuga annab osaleja oma n\u00f5usoleku Kampaania Korraldajale antud isikuandmete t\u00f6\u00f6tlemiseks ning kasutamiseks k\u00e4esoleva Kampaania raames.<\/p>\n\n\n\n<p>Osav\u00f5tjate isikuandmeid t\u00f6\u00f6deldakse kampaaniam\u00e4ngu raames osalemiskriteeriumite kontrollimiseks, auhinna loosimiseks, v\u00f5itja v\u00e4ljakuulutamiseks, auhinna \u00fcleandmiseks, samuti kampaaniam\u00e4ngudega seotud v\u00f5imalike vaidluste ja pretensioonide lahendamiseks.<\/p>\n\n\n\n<p>Korraldajal on \u00f5igus edastada osav\u00f5tja isikuandmeid korraldaja koost\u00f6\u00f6partnerile auhinna k\u00e4ttetoimetamiseks ning v\u00f5imalike vaidluste ja pretensioonide lahendamiseks.<\/p>\n\n\n\n<p>Korraldajal on \u00f5igus avaldada kampaaniam\u00e4ngu v\u00f5itja nimi oma platvormidel (veebilehel, sotsiaalv\u00f5rgustikes).<\/p>\n\n\n\n<p>K\u00f5iki osav\u00f5tjate isikuandmeid (v.a v\u00f5itjate omi), mis on seotud kampaaniam\u00e4ngu korraldamise ja haldamisega,&nbsp; v\u00f5itja v\u00e4ljaselgitamise ja v\u00e4ljakuulutamisega, s\u00e4ilitatakse kuni 30 p\u00e4eva p\u00e4rast v\u00f5itja loosimist v.a. kui kampaaniam\u00e4ngu kohta on esitatud kaebus, millisel juhul t\u00f6\u00f6deldakse konkreetselt kaebusega seotud andmeid kuni kaebuse l\u00f5pliku lahendamiseni.<\/p>\n\n\n\n<p>Kampaanias osaleja saab oma isikuandmete kasutamiseks antud loa igal ajal tagasi v\u00f5tta, kui saadab Korraldajale vastava teate e-posti aadressile <a href=\"mailto:eesti@penosil.com\">eesti.penosil@wolf-group.com<\/a>. Sellisel juhul eemaldab Kampaania Korraldaja osav\u00f5tja andmed ning osav\u00f5tja ei v\u00f5ta osa Kampaania loosimistest.<\/p>\n\n\n\n<p>K\u00f5igis isikuandmete t\u00f6\u00f6tlemist puudutavates t\u00e4iendavates k\u00fcsimustes on osav\u00f5tjatel v\u00f5imalik p\u00f6\u00f6rduda Wolf Group O\u00dc, e-mail: <a href=\"mailto:eesti@penosil.com\"><a href=\"mailto:eesti@penosil.com\">eesti.penosil@wolf-group.com<\/a><\/a> , tel +372\u00a0605 9301.<\/p>\n\n\n\n<p>Kampaanialehe \u00fcldised privaatsuss\u00e4tted on k\u00e4ttesaadavad <a href=\"\/et?page_id=3582\">https:\/\/penosil.com\/et\/privaatsus-poliitika\/<\/a><\/p>\n\n\n\n<p>12. Kampaanias ei saa osaleda kampaania korraldamisega otseselt seotud inimesed ja nende pereliikmed, Wolf Group O\u00dc t\u00f6\u00f6tajad ning Wolf Group O\u00dc hankijad. &nbsp;<\/p>\n\n\n\n<p>13. K\u00f5ik kampaaniast tulenevad vaidlused lahendatakse vastavalt Eesti Vabariigi seadustele. V\u00e4\u00e4ramatu j\u00f5u (<em>force majeure<\/em>) ilmnemisel on korraldajal \u00f5igus tarbijam\u00e4ng \u00fchepoolselt katkestada, teatades sellest penosil.com\/et\/kampaania veebilehe vahendusel.<\/p>\n\n\n\n<p>14. K\u00f5ik pretensioonid seoses kampaania korraldamise ja\/v\u00f5i l\u00e4biviimisega tuleb saata kirjalikult kampaania korraldajale Wolf Group O\u00dc, registrikoodiga 10167362, aadress: Suur-Paala 10, Tallinn, m\u00e4rgus\u00f5na \u201cPenosili Facebook loosimine&#8221;. Laekunud pretensioonidele vastatakse 3 t\u00f6\u00f6p\u00e4eva jooksul. Kampaania reeglid on avaldatud veebilehel penosil.com\/et\/kampaania<\/p>\n\n\n\n<p>15. Wolf Group O\u00dc-l on \u00f5igus kampaania reegleid ja tingimusi \u00fchepoolselt muuta ning t\u00e4iendada.<\/p>\n\n\n\n<p>16. Kampaania lisainfot saab e-maili teel <a href=\"mailto:eesti@penosil.com\"><\/a><a href=\"mailto:eesti@penosil.com\">eesti.penosil@wolf-group.com<\/a> v\u00f5i telefonil +372 605 9301.<\/p>\n","protected":false},"excerpt":{"rendered":"Wolf Group O\u00dc \u201ePenosili suur loosim\u00e4ng\u201c Penosil Eesti Facebook kontol kampaaniareeglid 1. Wolf Group O\u00dc tarbijam\u00e4ng (edaspidi Kampaania) leiab aset ajavahemikul: 01.05.-14.05.2023 Penosil Eesti Facebook kontol. 2. Kampaania korraldaja on Wolf Group O\u00dc, registrikoodiga 10167362, Suur-Paala 10, Tallinn, 13619, Harjumaa. 3. Kampaania l\u00e4biviija on Wolf Group O\u00dc, registrikoodiga 10167362, Suur-Paala 10, Tallinn, 13619, Harjumaa. 4. [&hellip;]","protected":false},"author":6,"featured_media":0,"parent":0,"menu_order":0,"comment_status":"closed","ping_status":"closed","template":"","meta":{"_acf_changed":false,"advgb_blocks_editor_width":"","advgb_blocks_columns_visual_guide":"","footnotes":""},"class_list":["post-28623","page","type-page","status-publish","hentry"],"acf":[],"yoast_head":"<!-- This site is optimized with the Yoast SEO plugin v27.4 - https:\/\/yoast.com\/product\/yoast-seo-wordpress\/ -->\n<title>Kampaania tingimused - Penosil Estonia<\/title>\n<meta name=\"robots\" content=\"index, follow, max-snippet:-1, max-image-preview:large, max-video-preview:-1\" \/>\n<link rel=\"canonical\" href=\"https:\/\/penosil.com\/et\/kampaania-tingimused\/\" \/>\n<meta property=\"og:locale\" content=\"et_EE\" \/>\n<meta property=\"og:type\" content=\"article\" \/>\n<meta property=\"og:title\" content=\"Kampaania tingimused - Penosil Estonia\" \/>\n<meta property=\"og:description\" content=\"Wolf Group O\u00dc \u201ePenosili suur loosim\u00e4ng\u201c Penosil Eesti Facebook kontol kampaaniareeglid 1. Wolf Group O\u00dc tarbijam\u00e4ng (edaspidi Kampaania) leiab aset ajavahemikul: 01.05.-14.05.2023 Penosil Eesti Facebook kontol. 2. Kampaania korraldaja on Wolf Group O\u00dc, registrikoodiga 10167362, Suur-Paala 10, Tallinn, 13619, Harjumaa. 3. Kampaania l\u00e4biviija on Wolf Group O\u00dc, registrikoodiga 10167362, Suur-Paala 10, Tallinn, 13619, Harjumaa. 4. [&hellip;]\" \/>\n<meta property=\"og:url\" content=\"https:\/\/penosil.com\/et\/kampaania-tingimused\/\" \/>\n<meta property=\"og:site_name\" content=\"Penosil Estonia\" \/>\n<meta property=\"article:modified_time\" content=\"2023-04-26T08:48:49+00:00\" \/>\n<meta name=\"twitter:card\" content=\"summary_large_image\" \/>\n<script type=\"application\/ld+json\" class=\"yoast-schema-graph\">{\"@context\":\"https:\\\/\\\/schema.org\",\"@graph\":[{\"@type\":\"WebPage\",\"@id\":\"https:\\\/\\\/penosil.com\\\/et\\\/kampaania-tingimused\\\/\",\"url\":\"https:\\\/\\\/penosil.com\\\/et\\\/kampaania-tingimused\\\/\",\"name\":\"Kampaania tingimused - Penosil Estonia\",\"isPartOf\":{\"@id\":\"https:\\\/\\\/penosil.com\\\/et\\\/#website\"},\"datePublished\":\"2021-05-21T07:37:17+00:00\",\"dateModified\":\"2023-04-26T08:48:49+00:00\",\"breadcrumb\":{\"@id\":\"https:\\\/\\\/penosil.com\\\/et\\\/kampaania-tingimused\\\/#breadcrumb\"},\"inLanguage\":\"et\",\"potentialAction\":[{\"@type\":\"ReadAction\",\"target\":[\"https:\\\/\\\/penosil.com\\\/et\\\/kampaania-tingimused\\\/\"]}]},{\"@type\":\"BreadcrumbList\",\"@id\":\"https:\\\/\\\/penosil.com\\\/et\\\/kampaania-tingimused\\\/#breadcrumb\",\"itemListElement\":[{\"@type\":\"ListItem\",\"position\":1,\"name\":\"Home\",\"item\":\"https:\\\/\\\/penosil.com\\\/et\\\/\"},{\"@type\":\"ListItem\",\"position\":2,\"name\":\"Kampaania tingimused\"}]},{\"@type\":\"WebSite\",\"@id\":\"https:\\\/\\\/penosil.com\\\/et\\\/#website\",\"url\":\"https:\\\/\\\/penosil.com\\\/et\\\/\",\"name\":\"Penosil Estonia\",\"description\":\"\",\"potentialAction\":[{\"@type\":\"SearchAction\",\"target\":{\"@type\":\"EntryPoint\",\"urlTemplate\":\"https:\\\/\\\/penosil.com\\\/et\\\/?s={search_term_string}\"},\"query-input\":{\"@type\":\"PropertyValueSpecification\",\"valueRequired\":true,\"valueName\":\"search_term_string\"}}],\"inLanguage\":\"et\"}]}<\/script>\n<!-- \/ Yoast SEO plugin. -->","yoast_head_json":{"title":"Kampaania tingimused - Penosil Estonia","robots":{"index":"index","follow":"follow","max-snippet":"max-snippet:-1","max-image-preview":"max-image-preview:large","max-video-preview":"max-video-preview:-1"},"canonical":"https:\/\/penosil.com\/et\/kampaania-tingimused\/","og_locale":"et_EE","og_type":"article","og_title":"Kampaania tingimused - Penosil Estonia","og_description":"Wolf Group O\u00dc \u201ePenosili suur loosim\u00e4ng\u201c Penosil Eesti Facebook kontol kampaaniareeglid 1. Wolf Group O\u00dc tarbijam\u00e4ng (edaspidi Kampaania) leiab aset ajavahemikul: 01.05.-14.05.2023 Penosil Eesti Facebook kontol. 2. Kampaania korraldaja on Wolf Group O\u00dc, registrikoodiga 10167362, Suur-Paala 10, Tallinn, 13619, Harjumaa. 3. Kampaania l\u00e4biviija on Wolf Group O\u00dc, registrikoodiga 10167362, Suur-Paala 10, Tallinn, 13619, Harjumaa. 4. [&hellip;]","og_url":"https:\/\/penosil.com\/et\/kampaania-tingimused\/","og_site_name":"Penosil Estonia","article_modified_time":"2023-04-26T08:48:49+00:00","twitter_card":"summary_large_image","schema":{"@context":"https:\/\/schema.org","@graph":[{"@type":"WebPage","@id":"https:\/\/penosil.com\/et\/kampaania-tingimused\/","url":"https:\/\/penosil.com\/et\/kampaania-tingimused\/","name":"Kampaania tingimused - Penosil Estonia","isPartOf":{"@id":"https:\/\/penosil.com\/et\/#website"},"datePublished":"2021-05-21T07:37:17+00:00","dateModified":"2023-04-26T08:48:49+00:00","breadcrumb":{"@id":"https:\/\/penosil.com\/et\/kampaania-tingimused\/#breadcrumb"},"inLanguage":"et","potentialAction":[{"@type":"ReadAction","target":["https:\/\/penosil.com\/et\/kampaania-tingimused\/"]}]},{"@type":"BreadcrumbList","@id":"https:\/\/penosil.com\/et\/kampaania-tingimused\/#breadcrumb","itemListElement":[{"@type":"ListItem","position":1,"name":"Home","item":"https:\/\/penosil.com\/et\/"},{"@type":"ListItem","position":2,"name":"Kampaania tingimused"}]},{"@type":"WebSite","@id":"https:\/\/penosil.com\/et\/#website","url":"https:\/\/penosil.com\/et\/","name":"Penosil Estonia","description":"","potentialAction":[{"@type":"SearchAction","target":{"@type":"EntryPoint","urlTemplate":"https:\/\/penosil.com\/et\/?s={search_term_string}"},"query-input":{"@type":"PropertyValueSpecification","valueRequired":true,"valueName":"search_term_string"}}],"inLanguage":"et"}]}},"coauthors":[],"author_meta":{"author_link":"https:\/\/penosil.com\/et\/author\/anne\/","display_name":"Anne Lulla"},"relative_dates":{"created":"Posted 5 aastat ago","modified":"Updated 3 aastat ago"},"absolute_dates":{"created":"Posted on 21. mai 2021","modified":"Updated on 26. apr. 2023"},"absolute_dates_time":{"created":"Posted on 21. mai 2021 07:37","modified":"Updated on 26. apr. 2023 08:48"},"featured_img_caption":"","featured_img":false,"series_order":"","_links":{"self":[{"href":"https:\/\/penosil.com\/et\/wp-json\/wp\/v2\/pages\/28623","targetHints":{"allow":["GET"]}}],"collection":[{"href":"https:\/\/penosil.com\/et\/wp-json\/wp\/v2\/pages"}],"about":[{"href":"https:\/\/penosil.com\/et\/wp-json\/wp\/v2\/types\/page"}],"author":[{"embeddable":true,"href":"https:\/\/penosil.com\/et\/wp-json\/wp\/v2\/users\/6"}],"replies":[{"embeddable":true,"href":"https:\/\/penosil.com\/et\/wp-json\/wp\/v2\/comments?post=28623"}],"version-history":[{"count":16,"href":"https:\/\/penosil.com\/et\/wp-json\/wp\/v2\/pages\/28623\/revisions"}],"predecessor-version":[{"id":30055,"href":"https:\/\/penosil.com\/et\/wp-json\/wp\/v2\/pages\/28623\/revisions\/30055"}],"wp:attachment":[{"href":"https:\/\/penosil.com\/et\/wp-json\/wp\/v2\/media?parent=28623"}],"curies":[{"name":"wp","href":"https:\/\/api.w.org\/{rel}","templated":true}]}}