{"id":3027,"date":"2019-07-24T13:17:19","date_gmt":"2019-07-24T13:17:19","guid":{"rendered":"https:\/\/penosil.com\/et\/about-us\/"},"modified":"2026-02-09T15:19:59","modified_gmt":"2026-02-09T13:19:59","slug":"ettevottest","status":"publish","type":"page","link":"https:\/\/penosil.com\/et\/ettevottest\/","title":{"rendered":"Ettev\u00f5ttest"},"content":{"rendered":"\n<div class=\"wp-block-columns has-2-columns is-layout-flex wp-container-core-columns-is-layout-9d6595d7 wp-block-columns-is-layout-flex\">\n<div class=\"wp-block-column is-layout-flow wp-block-column-is-layout-flow\">\n<p>P\u00f5hja-Euroopa kliimas, kus PENOSIL s\u00fcndis, on suurema osa aastast \u00f5hus m\u00e4rgatav jahedus. Siiski ei pidanud selle sageli karmis keskkonnas elavad esimesed asukad k\u00fclma takistuseks, vaid pigem v\u00e4ljakutseks, millega tuli silmitsi seista ja millest r\u00f5\u00f5mu tunda. Tuhandete aastate jooksul arenesid algelised eluasemed &#8211; alates lihtsatest samblaga isoleeritud palkmajadest kuni keerukate ehitisteni,  mis olid alati kavandatud nii, et talvine k\u00fclm ja suvine kuumus j\u00e4\u00e4ksid v\u00e4ljapoole. Seet\u00f5ttu on loomulik, et PENOSIL s\u00fcndis just nendes rasketes tingimustes.<\/p>\n\n\n\n<p><br>T\u00e4nap\u00e4eval on PENOSILi uuenduslikud valemid ja lihtsalt kasutatavad tooted v\u00e4lja t\u00f6\u00f6tatud nii, et need toimiksid efektiivselt igas kliimav\u00f6\u00f6ndis ja kontinendil. Oleme oma valdkonna pioneerid, kes v\u00f5tavad alati vastu keskkonna v\u00e4ljakutsed ja nihutavad piire.<\/p>\n\n\n\n<p><\/p>\n<\/div>\n\n\n\n<div class=\"wp-block-column is-layout-flow wp-block-column-is-layout-flow\">\n<p>Energiat\u00f5husus ja j\u00e4tkusuutlik m\u00f5tlemine on saanud meie elu lahutamatuks osaks. PENOSILi tooted on \u00fcks v\u00e4ike, kuid t\u00f5hus samm \u00fcksikule kasutajale, kuid hiiglaslik energias\u00e4\u00e4stlik h\u00fcpe inimkonnale. Suurtest kommertsprojektidest kodudeni, on meie tooted esmane valik enam kui 40 riigis, kus kvaliteet on oluline ja kus kehtivad ranged ehitusn\u00f5uded.<\/p>\n\n\n\n<p><br>Looduse seadused on aidanud kujundada meid selliseks, nagu oleme t\u00e4na, ning teinud meid kohanemisv\u00f5imeliseks ka tulevikuks, mis alles ees ootab.<\/p>\n<\/div>\n<\/div>\n","protected":false},"excerpt":{"rendered":"P\u00f5hja-Euroopa kliimas, kus PENOSIL s\u00fcndis, on suurema osa aastast \u00f5hus m\u00e4rgatav jahedus. Siiski ei pidanud selle sageli karmis keskkonnas elavad esimesed asukad k\u00fclma takistuseks, vaid pigem v\u00e4ljakutseks, millega tuli silmitsi seista ja millest r\u00f5\u00f5mu tunda. Tuhandete aastate jooksul arenesid algelised eluasemed &#8211; alates lihtsatest samblaga isoleeritud palkmajadest kuni keerukate ehitisteni, mis olid alati kavandatud nii, [&hellip;]","protected":false},"author":1,"featured_media":0,"parent":0,"menu_order":0,"comment_status":"closed","ping_status":"closed","template":"page-templates\/template-aboutus.php","meta":{"_acf_changed":false,"advgb_blocks_editor_width":"","advgb_blocks_columns_visual_guide":"","footnotes":""},"class_list":["post-3027","page","type-page","status-publish","hentry"],"acf":[],"yoast_head":"<!-- This site is optimized with the Yoast SEO plugin v27.2 - https:\/\/yoast.com\/product\/yoast-seo-wordpress\/ -->\n<title>Ettev\u00f5ttest - PENOSIL Eesti<\/title>\n<meta name=\"description\" content=\"PENOSIL on \u00fcks juhtivaid Euroopa kaubam\u00e4rke energias\u00e4\u00e4stlike tihendus- ja liimilahenduste pakkumisel. Loe rohkem!\" \/>\n<meta name=\"robots\" content=\"index, follow, max-snippet:-1, max-image-preview:large, max-video-preview:-1\" \/>\n<link rel=\"canonical\" href=\"https:\/\/penosil.com\/et\/ettevottest\/\" \/>\n<meta property=\"og:locale\" content=\"et_EE\" \/>\n<meta property=\"og:type\" content=\"article\" \/>\n<meta property=\"og:title\" content=\"Ettev\u00f5ttest - PENOSIL Eesti\" \/>\n<meta property=\"og:description\" content=\"PENOSIL on \u00fcks juhtivaid Euroopa kaubam\u00e4rke energias\u00e4\u00e4stlike tihendus- ja liimilahenduste pakkumisel. Loe rohkem!\" \/>\n<meta property=\"og:url\" content=\"https:\/\/penosil.com\/et\/ettevottest\/\" \/>\n<meta property=\"og:site_name\" content=\"Penosil Estonia\" \/>\n<meta property=\"article:modified_time\" content=\"2026-02-09T13:19:59+00:00\" \/>\n<meta name=\"twitter:card\" content=\"summary_large_image\" \/>\n<script type=\"application\/ld+json\" class=\"yoast-schema-graph\">{\"@context\":\"https:\/\/schema.org\",\"@graph\":[{\"@type\":\"WebPage\",\"@id\":\"https:\/\/penosil.com\/et\/ettevottest\/\",\"url\":\"https:\/\/penosil.com\/et\/ettevottest\/\",\"name\":\"Ettev\u00f5ttest - PENOSIL Eesti\",\"isPartOf\":{\"@id\":\"https:\/\/penosil.com\/et\/#website\"},\"datePublished\":\"2019-07-24T13:17:19+00:00\",\"dateModified\":\"2026-02-09T13:19:59+00:00\",\"description\":\"PENOSIL on \u00fcks juhtivaid Euroopa kaubam\u00e4rke energias\u00e4\u00e4stlike tihendus- ja liimilahenduste pakkumisel. Loe rohkem!\",\"breadcrumb\":{\"@id\":\"https:\/\/penosil.com\/et\/ettevottest\/#breadcrumb\"},\"inLanguage\":\"et\",\"potentialAction\":[{\"@type\":\"ReadAction\",\"target\":[\"https:\/\/penosil.com\/et\/ettevottest\/\"]}]},{\"@type\":\"BreadcrumbList\",\"@id\":\"https:\/\/penosil.com\/et\/ettevottest\/#breadcrumb\",\"itemListElement\":[{\"@type\":\"ListItem\",\"position\":1,\"name\":\"Home\",\"item\":\"https:\/\/penosil.com\/et\/\"},{\"@type\":\"ListItem\",\"position\":2,\"name\":\"Ettev\u00f5ttest\"}]},{\"@type\":\"WebSite\",\"@id\":\"https:\/\/penosil.com\/et\/#website\",\"url\":\"https:\/\/penosil.com\/et\/\",\"name\":\"Penosil Estonia\",\"description\":\"\",\"potentialAction\":[{\"@type\":\"SearchAction\",\"target\":{\"@type\":\"EntryPoint\",\"urlTemplate\":\"https:\/\/penosil.com\/et\/?s={search_term_string}\"},\"query-input\":{\"@type\":\"PropertyValueSpecification\",\"valueRequired\":true,\"valueName\":\"search_term_string\"}}],\"inLanguage\":\"et\"}]}<\/script>\n<!-- \/ Yoast SEO plugin. -->","yoast_head_json":{"title":"Ettev\u00f5ttest - PENOSIL Eesti","description":"PENOSIL on \u00fcks juhtivaid Euroopa kaubam\u00e4rke energias\u00e4\u00e4stlike tihendus- ja liimilahenduste pakkumisel. Loe rohkem!","robots":{"index":"index","follow":"follow","max-snippet":"max-snippet:-1","max-image-preview":"max-image-preview:large","max-video-preview":"max-video-preview:-1"},"canonical":"https:\/\/penosil.com\/et\/ettevottest\/","og_locale":"et_EE","og_type":"article","og_title":"Ettev\u00f5ttest - PENOSIL Eesti","og_description":"PENOSIL on \u00fcks juhtivaid Euroopa kaubam\u00e4rke energias\u00e4\u00e4stlike tihendus- ja liimilahenduste pakkumisel. Loe rohkem!","og_url":"https:\/\/penosil.com\/et\/ettevottest\/","og_site_name":"Penosil Estonia","article_modified_time":"2026-02-09T13:19:59+00:00","twitter_card":"summary_large_image","schema":{"@context":"https:\/\/schema.org","@graph":[{"@type":"WebPage","@id":"https:\/\/penosil.com\/et\/ettevottest\/","url":"https:\/\/penosil.com\/et\/ettevottest\/","name":"Ettev\u00f5ttest - PENOSIL Eesti","isPartOf":{"@id":"https:\/\/penosil.com\/et\/#website"},"datePublished":"2019-07-24T13:17:19+00:00","dateModified":"2026-02-09T13:19:59+00:00","description":"PENOSIL on \u00fcks juhtivaid Euroopa kaubam\u00e4rke energias\u00e4\u00e4stlike tihendus- ja liimilahenduste pakkumisel. Loe rohkem!","breadcrumb":{"@id":"https:\/\/penosil.com\/et\/ettevottest\/#breadcrumb"},"inLanguage":"et","potentialAction":[{"@type":"ReadAction","target":["https:\/\/penosil.com\/et\/ettevottest\/"]}]},{"@type":"BreadcrumbList","@id":"https:\/\/penosil.com\/et\/ettevottest\/#breadcrumb","itemListElement":[{"@type":"ListItem","position":1,"name":"Home","item":"https:\/\/penosil.com\/et\/"},{"@type":"ListItem","position":2,"name":"Ettev\u00f5ttest"}]},{"@type":"WebSite","@id":"https:\/\/penosil.com\/et\/#website","url":"https:\/\/penosil.com\/et\/","name":"Penosil Estonia","description":"","potentialAction":[{"@type":"SearchAction","target":{"@type":"EntryPoint","urlTemplate":"https:\/\/penosil.com\/et\/?s={search_term_string}"},"query-input":{"@type":"PropertyValueSpecification","valueRequired":true,"valueName":"search_term_string"}}],"inLanguage":"et"}]}},"coauthors":[],"author_meta":{"author_link":"https:\/\/penosil.com\/et\/author\/reaktiiv-pe\/","display_name":"reaktiiv-pe"},"relative_dates":{"created":"Posted 7 aastat ago","modified":"Updated 2 kuud ago"},"absolute_dates":{"created":"Posted on 24. juuli 2019","modified":"Updated on 9. veebr. 2026"},"absolute_dates_time":{"created":"Posted on 24. juuli 2019 01:17","modified":"Updated on 9. veebr. 2026 03:19"},"featured_img_caption":"","featured_img":false,"series_order":"","_links":{"self":[{"href":"https:\/\/penosil.com\/et\/wp-json\/wp\/v2\/pages\/3027","targetHints":{"allow":["GET"]}}],"collection":[{"href":"https:\/\/penosil.com\/et\/wp-json\/wp\/v2\/pages"}],"about":[{"href":"https:\/\/penosil.com\/et\/wp-json\/wp\/v2\/types\/page"}],"author":[{"embeddable":true,"href":"https:\/\/penosil.com\/et\/wp-json\/wp\/v2\/users\/1"}],"replies":[{"embeddable":true,"href":"https:\/\/penosil.com\/et\/wp-json\/wp\/v2\/comments?post=3027"}],"version-history":[{"count":46,"href":"https:\/\/penosil.com\/et\/wp-json\/wp\/v2\/pages\/3027\/revisions"}],"predecessor-version":[{"id":35915,"href":"https:\/\/penosil.com\/et\/wp-json\/wp\/v2\/pages\/3027\/revisions\/35915"}],"wp:attachment":[{"href":"https:\/\/penosil.com\/et\/wp-json\/wp\/v2\/media?parent=3027"}],"curies":[{"name":"wp","href":"https:\/\/api.w.org\/{rel}","templated":true}]}}