{"id":3104,"date":"2019-10-16T20:16:46","date_gmt":"2019-10-16T20:16:46","guid":{"rendered":"https:\/\/penosil.com\/et\/uudised\/"},"modified":"2021-03-10T09:27:30","modified_gmt":"2021-03-10T09:27:30","slug":"uudised","status":"publish","type":"page","link":"https:\/\/penosil.com\/et\/uudised\/","title":{"rendered":"Uudised"},"content":{"rendered":"\n<p><\/p>\n\n\n\n<p><\/p>\n\n\n\n<p><\/p>\n","protected":false},"excerpt":{"rendered":"","protected":false},"author":1,"featured_media":0,"parent":0,"menu_order":0,"comment_status":"closed","ping_status":"closed","template":"page-templates\/template-news.php","meta":{"_acf_changed":false,"advgb_blocks_editor_width":"","advgb_blocks_columns_visual_guide":"","footnotes":""},"class_list":["post-3104","page","type-page","status-publish","hentry"],"acf":[],"yoast_head":"<!-- This site is optimized with the Yoast SEO plugin v27.2 - https:\/\/yoast.com\/product\/yoast-seo-wordpress\/ -->\n<title>Uudised | PENOSIL Eesti<\/title>\n<meta name=\"description\" content=\"PENOSIL uudiste alt leiate uusimat infot meie toodete, koolituste ja messide kohta, lisaks ka v\u00e4rsked t\u00f6\u00f6stusuudised. Loe rohkem!\" \/>\n<meta name=\"robots\" content=\"index, follow, max-snippet:-1, max-image-preview:large, max-video-preview:-1\" \/>\n<link rel=\"canonical\" href=\"https:\/\/penosil.com\/et\/uudised\/\" \/>\n<meta property=\"og:locale\" content=\"et_EE\" \/>\n<meta property=\"og:type\" content=\"article\" \/>\n<meta property=\"og:title\" content=\"Uudised | PENOSIL Eesti\" \/>\n<meta property=\"og:description\" content=\"PENOSIL uudiste alt leiate uusimat infot meie toodete, koolituste ja messide kohta, lisaks ka v\u00e4rsked t\u00f6\u00f6stusuudised. Loe rohkem!\" \/>\n<meta property=\"og:url\" content=\"https:\/\/penosil.com\/et\/uudised\/\" \/>\n<meta property=\"og:site_name\" content=\"Penosil Estonia\" \/>\n<meta property=\"article:modified_time\" content=\"2021-03-10T09:27:30+00:00\" \/>\n<meta name=\"twitter:card\" content=\"summary_large_image\" \/>\n<script type=\"application\/ld+json\" class=\"yoast-schema-graph\">{\"@context\":\"https:\/\/schema.org\",\"@graph\":[{\"@type\":\"WebPage\",\"@id\":\"https:\/\/penosil.com\/et\/uudised\/\",\"url\":\"https:\/\/penosil.com\/et\/uudised\/\",\"name\":\"Uudised | PENOSIL Eesti\",\"isPartOf\":{\"@id\":\"https:\/\/penosil.com\/et\/#website\"},\"datePublished\":\"2019-10-16T20:16:46+00:00\",\"dateModified\":\"2021-03-10T09:27:30+00:00\",\"description\":\"PENOSIL uudiste alt leiate uusimat infot meie toodete, koolituste ja messide kohta, lisaks ka v\u00e4rsked t\u00f6\u00f6stusuudised. Loe rohkem!\",\"breadcrumb\":{\"@id\":\"https:\/\/penosil.com\/et\/uudised\/#breadcrumb\"},\"inLanguage\":\"et\",\"potentialAction\":[{\"@type\":\"ReadAction\",\"target\":[\"https:\/\/penosil.com\/et\/uudised\/\"]}]},{\"@type\":\"BreadcrumbList\",\"@id\":\"https:\/\/penosil.com\/et\/uudised\/#breadcrumb\",\"itemListElement\":[{\"@type\":\"ListItem\",\"position\":1,\"name\":\"Home\",\"item\":\"https:\/\/penosil.com\/et\/\"},{\"@type\":\"ListItem\",\"position\":2,\"name\":\"Uudised\"}]},{\"@type\":\"WebSite\",\"@id\":\"https:\/\/penosil.com\/et\/#website\",\"url\":\"https:\/\/penosil.com\/et\/\",\"name\":\"Penosil Estonia\",\"description\":\"\",\"potentialAction\":[{\"@type\":\"SearchAction\",\"target\":{\"@type\":\"EntryPoint\",\"urlTemplate\":\"https:\/\/penosil.com\/et\/?s={search_term_string}\"},\"query-input\":{\"@type\":\"PropertyValueSpecification\",\"valueRequired\":true,\"valueName\":\"search_term_string\"}}],\"inLanguage\":\"et\"}]}<\/script>\n<!-- \/ Yoast SEO plugin. -->","yoast_head_json":{"title":"Uudised | PENOSIL Eesti","description":"PENOSIL uudiste alt leiate uusimat infot meie toodete, koolituste ja messide kohta, lisaks ka v\u00e4rsked t\u00f6\u00f6stusuudised. Loe rohkem!","robots":{"index":"index","follow":"follow","max-snippet":"max-snippet:-1","max-image-preview":"max-image-preview:large","max-video-preview":"max-video-preview:-1"},"canonical":"https:\/\/penosil.com\/et\/uudised\/","og_locale":"et_EE","og_type":"article","og_title":"Uudised | PENOSIL Eesti","og_description":"PENOSIL uudiste alt leiate uusimat infot meie toodete, koolituste ja messide kohta, lisaks ka v\u00e4rsked t\u00f6\u00f6stusuudised. Loe rohkem!","og_url":"https:\/\/penosil.com\/et\/uudised\/","og_site_name":"Penosil Estonia","article_modified_time":"2021-03-10T09:27:30+00:00","twitter_card":"summary_large_image","schema":{"@context":"https:\/\/schema.org","@graph":[{"@type":"WebPage","@id":"https:\/\/penosil.com\/et\/uudised\/","url":"https:\/\/penosil.com\/et\/uudised\/","name":"Uudised | PENOSIL Eesti","isPartOf":{"@id":"https:\/\/penosil.com\/et\/#website"},"datePublished":"2019-10-16T20:16:46+00:00","dateModified":"2021-03-10T09:27:30+00:00","description":"PENOSIL uudiste alt leiate uusimat infot meie toodete, koolituste ja messide kohta, lisaks ka v\u00e4rsked t\u00f6\u00f6stusuudised. Loe rohkem!","breadcrumb":{"@id":"https:\/\/penosil.com\/et\/uudised\/#breadcrumb"},"inLanguage":"et","potentialAction":[{"@type":"ReadAction","target":["https:\/\/penosil.com\/et\/uudised\/"]}]},{"@type":"BreadcrumbList","@id":"https:\/\/penosil.com\/et\/uudised\/#breadcrumb","itemListElement":[{"@type":"ListItem","position":1,"name":"Home","item":"https:\/\/penosil.com\/et\/"},{"@type":"ListItem","position":2,"name":"Uudised"}]},{"@type":"WebSite","@id":"https:\/\/penosil.com\/et\/#website","url":"https:\/\/penosil.com\/et\/","name":"Penosil Estonia","description":"","potentialAction":[{"@type":"SearchAction","target":{"@type":"EntryPoint","urlTemplate":"https:\/\/penosil.com\/et\/?s={search_term_string}"},"query-input":{"@type":"PropertyValueSpecification","valueRequired":true,"valueName":"search_term_string"}}],"inLanguage":"et"}]}},"coauthors":[],"author_meta":{"author_link":"https:\/\/penosil.com\/et\/author\/reaktiiv-pe\/","display_name":"reaktiiv-pe"},"relative_dates":{"created":"Posted 7 aastat ago","modified":"Updated 5 aastat ago"},"absolute_dates":{"created":"Posted on 16. okt. 2019","modified":"Updated on 10. m\u00e4rts 2021"},"absolute_dates_time":{"created":"Posted on 16. okt. 2019 08:16","modified":"Updated on 10. m\u00e4rts 2021 09:27"},"featured_img_caption":"","featured_img":false,"series_order":"","_links":{"self":[{"href":"https:\/\/penosil.com\/et\/wp-json\/wp\/v2\/pages\/3104","targetHints":{"allow":["GET"]}}],"collection":[{"href":"https:\/\/penosil.com\/et\/wp-json\/wp\/v2\/pages"}],"about":[{"href":"https:\/\/penosil.com\/et\/wp-json\/wp\/v2\/types\/page"}],"author":[{"embeddable":true,"href":"https:\/\/penosil.com\/et\/wp-json\/wp\/v2\/users\/1"}],"replies":[{"embeddable":true,"href":"https:\/\/penosil.com\/et\/wp-json\/wp\/v2\/comments?post=3104"}],"version-history":[{"count":13,"href":"https:\/\/penosil.com\/et\/wp-json\/wp\/v2\/pages\/3104\/revisions"}],"predecessor-version":[{"id":27754,"href":"https:\/\/penosil.com\/et\/wp-json\/wp\/v2\/pages\/3104\/revisions\/27754"}],"wp:attachment":[{"href":"https:\/\/penosil.com\/et\/wp-json\/wp\/v2\/media?parent=3104"}],"curies":[{"name":"wp","href":"https:\/\/api.w.org\/{rel}","templated":true}]}}