{"id":31255,"date":"2024-05-15T10:57:42","date_gmt":"2024-05-15T08:57:42","guid":{"rendered":"https:\/\/penosil.com\/et\/?page_id=31255"},"modified":"2024-06-04T13:58:46","modified_gmt":"2024-06-04T11:58:46","slug":"nahtamatu-ent-koikjal","status":"publish","type":"page","link":"https:\/\/penosil.com\/et\/jatkusuutlikkus\/nahtamatu-ent-koikjal\/","title":{"rendered":"N\u00e4htamatu, ent k\u00f5ikjal"},"content":{"rendered":"<section class=\"pnsl-thin-banner-block\" style=\"background-color: #007F5F; color: #FFFFFF\" aria-label=\"N\u00e4htamatu, ent k\u00f5ikjal\">\n   <div class=\"container d-flex flex-column flex-lg-row align-items-lg-center justify-content-between\">\n      <div class=\"text-wrap\">\n                     <h1>N\u00e4htamatu, ent k\u00f5ikjal<\/h1>\n         \n                     <p>Meie tooted j\u00e4\u00e4vad p\u00e4rast hoone valmimist sageli n\u00e4htamatuks, ent on <strong>ehitusprotsessi asendamatu osa<\/strong>.<\/p>\n               <\/div>\n\n               <div id=\"lottie-block_16f85cc2bbceebb68bfe650f6238c53e\" class=\"lottie-animation\" data-path=\"https:\/\/penosil.com\/et\/wp-content\/themes\/penosil-store\/assets\/lottie\/invisible.json\" data-speed=\"0.75\" role=\"img\" aria-label=\"Decorative animation\"><\/div>\n         <\/div>\n<\/section>\n\n<section class=\"pnsl-energy-efficiency-block d-flex flex-column\">\n   <div class=\"container\">\n               <div class=\"above-lines-text w100\">\n            <p>Hooned on \u00fched suurimad energiatarbijad. Need moodustavad maailmas rohkem kui <strong>40%<\/strong> energiakulust ja <strong>33%<\/strong> CO<sub>2<\/sub> heitest.<\/p>\n         <\/div>\n      \n               <div class=\"lines-text w100\">\n            <p>Meie tooted <strong>aitavad aktiivselt kliimamuutuste vastu v\u00f5idelda<\/strong>, muutes hooned energiat\u00f5husamaks ning v\u00e4hendades nende CO<sub>2<\/sub> heidet.<\/p>\n         <\/div>\n      \n               <h2> Mida teeme hoonete energiat\u00f5husamaks muutmiseks?<\/h2>\n         <\/div>\n\n         <div class=\"container accordion-container\">\n         <div class=\"accordion\" role=\"region\" aria-label=\"Energy efficiency topics\">\n                                          <div class=\"item\">\n                  <button type=\"button\" \n                     class=\"title-wrap d-flex align-items-center\" \n                     aria-expanded=\"false\"\n                     aria-controls=\"accordion-panel-0\"\n                     id=\"accordion-header-0\">\n                     <div class=\"number d-flex align-items-center justify-content-center\" aria-hidden=\"true\"><span>1<\/span><\/div>\n                     <div class=\"title d-flex align-items-center\">Tagame konstruktsioonide soojusisolatsiooni:<\/div>\n                  <\/button>\n                  <div class=\"content\" \n                     id=\"accordion-panel-0\" \n                     role=\"region\" \n                     aria-labelledby=\"accordion-header-0\"\n                     hidden>\n                     <ul>\n<li class=\"textLayer\">Meie PU-vahud t\u00e4idavad avasid ja pragusid ning tagavad liitekohtade soojapidavuse, aidates seel\u00e4bi \u00e4ra hoida hoonete energiakadusid ja v\u00e4hendades nende CO<sub>2<\/sub> heidet.<\/li>\n<li class=\"textLayer\">Penosili PU-vahud aitavad oma eluts\u00fckli jooksul s\u00e4\u00e4sta <strong>70 korda<\/strong> rohkem energiat, kui kulub nende tootmisprotsessis.<\/li>\n<li class=\"textLayer\"><strong>1 kg PU-vahtu v\u00e4hendab oma eluts\u00fckli jooksul CO<sub>2 <\/sub>heidet 1 000 kg v\u00f5rra<\/strong>. \u00dcks puu imab n\u00e4iteks oma 100-aastase eluaja jooksul umbes 1000 kg CO<sub>2<\/sub>.<\/li>\n<li class=\"textLayer\">PU-vaht on suurep\u00e4rane materjal, kuna see p\u00e4\u00e4seb raskesti juurdep\u00e4\u00e4setavatesse kohtadesse ning on mineraalvillast v\u00e4iksema soojusjuhtivusega.<\/li>\n<li class=\"textLayer\">\u00d5igesti paigaldatud PU-vahul on ka heli isoleeriv toime ning see v\u00e4hendab kondensaadi ja hallituse tekke ohtu.<\/li>\n<\/ul>\n\n                     \n                                       <\/div>\n               <\/div>\n                                          <div class=\"item\">\n                  <button type=\"button\" \n                     class=\"title-wrap d-flex align-items-center\" \n                     aria-expanded=\"false\"\n                     aria-controls=\"accordion-panel-1\"\n                     id=\"accordion-header-1\">\n                     <div class=\"number d-flex align-items-center justify-content-center\" aria-hidden=\"true\"><span>2<\/span><\/div>\n                     <div class=\"title d-flex align-items-center\">Muudame hooned \u00f5hukindlamaks:<\/div>\n                  <\/button>\n                  <div class=\"content\" \n                     id=\"accordion-panel-1\" \n                     role=\"region\" \n                     aria-labelledby=\"accordion-header-1\"\n                     hidden>\n                     <ul>\n<li>Hoone \u00f5hukindlus aitab \u00e4ra hoida \u00f5hulekkeid, niiskusest tingitud probleeme ja kondensaadi teket, suurendab tuleohutust ning minimeerib m\u00fcraprobleeme.<\/li>\n<li>\u00d5hulekked p\u00f5hjustavad k\u00fclmas kliimas umbes <strong>25\u201340%<\/strong> soojakadudest ning soojas kliimas <strong>10\u201315%<\/strong> hoone kuumenemisest.<\/li>\n<li>Ka k\u00f5ige v\u00e4iksemal t\u00e4itmata praol konstruktisoonis v\u00f5ib olla suur m\u00f5ju hoone energiat\u00f5hususele. N\u00e4iteks 1 mm laiune t\u00e4itmata pragu v\u00e4lisseinas v\u00f5ib talvel <strong>seina soojakadu<\/strong> tihendatud liitekohtadega seinaga v\u00f5rreldes <strong>umbes 4,8 korda suurendada<\/strong>.<\/li>\n<li>Hoone \u00f5hukindluse parandamiseks on \u00e4\u00e4rmiselt t\u00e4htis kasutada hermeetikuid, mis t\u00e4idaksid ka k\u00f5ige v\u00e4iksemad praod konstruktsioonis.\n<p><strong>\u00d5hulekked esinevad tavaliselt j\u00e4rgmistes kohtades:<\/strong><\/li>\n<\/ul>\n\n                                             <div class=\"airtightness\" role=\"figure\" aria-label=\"Building airtightness diagram\">\n                           <div class=\"image-wrap\">\n                                                               <img loading=\"lazy\" decoding=\"async\" class=\"d-none d-lg-block\" src=\"https:\/\/penosil.com\/et\/wp-content\/uploads\/sites\/32\/2024\/05\/Group-437.svg\" width=\"255\" height=\"154\" alt=\"\">\n                              \n                                                               <img loading=\"lazy\" decoding=\"async\" class=\"d-lg-none\" src=\"https:\/\/penosil.com\/et\/wp-content\/uploads\/sites\/32\/2024\/05\/Group-437-1.svg\" width=\"317\" height=\"410\" alt=\"\">\n                              \n                              <div class=\"texts-wrap\" role=\"list\" aria-label=\"Heat loss breakdown\">\n                                                                     <p class=\"doors\" role=\"listitem\">Uksed <strong>10%<\/strong><\/p>\n                                 \n                                                                     <p class=\"windows\" role=\"listitem\">Aknad <strong>15%<\/strong><\/p>\n                                 \n                                                                     <p class=\"roof\" role=\"listitem\">Katusekonstruktsioonid <strong>25%<\/strong><\/p>\n                                 \n                                                                     <p class=\"penetration\" role=\"listitem\">L\u00e4biviigud hoone v\u00e4lispiiretes  <strong>15%<\/strong><\/p>\n                                 \n                                                                     <p class=\"building\" role=\"listitem\">Hoone v\u00e4lispiirded  <strong>35%<\/strong><\/p>\n                                                               <\/div>\n                           <\/div>\n\n                        <\/div>\n                     \n                                       <\/div>\n               <\/div>\n                                          <div class=\"item\">\n                  <button type=\"button\" \n                     class=\"title-wrap d-flex align-items-center\" \n                     aria-expanded=\"false\"\n                     aria-controls=\"accordion-panel-2\"\n                     id=\"accordion-header-2\">\n                     <div class=\"number d-flex align-items-center justify-content-center\" aria-hidden=\"true\"><span>3<\/span><\/div>\n                     <div class=\"title d-flex align-items-center\">Minimeerime konstruktsioonide k\u00fclmasillad:<\/div>\n                  <\/button>\n                  <div class=\"content\" \n                     id=\"accordion-panel-2\" \n                     role=\"region\" \n                     aria-labelledby=\"accordion-header-2\"\n                     hidden>\n                     <ul>\n<li>Valesti paigaldatud aknad ja uksed v\u00f5ivad hoones suuri soojakadusid p\u00f5hjustada.<\/li>\n<li>Penosil pakub mitmesuguseid energiat\u00f5husaid <a href=\"https:\/\/penosil.com\/et\/lahendused\/\" target=\"_blank\" rel=\"noopener\">lahendusi akende paigaldamiseks ning fassaadi tihendamiseks<\/a>.<\/li>\n<li>Koos ja \u00f5iges j\u00e4rjekorras kasutamise korral aitavad Penosili <a href=\"https:\/\/penosil.com\/et\/lahenduse-tuubid\/energiatohusad-aknalahendused\/\" target=\"_blank\" rel=\"noopener\">akende energiat\u00f5husa paigaldamise lahenduse<\/a> tooted minimeerida rajatise k\u00fclmasillad ning CO<sub>2<\/sub> heite.<\/li>\n<\/ul>\n\n                     \n                                             <div class=\"text-before-icon\">\n                           <p class=\"open-sus-modal open-thermal-bridges-modal\">Mis on k\u00fclmasillad?<\/p>\n                           <button type=\"button\" \n                              class=\"open-sus-modal open-thermal-bridges-modal\"\n                              aria-label=\"Open thermal bridges information\">\n                              <img loading=\"lazy\" decoding=\"async\" src=\"https:\/\/penosil.com\/et\/wp-content\/themes\/penosil-store\/images\/icons\/sus-info.svg\" width=\"52\" height=\"63\" alt=\"\" aria-hidden=\"true\">\n                           <\/button>\n                        <\/div>\n                                       <\/div>\n               <\/div>\n                     <\/div>\n      <\/div>\n   \n         <div class=\"sustainability-modal thermal-bridges-modal\" role=\"dialog\" aria-modal=\"true\" aria-labelledby=\"modal-title-thermal-bridges-modal\" hidden>\n\t<div class=\"modal_wrapper\">\n\t\t<div class=\"modal_content\">\n\t\t\t<button type=\"button\" class=\"close_modal\" aria-label=\"Close\"><\/button>\n\n\t\t\t<div class=\"content_wrapper\">\n\t\t\t\t<div class=\"modal_main w100 d-flex flex-column flex-lg-row\">\n\t\t\t\t\t<div class=\"text_wrapper\">\n\t\t\t\t\t\t\t\t\t\t\t<h2 id=\"modal-title-thermal-bridges-modal\">Mis on k\u00fclmasillad?<\/h2>\n\t\t\t\t\t\n\t\t\t\t\t\t\t\t\t\t\t<p>K\u00fclmasillad on <strong>hoone struktuuri osad<\/strong>, kus soojusl\u00e4bilaskvus on paikselt <strong>oluliselt suurem<\/strong> kui \u00fclej\u00e4\u00e4nud struktuuris.<\/p>\n<p><strong>K\u00fclmasillad hoones leiduvad j\u00e4rgmistes kohtades<\/strong>:<\/p>\n<ul>\n<li>V\u00e4lisseinte nurgad ja akna-\/ukseraamid<\/li>\n<li>V\u00e4lisseinte ja p\u00f5randa ning seinte ja lae \u00fchenduskohad<\/li>\n<\/ul>\n\t\t\t\t\t\t\t\t\t\t<\/div>\n\n\t\t\t\t\t\t\t\t\t\t<div class=\"image_wrapper\">\n\t\t\t\t\t\t<img loading=\"lazy\" decoding=\"async\" src=\"https:\/\/penosil.com\/et\/wp-content\/uploads\/sites\/32\/2024\/05\/Heat-scanning-in-new-flat-2-scaled-1.jpg\" width=\"2560\" height=\"1918\" alt=\"\">\n\t\t\t\t\t<\/div>\n\t\t\t\t\t\t\t\t\t<\/div>\n\t\t\t<\/div>\n\t\t<\/div>\n\t<\/div>\n<\/div>   <\/section>\n\n<section class=\"pnsl-icon-hovers-block\" aria-label=\"Interactive Icon Navigation\">\n   <div class=\"container\">\n               <h2>Liikuge j\u00e4rgmise j\u00e4tkusuutlikkuse teema juurde<\/h2>\n         <\/div>\n\n         <div class=\"container icons-container\">\n         <ul class=\"icons d-flex align-items-center justify-content-center justify-content-lg-between flex-wrap\" role=\"list\">\n                                          <li class=\"icon\">\n                  <a href=\"https:\/\/penosil.com\/et\/jatkusuutlikkus\/vastupidavus\/\"\n                     class=\"icon-link d-flex align-items-center justify-content-center\"\n                     style=\"--bg-color: #b7e4c7; --text-color: #ffffff\"\n                     >\n                     <span class=\"icon-image\" aria-hidden=\"true\">\n                        <img loading=\"lazy\" decoding=\"async\" src=\"https:\/\/penosil.com\/et\/wp-content\/uploads\/sites\/32\/2024\/05\/Icons.svg\" width=\"68\" height=\"67\" alt=\"\">\n                     <\/span>\n                     <span class=\"icon-label\">Vastupidavus<\/span>\n                  <\/a>\n               <\/li>\n                                          <li class=\"icon\">\n                  <a href=\"https:\/\/penosil.com\/et\/jatkusuutlikkus\/jatkusuutlikud-komponendid\/\"\n                     class=\"icon-link d-flex align-items-center justify-content-center\"\n                     style=\"--bg-color: #52b788; --text-color: #fff\"\n                     >\n                     <span class=\"icon-image\" aria-hidden=\"true\">\n                        <img loading=\"lazy\" decoding=\"async\" src=\"https:\/\/penosil.com\/et\/wp-content\/uploads\/sites\/32\/2024\/05\/Group-409.svg\" width=\"72\" height=\"75\" alt=\"\">\n                     <\/span>\n                     <span class=\"icon-label\">J\u00e4tkusuutlikud komponendid<\/span>\n                  <\/a>\n               <\/li>\n                                          <li class=\"icon\">\n                  <a href=\"https:\/\/penosil.com\/et\/jatkusuutlikkus\/taastuvenergia\/\"\n                     class=\"icon-link d-flex align-items-center justify-content-center\"\n                     style=\"--bg-color: #40916c; --text-color: #fff\"\n                     >\n                     <span class=\"icon-image\" aria-hidden=\"true\">\n                        <img loading=\"lazy\" decoding=\"async\" src=\"https:\/\/penosil.com\/et\/wp-content\/uploads\/sites\/32\/2024\/05\/48x48_Icons.svg\" width=\"76\" height=\"73\" alt=\"\">\n                     <\/span>\n                     <span class=\"icon-label\">Taastuvenergia<\/span>\n                  <\/a>\n               <\/li>\n                                          <li class=\"icon\">\n                  <a href=\"https:\/\/penosil.com\/et\/jatkusuutlikkus\/innovatsioon\/\"\n                     class=\"icon-link d-flex align-items-center justify-content-center\"\n                     style=\"--bg-color: #1b4332; --text-color: #fff\"\n                     >\n                     <span class=\"icon-image\" aria-hidden=\"true\">\n                        <img loading=\"lazy\" decoding=\"async\" src=\"https:\/\/penosil.com\/et\/wp-content\/uploads\/sites\/32\/2024\/05\/Group-410.svg\" width=\"88\" height=\"94\" alt=\"\">\n                     <\/span>\n                     <span class=\"icon-label\">Innovatsioon<\/span>\n                  <\/a>\n               <\/li>\n                                          <li class=\"icon\">\n                  <a href=\"https:\/\/penosil.com\/et\/jatkusuutlikkus\/turvalisem-elukeskkond\/\"\n                     class=\"icon-link d-flex align-items-center justify-content-center\"\n                     style=\"--bg-color: #426a5a; --text-color: #fff\"\n                     >\n                     <span class=\"icon-image\" aria-hidden=\"true\">\n                        <img loading=\"lazy\" decoding=\"async\" src=\"https:\/\/penosil.com\/et\/wp-content\/uploads\/sites\/32\/2024\/05\/Group-416.svg\" width=\"79\" height=\"90\" alt=\"\">\n                     <\/span>\n                     <span class=\"icon-label\">Turvalisem elukeskkond<\/span>\n                  <\/a>\n               <\/li>\n                                          <li class=\"icon\">\n                  <a href=\"https:\/\/penosil.com\/et\/jatkusuutlikkus\/jaatmekaitlus\/\"\n                     class=\"icon-link d-flex align-items-center justify-content-center\"\n                     style=\"--bg-color: #25a18e; --text-color: #fff\"\n                     >\n                     <span class=\"icon-image\" aria-hidden=\"true\">\n                        <img loading=\"lazy\" decoding=\"async\" src=\"https:\/\/penosil.com\/et\/wp-content\/uploads\/sites\/32\/2024\/05\/Group-415.svg\" width=\"82\" height=\"75\" alt=\"\">\n                     <\/span>\n                     <span class=\"icon-label\">J\u00e4\u00e4tmek\u00e4itlus<\/span>\n                  <\/a>\n               <\/li>\n                     <\/ul>\n      <\/div>\n   <\/section>","protected":false},"excerpt":{"rendered":"","protected":false},"author":105,"featured_media":0,"parent":31232,"menu_order":0,"comment_status":"closed","ping_status":"closed","template":"page-templates\/template-no-title.php","meta":{"_acf_changed":false,"advgb_blocks_editor_width":"","advgb_blocks_columns_visual_guide":"","footnotes":""},"class_list":["post-31255","page","type-page","status-publish","hentry"],"acf":[],"yoast_head":"<!-- This site is optimized with the Yoast SEO plugin v27.2 - https:\/\/yoast.com\/product\/yoast-seo-wordpress\/ -->\n<title>N\u00e4htamatu, ent k\u00f5ikjal - Penosil Estonia<\/title>\n<meta name=\"robots\" content=\"index, follow, max-snippet:-1, max-image-preview:large, max-video-preview:-1\" \/>\n<link rel=\"canonical\" href=\"https:\/\/penosil.com\/et\/jatkusuutlikkus\/nahtamatu-ent-koikjal\/\" \/>\n<meta property=\"og:locale\" content=\"et_EE\" \/>\n<meta property=\"og:type\" content=\"article\" \/>\n<meta property=\"og:title\" content=\"N\u00e4htamatu, ent k\u00f5ikjal - Penosil Estonia\" \/>\n<meta property=\"og:url\" content=\"https:\/\/penosil.com\/et\/jatkusuutlikkus\/nahtamatu-ent-koikjal\/\" \/>\n<meta property=\"og:site_name\" content=\"Penosil Estonia\" \/>\n<meta property=\"article:modified_time\" content=\"2024-06-04T11:58:46+00:00\" \/>\n<meta name=\"twitter:card\" content=\"summary_large_image\" \/>\n<script type=\"application\/ld+json\" class=\"yoast-schema-graph\">{\"@context\":\"https:\/\/schema.org\",\"@graph\":[{\"@type\":\"WebPage\",\"@id\":\"https:\/\/penosil.com\/et\/jatkusuutlikkus\/nahtamatu-ent-koikjal\/\",\"url\":\"https:\/\/penosil.com\/et\/jatkusuutlikkus\/nahtamatu-ent-koikjal\/\",\"name\":\"N\u00e4htamatu, ent k\u00f5ikjal - Penosil Estonia\",\"isPartOf\":{\"@id\":\"https:\/\/penosil.com\/et\/#website\"},\"datePublished\":\"2024-05-15T08:57:42+00:00\",\"dateModified\":\"2024-06-04T11:58:46+00:00\",\"breadcrumb\":{\"@id\":\"https:\/\/penosil.com\/et\/jatkusuutlikkus\/nahtamatu-ent-koikjal\/#breadcrumb\"},\"inLanguage\":\"et\",\"potentialAction\":[{\"@type\":\"ReadAction\",\"target\":[\"https:\/\/penosil.com\/et\/jatkusuutlikkus\/nahtamatu-ent-koikjal\/\"]}]},{\"@type\":\"BreadcrumbList\",\"@id\":\"https:\/\/penosil.com\/et\/jatkusuutlikkus\/nahtamatu-ent-koikjal\/#breadcrumb\",\"itemListElement\":[{\"@type\":\"ListItem\",\"position\":1,\"name\":\"Home\",\"item\":\"https:\/\/penosil.com\/et\/\"},{\"@type\":\"ListItem\",\"position\":2,\"name\":\"J\u00e4tkusuutlikkus\",\"item\":\"https:\/\/penosil.com\/et\/jatkusuutlikkus\/\"},{\"@type\":\"ListItem\",\"position\":3,\"name\":\"N\u00e4htamatu, ent k\u00f5ikjal\"}]},{\"@type\":\"WebSite\",\"@id\":\"https:\/\/penosil.com\/et\/#website\",\"url\":\"https:\/\/penosil.com\/et\/\",\"name\":\"Penosil Estonia\",\"description\":\"\",\"potentialAction\":[{\"@type\":\"SearchAction\",\"target\":{\"@type\":\"EntryPoint\",\"urlTemplate\":\"https:\/\/penosil.com\/et\/?s={search_term_string}\"},\"query-input\":{\"@type\":\"PropertyValueSpecification\",\"valueRequired\":true,\"valueName\":\"search_term_string\"}}],\"inLanguage\":\"et\"}]}<\/script>\n<!-- \/ Yoast SEO plugin. -->","yoast_head_json":{"title":"N\u00e4htamatu, ent k\u00f5ikjal - Penosil Estonia","robots":{"index":"index","follow":"follow","max-snippet":"max-snippet:-1","max-image-preview":"max-image-preview:large","max-video-preview":"max-video-preview:-1"},"canonical":"https:\/\/penosil.com\/et\/jatkusuutlikkus\/nahtamatu-ent-koikjal\/","og_locale":"et_EE","og_type":"article","og_title":"N\u00e4htamatu, ent k\u00f5ikjal - Penosil Estonia","og_url":"https:\/\/penosil.com\/et\/jatkusuutlikkus\/nahtamatu-ent-koikjal\/","og_site_name":"Penosil Estonia","article_modified_time":"2024-06-04T11:58:46+00:00","twitter_card":"summary_large_image","schema":{"@context":"https:\/\/schema.org","@graph":[{"@type":"WebPage","@id":"https:\/\/penosil.com\/et\/jatkusuutlikkus\/nahtamatu-ent-koikjal\/","url":"https:\/\/penosil.com\/et\/jatkusuutlikkus\/nahtamatu-ent-koikjal\/","name":"N\u00e4htamatu, ent k\u00f5ikjal - Penosil Estonia","isPartOf":{"@id":"https:\/\/penosil.com\/et\/#website"},"datePublished":"2024-05-15T08:57:42+00:00","dateModified":"2024-06-04T11:58:46+00:00","breadcrumb":{"@id":"https:\/\/penosil.com\/et\/jatkusuutlikkus\/nahtamatu-ent-koikjal\/#breadcrumb"},"inLanguage":"et","potentialAction":[{"@type":"ReadAction","target":["https:\/\/penosil.com\/et\/jatkusuutlikkus\/nahtamatu-ent-koikjal\/"]}]},{"@type":"BreadcrumbList","@id":"https:\/\/penosil.com\/et\/jatkusuutlikkus\/nahtamatu-ent-koikjal\/#breadcrumb","itemListElement":[{"@type":"ListItem","position":1,"name":"Home","item":"https:\/\/penosil.com\/et\/"},{"@type":"ListItem","position":2,"name":"J\u00e4tkusuutlikkus","item":"https:\/\/penosil.com\/et\/jatkusuutlikkus\/"},{"@type":"ListItem","position":3,"name":"N\u00e4htamatu, ent k\u00f5ikjal"}]},{"@type":"WebSite","@id":"https:\/\/penosil.com\/et\/#website","url":"https:\/\/penosil.com\/et\/","name":"Penosil Estonia","description":"","potentialAction":[{"@type":"SearchAction","target":{"@type":"EntryPoint","urlTemplate":"https:\/\/penosil.com\/et\/?s={search_term_string}"},"query-input":{"@type":"PropertyValueSpecification","valueRequired":true,"valueName":"search_term_string"}}],"inLanguage":"et"}]}},"coauthors":[],"author_meta":{"author_link":"https:\/\/penosil.com\/et\/author\/kevinreaktiiv\/","display_name":"kevinreaktiiv"},"relative_dates":{"created":"Posted 2 aastat ago","modified":"Updated 2 aastat ago"},"absolute_dates":{"created":"Posted on 15. mai 2024","modified":"Updated on 4. juuni 2024"},"absolute_dates_time":{"created":"Posted on 15. mai 2024 10:57","modified":"Updated on 4. juuni 2024 01:58"},"featured_img_caption":"","featured_img":false,"series_order":"","_links":{"self":[{"href":"https:\/\/penosil.com\/et\/wp-json\/wp\/v2\/pages\/31255","targetHints":{"allow":["GET"]}}],"collection":[{"href":"https:\/\/penosil.com\/et\/wp-json\/wp\/v2\/pages"}],"about":[{"href":"https:\/\/penosil.com\/et\/wp-json\/wp\/v2\/types\/page"}],"author":[{"embeddable":true,"href":"https:\/\/penosil.com\/et\/wp-json\/wp\/v2\/users\/105"}],"replies":[{"embeddable":true,"href":"https:\/\/penosil.com\/et\/wp-json\/wp\/v2\/comments?post=31255"}],"version-history":[{"count":26,"href":"https:\/\/penosil.com\/et\/wp-json\/wp\/v2\/pages\/31255\/revisions"}],"predecessor-version":[{"id":31549,"href":"https:\/\/penosil.com\/et\/wp-json\/wp\/v2\/pages\/31255\/revisions\/31549"}],"up":[{"embeddable":true,"href":"https:\/\/penosil.com\/et\/wp-json\/wp\/v2\/pages\/31232"}],"wp:attachment":[{"href":"https:\/\/penosil.com\/et\/wp-json\/wp\/v2\/media?parent=31255"}],"curies":[{"name":"wp","href":"https:\/\/api.w.org\/{rel}","templated":true}]}}