{"id":31257,"date":"2024-05-15T10:58:38","date_gmt":"2024-05-15T08:58:38","guid":{"rendered":"https:\/\/penosil.com\/et\/?page_id=31257"},"modified":"2024-06-04T13:58:22","modified_gmt":"2024-06-04T11:58:22","slug":"vastupidavus","status":"publish","type":"page","link":"https:\/\/penosil.com\/et\/jatkusuutlikkus\/vastupidavus\/","title":{"rendered":"Vastupidavus"},"content":{"rendered":"<section class=\"pnsl-thin-banner-block\" style=\"background-color: #b7e4c7; color: #007f5f\" aria-label=\"Vastupidavus\">\n   <div class=\"container d-flex flex-column flex-lg-row align-items-lg-center justify-content-between\">\n      <div class=\"text-wrap\">\n                     <h1>Vastupidavus<\/h1>\n         \n                     <p>Meie toodete <strong>vastupidavus ja kvaliteet<\/strong> on meie t\u00e4htsaimad prioriteedid.<\/p>\n               <\/div>\n\n               <div id=\"lottie-block_17dc66927f1fd2fb47d42b2bdd3e8e24\" class=\"lottie-animation\" data-path=\"https:\/\/penosil.com\/et\/wp-content\/themes\/penosil-store\/assets\/lottie\/durability.json\" data-speed=\"0.75\" role=\"img\" aria-label=\"Decorative animation\"><\/div>\n         <\/div>\n<\/section>\n\n<section class=\"pnsl-durability-block d-flex flex-column\" aria-label=\"Product Durability Information\">\n   <div class=\"container angles-container\">\n      <div class=\"angles d-flex flex-column flex-lg-row align-items-center align-items-lg-stretch\">\n                     <div class=\"red d-flex align-items-center justify-content-center\" role=\"complementary\" aria-label=\"Key Durability Highlight\">\n               <p>Mis teeb <strong>Penosili tooted<\/strong> vastupidavaks?<\/p>\n            <\/div>\n         \n                     <div class=\"gray d-flex align-items-center justify-content-center\" role=\"complementary\" aria-label=\"Durability Details\">\n               <div class=\"gray-text\">\n                  <ul>\n<li>Tegeleme pidevalt <strong>toote kasutusaja<\/strong> ja selle <strong>keskkonnam\u00f5ju<\/strong> vahelise tasakaalu optimeerimisega.<\/li>\n<li>N\u00e4iteks suurema keskkonnam\u00f5juga toode v\u00f5ib olla <strong>pikema kasutusajaga<\/strong> ja seega keskkonnas\u00e4\u00e4stlikum.\n<p>&nbsp;<\/li>\n<\/ul>\n               <\/div>\n            <\/div>\n               <\/div>\n   <\/div>\n\n         <div class=\"container text-container\">\n         <div class=\"regular-text\" role=\"region\" aria-label=\"Additional Durability Information\">\n            <h3><strong><span style=\"color: #e30000;\">PU vahud<\/span><\/strong><\/h3>\n<p>Kui PU-vaht paigaldatakse <strong>\u00f5igesti ja \u00f5igetes tingimustes<\/strong>, tagab see pikkadeks aastateks soojapidavuse.<\/p>\n<p>PU-vahu vastupidavust ohustavad k\u00f5ige rohkem <strong>UV-kiired<\/strong>. PU-vahu kauap\u00fcsivuse tagamiseks <strong>soovitame alati tardunud PU-vahu katta<\/strong> l\u00e4bipaistmatu materjali, n\u00e4iteks v\u00e4rvi, krohvi v\u00f5i muu sarnasega. Katteta j\u00e4tmise korral v\u00f5ivad UV-kiired vahu struktuuri kahjustada, mist\u00f5ttu see kaotab oma isolatsiooniomadused.<\/p>\n<h3><strong><span style=\"color: #e30000;\">Hermeetikud<\/span><\/strong><\/h3>\n<p>Kui PU-vahu struktuuri m\u00f5jutavad UV-kiired, siis hermeetikud on tundlikud <strong>suure niiskusetaseme suhtes<\/strong>. Vaatamata sellele, et meie tootevalikusse kuuluvad ka fungitsiide sisaldavad hermeetikud, v\u00f5ib ka k\u00f5ige hallitusekindlamatel hermeetikutel halvasti ventileeritud kohas aja jooksul hallitus kasvama hakata.<\/p>\n<p><strong>Selleks, et tagada hermeetikuga tihendatud pindade kauap\u00fcsivus<\/strong>, toimige kindlasti j\u00e4rgmiselt:<\/p>\n<ul>\n<li>Valige konkreetse eesm\u00e4rgi t\u00e4itmiseks \u00f5ige hermeetik (hallitusekindel, elastne, v\u00e4rvitav jne)<\/li>\n<li>Pidage hoolikalt kinni hermeetiku kasutusjuhistest<\/li>\n<li>Minimeerige kokkupuudet hermeetikut potentsiaalselt kahjustavate tingimustega, n\u00e4iteks ebapiisava \u00f5hutuse ja pideva suure niiskusetasemega<\/li>\n<\/ul>\n         <\/div>\n      <\/div>\n   \n         <div class=\"container text-container\">\n         <div class=\"text-between-lines\" role=\"region\" aria-label=\"Highlighted Durability Statement\">\n            <p>Korralikult isoleeritud ja tihendatud konstruktsioonide <strong>renoveerimis-, k\u00fctte- ja jahutuskulud<\/strong> on aastaid madalamad.<\/p>\n         <\/div>\n      <\/div>\n   <\/section>\n\n<section class=\"pnsl-icon-hovers-block\" aria-label=\"Interactive Icon Navigation\">\n   <div class=\"container\">\n               <h2>Liikuge j\u00e4rgmise j\u00e4tkusuutlikkuse teema juurde<\/h2>\n         <\/div>\n\n         <div class=\"container icons-container\">\n         <ul class=\"icons d-flex align-items-center justify-content-center justify-content-lg-between flex-wrap\" role=\"list\">\n                                          <li class=\"icon\">\n                  <a href=\"https:\/\/penosil.com\/et\/jatkusuutlikkus\/jatkusuutlikud-komponendid\/\"\n                     class=\"icon-link d-flex align-items-center justify-content-center\"\n                     style=\"--bg-color: #52b788; --text-color: #fff\"\n                     >\n                     <span class=\"icon-image\" aria-hidden=\"true\">\n                        <img loading=\"lazy\" decoding=\"async\" src=\"https:\/\/penosil.com\/et\/wp-content\/uploads\/sites\/32\/2024\/05\/Group-409.svg\" width=\"72\" height=\"75\" alt=\"\">\n                     <\/span>\n                     <span class=\"icon-label\">J\u00e4tkusuutlikud komponendid<\/span>\n                  <\/a>\n               <\/li>\n                                          <li class=\"icon\">\n                  <a href=\"https:\/\/penosil.com\/et\/jatkusuutlikkus\/taastuvenergia\/\"\n                     class=\"icon-link d-flex align-items-center justify-content-center\"\n                     style=\"--bg-color: #40916c; --text-color: #fff\"\n                     >\n                     <span class=\"icon-image\" aria-hidden=\"true\">\n                        <img loading=\"lazy\" decoding=\"async\" src=\"https:\/\/penosil.com\/et\/wp-content\/uploads\/sites\/32\/2024\/05\/48x48_Icons.svg\" width=\"76\" height=\"73\" alt=\"\">\n                     <\/span>\n                     <span class=\"icon-label\">Taastuvenergia<\/span>\n                  <\/a>\n               <\/li>\n                                          <li class=\"icon\">\n                  <a href=\"https:\/\/penosil.com\/et\/jatkusuutlikkus\/innovatsioon\/\"\n                     class=\"icon-link d-flex align-items-center justify-content-center\"\n                     style=\"--bg-color: #1b4332; --text-color: #fff\"\n                     >\n                     <span class=\"icon-image\" aria-hidden=\"true\">\n                        <img loading=\"lazy\" decoding=\"async\" src=\"https:\/\/penosil.com\/et\/wp-content\/uploads\/sites\/32\/2024\/05\/Group-410.svg\" width=\"88\" height=\"94\" alt=\"\">\n                     <\/span>\n                     <span class=\"icon-label\">Innovatsioon<\/span>\n                  <\/a>\n               <\/li>\n                                          <li class=\"icon\">\n                  <a href=\"https:\/\/penosil.com\/et\/jatkusuutlikkus\/turvalisem-elukeskkond\/\"\n                     class=\"icon-link d-flex align-items-center justify-content-center\"\n                     style=\"--bg-color: #426a5a; --text-color: #fff\"\n                     >\n                     <span class=\"icon-image\" aria-hidden=\"true\">\n                        <img loading=\"lazy\" decoding=\"async\" src=\"https:\/\/penosil.com\/et\/wp-content\/uploads\/sites\/32\/2024\/05\/Group-416.svg\" width=\"79\" height=\"90\" alt=\"\">\n                     <\/span>\n                     <span class=\"icon-label\">Turvalisem elukeskkond<\/span>\n                  <\/a>\n               <\/li>\n                                          <li class=\"icon\">\n                  <a href=\"https:\/\/penosil.com\/et\/jatkusuutlikkus\/jaatmekaitlus\/\"\n                     class=\"icon-link d-flex align-items-center justify-content-center\"\n                     style=\"--bg-color: #25a18e; --text-color: #fff\"\n                     >\n                     <span class=\"icon-image\" aria-hidden=\"true\">\n                        <img loading=\"lazy\" decoding=\"async\" src=\"https:\/\/penosil.com\/et\/wp-content\/uploads\/sites\/32\/2024\/05\/Group-415.svg\" width=\"82\" height=\"75\" alt=\"\">\n                     <\/span>\n                     <span class=\"icon-label\">J\u00e4\u00e4tmek\u00e4itlus<\/span>\n                  <\/a>\n               <\/li>\n                                          <li class=\"icon\">\n                  <a href=\"https:\/\/penosil.com\/et\/jatkusuutlikkus\/nahtamatu-ent-koikjal\/\"\n                     class=\"icon-link d-flex align-items-center justify-content-center\"\n                     style=\"--bg-color: #007F5F; --text-color: #fff\"\n                     >\n                     <span class=\"icon-image\" aria-hidden=\"true\">\n                        <img loading=\"lazy\" decoding=\"async\" src=\"https:\/\/penosil.com\/et\/wp-content\/uploads\/sites\/32\/2024\/05\/Group-393.svg\" width=\"87\" height=\"79\" alt=\"\">\n                     <\/span>\n                     <span class=\"icon-label\">N\u00e4htamatu, ent k\u00f5ikjal<\/span>\n                  <\/a>\n               <\/li>\n                     <\/ul>\n      <\/div>\n   <\/section>","protected":false},"excerpt":{"rendered":"","protected":false},"author":105,"featured_media":0,"parent":31232,"menu_order":0,"comment_status":"closed","ping_status":"closed","template":"page-templates\/template-no-title.php","meta":{"_acf_changed":false,"advgb_blocks_editor_width":"","advgb_blocks_columns_visual_guide":"","footnotes":""},"class_list":["post-31257","page","type-page","status-publish","hentry"],"acf":[],"yoast_head":"<!-- This site is optimized with the Yoast SEO plugin v27.4 - https:\/\/yoast.com\/product\/yoast-seo-wordpress\/ -->\n<title>Vastupidavus - Penosil Estonia<\/title>\n<meta name=\"robots\" content=\"index, follow, max-snippet:-1, max-image-preview:large, max-video-preview:-1\" \/>\n<link rel=\"canonical\" href=\"https:\/\/penosil.com\/et\/jatkusuutlikkus\/vastupidavus\/\" \/>\n<meta property=\"og:locale\" content=\"et_EE\" \/>\n<meta property=\"og:type\" content=\"article\" \/>\n<meta property=\"og:title\" content=\"Vastupidavus - Penosil Estonia\" \/>\n<meta property=\"og:url\" content=\"https:\/\/penosil.com\/et\/jatkusuutlikkus\/vastupidavus\/\" \/>\n<meta property=\"og:site_name\" content=\"Penosil Estonia\" \/>\n<meta property=\"article:modified_time\" content=\"2024-06-04T11:58:22+00:00\" \/>\n<meta name=\"twitter:card\" content=\"summary_large_image\" \/>\n<script type=\"application\/ld+json\" class=\"yoast-schema-graph\">{\"@context\":\"https:\\\/\\\/schema.org\",\"@graph\":[{\"@type\":\"WebPage\",\"@id\":\"https:\\\/\\\/penosil.com\\\/et\\\/jatkusuutlikkus\\\/vastupidavus\\\/\",\"url\":\"https:\\\/\\\/penosil.com\\\/et\\\/jatkusuutlikkus\\\/vastupidavus\\\/\",\"name\":\"Vastupidavus - Penosil Estonia\",\"isPartOf\":{\"@id\":\"https:\\\/\\\/penosil.com\\\/et\\\/#website\"},\"datePublished\":\"2024-05-15T08:58:38+00:00\",\"dateModified\":\"2024-06-04T11:58:22+00:00\",\"breadcrumb\":{\"@id\":\"https:\\\/\\\/penosil.com\\\/et\\\/jatkusuutlikkus\\\/vastupidavus\\\/#breadcrumb\"},\"inLanguage\":\"et\",\"potentialAction\":[{\"@type\":\"ReadAction\",\"target\":[\"https:\\\/\\\/penosil.com\\\/et\\\/jatkusuutlikkus\\\/vastupidavus\\\/\"]}]},{\"@type\":\"BreadcrumbList\",\"@id\":\"https:\\\/\\\/penosil.com\\\/et\\\/jatkusuutlikkus\\\/vastupidavus\\\/#breadcrumb\",\"itemListElement\":[{\"@type\":\"ListItem\",\"position\":1,\"name\":\"Home\",\"item\":\"https:\\\/\\\/penosil.com\\\/et\\\/\"},{\"@type\":\"ListItem\",\"position\":2,\"name\":\"J\u00e4tkusuutlikkus\",\"item\":\"https:\\\/\\\/penosil.com\\\/et\\\/jatkusuutlikkus\\\/\"},{\"@type\":\"ListItem\",\"position\":3,\"name\":\"Vastupidavus\"}]},{\"@type\":\"WebSite\",\"@id\":\"https:\\\/\\\/penosil.com\\\/et\\\/#website\",\"url\":\"https:\\\/\\\/penosil.com\\\/et\\\/\",\"name\":\"Penosil Estonia\",\"description\":\"\",\"potentialAction\":[{\"@type\":\"SearchAction\",\"target\":{\"@type\":\"EntryPoint\",\"urlTemplate\":\"https:\\\/\\\/penosil.com\\\/et\\\/?s={search_term_string}\"},\"query-input\":{\"@type\":\"PropertyValueSpecification\",\"valueRequired\":true,\"valueName\":\"search_term_string\"}}],\"inLanguage\":\"et\"}]}<\/script>\n<!-- \/ Yoast SEO plugin. -->","yoast_head_json":{"title":"Vastupidavus - Penosil Estonia","robots":{"index":"index","follow":"follow","max-snippet":"max-snippet:-1","max-image-preview":"max-image-preview:large","max-video-preview":"max-video-preview:-1"},"canonical":"https:\/\/penosil.com\/et\/jatkusuutlikkus\/vastupidavus\/","og_locale":"et_EE","og_type":"article","og_title":"Vastupidavus - Penosil Estonia","og_url":"https:\/\/penosil.com\/et\/jatkusuutlikkus\/vastupidavus\/","og_site_name":"Penosil Estonia","article_modified_time":"2024-06-04T11:58:22+00:00","twitter_card":"summary_large_image","schema":{"@context":"https:\/\/schema.org","@graph":[{"@type":"WebPage","@id":"https:\/\/penosil.com\/et\/jatkusuutlikkus\/vastupidavus\/","url":"https:\/\/penosil.com\/et\/jatkusuutlikkus\/vastupidavus\/","name":"Vastupidavus - Penosil Estonia","isPartOf":{"@id":"https:\/\/penosil.com\/et\/#website"},"datePublished":"2024-05-15T08:58:38+00:00","dateModified":"2024-06-04T11:58:22+00:00","breadcrumb":{"@id":"https:\/\/penosil.com\/et\/jatkusuutlikkus\/vastupidavus\/#breadcrumb"},"inLanguage":"et","potentialAction":[{"@type":"ReadAction","target":["https:\/\/penosil.com\/et\/jatkusuutlikkus\/vastupidavus\/"]}]},{"@type":"BreadcrumbList","@id":"https:\/\/penosil.com\/et\/jatkusuutlikkus\/vastupidavus\/#breadcrumb","itemListElement":[{"@type":"ListItem","position":1,"name":"Home","item":"https:\/\/penosil.com\/et\/"},{"@type":"ListItem","position":2,"name":"J\u00e4tkusuutlikkus","item":"https:\/\/penosil.com\/et\/jatkusuutlikkus\/"},{"@type":"ListItem","position":3,"name":"Vastupidavus"}]},{"@type":"WebSite","@id":"https:\/\/penosil.com\/et\/#website","url":"https:\/\/penosil.com\/et\/","name":"Penosil Estonia","description":"","potentialAction":[{"@type":"SearchAction","target":{"@type":"EntryPoint","urlTemplate":"https:\/\/penosil.com\/et\/?s={search_term_string}"},"query-input":{"@type":"PropertyValueSpecification","valueRequired":true,"valueName":"search_term_string"}}],"inLanguage":"et"}]}},"coauthors":[],"author_meta":{"author_link":"https:\/\/penosil.com\/et\/author\/kevinreaktiiv\/","display_name":"kevinreaktiiv"},"relative_dates":{"created":"Posted 2 aastat ago","modified":"Updated 2 aastat ago"},"absolute_dates":{"created":"Posted on 15. mai 2024","modified":"Updated on 4. juuni 2024"},"absolute_dates_time":{"created":"Posted on 15. mai 2024 10:58","modified":"Updated on 4. juuni 2024 01:58"},"featured_img_caption":"","featured_img":false,"series_order":"","_links":{"self":[{"href":"https:\/\/penosil.com\/et\/wp-json\/wp\/v2\/pages\/31257","targetHints":{"allow":["GET"]}}],"collection":[{"href":"https:\/\/penosil.com\/et\/wp-json\/wp\/v2\/pages"}],"about":[{"href":"https:\/\/penosil.com\/et\/wp-json\/wp\/v2\/types\/page"}],"author":[{"embeddable":true,"href":"https:\/\/penosil.com\/et\/wp-json\/wp\/v2\/users\/105"}],"replies":[{"embeddable":true,"href":"https:\/\/penosil.com\/et\/wp-json\/wp\/v2\/comments?post=31257"}],"version-history":[{"count":20,"href":"https:\/\/penosil.com\/et\/wp-json\/wp\/v2\/pages\/31257\/revisions"}],"predecessor-version":[{"id":31537,"href":"https:\/\/penosil.com\/et\/wp-json\/wp\/v2\/pages\/31257\/revisions\/31537"}],"up":[{"embeddable":true,"href":"https:\/\/penosil.com\/et\/wp-json\/wp\/v2\/pages\/31232"}],"wp:attachment":[{"href":"https:\/\/penosil.com\/et\/wp-json\/wp\/v2\/media?parent=31257"}],"curies":[{"name":"wp","href":"https:\/\/api.w.org\/{rel}","templated":true}]}}