{"id":31264,"date":"2024-05-15T11:00:23","date_gmt":"2024-05-15T09:00:23","guid":{"rendered":"https:\/\/penosil.com\/et\/?page_id=31264"},"modified":"2024-06-04T13:57:12","modified_gmt":"2024-06-04T11:57:12","slug":"taastuvenergia","status":"publish","type":"page","link":"https:\/\/penosil.com\/et\/jatkusuutlikkus\/taastuvenergia\/","title":{"rendered":"Taastuvenergia"},"content":{"rendered":"<section class=\"pnsl-thin-banner-block\" style=\"background-color: #40916c; color: #ffffff\" aria-label=\"Taastuvenergia\">\n   <div class=\"container d-flex flex-column flex-lg-row align-items-lg-center justify-content-between\">\n      <div class=\"text-wrap\">\n                     <h1>Taastuvenergia<\/h1>\n         \n                     <p>Meie eesm\u00e4rk on minna <strong>2030. aastaks t\u00e4ielikult<\/strong> \u00fcle roheenergiale.<\/p>\n               <\/div>\n\n               <div id=\"lottie-block_b05ec21aba0efc5934fb06bf9829812e\" class=\"lottie-animation\" data-path=\"https:\/\/penosil.com\/et\/wp-content\/themes\/penosil-store\/assets\/lottie\/renewable.json\" data-speed=\"0.75\" role=\"img\" aria-label=\"Decorative animation\"><\/div>\n         <\/div>\n<\/section>\n\n<section class=\"pnsl-renewable-energy-block d-flex flex-column\" aria-label=\"Renewable Energy Information\">\n         <div class=\"text-container container\">\n         <div class=\"lines-text d-flex flex-column flex-lg-row align-items-center\" role=\"region\" aria-label=\"Key Energy Message\">\n                           <img loading=\"lazy\" decoding=\"async\" src=\"https:\/\/penosil.com\/et\/wp-content\/uploads\/sites\/32\/2024\/05\/GreenElectricity_green-1.svg\" width=\"80\" height=\"80\" alt=\"\" role=\"img\">\n            \n            <p>T\u00e4na kasutatakse Penosili tootmises <strong>100%<\/strong> taastuvenergiast toodetud elektrit.<\/p>\n         <\/div>\n      <\/div>\n   \n   <div class=\"container angles-container\">\n      <div class=\"angles d-flex flex-column flex-lg-row align-items-center align-items-lg-stretch\">\n         <div class=\"red d-flex align-items-center justify-content-center\" role=\"complementary\" aria-label=\"Wind Energy Animation\">\n            <div id=\"lottie-block_a7c3c84f26181207e4874203cb875c16\"\n               class=\"lottie-animation\"\n               data-path=\"https:\/\/penosil.com\/et\/wp-content\/themes\/penosil-store\/assets\/lottie\/windturbine.json\"\n               data-speed=\"0.75\"\n               role=\"img\"\n               aria-label=\"Animated wind turbine illustration\"><\/div>\n         <\/div>\n\n                     <div class=\"gray d-flex align-items-center justify-content-center\" role=\"complementary\" aria-label=\"Renewable Energy Details\">\n               <div class=\"gray-text\">\n                  <ul>\n<li>Elekter moodustab meie energiakulust <strong>70\u201375%<\/strong>.<\/li>\n<li>Kasutame oma Tallinnas ja Barcelonas asuvates tehastes ning kontorites <strong>100% rohelist elektrit<\/strong>, mis p\u00e4rineb <strong>p\u00e4ikese- ja tuuleenergiast<\/strong>.<\/li>\n<\/ul>\n               <\/div>\n            <\/div>\n               <\/div>\n   <\/div>\n\n         <div class=\"text-container container\">\n         <div class=\"last-text\" role=\"region\" aria-label=\"Additional Energy Information\">\n            <ul>\n<li>Kuna elektrikulu moodustab suurima osa meie energiakulust, asendasime 2018. ja 2019. aastal k\u00f5ik oma valgustid LED-pirnidega, mis v\u00e4hendas meie elektrikulu <strong>18%<\/strong> v\u00f5rra.<\/li>\n<li>Gaasikulu moodustab <strong>25-30%<\/strong> meie energiakulust. Meie eesm\u00e4rk on <strong>minna 2030. aastaks \u00fcle rohelise gaasi kasutamisele<\/strong>.<\/li>\n<li>Astusime energiat\u00f5hususele suure sammu l\u00e4hemale ka umbes viis aastat tagasi, kui moderniseerisime oma Tallinna ruumide k\u00fcttes\u00fcsteemid, mis v\u00e4hendas meie <strong>CO<sub>2<\/sub><\/strong><strong>\u00a0heidet m\u00e4rkimisv\u00e4\u00e4rselt koguni 40% v\u00f5rra.<\/strong><\/li>\n<\/ul>\n         <\/div>\n      <\/div>\n   <\/section>\n\n<section class=\"pnsl-icon-hovers-block\" aria-label=\"Interactive Icon Navigation\">\n   <div class=\"container\">\n               <h2>Liikuge j\u00e4rgmise j\u00e4tkusuutlikkuse teema juurde<\/h2>\n         <\/div>\n\n         <div class=\"container icons-container\">\n         <ul class=\"icons d-flex align-items-center justify-content-center justify-content-lg-between flex-wrap\" role=\"list\">\n                                          <li class=\"icon\">\n                  <a href=\"https:\/\/penosil.com\/et\/jatkusuutlikkus\/vastupidavus\/\"\n                     class=\"icon-link d-flex align-items-center justify-content-center\"\n                     style=\"--bg-color: #b7e4c7; --text-color: #ffffff\"\n                     >\n                     <span class=\"icon-image\" aria-hidden=\"true\">\n                        <img loading=\"lazy\" decoding=\"async\" src=\"https:\/\/penosil.com\/et\/wp-content\/uploads\/sites\/32\/2024\/05\/Icons.svg\" width=\"68\" height=\"67\" alt=\"\">\n                     <\/span>\n                     <span class=\"icon-label\">Vastupidavus<\/span>\n                  <\/a>\n               <\/li>\n                                          <li class=\"icon\">\n                  <a href=\"https:\/\/penosil.com\/et\/jatkusuutlikkus\/jatkusuutlikud-komponendid\/\"\n                     class=\"icon-link d-flex align-items-center justify-content-center\"\n                     style=\"--bg-color: #52b788; --text-color: #fff\"\n                     >\n                     <span class=\"icon-image\" aria-hidden=\"true\">\n                        <img loading=\"lazy\" decoding=\"async\" src=\"https:\/\/penosil.com\/et\/wp-content\/uploads\/sites\/32\/2024\/05\/Group-409.svg\" width=\"72\" height=\"75\" alt=\"\">\n                     <\/span>\n                     <span class=\"icon-label\">J\u00e4tkusuutlikud komponendid<\/span>\n                  <\/a>\n               <\/li>\n                                          <li class=\"icon\">\n                  <a href=\"https:\/\/penosil.com\/et\/jatkusuutlikkus\/innovatsioon\/\"\n                     class=\"icon-link d-flex align-items-center justify-content-center\"\n                     style=\"--bg-color: #1b4332; --text-color: #fff\"\n                     >\n                     <span class=\"icon-image\" aria-hidden=\"true\">\n                        <img loading=\"lazy\" decoding=\"async\" src=\"https:\/\/penosil.com\/et\/wp-content\/uploads\/sites\/32\/2024\/05\/Group-410.svg\" width=\"88\" height=\"94\" alt=\"\">\n                     <\/span>\n                     <span class=\"icon-label\">Innovatsioon<\/span>\n                  <\/a>\n               <\/li>\n                                          <li class=\"icon\">\n                  <a href=\"https:\/\/penosil.com\/et\/jatkusuutlikkus\/turvalisem-elukeskkond\/\"\n                     class=\"icon-link d-flex align-items-center justify-content-center\"\n                     style=\"--bg-color: #426a5a; --text-color: #fff\"\n                     >\n                     <span class=\"icon-image\" aria-hidden=\"true\">\n                        <img loading=\"lazy\" decoding=\"async\" src=\"https:\/\/penosil.com\/et\/wp-content\/uploads\/sites\/32\/2024\/05\/Group-416.svg\" width=\"79\" height=\"90\" alt=\"\">\n                     <\/span>\n                     <span class=\"icon-label\">Turvalisem elukeskkond<\/span>\n                  <\/a>\n               <\/li>\n                                          <li class=\"icon\">\n                  <a href=\"https:\/\/penosil.com\/et\/jatkusuutlikkus\/jaatmekaitlus\/\"\n                     class=\"icon-link d-flex align-items-center justify-content-center\"\n                     style=\"--bg-color: #25a18e; --text-color: #fff\"\n                     >\n                     <span class=\"icon-image\" aria-hidden=\"true\">\n                        <img loading=\"lazy\" decoding=\"async\" src=\"https:\/\/penosil.com\/et\/wp-content\/uploads\/sites\/32\/2024\/05\/Group-415.svg\" width=\"82\" height=\"75\" alt=\"\">\n                     <\/span>\n                     <span class=\"icon-label\">J\u00e4\u00e4tmek\u00e4itlus<\/span>\n                  <\/a>\n               <\/li>\n                                          <li class=\"icon\">\n                  <a href=\"https:\/\/penosil.com\/et\/jatkusuutlikkus\/nahtamatu-ent-koikjal\/\"\n                     class=\"icon-link d-flex align-items-center justify-content-center\"\n                     style=\"--bg-color: #007F5F; --text-color: #fff\"\n                     >\n                     <span class=\"icon-image\" aria-hidden=\"true\">\n                        <img loading=\"lazy\" decoding=\"async\" src=\"https:\/\/penosil.com\/et\/wp-content\/uploads\/sites\/32\/2024\/05\/Group-393.svg\" width=\"87\" height=\"79\" alt=\"\">\n                     <\/span>\n                     <span class=\"icon-label\">N\u00e4htamatu, ent k\u00f5ikjal<\/span>\n                  <\/a>\n               <\/li>\n                     <\/ul>\n      <\/div>\n   <\/section>","protected":false},"excerpt":{"rendered":"","protected":false},"author":105,"featured_media":0,"parent":31232,"menu_order":0,"comment_status":"closed","ping_status":"closed","template":"page-templates\/template-no-title.php","meta":{"_acf_changed":false,"advgb_blocks_editor_width":"","advgb_blocks_columns_visual_guide":"","footnotes":""},"class_list":["post-31264","page","type-page","status-publish","hentry"],"acf":[],"yoast_head":"<!-- This site is optimized with the Yoast SEO plugin v27.4 - https:\/\/yoast.com\/product\/yoast-seo-wordpress\/ -->\n<title>Taastuvenergia - Penosil Estonia<\/title>\n<meta name=\"robots\" content=\"index, follow, max-snippet:-1, max-image-preview:large, max-video-preview:-1\" \/>\n<link rel=\"canonical\" href=\"https:\/\/penosil.com\/et\/jatkusuutlikkus\/taastuvenergia\/\" \/>\n<meta property=\"og:locale\" content=\"et_EE\" \/>\n<meta property=\"og:type\" content=\"article\" \/>\n<meta property=\"og:title\" content=\"Taastuvenergia - Penosil Estonia\" \/>\n<meta property=\"og:url\" content=\"https:\/\/penosil.com\/et\/jatkusuutlikkus\/taastuvenergia\/\" \/>\n<meta property=\"og:site_name\" content=\"Penosil Estonia\" \/>\n<meta property=\"article:modified_time\" content=\"2024-06-04T11:57:12+00:00\" \/>\n<meta name=\"twitter:card\" content=\"summary_large_image\" \/>\n<script type=\"application\/ld+json\" class=\"yoast-schema-graph\">{\"@context\":\"https:\\\/\\\/schema.org\",\"@graph\":[{\"@type\":\"WebPage\",\"@id\":\"https:\\\/\\\/penosil.com\\\/et\\\/jatkusuutlikkus\\\/taastuvenergia\\\/\",\"url\":\"https:\\\/\\\/penosil.com\\\/et\\\/jatkusuutlikkus\\\/taastuvenergia\\\/\",\"name\":\"Taastuvenergia - Penosil Estonia\",\"isPartOf\":{\"@id\":\"https:\\\/\\\/penosil.com\\\/et\\\/#website\"},\"datePublished\":\"2024-05-15T09:00:23+00:00\",\"dateModified\":\"2024-06-04T11:57:12+00:00\",\"breadcrumb\":{\"@id\":\"https:\\\/\\\/penosil.com\\\/et\\\/jatkusuutlikkus\\\/taastuvenergia\\\/#breadcrumb\"},\"inLanguage\":\"et\",\"potentialAction\":[{\"@type\":\"ReadAction\",\"target\":[\"https:\\\/\\\/penosil.com\\\/et\\\/jatkusuutlikkus\\\/taastuvenergia\\\/\"]}]},{\"@type\":\"BreadcrumbList\",\"@id\":\"https:\\\/\\\/penosil.com\\\/et\\\/jatkusuutlikkus\\\/taastuvenergia\\\/#breadcrumb\",\"itemListElement\":[{\"@type\":\"ListItem\",\"position\":1,\"name\":\"Home\",\"item\":\"https:\\\/\\\/penosil.com\\\/et\\\/\"},{\"@type\":\"ListItem\",\"position\":2,\"name\":\"J\u00e4tkusuutlikkus\",\"item\":\"https:\\\/\\\/penosil.com\\\/et\\\/jatkusuutlikkus\\\/\"},{\"@type\":\"ListItem\",\"position\":3,\"name\":\"Taastuvenergia\"}]},{\"@type\":\"WebSite\",\"@id\":\"https:\\\/\\\/penosil.com\\\/et\\\/#website\",\"url\":\"https:\\\/\\\/penosil.com\\\/et\\\/\",\"name\":\"Penosil Estonia\",\"description\":\"\",\"potentialAction\":[{\"@type\":\"SearchAction\",\"target\":{\"@type\":\"EntryPoint\",\"urlTemplate\":\"https:\\\/\\\/penosil.com\\\/et\\\/?s={search_term_string}\"},\"query-input\":{\"@type\":\"PropertyValueSpecification\",\"valueRequired\":true,\"valueName\":\"search_term_string\"}}],\"inLanguage\":\"et\"}]}<\/script>\n<!-- \/ Yoast SEO plugin. -->","yoast_head_json":{"title":"Taastuvenergia - Penosil Estonia","robots":{"index":"index","follow":"follow","max-snippet":"max-snippet:-1","max-image-preview":"max-image-preview:large","max-video-preview":"max-video-preview:-1"},"canonical":"https:\/\/penosil.com\/et\/jatkusuutlikkus\/taastuvenergia\/","og_locale":"et_EE","og_type":"article","og_title":"Taastuvenergia - Penosil Estonia","og_url":"https:\/\/penosil.com\/et\/jatkusuutlikkus\/taastuvenergia\/","og_site_name":"Penosil Estonia","article_modified_time":"2024-06-04T11:57:12+00:00","twitter_card":"summary_large_image","schema":{"@context":"https:\/\/schema.org","@graph":[{"@type":"WebPage","@id":"https:\/\/penosil.com\/et\/jatkusuutlikkus\/taastuvenergia\/","url":"https:\/\/penosil.com\/et\/jatkusuutlikkus\/taastuvenergia\/","name":"Taastuvenergia - Penosil Estonia","isPartOf":{"@id":"https:\/\/penosil.com\/et\/#website"},"datePublished":"2024-05-15T09:00:23+00:00","dateModified":"2024-06-04T11:57:12+00:00","breadcrumb":{"@id":"https:\/\/penosil.com\/et\/jatkusuutlikkus\/taastuvenergia\/#breadcrumb"},"inLanguage":"et","potentialAction":[{"@type":"ReadAction","target":["https:\/\/penosil.com\/et\/jatkusuutlikkus\/taastuvenergia\/"]}]},{"@type":"BreadcrumbList","@id":"https:\/\/penosil.com\/et\/jatkusuutlikkus\/taastuvenergia\/#breadcrumb","itemListElement":[{"@type":"ListItem","position":1,"name":"Home","item":"https:\/\/penosil.com\/et\/"},{"@type":"ListItem","position":2,"name":"J\u00e4tkusuutlikkus","item":"https:\/\/penosil.com\/et\/jatkusuutlikkus\/"},{"@type":"ListItem","position":3,"name":"Taastuvenergia"}]},{"@type":"WebSite","@id":"https:\/\/penosil.com\/et\/#website","url":"https:\/\/penosil.com\/et\/","name":"Penosil Estonia","description":"","potentialAction":[{"@type":"SearchAction","target":{"@type":"EntryPoint","urlTemplate":"https:\/\/penosil.com\/et\/?s={search_term_string}"},"query-input":{"@type":"PropertyValueSpecification","valueRequired":true,"valueName":"search_term_string"}}],"inLanguage":"et"}]}},"coauthors":[],"author_meta":{"author_link":"https:\/\/penosil.com\/et\/author\/kevinreaktiiv\/","display_name":"kevinreaktiiv"},"relative_dates":{"created":"Posted 2 aastat ago","modified":"Updated 2 aastat ago"},"absolute_dates":{"created":"Posted on 15. mai 2024","modified":"Updated on 4. juuni 2024"},"absolute_dates_time":{"created":"Posted on 15. mai 2024 11:00","modified":"Updated on 4. juuni 2024 01:57"},"featured_img_caption":"","featured_img":false,"series_order":"","_links":{"self":[{"href":"https:\/\/penosil.com\/et\/wp-json\/wp\/v2\/pages\/31264","targetHints":{"allow":["GET"]}}],"collection":[{"href":"https:\/\/penosil.com\/et\/wp-json\/wp\/v2\/pages"}],"about":[{"href":"https:\/\/penosil.com\/et\/wp-json\/wp\/v2\/types\/page"}],"author":[{"embeddable":true,"href":"https:\/\/penosil.com\/et\/wp-json\/wp\/v2\/users\/105"}],"replies":[{"embeddable":true,"href":"https:\/\/penosil.com\/et\/wp-json\/wp\/v2\/comments?post=31264"}],"version-history":[{"count":12,"href":"https:\/\/penosil.com\/et\/wp-json\/wp\/v2\/pages\/31264\/revisions"}],"predecessor-version":[{"id":31511,"href":"https:\/\/penosil.com\/et\/wp-json\/wp\/v2\/pages\/31264\/revisions\/31511"}],"up":[{"embeddable":true,"href":"https:\/\/penosil.com\/et\/wp-json\/wp\/v2\/pages\/31232"}],"wp:attachment":[{"href":"https:\/\/penosil.com\/et\/wp-json\/wp\/v2\/media?parent=31264"}],"curies":[{"name":"wp","href":"https:\/\/api.w.org\/{rel}","templated":true}]}}