{"id":31288,"date":"2024-05-15T11:04:22","date_gmt":"2024-05-15T09:04:22","guid":{"rendered":"https:\/\/penosil.com\/et\/?page_id=31288"},"modified":"2025-07-10T12:57:53","modified_gmt":"2025-07-10T10:57:53","slug":"turvalisem-elukeskkond","status":"publish","type":"page","link":"https:\/\/penosil.com\/et\/jatkusuutlikkus\/turvalisem-elukeskkond\/","title":{"rendered":"Turvalisem elukeskkond"},"content":{"rendered":"<section class=\"pnsl-thin-banner-block\" style=\"background-color: #426a5a; color: #ffffff\" aria-label=\"Turvalisem elukeskkond\">\n   <div class=\"container d-flex flex-column flex-lg-row align-items-lg-center justify-content-between\">\n      <div class=\"text-wrap\">\n                     <h1>Turvalisem elukeskkond<\/h1>\n         \n                     <p>Soovime, et saaksite r\u00f5\u00f5mu tunda <strong>paremast<\/strong> ja <strong>turvalisemast elukeskkonnast<\/strong>.<\/p>\n               <\/div>\n\n               <div id=\"lottie-block_046999069e7479e5fa2451a8e699677f\" class=\"lottie-animation\" data-path=\"https:\/\/penosil.com\/et\/wp-content\/themes\/penosil-store\/assets\/lottie\/safer.json\" data-speed=\"0.75\" role=\"img\" aria-label=\"Decorative animation\"><\/div>\n         <\/div>\n<\/section>\n\n<main class=\"pnsl-safer-living-environment-block\" aria-label=\"Safer Living Environment Information\">\n         <section class=\"container text-container d-flex flex-column align-items-start\" aria-labelledby=\"safer-living-intro\">\n         <div class=\"upper-text text-wrap\">\n            <div id=\"safer-living-intro\">\n               <p>Seet\u00f5ttu:<\/p>\n            <\/div>\n\n                           <ul>\n                                                            <li>\n                        <p>Muudame oma toodete koostist pidevalt t\u00f5husamaks.<\/p>\n                     \n                                             <\/li>\n                                                            <li>\n                        <p>T\u00f6\u00f6tame v\u00e4lja uusi tooteid, mis on <strong>v\u00e4ikese LO\u00dc sisaldusega ning valmistatud ohutumatest toormaterjalidest<\/strong>.<\/p>\n                     \n                                                \n                                                         <button type=\"button\" class=\"tooltip sus-tooltip\" data-tooltip-content=\"#tooltip-safer\" aria-expanded=\"false\" aria-describedby=\"tooltip-safer\" aria-label=\"Show more information\">\n                                 <img loading=\"lazy\" decoding=\"async\" src=\"https:\/\/penosil.com\/et\/wp-content\/themes\/penosil-store\/images\/icons\/sus-info.svg\" width=\"52\" height=\"63\" alt=\"\" aria-hidden=\"true\">\n                              <\/button>\n\n                              <div class=\"safer-tooltip-content tooltip-content\" role=\"tooltip\" id=\"tooltip-safer\" aria-hidden=\"true\">\n                                 <h3>Mida t\u00e4hendab madal LO\u00dc kontsentratsioon?<\/h3>\n<ul>\n<li>Lenduvad orgaanilised \u00fchendid (LO\u00dcd) on ehitusmaterjalidest ja m\u00f6\u00f6blist vabanevad <strong>keemilised ained<\/strong>, mis <strong>aurustuvad ja levivad kergesti<\/strong>.<\/li>\n<li>Suur LO\u00dc-\u00fchendite sisaldus m\u00f5jutab siseruumi \u00f5hu kvaliteeti ning v\u00f5ib p\u00f5hjustada \u00e4rritust ja terviseprobleeme.<\/li>\n<\/ul>\n<p><span style=\"font-size: 16px;\"><strong>Otsige toodete etikettidelt j\u00e4rgmisi sertifikaate:<\/strong><\/span><\/p>\n<p><img loading=\"lazy\" decoding=\"async\" class=\"\" src=\"https:\/\/penosil.com\/et\/wp-content\/uploads\/sites\/32\/2025\/07\/EC1_Plus_mark.png\" width=\"75\" height=\"75\" \/>\u00a0 \u00a0 <img loading=\"lazy\" decoding=\"async\" class=\"\" src=\"https:\/\/penosil.com\/et\/wp-content\/uploads\/sites\/32\/2025\/07\/M1-logo_RGB_english_black.png\" width=\"75\" height=\"75\" \/>\u00a0 \u00a0 <img loading=\"lazy\" decoding=\"async\" class=\"\" src=\"https:\/\/penosil.com\/et\/wp-content\/uploads\/sites\/32\/2025\/07\/A-French.png\" width=\"92\" height=\"75\" \/><\/p>\n                              <\/div>\n                                                                        <\/li>\n                                 <\/ul>\n                     <\/div>\n      <\/section>\n   \n   <section class=\"container angles-container\" aria-label=\"Process steps\">\n      <div class=\"angles row flex-column flex-lg-row flex-lg-nowrap\" role=\"list\">\n                                 <div class=\"angle col d-flex align-items-center justify-content-center\" role=\"listitem\" aria-label=\"Step 1\">\n               <div class=\"angle-text\"><p>2020. aastal olid 14% Penosili toodetest sertifikaadiga EC1+.<\/p>\n<\/div>\n            <\/div>\n                                 <div class=\"angle col d-flex align-items-center justify-content-center\" role=\"listitem\" aria-label=\"Step 2\">\n               <div class=\"angle-text\"><p>2023. aastal olid 52% Penosili toodetest sertifikaadiga EC1+.<\/p>\n<\/div>\n            <\/div>\n                                 <div class=\"angle col d-flex align-items-center justify-content-center\" role=\"listitem\" aria-label=\"Step 3\">\n               <div class=\"angle-text\"><p>J\u00e4rgmisel paaril aastal peaks madala LO\u00dc sertifikaadi saama juba enam kui 70% Penosili toodetest.<\/p>\n<\/div>\n            <\/div>\n               <\/div>\n   <\/section>\n\n   <section class=\"container text-container\" aria-label=\"Additional information\">\n               <div class=\"above-lines-text text-wrap\">\n            <p>Viimasel viiel aastal oleme v\u00e4lja t\u00f6\u00f6tanud mitmeid <strong>lahustivabu ja veep\u00f5hiseid<\/strong> liimaineid, hermeetikuid ning t\u00e4iteaineid. Lisaks on paljud meie oksiimsilikoonid <strong>MEKO-vabad<\/strong>.<\/p>\n<p>&nbsp;<\/p>\n         <\/div>\n      \n               <div class=\"lines-text w-100 d-flex flex-column flex-lg-row justify-content-between\" role=\"list\" aria-label=\"Key benefits\">\n                                          <div class=\"item d-flex flex-column flex-md-row align-items-center\" role=\"listitem\">\n                                       <div class=\"item-icon\">\n                        <img loading=\"lazy\" decoding=\"async\" src=\"https:\/\/penosil.com\/et\/wp-content\/uploads\/sites\/32\/2024\/05\/Group-414.svg\" width=\"110\" height=\"106\" alt=\"\">\n                     <\/div>\n                  \n                                       <div class=\"item-text\">\n                        <p>Otsige toote sildilt MEKO<br \/>\nnullsisalduse sertifikaati<\/p>\n                     <\/div>\n                                 <\/div>\n                                          <div class=\"item d-flex flex-column flex-md-row align-items-center\" role=\"listitem\">\n                                       <div class=\"item-icon\">\n                        <img loading=\"lazy\" decoding=\"async\" src=\"https:\/\/penosil.com\/et\/wp-content\/uploads\/sites\/32\/2024\/05\/Layer_1-2.svg\" width=\"108\" height=\"108\" alt=\"\">\n                     <\/div>\n                  \n                                       <div class=\"item-text\">\n                        <p>Otsige meie madala MDI-sisaldusega ja MDI-vabadelt<br \/>\nPU-vahtudelt Safe Choice (turvalise valiku) m\u00e4rgist<\/p>\n                     <\/div>\n                                 <\/div>\n                     <\/div>\n      \n               <div class=\"text-before-icon text-wrap\">\n            <p>PU-vahud on \u00fcha sagedamini v\u00e4ga v\u00e4ikese diisots\u00fcanaadi monomeeri sisaldusega (&lt; 0,1%) v\u00f5i t\u00e4iesti <strong>MDI-vabad<\/strong>.<\/p>\n\n                           <button type=\"button\" class=\"tooltip sus-tooltip\" data-tooltip-content=\"#tooltip-safer-bottom\" aria-expanded=\"false\" aria-describedby=\"tooltip-safer-bottom\" aria-label=\"Show more information\">\n                  <img loading=\"lazy\" decoding=\"async\" src=\"https:\/\/penosil.com\/et\/wp-content\/themes\/penosil-store\/images\/icons\/sus-info.svg\" width=\"52\" height=\"63\" alt=\"\" aria-hidden=\"true\">\n               <\/button>\n\n               <div class=\"safer-tooltip-content tooltip-content\" role=\"tooltip\" id=\"tooltip-safer-bottom\" aria-hidden=\"true\">\n                  <h4><strong>Mis on MDI?<\/strong><\/h4>\n<p>Met\u00fcleendifen\u00fc\u00fcldiisots\u00fcanaat (MDI) on PU-materjalide valmistamisel kasutatav <strong>kemikaal<\/strong>.<\/p>\n<p>Vahu MDI-sisaldus v\u00f5ib selle <strong>paigaldamise k\u00e4igus<\/strong> p\u00f5hjustada naha- ja kurgu\u00e4rritust.<\/p>\n               <\/div>\n                     <\/div>\n      \n               <div class=\"under-lines-text text-wrap\">\n            <p>Madala MDI-sisaldusega ja MDI-vabad PU-vahud on tavaliste PU-vahtude <strong>turvalisem alternatiiv<\/strong>, kuna need minimeerivad kahjulike kemikaalidega kokkupuute ohu, suurendades t\u00f6\u00f6ohutust, tagades v\u00e4iksema keskkonnam\u00f5ju ning n\u00f5uetele vastavuse.<\/p>\n<p>Meie <strong>uus PU-vahu tehas Hispaanias<\/strong> on Euroopa juhtiv madala MDI-sisaldusega ja MDI-vabade PU-vahtude tehas. Oleme esimene tootja Euroopas, kes pakub oma klientidele t\u00e4ielikku madala MDI-sisaldusega ja MDI-vabade PU-vahtude valikut.<\/p>\n<p>Penosili portfelli kuuluvad praegu j\u00e4rgmised <strong>madala MDI-sisaldusega ja MDI-vabad<\/strong> vahud:<\/p>\n<ul>\n<li>Pihustatavad vahud<\/li>\n<li>P\u00fcstolivahud<\/li>\n<li>K\u00f5rrevahud<\/li>\n<\/ul>\n<p>Peagi lisanduvad meie valikusse madala MDI-sisaldusega B2 p\u00fcstolivaht, B2 pihustatav vaht ning liimvaht.<\/p>\n         <\/div>\n         <\/section>\n<\/main>\n\n<section class=\"pnsl-icon-hovers-block\" aria-label=\"Interactive Icon Navigation\">\n   <div class=\"container\">\n               <h2>Liigu j\u00e4rgmise j\u00e4tkusuutlikkuse teema juurde<\/h2>\n         <\/div>\n\n         <div class=\"container icons-container\">\n         <ul class=\"icons d-flex align-items-center justify-content-center justify-content-lg-between flex-wrap\" role=\"list\">\n                                          <li class=\"icon\">\n                  <a href=\"https:\/\/penosil.com\/et\/jatkusuutlikkus\/vastupidavus\/\"\n                     class=\"icon-link d-flex align-items-center justify-content-center\"\n                     style=\"--bg-color: #b7e4c7; --text-color: #ffffff\"\n                     >\n                     <span class=\"icon-image\" aria-hidden=\"true\">\n                        <img loading=\"lazy\" decoding=\"async\" src=\"https:\/\/penosil.com\/et\/wp-content\/uploads\/sites\/32\/2024\/05\/Icons.svg\" width=\"68\" height=\"67\" alt=\"\">\n                     <\/span>\n                     <span class=\"icon-label\">Vastupidavus<\/span>\n                  <\/a>\n               <\/li>\n                                          <li class=\"icon\">\n                  <a href=\"https:\/\/penosil.com\/et\/jatkusuutlikkus\/jatkusuutlikud-komponendid\/\"\n                     class=\"icon-link d-flex align-items-center justify-content-center\"\n                     style=\"--bg-color: #52b788; --text-color: #fff\"\n                     >\n                     <span class=\"icon-image\" aria-hidden=\"true\">\n                        <img loading=\"lazy\" decoding=\"async\" src=\"https:\/\/penosil.com\/et\/wp-content\/uploads\/sites\/32\/2024\/05\/Group-409.svg\" width=\"72\" height=\"75\" alt=\"\">\n                     <\/span>\n                     <span class=\"icon-label\">J\u00e4tkusuutlikud komponendid<\/span>\n                  <\/a>\n               <\/li>\n                                          <li class=\"icon\">\n                  <a href=\"https:\/\/penosil.com\/et\/jatkusuutlikkus\/taastuvenergia\/\"\n                     class=\"icon-link d-flex align-items-center justify-content-center\"\n                     style=\"--bg-color: #40916c; --text-color: #fff\"\n                     >\n                     <span class=\"icon-image\" aria-hidden=\"true\">\n                        <img loading=\"lazy\" decoding=\"async\" src=\"https:\/\/penosil.com\/et\/wp-content\/uploads\/sites\/32\/2024\/05\/48x48_Icons.svg\" width=\"76\" height=\"73\" alt=\"\">\n                     <\/span>\n                     <span class=\"icon-label\">Taastuvenergia<\/span>\n                  <\/a>\n               <\/li>\n                                          <li class=\"icon\">\n                  <a href=\"https:\/\/penosil.com\/et\/jatkusuutlikkus\/innovatsioon\/\"\n                     class=\"icon-link d-flex align-items-center justify-content-center\"\n                     style=\"--bg-color: #1b4332; --text-color: #fff\"\n                     >\n                     <span class=\"icon-image\" aria-hidden=\"true\">\n                        <img loading=\"lazy\" decoding=\"async\" src=\"https:\/\/penosil.com\/et\/wp-content\/uploads\/sites\/32\/2024\/05\/Group-410.svg\" width=\"88\" height=\"94\" alt=\"\">\n                     <\/span>\n                     <span class=\"icon-label\">Innovatsioon<\/span>\n                  <\/a>\n               <\/li>\n                                          <li class=\"icon\">\n                  <a href=\"https:\/\/penosil.com\/et\/jatkusuutlikkus\/jaatmekaitlus\/\"\n                     class=\"icon-link d-flex align-items-center justify-content-center\"\n                     style=\"--bg-color: #25a18e; --text-color: #fff\"\n                     >\n                     <span class=\"icon-image\" aria-hidden=\"true\">\n                        <img loading=\"lazy\" decoding=\"async\" src=\"https:\/\/penosil.com\/et\/wp-content\/uploads\/sites\/32\/2024\/05\/Group-415.svg\" width=\"82\" height=\"75\" alt=\"\">\n                     <\/span>\n                     <span class=\"icon-label\">J\u00e4\u00e4tmek\u00e4itlus<\/span>\n                  <\/a>\n               <\/li>\n                                          <li class=\"icon\">\n                  <a href=\"https:\/\/penosil.com\/et\/jatkusuutlikkus\/nahtamatu-ent-koikjal\/\"\n                     class=\"icon-link d-flex align-items-center justify-content-center\"\n                     style=\"--bg-color: #007F5F; --text-color: #fff\"\n                     >\n                     <span class=\"icon-image\" aria-hidden=\"true\">\n                        <img loading=\"lazy\" decoding=\"async\" src=\"https:\/\/penosil.com\/et\/wp-content\/uploads\/sites\/32\/2024\/05\/Group-393.svg\" width=\"87\" height=\"79\" alt=\"\">\n                     <\/span>\n                     <span class=\"icon-label\">N\u00e4htamatu, ent k\u00f5ikjal<\/span>\n                  <\/a>\n               <\/li>\n                     <\/ul>\n      <\/div>\n   <\/section>","protected":false},"excerpt":{"rendered":"","protected":false},"author":105,"featured_media":0,"parent":31232,"menu_order":0,"comment_status":"closed","ping_status":"closed","template":"page-templates\/template-no-title.php","meta":{"_acf_changed":false,"advgb_blocks_editor_width":"","advgb_blocks_columns_visual_guide":"","footnotes":""},"class_list":["post-31288","page","type-page","status-publish","hentry"],"acf":[],"yoast_head":"<!-- This site is optimized with the Yoast SEO plugin v27.2 - https:\/\/yoast.com\/product\/yoast-seo-wordpress\/ -->\n<title>Turvalisem elukeskkond - Penosil Estonia<\/title>\n<meta name=\"robots\" content=\"index, follow, max-snippet:-1, max-image-preview:large, max-video-preview:-1\" \/>\n<link rel=\"canonical\" href=\"https:\/\/penosil.com\/et\/jatkusuutlikkus\/turvalisem-elukeskkond\/\" \/>\n<meta property=\"og:locale\" content=\"et_EE\" \/>\n<meta property=\"og:type\" content=\"article\" \/>\n<meta property=\"og:title\" content=\"Turvalisem elukeskkond - Penosil Estonia\" \/>\n<meta property=\"og:url\" content=\"https:\/\/penosil.com\/et\/jatkusuutlikkus\/turvalisem-elukeskkond\/\" \/>\n<meta property=\"og:site_name\" content=\"Penosil Estonia\" \/>\n<meta property=\"article:modified_time\" content=\"2025-07-10T10:57:53+00:00\" \/>\n<meta name=\"twitter:card\" content=\"summary_large_image\" \/>\n<script type=\"application\/ld+json\" class=\"yoast-schema-graph\">{\"@context\":\"https:\/\/schema.org\",\"@graph\":[{\"@type\":\"WebPage\",\"@id\":\"https:\/\/penosil.com\/et\/jatkusuutlikkus\/turvalisem-elukeskkond\/\",\"url\":\"https:\/\/penosil.com\/et\/jatkusuutlikkus\/turvalisem-elukeskkond\/\",\"name\":\"Turvalisem elukeskkond - Penosil Estonia\",\"isPartOf\":{\"@id\":\"https:\/\/penosil.com\/et\/#website\"},\"datePublished\":\"2024-05-15T09:04:22+00:00\",\"dateModified\":\"2025-07-10T10:57:53+00:00\",\"breadcrumb\":{\"@id\":\"https:\/\/penosil.com\/et\/jatkusuutlikkus\/turvalisem-elukeskkond\/#breadcrumb\"},\"inLanguage\":\"et\",\"potentialAction\":[{\"@type\":\"ReadAction\",\"target\":[\"https:\/\/penosil.com\/et\/jatkusuutlikkus\/turvalisem-elukeskkond\/\"]}]},{\"@type\":\"BreadcrumbList\",\"@id\":\"https:\/\/penosil.com\/et\/jatkusuutlikkus\/turvalisem-elukeskkond\/#breadcrumb\",\"itemListElement\":[{\"@type\":\"ListItem\",\"position\":1,\"name\":\"Home\",\"item\":\"https:\/\/penosil.com\/et\/\"},{\"@type\":\"ListItem\",\"position\":2,\"name\":\"J\u00e4tkusuutlikkus\",\"item\":\"https:\/\/penosil.com\/et\/jatkusuutlikkus\/\"},{\"@type\":\"ListItem\",\"position\":3,\"name\":\"Turvalisem elukeskkond\"}]},{\"@type\":\"WebSite\",\"@id\":\"https:\/\/penosil.com\/et\/#website\",\"url\":\"https:\/\/penosil.com\/et\/\",\"name\":\"Penosil Estonia\",\"description\":\"\",\"potentialAction\":[{\"@type\":\"SearchAction\",\"target\":{\"@type\":\"EntryPoint\",\"urlTemplate\":\"https:\/\/penosil.com\/et\/?s={search_term_string}\"},\"query-input\":{\"@type\":\"PropertyValueSpecification\",\"valueRequired\":true,\"valueName\":\"search_term_string\"}}],\"inLanguage\":\"et\"}]}<\/script>\n<!-- \/ Yoast SEO plugin. -->","yoast_head_json":{"title":"Turvalisem elukeskkond - Penosil Estonia","robots":{"index":"index","follow":"follow","max-snippet":"max-snippet:-1","max-image-preview":"max-image-preview:large","max-video-preview":"max-video-preview:-1"},"canonical":"https:\/\/penosil.com\/et\/jatkusuutlikkus\/turvalisem-elukeskkond\/","og_locale":"et_EE","og_type":"article","og_title":"Turvalisem elukeskkond - Penosil Estonia","og_url":"https:\/\/penosil.com\/et\/jatkusuutlikkus\/turvalisem-elukeskkond\/","og_site_name":"Penosil Estonia","article_modified_time":"2025-07-10T10:57:53+00:00","twitter_card":"summary_large_image","schema":{"@context":"https:\/\/schema.org","@graph":[{"@type":"WebPage","@id":"https:\/\/penosil.com\/et\/jatkusuutlikkus\/turvalisem-elukeskkond\/","url":"https:\/\/penosil.com\/et\/jatkusuutlikkus\/turvalisem-elukeskkond\/","name":"Turvalisem elukeskkond - Penosil Estonia","isPartOf":{"@id":"https:\/\/penosil.com\/et\/#website"},"datePublished":"2024-05-15T09:04:22+00:00","dateModified":"2025-07-10T10:57:53+00:00","breadcrumb":{"@id":"https:\/\/penosil.com\/et\/jatkusuutlikkus\/turvalisem-elukeskkond\/#breadcrumb"},"inLanguage":"et","potentialAction":[{"@type":"ReadAction","target":["https:\/\/penosil.com\/et\/jatkusuutlikkus\/turvalisem-elukeskkond\/"]}]},{"@type":"BreadcrumbList","@id":"https:\/\/penosil.com\/et\/jatkusuutlikkus\/turvalisem-elukeskkond\/#breadcrumb","itemListElement":[{"@type":"ListItem","position":1,"name":"Home","item":"https:\/\/penosil.com\/et\/"},{"@type":"ListItem","position":2,"name":"J\u00e4tkusuutlikkus","item":"https:\/\/penosil.com\/et\/jatkusuutlikkus\/"},{"@type":"ListItem","position":3,"name":"Turvalisem elukeskkond"}]},{"@type":"WebSite","@id":"https:\/\/penosil.com\/et\/#website","url":"https:\/\/penosil.com\/et\/","name":"Penosil Estonia","description":"","potentialAction":[{"@type":"SearchAction","target":{"@type":"EntryPoint","urlTemplate":"https:\/\/penosil.com\/et\/?s={search_term_string}"},"query-input":{"@type":"PropertyValueSpecification","valueRequired":true,"valueName":"search_term_string"}}],"inLanguage":"et"}]}},"coauthors":[],"author_meta":{"author_link":"https:\/\/penosil.com\/et\/author\/kevinreaktiiv\/","display_name":"kevinreaktiiv"},"relative_dates":{"created":"Posted 2 aastat ago","modified":"Updated 9 kuud ago"},"absolute_dates":{"created":"Posted on 15. mai 2024","modified":"Updated on 10. juuli 2025"},"absolute_dates_time":{"created":"Posted on 15. mai 2024 11:04","modified":"Updated on 10. juuli 2025 12:57"},"featured_img_caption":"","featured_img":false,"series_order":"","_links":{"self":[{"href":"https:\/\/penosil.com\/et\/wp-json\/wp\/v2\/pages\/31288","targetHints":{"allow":["GET"]}}],"collection":[{"href":"https:\/\/penosil.com\/et\/wp-json\/wp\/v2\/pages"}],"about":[{"href":"https:\/\/penosil.com\/et\/wp-json\/wp\/v2\/types\/page"}],"author":[{"embeddable":true,"href":"https:\/\/penosil.com\/et\/wp-json\/wp\/v2\/users\/105"}],"replies":[{"embeddable":true,"href":"https:\/\/penosil.com\/et\/wp-json\/wp\/v2\/comments?post=31288"}],"version-history":[{"count":22,"href":"https:\/\/penosil.com\/et\/wp-json\/wp\/v2\/pages\/31288\/revisions"}],"predecessor-version":[{"id":34486,"href":"https:\/\/penosil.com\/et\/wp-json\/wp\/v2\/pages\/31288\/revisions\/34486"}],"up":[{"embeddable":true,"href":"https:\/\/penosil.com\/et\/wp-json\/wp\/v2\/pages\/31232"}],"wp:attachment":[{"href":"https:\/\/penosil.com\/et\/wp-json\/wp\/v2\/media?parent=31288"}],"curies":[{"name":"wp","href":"https:\/\/api.w.org\/{rel}","templated":true}]}}