{"id":31297,"date":"2024-05-15T11:06:30","date_gmt":"2024-05-15T09:06:30","guid":{"rendered":"https:\/\/penosil.com\/et\/?page_id=31297"},"modified":"2025-07-10T12:41:00","modified_gmt":"2025-07-10T10:41:00","slug":"jaatmekaitlus","status":"publish","type":"page","link":"https:\/\/penosil.com\/et\/jatkusuutlikkus\/jaatmekaitlus\/","title":{"rendered":"J\u00e4\u00e4tmek\u00e4itlus"},"content":{"rendered":"<section class=\"pnsl-thin-banner-block\" style=\"background-color: #25a18e; color: #ffffff\" aria-label=\"J\u00e4\u00e4tmek\u00e4itlus\">\n   <div class=\"container d-flex flex-column flex-lg-row align-items-lg-center justify-content-between\">\n      <div class=\"text-wrap\">\n                     <h1>J\u00e4\u00e4tmek\u00e4itlus<\/h1>\n         \n                     <p>Meie eesm\u00e4rk on meie tootmises tekkivaid j\u00e4\u00e4tmeid <strong>2030. aastaks 50% ulatuses<\/strong> v\u00e4hendada, taaskasutusse v\u00f5tta v\u00f5i \u00fcmber t\u00f6\u00f6delda.<\/p>\n               <\/div>\n\n               <div id=\"lottie-block_83461ba8ee254d5fca779c3ee46608b0\" class=\"lottie-animation\" data-path=\"https:\/\/penosil.com\/et\/wp-content\/themes\/penosil-store\/assets\/lottie\/waste.json\" data-speed=\"0.75\" role=\"img\" aria-label=\"Decorative animation\"><\/div>\n         <\/div>\n<\/section>\n\n<section class=\"pnsl-waste-management-block d-flex flex-column\" aria-label=\"Waste Management Information\">\n         <div class=\"container accordion-container\">\n         <div class=\"accordion\" role=\"region\" aria-label=\"Waste management topics\">\n                                          <div class=\"item active\">\n                  <button type=\"button\" \n                     class=\"title-wrap d-flex align-items-center\" \n                     aria-expanded=\"true\"\n                     aria-controls=\"waste-panel-0\"\n                     id=\"waste-header-0\">\n                     <span class=\"number d-flex align-items-center justify-content-center\" aria-hidden=\"true\"><span>1<\/span><\/span>\n                     <span class=\"title d-flex align-items-center\">V\u00e4hendamine:<\/span>\n                  <\/button>\n                  <div class=\"content\" \n                     id=\"waste-panel-0\" \n                     role=\"region\" \n                     aria-labelledby=\"waste-header-0\"\n                     >\n                     <ul>\n<li>V\u00e4hendame pidevalt oma toodete keskkonnam\u00f5ju, asendades nendes sisalduvad ohtlikud kemikaalid ohututega. Seel\u00e4bi <strong>v\u00e4hendame ka tekkivate ohtlike j\u00e4\u00e4tmete hulka<\/strong>.<\/li>\n<li>\u00dcks v\u00f5imalus pakendij\u00e4\u00e4tmete hulga v\u00e4hendamiseks on <strong>pakendeid suurendada<\/strong>. Paljude Penosili toodete ostmisel saab valida erinevate pakendite vahel.<\/li>\n<\/ul>\n\n                                             <div class=\"animation-wrap d-flex flex-column flex-lg-row align-items-center\" role=\"figure\" aria-label=\"Waste management process diagram\">\n                           <div class=\"image\">\n                              <img loading=\"lazy\" decoding=\"async\" src=\"https:\/\/penosil.com\/et\/wp-content\/uploads\/sites\/32\/2024\/05\/Padrun_Foolium_video-1.png\" width=\"110\" height=\"165\" alt=\"\">\n                           <\/div>\n\n                           <div class=\"gray-arrow d-flex align-items-center\" aria-hidden=\"true\">\n                              <div class=\"text\">\n                                 <ul>\n<li>Paljud meie hermeetikud on 300 ml padrunite k\u00f5rval m\u00fc\u00fcgil ka <strong>600 ml fooliumpakendites<\/strong>.<\/li>\n<li>600 ml fooliumpakendi kasutamisel tekib kassettide kasutamisega v\u00f5rreldes<strong> 75%<\/strong> v\u00e4hem pakendij\u00e4\u00e4tmeid.<\/li>\n<\/ul>\n                              <\/div>\n                           <\/div>\n                        <\/div>\n                        \n                                                   <div class=\"visually-hidden\">\n                              <ul>\n<li>Paljud meie hermeetikud on 300 ml padrunite k\u00f5rval m\u00fc\u00fcgil ka <strong>600 ml fooliumpakendites<\/strong>.<\/li>\n<li>600 ml fooliumpakendi kasutamisel tekib kassettide kasutamisega v\u00f5rreldes<strong> 75%<\/strong> v\u00e4hem pakendij\u00e4\u00e4tmeid.<\/li>\n<\/ul>\n                           <\/div>\n                                             \n                                             <ul>\n<li>Tsemendip\u00f5hised tooted on oluline CO<sub>2<\/sub> allikas. Penosil on v\u00e4ljat\u00f6\u00f6tanud mitu<strong> liimvahtu, mida saab kasutada tsemendip\u00f5histe toodete asemel<\/strong>.<\/li>\n<\/ul>\n                     \n                                             <div class=\"border-red\" role=\"complementary\" aria-label=\"Important information\">\n                           <p><strong>Penosili liimvahu 1 L purk<\/strong> on v\u00f5rdne <strong>25 kg tsemendiga<\/strong>, mis v\u00e4hendab toote transpordiga seotud s\u00fcsinikujalaj\u00e4lge.<\/p>\n                        <\/div>\n                                       <\/div>\n               <\/div>\n                                          <div class=\"item\">\n                  <button type=\"button\" \n                     class=\"title-wrap d-flex align-items-center\" \n                     aria-expanded=\"false\"\n                     aria-controls=\"waste-panel-1\"\n                     id=\"waste-header-1\">\n                     <span class=\"number d-flex align-items-center justify-content-center\" aria-hidden=\"true\"><span>2<\/span><\/span>\n                     <span class=\"title d-flex align-items-center\">Ringlussev\u00f5tt:<\/span>\n                  <\/button>\n                  <div class=\"content\" \n                     id=\"waste-panel-1\" \n                     role=\"region\" \n                     aria-labelledby=\"waste-header-1\"\n                     hidden>\n                     <p>K\u00f5ik meie tehaste tootmisj\u00e4\u00e4gid v\u00f5etakse ringlusse. Meie ettev\u00f5ttev\u00e4lised partnerid t\u00f6\u00f6tlevad suurema osa meie j\u00e4\u00e4tmetest oma tehastes \u00fcmber. T\u00f6\u00f6tame siiski pidevalt v\u00e4lja ka uusi meetodeid, et saaksime rohkem j\u00e4\u00e4tmeid ettev\u00f5ttesiseselt \u00fcmber t\u00f6\u00f6delda.<\/p>\n<ul>\n<li>Optimeerime j\u00e4rjekindlalt oma hermeetikute tootmisprotsesse. <strong>V\u00e4hendasime n\u00e4iteks toormaterjalide j\u00e4\u00e4ke<\/strong>, v\u00f5ttes need kasutusele teiste toodete koostises.<\/li>\n<li>Otsime ka aktiivselt uusi v\u00f5imalusi oma tardunud silikooni ja h\u00fcbriidj\u00e4\u00e4tmete taaskasutamiseks. Uurime n\u00e4iteks koost\u00f6\u00f6s \u00fclikoolidega<strong> tardunud silikooni ja h\u00fcbriidj\u00e4\u00e4tmete<\/strong> teistes rakendustes, n\u00e4iteks tee-ehituses, asfaldi v\u00f5i betooni tootmises toormaterjalina kasutamise v\u00f5imalusi.<\/li>\n<\/ul>\n\n                     \n                     \n                                       <\/div>\n               <\/div>\n                                          <div class=\"item\">\n                  <button type=\"button\" \n                     class=\"title-wrap d-flex align-items-center\" \n                     aria-expanded=\"false\"\n                     aria-controls=\"waste-panel-2\"\n                     id=\"waste-header-2\">\n                     <span class=\"number d-flex align-items-center justify-content-center\" aria-hidden=\"true\"><span>3<\/span><\/span>\n                     <span class=\"title d-flex align-items-center\">Taaskasutamine:<\/span>\n                  <\/button>\n                  <div class=\"content\" \n                     id=\"waste-panel-2\" \n                     role=\"region\" \n                     aria-labelledby=\"waste-header-2\"\n                     hidden>\n                     <p>Oleme alates 2021. aastast Penosili tootmises t\u00f6\u00f6riistade ja plastkomponentide valmistamisel \u00e4ra kasutanud <strong>100%<\/strong> oma <strong>ettev\u00f5ttesisestest plastit\u00f6\u00f6stuse j\u00e4\u00e4kidest<\/strong>.<\/p>\n<ul>\n<li>Meie plastij\u00e4\u00e4tmetest on valmistatud n\u00e4iteks <strong>Penosili patenteeritud spaatel<\/strong>.<\/li>\n<\/ul>\n<p><img loading=\"lazy\" decoding=\"async\" class=\"\" src=\"https:\/\/penosil.com\/et\/wp-content\/uploads\/sites\/32\/2025\/07\/Spatula-B.png\" width=\"58\" height=\"50\" \/><\/p>\n<ul>\n<li>Praegu katsetame ka oma vahuballooni adapteri ja k\u00f5rte tootmisel PCT-plasti kasutamist.<\/li>\n<\/ul>\n\n                     \n                     \n                                       <\/div>\n               <\/div>\n                     <\/div>\n      <\/div>\n   <\/section>\n\n<section class=\"pnsl-icon-hovers-block\" aria-label=\"Interactive Icon Navigation\">\n   <div class=\"container\">\n               <h2>Liigu j\u00e4rgmise j\u00e4tkusuutlikkuse teema juurde<\/h2>\n         <\/div>\n\n         <div class=\"container icons-container\">\n         <ul class=\"icons d-flex align-items-center justify-content-center justify-content-lg-between flex-wrap\" role=\"list\">\n                                          <li class=\"icon\">\n                  <a href=\"https:\/\/penosil.com\/et\/jatkusuutlikkus\/vastupidavus\/\"\n                     class=\"icon-link d-flex align-items-center justify-content-center\"\n                     style=\"--bg-color: #b7e4c7; --text-color: #ffffff\"\n                     >\n                     <span class=\"icon-image\" aria-hidden=\"true\">\n                        <img loading=\"lazy\" decoding=\"async\" src=\"https:\/\/penosil.com\/et\/wp-content\/uploads\/sites\/32\/2024\/05\/Icons.svg\" width=\"68\" height=\"67\" alt=\"\">\n                     <\/span>\n                     <span class=\"icon-label\">Vastupidavus<\/span>\n                  <\/a>\n               <\/li>\n                                          <li class=\"icon\">\n                  <a href=\"https:\/\/penosil.com\/et\/jatkusuutlikkus\/jatkusuutlikud-komponendid\/\"\n                     class=\"icon-link d-flex align-items-center justify-content-center\"\n                     style=\"--bg-color: #52b788; --text-color: #fff\"\n                     >\n                     <span class=\"icon-image\" aria-hidden=\"true\">\n                        <img loading=\"lazy\" decoding=\"async\" src=\"https:\/\/penosil.com\/et\/wp-content\/uploads\/sites\/32\/2024\/05\/Group-409.svg\" width=\"72\" height=\"75\" alt=\"\">\n                     <\/span>\n                     <span class=\"icon-label\">J\u00e4tkusuutlikud komponendid<\/span>\n                  <\/a>\n               <\/li>\n                                          <li class=\"icon\">\n                  <a href=\"https:\/\/penosil.com\/et\/jatkusuutlikkus\/taastuvenergia\/\"\n                     class=\"icon-link d-flex align-items-center justify-content-center\"\n                     style=\"--bg-color: #40916c; --text-color: #fff\"\n                     >\n                     <span class=\"icon-image\" aria-hidden=\"true\">\n                        <img loading=\"lazy\" decoding=\"async\" src=\"https:\/\/penosil.com\/et\/wp-content\/uploads\/sites\/32\/2024\/05\/48x48_Icons.svg\" width=\"76\" height=\"73\" alt=\"\">\n                     <\/span>\n                     <span class=\"icon-label\">Taastuvenergia<\/span>\n                  <\/a>\n               <\/li>\n                                          <li class=\"icon\">\n                  <a href=\"https:\/\/penosil.com\/et\/jatkusuutlikkus\/innovatsioon\/\"\n                     class=\"icon-link d-flex align-items-center justify-content-center\"\n                     style=\"--bg-color: #1b4332; --text-color: #fff\"\n                     >\n                     <span class=\"icon-image\" aria-hidden=\"true\">\n                        <img loading=\"lazy\" decoding=\"async\" src=\"https:\/\/penosil.com\/et\/wp-content\/uploads\/sites\/32\/2024\/05\/Group-410.svg\" width=\"88\" height=\"94\" alt=\"\">\n                     <\/span>\n                     <span class=\"icon-label\">Innovatsioon<\/span>\n                  <\/a>\n               <\/li>\n                                          <li class=\"icon\">\n                  <a href=\"https:\/\/penosil.com\/et\/jatkusuutlikkus\/turvalisem-elukeskkond\/\"\n                     class=\"icon-link d-flex align-items-center justify-content-center\"\n                     style=\"--bg-color: #426a5a; --text-color: #fff\"\n                     >\n                     <span class=\"icon-image\" aria-hidden=\"true\">\n                        <img loading=\"lazy\" decoding=\"async\" src=\"https:\/\/penosil.com\/et\/wp-content\/uploads\/sites\/32\/2024\/05\/Group-416.svg\" width=\"79\" height=\"90\" alt=\"\">\n                     <\/span>\n                     <span class=\"icon-label\">Turvalisem elukeskkond<\/span>\n                  <\/a>\n               <\/li>\n                                          <li class=\"icon\">\n                  <a href=\"https:\/\/penosil.com\/et\/jatkusuutlikkus\/nahtamatu-ent-koikjal\/\"\n                     class=\"icon-link d-flex align-items-center justify-content-center\"\n                     style=\"--bg-color: #007F5F; --text-color: #fff\"\n                     >\n                     <span class=\"icon-image\" aria-hidden=\"true\">\n                        <img loading=\"lazy\" decoding=\"async\" src=\"https:\/\/penosil.com\/et\/wp-content\/uploads\/sites\/32\/2024\/05\/Group-393.svg\" width=\"87\" height=\"79\" alt=\"\">\n                     <\/span>\n                     <span class=\"icon-label\">N\u00e4htamatu, ent k\u00f5ikjal<\/span>\n                  <\/a>\n               <\/li>\n                     <\/ul>\n      <\/div>\n   <\/section>","protected":false},"excerpt":{"rendered":"","protected":false},"author":105,"featured_media":0,"parent":31232,"menu_order":0,"comment_status":"closed","ping_status":"closed","template":"page-templates\/template-no-title.php","meta":{"_acf_changed":false,"advgb_blocks_editor_width":"","advgb_blocks_columns_visual_guide":"","footnotes":""},"class_list":["post-31297","page","type-page","status-publish","hentry"],"acf":[],"yoast_head":"<!-- This site is optimized with the Yoast SEO plugin v27.4 - https:\/\/yoast.com\/product\/yoast-seo-wordpress\/ -->\n<title>J\u00e4\u00e4tmek\u00e4itlus - Penosil Estonia<\/title>\n<meta name=\"robots\" content=\"index, follow, max-snippet:-1, max-image-preview:large, max-video-preview:-1\" \/>\n<link rel=\"canonical\" href=\"https:\/\/penosil.com\/et\/jatkusuutlikkus\/jaatmekaitlus\/\" \/>\n<meta property=\"og:locale\" content=\"et_EE\" \/>\n<meta property=\"og:type\" content=\"article\" \/>\n<meta property=\"og:title\" content=\"J\u00e4\u00e4tmek\u00e4itlus - Penosil Estonia\" \/>\n<meta property=\"og:url\" content=\"https:\/\/penosil.com\/et\/jatkusuutlikkus\/jaatmekaitlus\/\" \/>\n<meta property=\"og:site_name\" content=\"Penosil Estonia\" \/>\n<meta property=\"article:modified_time\" content=\"2025-07-10T10:41:00+00:00\" \/>\n<meta name=\"twitter:card\" content=\"summary_large_image\" \/>\n<script type=\"application\/ld+json\" class=\"yoast-schema-graph\">{\"@context\":\"https:\\\/\\\/schema.org\",\"@graph\":[{\"@type\":\"WebPage\",\"@id\":\"https:\\\/\\\/penosil.com\\\/et\\\/jatkusuutlikkus\\\/jaatmekaitlus\\\/\",\"url\":\"https:\\\/\\\/penosil.com\\\/et\\\/jatkusuutlikkus\\\/jaatmekaitlus\\\/\",\"name\":\"J\u00e4\u00e4tmek\u00e4itlus - Penosil Estonia\",\"isPartOf\":{\"@id\":\"https:\\\/\\\/penosil.com\\\/et\\\/#website\"},\"datePublished\":\"2024-05-15T09:06:30+00:00\",\"dateModified\":\"2025-07-10T10:41:00+00:00\",\"breadcrumb\":{\"@id\":\"https:\\\/\\\/penosil.com\\\/et\\\/jatkusuutlikkus\\\/jaatmekaitlus\\\/#breadcrumb\"},\"inLanguage\":\"et\",\"potentialAction\":[{\"@type\":\"ReadAction\",\"target\":[\"https:\\\/\\\/penosil.com\\\/et\\\/jatkusuutlikkus\\\/jaatmekaitlus\\\/\"]}]},{\"@type\":\"BreadcrumbList\",\"@id\":\"https:\\\/\\\/penosil.com\\\/et\\\/jatkusuutlikkus\\\/jaatmekaitlus\\\/#breadcrumb\",\"itemListElement\":[{\"@type\":\"ListItem\",\"position\":1,\"name\":\"Home\",\"item\":\"https:\\\/\\\/penosil.com\\\/et\\\/\"},{\"@type\":\"ListItem\",\"position\":2,\"name\":\"J\u00e4tkusuutlikkus\",\"item\":\"https:\\\/\\\/penosil.com\\\/et\\\/jatkusuutlikkus\\\/\"},{\"@type\":\"ListItem\",\"position\":3,\"name\":\"J\u00e4\u00e4tmek\u00e4itlus\"}]},{\"@type\":\"WebSite\",\"@id\":\"https:\\\/\\\/penosil.com\\\/et\\\/#website\",\"url\":\"https:\\\/\\\/penosil.com\\\/et\\\/\",\"name\":\"Penosil Estonia\",\"description\":\"\",\"potentialAction\":[{\"@type\":\"SearchAction\",\"target\":{\"@type\":\"EntryPoint\",\"urlTemplate\":\"https:\\\/\\\/penosil.com\\\/et\\\/?s={search_term_string}\"},\"query-input\":{\"@type\":\"PropertyValueSpecification\",\"valueRequired\":true,\"valueName\":\"search_term_string\"}}],\"inLanguage\":\"et\"}]}<\/script>\n<!-- \/ Yoast SEO plugin. -->","yoast_head_json":{"title":"J\u00e4\u00e4tmek\u00e4itlus - Penosil Estonia","robots":{"index":"index","follow":"follow","max-snippet":"max-snippet:-1","max-image-preview":"max-image-preview:large","max-video-preview":"max-video-preview:-1"},"canonical":"https:\/\/penosil.com\/et\/jatkusuutlikkus\/jaatmekaitlus\/","og_locale":"et_EE","og_type":"article","og_title":"J\u00e4\u00e4tmek\u00e4itlus - Penosil Estonia","og_url":"https:\/\/penosil.com\/et\/jatkusuutlikkus\/jaatmekaitlus\/","og_site_name":"Penosil Estonia","article_modified_time":"2025-07-10T10:41:00+00:00","twitter_card":"summary_large_image","schema":{"@context":"https:\/\/schema.org","@graph":[{"@type":"WebPage","@id":"https:\/\/penosil.com\/et\/jatkusuutlikkus\/jaatmekaitlus\/","url":"https:\/\/penosil.com\/et\/jatkusuutlikkus\/jaatmekaitlus\/","name":"J\u00e4\u00e4tmek\u00e4itlus - Penosil Estonia","isPartOf":{"@id":"https:\/\/penosil.com\/et\/#website"},"datePublished":"2024-05-15T09:06:30+00:00","dateModified":"2025-07-10T10:41:00+00:00","breadcrumb":{"@id":"https:\/\/penosil.com\/et\/jatkusuutlikkus\/jaatmekaitlus\/#breadcrumb"},"inLanguage":"et","potentialAction":[{"@type":"ReadAction","target":["https:\/\/penosil.com\/et\/jatkusuutlikkus\/jaatmekaitlus\/"]}]},{"@type":"BreadcrumbList","@id":"https:\/\/penosil.com\/et\/jatkusuutlikkus\/jaatmekaitlus\/#breadcrumb","itemListElement":[{"@type":"ListItem","position":1,"name":"Home","item":"https:\/\/penosil.com\/et\/"},{"@type":"ListItem","position":2,"name":"J\u00e4tkusuutlikkus","item":"https:\/\/penosil.com\/et\/jatkusuutlikkus\/"},{"@type":"ListItem","position":3,"name":"J\u00e4\u00e4tmek\u00e4itlus"}]},{"@type":"WebSite","@id":"https:\/\/penosil.com\/et\/#website","url":"https:\/\/penosil.com\/et\/","name":"Penosil Estonia","description":"","potentialAction":[{"@type":"SearchAction","target":{"@type":"EntryPoint","urlTemplate":"https:\/\/penosil.com\/et\/?s={search_term_string}"},"query-input":{"@type":"PropertyValueSpecification","valueRequired":true,"valueName":"search_term_string"}}],"inLanguage":"et"}]}},"coauthors":[],"author_meta":{"author_link":"https:\/\/penosil.com\/et\/author\/kevinreaktiiv\/","display_name":"kevinreaktiiv"},"relative_dates":{"created":"Posted 2 aastat ago","modified":"Updated 10 kuud ago"},"absolute_dates":{"created":"Posted on 15. mai 2024","modified":"Updated on 10. juuli 2025"},"absolute_dates_time":{"created":"Posted on 15. mai 2024 11:06","modified":"Updated on 10. juuli 2025 12:41"},"featured_img_caption":"","featured_img":false,"series_order":"","_links":{"self":[{"href":"https:\/\/penosil.com\/et\/wp-json\/wp\/v2\/pages\/31297","targetHints":{"allow":["GET"]}}],"collection":[{"href":"https:\/\/penosil.com\/et\/wp-json\/wp\/v2\/pages"}],"about":[{"href":"https:\/\/penosil.com\/et\/wp-json\/wp\/v2\/types\/page"}],"author":[{"embeddable":true,"href":"https:\/\/penosil.com\/et\/wp-json\/wp\/v2\/users\/105"}],"replies":[{"embeddable":true,"href":"https:\/\/penosil.com\/et\/wp-json\/wp\/v2\/comments?post=31297"}],"version-history":[{"count":17,"href":"https:\/\/penosil.com\/et\/wp-json\/wp\/v2\/pages\/31297\/revisions"}],"predecessor-version":[{"id":34485,"href":"https:\/\/penosil.com\/et\/wp-json\/wp\/v2\/pages\/31297\/revisions\/34485"}],"up":[{"embeddable":true,"href":"https:\/\/penosil.com\/et\/wp-json\/wp\/v2\/pages\/31232"}],"wp:attachment":[{"href":"https:\/\/penosil.com\/et\/wp-json\/wp\/v2\/media?parent=31297"}],"curies":[{"name":"wp","href":"https:\/\/api.w.org\/{rel}","templated":true}]}}