{"id":3374,"date":"2019-12-05T07:49:44","date_gmt":"2019-12-05T07:49:44","guid":{"rendered":"https:\/\/penosil.com\/et\/educational-articles\/"},"modified":"2021-03-10T10:28:09","modified_gmt":"2021-03-10T10:28:09","slug":"kasulikud-nouanded","status":"publish","type":"page","link":"https:\/\/penosil.com\/et\/teabekeskus\/kasulikud-nouanded\/","title":{"rendered":"Kasulikud n\u00f5uanded"},"content":{"rendered":"\n<p>Saa teada energiat\u00f5husast ja keskkonnas\u00f5bralikust ehitusest ning ehitusmaterjalidest.<\/p>\n","protected":false},"excerpt":{"rendered":"Saa teada energiat\u00f5husast ja keskkonnas\u00f5bralikust ehitusest ning ehitusmaterjalidest.","protected":false},"author":1,"featured_media":0,"parent":3825,"menu_order":0,"comment_status":"closed","ping_status":"closed","template":"page-templates\/template-educational-articles.php","meta":{"_acf_changed":false,"advgb_blocks_editor_width":"","advgb_blocks_columns_visual_guide":"","footnotes":""},"class_list":["post-3374","page","type-page","status-publish","hentry"],"acf":[],"yoast_head":"<!-- This site is optimized with the Yoast SEO plugin v27.2 - https:\/\/yoast.com\/product\/yoast-seo-wordpress\/ -->\n<title>Kasulikud n\u00f5uanded - PENOSIL Eesti<\/title>\n<meta name=\"description\" content=\"P\u00f5nev teave energiat\u00f5husate ja keskkonnas\u00f5bralike ehituslahenduste kohta ning ekspertide n\u00e4pun\u00e4ited. Avasta siin!\" \/>\n<meta name=\"robots\" content=\"index, follow, max-snippet:-1, max-image-preview:large, max-video-preview:-1\" \/>\n<link rel=\"canonical\" href=\"https:\/\/penosil.com\/et\/teabekeskus\/kasulikud-nouanded\/\" \/>\n<meta property=\"og:locale\" content=\"et_EE\" \/>\n<meta property=\"og:type\" content=\"article\" \/>\n<meta property=\"og:title\" content=\"Kasulikud n\u00f5uanded - PENOSIL Eesti\" \/>\n<meta property=\"og:description\" content=\"P\u00f5nev teave energiat\u00f5husate ja keskkonnas\u00f5bralike ehituslahenduste kohta ning ekspertide n\u00e4pun\u00e4ited. Avasta siin!\" \/>\n<meta property=\"og:url\" content=\"https:\/\/penosil.com\/et\/teabekeskus\/kasulikud-nouanded\/\" \/>\n<meta property=\"og:site_name\" content=\"Penosil Estonia\" \/>\n<meta property=\"article:modified_time\" content=\"2021-03-10T10:28:09+00:00\" \/>\n<meta name=\"twitter:card\" content=\"summary_large_image\" \/>\n<script type=\"application\/ld+json\" class=\"yoast-schema-graph\">{\"@context\":\"https:\/\/schema.org\",\"@graph\":[{\"@type\":\"WebPage\",\"@id\":\"https:\/\/penosil.com\/et\/teabekeskus\/kasulikud-nouanded\/\",\"url\":\"https:\/\/penosil.com\/et\/teabekeskus\/kasulikud-nouanded\/\",\"name\":\"Kasulikud n\u00f5uanded - PENOSIL Eesti\",\"isPartOf\":{\"@id\":\"https:\/\/penosil.com\/et\/#website\"},\"datePublished\":\"2019-12-05T07:49:44+00:00\",\"dateModified\":\"2021-03-10T10:28:09+00:00\",\"description\":\"P\u00f5nev teave energiat\u00f5husate ja keskkonnas\u00f5bralike ehituslahenduste kohta ning ekspertide n\u00e4pun\u00e4ited. Avasta siin!\",\"breadcrumb\":{\"@id\":\"https:\/\/penosil.com\/et\/teabekeskus\/kasulikud-nouanded\/#breadcrumb\"},\"inLanguage\":\"et\",\"potentialAction\":[{\"@type\":\"ReadAction\",\"target\":[\"https:\/\/penosil.com\/et\/teabekeskus\/kasulikud-nouanded\/\"]}]},{\"@type\":\"BreadcrumbList\",\"@id\":\"https:\/\/penosil.com\/et\/teabekeskus\/kasulikud-nouanded\/#breadcrumb\",\"itemListElement\":[{\"@type\":\"ListItem\",\"position\":1,\"name\":\"Home\",\"item\":\"https:\/\/penosil.com\/et\/\"},{\"@type\":\"ListItem\",\"position\":2,\"name\":\"Teabekeskus\",\"item\":\"https:\/\/penosil.com\/et\/teabekeskus\/\"},{\"@type\":\"ListItem\",\"position\":3,\"name\":\"Kasulikud n\u00f5uanded\"}]},{\"@type\":\"WebSite\",\"@id\":\"https:\/\/penosil.com\/et\/#website\",\"url\":\"https:\/\/penosil.com\/et\/\",\"name\":\"Penosil Estonia\",\"description\":\"\",\"potentialAction\":[{\"@type\":\"SearchAction\",\"target\":{\"@type\":\"EntryPoint\",\"urlTemplate\":\"https:\/\/penosil.com\/et\/?s={search_term_string}\"},\"query-input\":{\"@type\":\"PropertyValueSpecification\",\"valueRequired\":true,\"valueName\":\"search_term_string\"}}],\"inLanguage\":\"et\"}]}<\/script>\n<!-- \/ Yoast SEO plugin. -->","yoast_head_json":{"title":"Kasulikud n\u00f5uanded - PENOSIL Eesti","description":"P\u00f5nev teave energiat\u00f5husate ja keskkonnas\u00f5bralike ehituslahenduste kohta ning ekspertide n\u00e4pun\u00e4ited. Avasta siin!","robots":{"index":"index","follow":"follow","max-snippet":"max-snippet:-1","max-image-preview":"max-image-preview:large","max-video-preview":"max-video-preview:-1"},"canonical":"https:\/\/penosil.com\/et\/teabekeskus\/kasulikud-nouanded\/","og_locale":"et_EE","og_type":"article","og_title":"Kasulikud n\u00f5uanded - PENOSIL Eesti","og_description":"P\u00f5nev teave energiat\u00f5husate ja keskkonnas\u00f5bralike ehituslahenduste kohta ning ekspertide n\u00e4pun\u00e4ited. Avasta siin!","og_url":"https:\/\/penosil.com\/et\/teabekeskus\/kasulikud-nouanded\/","og_site_name":"Penosil Estonia","article_modified_time":"2021-03-10T10:28:09+00:00","twitter_card":"summary_large_image","schema":{"@context":"https:\/\/schema.org","@graph":[{"@type":"WebPage","@id":"https:\/\/penosil.com\/et\/teabekeskus\/kasulikud-nouanded\/","url":"https:\/\/penosil.com\/et\/teabekeskus\/kasulikud-nouanded\/","name":"Kasulikud n\u00f5uanded - PENOSIL Eesti","isPartOf":{"@id":"https:\/\/penosil.com\/et\/#website"},"datePublished":"2019-12-05T07:49:44+00:00","dateModified":"2021-03-10T10:28:09+00:00","description":"P\u00f5nev teave energiat\u00f5husate ja keskkonnas\u00f5bralike ehituslahenduste kohta ning ekspertide n\u00e4pun\u00e4ited. Avasta siin!","breadcrumb":{"@id":"https:\/\/penosil.com\/et\/teabekeskus\/kasulikud-nouanded\/#breadcrumb"},"inLanguage":"et","potentialAction":[{"@type":"ReadAction","target":["https:\/\/penosil.com\/et\/teabekeskus\/kasulikud-nouanded\/"]}]},{"@type":"BreadcrumbList","@id":"https:\/\/penosil.com\/et\/teabekeskus\/kasulikud-nouanded\/#breadcrumb","itemListElement":[{"@type":"ListItem","position":1,"name":"Home","item":"https:\/\/penosil.com\/et\/"},{"@type":"ListItem","position":2,"name":"Teabekeskus","item":"https:\/\/penosil.com\/et\/teabekeskus\/"},{"@type":"ListItem","position":3,"name":"Kasulikud n\u00f5uanded"}]},{"@type":"WebSite","@id":"https:\/\/penosil.com\/et\/#website","url":"https:\/\/penosil.com\/et\/","name":"Penosil Estonia","description":"","potentialAction":[{"@type":"SearchAction","target":{"@type":"EntryPoint","urlTemplate":"https:\/\/penosil.com\/et\/?s={search_term_string}"},"query-input":{"@type":"PropertyValueSpecification","valueRequired":true,"valueName":"search_term_string"}}],"inLanguage":"et"}]}},"coauthors":[],"author_meta":{"author_link":"https:\/\/penosil.com\/et\/author\/reaktiiv-pe\/","display_name":"reaktiiv-pe"},"relative_dates":{"created":"Posted 6 aastat ago","modified":"Updated 5 aastat ago"},"absolute_dates":{"created":"Posted on 5. dets. 2019","modified":"Updated on 10. m\u00e4rts 2021"},"absolute_dates_time":{"created":"Posted on 5. dets. 2019 07:49","modified":"Updated on 10. m\u00e4rts 2021 10:28"},"featured_img_caption":"","featured_img":false,"series_order":"","_links":{"self":[{"href":"https:\/\/penosil.com\/et\/wp-json\/wp\/v2\/pages\/3374","targetHints":{"allow":["GET"]}}],"collection":[{"href":"https:\/\/penosil.com\/et\/wp-json\/wp\/v2\/pages"}],"about":[{"href":"https:\/\/penosil.com\/et\/wp-json\/wp\/v2\/types\/page"}],"author":[{"embeddable":true,"href":"https:\/\/penosil.com\/et\/wp-json\/wp\/v2\/users\/1"}],"replies":[{"embeddable":true,"href":"https:\/\/penosil.com\/et\/wp-json\/wp\/v2\/comments?post=3374"}],"version-history":[{"count":4,"href":"https:\/\/penosil.com\/et\/wp-json\/wp\/v2\/pages\/3374\/revisions"}],"predecessor-version":[{"id":27332,"href":"https:\/\/penosil.com\/et\/wp-json\/wp\/v2\/pages\/3374\/revisions\/27332"}],"up":[{"embeddable":true,"href":"https:\/\/penosil.com\/et\/wp-json\/wp\/v2\/pages\/3825"}],"wp:attachment":[{"href":"https:\/\/penosil.com\/et\/wp-json\/wp\/v2\/media?parent=3374"}],"curies":[{"name":"wp","href":"https:\/\/api.w.org\/{rel}","templated":true}]}}