{"id":3434,"date":"2019-10-25T12:32:22","date_gmt":"2019-10-25T12:32:22","guid":{"rendered":"https:\/\/penosil.com\/et\/product-know-how\/"},"modified":"2026-04-15T13:37:36","modified_gmt":"2026-04-15T11:37:36","slug":"kataloogid-ja-kasutusjuhendid","status":"publish","type":"page","link":"https:\/\/penosil.com\/et\/teabekeskus\/kataloogid-ja-kasutusjuhendid\/","title":{"rendered":"Kataloogid ja kasutusjuhendid"},"content":{"rendered":"\n<p>Tutvu Penosil toodete juhendmaterjalidega, kasutamiseks keerukamates ehituslikes s\u00f5lmedes.&nbsp;  <\/p>\n","protected":false},"excerpt":{"rendered":"Tutvu Penosil toodete juhendmaterjalidega, kasutamiseks keerukamates ehituslikes s\u00f5lmedes.&nbsp;","protected":false},"author":1,"featured_media":0,"parent":3825,"menu_order":0,"comment_status":"closed","ping_status":"closed","template":"page-templates\/template-product-know-how.php","meta":{"_acf_changed":false,"advgb_blocks_editor_width":"","advgb_blocks_columns_visual_guide":"","footnotes":""},"class_list":["post-3434","page","type-page","status-publish","hentry"],"acf":[],"yoast_head":"<!-- This site is optimized with the Yoast SEO plugin v27.2 - https:\/\/yoast.com\/product\/yoast-seo-wordpress\/ -->\n<title>Tootekataloogid ja kasutusjuhendid - PENOSIL Eesti<\/title>\n<meta name=\"description\" content=\"Tutvuge PENOSIL-i toodete juhendmaterjalidega, mis on m\u00f5eldud kasutamiseks ka k\u00f5ige keerukamates ehituslikes s\u00f5lmedes. Avastage siin!\" \/>\n<meta name=\"robots\" content=\"index, follow, max-snippet:-1, max-image-preview:large, max-video-preview:-1\" \/>\n<link rel=\"canonical\" href=\"https:\/\/penosil.com\/et\/teabekeskus\/kataloogid-ja-kasutusjuhendid\/\" \/>\n<meta property=\"og:locale\" content=\"et_EE\" \/>\n<meta property=\"og:type\" content=\"article\" \/>\n<meta property=\"og:title\" content=\"Tootekataloogid ja kasutusjuhendid - PENOSIL Eesti\" \/>\n<meta property=\"og:description\" content=\"Tutvuge PENOSIL-i toodete juhendmaterjalidega, mis on m\u00f5eldud kasutamiseks ka k\u00f5ige keerukamates ehituslikes s\u00f5lmedes. Avastage siin!\" \/>\n<meta property=\"og:url\" content=\"https:\/\/penosil.com\/et\/teabekeskus\/kataloogid-ja-kasutusjuhendid\/\" \/>\n<meta property=\"og:site_name\" content=\"Penosil Estonia\" \/>\n<meta property=\"article:modified_time\" content=\"2026-04-15T11:37:36+00:00\" \/>\n<meta name=\"twitter:card\" content=\"summary_large_image\" \/>\n<script type=\"application\/ld+json\" class=\"yoast-schema-graph\">{\"@context\":\"https:\/\/schema.org\",\"@graph\":[{\"@type\":\"WebPage\",\"@id\":\"https:\/\/penosil.com\/et\/teabekeskus\/kataloogid-ja-kasutusjuhendid\/\",\"url\":\"https:\/\/penosil.com\/et\/teabekeskus\/kataloogid-ja-kasutusjuhendid\/\",\"name\":\"Tootekataloogid ja kasutusjuhendid - PENOSIL Eesti\",\"isPartOf\":{\"@id\":\"https:\/\/penosil.com\/et\/#website\"},\"datePublished\":\"2019-10-25T12:32:22+00:00\",\"dateModified\":\"2026-04-15T11:37:36+00:00\",\"description\":\"Tutvuge PENOSIL-i toodete juhendmaterjalidega, mis on m\u00f5eldud kasutamiseks ka k\u00f5ige keerukamates ehituslikes s\u00f5lmedes. Avastage siin!\",\"breadcrumb\":{\"@id\":\"https:\/\/penosil.com\/et\/teabekeskus\/kataloogid-ja-kasutusjuhendid\/#breadcrumb\"},\"inLanguage\":\"et\",\"potentialAction\":[{\"@type\":\"ReadAction\",\"target\":[\"https:\/\/penosil.com\/et\/teabekeskus\/kataloogid-ja-kasutusjuhendid\/\"]}]},{\"@type\":\"BreadcrumbList\",\"@id\":\"https:\/\/penosil.com\/et\/teabekeskus\/kataloogid-ja-kasutusjuhendid\/#breadcrumb\",\"itemListElement\":[{\"@type\":\"ListItem\",\"position\":1,\"name\":\"Home\",\"item\":\"https:\/\/penosil.com\/et\/\"},{\"@type\":\"ListItem\",\"position\":2,\"name\":\"Teabekeskus\",\"item\":\"https:\/\/penosil.com\/et\/teabekeskus\/\"},{\"@type\":\"ListItem\",\"position\":3,\"name\":\"Kataloogid ja kasutusjuhendid\"}]},{\"@type\":\"WebSite\",\"@id\":\"https:\/\/penosil.com\/et\/#website\",\"url\":\"https:\/\/penosil.com\/et\/\",\"name\":\"Penosil Estonia\",\"description\":\"\",\"potentialAction\":[{\"@type\":\"SearchAction\",\"target\":{\"@type\":\"EntryPoint\",\"urlTemplate\":\"https:\/\/penosil.com\/et\/?s={search_term_string}\"},\"query-input\":{\"@type\":\"PropertyValueSpecification\",\"valueRequired\":true,\"valueName\":\"search_term_string\"}}],\"inLanguage\":\"et\"}]}<\/script>\n<!-- \/ Yoast SEO plugin. -->","yoast_head_json":{"title":"Tootekataloogid ja kasutusjuhendid - PENOSIL Eesti","description":"Tutvuge PENOSIL-i toodete juhendmaterjalidega, mis on m\u00f5eldud kasutamiseks ka k\u00f5ige keerukamates ehituslikes s\u00f5lmedes. Avastage siin!","robots":{"index":"index","follow":"follow","max-snippet":"max-snippet:-1","max-image-preview":"max-image-preview:large","max-video-preview":"max-video-preview:-1"},"canonical":"https:\/\/penosil.com\/et\/teabekeskus\/kataloogid-ja-kasutusjuhendid\/","og_locale":"et_EE","og_type":"article","og_title":"Tootekataloogid ja kasutusjuhendid - PENOSIL Eesti","og_description":"Tutvuge PENOSIL-i toodete juhendmaterjalidega, mis on m\u00f5eldud kasutamiseks ka k\u00f5ige keerukamates ehituslikes s\u00f5lmedes. Avastage siin!","og_url":"https:\/\/penosil.com\/et\/teabekeskus\/kataloogid-ja-kasutusjuhendid\/","og_site_name":"Penosil Estonia","article_modified_time":"2026-04-15T11:37:36+00:00","twitter_card":"summary_large_image","schema":{"@context":"https:\/\/schema.org","@graph":[{"@type":"WebPage","@id":"https:\/\/penosil.com\/et\/teabekeskus\/kataloogid-ja-kasutusjuhendid\/","url":"https:\/\/penosil.com\/et\/teabekeskus\/kataloogid-ja-kasutusjuhendid\/","name":"Tootekataloogid ja kasutusjuhendid - PENOSIL Eesti","isPartOf":{"@id":"https:\/\/penosil.com\/et\/#website"},"datePublished":"2019-10-25T12:32:22+00:00","dateModified":"2026-04-15T11:37:36+00:00","description":"Tutvuge PENOSIL-i toodete juhendmaterjalidega, mis on m\u00f5eldud kasutamiseks ka k\u00f5ige keerukamates ehituslikes s\u00f5lmedes. Avastage siin!","breadcrumb":{"@id":"https:\/\/penosil.com\/et\/teabekeskus\/kataloogid-ja-kasutusjuhendid\/#breadcrumb"},"inLanguage":"et","potentialAction":[{"@type":"ReadAction","target":["https:\/\/penosil.com\/et\/teabekeskus\/kataloogid-ja-kasutusjuhendid\/"]}]},{"@type":"BreadcrumbList","@id":"https:\/\/penosil.com\/et\/teabekeskus\/kataloogid-ja-kasutusjuhendid\/#breadcrumb","itemListElement":[{"@type":"ListItem","position":1,"name":"Home","item":"https:\/\/penosil.com\/et\/"},{"@type":"ListItem","position":2,"name":"Teabekeskus","item":"https:\/\/penosil.com\/et\/teabekeskus\/"},{"@type":"ListItem","position":3,"name":"Kataloogid ja kasutusjuhendid"}]},{"@type":"WebSite","@id":"https:\/\/penosil.com\/et\/#website","url":"https:\/\/penosil.com\/et\/","name":"Penosil Estonia","description":"","potentialAction":[{"@type":"SearchAction","target":{"@type":"EntryPoint","urlTemplate":"https:\/\/penosil.com\/et\/?s={search_term_string}"},"query-input":{"@type":"PropertyValueSpecification","valueRequired":true,"valueName":"search_term_string"}}],"inLanguage":"et"}]}},"coauthors":[],"author_meta":{"author_link":"https:\/\/penosil.com\/et\/author\/reaktiiv-pe\/","display_name":"reaktiiv-pe"},"relative_dates":{"created":"Posted 6 aastat ago","modified":"Updated 49 minutit ago"},"absolute_dates":{"created":"Posted on 25. okt. 2019","modified":"Updated on 15. apr. 2026"},"absolute_dates_time":{"created":"Posted on 25. okt. 2019 12:32","modified":"Updated on 15. apr. 2026 01:37"},"featured_img_caption":"","featured_img":false,"series_order":"","_links":{"self":[{"href":"https:\/\/penosil.com\/et\/wp-json\/wp\/v2\/pages\/3434","targetHints":{"allow":["GET"]}}],"collection":[{"href":"https:\/\/penosil.com\/et\/wp-json\/wp\/v2\/pages"}],"about":[{"href":"https:\/\/penosil.com\/et\/wp-json\/wp\/v2\/types\/page"}],"author":[{"embeddable":true,"href":"https:\/\/penosil.com\/et\/wp-json\/wp\/v2\/users\/1"}],"replies":[{"embeddable":true,"href":"https:\/\/penosil.com\/et\/wp-json\/wp\/v2\/comments?post=3434"}],"version-history":[{"count":44,"href":"https:\/\/penosil.com\/et\/wp-json\/wp\/v2\/pages\/3434\/revisions"}],"predecessor-version":[{"id":36107,"href":"https:\/\/penosil.com\/et\/wp-json\/wp\/v2\/pages\/3434\/revisions\/36107"}],"up":[{"embeddable":true,"href":"https:\/\/penosil.com\/et\/wp-json\/wp\/v2\/pages\/3825"}],"wp:attachment":[{"href":"https:\/\/penosil.com\/et\/wp-json\/wp\/v2\/media?parent=3434"}],"curies":[{"name":"wp","href":"https:\/\/api.w.org\/{rel}","templated":true}]}}