{"id":3582,"date":"2019-07-22T08:38:55","date_gmt":"2019-07-22T08:38:55","guid":{"rendered":"https:\/\/penosil.com\/et\/privacy-policy\/"},"modified":"2024-05-24T13:23:43","modified_gmt":"2024-05-24T11:23:43","slug":"privaatsus-poliitika","status":"publish","type":"page","link":"https:\/\/penosil.com\/et\/privaatsus-poliitika\/","title":{"rendered":"Privaatsusp\u00f5him\u00f5tted"},"content":{"rendered":"\n<p>Wolf Group O\u00dc \u00fcksi ja koos Wolf Groupi ettev\u00f5tetega (edaspidi:&nbsp;Wolf Group&nbsp;v\u00f5i&nbsp;meie) hindab oma klientide (edaspidi:&nbsp;teie) privaatsust. Selles privaatsusteatises selgitame, kuidas me teie isikuandmeid kogume ja kasutame ning mida teie andmete kaitsmiseks teeme. See privaatsusteatis aitab teil m\u00f5ista, miks ja kuidas me teie andmeid t\u00f6\u00f6tleme ning millised on teie isikuandmetega seotud \u00f5igused.<\/p>\n\n\n\n<p>See privaatsusteatis kehtib teile, kui kasutate ostmiseks meie e-poodi <a href=\"https:\/\/penosil.com\/et\/tooted\/\">https:\/\/penosil.com\/et\/tooted\/<\/a> ning loote toodete soovinimekirju meie veebilehtedel, kui suhtlete meiega meie veebilehel oleva juturoboti kaudu v\u00f5i kui k\u00fclastate meie veebilehte <a href=\"https:\/\/penosil.com\/\">https:\/\/penosil.com\/<\/a> v\u00f5i sotsiaalmeedialehti. T\u00f6\u00f6tleme teie isikuandmeid samuti siis, kui soovite meile t\u00f6\u00f6le kandideerida.<\/p>\n\n\n\n<div style=\"height:20px\" aria-hidden=\"true\" class=\"wp-block-spacer\"><\/div>\n\n\n\n<h3 class=\"wp-block-heading\">Kes on teie isikuandmete vastutav t\u00f6\u00f6tleja?<\/h3>\n\n\n\n<p>Andmete vastutav t\u00f6\u00f6tleja t\u00e4hendab \u00fcksust, kes otsustab, milliseid andmeid teie kohta kogutakse ja kuidas neid kasutatakse. Wolf Group v\u00f5ib erinevates andmet\u00f6\u00f6tlustoimingutes olla vastutav t\u00f6\u00f6tleja v\u00f5i volitatud t\u00f6\u00f6tleja. Teie privaatsuse kaitsmiseks j\u00e4rgime konfidentsiaalsusn\u00f5udeid ja piirame rangelt isikuandmete avaldamist.<\/p>\n\n\n\n<p>Wolf Group O\u00dc, Wolf Group, Suur-Paala 10, 13619 Tallinn, Eesti, on k\u00f5igi k\u00e4esolevas privaatsusteatises nimetatud isikuandmete vastutav t\u00f6\u00f6tleja, kui s\u00f5naselgelt ei ole s\u00e4testatud teisiti. Vastutava t\u00f6\u00f6tlejaga saab \u00fchendust meiliaadressil:&nbsp;<a href=\"mailto:eesti.penosil@wolf-group.com\">eesti.penosil@wolf-group.com<\/a>.<\/p>\n\n\n\n<div style=\"height:20px\" aria-hidden=\"true\" class=\"wp-block-spacer\"><\/div>\n\n\n\n<h3 class=\"wp-block-heading\">Mis liiki isikuandmeid me t\u00f6\u00f6tleme?<\/h3>\n\n\n\n<p><strong>Isikuandmed<\/strong>&nbsp;\u2013 ees- ja perekonnanimi;<br><strong>Kontaktandmed<\/strong> \u2013 telefoninumber, meiliaadress ja postiaadress;<br><strong>Ettev\u00f5tte andmed<\/strong> \u2013 kui olete juriidilise isiku esindaja, t\u00f6\u00f6tleme teie nime, ametinimetust ja kontaktandmeid;<br><strong>Arve andmed<\/strong> \u2013 arvetel toodud andmed, kui ostate meilt teenuseid v\u00f5i tooteid;<br><strong>Internetiandmed<\/strong> \u2013 parema teenuse tagamiseks e-poes kasutame oma veebilehel ja e-poes k\u00fcpsiseid.<\/p>\n\n\n\n<div style=\"height:20px\" aria-hidden=\"true\" class=\"wp-block-spacer\"><\/div>\n\n\n\n<h3 class=\"wp-block-heading\">Miks me teie isikuandmeid t\u00f6\u00f6tleme?<\/h3>\n\n\n\n<p>T\u00f6\u00f6tleme teie isikuandmeid j\u00e4rgmistel eesm\u00e4rkidel:<\/p>\n\n\n\n<ul class=\"default-list wp-block-list\"><li>olete andnud meile oma n\u00f5usoleku, n\u00e4iteks klientide tagasiside kogumiseks, teile uudiskirja saatmiseks v\u00f5i k\u00fcpsiste kuvamiseks;<\/li><li>meie \u00f5igustatud \u00e4rihuvides; kui olete meie olemasolev klient, saadame teile teavet toodete kohta;<\/li><li>meil on teiega leping, n\u00e4iteks olete ostnud toote meie e-poest;<\/li><li>juriidiliste kohustuste t\u00e4itmiseks, n\u00e4iteks oleme raamatupidamiseeskirjade kohaselt kohustatud s\u00e4ilitama arveid mitu aastat.<\/li><\/ul>\n\n\n\n<div style=\"height:10px\" aria-hidden=\"true\" class=\"wp-block-spacer\"><\/div>\n\n\n\n<h4 class=\"wp-block-heading\"><strong>T\u00f6\u00f6tleme teie isikuandmeid teie n\u00f5usoleku alusel<\/strong><\/h4>\n\n\n\n<p>Kui k\u00fcsime teie n\u00f5usolekut, t\u00f6\u00f6tleme ainult neid andmeid, mille kohta olete n\u00f5usoleku andnud. K\u00fcsime teie n\u00f5usolekut ainult konkreetsetel eesm\u00e4rkidel ja te ei ole kohustatud n\u00f5usolekut andma, kuid m\u00f5nikord t\u00e4hendab n\u00f5usoleku andmata j\u00e4tmine, et me ei saa teile teie soovitud sisu edastada. Kui annate n\u00f5usoleku, on teil \u00f5igus oma n\u00f5usolek mis tahes ajal tagasi v\u00f5tta, kasutades s\u00f5numites tellimuse t\u00fchistamist v\u00f5i kirjutades aadressile <a href=\"mailto:eesti.penosil@wolf-group.com\">eesti.penosil@wolf-group.com<\/a>. Kui v\u00f5tate oma n\u00f5usoleku tagasi, kustutame need andmed, mida teie n\u00f5usolekul t\u00f6\u00f6tleme.<\/p>\n\n\n\n<table class=\"wp-block-advgb-table advgb-table-frontend is-style-stripes\"><tbody><tr><td><strong>T\u00f6\u00f6tlemise eesm\u00e4rk<\/strong><\/td><td><strong>Isikuandmete kategooriad<\/strong><\/td><\/tr><tr><td>Uudiskiri<\/td><td>Kontaktandmed<\/td><\/tr><tr><td>K\u00fcpsised<\/td><td>Internetiandmed<\/td><\/tr><tr><td>Wolf Groupi konto loomine<\/td><td>Isikuandmed, kontaktandmed<\/td><\/tr><tr><td>Klientide tagasiside kogumine<\/td><td>Isikuandmed, kontaktandmed<\/td><\/tr><\/tbody><\/table>\n\n\n\n<div style=\"height:10px\" aria-hidden=\"true\" class=\"wp-block-spacer\"><\/div>\n\n\n\n<h4 class=\"wp-block-heading\"><strong>Lepingu t\u00e4itmiseks vajalik andmete t\u00f6\u00f6tlemine<\/strong><\/h4>\n\n\n\n<p>Andmete t\u00f6\u00f6tlemine on vajalik, et t\u00e4ita teiega s\u00f5lmitud lepingut v\u00f5i rakendada enne lepingu s\u00f5lmimist asjakohaseid meetmeid.<\/p>\n\n\n\n<table class=\"wp-block-advgb-table advgb-table-frontend is-style-stripes\"><tbody><tr><td><strong><em>T\u00f6\u00f6tlemise eesm\u00e4rk<\/em><\/strong><\/td><td><strong><em>Isikuandmete kategooriad<\/em><\/strong><\/td><\/tr><tr><td>Ostud e-poes<\/td><td>Isikuandmed, arve andmed<\/td><\/tr><tr><td>Ostude kohaletoimetamine<\/td><td>Kontaktandmed<\/td><\/tr><\/tbody><\/table>\n\n\n\n<div style=\"height:10px\" aria-hidden=\"true\" class=\"wp-block-spacer\"><\/div>\n\n\n\n<h4 class=\"wp-block-heading\"><strong>T\u00f6\u00f6tlemine Wolf Groupi juriidiliste kohustuste t\u00e4itmiseks<\/strong><\/h4>\n\n\n\n<p>Andmete t\u00f6\u00f6tlemine juriidiliste kohustuste t\u00e4itmiseks h\u00f5lmab isikuandmete t\u00f6\u00f6tlemist asjakohaste \u00f5igusaktide alusel k\u00f5igis meie tegevuspiirkondades, n\u00e4iteks Eestis s\u00e4ilitatakse arveid 7 aastat vastavalt Eesti raamatupidamise seadusele.<\/p>\n\n\n\n<table class=\"wp-block-advgb-table advgb-table-frontend is-style-stripes\"><tbody><tr><td><strong><em>T\u00f6\u00f6tlemise eesm\u00e4rgid<\/em><\/strong><\/td><td><strong><em>Isikuandmete kategooriad<\/em><\/strong><\/td><\/tr><tr><td>Arve andmed<\/td><td>Isikuandmed, kontaktandmed, <br>ettev\u00f5tte andmed, arve andmed<\/td><\/tr><tr><td>Vastused ametiasutuste ja <br>institutsioonide infop\u00e4ringutele<\/td><td>Kontaktandmed, ettev\u00f5tte andmed<\/td><\/tr><\/tbody><\/table>\n\n\n\n<div style=\"height:10px\" aria-hidden=\"true\" class=\"wp-block-spacer\"><\/div>\n\n\n\n<h4 class=\"wp-block-heading\"><strong>Andmete t\u00f6\u00f6tlemine meie \u00f5igustatud huvi alusel<\/strong><\/h4>\n\n\n\n<p>\u00d5igustatud huvi t\u00e4hendab seda, et andmete t\u00f6\u00f6tlemine on vajalik meie \u00e4ritegevuse jaoks. Isikuandmete t\u00f6\u00f6tlemiseks \u00f5igustatud huvi alusel oleme anal\u00fc\u00fcsinud selle asjakohasust, et m\u00e4\u00e4rata t\u00f6\u00f6tlemise m\u00f5ju teie privaatsusele ja andmekaitse\u00f5igustele. Teil on \u00f5igus asjakohasuse anal\u00fc\u00fcsiga tutvuda ja esitada vastuv\u00e4iteid \u00f5igustatud huvil p\u00f5hinevale t\u00f6\u00f6tlemisele, kui leiate, et teie andmete t\u00f6\u00f6tlemine j\u00e4rgmistel eesm\u00e4rkidel rikub teie privaatsust ja andmekaitse\u00f5igusi.<\/p>\n\n\n\n<table class=\"wp-block-advgb-table advgb-table-frontend is-style-stripes\"><tbody><tr><td><strong><em>T\u00f6\u00f6tlemise eesm\u00e4rk<\/em><\/strong><\/td><td><strong><em>Isikuandmete kategooriad<\/em><\/strong><\/td><\/tr><tr><td>Teabe saatmine meie<br>toodete kohta olemasolevatele klientidele<\/td><td>Kontakt- ja internetiandmed<\/td><\/tr><\/tbody><\/table>\n\n\n\n<div style=\"height:20px\" aria-hidden=\"true\" class=\"wp-block-spacer\"><\/div>\n\n\n\n<h3 class=\"wp-block-heading\"><strong>Mida me sotsiaalmeediaga teeme?<\/strong><\/h3>\n\n\n\n<p>V\u00f5ite liituda v\u00f5i meeldivaks m\u00e4rkida meie Facebooki, LinkedIni, Instagrami v\u00f5i TikToki lehti. Sellisel juhul n\u00e4eme teie nime ja kui kl\u00f5psame teie nimel, n\u00e4eme ka teie avaliku profiili teavet. Sotsiaalmeediat kasutades peate meeles pidama, et<\/p>\n\n\n\n<ul class=\"default-list wp-block-list\"><li>meie veebileht on avalik, see t\u00e4hendab k\u00f5igile n\u00e4htav;<\/li><li>iga\u00fcks v\u00f5ib avaldada postituse meie sotsiaalmeedialehel ja iga\u00fcks v\u00f5ib meie sotsiaalmeedialehele ja selle avalikule sisule viidata;<\/li><li>v\u00f5imaluse korral lubame postituste automaatset t\u00f5lkimist muukeelsetele lugejatele;<\/li><li>rakendame sotsiaalmeedia sisu automaatset filtreerimist, mis t\u00e4hendab, et \u00fcldtuntud solvavaid v\u00e4ljendeid sisaldavate postituste avaldamine on automaatselt takistatud;<\/li><li>saate meiega eraviisiliselt sotsiaalmeedias \u00fchendust v\u00f5tta.<\/li><li>Kogume oma sotsiaalmeedialehtedelt statistilisi kasutusandmeid \u2013 meeldimiste, k\u00fclastuste arv jne. Neid andmeid koostavad sotsiaalmeedia teenusepakkujad ise ja need esitatakse meile isikustamata kujul.<\/li><\/ul>\n\n\n\n<div style=\"height:20px\" aria-hidden=\"true\" class=\"wp-block-spacer\"><\/div>\n\n\n\n<h3 class=\"wp-block-heading\"><strong>Kas me teeme automatiseeritud otsuseid?<\/strong><\/h3>\n\n\n\n<p>Automatiseeritud otsuste tegemine toimub siis, kui elektrooniline s\u00fcsteem kasutab isikuandmeid otsuse tegemiseks ilma inimese sekkumiseta. Wolf Group ei tee kogutud isikuandmete p\u00f5hjal automatiseeritud otsuseid.<\/p>\n\n\n\n<div style=\"height:20px\" aria-hidden=\"true\" class=\"wp-block-spacer\"><\/div>\n\n\n\n<h3 class=\"wp-block-heading\"><strong>Millised on teie \u00f5igused seoses isikuandmetega?<\/strong><\/h3>\n\n\n\n<p><strong>\u00d5igus andmetega tutvuda<\/strong><br>Teil on \u00f5igus saada teavet oma andmete kohta, mida t\u00f6\u00f6tleme. Selleks, et saada koopiat meie valduses olevate isikuandmete kohta, saatke e-kiri allpool m\u00e4rgitud meiliaadressile.<br>Meil on juriidiline kohustus veenduda, et isik, kes soovib enda kohta teavet saada, on t\u00f5epoolest isik, kellel on \u00f5igus seda teavet saada. Sel p\u00f5hjusel v\u00f5ime paluda, et t\u00f5endate oma isikusamasust v\u00f5i oma \u00f5igust andmeid taotleda<br><strong>\u00d5igus andmed kustutada<\/strong><br>Teil on \u00f5igus taotleda oma isikuandmete kustutamist. Pidage meeles, et me ei saa kustutada andmeid, mida t\u00f6\u00f6tleme lepinguj\u00e4rgse v\u00f5i juriidilise kohustuse t\u00e4itmiseks.<br><strong>\u00d5igus andmete parandamisele<\/strong><br>Teil on \u00f5igus paluda meil parandada isikuandmeid, mis ei ole teie arvates \u00f5iged. See v\u00f5ib h\u00f5lmata ka \u00f5igust paluda t\u00e4iendada teavet, mida peate mittet\u00e4ielikuks.<br>M\u00f5nel juhul ja teatud eranditega v\u00f5ib teil olla \u00f5igus paluda meil oma isikuandmed kustutada. Me ei saa kustutada andmeid, mille t\u00f6\u00f6tlemiseks on meil seaduslik kohustus.<br><strong>\u00d5igus isikuandmete t\u00f6\u00f6tlemist piirata<\/strong><br>Teil on \u00f5igus teatud asjaoludel paluda meil oma isikuandmete t\u00f6\u00f6tlemist piirata.<br><strong>\u00d5igus esitada vastuv\u00e4iteid oma isikuandmete t\u00f6\u00f6tlemisele<\/strong><br>Teil on \u00f5igus esitada vastuv\u00e4iteid oma andmete t\u00f6\u00f6tlemisele. \u00d5igust esitada vastuv\u00e4iteid isikuandmete t\u00f6\u00f6tlemisele kasutavad k\u00f5ige sagedamini \u00fcksikisikud, kui nad paluvad ettev\u00f5ttel l\u00f5petada otseturunduspakkumiste saatmine.<br><strong>Andmete \u00fclekandmise \u00f5igus<\/strong><br>Teil on \u00f5igus andmete \u00fclekandmisele, mis t\u00e4hendab seda, et kui tehnoloogiliselt on v\u00f5imalik, edastame teie digitaalses vormingus andmed teisele sarnasele teenuseosutajale.<br>Eespool nimetatud \u00f5iguste kasutamiseks v\u00f5tke meiega \u00fchendust aadressil: <a href=\"mailto:eesti.penosil@wolf-group.com\">eesti.penosil@wolf-group.com<\/a>.<br><strong>\u00d5igus esitada kaebus Andmekaitse Inspektsioonile<\/strong><br>Kui leiate, et teie privaatsust ja andmekaitse \u00f5igusi on rikutud, on teil \u00f5igus esitada kaebus Andmekaitse Inspektsioonile v\u00f5i kohalikule andmekaitse j\u00e4relevalveasutusele.<\/p>\n\n\n\n<div style=\"height:20px\" aria-hidden=\"true\" class=\"wp-block-spacer\"><\/div>\n\n\n\n<h3 class=\"wp-block-heading\"><strong>Kes peale meie veel teie andmeid t\u00f6\u00f6tleb?<\/strong><\/h3>\n\n\n\n<p>Teie isikuandmed on k\u00e4ttesaadavad vaid neile Wolf Groupi t\u00f6\u00f6tajatele, kellel on andmeid vaja oma t\u00f6\u00f6\u00fclesannete t\u00e4itmiseks ja kellel on juurdep\u00e4\u00e4s teadmisvajaduse alusel. V\u00e4ljaspool Wolf Groupi edastame andmeid rangelt vajadusp\u00f5hiselt ja vastavalt t\u00f6\u00f6tlemise eesm\u00e4rkidele j\u00e4rgmistele andmet\u00f6\u00f6tlejate kategooriatele:<\/p>\n\n\n\n<ul class=\"default-list wp-block-list\"><li>teenuseosutajad (loetelu ei ole ammendav ja v\u00f5ib muutuda): IT-hooldusteenuse osutaja, serverimajutaja, meiliserveri pakkuja, veebmeister, tagasisideprogramm KOOS.io, audiitor, juristid;<\/li><li>seadusest tuleneva kohustuse korral edastame teie andmeid ametiasutustele ja institutsioonidele (nt politsei, kohtud, H\u00e4irekeskus, Andmekaitse Inspektsioon)<\/li><\/ul>\n\n\n\n<p>Oleme s\u00f5lminud oma partneritega andmekaitselepingud, mis tagavad isikuandmete turvalise ja \u00f5igusp\u00e4rase t\u00f6\u00f6tlemise. Eespool mainitud lepingud kohustavad teisi pooli<\/p>\n\n\n\n<ul class=\"default-list wp-block-list\"><li>rakendama asjakohaseid meetmeid, et tagada isikuandmete konfidentsiaalsus ja turvalisus ning<\/li><li>t\u00f6\u00f6tlema isikuandmeid koosk\u00f5las seadusest tulenevate n\u00f5uete ja s\u00f5lmitud lepingutega.<\/li><\/ul>\n\n\n\n<p>Me ei salvesta ega edasta teie andmeid v\u00e4ljapoole Euroopa Majanduspiirkonda ega Euroopa Komisjoni kaitse piisavuse otsuseta riikidesse.<\/p>\n\n\n\n<div style=\"height:20px\" aria-hidden=\"true\" class=\"wp-block-spacer\"><\/div>\n\n\n\n<h3 class=\"wp-block-heading\"><strong>Kui kaua me teie isikuandmeid s\u00e4ilitame?<\/strong><\/h3>\n\n\n\n<p>Teie isikuandmeid s\u00e4ilitatakse seni, kuni see on seadusega n\u00f5utud v\u00f5i kuni t\u00f6\u00f6tlemise eesm\u00e4rk on t\u00e4idetud. Allj\u00e4rgnevalt on esitatud m\u00f5ned n\u00e4ited andmete s\u00e4ilitamisperioodide kohta:<\/p>\n\n\n\n<table class=\"wp-block-advgb-table advgb-table-frontend is-style-stripes\"><tbody><tr><td><strong><em>S\u00e4ilitamisperiood<\/em><\/strong><\/td><td><strong><em>N\u00e4ited<\/em><\/strong><\/td><\/tr><tr><td>T\u00f6\u00f6tlemise n\u00f5usoleku tagasiv\u00f5tmiseni<\/td><td>Kustutame andmed, mida t\u00f6\u00f6tleme teie n\u00f5usoleku alusel, kohe p\u00e4rast n\u00f5usoleku tagasiv\u00f5tmist.<\/td><\/tr><tr><td>30 p\u00e4eva p\u00e4rast Wolf Groupi konto kustutamist v\u00f5i 12 kuud p\u00e4rast viimast suhtlust meiega.<\/td><td>Kustutame teie loodud konto andmed<\/td><\/tr><tr><td>7 aastat<\/td><td>Raamatupidamisdokumendid, n\u00e4iteks arved ja arveldamine.<\/td><\/tr><\/tbody><\/table>\n\n\n\n<div style=\"height:20px\" aria-hidden=\"true\" class=\"wp-block-spacer\"><\/div>\n\n\n\n<h3 class=\"wp-block-heading\">Teie isikuandmete turvalisus<\/h3>\n\n\n\n<p>Wolf Group rakendab teie isikuandmete kaitsmiseks vajalikke seaduslikke, korralduslikke, f\u00fc\u00fcsilisi ja tehnilisi turvameetmeid. Allj\u00e4rgnevalt on esitatud m\u00f5ned n\u00e4ited meie rakendatavatest meetmetest.<\/p>\n\n\n\n<p><strong>F\u00fc\u00fcsilised meetmed<\/strong> \u2013 kontorid on lukustatud ja isikuandmeid sisaldavaid paberdokumente s\u00e4ilitatakse lukustatud kappides.<br><strong>Tehnilised meetmed<\/strong> \u2013 arvutid on paroolidega kaitstud ja andmed on vajaduse korral kr\u00fcpteeritud; kasutatakse tulem\u00fc\u00fcre ja viiruset\u00f5rjetarkvara; andmed varundatakse regulaarselt; k\u00f5igile IT-s\u00fcsteemi kasutajatele m\u00e4\u00e4ratakse rollid ja profiilid.<br><strong>Korralduslikud meetmed<\/strong> \u2013 andmekaitse-, infoturbe- ja p\u00e4\u00e4su\u00f5iguste p\u00f5him\u00f5tted; t\u00f6\u00f6tajate regulaarsed koolitused; konfidentsiaalsusn\u00f5uded t\u00f6\u00f6tajatele.<\/p>\n\n\n\n<div style=\"height:20px\" aria-hidden=\"true\" class=\"wp-block-spacer\"><\/div>\n\n\n\n<h3 class=\"wp-block-heading\">K\u00fcpsised<\/h3>\n\n\n\n<p>Wolf Group kasutab veebilehel <a href=\"https:\/\/www.penosil.com\" target=\"_blank\" rel=\"noreferrer noopener\">https:\/\/www.penosil.com<\/a> k\u00fcpsiseid, et parandada veebilehe kasutajate kogemust ja v\u00f5imaldada e-poe toimimist.<\/p>\n\n\n\n<p>K\u00fcpsis on v\u00e4ike tekstifail, mille veebibrauser salvestab automaatselt teie seadmesse. Kasutame j\u00e4rgmisi k\u00fcpsiseid.<\/p>\n\n\n\n<ul class=\"default-list wp-block-list\"><li><strong>Vajalikke k\u00fcpsiseid<\/strong> kasutatakse veebilehe k\u00fclastamise ajal oluliste funktsioonide jaoks. Need h\u00f5lmavad kasutatava riigi ja keele tuvastamist, tehingu t\u00f6\u00f6tlemist, kasutatava veebilehe versiooni tuvastamist (kas mobiilne v\u00f5i lauaarvuti), pettuste tuvastamist ja ennetamist ning vastavuse ja veebilehe stabiilsuse tagamist. Need k\u00fcpsised liigitatakse vastavalt veebilehe t\u00f6\u00f6korras hoidmise vajadustele.<\/li><li><strong>Eelistuste k\u00fcpsised<\/strong> v\u00f5imaldavad veebilehel meeles pidada teavet, mis muudab veebilehe k\u00e4itumist v\u00f5i v\u00e4limust, n\u00e4iteks teie eelistatud keel v\u00f5i piirkond, kus viibite. Need salvestavad teavet teie tehtud valikute kohta. Selle abil saame teile n\u00e4idata asjakohasemat ja isiklikku teavet.<\/li><li><strong>Statistikak\u00fcpsised<\/strong> aitavad veebilehe omanikel m\u00f5ista, kuidas kasutajad veebilehte kasutavad, kogudes ja esitades anon\u00fc\u00fcmselt teavet.<\/li><li><strong>Turundusk\u00fcpsiseid<\/strong> kasutatakse veebilehtedel kasutajate j\u00e4lgimiseks. Selle eesm\u00e4rk on n\u00e4idata reklaame, mis on kindlale kasutajale asjakohased ja huvitavad ning seega avaldajatele ja kolmandast isikust reklaamijatele v\u00e4\u00e4rtuslikumad.<\/li><li><strong>Liigitamata k\u00fcpsised<\/strong> on k\u00fcpsised, mida me liigitame koos \u00fcksikute k\u00fcpsiste pakkujatega.<\/li><\/ul>\n\n\n\n<p>V\u00f5ite oma brauseri seadetes valida k\u00fcpsistest keeldumise v\u00f5i k\u00fcpsiste vastuv\u00f5tmise m\u00e4rguande edastamise. Veebibrauserid v\u00f5imaldavad teil hallata k\u00f5vakettale salvestatud k\u00fcpsiseid veebibrauseri seadete kaudu. Kui otsustate meie k\u00fcpsistest keelduda, ei pruugi m\u00f5ned meie veebilehe funktsioonid nii h\u00e4sti t\u00f6\u00f6tada, kui me sooviksime.<\/p>\n\n\n\n<p><a href=\"\/et?page_id=30920\">K\u00fcpsiste deklaratsioon<\/a><\/p>\n\n\n\n<div style=\"height:20px\" aria-hidden=\"true\" class=\"wp-block-spacer\"><\/div>\n\n\n\n<h3 class=\"wp-block-heading\">Privaatsusteatise muudatused<\/h3>\n\n\n\n<p>Uuendame seda privaatsusteatist korrap\u00e4raselt. Meie veebilehel on alati avaldatud k\u00f5ige uuem versioon.<\/p>\n\n\n\n<h4 class=\"wp-block-heading\"><strong>Kontaktinfo:<\/strong><\/h4>\n\n\n\n<p>Wolf Group O\u00dc<br>Suur-Paala 10<br>13619 Tallinn, Estonia<br>Telefon: <a href=\"tel:+3726059301\">+372 605 9301<\/a><br>Email: <a href=\"mailto:eesti.penosil@wolf-group.com\">eesti.penosil@wolf-group.com<\/a><\/p>\n","protected":false},"excerpt":{"rendered":"Wolf Group O\u00dc \u00fcksi ja koos Wolf Groupi ettev\u00f5tetega (edaspidi:&nbsp;Wolf Group&nbsp;v\u00f5i&nbsp;meie) hindab oma klientide (edaspidi:&nbsp;teie) privaatsust. Selles privaatsusteatises selgitame, kuidas me teie isikuandmeid kogume ja kasutame ning mida teie andmete kaitsmiseks teeme. See privaatsusteatis aitab teil m\u00f5ista, miks ja kuidas me teie andmeid t\u00f6\u00f6tleme ning millised on teie isikuandmetega seotud \u00f5igused. See privaatsusteatis kehtib teile, [&hellip;]","protected":false},"author":1,"featured_media":0,"parent":0,"menu_order":0,"comment_status":"closed","ping_status":"closed","template":"page-templates\/template-narrow-page.php","meta":{"_acf_changed":false,"advgb_blocks_editor_width":"","advgb_blocks_columns_visual_guide":"","footnotes":""},"class_list":["post-3582","page","type-page","status-publish","hentry"],"acf":[],"yoast_head":"<!-- This site is optimized with the Yoast SEO plugin v27.2 - https:\/\/yoast.com\/product\/yoast-seo-wordpress\/ -->\n<title>Privaatsusp\u00f5him\u00f5tted - Penosil Estonia<\/title>\n<meta name=\"robots\" content=\"index, follow, max-snippet:-1, max-image-preview:large, max-video-preview:-1\" \/>\n<link rel=\"canonical\" href=\"https:\/\/penosil.com\/et\/privaatsus-poliitika\/\" \/>\n<meta property=\"og:locale\" content=\"et_EE\" \/>\n<meta property=\"og:type\" content=\"article\" \/>\n<meta property=\"og:title\" content=\"Privaatsusp\u00f5him\u00f5tted - Penosil Estonia\" \/>\n<meta property=\"og:description\" content=\"Wolf Group O\u00dc \u00fcksi ja koos Wolf Groupi ettev\u00f5tetega (edaspidi:&nbsp;Wolf Group&nbsp;v\u00f5i&nbsp;meie) hindab oma klientide (edaspidi:&nbsp;teie) privaatsust. Selles privaatsusteatises selgitame, kuidas me teie isikuandmeid kogume ja kasutame ning mida teie andmete kaitsmiseks teeme. See privaatsusteatis aitab teil m\u00f5ista, miks ja kuidas me teie andmeid t\u00f6\u00f6tleme ning millised on teie isikuandmetega seotud \u00f5igused. See privaatsusteatis kehtib teile, [&hellip;]\" \/>\n<meta property=\"og:url\" content=\"https:\/\/penosil.com\/et\/privaatsus-poliitika\/\" \/>\n<meta property=\"og:site_name\" content=\"Penosil Estonia\" \/>\n<meta property=\"article:modified_time\" content=\"2024-05-24T11:23:43+00:00\" \/>\n<meta name=\"twitter:card\" content=\"summary_large_image\" \/>\n<script type=\"application\/ld+json\" class=\"yoast-schema-graph\">{\"@context\":\"https:\/\/schema.org\",\"@graph\":[{\"@type\":\"WebPage\",\"@id\":\"https:\/\/penosil.com\/et\/privaatsus-poliitika\/\",\"url\":\"https:\/\/penosil.com\/et\/privaatsus-poliitika\/\",\"name\":\"Privaatsusp\u00f5him\u00f5tted - Penosil Estonia\",\"isPartOf\":{\"@id\":\"https:\/\/penosil.com\/et\/#website\"},\"datePublished\":\"2019-07-22T08:38:55+00:00\",\"dateModified\":\"2024-05-24T11:23:43+00:00\",\"breadcrumb\":{\"@id\":\"https:\/\/penosil.com\/et\/privaatsus-poliitika\/#breadcrumb\"},\"inLanguage\":\"et\",\"potentialAction\":[{\"@type\":\"ReadAction\",\"target\":[\"https:\/\/penosil.com\/et\/privaatsus-poliitika\/\"]}]},{\"@type\":\"BreadcrumbList\",\"@id\":\"https:\/\/penosil.com\/et\/privaatsus-poliitika\/#breadcrumb\",\"itemListElement\":[{\"@type\":\"ListItem\",\"position\":1,\"name\":\"Home\",\"item\":\"https:\/\/penosil.com\/et\/\"},{\"@type\":\"ListItem\",\"position\":2,\"name\":\"Privaatsusp\u00f5him\u00f5tted\"}]},{\"@type\":\"WebSite\",\"@id\":\"https:\/\/penosil.com\/et\/#website\",\"url\":\"https:\/\/penosil.com\/et\/\",\"name\":\"Penosil Estonia\",\"description\":\"\",\"potentialAction\":[{\"@type\":\"SearchAction\",\"target\":{\"@type\":\"EntryPoint\",\"urlTemplate\":\"https:\/\/penosil.com\/et\/?s={search_term_string}\"},\"query-input\":{\"@type\":\"PropertyValueSpecification\",\"valueRequired\":true,\"valueName\":\"search_term_string\"}}],\"inLanguage\":\"et\"}]}<\/script>\n<!-- \/ Yoast SEO plugin. -->","yoast_head_json":{"title":"Privaatsusp\u00f5him\u00f5tted - Penosil Estonia","robots":{"index":"index","follow":"follow","max-snippet":"max-snippet:-1","max-image-preview":"max-image-preview:large","max-video-preview":"max-video-preview:-1"},"canonical":"https:\/\/penosil.com\/et\/privaatsus-poliitika\/","og_locale":"et_EE","og_type":"article","og_title":"Privaatsusp\u00f5him\u00f5tted - Penosil Estonia","og_description":"Wolf Group O\u00dc \u00fcksi ja koos Wolf Groupi ettev\u00f5tetega (edaspidi:&nbsp;Wolf Group&nbsp;v\u00f5i&nbsp;meie) hindab oma klientide (edaspidi:&nbsp;teie) privaatsust. Selles privaatsusteatises selgitame, kuidas me teie isikuandmeid kogume ja kasutame ning mida teie andmete kaitsmiseks teeme. See privaatsusteatis aitab teil m\u00f5ista, miks ja kuidas me teie andmeid t\u00f6\u00f6tleme ning millised on teie isikuandmetega seotud \u00f5igused. See privaatsusteatis kehtib teile, [&hellip;]","og_url":"https:\/\/penosil.com\/et\/privaatsus-poliitika\/","og_site_name":"Penosil Estonia","article_modified_time":"2024-05-24T11:23:43+00:00","twitter_card":"summary_large_image","schema":{"@context":"https:\/\/schema.org","@graph":[{"@type":"WebPage","@id":"https:\/\/penosil.com\/et\/privaatsus-poliitika\/","url":"https:\/\/penosil.com\/et\/privaatsus-poliitika\/","name":"Privaatsusp\u00f5him\u00f5tted - Penosil Estonia","isPartOf":{"@id":"https:\/\/penosil.com\/et\/#website"},"datePublished":"2019-07-22T08:38:55+00:00","dateModified":"2024-05-24T11:23:43+00:00","breadcrumb":{"@id":"https:\/\/penosil.com\/et\/privaatsus-poliitika\/#breadcrumb"},"inLanguage":"et","potentialAction":[{"@type":"ReadAction","target":["https:\/\/penosil.com\/et\/privaatsus-poliitika\/"]}]},{"@type":"BreadcrumbList","@id":"https:\/\/penosil.com\/et\/privaatsus-poliitika\/#breadcrumb","itemListElement":[{"@type":"ListItem","position":1,"name":"Home","item":"https:\/\/penosil.com\/et\/"},{"@type":"ListItem","position":2,"name":"Privaatsusp\u00f5him\u00f5tted"}]},{"@type":"WebSite","@id":"https:\/\/penosil.com\/et\/#website","url":"https:\/\/penosil.com\/et\/","name":"Penosil Estonia","description":"","potentialAction":[{"@type":"SearchAction","target":{"@type":"EntryPoint","urlTemplate":"https:\/\/penosil.com\/et\/?s={search_term_string}"},"query-input":{"@type":"PropertyValueSpecification","valueRequired":true,"valueName":"search_term_string"}}],"inLanguage":"et"}]}},"coauthors":[],"author_meta":{"author_link":"https:\/\/penosil.com\/et\/author\/reaktiiv-pe\/","display_name":"reaktiiv-pe"},"relative_dates":{"created":"Posted 7 aastat ago","modified":"Updated 2 aastat ago"},"absolute_dates":{"created":"Posted on 22. juuli 2019","modified":"Updated on 24. mai 2024"},"absolute_dates_time":{"created":"Posted on 22. juuli 2019 08:38","modified":"Updated on 24. mai 2024 01:23"},"featured_img_caption":"","featured_img":false,"series_order":"","_links":{"self":[{"href":"https:\/\/penosil.com\/et\/wp-json\/wp\/v2\/pages\/3582","targetHints":{"allow":["GET"]}}],"collection":[{"href":"https:\/\/penosil.com\/et\/wp-json\/wp\/v2\/pages"}],"about":[{"href":"https:\/\/penosil.com\/et\/wp-json\/wp\/v2\/types\/page"}],"author":[{"embeddable":true,"href":"https:\/\/penosil.com\/et\/wp-json\/wp\/v2\/users\/1"}],"replies":[{"embeddable":true,"href":"https:\/\/penosil.com\/et\/wp-json\/wp\/v2\/comments?post=3582"}],"version-history":[{"count":35,"href":"https:\/\/penosil.com\/et\/wp-json\/wp\/v2\/pages\/3582\/revisions"}],"predecessor-version":[{"id":31522,"href":"https:\/\/penosil.com\/et\/wp-json\/wp\/v2\/pages\/3582\/revisions\/31522"}],"wp:attachment":[{"href":"https:\/\/penosil.com\/et\/wp-json\/wp\/v2\/media?parent=3582"}],"curies":[{"name":"wp","href":"https:\/\/api.w.org\/{rel}","templated":true}]}}