{"id":3825,"date":"2019-07-24T13:17:09","date_gmt":"2019-07-24T13:17:09","guid":{"rendered":"https:\/\/penosil.com\/et\/knowledge-centre\/"},"modified":"2021-08-11T09:43:07","modified_gmt":"2021-08-11T09:43:07","slug":"teabekeskus","status":"publish","type":"page","link":"https:\/\/penosil.com\/et\/teabekeskus\/","title":{"rendered":"Teabekeskus"},"content":{"rendered":"\n<div class=\"wp-block-columns has-3-columns is-layout-flex wp-container-core-columns-is-layout-9d6595d7 wp-block-columns-is-layout-flex\">\n<div class=\"wp-block-column is-layout-flow wp-block-column-is-layout-flow\"><article id=\"pnsl-contact-block_5d42bf27d19f9\" class=\"pnsl-information-block\" role=\"article\" aria-labelledby=\"pnsl-contact-block_5d42bf27d19f9-title\">\n         <div class=\"pnsl-list-item d-flex align-items-center justify-content-between flex-column\">\n         <div class=\"lst-item-cnt\">\n            <!-- Single comprehensive link wrapping all content for better accessibility -->\n            <a href=\"https:\/\/penosil.com\/et\/videod\/\"\n               class=\"information-block-link\"\n                              aria-label=\"View Videod\"\n               >\n\n                                                   <div class=\"lst-item-image d-flex align-items-end justify-content-center\">\n                     <img decoding=\"async\" src=\"https:\/\/penosil.com\/et\/wp-content\/uploads\/sites\/32\/2019\/08\/videos-1.svg\"\n                        alt=\"Image for Videod\"\n                        role=\"presentation\" \/>\n                  <\/div>\n               \n               <div class=\"information-block-header\">\n                  <h2 id=\"pnsl-contact-block_5d42bf27d19f9-title\">Videod<\/h2>\n               <\/div>\n                                 <div class=\"information-block-content\"><p>K\u00fclasta PENOSILi videokanalit ning vaata, kuidas kasutada meie tooteid ehitusel ja renoveerimisel.\u00a0 Leia videod \u00fchest kohast nii profile kui koduehitajale.<\/p>\n<\/div>\n                              \n               <!-- Button styled element inside the parent link - maintains accessibility and styling -->\n               <div class=\"lst-item-btn\">\n                  <span class=\"btn rbtn\">\n                     K\u00f5ik videod                  <\/span>\n               <\/div>\n               \n                           <\/a>\n         <\/div>\n      <\/div>\n   <\/article>\n\n\n<p><\/p>\n<\/div>\n\n\n\n<div class=\"wp-block-column is-layout-flow wp-block-column-is-layout-flow\"><article id=\"pnsl-contact-block_5d42c1e2c4f72\" class=\"pnsl-information-block\" role=\"article\" aria-labelledby=\"pnsl-contact-block_5d42c1e2c4f72-title\">\n         <div class=\"pnsl-list-item d-flex align-items-center justify-content-between flex-column\">\n         <div class=\"lst-item-cnt\">\n            <!-- Single comprehensive link wrapping all content for better accessibility -->\n            <a href=\"https:\/\/penosil.com\/et\/teabekeskus\/dokumentatsioon\/\"\n               class=\"information-block-link\"\n                              aria-label=\"View Tehniline dokumentatsioon\"\n               >\n\n                                                   <div class=\"lst-item-image d-flex align-items-end justify-content-center\">\n                     <img decoding=\"async\" src=\"https:\/\/penosil.com\/et\/wp-content\/uploads\/sites\/32\/2019\/08\/manuals-1.svg\"\n                        alt=\"Image for Tehniline dokumentatsioon\"\n                        role=\"presentation\" \/>\n                  <\/div>\n               \n               <div class=\"information-block-header\">\n                  <h2 id=\"pnsl-contact-block_5d42c1e2c4f72-title\">Tehniline dokumentatsioon<\/h2>\n               <\/div>\n                                 <div class=\"information-block-content\"><p>V\u00f5imalus alla laadida PENOSILi toodete tehnilisi andmelehti, ohutuskaarte ja toimivusdeklaratsioone.<\/p>\n<\/div>\n                              \n               <!-- Button styled element inside the parent link - maintains accessibility and styling -->\n               <div class=\"lst-item-btn\">\n                  <span class=\"btn rbtn\">\n                     Vaata dokumente                  <\/span>\n               <\/div>\n               \n                           <\/a>\n         <\/div>\n      <\/div>\n   <\/article>\n\n\n<p><\/p>\n<\/div>\n\n\n\n<div class=\"wp-block-column is-layout-flow wp-block-column-is-layout-flow\"><article id=\"pnsl-contact-block_5da9b3cea1ffa\" class=\"pnsl-information-block\" role=\"article\" aria-labelledby=\"pnsl-contact-block_5da9b3cea1ffa-title\">\n         <div class=\"pnsl-list-item d-flex align-items-center justify-content-between flex-column\">\n         <div class=\"lst-item-cnt\">\n            <!-- Single comprehensive link wrapping all content for better accessibility -->\n            <a href=\"https:\/\/penosil.com\/et\/teabekeskus\/kataloogid-ja-kasutusjuhendid\/\"\n               class=\"information-block-link\"\n                              aria-label=\"View Kataloogid ja kasutusjuhendid\"\n               >\n\n                                                   <div class=\"lst-item-image d-flex align-items-end justify-content-center\">\n                     <img decoding=\"async\" src=\"https:\/\/penosil.com\/et\/wp-content\/uploads\/sites\/32\/2019\/10\/pruoddcu_manual.svg\"\n                        alt=\"Image for Kataloogid ja kasutusjuhendid\"\n                        role=\"presentation\" \/>\n                  <\/div>\n               \n               <div class=\"information-block-header\">\n                  <h2 id=\"pnsl-contact-block_5da9b3cea1ffa-title\">Kataloogid ja kasutusjuhendid<\/h2>\n               <\/div>\n                                 <div class=\"information-block-content\"><p>PENOSILi tootekataloogide ja kasutusjuhendite kogum ka k\u00f5ige keerukamate projektide jaoks.<\/p>\n<\/div>\n                              \n               <!-- Button styled element inside the parent link - maintains accessibility and styling -->\n               <div class=\"lst-item-btn\">\n                  <span class=\"btn rbtn\">\n                     Vaata materjale                  <\/span>\n               <\/div>\n               \n                           <\/a>\n         <\/div>\n      <\/div>\n   <\/article><\/div>\n<\/div>\n\n\n\n<div class=\"wp-block-columns has-3-columns is-layout-flex wp-container-core-columns-is-layout-9d6595d7 wp-block-columns-is-layout-flex\">\n<div class=\"wp-block-column is-layout-flow wp-block-column-is-layout-flow\"><article id=\"pnsl-contact-block_5da9b583a2002\" class=\"pnsl-information-block\" role=\"article\" aria-labelledby=\"pnsl-contact-block_5da9b583a2002-title\">\n         <div class=\"pnsl-list-item d-flex align-items-center justify-content-between flex-column\">\n         <div class=\"lst-item-cnt\">\n            <!-- Single comprehensive link wrapping all content for better accessibility -->\n            <a href=\"https:\/\/penosil.com\/et\/teabekeskus\/kalkulaatorid\/\"\n               class=\"information-block-link\"\n                              aria-label=\"View Kalkulaatorid\"\n               >\n\n                                                   <div class=\"lst-item-image d-flex align-items-end justify-content-center\">\n                     <img decoding=\"async\" src=\"https:\/\/penosil.com\/et\/wp-content\/uploads\/sites\/32\/2019\/08\/calculator.svg\"\n                        alt=\"Image for Kalkulaatorid\"\n                        role=\"presentation\" \/>\n                  <\/div>\n               \n               <div class=\"information-block-header\">\n                  <h2 id=\"pnsl-contact-block_5da9b583a2002-title\">Kalkulaatorid<\/h2>\n               <\/div>\n                                 <div class=\"information-block-content\"><p>M\u00f5tle energias\u00e4\u00e4stlikult ning kasuta materjalikulu kalkulaatoreid, et v\u00e4hendada j\u00e4\u00e4tmete teket.<\/p>\n<\/div>\n                              \n               <!-- Button styled element inside the parent link - maintains accessibility and styling -->\n               <div class=\"lst-item-btn\">\n                  <span class=\"btn rbtn\">\n                     K\u00f5ik kalkulaatorid                  <\/span>\n               <\/div>\n               \n                           <\/a>\n         <\/div>\n      <\/div>\n   <\/article><\/div>\n\n\n\n<div class=\"wp-block-column is-layout-flow wp-block-column-is-layout-flow\"><article id=\"pnsl-contact-block_5da9b51ea1ffe\" class=\"pnsl-information-block\" role=\"article\" aria-labelledby=\"pnsl-contact-block_5da9b51ea1ffe-title\">\n         <div class=\"pnsl-list-item d-flex align-items-center justify-content-between flex-column\">\n         <div class=\"lst-item-cnt\">\n            <!-- Single comprehensive link wrapping all content for better accessibility -->\n            <a href=\"https:\/\/penosil.com\/et\/teabekeskus\/kasulikud-nouanded\/\"\n               class=\"information-block-link\"\n                              aria-label=\"View Kasulikud n\u00f5uanded\"\n               >\n\n                                                   <div class=\"lst-item-image d-flex align-items-end justify-content-center\">\n                     <img decoding=\"async\" src=\"https:\/\/penosil.com\/et\/wp-content\/uploads\/sites\/32\/2019\/10\/artiklid.svg\"\n                        alt=\"Image for Kasulikud n\u00f5uanded\"\n                        role=\"presentation\" \/>\n                  <\/div>\n               \n               <div class=\"information-block-header\">\n                  <h2 id=\"pnsl-contact-block_5da9b51ea1ffe-title\">Kasulikud n\u00f5uanded<\/h2>\n               <\/div>\n                                 <div class=\"information-block-content\"><p>Saa teada energiat\u00f5husast ja keskkonnas\u00f5bralikust ehitusest ning ehitusmaterjalidest.<\/p>\n<\/div>\n                              \n               <!-- Button styled element inside the parent link - maintains accessibility and styling -->\n               <div class=\"lst-item-btn\">\n                  <span class=\"btn rbtn\">\n                     Loe artikleid                  <\/span>\n               <\/div>\n               \n                           <\/a>\n         <\/div>\n      <\/div>\n   <\/article><\/div>\n\n\n\n<div class=\"wp-block-column is-layout-flow wp-block-column-is-layout-flow\"><article id=\"pnsl-contact-block_5ee367a246df5\" class=\"pnsl-information-block\" role=\"article\" aria-labelledby=\"pnsl-contact-block_5ee367a246df5-title\">\n         <div class=\"pnsl-list-item d-flex align-items-center justify-content-between flex-column\">\n         <div class=\"lst-item-cnt\">\n            <!-- Single comprehensive link wrapping all content for better accessibility -->\n            <a href=\"https:\/\/penosil.com\/et\/teabekeskus\/arhitektuurijoonised\/\"\n               class=\"information-block-link\"\n                              aria-label=\"View Arhitektuurijoonised\"\n               >\n\n                                                   <div class=\"lst-item-image d-flex align-items-end justify-content-center\">\n                     <img decoding=\"async\" src=\"https:\/\/penosil.com\/et\/wp-content\/uploads\/sites\/32\/2020\/10\/joonis-e1571403880736.png\"\n                        alt=\"Image for Arhitektuurijoonised\"\n                        role=\"presentation\" \/>\n                  <\/div>\n               \n               <div class=\"information-block-header\">\n                  <h2 id=\"pnsl-contact-block_5ee367a246df5-title\">Arhitektuurijoonised<\/h2>\n               <\/div>\n                                 <div class=\"information-block-content\"><p>Erinevat t\u00fc\u00fcpi hoonete konstruktsioonielementide joonised PDF- ja DWG-formaadis.<\/p>\n<\/div>\n                              \n               <!-- Button styled element inside the parent link - maintains accessibility and styling -->\n               <div class=\"lst-item-btn\">\n                  <span class=\"btn rbtn\">\n                     Vaata jooniseid                  <\/span>\n               <\/div>\n               \n                           <\/a>\n         <\/div>\n      <\/div>\n   <\/article><\/div>\n<\/div>\n\n\n\n<div class=\"wp-block-columns is-layout-flex wp-container-core-columns-is-layout-9d6595d7 wp-block-columns-is-layout-flex\">\n<div class=\"wp-block-column is-layout-flow wp-block-column-is-layout-flow\"><article id=\"pnsl-contact-block_60cc8ccdd6411\" class=\"pnsl-information-block\" role=\"article\" aria-labelledby=\"pnsl-contact-block_60cc8ccdd6411-title\">\n         <div class=\"pnsl-list-item d-flex align-items-center justify-content-between flex-column\">\n         <div class=\"lst-item-cnt\">\n            <!-- Single comprehensive link wrapping all content for better accessibility -->\n            <a href=\"https:\/\/penosil.com\/et\/teabekeskus\/korduma-kippuvad-kusimused\/\"\n               class=\"information-block-link\"\n                              aria-label=\"View Korduma kippuvad k\u00fcsimused\"\n               >\n\n                                                   <div class=\"lst-item-image d-flex align-items-end justify-content-center\">\n                     <img decoding=\"async\" src=\"https:\/\/penosil.com\/et\/wp-content\/uploads\/sites\/32\/2021\/08\/faq.svg\"\n                        alt=\"Image for Korduma kippuvad k\u00fcsimused\"\n                        role=\"presentation\" \/>\n                  <\/div>\n               \n               <div class=\"information-block-header\">\n                  <h2 id=\"pnsl-contact-block_60cc8ccdd6411-title\">Korduma kippuvad k\u00fcsimused<\/h2>\n               <\/div>\n                                 <div class=\"information-block-content\"><p id=\"tw-target-text\" class=\"tw-data-text tw-text-large XcVN5d tw-ta\" dir=\"ltr\" data-placeholder=\"T\u00f5lge\">Tere tulemast meie korduma kippuvate k\u00fcsimuste rubriiki, kust leiate asjatundlikke n\u00e4pun\u00e4iteid ja vastuseid oma PENOSILi tootega seotud k\u00fcsimustele.<\/p>\n<p>&nbsp;<\/p>\n<\/div>\n                              \n               <!-- Button styled element inside the parent link - maintains accessibility and styling -->\n               <div class=\"lst-item-btn\">\n                  <span class=\"btn rbtn\">\n                     Leia vastus                  <\/span>\n               <\/div>\n               \n                           <\/a>\n         <\/div>\n      <\/div>\n   <\/article><\/div>\n\n\n\n<div class=\"wp-block-column is-layout-flow wp-block-column-is-layout-flow\"><\/div>\n\n\n\n<div class=\"wp-block-column is-layout-flow wp-block-column-is-layout-flow\"><\/div>\n<\/div>\n","protected":false},"excerpt":{"rendered":"","protected":false},"author":1,"featured_media":0,"parent":0,"menu_order":0,"comment_status":"closed","ping_status":"closed","template":"page-templates\/template-knowledge.php","meta":{"_acf_changed":false,"advgb_blocks_editor_width":"","advgb_blocks_columns_visual_guide":"","footnotes":""},"class_list":["post-3825","page","type-page","status-publish","hentry"],"acf":[],"yoast_head":"<!-- This site is optimized with the Yoast SEO plugin v27.2 - https:\/\/yoast.com\/product\/yoast-seo-wordpress\/ -->\n<title>Teabekeskus - PENOSIL Eesti<\/title>\n<meta name=\"description\" content=\"Tere tulemast teabekeskusesse, kust leiate videod, dokumentatsiooni, kasutusjuhendid, kalkulaatorid, artiklid ja arhitektuurijoonised.\" \/>\n<meta name=\"robots\" content=\"index, follow, max-snippet:-1, max-image-preview:large, max-video-preview:-1\" \/>\n<link rel=\"canonical\" href=\"https:\/\/penosil.com\/et\/teabekeskus\/\" \/>\n<meta property=\"og:locale\" content=\"et_EE\" \/>\n<meta property=\"og:type\" content=\"article\" \/>\n<meta property=\"og:title\" content=\"Teabekeskus - PENOSIL Eesti\" \/>\n<meta property=\"og:description\" content=\"Tere tulemast teabekeskusesse, kust leiate videod, dokumentatsiooni, kasutusjuhendid, kalkulaatorid, artiklid ja arhitektuurijoonised.\" \/>\n<meta property=\"og:url\" content=\"https:\/\/penosil.com\/et\/teabekeskus\/\" \/>\n<meta property=\"og:site_name\" content=\"Penosil Estonia\" \/>\n<meta property=\"article:modified_time\" content=\"2021-08-11T09:43:07+00:00\" \/>\n<meta name=\"twitter:card\" content=\"summary_large_image\" \/>\n<script type=\"application\/ld+json\" class=\"yoast-schema-graph\">{\"@context\":\"https:\/\/schema.org\",\"@graph\":[{\"@type\":\"WebPage\",\"@id\":\"https:\/\/penosil.com\/et\/teabekeskus\/\",\"url\":\"https:\/\/penosil.com\/et\/teabekeskus\/\",\"name\":\"Teabekeskus - PENOSIL Eesti\",\"isPartOf\":{\"@id\":\"https:\/\/penosil.com\/et\/#website\"},\"datePublished\":\"2019-07-24T13:17:09+00:00\",\"dateModified\":\"2021-08-11T09:43:07+00:00\",\"description\":\"Tere tulemast teabekeskusesse, kust leiate videod, dokumentatsiooni, kasutusjuhendid, kalkulaatorid, artiklid ja arhitektuurijoonised.\",\"breadcrumb\":{\"@id\":\"https:\/\/penosil.com\/et\/teabekeskus\/#breadcrumb\"},\"inLanguage\":\"et\",\"potentialAction\":[{\"@type\":\"ReadAction\",\"target\":[\"https:\/\/penosil.com\/et\/teabekeskus\/\"]}]},{\"@type\":\"BreadcrumbList\",\"@id\":\"https:\/\/penosil.com\/et\/teabekeskus\/#breadcrumb\",\"itemListElement\":[{\"@type\":\"ListItem\",\"position\":1,\"name\":\"Home\",\"item\":\"https:\/\/penosil.com\/et\/\"},{\"@type\":\"ListItem\",\"position\":2,\"name\":\"Teabekeskus\"}]},{\"@type\":\"WebSite\",\"@id\":\"https:\/\/penosil.com\/et\/#website\",\"url\":\"https:\/\/penosil.com\/et\/\",\"name\":\"Penosil Estonia\",\"description\":\"\",\"potentialAction\":[{\"@type\":\"SearchAction\",\"target\":{\"@type\":\"EntryPoint\",\"urlTemplate\":\"https:\/\/penosil.com\/et\/?s={search_term_string}\"},\"query-input\":{\"@type\":\"PropertyValueSpecification\",\"valueRequired\":true,\"valueName\":\"search_term_string\"}}],\"inLanguage\":\"et\"}]}<\/script>\n<!-- \/ Yoast SEO plugin. -->","yoast_head_json":{"title":"Teabekeskus - PENOSIL Eesti","description":"Tere tulemast teabekeskusesse, kust leiate videod, dokumentatsiooni, kasutusjuhendid, kalkulaatorid, artiklid ja arhitektuurijoonised.","robots":{"index":"index","follow":"follow","max-snippet":"max-snippet:-1","max-image-preview":"max-image-preview:large","max-video-preview":"max-video-preview:-1"},"canonical":"https:\/\/penosil.com\/et\/teabekeskus\/","og_locale":"et_EE","og_type":"article","og_title":"Teabekeskus - PENOSIL Eesti","og_description":"Tere tulemast teabekeskusesse, kust leiate videod, dokumentatsiooni, kasutusjuhendid, kalkulaatorid, artiklid ja arhitektuurijoonised.","og_url":"https:\/\/penosil.com\/et\/teabekeskus\/","og_site_name":"Penosil Estonia","article_modified_time":"2021-08-11T09:43:07+00:00","twitter_card":"summary_large_image","schema":{"@context":"https:\/\/schema.org","@graph":[{"@type":"WebPage","@id":"https:\/\/penosil.com\/et\/teabekeskus\/","url":"https:\/\/penosil.com\/et\/teabekeskus\/","name":"Teabekeskus - PENOSIL Eesti","isPartOf":{"@id":"https:\/\/penosil.com\/et\/#website"},"datePublished":"2019-07-24T13:17:09+00:00","dateModified":"2021-08-11T09:43:07+00:00","description":"Tere tulemast teabekeskusesse, kust leiate videod, dokumentatsiooni, kasutusjuhendid, kalkulaatorid, artiklid ja arhitektuurijoonised.","breadcrumb":{"@id":"https:\/\/penosil.com\/et\/teabekeskus\/#breadcrumb"},"inLanguage":"et","potentialAction":[{"@type":"ReadAction","target":["https:\/\/penosil.com\/et\/teabekeskus\/"]}]},{"@type":"BreadcrumbList","@id":"https:\/\/penosil.com\/et\/teabekeskus\/#breadcrumb","itemListElement":[{"@type":"ListItem","position":1,"name":"Home","item":"https:\/\/penosil.com\/et\/"},{"@type":"ListItem","position":2,"name":"Teabekeskus"}]},{"@type":"WebSite","@id":"https:\/\/penosil.com\/et\/#website","url":"https:\/\/penosil.com\/et\/","name":"Penosil Estonia","description":"","potentialAction":[{"@type":"SearchAction","target":{"@type":"EntryPoint","urlTemplate":"https:\/\/penosil.com\/et\/?s={search_term_string}"},"query-input":{"@type":"PropertyValueSpecification","valueRequired":true,"valueName":"search_term_string"}}],"inLanguage":"et"}]}},"coauthors":[],"author_meta":{"author_link":"https:\/\/penosil.com\/et\/author\/reaktiiv-pe\/","display_name":"reaktiiv-pe"},"relative_dates":{"created":"Posted 7 aastat ago","modified":"Updated 5 aastat ago"},"absolute_dates":{"created":"Posted on 24. juuli 2019","modified":"Updated on 11. aug. 2021"},"absolute_dates_time":{"created":"Posted on 24. juuli 2019 01:17","modified":"Updated on 11. aug. 2021 09:43"},"featured_img_caption":"","featured_img":false,"series_order":"","_links":{"self":[{"href":"https:\/\/penosil.com\/et\/wp-json\/wp\/v2\/pages\/3825","targetHints":{"allow":["GET"]}}],"collection":[{"href":"https:\/\/penosil.com\/et\/wp-json\/wp\/v2\/pages"}],"about":[{"href":"https:\/\/penosil.com\/et\/wp-json\/wp\/v2\/types\/page"}],"author":[{"embeddable":true,"href":"https:\/\/penosil.com\/et\/wp-json\/wp\/v2\/users\/1"}],"replies":[{"embeddable":true,"href":"https:\/\/penosil.com\/et\/wp-json\/wp\/v2\/comments?post=3825"}],"version-history":[{"count":78,"href":"https:\/\/penosil.com\/et\/wp-json\/wp\/v2\/pages\/3825\/revisions"}],"predecessor-version":[{"id":28754,"href":"https:\/\/penosil.com\/et\/wp-json\/wp\/v2\/pages\/3825\/revisions\/28754"}],"wp:attachment":[{"href":"https:\/\/penosil.com\/et\/wp-json\/wp\/v2\/media?parent=3825"}],"curies":[{"name":"wp","href":"https:\/\/api.w.org\/{rel}","templated":true}]}}