{"id":10739,"date":"2020-03-03T12:36:05","date_gmt":"2020-03-03T10:36:05","guid":{"rendered":"https:\/\/penosil.com\/et\/?post_type=product&#038;p=10739"},"modified":"2026-02-09T10:46:40","modified_gmt":"2026-02-09T08:46:40","slug":"speedfix-hightack-707-ulitugev-hubriidliim","status":"publish","type":"product","link":"https:\/\/penosil.com\/et\/toode\/speedfix-hightack-707-ulitugev-hubriidliim\/","title":{"rendered":"SpeedFix High Tack 707"},"content":{"rendered":"<p>PENOSIL SpeedFix High Tack 707 on \u00fcldotstarbeline suure viskoossusega h\u00fcbriidpol\u00fcmeer eriti tugeva ja kiire esmase nakke saavutamiseks. Kasutamiseks sise- ja v\u00e4listingimustes, kus n\u00f5utakse eriti tugevat nakkumist.<\/p>\n<p>Iga ostetud SpeedFix High Tack 707&#039;ga toetate Eesti Maadlusliitu ning annate hoogu laste ja noorte maadluskarj\u00e4\u00e4rile.<\/p>\n","protected":false},"excerpt":{"rendered":"\u00dclitugev h\u00fcbriidliim","protected":false},"author":6,"featured_media":35076,"template":"","meta":{"_acf_changed":false,"advgb_blocks_editor_width":"","advgb_blocks_columns_visual_guide":"","footnotes":""},"product_brand":[],"product_cat":[1358,2628,227,225],"product_tag":[],"class_list":{"0":"post-10739","1":"product","2":"type-product","3":"status-publish","4":"has-post-thumbnail","6":"product_cat-tootekategooriad","7":"product_cat-hubriidliimid","8":"product_cat-liimid","9":"product_cat-liimimine","11":"first","12":"instock","13":"taxable","14":"shipping-taxable","15":"purchasable","16":"product-type-simple"},"acf":[],"yoast_head":"<!-- This site is optimized with the Yoast SEO plugin v27.2 - https:\/\/yoast.com\/product\/yoast-seo-wordpress\/ -->\n<title>PENOSIL SpeedFix High Tack 707 \u00fcldotstarbeline h\u00fcbriidliim<\/title>\n<meta name=\"description\" content=\"PENOSIL SpeedFix High Tack 707, \u00fcldotstarbeline liim eriti tugeva ja kiire esmase nakke tagamiseks. Kasutamiseks nii sise- kui ka v\u00e4listingimustes. Lugege l\u00e4hemalt!\" \/>\n<meta name=\"robots\" content=\"index, follow, max-snippet:-1, max-image-preview:large, max-video-preview:-1\" \/>\n<link rel=\"canonical\" href=\"https:\/\/penosil.com\/et\/toode\/speedfix-hightack-707-ulitugev-hubriidliim\/\" \/>\n<meta property=\"og:locale\" content=\"et_EE\" \/>\n<meta property=\"og:type\" content=\"article\" \/>\n<meta property=\"og:title\" content=\"PENOSIL SpeedFix High Tack 707 \u00fcldotstarbeline h\u00fcbriidliim\" \/>\n<meta property=\"og:description\" content=\"PENOSIL SpeedFix High Tack 707, \u00fcldotstarbeline liim eriti tugeva ja kiire esmase nakke tagamiseks. Kasutamiseks nii sise- kui ka v\u00e4listingimustes. Lugege l\u00e4hemalt!\" \/>\n<meta property=\"og:url\" content=\"https:\/\/penosil.com\/et\/toode\/speedfix-hightack-707-ulitugev-hubriidliim\/\" \/>\n<meta property=\"og:site_name\" content=\"Penosil Estonia\" \/>\n<meta property=\"article:modified_time\" content=\"2026-02-09T08:46:40+00:00\" \/>\n<meta property=\"og:image\" content=\"https:\/\/penosil.com\/et\/wp-content\/uploads\/sites\/32\/2025\/09\/707_SpeedFix-High-Tack-707-EE-28Maadlus29_1.png\" \/>\n\t<meta property=\"og:image:width\" content=\"387\" \/>\n\t<meta property=\"og:image:height\" content=\"1080\" \/>\n\t<meta property=\"og:image:type\" content=\"image\/png\" \/>\n<meta name=\"twitter:card\" content=\"summary_large_image\" \/>\n<script type=\"application\/ld+json\" class=\"yoast-schema-graph\">{\"@context\":\"https:\/\/schema.org\",\"@graph\":[{\"@type\":\"WebPage\",\"@id\":\"https:\/\/penosil.com\/et\/toode\/speedfix-hightack-707-ulitugev-hubriidliim\/\",\"url\":\"https:\/\/penosil.com\/et\/toode\/speedfix-hightack-707-ulitugev-hubriidliim\/\",\"name\":\"PENOSIL SpeedFix High Tack 707 \u00fcldotstarbeline h\u00fcbriidliim\",\"isPartOf\":{\"@id\":\"https:\/\/penosil.com\/et\/#website\"},\"primaryImageOfPage\":{\"@id\":\"https:\/\/penosil.com\/et\/toode\/speedfix-hightack-707-ulitugev-hubriidliim\/#primaryimage\"},\"image\":{\"@id\":\"https:\/\/penosil.com\/et\/toode\/speedfix-hightack-707-ulitugev-hubriidliim\/#primaryimage\"},\"thumbnailUrl\":\"https:\/\/penosil.com\/et\/wp-content\/uploads\/sites\/32\/2025\/09\/707_SpeedFix-High-Tack-707-EE-28Maadlus29_1.png\",\"datePublished\":\"2020-03-03T10:36:05+00:00\",\"dateModified\":\"2026-02-09T08:46:40+00:00\",\"description\":\"PENOSIL SpeedFix High Tack 707, \u00fcldotstarbeline liim eriti tugeva ja kiire esmase nakke tagamiseks. Kasutamiseks nii sise- kui ka v\u00e4listingimustes. Lugege l\u00e4hemalt!\",\"breadcrumb\":{\"@id\":\"https:\/\/penosil.com\/et\/toode\/speedfix-hightack-707-ulitugev-hubriidliim\/#breadcrumb\"},\"inLanguage\":\"et\",\"potentialAction\":[{\"@type\":\"ReadAction\",\"target\":[\"https:\/\/penosil.com\/et\/toode\/speedfix-hightack-707-ulitugev-hubriidliim\/\"]}]},{\"@type\":\"ImageObject\",\"inLanguage\":\"et\",\"@id\":\"https:\/\/penosil.com\/et\/toode\/speedfix-hightack-707-ulitugev-hubriidliim\/#primaryimage\",\"url\":\"https:\/\/penosil.com\/et\/wp-content\/uploads\/sites\/32\/2025\/09\/707_SpeedFix-High-Tack-707-EE-28Maadlus29_1.png\",\"contentUrl\":\"https:\/\/penosil.com\/et\/wp-content\/uploads\/sites\/32\/2025\/09\/707_SpeedFix-High-Tack-707-EE-28Maadlus29_1.png\",\"width\":387,\"height\":1080,\"caption\":\"PENOSIL SpeedFix High Tack 707 kiire ja tugev h\u00fcbriidliim\"},{\"@type\":\"BreadcrumbList\",\"@id\":\"https:\/\/penosil.com\/et\/toode\/speedfix-hightack-707-ulitugev-hubriidliim\/#breadcrumb\",\"itemListElement\":[{\"@type\":\"ListItem\",\"position\":1,\"name\":\"Home\",\"item\":\"https:\/\/penosil.com\/et\/\"},{\"@type\":\"ListItem\",\"position\":2,\"name\":\"Tooted\",\"item\":\"https:\/\/penosil.com\/et\/tooted\/\"},{\"@type\":\"ListItem\",\"position\":3,\"name\":\"SpeedFix High Tack 707\"}]},{\"@type\":\"WebSite\",\"@id\":\"https:\/\/penosil.com\/et\/#website\",\"url\":\"https:\/\/penosil.com\/et\/\",\"name\":\"Penosil Estonia\",\"description\":\"\",\"potentialAction\":[{\"@type\":\"SearchAction\",\"target\":{\"@type\":\"EntryPoint\",\"urlTemplate\":\"https:\/\/penosil.com\/et\/?s={search_term_string}\"},\"query-input\":{\"@type\":\"PropertyValueSpecification\",\"valueRequired\":true,\"valueName\":\"search_term_string\"}}],\"inLanguage\":\"et\"}]}<\/script>\n<!-- \/ Yoast SEO plugin. -->","yoast_head_json":{"title":"PENOSIL SpeedFix High Tack 707 \u00fcldotstarbeline h\u00fcbriidliim","description":"PENOSIL SpeedFix High Tack 707, \u00fcldotstarbeline liim eriti tugeva ja kiire esmase nakke tagamiseks. Kasutamiseks nii sise- kui ka v\u00e4listingimustes. Lugege l\u00e4hemalt!","robots":{"index":"index","follow":"follow","max-snippet":"max-snippet:-1","max-image-preview":"max-image-preview:large","max-video-preview":"max-video-preview:-1"},"canonical":"https:\/\/penosil.com\/et\/toode\/speedfix-hightack-707-ulitugev-hubriidliim\/","og_locale":"et_EE","og_type":"article","og_title":"PENOSIL SpeedFix High Tack 707 \u00fcldotstarbeline h\u00fcbriidliim","og_description":"PENOSIL SpeedFix High Tack 707, \u00fcldotstarbeline liim eriti tugeva ja kiire esmase nakke tagamiseks. Kasutamiseks nii sise- kui ka v\u00e4listingimustes. Lugege l\u00e4hemalt!","og_url":"https:\/\/penosil.com\/et\/toode\/speedfix-hightack-707-ulitugev-hubriidliim\/","og_site_name":"Penosil Estonia","article_modified_time":"2026-02-09T08:46:40+00:00","og_image":[{"width":387,"height":1080,"url":"https:\/\/penosil.com\/et\/wp-content\/uploads\/sites\/32\/2025\/09\/707_SpeedFix-High-Tack-707-EE-28Maadlus29_1.png","type":"image\/png"}],"twitter_card":"summary_large_image","schema":{"@context":"https:\/\/schema.org","@graph":[{"@type":"WebPage","@id":"https:\/\/penosil.com\/et\/toode\/speedfix-hightack-707-ulitugev-hubriidliim\/","url":"https:\/\/penosil.com\/et\/toode\/speedfix-hightack-707-ulitugev-hubriidliim\/","name":"PENOSIL SpeedFix High Tack 707 \u00fcldotstarbeline h\u00fcbriidliim","isPartOf":{"@id":"https:\/\/penosil.com\/et\/#website"},"primaryImageOfPage":{"@id":"https:\/\/penosil.com\/et\/toode\/speedfix-hightack-707-ulitugev-hubriidliim\/#primaryimage"},"image":{"@id":"https:\/\/penosil.com\/et\/toode\/speedfix-hightack-707-ulitugev-hubriidliim\/#primaryimage"},"thumbnailUrl":"https:\/\/penosil.com\/et\/wp-content\/uploads\/sites\/32\/2025\/09\/707_SpeedFix-High-Tack-707-EE-28Maadlus29_1.png","datePublished":"2020-03-03T10:36:05+00:00","dateModified":"2026-02-09T08:46:40+00:00","description":"PENOSIL SpeedFix High Tack 707, \u00fcldotstarbeline liim eriti tugeva ja kiire esmase nakke tagamiseks. Kasutamiseks nii sise- kui ka v\u00e4listingimustes. Lugege l\u00e4hemalt!","breadcrumb":{"@id":"https:\/\/penosil.com\/et\/toode\/speedfix-hightack-707-ulitugev-hubriidliim\/#breadcrumb"},"inLanguage":"et","potentialAction":[{"@type":"ReadAction","target":["https:\/\/penosil.com\/et\/toode\/speedfix-hightack-707-ulitugev-hubriidliim\/"]}]},{"@type":"ImageObject","inLanguage":"et","@id":"https:\/\/penosil.com\/et\/toode\/speedfix-hightack-707-ulitugev-hubriidliim\/#primaryimage","url":"https:\/\/penosil.com\/et\/wp-content\/uploads\/sites\/32\/2025\/09\/707_SpeedFix-High-Tack-707-EE-28Maadlus29_1.png","contentUrl":"https:\/\/penosil.com\/et\/wp-content\/uploads\/sites\/32\/2025\/09\/707_SpeedFix-High-Tack-707-EE-28Maadlus29_1.png","width":387,"height":1080,"caption":"PENOSIL SpeedFix High Tack 707 kiire ja tugev h\u00fcbriidliim"},{"@type":"BreadcrumbList","@id":"https:\/\/penosil.com\/et\/toode\/speedfix-hightack-707-ulitugev-hubriidliim\/#breadcrumb","itemListElement":[{"@type":"ListItem","position":1,"name":"Home","item":"https:\/\/penosil.com\/et\/"},{"@type":"ListItem","position":2,"name":"Tooted","item":"https:\/\/penosil.com\/et\/tooted\/"},{"@type":"ListItem","position":3,"name":"SpeedFix High Tack 707"}]},{"@type":"WebSite","@id":"https:\/\/penosil.com\/et\/#website","url":"https:\/\/penosil.com\/et\/","name":"Penosil Estonia","description":"","potentialAction":[{"@type":"SearchAction","target":{"@type":"EntryPoint","urlTemplate":"https:\/\/penosil.com\/et\/?s={search_term_string}"},"query-input":{"@type":"PropertyValueSpecification","valueRequired":true,"valueName":"search_term_string"}}],"inLanguage":"et"}]}},"featured_img":"https:\/\/penosil.com\/et\/wp-content\/uploads\/sites\/32\/2025\/09\/707_SpeedFix-High-Tack-707-EE-28Maadlus29_1.png","coauthors":[],"author_meta":{"author_link":"https:\/\/penosil.com\/et\/author\/anne\/","display_name":"Anne Lulla"},"relative_dates":{"created":"Posted 6 aastat ago","modified":"Updated 2 kuud ago"},"absolute_dates":{"created":"Posted on 3. m\u00e4rts 2020","modified":"Updated on 9. veebr. 2026"},"absolute_dates_time":{"created":"Posted on 3. m\u00e4rts 2020 12:36","modified":"Updated on 9. veebr. 2026 10:46"},"featured_img_caption":"","tax_additional":{"product_brand":{"linked":[],"unlinked":[],"slug":"product_brand","name":"Br\u00e4ndid"},"product_type":{"linked":["<a href=\"https:\/\/penosil.com\/et\/?taxonomy=product_type&#038;term=simple\" class=\"advgb-post-tax-term\">simple<\/a>"],"unlinked":["<span class=\"advgb-post-tax-term\">simple<\/span>"],"slug":"product_type","name":"Product type"},"product_visibility":{"linked":[],"unlinked":[],"slug":"product_visibility","name":"Product visibility"},"product_cat":{"linked":["<a href=\"https:\/\/penosil.com\/et\/tooted\/tootekategooriad\/\" class=\"advgb-post-tax-term\">Tootekategooriad<\/a>","<a href=\"https:\/\/penosil.com\/et\/tooted\/tootekategooriad\/liimid\/hubriidliimid\/\" class=\"advgb-post-tax-term\">H\u00fcbriidliimid<\/a>","<a href=\"https:\/\/penosil.com\/et\/tooted\/tootekategooriad\/liimid\/\" class=\"advgb-post-tax-term\">Liimid<\/a>","<a href=\"https:\/\/penosil.com\/et\/tooted\/kasutusalad\/liimimine\/\" class=\"advgb-post-tax-term\">Liimimine<\/a>"],"unlinked":["<span class=\"advgb-post-tax-term\">Tootekategooriad<\/span>","<span class=\"advgb-post-tax-term\">H\u00fcbriidliimid<\/span>","<span class=\"advgb-post-tax-term\">Liimid<\/span>","<span class=\"advgb-post-tax-term\">Liimimine<\/span>"],"slug":"product_cat","name":"Tootekategooriad"},"product_tag":{"linked":[],"unlinked":[],"slug":"product_tag","name":"Tootesildid"},"product_shipping_class":{"linked":[],"unlinked":[],"slug":"product_shipping_class","name":"Toote tarneklassid"},"pos_product_visibility":{"linked":[],"unlinked":[],"slug":"pos_product_visibility","name":"POS Product visibility"},"pa_color":{"linked":["<a href=\"https:\/\/penosil.com\/et\/?taxonomy=pa_color&#038;term=white-et-2\" class=\"advgb-post-tax-term\">Valge<\/a>"],"unlinked":["<span class=\"advgb-post-tax-term\">Valge<\/span>"],"slug":"pa_color","name":"Product Colour"},"pa_diameter":{"linked":[],"unlinked":[],"slug":"pa_diameter","name":"Product Diameter"},"pa_package":{"linked":[],"unlinked":[],"slug":"pa_package","name":"Product Package"},"pa_roll":{"linked":[],"unlinked":[],"slug":"pa_roll","name":"Product Roll"},"pa_widths":{"linked":[],"unlinked":[],"slug":"pa_widths","name":"Product Widths"},"translation_priority":{"linked":["<a href=\"https:\/\/penosil.com\/et\/?taxonomy=translation_priority&#038;term=optional-et\" class=\"advgb-post-tax-term\">Optional<\/a>"],"unlinked":["<span class=\"advgb-post-tax-term\">Optional<\/span>"],"slug":"translation_priority","name":"Translation Priorities"}},"series_order":"","_links":{"self":[{"href":"https:\/\/penosil.com\/et\/wp-json\/wp\/v2\/product\/10739","targetHints":{"allow":["GET"]}}],"collection":[{"href":"https:\/\/penosil.com\/et\/wp-json\/wp\/v2\/product"}],"about":[{"href":"https:\/\/penosil.com\/et\/wp-json\/wp\/v2\/types\/product"}],"version-history":[{"count":5,"href":"https:\/\/penosil.com\/et\/wp-json\/wp\/v2\/product\/10739\/revisions"}],"predecessor-version":[{"id":35799,"href":"https:\/\/penosil.com\/et\/wp-json\/wp\/v2\/product\/10739\/revisions\/35799"}],"wp:featuredmedia":[{"embeddable":true,"href":"https:\/\/penosil.com\/et\/wp-json\/wp\/v2\/media\/35076"}],"wp:attachment":[{"href":"https:\/\/penosil.com\/et\/wp-json\/wp\/v2\/media?parent=10739"}],"wp:term":[{"taxonomy":"product_brand","embeddable":true,"href":"https:\/\/penosil.com\/et\/wp-json\/wp\/v2\/product_brand?post=10739"},{"taxonomy":"product_cat","embeddable":true,"href":"https:\/\/penosil.com\/et\/wp-json\/wp\/v2\/product_cat?post=10739"},{"taxonomy":"product_tag","embeddable":true,"href":"https:\/\/penosil.com\/et\/wp-json\/wp\/v2\/product_tag?post=10739"}],"curies":[{"name":"wp","href":"https:\/\/api.w.org\/{rel}","templated":true}]}}