{"id":10887,"date":"2020-03-04T15:14:53","date_gmt":"2020-03-04T13:14:53","guid":{"rendered":"https:\/\/penosil.com\/et\/?post_type=product&#038;p=10887"},"modified":"2026-02-19T15:48:29","modified_gmt":"2026-02-19T13:48:29","slug":"floorwall-universalfix-619","status":"publish","type":"product","link":"https:\/\/penosil.com\/et\/toode\/floorwall-universalfix-619\/","title":{"rendered":"Floor&#038;Wall UniversalFix 619"},"content":{"rendered":"<p>PENOSIL Floor&amp;Wall UniversalFix 619 on kasutusvalmis veep\u00f5hine akr\u00fc\u00fclliim erinevate pehmete p\u00f5randa- ja seinakattematerjalide liimimiseks. Nakkub h\u00e4sti mitmesuguste poorsete ja mittepoorsete pindadega.<\/p>\n","protected":false},"excerpt":{"rendered":"Seina- ja p\u00f5randakatete liim","protected":false},"author":6,"featured_media":34845,"template":"","meta":{"_acf_changed":false,"advgb_blocks_editor_width":"","advgb_blocks_columns_visual_guide":"","footnotes":""},"product_brand":[],"product_cat":[1358,227,2629,225],"product_tag":[],"class_list":{"0":"post-10887","1":"product","2":"type-product","3":"status-publish","4":"has-post-thumbnail","6":"product_cat-tootekategooriad","7":"product_cat-liimid","8":"product_cat-akruulliimid","9":"product_cat-liimimine","11":"first","12":"instock","13":"taxable","14":"shipping-taxable","15":"purchasable","16":"product-type-simple"},"acf":[],"yoast_head":"<!-- This site is optimized with the Yoast SEO plugin v27.2 - https:\/\/yoast.com\/product\/yoast-seo-wordpress\/ -->\n<title>PENOSIL Floor&amp;Wall UniversalFix 619 on veep\u00f5hine akr\u00fc\u00fclliim erinevate p\u00f5randa- ja seinakatete liimimiseks<\/title>\n<meta name=\"description\" content=\"Penosil Floor&amp;Wall UniversalFix 619, liim mitmesuguste p\u00f5randa- ja seinakatete, nagu vaipade, PVC, vin\u00fc\u00fcli, vildi ja korgi liimimiseks. Lugege lisaks.\" \/>\n<meta name=\"robots\" content=\"index, follow, max-snippet:-1, max-image-preview:large, max-video-preview:-1\" \/>\n<link rel=\"canonical\" href=\"https:\/\/penosil.com\/et\/toode\/floorwall-universalfix-619\/\" \/>\n<meta property=\"og:locale\" content=\"et_EE\" \/>\n<meta property=\"og:type\" content=\"article\" \/>\n<meta property=\"og:title\" content=\"PENOSIL Floor&amp;Wall UniversalFix 619 on veep\u00f5hine akr\u00fc\u00fclliim erinevate p\u00f5randa- ja seinakatete liimimiseks\" \/>\n<meta property=\"og:description\" content=\"Penosil Floor&amp;Wall UniversalFix 619, liim mitmesuguste p\u00f5randa- ja seinakatete, nagu vaipade, PVC, vin\u00fc\u00fcli, vildi ja korgi liimimiseks. Lugege lisaks.\" \/>\n<meta property=\"og:url\" content=\"https:\/\/penosil.com\/et\/toode\/floorwall-universalfix-619\/\" \/>\n<meta property=\"og:site_name\" content=\"Penosil Estonia\" \/>\n<meta property=\"article:modified_time\" content=\"2026-02-19T13:48:29+00:00\" \/>\n<meta property=\"og:image\" content=\"https:\/\/penosil.com\/et\/wp-content\/uploads\/sites\/32\/2025\/09\/619_-Floor26Wall_UniversalFix_619_15kg_EE_FI_1.png\" \/>\n\t<meta property=\"og:image:width\" content=\"831\" \/>\n\t<meta property=\"og:image:height\" content=\"648\" \/>\n\t<meta property=\"og:image:type\" content=\"image\/png\" \/>\n<meta name=\"twitter:card\" content=\"summary_large_image\" \/>\n<script type=\"application\/ld+json\" class=\"yoast-schema-graph\">{\"@context\":\"https:\/\/schema.org\",\"@graph\":[{\"@type\":\"WebPage\",\"@id\":\"https:\/\/penosil.com\/et\/toode\/floorwall-universalfix-619\/\",\"url\":\"https:\/\/penosil.com\/et\/toode\/floorwall-universalfix-619\/\",\"name\":\"PENOSIL Floor&Wall UniversalFix 619 on veep\u00f5hine akr\u00fc\u00fclliim erinevate p\u00f5randa- ja seinakatete liimimiseks\",\"isPartOf\":{\"@id\":\"https:\/\/penosil.com\/et\/#website\"},\"primaryImageOfPage\":{\"@id\":\"https:\/\/penosil.com\/et\/toode\/floorwall-universalfix-619\/#primaryimage\"},\"image\":{\"@id\":\"https:\/\/penosil.com\/et\/toode\/floorwall-universalfix-619\/#primaryimage\"},\"thumbnailUrl\":\"https:\/\/penosil.com\/et\/wp-content\/uploads\/sites\/32\/2025\/09\/619_-Floor26Wall_UniversalFix_619_15kg_EE_FI_1.png\",\"datePublished\":\"2020-03-04T13:14:53+00:00\",\"dateModified\":\"2026-02-19T13:48:29+00:00\",\"description\":\"Penosil Floor&Wall UniversalFix 619, liim mitmesuguste p\u00f5randa- ja seinakatete, nagu vaipade, PVC, vin\u00fc\u00fcli, vildi ja korgi liimimiseks. Lugege lisaks.\",\"breadcrumb\":{\"@id\":\"https:\/\/penosil.com\/et\/toode\/floorwall-universalfix-619\/#breadcrumb\"},\"inLanguage\":\"et\",\"potentialAction\":[{\"@type\":\"ReadAction\",\"target\":[\"https:\/\/penosil.com\/et\/toode\/floorwall-universalfix-619\/\"]}]},{\"@type\":\"ImageObject\",\"inLanguage\":\"et\",\"@id\":\"https:\/\/penosil.com\/et\/toode\/floorwall-universalfix-619\/#primaryimage\",\"url\":\"https:\/\/penosil.com\/et\/wp-content\/uploads\/sites\/32\/2025\/09\/619_-Floor26Wall_UniversalFix_619_15kg_EE_FI_1.png\",\"contentUrl\":\"https:\/\/penosil.com\/et\/wp-content\/uploads\/sites\/32\/2025\/09\/619_-Floor26Wall_UniversalFix_619_15kg_EE_FI_1.png\",\"width\":831,\"height\":648,\"caption\":\"PENOSIL Floor&Wall UniversalFix 619 seina- ja p\u00f5randakatete liim\"},{\"@type\":\"BreadcrumbList\",\"@id\":\"https:\/\/penosil.com\/et\/toode\/floorwall-universalfix-619\/#breadcrumb\",\"itemListElement\":[{\"@type\":\"ListItem\",\"position\":1,\"name\":\"Home\",\"item\":\"https:\/\/penosil.com\/et\/\"},{\"@type\":\"ListItem\",\"position\":2,\"name\":\"Tooted\",\"item\":\"https:\/\/penosil.com\/et\/tooted\/\"},{\"@type\":\"ListItem\",\"position\":3,\"name\":\"Floor&#038;Wall UniversalFix 619\"}]},{\"@type\":\"WebSite\",\"@id\":\"https:\/\/penosil.com\/et\/#website\",\"url\":\"https:\/\/penosil.com\/et\/\",\"name\":\"Penosil Estonia\",\"description\":\"\",\"potentialAction\":[{\"@type\":\"SearchAction\",\"target\":{\"@type\":\"EntryPoint\",\"urlTemplate\":\"https:\/\/penosil.com\/et\/?s={search_term_string}\"},\"query-input\":{\"@type\":\"PropertyValueSpecification\",\"valueRequired\":true,\"valueName\":\"search_term_string\"}}],\"inLanguage\":\"et\"}]}<\/script>\n<!-- \/ Yoast SEO plugin. -->","yoast_head_json":{"title":"PENOSIL Floor&Wall UniversalFix 619 on veep\u00f5hine akr\u00fc\u00fclliim erinevate p\u00f5randa- ja seinakatete liimimiseks","description":"Penosil Floor&Wall UniversalFix 619, liim mitmesuguste p\u00f5randa- ja seinakatete, nagu vaipade, PVC, vin\u00fc\u00fcli, vildi ja korgi liimimiseks. Lugege lisaks.","robots":{"index":"index","follow":"follow","max-snippet":"max-snippet:-1","max-image-preview":"max-image-preview:large","max-video-preview":"max-video-preview:-1"},"canonical":"https:\/\/penosil.com\/et\/toode\/floorwall-universalfix-619\/","og_locale":"et_EE","og_type":"article","og_title":"PENOSIL Floor&Wall UniversalFix 619 on veep\u00f5hine akr\u00fc\u00fclliim erinevate p\u00f5randa- ja seinakatete liimimiseks","og_description":"Penosil Floor&Wall UniversalFix 619, liim mitmesuguste p\u00f5randa- ja seinakatete, nagu vaipade, PVC, vin\u00fc\u00fcli, vildi ja korgi liimimiseks. Lugege lisaks.","og_url":"https:\/\/penosil.com\/et\/toode\/floorwall-universalfix-619\/","og_site_name":"Penosil Estonia","article_modified_time":"2026-02-19T13:48:29+00:00","og_image":[{"width":831,"height":648,"url":"https:\/\/penosil.com\/et\/wp-content\/uploads\/sites\/32\/2025\/09\/619_-Floor26Wall_UniversalFix_619_15kg_EE_FI_1.png","type":"image\/png"}],"twitter_card":"summary_large_image","schema":{"@context":"https:\/\/schema.org","@graph":[{"@type":"WebPage","@id":"https:\/\/penosil.com\/et\/toode\/floorwall-universalfix-619\/","url":"https:\/\/penosil.com\/et\/toode\/floorwall-universalfix-619\/","name":"PENOSIL Floor&Wall UniversalFix 619 on veep\u00f5hine akr\u00fc\u00fclliim erinevate p\u00f5randa- ja seinakatete liimimiseks","isPartOf":{"@id":"https:\/\/penosil.com\/et\/#website"},"primaryImageOfPage":{"@id":"https:\/\/penosil.com\/et\/toode\/floorwall-universalfix-619\/#primaryimage"},"image":{"@id":"https:\/\/penosil.com\/et\/toode\/floorwall-universalfix-619\/#primaryimage"},"thumbnailUrl":"https:\/\/penosil.com\/et\/wp-content\/uploads\/sites\/32\/2025\/09\/619_-Floor26Wall_UniversalFix_619_15kg_EE_FI_1.png","datePublished":"2020-03-04T13:14:53+00:00","dateModified":"2026-02-19T13:48:29+00:00","description":"Penosil Floor&Wall UniversalFix 619, liim mitmesuguste p\u00f5randa- ja seinakatete, nagu vaipade, PVC, vin\u00fc\u00fcli, vildi ja korgi liimimiseks. Lugege lisaks.","breadcrumb":{"@id":"https:\/\/penosil.com\/et\/toode\/floorwall-universalfix-619\/#breadcrumb"},"inLanguage":"et","potentialAction":[{"@type":"ReadAction","target":["https:\/\/penosil.com\/et\/toode\/floorwall-universalfix-619\/"]}]},{"@type":"ImageObject","inLanguage":"et","@id":"https:\/\/penosil.com\/et\/toode\/floorwall-universalfix-619\/#primaryimage","url":"https:\/\/penosil.com\/et\/wp-content\/uploads\/sites\/32\/2025\/09\/619_-Floor26Wall_UniversalFix_619_15kg_EE_FI_1.png","contentUrl":"https:\/\/penosil.com\/et\/wp-content\/uploads\/sites\/32\/2025\/09\/619_-Floor26Wall_UniversalFix_619_15kg_EE_FI_1.png","width":831,"height":648,"caption":"PENOSIL Floor&Wall UniversalFix 619 seina- ja p\u00f5randakatete liim"},{"@type":"BreadcrumbList","@id":"https:\/\/penosil.com\/et\/toode\/floorwall-universalfix-619\/#breadcrumb","itemListElement":[{"@type":"ListItem","position":1,"name":"Home","item":"https:\/\/penosil.com\/et\/"},{"@type":"ListItem","position":2,"name":"Tooted","item":"https:\/\/penosil.com\/et\/tooted\/"},{"@type":"ListItem","position":3,"name":"Floor&#038;Wall UniversalFix 619"}]},{"@type":"WebSite","@id":"https:\/\/penosil.com\/et\/#website","url":"https:\/\/penosil.com\/et\/","name":"Penosil Estonia","description":"","potentialAction":[{"@type":"SearchAction","target":{"@type":"EntryPoint","urlTemplate":"https:\/\/penosil.com\/et\/?s={search_term_string}"},"query-input":{"@type":"PropertyValueSpecification","valueRequired":true,"valueName":"search_term_string"}}],"inLanguage":"et"}]}},"featured_img":"https:\/\/penosil.com\/et\/wp-content\/uploads\/sites\/32\/2025\/09\/619_-Floor26Wall_UniversalFix_619_15kg_EE_FI_1.png","coauthors":[],"author_meta":{"author_link":"https:\/\/penosil.com\/et\/author\/anne\/","display_name":"Anne Lulla"},"relative_dates":{"created":"Posted 6 aastat ago","modified":"Updated 2 kuud ago"},"absolute_dates":{"created":"Posted on 4. m\u00e4rts 2020","modified":"Updated on 19. veebr. 2026"},"absolute_dates_time":{"created":"Posted on 4. m\u00e4rts 2020 03:14","modified":"Updated on 19. veebr. 2026 03:48"},"featured_img_caption":"","tax_additional":{"product_brand":{"linked":[],"unlinked":[],"slug":"product_brand","name":"Br\u00e4ndid"},"product_type":{"linked":["<a href=\"https:\/\/penosil.com\/et\/?taxonomy=product_type&#038;term=simple\" class=\"advgb-post-tax-term\">simple<\/a>"],"unlinked":["<span class=\"advgb-post-tax-term\">simple<\/span>"],"slug":"product_type","name":"Product type"},"product_visibility":{"linked":[],"unlinked":[],"slug":"product_visibility","name":"Product visibility"},"product_cat":{"linked":["<a href=\"https:\/\/penosil.com\/et\/tooted\/tootekategooriad\/\" class=\"advgb-post-tax-term\">Tootekategooriad<\/a>","<a href=\"https:\/\/penosil.com\/et\/tooted\/tootekategooriad\/liimid\/\" class=\"advgb-post-tax-term\">Liimid<\/a>","<a href=\"https:\/\/penosil.com\/et\/tooted\/tootekategooriad\/liimid\/akruulliimid\/\" class=\"advgb-post-tax-term\">Akr\u00fc\u00fclliimid<\/a>","<a href=\"https:\/\/penosil.com\/et\/tooted\/kasutusalad\/liimimine\/\" class=\"advgb-post-tax-term\">Liimimine<\/a>"],"unlinked":["<span class=\"advgb-post-tax-term\">Tootekategooriad<\/span>","<span class=\"advgb-post-tax-term\">Liimid<\/span>","<span class=\"advgb-post-tax-term\">Akr\u00fc\u00fclliimid<\/span>","<span class=\"advgb-post-tax-term\">Liimimine<\/span>"],"slug":"product_cat","name":"Tootekategooriad"},"product_tag":{"linked":[],"unlinked":[],"slug":"product_tag","name":"Tootesildid"},"product_shipping_class":{"linked":[],"unlinked":[],"slug":"product_shipping_class","name":"Toote tarneklassid"},"pos_product_visibility":{"linked":[],"unlinked":[],"slug":"pos_product_visibility","name":"POS Product visibility"},"pa_color":{"linked":["<a href=\"https:\/\/penosil.com\/et\/?taxonomy=pa_color&#038;term=light-yellow-et\" class=\"advgb-post-tax-term\">Helekollane<\/a>"],"unlinked":["<span class=\"advgb-post-tax-term\">Helekollane<\/span>"],"slug":"pa_color","name":"Product Colour"},"pa_diameter":{"linked":[],"unlinked":[],"slug":"pa_diameter","name":"Product Diameter"},"pa_package":{"linked":["<a href=\"https:\/\/penosil.com\/et\/?taxonomy=pa_package&#038;term=15-kg\" class=\"advgb-post-tax-term\">15 kg<\/a>"],"unlinked":["<span class=\"advgb-post-tax-term\">15 kg<\/span>"],"slug":"pa_package","name":"Product Package"},"pa_roll":{"linked":[],"unlinked":[],"slug":"pa_roll","name":"Product Roll"},"pa_widths":{"linked":[],"unlinked":[],"slug":"pa_widths","name":"Product Widths"},"translation_priority":{"linked":["<a href=\"https:\/\/penosil.com\/et\/?taxonomy=translation_priority&#038;term=optional-et\" class=\"advgb-post-tax-term\">Optional<\/a>"],"unlinked":["<span class=\"advgb-post-tax-term\">Optional<\/span>"],"slug":"translation_priority","name":"Translation Priorities"}},"series_order":"","_links":{"self":[{"href":"https:\/\/penosil.com\/et\/wp-json\/wp\/v2\/product\/10887","targetHints":{"allow":["GET"]}}],"collection":[{"href":"https:\/\/penosil.com\/et\/wp-json\/wp\/v2\/product"}],"about":[{"href":"https:\/\/penosil.com\/et\/wp-json\/wp\/v2\/types\/product"}],"version-history":[{"count":13,"href":"https:\/\/penosil.com\/et\/wp-json\/wp\/v2\/product\/10887\/revisions"}],"predecessor-version":[{"id":35856,"href":"https:\/\/penosil.com\/et\/wp-json\/wp\/v2\/product\/10887\/revisions\/35856"}],"wp:featuredmedia":[{"embeddable":true,"href":"https:\/\/penosil.com\/et\/wp-json\/wp\/v2\/media\/34845"}],"wp:attachment":[{"href":"https:\/\/penosil.com\/et\/wp-json\/wp\/v2\/media?parent=10887"}],"wp:term":[{"taxonomy":"product_brand","embeddable":true,"href":"https:\/\/penosil.com\/et\/wp-json\/wp\/v2\/product_brand?post=10887"},{"taxonomy":"product_cat","embeddable":true,"href":"https:\/\/penosil.com\/et\/wp-json\/wp\/v2\/product_cat?post=10887"},{"taxonomy":"product_tag","embeddable":true,"href":"https:\/\/penosil.com\/et\/wp-json\/wp\/v2\/product_tag?post=10887"}],"curies":[{"name":"wp","href":"https:\/\/api.w.org\/{rel}","templated":true}]}}