{"id":11086,"date":"2020-03-17T12:51:04","date_gmt":"2020-03-17T10:51:04","guid":{"rendered":"https:\/\/penosil.com\/et\/?post_type=product&#038;p=11086"},"modified":"2026-02-09T10:46:42","modified_gmt":"2026-02-09T08:46:42","slug":"epoxy-fixcoat-507-epoksuliim","status":"publish","type":"product","link":"https:\/\/penosil.com\/et\/toode\/epoxy-fixcoat-507-epoksuliim\/","title":{"rendered":"Epoxy Fix&#038;Coat 507"},"content":{"rendered":"<p>PENOSIL Epoxy Fix&amp;Coat 507 on eriti tugev l\u00e4bipaistev kahekomponentne epoks\u00fcliim ja -kate mitmesugusteks liimimis- ja t\u00e4itmist\u00f6\u00f6deks. Peale tardumist saab seda lihvida, puurida, viilida ja v\u00e4rvida.<\/p>\n","protected":false},"excerpt":{"rendered":"Epoks\u00fcliim","protected":false},"author":6,"featured_media":34822,"template":"","meta":{"_acf_changed":false,"advgb_blocks_editor_width":"","advgb_blocks_columns_visual_guide":"","footnotes":""},"product_brand":[],"product_cat":[1358,2633,1704,225],"product_tag":[],"class_list":{"0":"post-11086","1":"product","2":"type-product","3":"status-publish","4":"has-post-thumbnail","6":"product_cat-tootekategooriad","7":"product_cat-pinnakatted-ja-membraanid","8":"product_cat-pinnatootlus-vahend","9":"product_cat-liimimine","11":"first","12":"instock","13":"taxable","14":"shipping-taxable","15":"purchasable","16":"product-type-simple"},"acf":[],"yoast_head":"<!-- This site is optimized with the Yoast SEO plugin v27.4 - https:\/\/yoast.com\/product\/yoast-seo-wordpress\/ -->\n<title>PENOSIL Epoxy Fix&amp;Coat 507 liimimise ja kruntimise epoks\u00fcliim<\/title>\n<meta name=\"description\" content=\"Penosil Epoxy Fix&amp;Coat 507, kahekomponendiline liim k\u00f5vade materjalide liimimiseks ja parandamiseks. Eriti tugev ja lahustivaba. Lugege l\u00e4hemalt.\" \/>\n<meta name=\"robots\" content=\"index, follow, max-snippet:-1, max-image-preview:large, max-video-preview:-1\" \/>\n<link rel=\"canonical\" href=\"https:\/\/penosil.com\/et\/toode\/epoxy-fixcoat-507-epoksuliim\/\" \/>\n<meta property=\"og:locale\" content=\"et_EE\" \/>\n<meta property=\"og:type\" content=\"article\" \/>\n<meta property=\"og:title\" content=\"PENOSIL Epoxy Fix&amp;Coat 507 liimimise ja kruntimise epoks\u00fcliim\" \/>\n<meta property=\"og:description\" content=\"Penosil Epoxy Fix&amp;Coat 507, kahekomponendiline liim k\u00f5vade materjalide liimimiseks ja parandamiseks. Eriti tugev ja lahustivaba. Lugege l\u00e4hemalt.\" \/>\n<meta property=\"og:url\" content=\"https:\/\/penosil.com\/et\/toode\/epoxy-fixcoat-507-epoksuliim\/\" \/>\n<meta property=\"og:site_name\" content=\"Penosil Estonia\" \/>\n<meta property=\"article:modified_time\" content=\"2026-02-09T08:46:42+00:00\" \/>\n<meta property=\"og:image\" content=\"https:\/\/penosil.com\/et\/wp-content\/uploads\/sites\/32\/2025\/09\/507_Epoxy_Fix26Coat_507_LT_LV_EE_FI_1.png\" \/>\n\t<meta property=\"og:image:width\" content=\"523\" \/>\n\t<meta property=\"og:image:height\" content=\"1080\" \/>\n\t<meta property=\"og:image:type\" content=\"image\/png\" \/>\n<meta name=\"twitter:card\" content=\"summary_large_image\" \/>\n<script type=\"application\/ld+json\" class=\"yoast-schema-graph\">{\"@context\":\"https:\\\/\\\/schema.org\",\"@graph\":[{\"@type\":\"WebPage\",\"@id\":\"https:\\\/\\\/penosil.com\\\/et\\\/toode\\\/epoxy-fixcoat-507-epoksuliim\\\/\",\"url\":\"https:\\\/\\\/penosil.com\\\/et\\\/toode\\\/epoxy-fixcoat-507-epoksuliim\\\/\",\"name\":\"PENOSIL Epoxy Fix&Coat 507 liimimise ja kruntimise epoks\u00fcliim\",\"isPartOf\":{\"@id\":\"https:\\\/\\\/penosil.com\\\/et\\\/#website\"},\"primaryImageOfPage\":{\"@id\":\"https:\\\/\\\/penosil.com\\\/et\\\/toode\\\/epoxy-fixcoat-507-epoksuliim\\\/#primaryimage\"},\"image\":{\"@id\":\"https:\\\/\\\/penosil.com\\\/et\\\/toode\\\/epoxy-fixcoat-507-epoksuliim\\\/#primaryimage\"},\"thumbnailUrl\":\"https:\\\/\\\/penosil.com\\\/et\\\/wp-content\\\/uploads\\\/sites\\\/32\\\/2025\\\/09\\\/507_Epoxy_Fix26Coat_507_LT_LV_EE_FI_1.png\",\"datePublished\":\"2020-03-17T10:51:04+00:00\",\"dateModified\":\"2026-02-09T08:46:42+00:00\",\"description\":\"Penosil Epoxy Fix&Coat 507, kahekomponendiline liim k\u00f5vade materjalide liimimiseks ja parandamiseks. Eriti tugev ja lahustivaba. Lugege l\u00e4hemalt.\",\"breadcrumb\":{\"@id\":\"https:\\\/\\\/penosil.com\\\/et\\\/toode\\\/epoxy-fixcoat-507-epoksuliim\\\/#breadcrumb\"},\"inLanguage\":\"et\",\"potentialAction\":[{\"@type\":\"ReadAction\",\"target\":[\"https:\\\/\\\/penosil.com\\\/et\\\/toode\\\/epoxy-fixcoat-507-epoksuliim\\\/\"]}]},{\"@type\":\"ImageObject\",\"inLanguage\":\"et\",\"@id\":\"https:\\\/\\\/penosil.com\\\/et\\\/toode\\\/epoxy-fixcoat-507-epoksuliim\\\/#primaryimage\",\"url\":\"https:\\\/\\\/penosil.com\\\/et\\\/wp-content\\\/uploads\\\/sites\\\/32\\\/2025\\\/09\\\/507_Epoxy_Fix26Coat_507_LT_LV_EE_FI_1.png\",\"contentUrl\":\"https:\\\/\\\/penosil.com\\\/et\\\/wp-content\\\/uploads\\\/sites\\\/32\\\/2025\\\/09\\\/507_Epoxy_Fix26Coat_507_LT_LV_EE_FI_1.png\",\"width\":523,\"height\":1080,\"caption\":\"PENOSIL Epoxy Fix&Coat 507 epoksiidliim- ja kate\"},{\"@type\":\"BreadcrumbList\",\"@id\":\"https:\\\/\\\/penosil.com\\\/et\\\/toode\\\/epoxy-fixcoat-507-epoksuliim\\\/#breadcrumb\",\"itemListElement\":[{\"@type\":\"ListItem\",\"position\":1,\"name\":\"Home\",\"item\":\"https:\\\/\\\/penosil.com\\\/et\\\/\"},{\"@type\":\"ListItem\",\"position\":2,\"name\":\"Tooted\",\"item\":\"https:\\\/\\\/penosil.com\\\/et\\\/tooted\\\/\"},{\"@type\":\"ListItem\",\"position\":3,\"name\":\"Epoxy Fix&#038;Coat 507\"}]},{\"@type\":\"WebSite\",\"@id\":\"https:\\\/\\\/penosil.com\\\/et\\\/#website\",\"url\":\"https:\\\/\\\/penosil.com\\\/et\\\/\",\"name\":\"Penosil Estonia\",\"description\":\"\",\"potentialAction\":[{\"@type\":\"SearchAction\",\"target\":{\"@type\":\"EntryPoint\",\"urlTemplate\":\"https:\\\/\\\/penosil.com\\\/et\\\/?s={search_term_string}\"},\"query-input\":{\"@type\":\"PropertyValueSpecification\",\"valueRequired\":true,\"valueName\":\"search_term_string\"}}],\"inLanguage\":\"et\"}]}<\/script>\n<!-- \/ Yoast SEO plugin. -->","yoast_head_json":{"title":"PENOSIL Epoxy Fix&Coat 507 liimimise ja kruntimise epoks\u00fcliim","description":"Penosil Epoxy Fix&Coat 507, kahekomponendiline liim k\u00f5vade materjalide liimimiseks ja parandamiseks. Eriti tugev ja lahustivaba. Lugege l\u00e4hemalt.","robots":{"index":"index","follow":"follow","max-snippet":"max-snippet:-1","max-image-preview":"max-image-preview:large","max-video-preview":"max-video-preview:-1"},"canonical":"https:\/\/penosil.com\/et\/toode\/epoxy-fixcoat-507-epoksuliim\/","og_locale":"et_EE","og_type":"article","og_title":"PENOSIL Epoxy Fix&Coat 507 liimimise ja kruntimise epoks\u00fcliim","og_description":"Penosil Epoxy Fix&Coat 507, kahekomponendiline liim k\u00f5vade materjalide liimimiseks ja parandamiseks. Eriti tugev ja lahustivaba. Lugege l\u00e4hemalt.","og_url":"https:\/\/penosil.com\/et\/toode\/epoxy-fixcoat-507-epoksuliim\/","og_site_name":"Penosil Estonia","article_modified_time":"2026-02-09T08:46:42+00:00","og_image":[{"width":523,"height":1080,"url":"https:\/\/penosil.com\/et\/wp-content\/uploads\/sites\/32\/2025\/09\/507_Epoxy_Fix26Coat_507_LT_LV_EE_FI_1.png","type":"image\/png"}],"twitter_card":"summary_large_image","schema":{"@context":"https:\/\/schema.org","@graph":[{"@type":"WebPage","@id":"https:\/\/penosil.com\/et\/toode\/epoxy-fixcoat-507-epoksuliim\/","url":"https:\/\/penosil.com\/et\/toode\/epoxy-fixcoat-507-epoksuliim\/","name":"PENOSIL Epoxy Fix&Coat 507 liimimise ja kruntimise epoks\u00fcliim","isPartOf":{"@id":"https:\/\/penosil.com\/et\/#website"},"primaryImageOfPage":{"@id":"https:\/\/penosil.com\/et\/toode\/epoxy-fixcoat-507-epoksuliim\/#primaryimage"},"image":{"@id":"https:\/\/penosil.com\/et\/toode\/epoxy-fixcoat-507-epoksuliim\/#primaryimage"},"thumbnailUrl":"https:\/\/penosil.com\/et\/wp-content\/uploads\/sites\/32\/2025\/09\/507_Epoxy_Fix26Coat_507_LT_LV_EE_FI_1.png","datePublished":"2020-03-17T10:51:04+00:00","dateModified":"2026-02-09T08:46:42+00:00","description":"Penosil Epoxy Fix&Coat 507, kahekomponendiline liim k\u00f5vade materjalide liimimiseks ja parandamiseks. Eriti tugev ja lahustivaba. Lugege l\u00e4hemalt.","breadcrumb":{"@id":"https:\/\/penosil.com\/et\/toode\/epoxy-fixcoat-507-epoksuliim\/#breadcrumb"},"inLanguage":"et","potentialAction":[{"@type":"ReadAction","target":["https:\/\/penosil.com\/et\/toode\/epoxy-fixcoat-507-epoksuliim\/"]}]},{"@type":"ImageObject","inLanguage":"et","@id":"https:\/\/penosil.com\/et\/toode\/epoxy-fixcoat-507-epoksuliim\/#primaryimage","url":"https:\/\/penosil.com\/et\/wp-content\/uploads\/sites\/32\/2025\/09\/507_Epoxy_Fix26Coat_507_LT_LV_EE_FI_1.png","contentUrl":"https:\/\/penosil.com\/et\/wp-content\/uploads\/sites\/32\/2025\/09\/507_Epoxy_Fix26Coat_507_LT_LV_EE_FI_1.png","width":523,"height":1080,"caption":"PENOSIL Epoxy Fix&Coat 507 epoksiidliim- ja kate"},{"@type":"BreadcrumbList","@id":"https:\/\/penosil.com\/et\/toode\/epoxy-fixcoat-507-epoksuliim\/#breadcrumb","itemListElement":[{"@type":"ListItem","position":1,"name":"Home","item":"https:\/\/penosil.com\/et\/"},{"@type":"ListItem","position":2,"name":"Tooted","item":"https:\/\/penosil.com\/et\/tooted\/"},{"@type":"ListItem","position":3,"name":"Epoxy Fix&#038;Coat 507"}]},{"@type":"WebSite","@id":"https:\/\/penosil.com\/et\/#website","url":"https:\/\/penosil.com\/et\/","name":"Penosil Estonia","description":"","potentialAction":[{"@type":"SearchAction","target":{"@type":"EntryPoint","urlTemplate":"https:\/\/penosil.com\/et\/?s={search_term_string}"},"query-input":{"@type":"PropertyValueSpecification","valueRequired":true,"valueName":"search_term_string"}}],"inLanguage":"et"}]}},"featured_img":"https:\/\/penosil.com\/et\/wp-content\/uploads\/sites\/32\/2025\/09\/507_Epoxy_Fix26Coat_507_LT_LV_EE_FI_1.png","coauthors":[],"author_meta":{"author_link":"https:\/\/penosil.com\/et\/author\/anne\/","display_name":"Anne Lulla"},"relative_dates":{"created":"Posted 6 aastat ago","modified":"Updated 2 kuud ago"},"absolute_dates":{"created":"Posted on 17. m\u00e4rts 2020","modified":"Updated on 9. veebr. 2026"},"absolute_dates_time":{"created":"Posted on 17. m\u00e4rts 2020 12:51","modified":"Updated on 9. veebr. 2026 10:46"},"featured_img_caption":"","tax_additional":{"product_brand":{"linked":[],"unlinked":[],"slug":"product_brand","name":"Br\u00e4ndid"},"product_type":{"linked":["<a href=\"https:\/\/penosil.com\/et\/?taxonomy=product_type&#038;term=simple\" class=\"advgb-post-tax-term\">simple<\/a>"],"unlinked":["<span class=\"advgb-post-tax-term\">simple<\/span>"],"slug":"product_type","name":"Product type"},"product_visibility":{"linked":[],"unlinked":[],"slug":"product_visibility","name":"Product visibility"},"product_cat":{"linked":["<a href=\"https:\/\/penosil.com\/et\/tooted\/tootekategooriad\/\" class=\"advgb-post-tax-term\">Tootekategooriad<\/a>","<a href=\"https:\/\/penosil.com\/et\/tooted\/tootekategooriad\/pinnatootlus-vahend\/pinnakatted-ja-membraanid\/\" class=\"advgb-post-tax-term\">Pinnakatted ja membraanid<\/a>","<a href=\"https:\/\/penosil.com\/et\/tooted\/tootekategooriad\/pinnatootlus-vahend\/\" class=\"advgb-post-tax-term\">Pinnat\u00f6\u00f6tlusvahendid<\/a>","<a href=\"https:\/\/penosil.com\/et\/tooted\/kasutusalad\/liimimine\/\" class=\"advgb-post-tax-term\">Liimimine<\/a>"],"unlinked":["<span class=\"advgb-post-tax-term\">Tootekategooriad<\/span>","<span class=\"advgb-post-tax-term\">Pinnakatted ja membraanid<\/span>","<span class=\"advgb-post-tax-term\">Pinnat\u00f6\u00f6tlusvahendid<\/span>","<span class=\"advgb-post-tax-term\">Liimimine<\/span>"],"slug":"product_cat","name":"Tootekategooriad"},"product_tag":{"linked":[],"unlinked":[],"slug":"product_tag","name":"Tootesildid"},"product_shipping_class":{"linked":[],"unlinked":[],"slug":"product_shipping_class","name":"Toote tarneklassid"},"pos_product_visibility":{"linked":[],"unlinked":[],"slug":"pos_product_visibility","name":"POS Product visibility"},"pa_color":{"linked":["<a href=\"https:\/\/penosil.com\/et\/?taxonomy=pa_color&#038;term=transparent-et\" class=\"advgb-post-tax-term\">Transparentne<\/a>"],"unlinked":["<span class=\"advgb-post-tax-term\">Transparentne<\/span>"],"slug":"pa_color","name":"Product Colour"},"pa_diameter":{"linked":[],"unlinked":[],"slug":"pa_diameter","name":"Product Diameter"},"pa_package":{"linked":[],"unlinked":[],"slug":"pa_package","name":"Product Package"},"pa_roll":{"linked":[],"unlinked":[],"slug":"pa_roll","name":"Product Roll"},"pa_widths":{"linked":[],"unlinked":[],"slug":"pa_widths","name":"Product Widths"},"translation_priority":{"linked":["<a href=\"https:\/\/penosil.com\/et\/?taxonomy=translation_priority&#038;term=optional-et\" class=\"advgb-post-tax-term\">Optional<\/a>"],"unlinked":["<span class=\"advgb-post-tax-term\">Optional<\/span>"],"slug":"translation_priority","name":"Translation Priorities"}},"series_order":"","_links":{"self":[{"href":"https:\/\/penosil.com\/et\/wp-json\/wp\/v2\/product\/11086","targetHints":{"allow":["GET"]}}],"collection":[{"href":"https:\/\/penosil.com\/et\/wp-json\/wp\/v2\/product"}],"about":[{"href":"https:\/\/penosil.com\/et\/wp-json\/wp\/v2\/types\/product"}],"version-history":[{"count":7,"href":"https:\/\/penosil.com\/et\/wp-json\/wp\/v2\/product\/11086\/revisions"}],"predecessor-version":[{"id":35655,"href":"https:\/\/penosil.com\/et\/wp-json\/wp\/v2\/product\/11086\/revisions\/35655"}],"wp:featuredmedia":[{"embeddable":true,"href":"https:\/\/penosil.com\/et\/wp-json\/wp\/v2\/media\/34822"}],"wp:attachment":[{"href":"https:\/\/penosil.com\/et\/wp-json\/wp\/v2\/media?parent=11086"}],"wp:term":[{"taxonomy":"product_brand","embeddable":true,"href":"https:\/\/penosil.com\/et\/wp-json\/wp\/v2\/product_brand?post=11086"},{"taxonomy":"product_cat","embeddable":true,"href":"https:\/\/penosil.com\/et\/wp-json\/wp\/v2\/product_cat?post=11086"},{"taxonomy":"product_tag","embeddable":true,"href":"https:\/\/penosil.com\/et\/wp-json\/wp\/v2\/product_tag?post=11086"}],"curies":[{"name":"wp","href":"https:\/\/api.w.org\/{rel}","templated":true}]}}