{"id":11112,"date":"2020-03-17T13:44:29","date_gmt":"2020-03-17T11:44:29","guid":{"rendered":"https:\/\/penosil.com\/et\/?post_type=product&#038;p=11112"},"modified":"2026-02-26T13:31:29","modified_gmt":"2026-02-26T11:31:29","slug":"epoxy-fix-aqua-510-epoksukitt-veealusteks-toodeks","status":"publish","type":"product","link":"https:\/\/penosil.com\/et\/toode\/epoxy-fix-aqua-510-epoksukitt-veealusteks-toodeks\/","title":{"rendered":"EpoxyFix Aqua 510"},"content":{"rendered":"<p>PENOSIL EpoxyFix Aqua 510 on kahekomponentne kiiresti tarduv epoks\u00fckitt, mis sobib kiireks remondiks niisketel, m\u00e4rgadel ja veealustel pindadel. Sobib ka erinevate esemete, nagu nuppude, lukkude, k\u00e4epidemete, dekoratsioonide jms modelleerimiseks.<\/p>\n","protected":false},"excerpt":{"rendered":"Epoks\u00fckitt veealusteks t\u00f6\u00f6deks","protected":false},"author":6,"featured_media":34825,"template":"","meta":{"_acf_changed":false,"advgb_blocks_editor_width":"","advgb_blocks_columns_visual_guide":"","footnotes":""},"product_brand":[],"product_cat":[2632,1358,1704,225],"product_tag":[],"class_list":{"0":"post-11112","1":"product","2":"type-product","3":"status-publish","4":"has-post-thumbnail","6":"product_cat-taiteained","7":"product_cat-tootekategooriad","8":"product_cat-pinnatootlus-vahend","9":"product_cat-liimimine","11":"first","12":"instock","13":"taxable","14":"shipping-taxable","15":"purchasable","16":"product-type-simple"},"acf":[],"yoast_head":"<!-- This site is optimized with the Yoast SEO plugin v27.2 - https:\/\/yoast.com\/product\/yoast-seo-wordpress\/ -->\n<title>PENOSIL EpoxyFix Aqua 510 epoks\u00fckitt veealusteks t\u00f6\u00f6deks<\/title>\n<meta name=\"description\" content=\"PENOSIL EpoxyFix Aqua 510, epoks\u00fckitt kiireteks veealusteks parandusteks. Sobib paikamiseks. Sobib sise- ja v\u00e4liskasutuseks. Lugege lisa toote kohta.\" \/>\n<meta name=\"robots\" content=\"index, follow, max-snippet:-1, max-image-preview:large, max-video-preview:-1\" \/>\n<link rel=\"canonical\" href=\"https:\/\/penosil.com\/et\/toode\/epoxy-fix-aqua-510-epoksukitt-veealusteks-toodeks\/\" \/>\n<meta property=\"og:locale\" content=\"et_EE\" \/>\n<meta property=\"og:type\" content=\"article\" \/>\n<meta property=\"og:title\" content=\"PENOSIL EpoxyFix Aqua 510 epoks\u00fckitt veealusteks t\u00f6\u00f6deks\" \/>\n<meta property=\"og:description\" content=\"PENOSIL EpoxyFix Aqua 510, epoks\u00fckitt kiireteks veealusteks parandusteks. Sobib paikamiseks. Sobib sise- ja v\u00e4liskasutuseks. Lugege lisa toote kohta.\" \/>\n<meta property=\"og:url\" content=\"https:\/\/penosil.com\/et\/toode\/epoxy-fix-aqua-510-epoksukitt-veealusteks-toodeks\/\" \/>\n<meta property=\"og:site_name\" content=\"Penosil Estonia\" \/>\n<meta property=\"article:modified_time\" content=\"2026-02-26T11:31:29+00:00\" \/>\n<meta property=\"og:image\" content=\"https:\/\/penosil.com\/et\/wp-content\/uploads\/sites\/32\/2025\/09\/EpoxyFix-Aqua-510_1.png\" \/>\n\t<meta property=\"og:image:width\" content=\"387\" \/>\n\t<meta property=\"og:image:height\" content=\"1080\" \/>\n\t<meta property=\"og:image:type\" content=\"image\/png\" \/>\n<meta name=\"twitter:card\" content=\"summary_large_image\" \/>\n<script type=\"application\/ld+json\" class=\"yoast-schema-graph\">{\"@context\":\"https:\/\/schema.org\",\"@graph\":[{\"@type\":\"WebPage\",\"@id\":\"https:\/\/penosil.com\/et\/toode\/epoxy-fix-aqua-510-epoksukitt-veealusteks-toodeks\/\",\"url\":\"https:\/\/penosil.com\/et\/toode\/epoxy-fix-aqua-510-epoksukitt-veealusteks-toodeks\/\",\"name\":\"PENOSIL EpoxyFix Aqua 510 epoks\u00fckitt veealusteks t\u00f6\u00f6deks\",\"isPartOf\":{\"@id\":\"https:\/\/penosil.com\/et\/#website\"},\"primaryImageOfPage\":{\"@id\":\"https:\/\/penosil.com\/et\/toode\/epoxy-fix-aqua-510-epoksukitt-veealusteks-toodeks\/#primaryimage\"},\"image\":{\"@id\":\"https:\/\/penosil.com\/et\/toode\/epoxy-fix-aqua-510-epoksukitt-veealusteks-toodeks\/#primaryimage\"},\"thumbnailUrl\":\"https:\/\/penosil.com\/et\/wp-content\/uploads\/sites\/32\/2025\/09\/EpoxyFix-Aqua-510_1.png\",\"datePublished\":\"2020-03-17T11:44:29+00:00\",\"dateModified\":\"2026-02-26T11:31:29+00:00\",\"description\":\"PENOSIL EpoxyFix Aqua 510, epoks\u00fckitt kiireteks veealusteks parandusteks. Sobib paikamiseks. Sobib sise- ja v\u00e4liskasutuseks. Lugege lisa toote kohta.\",\"breadcrumb\":{\"@id\":\"https:\/\/penosil.com\/et\/toode\/epoxy-fix-aqua-510-epoksukitt-veealusteks-toodeks\/#breadcrumb\"},\"inLanguage\":\"et\",\"potentialAction\":[{\"@type\":\"ReadAction\",\"target\":[\"https:\/\/penosil.com\/et\/toode\/epoxy-fix-aqua-510-epoksukitt-veealusteks-toodeks\/\"]}]},{\"@type\":\"ImageObject\",\"inLanguage\":\"et\",\"@id\":\"https:\/\/penosil.com\/et\/toode\/epoxy-fix-aqua-510-epoksukitt-veealusteks-toodeks\/#primaryimage\",\"url\":\"https:\/\/penosil.com\/et\/wp-content\/uploads\/sites\/32\/2025\/09\/EpoxyFix-Aqua-510_1.png\",\"contentUrl\":\"https:\/\/penosil.com\/et\/wp-content\/uploads\/sites\/32\/2025\/09\/EpoxyFix-Aqua-510_1.png\",\"width\":387,\"height\":1080,\"caption\":\"PENOSIL EpoxyFix Aqua 510 epoks\u00fckitt veealusteks t\u00f6\u00f6deks\"},{\"@type\":\"BreadcrumbList\",\"@id\":\"https:\/\/penosil.com\/et\/toode\/epoxy-fix-aqua-510-epoksukitt-veealusteks-toodeks\/#breadcrumb\",\"itemListElement\":[{\"@type\":\"ListItem\",\"position\":1,\"name\":\"Home\",\"item\":\"https:\/\/penosil.com\/et\/\"},{\"@type\":\"ListItem\",\"position\":2,\"name\":\"Tooted\",\"item\":\"https:\/\/penosil.com\/et\/tooted\/\"},{\"@type\":\"ListItem\",\"position\":3,\"name\":\"EpoxyFix Aqua 510\"}]},{\"@type\":\"WebSite\",\"@id\":\"https:\/\/penosil.com\/et\/#website\",\"url\":\"https:\/\/penosil.com\/et\/\",\"name\":\"Penosil Estonia\",\"description\":\"\",\"potentialAction\":[{\"@type\":\"SearchAction\",\"target\":{\"@type\":\"EntryPoint\",\"urlTemplate\":\"https:\/\/penosil.com\/et\/?s={search_term_string}\"},\"query-input\":{\"@type\":\"PropertyValueSpecification\",\"valueRequired\":true,\"valueName\":\"search_term_string\"}}],\"inLanguage\":\"et\"}]}<\/script>\n<!-- \/ Yoast SEO plugin. -->","yoast_head_json":{"title":"PENOSIL EpoxyFix Aqua 510 epoks\u00fckitt veealusteks t\u00f6\u00f6deks","description":"PENOSIL EpoxyFix Aqua 510, epoks\u00fckitt kiireteks veealusteks parandusteks. Sobib paikamiseks. Sobib sise- ja v\u00e4liskasutuseks. Lugege lisa toote kohta.","robots":{"index":"index","follow":"follow","max-snippet":"max-snippet:-1","max-image-preview":"max-image-preview:large","max-video-preview":"max-video-preview:-1"},"canonical":"https:\/\/penosil.com\/et\/toode\/epoxy-fix-aqua-510-epoksukitt-veealusteks-toodeks\/","og_locale":"et_EE","og_type":"article","og_title":"PENOSIL EpoxyFix Aqua 510 epoks\u00fckitt veealusteks t\u00f6\u00f6deks","og_description":"PENOSIL EpoxyFix Aqua 510, epoks\u00fckitt kiireteks veealusteks parandusteks. Sobib paikamiseks. Sobib sise- ja v\u00e4liskasutuseks. Lugege lisa toote kohta.","og_url":"https:\/\/penosil.com\/et\/toode\/epoxy-fix-aqua-510-epoksukitt-veealusteks-toodeks\/","og_site_name":"Penosil Estonia","article_modified_time":"2026-02-26T11:31:29+00:00","og_image":[{"width":387,"height":1080,"url":"https:\/\/penosil.com\/et\/wp-content\/uploads\/sites\/32\/2025\/09\/EpoxyFix-Aqua-510_1.png","type":"image\/png"}],"twitter_card":"summary_large_image","schema":{"@context":"https:\/\/schema.org","@graph":[{"@type":"WebPage","@id":"https:\/\/penosil.com\/et\/toode\/epoxy-fix-aqua-510-epoksukitt-veealusteks-toodeks\/","url":"https:\/\/penosil.com\/et\/toode\/epoxy-fix-aqua-510-epoksukitt-veealusteks-toodeks\/","name":"PENOSIL EpoxyFix Aqua 510 epoks\u00fckitt veealusteks t\u00f6\u00f6deks","isPartOf":{"@id":"https:\/\/penosil.com\/et\/#website"},"primaryImageOfPage":{"@id":"https:\/\/penosil.com\/et\/toode\/epoxy-fix-aqua-510-epoksukitt-veealusteks-toodeks\/#primaryimage"},"image":{"@id":"https:\/\/penosil.com\/et\/toode\/epoxy-fix-aqua-510-epoksukitt-veealusteks-toodeks\/#primaryimage"},"thumbnailUrl":"https:\/\/penosil.com\/et\/wp-content\/uploads\/sites\/32\/2025\/09\/EpoxyFix-Aqua-510_1.png","datePublished":"2020-03-17T11:44:29+00:00","dateModified":"2026-02-26T11:31:29+00:00","description":"PENOSIL EpoxyFix Aqua 510, epoks\u00fckitt kiireteks veealusteks parandusteks. Sobib paikamiseks. Sobib sise- ja v\u00e4liskasutuseks. Lugege lisa toote kohta.","breadcrumb":{"@id":"https:\/\/penosil.com\/et\/toode\/epoxy-fix-aqua-510-epoksukitt-veealusteks-toodeks\/#breadcrumb"},"inLanguage":"et","potentialAction":[{"@type":"ReadAction","target":["https:\/\/penosil.com\/et\/toode\/epoxy-fix-aqua-510-epoksukitt-veealusteks-toodeks\/"]}]},{"@type":"ImageObject","inLanguage":"et","@id":"https:\/\/penosil.com\/et\/toode\/epoxy-fix-aqua-510-epoksukitt-veealusteks-toodeks\/#primaryimage","url":"https:\/\/penosil.com\/et\/wp-content\/uploads\/sites\/32\/2025\/09\/EpoxyFix-Aqua-510_1.png","contentUrl":"https:\/\/penosil.com\/et\/wp-content\/uploads\/sites\/32\/2025\/09\/EpoxyFix-Aqua-510_1.png","width":387,"height":1080,"caption":"PENOSIL EpoxyFix Aqua 510 epoks\u00fckitt veealusteks t\u00f6\u00f6deks"},{"@type":"BreadcrumbList","@id":"https:\/\/penosil.com\/et\/toode\/epoxy-fix-aqua-510-epoksukitt-veealusteks-toodeks\/#breadcrumb","itemListElement":[{"@type":"ListItem","position":1,"name":"Home","item":"https:\/\/penosil.com\/et\/"},{"@type":"ListItem","position":2,"name":"Tooted","item":"https:\/\/penosil.com\/et\/tooted\/"},{"@type":"ListItem","position":3,"name":"EpoxyFix Aqua 510"}]},{"@type":"WebSite","@id":"https:\/\/penosil.com\/et\/#website","url":"https:\/\/penosil.com\/et\/","name":"Penosil Estonia","description":"","potentialAction":[{"@type":"SearchAction","target":{"@type":"EntryPoint","urlTemplate":"https:\/\/penosil.com\/et\/?s={search_term_string}"},"query-input":{"@type":"PropertyValueSpecification","valueRequired":true,"valueName":"search_term_string"}}],"inLanguage":"et"}]}},"featured_img":"https:\/\/penosil.com\/et\/wp-content\/uploads\/sites\/32\/2025\/09\/EpoxyFix-Aqua-510_1.png","coauthors":[],"author_meta":{"author_link":"https:\/\/penosil.com\/et\/author\/anne\/","display_name":"Anne Lulla"},"relative_dates":{"created":"Posted 6 aastat ago","modified":"Updated 2 kuud ago"},"absolute_dates":{"created":"Posted on 17. m\u00e4rts 2020","modified":"Updated on 26. veebr. 2026"},"absolute_dates_time":{"created":"Posted on 17. m\u00e4rts 2020 01:44","modified":"Updated on 26. veebr. 2026 01:31"},"featured_img_caption":"","tax_additional":{"product_brand":{"linked":[],"unlinked":[],"slug":"product_brand","name":"Br\u00e4ndid"},"product_type":{"linked":["<a href=\"https:\/\/penosil.com\/et\/?taxonomy=product_type&#038;term=simple\" class=\"advgb-post-tax-term\">simple<\/a>"],"unlinked":["<span class=\"advgb-post-tax-term\">simple<\/span>"],"slug":"product_type","name":"Product type"},"product_visibility":{"linked":[],"unlinked":[],"slug":"product_visibility","name":"Product visibility"},"product_cat":{"linked":["<a href=\"https:\/\/penosil.com\/et\/tooted\/tootekategooriad\/pinnatootlus-vahend\/taiteained\/\" class=\"advgb-post-tax-term\">T\u00e4iteained<\/a>","<a href=\"https:\/\/penosil.com\/et\/tooted\/tootekategooriad\/\" class=\"advgb-post-tax-term\">Tootekategooriad<\/a>","<a href=\"https:\/\/penosil.com\/et\/tooted\/tootekategooriad\/pinnatootlus-vahend\/\" class=\"advgb-post-tax-term\">Pinnat\u00f6\u00f6tlusvahendid<\/a>","<a href=\"https:\/\/penosil.com\/et\/tooted\/kasutusalad\/liimimine\/\" class=\"advgb-post-tax-term\">Liimimine<\/a>"],"unlinked":["<span class=\"advgb-post-tax-term\">T\u00e4iteained<\/span>","<span class=\"advgb-post-tax-term\">Tootekategooriad<\/span>","<span class=\"advgb-post-tax-term\">Pinnat\u00f6\u00f6tlusvahendid<\/span>","<span class=\"advgb-post-tax-term\">Liimimine<\/span>"],"slug":"product_cat","name":"Tootekategooriad"},"product_tag":{"linked":[],"unlinked":[],"slug":"product_tag","name":"Tootesildid"},"product_shipping_class":{"linked":[],"unlinked":[],"slug":"product_shipping_class","name":"Toote tarneklassid"},"pos_product_visibility":{"linked":[],"unlinked":[],"slug":"pos_product_visibility","name":"POS Product visibility"},"pa_color":{"linked":["<a href=\"https:\/\/penosil.com\/et\/?taxonomy=pa_color&#038;term=piimjas-et\" class=\"advgb-post-tax-term\">Piimjas<\/a>"],"unlinked":["<span class=\"advgb-post-tax-term\">Piimjas<\/span>"],"slug":"pa_color","name":"Product Colour"},"pa_diameter":{"linked":[],"unlinked":[],"slug":"pa_diameter","name":"Product Diameter"},"pa_package":{"linked":[],"unlinked":[],"slug":"pa_package","name":"Product Package"},"pa_roll":{"linked":[],"unlinked":[],"slug":"pa_roll","name":"Product Roll"},"pa_widths":{"linked":[],"unlinked":[],"slug":"pa_widths","name":"Product Widths"},"translation_priority":{"linked":["<a href=\"https:\/\/penosil.com\/et\/?taxonomy=translation_priority&#038;term=optional-et\" class=\"advgb-post-tax-term\">Optional<\/a>"],"unlinked":["<span class=\"advgb-post-tax-term\">Optional<\/span>"],"slug":"translation_priority","name":"Translation Priorities"}},"series_order":"","_links":{"self":[{"href":"https:\/\/penosil.com\/et\/wp-json\/wp\/v2\/product\/11112","targetHints":{"allow":["GET"]}}],"collection":[{"href":"https:\/\/penosil.com\/et\/wp-json\/wp\/v2\/product"}],"about":[{"href":"https:\/\/penosil.com\/et\/wp-json\/wp\/v2\/types\/product"}],"version-history":[{"count":7,"href":"https:\/\/penosil.com\/et\/wp-json\/wp\/v2\/product\/11112\/revisions"}],"predecessor-version":[{"id":35863,"href":"https:\/\/penosil.com\/et\/wp-json\/wp\/v2\/product\/11112\/revisions\/35863"}],"wp:featuredmedia":[{"embeddable":true,"href":"https:\/\/penosil.com\/et\/wp-json\/wp\/v2\/media\/34825"}],"wp:attachment":[{"href":"https:\/\/penosil.com\/et\/wp-json\/wp\/v2\/media?parent=11112"}],"wp:term":[{"taxonomy":"product_brand","embeddable":true,"href":"https:\/\/penosil.com\/et\/wp-json\/wp\/v2\/product_brand?post=11112"},{"taxonomy":"product_cat","embeddable":true,"href":"https:\/\/penosil.com\/et\/wp-json\/wp\/v2\/product_cat?post=11112"},{"taxonomy":"product_tag","embeddable":true,"href":"https:\/\/penosil.com\/et\/wp-json\/wp\/v2\/product_tag?post=11112"}],"curies":[{"name":"wp","href":"https:\/\/api.w.org\/{rel}","templated":true}]}}