{"id":11163,"date":"2020-03-23T08:42:11","date_gmt":"2020-03-23T06:42:11","guid":{"rendered":"https:\/\/penosil.com\/et\/?post_type=product&#038;p=11163"},"modified":"2026-02-19T15:48:27","modified_gmt":"2026-02-19T13:48:27","slug":"acrylic-sealant-636-varvitav-akruulhermeetik","status":"publish","type":"product","link":"https:\/\/penosil.com\/et\/toode\/acrylic-sealant-636-varvitav-akruulhermeetik\/","title":{"rendered":"Acrylic Sealant 636"},"content":{"rendered":"<p>PENOSIL Acrylic Sealant 636 on eriti peene tekstuuriga v\u00e4rvitav akr\u00fc\u00fclhermeetik, mis on m\u00f5eldud pragude ja vuukide t\u00e4itmiseks enne v\u00e4rvimist. Moodustab pikaajalise, UV- ja hallituskindla plastilise \u00fchenduse enamiku tavaliste ehitusmaterjalidega, nagu betoon, kipsplaat ja puit. Iga ostetud Acrylic Sealant 636&#039;ga toetate Eesti Maadlusliitu ning annate hoogu laste ja noorte maadluskarj\u00e4\u00e4rile.<\/p>\n","protected":false},"excerpt":{"rendered":"V\u00e4rvitav akr\u00fc\u00fclhermeetik","protected":false},"author":6,"featured_media":34771,"template":"","meta":{"_acf_changed":false,"advgb_blocks_editor_width":"","advgb_blocks_columns_visual_guide":"","footnotes":""},"product_brand":[],"product_cat":[1358,1598,1624,574],"product_tag":[],"class_list":{"0":"post-11163","1":"product","2":"type-product","3":"status-publish","4":"has-post-thumbnail","6":"product_cat-tootekategooriad","7":"product_cat-hermeetikud","8":"product_cat-akruulid","9":"product_cat-viimistlus","11":"first","12":"instock","13":"taxable","14":"shipping-taxable","15":"purchasable","16":"product-type-variable","17":"has-default-attributes"},"acf":[],"yoast_head":"<!-- This site is optimized with the Yoast SEO plugin v27.2 - https:\/\/yoast.com\/product\/yoast-seo-wordpress\/ -->\n<title>PENOSIL Acrylic Sealant 636 v\u00e4rvitav akr\u00fc\u00fclhermeetik viimistlust\u00f6\u00f6deks<\/title>\n<meta name=\"description\" content=\"PENOSIL Acrylic Sealant 636 on erkvalge v\u00e4rvitav akr\u00fc\u00fclhermeetik t\u00fchimike ja vuukide t\u00e4itmiseks enne viimistlemist. Lugege lisaks.\" \/>\n<meta name=\"robots\" content=\"index, follow, max-snippet:-1, max-image-preview:large, max-video-preview:-1\" \/>\n<link rel=\"canonical\" href=\"https:\/\/penosil.com\/et\/toode\/acrylic-sealant-636-varvitav-akruulhermeetik\/\" \/>\n<meta property=\"og:locale\" content=\"et_EE\" \/>\n<meta property=\"og:type\" content=\"article\" \/>\n<meta property=\"og:title\" content=\"PENOSIL Acrylic Sealant 636 v\u00e4rvitav akr\u00fc\u00fclhermeetik viimistlust\u00f6\u00f6deks\" \/>\n<meta property=\"og:description\" content=\"PENOSIL Acrylic Sealant 636 on erkvalge v\u00e4rvitav akr\u00fc\u00fclhermeetik t\u00fchimike ja vuukide t\u00e4itmiseks enne viimistlemist. Lugege lisaks.\" \/>\n<meta property=\"og:url\" content=\"https:\/\/penosil.com\/et\/toode\/acrylic-sealant-636-varvitav-akruulhermeetik\/\" \/>\n<meta property=\"og:site_name\" content=\"Penosil Estonia\" \/>\n<meta property=\"article:modified_time\" content=\"2026-02-19T13:48:27+00:00\" \/>\n<meta property=\"og:image\" content=\"https:\/\/penosil.com\/et\/wp-content\/uploads\/sites\/32\/2025\/09\/636_Acrylic_Sealant_636_280ml_EE-RU_Maadlus_1.png\" \/>\n\t<meta property=\"og:image:width\" content=\"387\" \/>\n\t<meta property=\"og:image:height\" content=\"1080\" \/>\n\t<meta property=\"og:image:type\" content=\"image\/png\" \/>\n<meta name=\"twitter:card\" content=\"summary_large_image\" \/>\n<script type=\"application\/ld+json\" class=\"yoast-schema-graph\">{\"@context\":\"https:\/\/schema.org\",\"@graph\":[{\"@type\":\"WebPage\",\"@id\":\"https:\/\/penosil.com\/et\/toode\/acrylic-sealant-636-varvitav-akruulhermeetik\/\",\"url\":\"https:\/\/penosil.com\/et\/toode\/acrylic-sealant-636-varvitav-akruulhermeetik\/\",\"name\":\"PENOSIL Acrylic Sealant 636 v\u00e4rvitav akr\u00fc\u00fclhermeetik viimistlust\u00f6\u00f6deks\",\"isPartOf\":{\"@id\":\"https:\/\/penosil.com\/et\/#website\"},\"primaryImageOfPage\":{\"@id\":\"https:\/\/penosil.com\/et\/toode\/acrylic-sealant-636-varvitav-akruulhermeetik\/#primaryimage\"},\"image\":{\"@id\":\"https:\/\/penosil.com\/et\/toode\/acrylic-sealant-636-varvitav-akruulhermeetik\/#primaryimage\"},\"thumbnailUrl\":\"https:\/\/penosil.com\/et\/wp-content\/uploads\/sites\/32\/2025\/09\/636_Acrylic_Sealant_636_280ml_EE-RU_Maadlus_1.png\",\"datePublished\":\"2020-03-23T06:42:11+00:00\",\"dateModified\":\"2026-02-19T13:48:27+00:00\",\"description\":\"PENOSIL Acrylic Sealant 636 on erkvalge v\u00e4rvitav akr\u00fc\u00fclhermeetik t\u00fchimike ja vuukide t\u00e4itmiseks enne viimistlemist. Lugege lisaks.\",\"breadcrumb\":{\"@id\":\"https:\/\/penosil.com\/et\/toode\/acrylic-sealant-636-varvitav-akruulhermeetik\/#breadcrumb\"},\"inLanguage\":\"et\",\"potentialAction\":[{\"@type\":\"ReadAction\",\"target\":[\"https:\/\/penosil.com\/et\/toode\/acrylic-sealant-636-varvitav-akruulhermeetik\/\"]}]},{\"@type\":\"ImageObject\",\"inLanguage\":\"et\",\"@id\":\"https:\/\/penosil.com\/et\/toode\/acrylic-sealant-636-varvitav-akruulhermeetik\/#primaryimage\",\"url\":\"https:\/\/penosil.com\/et\/wp-content\/uploads\/sites\/32\/2025\/09\/636_Acrylic_Sealant_636_280ml_EE-RU_Maadlus_1.png\",\"contentUrl\":\"https:\/\/penosil.com\/et\/wp-content\/uploads\/sites\/32\/2025\/09\/636_Acrylic_Sealant_636_280ml_EE-RU_Maadlus_1.png\",\"width\":387,\"height\":1080,\"caption\":\"PENOSIL Acrylic Sealant 636 v\u00e4rvitav akr\u00fc\u00fclhermeetik\"},{\"@type\":\"BreadcrumbList\",\"@id\":\"https:\/\/penosil.com\/et\/toode\/acrylic-sealant-636-varvitav-akruulhermeetik\/#breadcrumb\",\"itemListElement\":[{\"@type\":\"ListItem\",\"position\":1,\"name\":\"Home\",\"item\":\"https:\/\/penosil.com\/et\/\"},{\"@type\":\"ListItem\",\"position\":2,\"name\":\"Tooted\",\"item\":\"https:\/\/penosil.com\/et\/tooted\/\"},{\"@type\":\"ListItem\",\"position\":3,\"name\":\"Acrylic Sealant 636\"}]},{\"@type\":\"WebSite\",\"@id\":\"https:\/\/penosil.com\/et\/#website\",\"url\":\"https:\/\/penosil.com\/et\/\",\"name\":\"Penosil Estonia\",\"description\":\"\",\"potentialAction\":[{\"@type\":\"SearchAction\",\"target\":{\"@type\":\"EntryPoint\",\"urlTemplate\":\"https:\/\/penosil.com\/et\/?s={search_term_string}\"},\"query-input\":{\"@type\":\"PropertyValueSpecification\",\"valueRequired\":true,\"valueName\":\"search_term_string\"}}],\"inLanguage\":\"et\"}]}<\/script>\n<!-- \/ Yoast SEO plugin. -->","yoast_head_json":{"title":"PENOSIL Acrylic Sealant 636 v\u00e4rvitav akr\u00fc\u00fclhermeetik viimistlust\u00f6\u00f6deks","description":"PENOSIL Acrylic Sealant 636 on erkvalge v\u00e4rvitav akr\u00fc\u00fclhermeetik t\u00fchimike ja vuukide t\u00e4itmiseks enne viimistlemist. Lugege lisaks.","robots":{"index":"index","follow":"follow","max-snippet":"max-snippet:-1","max-image-preview":"max-image-preview:large","max-video-preview":"max-video-preview:-1"},"canonical":"https:\/\/penosil.com\/et\/toode\/acrylic-sealant-636-varvitav-akruulhermeetik\/","og_locale":"et_EE","og_type":"article","og_title":"PENOSIL Acrylic Sealant 636 v\u00e4rvitav akr\u00fc\u00fclhermeetik viimistlust\u00f6\u00f6deks","og_description":"PENOSIL Acrylic Sealant 636 on erkvalge v\u00e4rvitav akr\u00fc\u00fclhermeetik t\u00fchimike ja vuukide t\u00e4itmiseks enne viimistlemist. Lugege lisaks.","og_url":"https:\/\/penosil.com\/et\/toode\/acrylic-sealant-636-varvitav-akruulhermeetik\/","og_site_name":"Penosil Estonia","article_modified_time":"2026-02-19T13:48:27+00:00","og_image":[{"width":387,"height":1080,"url":"https:\/\/penosil.com\/et\/wp-content\/uploads\/sites\/32\/2025\/09\/636_Acrylic_Sealant_636_280ml_EE-RU_Maadlus_1.png","type":"image\/png"}],"twitter_card":"summary_large_image","schema":{"@context":"https:\/\/schema.org","@graph":[{"@type":"WebPage","@id":"https:\/\/penosil.com\/et\/toode\/acrylic-sealant-636-varvitav-akruulhermeetik\/","url":"https:\/\/penosil.com\/et\/toode\/acrylic-sealant-636-varvitav-akruulhermeetik\/","name":"PENOSIL Acrylic Sealant 636 v\u00e4rvitav akr\u00fc\u00fclhermeetik viimistlust\u00f6\u00f6deks","isPartOf":{"@id":"https:\/\/penosil.com\/et\/#website"},"primaryImageOfPage":{"@id":"https:\/\/penosil.com\/et\/toode\/acrylic-sealant-636-varvitav-akruulhermeetik\/#primaryimage"},"image":{"@id":"https:\/\/penosil.com\/et\/toode\/acrylic-sealant-636-varvitav-akruulhermeetik\/#primaryimage"},"thumbnailUrl":"https:\/\/penosil.com\/et\/wp-content\/uploads\/sites\/32\/2025\/09\/636_Acrylic_Sealant_636_280ml_EE-RU_Maadlus_1.png","datePublished":"2020-03-23T06:42:11+00:00","dateModified":"2026-02-19T13:48:27+00:00","description":"PENOSIL Acrylic Sealant 636 on erkvalge v\u00e4rvitav akr\u00fc\u00fclhermeetik t\u00fchimike ja vuukide t\u00e4itmiseks enne viimistlemist. Lugege lisaks.","breadcrumb":{"@id":"https:\/\/penosil.com\/et\/toode\/acrylic-sealant-636-varvitav-akruulhermeetik\/#breadcrumb"},"inLanguage":"et","potentialAction":[{"@type":"ReadAction","target":["https:\/\/penosil.com\/et\/toode\/acrylic-sealant-636-varvitav-akruulhermeetik\/"]}]},{"@type":"ImageObject","inLanguage":"et","@id":"https:\/\/penosil.com\/et\/toode\/acrylic-sealant-636-varvitav-akruulhermeetik\/#primaryimage","url":"https:\/\/penosil.com\/et\/wp-content\/uploads\/sites\/32\/2025\/09\/636_Acrylic_Sealant_636_280ml_EE-RU_Maadlus_1.png","contentUrl":"https:\/\/penosil.com\/et\/wp-content\/uploads\/sites\/32\/2025\/09\/636_Acrylic_Sealant_636_280ml_EE-RU_Maadlus_1.png","width":387,"height":1080,"caption":"PENOSIL Acrylic Sealant 636 v\u00e4rvitav akr\u00fc\u00fclhermeetik"},{"@type":"BreadcrumbList","@id":"https:\/\/penosil.com\/et\/toode\/acrylic-sealant-636-varvitav-akruulhermeetik\/#breadcrumb","itemListElement":[{"@type":"ListItem","position":1,"name":"Home","item":"https:\/\/penosil.com\/et\/"},{"@type":"ListItem","position":2,"name":"Tooted","item":"https:\/\/penosil.com\/et\/tooted\/"},{"@type":"ListItem","position":3,"name":"Acrylic Sealant 636"}]},{"@type":"WebSite","@id":"https:\/\/penosil.com\/et\/#website","url":"https:\/\/penosil.com\/et\/","name":"Penosil Estonia","description":"","potentialAction":[{"@type":"SearchAction","target":{"@type":"EntryPoint","urlTemplate":"https:\/\/penosil.com\/et\/?s={search_term_string}"},"query-input":{"@type":"PropertyValueSpecification","valueRequired":true,"valueName":"search_term_string"}}],"inLanguage":"et"}]}},"featured_img":"https:\/\/penosil.com\/et\/wp-content\/uploads\/sites\/32\/2025\/09\/636_Acrylic_Sealant_636_280ml_EE-RU_Maadlus_1.png","coauthors":[],"author_meta":{"author_link":"https:\/\/penosil.com\/et\/author\/anne\/","display_name":"Anne Lulla"},"relative_dates":{"created":"Posted 6 aastat ago","modified":"Updated 2 kuud ago"},"absolute_dates":{"created":"Posted on 23. m\u00e4rts 2020","modified":"Updated on 19. veebr. 2026"},"absolute_dates_time":{"created":"Posted on 23. m\u00e4rts 2020 08:42","modified":"Updated on 19. veebr. 2026 03:48"},"featured_img_caption":"","tax_additional":{"product_brand":{"linked":[],"unlinked":[],"slug":"product_brand","name":"Br\u00e4ndid"},"product_type":{"linked":["<a href=\"https:\/\/penosil.com\/et\/?taxonomy=product_type&#038;term=variable\" class=\"advgb-post-tax-term\">variable<\/a>"],"unlinked":["<span class=\"advgb-post-tax-term\">variable<\/span>"],"slug":"product_type","name":"Product type"},"product_visibility":{"linked":[],"unlinked":[],"slug":"product_visibility","name":"Product visibility"},"product_cat":{"linked":["<a href=\"https:\/\/penosil.com\/et\/tooted\/tootekategooriad\/\" class=\"advgb-post-tax-term\">Tootekategooriad<\/a>","<a href=\"https:\/\/penosil.com\/et\/tooted\/tootekategooriad\/hermeetikud\/\" class=\"advgb-post-tax-term\">Hermeetikud ja mastiksid<\/a>","<a href=\"https:\/\/penosil.com\/et\/tooted\/tootekategooriad\/hermeetikud\/akruulid\/\" class=\"advgb-post-tax-term\">Akr\u00fc\u00fclid<\/a>","<a href=\"https:\/\/penosil.com\/et\/tooted\/kasutusalad\/viimistlus\/\" class=\"advgb-post-tax-term\">Viimistlus<\/a>"],"unlinked":["<span class=\"advgb-post-tax-term\">Tootekategooriad<\/span>","<span class=\"advgb-post-tax-term\">Hermeetikud ja mastiksid<\/span>","<span class=\"advgb-post-tax-term\">Akr\u00fc\u00fclid<\/span>","<span class=\"advgb-post-tax-term\">Viimistlus<\/span>"],"slug":"product_cat","name":"Tootekategooriad"},"product_tag":{"linked":[],"unlinked":[],"slug":"product_tag","name":"Tootesildid"},"product_shipping_class":{"linked":[],"unlinked":[],"slug":"product_shipping_class","name":"Toote tarneklassid"},"pos_product_visibility":{"linked":[],"unlinked":[],"slug":"pos_product_visibility","name":"POS Product visibility"},"pa_color":{"linked":["<a href=\"https:\/\/penosil.com\/et\/?taxonomy=pa_color&#038;term=grey-et\" class=\"advgb-post-tax-term\">Hall<\/a>","<a href=\"https:\/\/penosil.com\/et\/?taxonomy=pa_color&#038;term=brown-et\" class=\"advgb-post-tax-term\">Pruun<\/a>","<a href=\"https:\/\/penosil.com\/et\/?taxonomy=pa_color&#038;term=white-et-2\" class=\"advgb-post-tax-term\">Valge<\/a>"],"unlinked":["<span class=\"advgb-post-tax-term\">Hall<\/span>","<span class=\"advgb-post-tax-term\">Pruun<\/span>","<span class=\"advgb-post-tax-term\">Valge<\/span>"],"slug":"pa_color","name":"Product Colour"},"pa_diameter":{"linked":[],"unlinked":[],"slug":"pa_diameter","name":"Product Diameter"},"pa_package":{"linked":["<a href=\"https:\/\/penosil.com\/et\/?taxonomy=pa_package&#038;term=280-ml-et\" class=\"advgb-post-tax-term\">280 ml<\/a>","<a href=\"https:\/\/penosil.com\/et\/?taxonomy=pa_package&#038;term=600-ml-et\" class=\"advgb-post-tax-term\">600 ml<\/a>","<a href=\"https:\/\/penosil.com\/et\/?taxonomy=pa_package&#038;term=400-ml\" class=\"advgb-post-tax-term\">400 ml<\/a>"],"unlinked":["<span class=\"advgb-post-tax-term\">280 ml<\/span>","<span class=\"advgb-post-tax-term\">600 ml<\/span>","<span class=\"advgb-post-tax-term\">400 ml<\/span>"],"slug":"pa_package","name":"Product Package"},"pa_roll":{"linked":[],"unlinked":[],"slug":"pa_roll","name":"Product Roll"},"pa_widths":{"linked":[],"unlinked":[],"slug":"pa_widths","name":"Product Widths"},"translation_priority":{"linked":["<a href=\"https:\/\/penosil.com\/et\/?taxonomy=translation_priority&#038;term=optional-et\" class=\"advgb-post-tax-term\">Optional<\/a>"],"unlinked":["<span class=\"advgb-post-tax-term\">Optional<\/span>"],"slug":"translation_priority","name":"Translation Priorities"}},"series_order":"","_links":{"self":[{"href":"https:\/\/penosil.com\/et\/wp-json\/wp\/v2\/product\/11163","targetHints":{"allow":["GET"]}}],"collection":[{"href":"https:\/\/penosil.com\/et\/wp-json\/wp\/v2\/product"}],"about":[{"href":"https:\/\/penosil.com\/et\/wp-json\/wp\/v2\/types\/product"}],"version-history":[{"count":10,"href":"https:\/\/penosil.com\/et\/wp-json\/wp\/v2\/product\/11163\/revisions"}],"predecessor-version":[{"id":35955,"href":"https:\/\/penosil.com\/et\/wp-json\/wp\/v2\/product\/11163\/revisions\/35955"}],"wp:featuredmedia":[{"embeddable":true,"href":"https:\/\/penosil.com\/et\/wp-json\/wp\/v2\/media\/34771"}],"wp:attachment":[{"href":"https:\/\/penosil.com\/et\/wp-json\/wp\/v2\/media?parent=11163"}],"wp:term":[{"taxonomy":"product_brand","embeddable":true,"href":"https:\/\/penosil.com\/et\/wp-json\/wp\/v2\/product_brand?post=11163"},{"taxonomy":"product_cat","embeddable":true,"href":"https:\/\/penosil.com\/et\/wp-json\/wp\/v2\/product_cat?post=11163"},{"taxonomy":"product_tag","embeddable":true,"href":"https:\/\/penosil.com\/et\/wp-json\/wp\/v2\/product_tag?post=11163"}],"curies":[{"name":"wp","href":"https:\/\/api.w.org\/{rel}","templated":true}]}}