{"id":11704,"date":"2020-03-25T15:38:48","date_gmt":"2020-03-25T13:38:48","guid":{"rendered":"https:\/\/penosil.com\/et\/?post_type=product&#038;p=11704"},"modified":"2026-04-12T02:04:44","modified_gmt":"2026-04-12T00:04:44","slug":"goldgun-65-plus-all-season","status":"publish","type":"product","link":"https:\/\/penosil.com\/et\/toode\/goldgun-65-plus-all-season\/","title":{"rendered":"GoldGun 65 Plus All Season"},"content":{"rendered":"<p>PENOSIL GoldGun 65 Plus All Season on stabiilselt parima kvaliteedi ja suurema v\u00e4ljatulekuga p\u00fcstolivaht soojus- ja heliisolatsiooniks k\u00f5ige n\u00f5udlikumale kasutajale ja raskeimatesse oludesse.<\/p>\n","protected":false},"excerpt":{"rendered":"Pol\u00fcuretaanvaht","protected":false},"author":6,"featured_media":35020,"template":"","meta":{"_acf_changed":false,"advgb_blocks_editor_width":"","advgb_blocks_columns_visual_guide":"","footnotes":""},"product_brand":[],"product_cat":[1535,829,1495],"product_tag":[],"class_list":{"0":"post-11704","1":"product","2":"type-product","3":"status-publish","4":"has-post-thumbnail","6":"product_cat-pustolivahud","7":"product_cat-uldehitus","8":"product_cat-ehitusvahud","10":"first","11":"instock","12":"taxable","13":"shipping-taxable","14":"purchasable","15":"product-type-simple"},"acf":[],"yoast_head":"<!-- This site is optimized with the Yoast SEO plugin v27.2 - https:\/\/yoast.com\/product\/yoast-seo-wordpress\/ -->\n<title>Aastaringne p\u00fcstolivaht Penosil GoldGun 65 Plus All Season<\/title>\n<meta name=\"description\" content=\"Penosil GoldGun 65 Plus All Season\u00a0\u2013 p\u00fcstolivaht aastaringseks kasutamiseks, stabiilselt parima kvaliteediga ja suurema v\u00e4ljatulekuga. Sobib kasutamiseks kuni temperatuurini -15 \u00b0C. Uuri l\u00e4hemalt!\" \/>\n<meta name=\"robots\" content=\"index, follow, max-snippet:-1, max-image-preview:large, max-video-preview:-1\" \/>\n<link rel=\"canonical\" href=\"https:\/\/penosil.com\/et\/toode\/goldgun-65-plus-all-season\/\" \/>\n<meta property=\"og:locale\" content=\"et_EE\" \/>\n<meta property=\"og:type\" content=\"article\" \/>\n<meta property=\"og:title\" content=\"Aastaringne p\u00fcstolivaht Penosil GoldGun 65 Plus All Season\" \/>\n<meta property=\"og:description\" content=\"Penosil GoldGun 65 Plus All Season\u00a0\u2013 p\u00fcstolivaht aastaringseks kasutamiseks, stabiilselt parima kvaliteediga ja suurema v\u00e4ljatulekuga. Sobib kasutamiseks kuni temperatuurini -15 \u00b0C. Uuri l\u00e4hemalt!\" \/>\n<meta property=\"og:url\" content=\"https:\/\/penosil.com\/et\/toode\/goldgun-65-plus-all-season\/\" \/>\n<meta property=\"og:site_name\" content=\"Penosil Estonia\" \/>\n<meta property=\"article:modified_time\" content=\"2026-04-12T00:04:44+00:00\" \/>\n<meta property=\"og:image\" content=\"https:\/\/penosil.com\/et\/wp-content\/uploads\/sites\/32\/2025\/09\/GoldGun_65_Plus_AllSeason_EE_FI_1.png\" \/>\n\t<meta property=\"og:image:width\" content=\"523\" \/>\n\t<meta property=\"og:image:height\" content=\"1080\" \/>\n\t<meta property=\"og:image:type\" content=\"image\/png\" \/>\n<meta name=\"twitter:card\" content=\"summary_large_image\" \/>\n<script type=\"application\/ld+json\" class=\"yoast-schema-graph\">{\"@context\":\"https:\/\/schema.org\",\"@graph\":[{\"@type\":\"WebPage\",\"@id\":\"https:\/\/penosil.com\/et\/toode\/goldgun-65-plus-all-season\/\",\"url\":\"https:\/\/penosil.com\/et\/toode\/goldgun-65-plus-all-season\/\",\"name\":\"Aastaringne p\u00fcstolivaht Penosil GoldGun 65 Plus All Season\",\"isPartOf\":{\"@id\":\"https:\/\/penosil.com\/et\/#website\"},\"primaryImageOfPage\":{\"@id\":\"https:\/\/penosil.com\/et\/toode\/goldgun-65-plus-all-season\/#primaryimage\"},\"image\":{\"@id\":\"https:\/\/penosil.com\/et\/toode\/goldgun-65-plus-all-season\/#primaryimage\"},\"thumbnailUrl\":\"https:\/\/penosil.com\/et\/wp-content\/uploads\/sites\/32\/2025\/09\/GoldGun_65_Plus_AllSeason_EE_FI_1.png\",\"datePublished\":\"2020-03-25T13:38:48+00:00\",\"dateModified\":\"2026-04-12T00:04:44+00:00\",\"description\":\"Penosil GoldGun 65 Plus All Season\u00a0\u2013 p\u00fcstolivaht aastaringseks kasutamiseks, stabiilselt parima kvaliteediga ja suurema v\u00e4ljatulekuga. Sobib kasutamiseks kuni temperatuurini -15 \u00b0C. Uuri l\u00e4hemalt!\",\"breadcrumb\":{\"@id\":\"https:\/\/penosil.com\/et\/toode\/goldgun-65-plus-all-season\/#breadcrumb\"},\"inLanguage\":\"et\",\"potentialAction\":[{\"@type\":\"ReadAction\",\"target\":[\"https:\/\/penosil.com\/et\/toode\/goldgun-65-plus-all-season\/\"]}]},{\"@type\":\"ImageObject\",\"inLanguage\":\"et\",\"@id\":\"https:\/\/penosil.com\/et\/toode\/goldgun-65-plus-all-season\/#primaryimage\",\"url\":\"https:\/\/penosil.com\/et\/wp-content\/uploads\/sites\/32\/2025\/09\/GoldGun_65_Plus_AllSeason_EE_FI_1.png\",\"contentUrl\":\"https:\/\/penosil.com\/et\/wp-content\/uploads\/sites\/32\/2025\/09\/GoldGun_65_Plus_AllSeason_EE_FI_1.png\",\"width\":523,\"height\":1080,\"caption\":\"PENOSIL GoldGun 65 Plus All Season suurema v\u00e4ljatulekuga p\u00fcstolivaht soojus- ja heliisolatsiooniks raskeimatesse oludesse.\"},{\"@type\":\"BreadcrumbList\",\"@id\":\"https:\/\/penosil.com\/et\/toode\/goldgun-65-plus-all-season\/#breadcrumb\",\"itemListElement\":[{\"@type\":\"ListItem\",\"position\":1,\"name\":\"Home\",\"item\":\"https:\/\/penosil.com\/et\/\"},{\"@type\":\"ListItem\",\"position\":2,\"name\":\"Tooted\",\"item\":\"https:\/\/penosil.com\/et\/tooted\/\"},{\"@type\":\"ListItem\",\"position\":3,\"name\":\"GoldGun 65 Plus All Season\"}]},{\"@type\":\"WebSite\",\"@id\":\"https:\/\/penosil.com\/et\/#website\",\"url\":\"https:\/\/penosil.com\/et\/\",\"name\":\"Penosil Estonia\",\"description\":\"\",\"potentialAction\":[{\"@type\":\"SearchAction\",\"target\":{\"@type\":\"EntryPoint\",\"urlTemplate\":\"https:\/\/penosil.com\/et\/?s={search_term_string}\"},\"query-input\":{\"@type\":\"PropertyValueSpecification\",\"valueRequired\":true,\"valueName\":\"search_term_string\"}}],\"inLanguage\":\"et\"}]}<\/script>\n<!-- \/ Yoast SEO plugin. -->","yoast_head_json":{"title":"Aastaringne p\u00fcstolivaht Penosil GoldGun 65 Plus All Season","description":"Penosil GoldGun 65 Plus All Season\u00a0\u2013 p\u00fcstolivaht aastaringseks kasutamiseks, stabiilselt parima kvaliteediga ja suurema v\u00e4ljatulekuga. Sobib kasutamiseks kuni temperatuurini -15 \u00b0C. Uuri l\u00e4hemalt!","robots":{"index":"index","follow":"follow","max-snippet":"max-snippet:-1","max-image-preview":"max-image-preview:large","max-video-preview":"max-video-preview:-1"},"canonical":"https:\/\/penosil.com\/et\/toode\/goldgun-65-plus-all-season\/","og_locale":"et_EE","og_type":"article","og_title":"Aastaringne p\u00fcstolivaht Penosil GoldGun 65 Plus All Season","og_description":"Penosil GoldGun 65 Plus All Season\u00a0\u2013 p\u00fcstolivaht aastaringseks kasutamiseks, stabiilselt parima kvaliteediga ja suurema v\u00e4ljatulekuga. Sobib kasutamiseks kuni temperatuurini -15 \u00b0C. Uuri l\u00e4hemalt!","og_url":"https:\/\/penosil.com\/et\/toode\/goldgun-65-plus-all-season\/","og_site_name":"Penosil Estonia","article_modified_time":"2026-04-12T00:04:44+00:00","og_image":[{"width":523,"height":1080,"url":"https:\/\/penosil.com\/et\/wp-content\/uploads\/sites\/32\/2025\/09\/GoldGun_65_Plus_AllSeason_EE_FI_1.png","type":"image\/png"}],"twitter_card":"summary_large_image","schema":{"@context":"https:\/\/schema.org","@graph":[{"@type":"WebPage","@id":"https:\/\/penosil.com\/et\/toode\/goldgun-65-plus-all-season\/","url":"https:\/\/penosil.com\/et\/toode\/goldgun-65-plus-all-season\/","name":"Aastaringne p\u00fcstolivaht Penosil GoldGun 65 Plus All Season","isPartOf":{"@id":"https:\/\/penosil.com\/et\/#website"},"primaryImageOfPage":{"@id":"https:\/\/penosil.com\/et\/toode\/goldgun-65-plus-all-season\/#primaryimage"},"image":{"@id":"https:\/\/penosil.com\/et\/toode\/goldgun-65-plus-all-season\/#primaryimage"},"thumbnailUrl":"https:\/\/penosil.com\/et\/wp-content\/uploads\/sites\/32\/2025\/09\/GoldGun_65_Plus_AllSeason_EE_FI_1.png","datePublished":"2020-03-25T13:38:48+00:00","dateModified":"2026-04-12T00:04:44+00:00","description":"Penosil GoldGun 65 Plus All Season\u00a0\u2013 p\u00fcstolivaht aastaringseks kasutamiseks, stabiilselt parima kvaliteediga ja suurema v\u00e4ljatulekuga. Sobib kasutamiseks kuni temperatuurini -15 \u00b0C. Uuri l\u00e4hemalt!","breadcrumb":{"@id":"https:\/\/penosil.com\/et\/toode\/goldgun-65-plus-all-season\/#breadcrumb"},"inLanguage":"et","potentialAction":[{"@type":"ReadAction","target":["https:\/\/penosil.com\/et\/toode\/goldgun-65-plus-all-season\/"]}]},{"@type":"ImageObject","inLanguage":"et","@id":"https:\/\/penosil.com\/et\/toode\/goldgun-65-plus-all-season\/#primaryimage","url":"https:\/\/penosil.com\/et\/wp-content\/uploads\/sites\/32\/2025\/09\/GoldGun_65_Plus_AllSeason_EE_FI_1.png","contentUrl":"https:\/\/penosil.com\/et\/wp-content\/uploads\/sites\/32\/2025\/09\/GoldGun_65_Plus_AllSeason_EE_FI_1.png","width":523,"height":1080,"caption":"PENOSIL GoldGun 65 Plus All Season suurema v\u00e4ljatulekuga p\u00fcstolivaht soojus- ja heliisolatsiooniks raskeimatesse oludesse."},{"@type":"BreadcrumbList","@id":"https:\/\/penosil.com\/et\/toode\/goldgun-65-plus-all-season\/#breadcrumb","itemListElement":[{"@type":"ListItem","position":1,"name":"Home","item":"https:\/\/penosil.com\/et\/"},{"@type":"ListItem","position":2,"name":"Tooted","item":"https:\/\/penosil.com\/et\/tooted\/"},{"@type":"ListItem","position":3,"name":"GoldGun 65 Plus All Season"}]},{"@type":"WebSite","@id":"https:\/\/penosil.com\/et\/#website","url":"https:\/\/penosil.com\/et\/","name":"Penosil Estonia","description":"","potentialAction":[{"@type":"SearchAction","target":{"@type":"EntryPoint","urlTemplate":"https:\/\/penosil.com\/et\/?s={search_term_string}"},"query-input":{"@type":"PropertyValueSpecification","valueRequired":true,"valueName":"search_term_string"}}],"inLanguage":"et"}]}},"featured_img":"https:\/\/penosil.com\/et\/wp-content\/uploads\/sites\/32\/2025\/09\/GoldGun_65_Plus_AllSeason_EE_FI_1.png","coauthors":[],"author_meta":{"author_link":"https:\/\/penosil.com\/et\/author\/anne\/","display_name":"Anne Lulla"},"relative_dates":{"created":"Posted 6 aastat ago","modified":"Updated 3 p\u00e4eva ago"},"absolute_dates":{"created":"Posted on 25. m\u00e4rts 2020","modified":"Updated on 12. apr. 2026"},"absolute_dates_time":{"created":"Posted on 25. m\u00e4rts 2020 03:38","modified":"Updated on 12. apr. 2026 02:04"},"featured_img_caption":"","tax_additional":{"product_brand":{"linked":[],"unlinked":[],"slug":"product_brand","name":"Br\u00e4ndid"},"product_type":{"linked":["<a href=\"https:\/\/penosil.com\/et\/?taxonomy=product_type&#038;term=simple\" class=\"advgb-post-tax-term\">simple<\/a>"],"unlinked":["<span class=\"advgb-post-tax-term\">simple<\/span>"],"slug":"product_type","name":"Product type"},"product_visibility":{"linked":[],"unlinked":[],"slug":"product_visibility","name":"Product visibility"},"product_cat":{"linked":["<a href=\"https:\/\/penosil.com\/et\/tooted\/tootekategooriad\/ehitusvahud\/pustolivahud\/\" class=\"advgb-post-tax-term\">P\u00fcstolivahud<\/a>","<a href=\"https:\/\/penosil.com\/et\/tooted\/kasutusalad\/uldehitus\/\" class=\"advgb-post-tax-term\">\u00dcldehitus<\/a>","<a href=\"https:\/\/penosil.com\/et\/tooted\/tootekategooriad\/ehitusvahud\/\" class=\"advgb-post-tax-term\">Ehitusvahud<\/a>"],"unlinked":["<span class=\"advgb-post-tax-term\">P\u00fcstolivahud<\/span>","<span class=\"advgb-post-tax-term\">\u00dcldehitus<\/span>","<span class=\"advgb-post-tax-term\">Ehitusvahud<\/span>"],"slug":"product_cat","name":"Tootekategooriad"},"product_tag":{"linked":[],"unlinked":[],"slug":"product_tag","name":"Tootesildid"},"product_shipping_class":{"linked":[],"unlinked":[],"slug":"product_shipping_class","name":"Toote tarneklassid"},"pos_product_visibility":{"linked":[],"unlinked":[],"slug":"pos_product_visibility","name":"POS Product visibility"},"pa_color":{"linked":["<a href=\"https:\/\/penosil.com\/et\/?taxonomy=pa_color&#038;term=light-yellow-et\" class=\"advgb-post-tax-term\">Helekollane<\/a>"],"unlinked":["<span class=\"advgb-post-tax-term\">Helekollane<\/span>"],"slug":"pa_color","name":"Product Colour"},"pa_diameter":{"linked":[],"unlinked":[],"slug":"pa_diameter","name":"Product Diameter"},"pa_package":{"linked":[],"unlinked":[],"slug":"pa_package","name":"Product Package"},"pa_roll":{"linked":[],"unlinked":[],"slug":"pa_roll","name":"Product Roll"},"pa_widths":{"linked":[],"unlinked":[],"slug":"pa_widths","name":"Product Widths"},"translation_priority":{"linked":["<a href=\"https:\/\/penosil.com\/et\/?taxonomy=translation_priority&#038;term=optional-et\" class=\"advgb-post-tax-term\">Optional<\/a>"],"unlinked":["<span class=\"advgb-post-tax-term\">Optional<\/span>"],"slug":"translation_priority","name":"Translation Priorities"}},"series_order":"","_links":{"self":[{"href":"https:\/\/penosil.com\/et\/wp-json\/wp\/v2\/product\/11704","targetHints":{"allow":["GET"]}}],"collection":[{"href":"https:\/\/penosil.com\/et\/wp-json\/wp\/v2\/product"}],"about":[{"href":"https:\/\/penosil.com\/et\/wp-json\/wp\/v2\/types\/product"}],"version-history":[{"count":8,"href":"https:\/\/penosil.com\/et\/wp-json\/wp\/v2\/product\/11704\/revisions"}],"predecessor-version":[{"id":35506,"href":"https:\/\/penosil.com\/et\/wp-json\/wp\/v2\/product\/11704\/revisions\/35506"}],"wp:featuredmedia":[{"embeddable":true,"href":"https:\/\/penosil.com\/et\/wp-json\/wp\/v2\/media\/35020"}],"wp:attachment":[{"href":"https:\/\/penosil.com\/et\/wp-json\/wp\/v2\/media?parent=11704"}],"wp:term":[{"taxonomy":"product_brand","embeddable":true,"href":"https:\/\/penosil.com\/et\/wp-json\/wp\/v2\/product_brand?post=11704"},{"taxonomy":"product_cat","embeddable":true,"href":"https:\/\/penosil.com\/et\/wp-json\/wp\/v2\/product_cat?post=11704"},{"taxonomy":"product_tag","embeddable":true,"href":"https:\/\/penosil.com\/et\/wp-json\/wp\/v2\/product_tag?post=11704"}],"curies":[{"name":"wp","href":"https:\/\/api.w.org\/{rel}","templated":true}]}}