{"id":12249,"date":"2020-03-30T12:08:29","date_gmt":"2020-03-30T10:08:29","guid":{"rendered":"https:\/\/penosil.com\/et\/?post_type=product&#038;p=12249"},"modified":"2026-04-12T02:04:40","modified_gmt":"2026-04-12T00:04:40","slug":"easygun-foam-108-aastaringne-isolatsioonivaht","status":"publish","type":"product","link":"https:\/\/penosil.com\/et\/toode\/easygun-foam-108-aastaringne-isolatsioonivaht\/","title":{"rendered":"EasyGun Foam 108"},"content":{"rendered":"<p>PENOSIL EasyGun Foam 108 on \u00fchekomponentne pol\u00fcuretaanvaht, mis sobib kasutamiseks aastaringselt ja on varustatud spetsiaalse EasyGun-aplikaatoriga. Sobib kitsaste ja s\u00fcgavate avade, pragude ja aukude t\u00e4itmiseks ja isoleerimiseks, kuhu on raske ligi p\u00e4\u00e4seda p\u00fcstoli v\u00f5i traditsioonilise k\u00f5rsplikaatoriga. Vahtu saab peale kanda kas vahup\u00fcstoliga v\u00f5i EasyGun-aplikaatoriga, mis muudab selle toote traditsioonilistest vahup\u00fcstolitest mitmek\u00fclgsemaks.<\/p>\n","protected":false},"excerpt":{"rendered":"Aastaringne isolatsioonivaht","protected":false},"author":6,"featured_media":34407,"template":"","meta":{"_acf_changed":false,"advgb_blocks_editor_width":"","advgb_blocks_columns_visual_guide":"","footnotes":""},"product_brand":[],"product_cat":[829,1358,1495,1514],"product_tag":[],"class_list":{"0":"post-12249","1":"product","2":"type-product","3":"status-publish","4":"has-post-thumbnail","6":"product_cat-uldehitus","7":"product_cat-tootekategooriad","8":"product_cat-ehitusvahud","9":"product_cat-easygun-vaht","11":"first","12":"instock","13":"taxable","14":"shipping-taxable","15":"purchasable","16":"product-type-simple"},"acf":[],"yoast_head":"<!-- This site is optimized with the Yoast SEO plugin v27.2 - https:\/\/yoast.com\/product\/yoast-seo-wordpress\/ -->\n<title>PENOSIL EasyGun Foam 108 ehitusvaht EasyGun aplikaatoriga<\/title>\n<meta name=\"description\" content=\"PENOSIL EasyGun Foam 108 on EasyGuni aplikaatoriga aastaringne isolatsioonivaht kitsaste ja s\u00fcgavate vuukide t\u00e4itmiseks, millele on vahup\u00fcstoli v\u00f5i traditsioonilise k\u00f5rsaplikaatoriga raske ligi p\u00e4\u00e4seda. Lisainfo!\" \/>\n<meta name=\"robots\" content=\"index, follow, max-snippet:-1, max-image-preview:large, max-video-preview:-1\" \/>\n<link rel=\"canonical\" href=\"https:\/\/penosil.com\/et\/toode\/easygun-foam-108-aastaringne-isolatsioonivaht\/\" \/>\n<meta property=\"og:locale\" content=\"et_EE\" \/>\n<meta property=\"og:type\" content=\"article\" \/>\n<meta property=\"og:title\" content=\"PENOSIL EasyGun Foam 108 ehitusvaht EasyGun aplikaatoriga\" \/>\n<meta property=\"og:description\" content=\"PENOSIL EasyGun Foam 108 on EasyGuni aplikaatoriga aastaringne isolatsioonivaht kitsaste ja s\u00fcgavate vuukide t\u00e4itmiseks, millele on vahup\u00fcstoli v\u00f5i traditsioonilise k\u00f5rsaplikaatoriga raske ligi p\u00e4\u00e4seda. Lisainfo!\" \/>\n<meta property=\"og:url\" content=\"https:\/\/penosil.com\/et\/toode\/easygun-foam-108-aastaringne-isolatsioonivaht\/\" \/>\n<meta property=\"og:site_name\" content=\"Penosil Estonia\" \/>\n<meta property=\"article:modified_time\" content=\"2026-04-12T00:04:40+00:00\" \/>\n<meta property=\"og:image\" content=\"https:\/\/penosil.com\/et\/wp-content\/uploads\/sites\/32\/2025\/06\/108_EasyGun_Foam_108_EE_FI.png\" \/>\n\t<meta property=\"og:image:width\" content=\"523\" \/>\n\t<meta property=\"og:image:height\" content=\"1080\" \/>\n\t<meta property=\"og:image:type\" content=\"image\/png\" \/>\n<meta name=\"twitter:card\" content=\"summary_large_image\" \/>\n<script type=\"application\/ld+json\" class=\"yoast-schema-graph\">{\"@context\":\"https:\/\/schema.org\",\"@graph\":[{\"@type\":\"WebPage\",\"@id\":\"https:\/\/penosil.com\/et\/toode\/easygun-foam-108-aastaringne-isolatsioonivaht\/\",\"url\":\"https:\/\/penosil.com\/et\/toode\/easygun-foam-108-aastaringne-isolatsioonivaht\/\",\"name\":\"PENOSIL EasyGun Foam 108 ehitusvaht EasyGun aplikaatoriga\",\"isPartOf\":{\"@id\":\"https:\/\/penosil.com\/et\/#website\"},\"primaryImageOfPage\":{\"@id\":\"https:\/\/penosil.com\/et\/toode\/easygun-foam-108-aastaringne-isolatsioonivaht\/#primaryimage\"},\"image\":{\"@id\":\"https:\/\/penosil.com\/et\/toode\/easygun-foam-108-aastaringne-isolatsioonivaht\/#primaryimage\"},\"thumbnailUrl\":\"https:\/\/penosil.com\/et\/wp-content\/uploads\/sites\/32\/2025\/06\/108_EasyGun_Foam_108_EE_FI.png\",\"datePublished\":\"2020-03-30T10:08:29+00:00\",\"dateModified\":\"2026-04-12T00:04:40+00:00\",\"description\":\"PENOSIL EasyGun Foam 108 on EasyGuni aplikaatoriga aastaringne isolatsioonivaht kitsaste ja s\u00fcgavate vuukide t\u00e4itmiseks, millele on vahup\u00fcstoli v\u00f5i traditsioonilise k\u00f5rsaplikaatoriga raske ligi p\u00e4\u00e4seda. Lisainfo!\",\"breadcrumb\":{\"@id\":\"https:\/\/penosil.com\/et\/toode\/easygun-foam-108-aastaringne-isolatsioonivaht\/#breadcrumb\"},\"inLanguage\":\"et\",\"potentialAction\":[{\"@type\":\"ReadAction\",\"target\":[\"https:\/\/penosil.com\/et\/toode\/easygun-foam-108-aastaringne-isolatsioonivaht\/\"]}]},{\"@type\":\"ImageObject\",\"inLanguage\":\"et\",\"@id\":\"https:\/\/penosil.com\/et\/toode\/easygun-foam-108-aastaringne-isolatsioonivaht\/#primaryimage\",\"url\":\"https:\/\/penosil.com\/et\/wp-content\/uploads\/sites\/32\/2025\/06\/108_EasyGun_Foam_108_EE_FI.png\",\"contentUrl\":\"https:\/\/penosil.com\/et\/wp-content\/uploads\/sites\/32\/2025\/06\/108_EasyGun_Foam_108_EE_FI.png\",\"width\":523,\"height\":1080,\"caption\":\"PENOSIL EasyGun Foam 108 aastaringne p\u00fcstolivaht easygun k\u00f5rrega\"},{\"@type\":\"BreadcrumbList\",\"@id\":\"https:\/\/penosil.com\/et\/toode\/easygun-foam-108-aastaringne-isolatsioonivaht\/#breadcrumb\",\"itemListElement\":[{\"@type\":\"ListItem\",\"position\":1,\"name\":\"Home\",\"item\":\"https:\/\/penosil.com\/et\/\"},{\"@type\":\"ListItem\",\"position\":2,\"name\":\"Tooted\",\"item\":\"https:\/\/penosil.com\/et\/tooted\/\"},{\"@type\":\"ListItem\",\"position\":3,\"name\":\"EasyGun Foam 108\"}]},{\"@type\":\"WebSite\",\"@id\":\"https:\/\/penosil.com\/et\/#website\",\"url\":\"https:\/\/penosil.com\/et\/\",\"name\":\"Penosil Estonia\",\"description\":\"\",\"potentialAction\":[{\"@type\":\"SearchAction\",\"target\":{\"@type\":\"EntryPoint\",\"urlTemplate\":\"https:\/\/penosil.com\/et\/?s={search_term_string}\"},\"query-input\":{\"@type\":\"PropertyValueSpecification\",\"valueRequired\":true,\"valueName\":\"search_term_string\"}}],\"inLanguage\":\"et\"}]}<\/script>\n<!-- \/ Yoast SEO plugin. -->","yoast_head_json":{"title":"PENOSIL EasyGun Foam 108 ehitusvaht EasyGun aplikaatoriga","description":"PENOSIL EasyGun Foam 108 on EasyGuni aplikaatoriga aastaringne isolatsioonivaht kitsaste ja s\u00fcgavate vuukide t\u00e4itmiseks, millele on vahup\u00fcstoli v\u00f5i traditsioonilise k\u00f5rsaplikaatoriga raske ligi p\u00e4\u00e4seda. Lisainfo!","robots":{"index":"index","follow":"follow","max-snippet":"max-snippet:-1","max-image-preview":"max-image-preview:large","max-video-preview":"max-video-preview:-1"},"canonical":"https:\/\/penosil.com\/et\/toode\/easygun-foam-108-aastaringne-isolatsioonivaht\/","og_locale":"et_EE","og_type":"article","og_title":"PENOSIL EasyGun Foam 108 ehitusvaht EasyGun aplikaatoriga","og_description":"PENOSIL EasyGun Foam 108 on EasyGuni aplikaatoriga aastaringne isolatsioonivaht kitsaste ja s\u00fcgavate vuukide t\u00e4itmiseks, millele on vahup\u00fcstoli v\u00f5i traditsioonilise k\u00f5rsaplikaatoriga raske ligi p\u00e4\u00e4seda. Lisainfo!","og_url":"https:\/\/penosil.com\/et\/toode\/easygun-foam-108-aastaringne-isolatsioonivaht\/","og_site_name":"Penosil Estonia","article_modified_time":"2026-04-12T00:04:40+00:00","og_image":[{"width":523,"height":1080,"url":"https:\/\/penosil.com\/et\/wp-content\/uploads\/sites\/32\/2025\/06\/108_EasyGun_Foam_108_EE_FI.png","type":"image\/png"}],"twitter_card":"summary_large_image","schema":{"@context":"https:\/\/schema.org","@graph":[{"@type":"WebPage","@id":"https:\/\/penosil.com\/et\/toode\/easygun-foam-108-aastaringne-isolatsioonivaht\/","url":"https:\/\/penosil.com\/et\/toode\/easygun-foam-108-aastaringne-isolatsioonivaht\/","name":"PENOSIL EasyGun Foam 108 ehitusvaht EasyGun aplikaatoriga","isPartOf":{"@id":"https:\/\/penosil.com\/et\/#website"},"primaryImageOfPage":{"@id":"https:\/\/penosil.com\/et\/toode\/easygun-foam-108-aastaringne-isolatsioonivaht\/#primaryimage"},"image":{"@id":"https:\/\/penosil.com\/et\/toode\/easygun-foam-108-aastaringne-isolatsioonivaht\/#primaryimage"},"thumbnailUrl":"https:\/\/penosil.com\/et\/wp-content\/uploads\/sites\/32\/2025\/06\/108_EasyGun_Foam_108_EE_FI.png","datePublished":"2020-03-30T10:08:29+00:00","dateModified":"2026-04-12T00:04:40+00:00","description":"PENOSIL EasyGun Foam 108 on EasyGuni aplikaatoriga aastaringne isolatsioonivaht kitsaste ja s\u00fcgavate vuukide t\u00e4itmiseks, millele on vahup\u00fcstoli v\u00f5i traditsioonilise k\u00f5rsaplikaatoriga raske ligi p\u00e4\u00e4seda. Lisainfo!","breadcrumb":{"@id":"https:\/\/penosil.com\/et\/toode\/easygun-foam-108-aastaringne-isolatsioonivaht\/#breadcrumb"},"inLanguage":"et","potentialAction":[{"@type":"ReadAction","target":["https:\/\/penosil.com\/et\/toode\/easygun-foam-108-aastaringne-isolatsioonivaht\/"]}]},{"@type":"ImageObject","inLanguage":"et","@id":"https:\/\/penosil.com\/et\/toode\/easygun-foam-108-aastaringne-isolatsioonivaht\/#primaryimage","url":"https:\/\/penosil.com\/et\/wp-content\/uploads\/sites\/32\/2025\/06\/108_EasyGun_Foam_108_EE_FI.png","contentUrl":"https:\/\/penosil.com\/et\/wp-content\/uploads\/sites\/32\/2025\/06\/108_EasyGun_Foam_108_EE_FI.png","width":523,"height":1080,"caption":"PENOSIL EasyGun Foam 108 aastaringne p\u00fcstolivaht easygun k\u00f5rrega"},{"@type":"BreadcrumbList","@id":"https:\/\/penosil.com\/et\/toode\/easygun-foam-108-aastaringne-isolatsioonivaht\/#breadcrumb","itemListElement":[{"@type":"ListItem","position":1,"name":"Home","item":"https:\/\/penosil.com\/et\/"},{"@type":"ListItem","position":2,"name":"Tooted","item":"https:\/\/penosil.com\/et\/tooted\/"},{"@type":"ListItem","position":3,"name":"EasyGun Foam 108"}]},{"@type":"WebSite","@id":"https:\/\/penosil.com\/et\/#website","url":"https:\/\/penosil.com\/et\/","name":"Penosil Estonia","description":"","potentialAction":[{"@type":"SearchAction","target":{"@type":"EntryPoint","urlTemplate":"https:\/\/penosil.com\/et\/?s={search_term_string}"},"query-input":{"@type":"PropertyValueSpecification","valueRequired":true,"valueName":"search_term_string"}}],"inLanguage":"et"}]}},"featured_img":"https:\/\/penosil.com\/et\/wp-content\/uploads\/sites\/32\/2025\/06\/108_EasyGun_Foam_108_EE_FI.png","coauthors":[],"author_meta":{"author_link":"https:\/\/penosil.com\/et\/author\/anne\/","display_name":"Anne Lulla"},"relative_dates":{"created":"Posted 6 aastat ago","modified":"Updated 4 p\u00e4eva ago"},"absolute_dates":{"created":"Posted on 30. m\u00e4rts 2020","modified":"Updated on 12. apr. 2026"},"absolute_dates_time":{"created":"Posted on 30. m\u00e4rts 2020 12:08","modified":"Updated on 12. apr. 2026 02:04"},"featured_img_caption":"","tax_additional":{"product_brand":{"linked":[],"unlinked":[],"slug":"product_brand","name":"Br\u00e4ndid"},"product_type":{"linked":["<a href=\"https:\/\/penosil.com\/et\/?taxonomy=product_type&#038;term=simple\" class=\"advgb-post-tax-term\">simple<\/a>"],"unlinked":["<span class=\"advgb-post-tax-term\">simple<\/span>"],"slug":"product_type","name":"Product type"},"product_visibility":{"linked":[],"unlinked":[],"slug":"product_visibility","name":"Product visibility"},"product_cat":{"linked":["<a href=\"https:\/\/penosil.com\/et\/tooted\/kasutusalad\/uldehitus\/\" class=\"advgb-post-tax-term\">\u00dcldehitus<\/a>","<a href=\"https:\/\/penosil.com\/et\/tooted\/tootekategooriad\/\" class=\"advgb-post-tax-term\">Tootekategooriad<\/a>","<a href=\"https:\/\/penosil.com\/et\/tooted\/tootekategooriad\/ehitusvahud\/\" class=\"advgb-post-tax-term\">Ehitusvahud<\/a>","<a href=\"https:\/\/penosil.com\/et\/tooted\/tootekategooriad\/ehitusvahud\/easygun-vaht\/\" class=\"advgb-post-tax-term\">EasyGun vahud<\/a>"],"unlinked":["<span class=\"advgb-post-tax-term\">\u00dcldehitus<\/span>","<span class=\"advgb-post-tax-term\">Tootekategooriad<\/span>","<span class=\"advgb-post-tax-term\">Ehitusvahud<\/span>","<span class=\"advgb-post-tax-term\">EasyGun vahud<\/span>"],"slug":"product_cat","name":"Tootekategooriad"},"product_tag":{"linked":[],"unlinked":[],"slug":"product_tag","name":"Tootesildid"},"product_shipping_class":{"linked":[],"unlinked":[],"slug":"product_shipping_class","name":"Toote tarneklassid"},"pos_product_visibility":{"linked":[],"unlinked":[],"slug":"pos_product_visibility","name":"POS Product visibility"},"pa_color":{"linked":["<a href=\"https:\/\/penosil.com\/et\/?taxonomy=pa_color&#038;term=light-yellow-et\" class=\"advgb-post-tax-term\">Helekollane<\/a>"],"unlinked":["<span class=\"advgb-post-tax-term\">Helekollane<\/span>"],"slug":"pa_color","name":"Product Colour"},"pa_diameter":{"linked":[],"unlinked":[],"slug":"pa_diameter","name":"Product Diameter"},"pa_package":{"linked":[],"unlinked":[],"slug":"pa_package","name":"Product Package"},"pa_roll":{"linked":[],"unlinked":[],"slug":"pa_roll","name":"Product Roll"},"pa_widths":{"linked":[],"unlinked":[],"slug":"pa_widths","name":"Product Widths"},"translation_priority":{"linked":["<a href=\"https:\/\/penosil.com\/et\/?taxonomy=translation_priority&#038;term=optional-et\" class=\"advgb-post-tax-term\">Optional<\/a>"],"unlinked":["<span class=\"advgb-post-tax-term\">Optional<\/span>"],"slug":"translation_priority","name":"Translation Priorities"}},"series_order":"","_links":{"self":[{"href":"https:\/\/penosil.com\/et\/wp-json\/wp\/v2\/product\/12249","targetHints":{"allow":["GET"]}}],"collection":[{"href":"https:\/\/penosil.com\/et\/wp-json\/wp\/v2\/product"}],"about":[{"href":"https:\/\/penosil.com\/et\/wp-json\/wp\/v2\/types\/product"}],"version-history":[{"count":13,"href":"https:\/\/penosil.com\/et\/wp-json\/wp\/v2\/product\/12249\/revisions"}],"predecessor-version":[{"id":35748,"href":"https:\/\/penosil.com\/et\/wp-json\/wp\/v2\/product\/12249\/revisions\/35748"}],"wp:featuredmedia":[{"embeddable":true,"href":"https:\/\/penosil.com\/et\/wp-json\/wp\/v2\/media\/34407"}],"wp:attachment":[{"href":"https:\/\/penosil.com\/et\/wp-json\/wp\/v2\/media?parent=12249"}],"wp:term":[{"taxonomy":"product_brand","embeddable":true,"href":"https:\/\/penosil.com\/et\/wp-json\/wp\/v2\/product_brand?post=12249"},{"taxonomy":"product_cat","embeddable":true,"href":"https:\/\/penosil.com\/et\/wp-json\/wp\/v2\/product_cat?post=12249"},{"taxonomy":"product_tag","embeddable":true,"href":"https:\/\/penosil.com\/et\/wp-json\/wp\/v2\/product_tag?post=12249"}],"curies":[{"name":"wp","href":"https:\/\/api.w.org\/{rel}","templated":true}]}}