{"id":13390,"date":"2020-04-07T12:27:36","date_gmt":"2020-04-07T10:27:36","guid":{"rendered":"https:\/\/penosil.com\/et\/?post_type=product&#038;p=13390"},"modified":"2026-04-21T02:04:09","modified_gmt":"2026-04-21T00:04:09","slug":"building-silicone-322-mitmeotstarbeline-silikoon","status":"publish","type":"product","link":"https:\/\/penosil.com\/et\/toode\/building-silicone-322-mitmeotstarbeline-silikoon\/","title":{"rendered":"Building Silicone 322"},"content":{"rendered":"<p>PENOSIL Building Silicone 322 on neutraalne silikoonhermeetik, millel on suur liikumisv\u00f5ime ja suurep\u00e4rased nakkeomadused. Moodustab hallitus- ja vananemiskindla elastse silikoonkummist \u00fchenduse.<\/p>\n","protected":false},"excerpt":{"rendered":"Neutraalne mitmeotstarbeline silikoon","protected":false},"author":6,"featured_media":34683,"template":"","meta":{"_acf_changed":false,"advgb_blocks_editor_width":"","advgb_blocks_columns_visual_guide":"","footnotes":""},"product_brand":[],"product_cat":[2617,829,1358,1598],"product_tag":[],"class_list":{"0":"post-13390","1":"product","2":"type-product","3":"status-publish","4":"has-post-thumbnail","6":"product_cat-neutraalsed-silikoonid","7":"product_cat-uldehitus","8":"product_cat-tootekategooriad","9":"product_cat-hermeetikud","11":"first","12":"instock","13":"taxable","14":"shipping-taxable","15":"purchasable","16":"product-type-variable","17":"has-default-attributes"},"acf":[],"yoast_head":"<!-- This site is optimized with the Yoast SEO plugin v27.4 - https:\/\/yoast.com\/product\/yoast-seo-wordpress\/ -->\n<title>PENOSIL Building Silicone 322 neutraalne mitmeotstarbeline silikoon ehitust\u00f6\u00f6deks<\/title>\n<meta name=\"description\" content=\"PENOSIL Building Silicone 322 on neutraalne mitmeotstarbeline silikoon sise- ja v\u00e4list\u00f6\u00f6deks. Moodustab elastse ja hallituskindla \u00fchenduse paljude poorsete ja mittepoorsete materjalidega. Lugege l\u00e4hemalt.\" \/>\n<meta name=\"robots\" content=\"index, follow, max-snippet:-1, max-image-preview:large, max-video-preview:-1\" \/>\n<link rel=\"canonical\" href=\"https:\/\/penosil.com\/et\/toode\/building-silicone-322-mitmeotstarbeline-silikoon\/\" \/>\n<meta property=\"og:locale\" content=\"et_EE\" \/>\n<meta property=\"og:type\" content=\"article\" \/>\n<meta property=\"og:title\" content=\"PENOSIL Building Silicone 322 neutraalne mitmeotstarbeline silikoon ehitust\u00f6\u00f6deks\" \/>\n<meta property=\"og:description\" content=\"PENOSIL Building Silicone 322 on neutraalne mitmeotstarbeline silikoon sise- ja v\u00e4list\u00f6\u00f6deks. Moodustab elastse ja hallituskindla \u00fchenduse paljude poorsete ja mittepoorsete materjalidega. Lugege l\u00e4hemalt.\" \/>\n<meta property=\"og:url\" content=\"https:\/\/penosil.com\/et\/toode\/building-silicone-322-mitmeotstarbeline-silikoon\/\" \/>\n<meta property=\"og:site_name\" content=\"Penosil Estonia\" \/>\n<meta property=\"article:modified_time\" content=\"2026-04-21T00:04:09+00:00\" \/>\n<meta property=\"og:image\" content=\"https:\/\/penosil.com\/et\/wp-content\/uploads\/sites\/32\/2025\/08\/322_Building_Silicone_322_EE_FI-transp_1.png\" \/>\n\t<meta property=\"og:image:width\" content=\"387\" \/>\n\t<meta property=\"og:image:height\" content=\"1080\" \/>\n\t<meta property=\"og:image:type\" content=\"image\/png\" \/>\n<meta name=\"twitter:card\" content=\"summary_large_image\" \/>\n<script type=\"application\/ld+json\" class=\"yoast-schema-graph\">{\"@context\":\"https:\\\/\\\/schema.org\",\"@graph\":[{\"@type\":\"WebPage\",\"@id\":\"https:\\\/\\\/penosil.com\\\/et\\\/toode\\\/building-silicone-322-mitmeotstarbeline-silikoon\\\/\",\"url\":\"https:\\\/\\\/penosil.com\\\/et\\\/toode\\\/building-silicone-322-mitmeotstarbeline-silikoon\\\/\",\"name\":\"PENOSIL Building Silicone 322 neutraalne mitmeotstarbeline silikoon ehitust\u00f6\u00f6deks\",\"isPartOf\":{\"@id\":\"https:\\\/\\\/penosil.com\\\/et\\\/#website\"},\"primaryImageOfPage\":{\"@id\":\"https:\\\/\\\/penosil.com\\\/et\\\/toode\\\/building-silicone-322-mitmeotstarbeline-silikoon\\\/#primaryimage\"},\"image\":{\"@id\":\"https:\\\/\\\/penosil.com\\\/et\\\/toode\\\/building-silicone-322-mitmeotstarbeline-silikoon\\\/#primaryimage\"},\"thumbnailUrl\":\"https:\\\/\\\/penosil.com\\\/et\\\/wp-content\\\/uploads\\\/sites\\\/32\\\/2025\\\/08\\\/322_Building_Silicone_322_EE_FI-transp_1.png\",\"datePublished\":\"2020-04-07T10:27:36+00:00\",\"dateModified\":\"2026-04-21T00:04:09+00:00\",\"description\":\"PENOSIL Building Silicone 322 on neutraalne mitmeotstarbeline silikoon sise- ja v\u00e4list\u00f6\u00f6deks. Moodustab elastse ja hallituskindla \u00fchenduse paljude poorsete ja mittepoorsete materjalidega. Lugege l\u00e4hemalt.\",\"breadcrumb\":{\"@id\":\"https:\\\/\\\/penosil.com\\\/et\\\/toode\\\/building-silicone-322-mitmeotstarbeline-silikoon\\\/#breadcrumb\"},\"inLanguage\":\"et\",\"potentialAction\":[{\"@type\":\"ReadAction\",\"target\":[\"https:\\\/\\\/penosil.com\\\/et\\\/toode\\\/building-silicone-322-mitmeotstarbeline-silikoon\\\/\"]}]},{\"@type\":\"ImageObject\",\"inLanguage\":\"et\",\"@id\":\"https:\\\/\\\/penosil.com\\\/et\\\/toode\\\/building-silicone-322-mitmeotstarbeline-silikoon\\\/#primaryimage\",\"url\":\"https:\\\/\\\/penosil.com\\\/et\\\/wp-content\\\/uploads\\\/sites\\\/32\\\/2025\\\/08\\\/322_Building_Silicone_322_EE_FI-transp_1.png\",\"contentUrl\":\"https:\\\/\\\/penosil.com\\\/et\\\/wp-content\\\/uploads\\\/sites\\\/32\\\/2025\\\/08\\\/322_Building_Silicone_322_EE_FI-transp_1.png\",\"width\":387,\"height\":1080,\"caption\":\"PENOSIL Building Silicone 322 on neutraalne silikoonhermeetik, millel on suur liikumisv\u00f5ime ja suurep\u00e4rased nakkeomadused.\"},{\"@type\":\"BreadcrumbList\",\"@id\":\"https:\\\/\\\/penosil.com\\\/et\\\/toode\\\/building-silicone-322-mitmeotstarbeline-silikoon\\\/#breadcrumb\",\"itemListElement\":[{\"@type\":\"ListItem\",\"position\":1,\"name\":\"Home\",\"item\":\"https:\\\/\\\/penosil.com\\\/et\\\/\"},{\"@type\":\"ListItem\",\"position\":2,\"name\":\"Tooted\",\"item\":\"https:\\\/\\\/penosil.com\\\/et\\\/tooted\\\/\"},{\"@type\":\"ListItem\",\"position\":3,\"name\":\"Building Silicone 322\"}]},{\"@type\":\"WebSite\",\"@id\":\"https:\\\/\\\/penosil.com\\\/et\\\/#website\",\"url\":\"https:\\\/\\\/penosil.com\\\/et\\\/\",\"name\":\"Penosil Estonia\",\"description\":\"\",\"potentialAction\":[{\"@type\":\"SearchAction\",\"target\":{\"@type\":\"EntryPoint\",\"urlTemplate\":\"https:\\\/\\\/penosil.com\\\/et\\\/?s={search_term_string}\"},\"query-input\":{\"@type\":\"PropertyValueSpecification\",\"valueRequired\":true,\"valueName\":\"search_term_string\"}}],\"inLanguage\":\"et\"}]}<\/script>\n<!-- \/ Yoast SEO plugin. -->","yoast_head_json":{"title":"PENOSIL Building Silicone 322 neutraalne mitmeotstarbeline silikoon ehitust\u00f6\u00f6deks","description":"PENOSIL Building Silicone 322 on neutraalne mitmeotstarbeline silikoon sise- ja v\u00e4list\u00f6\u00f6deks. Moodustab elastse ja hallituskindla \u00fchenduse paljude poorsete ja mittepoorsete materjalidega. Lugege l\u00e4hemalt.","robots":{"index":"index","follow":"follow","max-snippet":"max-snippet:-1","max-image-preview":"max-image-preview:large","max-video-preview":"max-video-preview:-1"},"canonical":"https:\/\/penosil.com\/et\/toode\/building-silicone-322-mitmeotstarbeline-silikoon\/","og_locale":"et_EE","og_type":"article","og_title":"PENOSIL Building Silicone 322 neutraalne mitmeotstarbeline silikoon ehitust\u00f6\u00f6deks","og_description":"PENOSIL Building Silicone 322 on neutraalne mitmeotstarbeline silikoon sise- ja v\u00e4list\u00f6\u00f6deks. Moodustab elastse ja hallituskindla \u00fchenduse paljude poorsete ja mittepoorsete materjalidega. Lugege l\u00e4hemalt.","og_url":"https:\/\/penosil.com\/et\/toode\/building-silicone-322-mitmeotstarbeline-silikoon\/","og_site_name":"Penosil Estonia","article_modified_time":"2026-04-21T00:04:09+00:00","og_image":[{"width":387,"height":1080,"url":"https:\/\/penosil.com\/et\/wp-content\/uploads\/sites\/32\/2025\/08\/322_Building_Silicone_322_EE_FI-transp_1.png","type":"image\/png"}],"twitter_card":"summary_large_image","schema":{"@context":"https:\/\/schema.org","@graph":[{"@type":"WebPage","@id":"https:\/\/penosil.com\/et\/toode\/building-silicone-322-mitmeotstarbeline-silikoon\/","url":"https:\/\/penosil.com\/et\/toode\/building-silicone-322-mitmeotstarbeline-silikoon\/","name":"PENOSIL Building Silicone 322 neutraalne mitmeotstarbeline silikoon ehitust\u00f6\u00f6deks","isPartOf":{"@id":"https:\/\/penosil.com\/et\/#website"},"primaryImageOfPage":{"@id":"https:\/\/penosil.com\/et\/toode\/building-silicone-322-mitmeotstarbeline-silikoon\/#primaryimage"},"image":{"@id":"https:\/\/penosil.com\/et\/toode\/building-silicone-322-mitmeotstarbeline-silikoon\/#primaryimage"},"thumbnailUrl":"https:\/\/penosil.com\/et\/wp-content\/uploads\/sites\/32\/2025\/08\/322_Building_Silicone_322_EE_FI-transp_1.png","datePublished":"2020-04-07T10:27:36+00:00","dateModified":"2026-04-21T00:04:09+00:00","description":"PENOSIL Building Silicone 322 on neutraalne mitmeotstarbeline silikoon sise- ja v\u00e4list\u00f6\u00f6deks. Moodustab elastse ja hallituskindla \u00fchenduse paljude poorsete ja mittepoorsete materjalidega. Lugege l\u00e4hemalt.","breadcrumb":{"@id":"https:\/\/penosil.com\/et\/toode\/building-silicone-322-mitmeotstarbeline-silikoon\/#breadcrumb"},"inLanguage":"et","potentialAction":[{"@type":"ReadAction","target":["https:\/\/penosil.com\/et\/toode\/building-silicone-322-mitmeotstarbeline-silikoon\/"]}]},{"@type":"ImageObject","inLanguage":"et","@id":"https:\/\/penosil.com\/et\/toode\/building-silicone-322-mitmeotstarbeline-silikoon\/#primaryimage","url":"https:\/\/penosil.com\/et\/wp-content\/uploads\/sites\/32\/2025\/08\/322_Building_Silicone_322_EE_FI-transp_1.png","contentUrl":"https:\/\/penosil.com\/et\/wp-content\/uploads\/sites\/32\/2025\/08\/322_Building_Silicone_322_EE_FI-transp_1.png","width":387,"height":1080,"caption":"PENOSIL Building Silicone 322 on neutraalne silikoonhermeetik, millel on suur liikumisv\u00f5ime ja suurep\u00e4rased nakkeomadused."},{"@type":"BreadcrumbList","@id":"https:\/\/penosil.com\/et\/toode\/building-silicone-322-mitmeotstarbeline-silikoon\/#breadcrumb","itemListElement":[{"@type":"ListItem","position":1,"name":"Home","item":"https:\/\/penosil.com\/et\/"},{"@type":"ListItem","position":2,"name":"Tooted","item":"https:\/\/penosil.com\/et\/tooted\/"},{"@type":"ListItem","position":3,"name":"Building Silicone 322"}]},{"@type":"WebSite","@id":"https:\/\/penosil.com\/et\/#website","url":"https:\/\/penosil.com\/et\/","name":"Penosil Estonia","description":"","potentialAction":[{"@type":"SearchAction","target":{"@type":"EntryPoint","urlTemplate":"https:\/\/penosil.com\/et\/?s={search_term_string}"},"query-input":{"@type":"PropertyValueSpecification","valueRequired":true,"valueName":"search_term_string"}}],"inLanguage":"et"}]}},"featured_img":"https:\/\/penosil.com\/et\/wp-content\/uploads\/sites\/32\/2025\/08\/322_Building_Silicone_322_EE_FI-transp_1.png","coauthors":[],"author_meta":{"author_link":"https:\/\/penosil.com\/et\/author\/anne\/","display_name":"Anne Lulla"},"relative_dates":{"created":"Posted 6 aastat ago","modified":"Updated 35 minutit ago"},"absolute_dates":{"created":"Posted on 7. apr. 2020","modified":"Updated on 21. apr. 2026"},"absolute_dates_time":{"created":"Posted on 7. apr. 2020 12:27","modified":"Updated on 21. apr. 2026 02:04"},"featured_img_caption":"","tax_additional":{"product_brand":{"linked":[],"unlinked":[],"slug":"product_brand","name":"Br\u00e4ndid"},"product_type":{"linked":["<a href=\"https:\/\/penosil.com\/et\/?taxonomy=product_type&#038;term=variable\" class=\"advgb-post-tax-term\">variable<\/a>"],"unlinked":["<span class=\"advgb-post-tax-term\">variable<\/span>"],"slug":"product_type","name":"Product type"},"product_visibility":{"linked":[],"unlinked":[],"slug":"product_visibility","name":"Product visibility"},"product_cat":{"linked":["<a href=\"https:\/\/penosil.com\/et\/tooted\/tootekategooriad\/hermeetikud\/neutraalsed-silikoonid\/\" class=\"advgb-post-tax-term\">Neutraalsed silikoonid<\/a>","<a href=\"https:\/\/penosil.com\/et\/tooted\/kasutusalad\/uldehitus\/\" class=\"advgb-post-tax-term\">\u00dcldehitus<\/a>","<a href=\"https:\/\/penosil.com\/et\/tooted\/tootekategooriad\/\" class=\"advgb-post-tax-term\">Tootekategooriad<\/a>","<a href=\"https:\/\/penosil.com\/et\/tooted\/tootekategooriad\/hermeetikud\/\" class=\"advgb-post-tax-term\">Hermeetikud ja mastiksid<\/a>"],"unlinked":["<span class=\"advgb-post-tax-term\">Neutraalsed silikoonid<\/span>","<span class=\"advgb-post-tax-term\">\u00dcldehitus<\/span>","<span class=\"advgb-post-tax-term\">Tootekategooriad<\/span>","<span class=\"advgb-post-tax-term\">Hermeetikud ja mastiksid<\/span>"],"slug":"product_cat","name":"Tootekategooriad"},"product_tag":{"linked":[],"unlinked":[],"slug":"product_tag","name":"Tootesildid"},"product_shipping_class":{"linked":[],"unlinked":[],"slug":"product_shipping_class","name":"Toote tarneklassid"},"pos_product_visibility":{"linked":[],"unlinked":[],"slug":"pos_product_visibility","name":"POS Product visibility"},"pa_color":{"linked":["<a href=\"https:\/\/penosil.com\/et\/?taxonomy=pa_color&#038;term=black-et\" class=\"advgb-post-tax-term\">Must<\/a>","<a href=\"https:\/\/penosil.com\/et\/?taxonomy=pa_color&#038;term=transparent-et\" class=\"advgb-post-tax-term\">Transparentne<\/a>"],"unlinked":["<span class=\"advgb-post-tax-term\">Must<\/span>","<span class=\"advgb-post-tax-term\">Transparentne<\/span>"],"slug":"pa_color","name":"Product Colour"},"pa_diameter":{"linked":[],"unlinked":[],"slug":"pa_diameter","name":"Product Diameter"},"pa_package":{"linked":["<a href=\"https:\/\/penosil.com\/et\/?taxonomy=pa_package&#038;term=600-ml-et\" class=\"advgb-post-tax-term\">600 ml<\/a>","<a href=\"https:\/\/penosil.com\/et\/?taxonomy=pa_package&#038;term=300-ml-2\" class=\"advgb-post-tax-term\">300 ml<\/a>"],"unlinked":["<span class=\"advgb-post-tax-term\">600 ml<\/span>","<span class=\"advgb-post-tax-term\">300 ml<\/span>"],"slug":"pa_package","name":"Product Package"},"pa_roll":{"linked":[],"unlinked":[],"slug":"pa_roll","name":"Product Roll"},"pa_widths":{"linked":[],"unlinked":[],"slug":"pa_widths","name":"Product Widths"},"translation_priority":{"linked":["<a href=\"https:\/\/penosil.com\/et\/?taxonomy=translation_priority&#038;term=optional-et\" class=\"advgb-post-tax-term\">Optional<\/a>"],"unlinked":["<span class=\"advgb-post-tax-term\">Optional<\/span>"],"slug":"translation_priority","name":"Translation Priorities"}},"series_order":"","_links":{"self":[{"href":"https:\/\/penosil.com\/et\/wp-json\/wp\/v2\/product\/13390","targetHints":{"allow":["GET"]}}],"collection":[{"href":"https:\/\/penosil.com\/et\/wp-json\/wp\/v2\/product"}],"about":[{"href":"https:\/\/penosil.com\/et\/wp-json\/wp\/v2\/types\/product"}],"version-history":[{"count":13,"href":"https:\/\/penosil.com\/et\/wp-json\/wp\/v2\/product\/13390\/revisions"}],"predecessor-version":[{"id":35796,"href":"https:\/\/penosil.com\/et\/wp-json\/wp\/v2\/product\/13390\/revisions\/35796"}],"wp:featuredmedia":[{"embeddable":true,"href":"https:\/\/penosil.com\/et\/wp-json\/wp\/v2\/media\/34683"}],"wp:attachment":[{"href":"https:\/\/penosil.com\/et\/wp-json\/wp\/v2\/media?parent=13390"}],"wp:term":[{"taxonomy":"product_brand","embeddable":true,"href":"https:\/\/penosil.com\/et\/wp-json\/wp\/v2\/product_brand?post=13390"},{"taxonomy":"product_cat","embeddable":true,"href":"https:\/\/penosil.com\/et\/wp-json\/wp\/v2\/product_cat?post=13390"},{"taxonomy":"product_tag","embeddable":true,"href":"https:\/\/penosil.com\/et\/wp-json\/wp\/v2\/product_tag?post=13390"}],"curies":[{"name":"wp","href":"https:\/\/api.w.org\/{rel}","templated":true}]}}