{"id":13397,"date":"2020-04-07T13:01:09","date_gmt":"2020-04-07T11:01:09","guid":{"rendered":"https:\/\/penosil.com\/et\/?post_type=product&#038;p=13397"},"modified":"2026-03-04T03:02:36","modified_gmt":"2026-03-04T01:02:36","slug":"neutral-sanitary-silicone-350-350c-mitmeotstarbeline-neutraalne-silikoon","status":"publish","type":"product","link":"https:\/\/penosil.com\/et\/toode\/neutral-sanitary-silicone-350-350c-mitmeotstarbeline-neutraalne-silikoon\/","title":{"rendered":"Neutral Sanitary Silicone 350 \/ 350c"},"content":{"rendered":"<p>PENOSIL Neutral Sanitary Silicone 350 \/ 350c on mitmeotstarbeline fungitsiidlisanditega neutraalne silikoon sanitaar- ja ventilatsioonit\u00f6\u00f6deks. Moodustab hallitus- ja vananemiskindla elastse silikoonkaut\u0161ukist \u00fchenduse. Sobib metallpindadele.<\/p>\n","protected":false},"excerpt":{"rendered":"Mitmeotstarbeline neutraalne silikoon","protected":false},"author":6,"featured_media":34713,"template":"","meta":{"_acf_changed":false,"advgb_blocks_editor_width":"","advgb_blocks_columns_visual_guide":"","footnotes":""},"product_brand":[],"product_cat":[2617,1358,1598,1142],"product_tag":[],"class_list":{"0":"post-13397","1":"product","2":"type-product","3":"status-publish","4":"has-post-thumbnail","6":"product_cat-neutraalsed-silikoonid","7":"product_cat-tootekategooriad","8":"product_cat-hermeetikud","9":"product_cat-niisked-ruumid","11":"first","12":"instock","13":"taxable","14":"shipping-taxable","15":"purchasable","16":"product-type-variable","17":"has-default-attributes"},"acf":[],"yoast_head":"<!-- This site is optimized with the Yoast SEO plugin v27.4 - https:\/\/yoast.com\/product\/yoast-seo-wordpress\/ -->\n<title>PENOSIL Neutral Sanitary Silicone 350 \/ 350c neutraalne silikoon sanitaar- ja ventilatsioonit\u00f6\u00f6deks<\/title>\n<meta name=\"description\" content=\"PENOSIL Neutral Sanitary Silicone 350 \/ 350c on mitmeotstarbeline fungitsiidlisanditega neutraalne silikoon sanitaar- ja ventilatsioonit\u00f6\u00f6deks. Lugege lisaks.\" \/>\n<meta name=\"robots\" content=\"index, follow, max-snippet:-1, max-image-preview:large, max-video-preview:-1\" \/>\n<link rel=\"canonical\" href=\"https:\/\/penosil.com\/et\/toode\/neutral-sanitary-silicone-350-350c-mitmeotstarbeline-neutraalne-silikoon\/\" \/>\n<meta property=\"og:locale\" content=\"et_EE\" \/>\n<meta property=\"og:type\" content=\"article\" \/>\n<meta property=\"og:title\" content=\"PENOSIL Neutral Sanitary Silicone 350 \/ 350c neutraalne silikoon sanitaar- ja ventilatsioonit\u00f6\u00f6deks\" \/>\n<meta property=\"og:description\" content=\"PENOSIL Neutral Sanitary Silicone 350 \/ 350c on mitmeotstarbeline fungitsiidlisanditega neutraalne silikoon sanitaar- ja ventilatsioonit\u00f6\u00f6deks. Lugege lisaks.\" \/>\n<meta property=\"og:url\" content=\"https:\/\/penosil.com\/et\/toode\/neutral-sanitary-silicone-350-350c-mitmeotstarbeline-neutraalne-silikoon\/\" \/>\n<meta property=\"og:site_name\" content=\"Penosil Estonia\" \/>\n<meta property=\"article:modified_time\" content=\"2026-03-04T01:02:36+00:00\" \/>\n<meta property=\"og:image\" content=\"https:\/\/penosil.com\/et\/wp-content\/uploads\/sites\/32\/2025\/08\/350_Neutral_Sanitary_Silicone_350_EE_FI_1.png\" \/>\n\t<meta property=\"og:image:width\" content=\"870\" \/>\n\t<meta property=\"og:image:height\" content=\"2430\" \/>\n\t<meta property=\"og:image:type\" content=\"image\/png\" \/>\n<meta name=\"twitter:card\" content=\"summary_large_image\" \/>\n<script type=\"application\/ld+json\" class=\"yoast-schema-graph\">{\"@context\":\"https:\\\/\\\/schema.org\",\"@graph\":[{\"@type\":\"WebPage\",\"@id\":\"https:\\\/\\\/penosil.com\\\/et\\\/toode\\\/neutral-sanitary-silicone-350-350c-mitmeotstarbeline-neutraalne-silikoon\\\/\",\"url\":\"https:\\\/\\\/penosil.com\\\/et\\\/toode\\\/neutral-sanitary-silicone-350-350c-mitmeotstarbeline-neutraalne-silikoon\\\/\",\"name\":\"PENOSIL Neutral Sanitary Silicone 350 \\\/ 350c neutraalne silikoon sanitaar- ja ventilatsioonit\u00f6\u00f6deks\",\"isPartOf\":{\"@id\":\"https:\\\/\\\/penosil.com\\\/et\\\/#website\"},\"primaryImageOfPage\":{\"@id\":\"https:\\\/\\\/penosil.com\\\/et\\\/toode\\\/neutral-sanitary-silicone-350-350c-mitmeotstarbeline-neutraalne-silikoon\\\/#primaryimage\"},\"image\":{\"@id\":\"https:\\\/\\\/penosil.com\\\/et\\\/toode\\\/neutral-sanitary-silicone-350-350c-mitmeotstarbeline-neutraalne-silikoon\\\/#primaryimage\"},\"thumbnailUrl\":\"https:\\\/\\\/penosil.com\\\/et\\\/wp-content\\\/uploads\\\/sites\\\/32\\\/2025\\\/08\\\/350_Neutral_Sanitary_Silicone_350_EE_FI_1.png\",\"datePublished\":\"2020-04-07T11:01:09+00:00\",\"dateModified\":\"2026-03-04T01:02:36+00:00\",\"description\":\"PENOSIL Neutral Sanitary Silicone 350 \\\/ 350c on mitmeotstarbeline fungitsiidlisanditega neutraalne silikoon sanitaar- ja ventilatsioonit\u00f6\u00f6deks. Lugege lisaks.\",\"breadcrumb\":{\"@id\":\"https:\\\/\\\/penosil.com\\\/et\\\/toode\\\/neutral-sanitary-silicone-350-350c-mitmeotstarbeline-neutraalne-silikoon\\\/#breadcrumb\"},\"inLanguage\":\"et\",\"potentialAction\":[{\"@type\":\"ReadAction\",\"target\":[\"https:\\\/\\\/penosil.com\\\/et\\\/toode\\\/neutral-sanitary-silicone-350-350c-mitmeotstarbeline-neutraalne-silikoon\\\/\"]}]},{\"@type\":\"ImageObject\",\"inLanguage\":\"et\",\"@id\":\"https:\\\/\\\/penosil.com\\\/et\\\/toode\\\/neutral-sanitary-silicone-350-350c-mitmeotstarbeline-neutraalne-silikoon\\\/#primaryimage\",\"url\":\"https:\\\/\\\/penosil.com\\\/et\\\/wp-content\\\/uploads\\\/sites\\\/32\\\/2025\\\/08\\\/350_Neutral_Sanitary_Silicone_350_EE_FI_1.png\",\"contentUrl\":\"https:\\\/\\\/penosil.com\\\/et\\\/wp-content\\\/uploads\\\/sites\\\/32\\\/2025\\\/08\\\/350_Neutral_Sanitary_Silicone_350_EE_FI_1.png\",\"width\":870,\"height\":2430,\"caption\":\"Penosil Neutral Sanitary Silicone 350 \\\/ 350c Mitmeotstarbeline neutraalne silikoon\"},{\"@type\":\"BreadcrumbList\",\"@id\":\"https:\\\/\\\/penosil.com\\\/et\\\/toode\\\/neutral-sanitary-silicone-350-350c-mitmeotstarbeline-neutraalne-silikoon\\\/#breadcrumb\",\"itemListElement\":[{\"@type\":\"ListItem\",\"position\":1,\"name\":\"Home\",\"item\":\"https:\\\/\\\/penosil.com\\\/et\\\/\"},{\"@type\":\"ListItem\",\"position\":2,\"name\":\"Tooted\",\"item\":\"https:\\\/\\\/penosil.com\\\/et\\\/tooted\\\/\"},{\"@type\":\"ListItem\",\"position\":3,\"name\":\"Neutral Sanitary Silicone 350 \\\/ 350c\"}]},{\"@type\":\"WebSite\",\"@id\":\"https:\\\/\\\/penosil.com\\\/et\\\/#website\",\"url\":\"https:\\\/\\\/penosil.com\\\/et\\\/\",\"name\":\"Penosil Estonia\",\"description\":\"\",\"potentialAction\":[{\"@type\":\"SearchAction\",\"target\":{\"@type\":\"EntryPoint\",\"urlTemplate\":\"https:\\\/\\\/penosil.com\\\/et\\\/?s={search_term_string}\"},\"query-input\":{\"@type\":\"PropertyValueSpecification\",\"valueRequired\":true,\"valueName\":\"search_term_string\"}}],\"inLanguage\":\"et\"}]}<\/script>\n<!-- \/ Yoast SEO plugin. -->","yoast_head_json":{"title":"PENOSIL Neutral Sanitary Silicone 350 \/ 350c neutraalne silikoon sanitaar- ja ventilatsioonit\u00f6\u00f6deks","description":"PENOSIL Neutral Sanitary Silicone 350 \/ 350c on mitmeotstarbeline fungitsiidlisanditega neutraalne silikoon sanitaar- ja ventilatsioonit\u00f6\u00f6deks. Lugege lisaks.","robots":{"index":"index","follow":"follow","max-snippet":"max-snippet:-1","max-image-preview":"max-image-preview:large","max-video-preview":"max-video-preview:-1"},"canonical":"https:\/\/penosil.com\/et\/toode\/neutral-sanitary-silicone-350-350c-mitmeotstarbeline-neutraalne-silikoon\/","og_locale":"et_EE","og_type":"article","og_title":"PENOSIL Neutral Sanitary Silicone 350 \/ 350c neutraalne silikoon sanitaar- ja ventilatsioonit\u00f6\u00f6deks","og_description":"PENOSIL Neutral Sanitary Silicone 350 \/ 350c on mitmeotstarbeline fungitsiidlisanditega neutraalne silikoon sanitaar- ja ventilatsioonit\u00f6\u00f6deks. Lugege lisaks.","og_url":"https:\/\/penosil.com\/et\/toode\/neutral-sanitary-silicone-350-350c-mitmeotstarbeline-neutraalne-silikoon\/","og_site_name":"Penosil Estonia","article_modified_time":"2026-03-04T01:02:36+00:00","og_image":[{"width":870,"height":2430,"url":"https:\/\/penosil.com\/et\/wp-content\/uploads\/sites\/32\/2025\/08\/350_Neutral_Sanitary_Silicone_350_EE_FI_1.png","type":"image\/png"}],"twitter_card":"summary_large_image","schema":{"@context":"https:\/\/schema.org","@graph":[{"@type":"WebPage","@id":"https:\/\/penosil.com\/et\/toode\/neutral-sanitary-silicone-350-350c-mitmeotstarbeline-neutraalne-silikoon\/","url":"https:\/\/penosil.com\/et\/toode\/neutral-sanitary-silicone-350-350c-mitmeotstarbeline-neutraalne-silikoon\/","name":"PENOSIL Neutral Sanitary Silicone 350 \/ 350c neutraalne silikoon sanitaar- ja ventilatsioonit\u00f6\u00f6deks","isPartOf":{"@id":"https:\/\/penosil.com\/et\/#website"},"primaryImageOfPage":{"@id":"https:\/\/penosil.com\/et\/toode\/neutral-sanitary-silicone-350-350c-mitmeotstarbeline-neutraalne-silikoon\/#primaryimage"},"image":{"@id":"https:\/\/penosil.com\/et\/toode\/neutral-sanitary-silicone-350-350c-mitmeotstarbeline-neutraalne-silikoon\/#primaryimage"},"thumbnailUrl":"https:\/\/penosil.com\/et\/wp-content\/uploads\/sites\/32\/2025\/08\/350_Neutral_Sanitary_Silicone_350_EE_FI_1.png","datePublished":"2020-04-07T11:01:09+00:00","dateModified":"2026-03-04T01:02:36+00:00","description":"PENOSIL Neutral Sanitary Silicone 350 \/ 350c on mitmeotstarbeline fungitsiidlisanditega neutraalne silikoon sanitaar- ja ventilatsioonit\u00f6\u00f6deks. Lugege lisaks.","breadcrumb":{"@id":"https:\/\/penosil.com\/et\/toode\/neutral-sanitary-silicone-350-350c-mitmeotstarbeline-neutraalne-silikoon\/#breadcrumb"},"inLanguage":"et","potentialAction":[{"@type":"ReadAction","target":["https:\/\/penosil.com\/et\/toode\/neutral-sanitary-silicone-350-350c-mitmeotstarbeline-neutraalne-silikoon\/"]}]},{"@type":"ImageObject","inLanguage":"et","@id":"https:\/\/penosil.com\/et\/toode\/neutral-sanitary-silicone-350-350c-mitmeotstarbeline-neutraalne-silikoon\/#primaryimage","url":"https:\/\/penosil.com\/et\/wp-content\/uploads\/sites\/32\/2025\/08\/350_Neutral_Sanitary_Silicone_350_EE_FI_1.png","contentUrl":"https:\/\/penosil.com\/et\/wp-content\/uploads\/sites\/32\/2025\/08\/350_Neutral_Sanitary_Silicone_350_EE_FI_1.png","width":870,"height":2430,"caption":"Penosil Neutral Sanitary Silicone 350 \/ 350c Mitmeotstarbeline neutraalne silikoon"},{"@type":"BreadcrumbList","@id":"https:\/\/penosil.com\/et\/toode\/neutral-sanitary-silicone-350-350c-mitmeotstarbeline-neutraalne-silikoon\/#breadcrumb","itemListElement":[{"@type":"ListItem","position":1,"name":"Home","item":"https:\/\/penosil.com\/et\/"},{"@type":"ListItem","position":2,"name":"Tooted","item":"https:\/\/penosil.com\/et\/tooted\/"},{"@type":"ListItem","position":3,"name":"Neutral Sanitary Silicone 350 \/ 350c"}]},{"@type":"WebSite","@id":"https:\/\/penosil.com\/et\/#website","url":"https:\/\/penosil.com\/et\/","name":"Penosil Estonia","description":"","potentialAction":[{"@type":"SearchAction","target":{"@type":"EntryPoint","urlTemplate":"https:\/\/penosil.com\/et\/?s={search_term_string}"},"query-input":{"@type":"PropertyValueSpecification","valueRequired":true,"valueName":"search_term_string"}}],"inLanguage":"et"}]}},"featured_img":"https:\/\/penosil.com\/et\/wp-content\/uploads\/sites\/32\/2025\/08\/350_Neutral_Sanitary_Silicone_350_EE_FI_1.png","coauthors":[],"author_meta":{"author_link":"https:\/\/penosil.com\/et\/author\/anne\/","display_name":"Anne Lulla"},"relative_dates":{"created":"Posted 6 aastat ago","modified":"Updated 2 kuud ago"},"absolute_dates":{"created":"Posted on 7. apr. 2020","modified":"Updated on 4. m\u00e4rts 2026"},"absolute_dates_time":{"created":"Posted on 7. apr. 2020 01:01","modified":"Updated on 4. m\u00e4rts 2026 03:02"},"featured_img_caption":"","tax_additional":{"product_brand":{"linked":[],"unlinked":[],"slug":"product_brand","name":"Br\u00e4ndid"},"product_type":{"linked":["<a href=\"https:\/\/penosil.com\/et\/?taxonomy=product_type&#038;term=variable\" class=\"advgb-post-tax-term\">variable<\/a>"],"unlinked":["<span class=\"advgb-post-tax-term\">variable<\/span>"],"slug":"product_type","name":"Product type"},"product_visibility":{"linked":[],"unlinked":[],"slug":"product_visibility","name":"Product visibility"},"product_cat":{"linked":["<a href=\"https:\/\/penosil.com\/et\/tooted\/tootekategooriad\/hermeetikud\/neutraalsed-silikoonid\/\" class=\"advgb-post-tax-term\">Neutraalsed silikoonid<\/a>","<a href=\"https:\/\/penosil.com\/et\/tooted\/tootekategooriad\/\" class=\"advgb-post-tax-term\">Tootekategooriad<\/a>","<a href=\"https:\/\/penosil.com\/et\/tooted\/tootekategooriad\/hermeetikud\/\" class=\"advgb-post-tax-term\">Hermeetikud ja mastiksid<\/a>","<a href=\"https:\/\/penosil.com\/et\/tooted\/kasutusalad\/niisked-ruumid\/\" class=\"advgb-post-tax-term\">Niisked ruumid<\/a>"],"unlinked":["<span class=\"advgb-post-tax-term\">Neutraalsed silikoonid<\/span>","<span class=\"advgb-post-tax-term\">Tootekategooriad<\/span>","<span class=\"advgb-post-tax-term\">Hermeetikud ja mastiksid<\/span>","<span class=\"advgb-post-tax-term\">Niisked ruumid<\/span>"],"slug":"product_cat","name":"Tootekategooriad"},"product_tag":{"linked":[],"unlinked":[],"slug":"product_tag","name":"Tootesildid"},"product_shipping_class":{"linked":[],"unlinked":[],"slug":"product_shipping_class","name":"Toote tarneklassid"},"pos_product_visibility":{"linked":[],"unlinked":[],"slug":"pos_product_visibility","name":"POS Product visibility"},"pa_color":{"linked":["<a href=\"https:\/\/penosil.com\/et\/?taxonomy=pa_color&#038;term=transparent-et\" class=\"advgb-post-tax-term\">Transparentne<\/a>","<a href=\"https:\/\/penosil.com\/et\/?taxonomy=pa_color&#038;term=white-et-2\" class=\"advgb-post-tax-term\">Valge<\/a>","<a href=\"https:\/\/penosil.com\/et\/?taxonomy=pa_color&#038;term=grey-et\" class=\"advgb-post-tax-term\">Hall<\/a>"],"unlinked":["<span class=\"advgb-post-tax-term\">Transparentne<\/span>","<span class=\"advgb-post-tax-term\">Valge<\/span>","<span class=\"advgb-post-tax-term\">Hall<\/span>"],"slug":"pa_color","name":"Product Colour"},"pa_diameter":{"linked":[],"unlinked":[],"slug":"pa_diameter","name":"Product Diameter"},"pa_package":{"linked":["<a href=\"https:\/\/penosil.com\/et\/?taxonomy=pa_package&#038;term=600-ml-et\" class=\"advgb-post-tax-term\">600 ml<\/a>","<a href=\"https:\/\/penosil.com\/et\/?taxonomy=pa_package&#038;term=280-ml-et\" class=\"advgb-post-tax-term\">280 ml<\/a>"],"unlinked":["<span class=\"advgb-post-tax-term\">600 ml<\/span>","<span class=\"advgb-post-tax-term\">280 ml<\/span>"],"slug":"pa_package","name":"Product Package"},"pa_roll":{"linked":[],"unlinked":[],"slug":"pa_roll","name":"Product Roll"},"pa_widths":{"linked":[],"unlinked":[],"slug":"pa_widths","name":"Product Widths"},"translation_priority":{"linked":["<a href=\"https:\/\/penosil.com\/et\/?taxonomy=translation_priority&#038;term=optional-et\" class=\"advgb-post-tax-term\">Optional<\/a>"],"unlinked":["<span class=\"advgb-post-tax-term\">Optional<\/span>"],"slug":"translation_priority","name":"Translation Priorities"}},"series_order":"","_links":{"self":[{"href":"https:\/\/penosil.com\/et\/wp-json\/wp\/v2\/product\/13397","targetHints":{"allow":["GET"]}}],"collection":[{"href":"https:\/\/penosil.com\/et\/wp-json\/wp\/v2\/product"}],"about":[{"href":"https:\/\/penosil.com\/et\/wp-json\/wp\/v2\/types\/product"}],"version-history":[{"count":6,"href":"https:\/\/penosil.com\/et\/wp-json\/wp\/v2\/product\/13397\/revisions"}],"predecessor-version":[{"id":35602,"href":"https:\/\/penosil.com\/et\/wp-json\/wp\/v2\/product\/13397\/revisions\/35602"}],"wp:featuredmedia":[{"embeddable":true,"href":"https:\/\/penosil.com\/et\/wp-json\/wp\/v2\/media\/34713"}],"wp:attachment":[{"href":"https:\/\/penosil.com\/et\/wp-json\/wp\/v2\/media?parent=13397"}],"wp:term":[{"taxonomy":"product_brand","embeddable":true,"href":"https:\/\/penosil.com\/et\/wp-json\/wp\/v2\/product_brand?post=13397"},{"taxonomy":"product_cat","embeddable":true,"href":"https:\/\/penosil.com\/et\/wp-json\/wp\/v2\/product_cat?post=13397"},{"taxonomy":"product_tag","embeddable":true,"href":"https:\/\/penosil.com\/et\/wp-json\/wp\/v2\/product_tag?post=13397"}],"curies":[{"name":"wp","href":"https:\/\/api.w.org\/{rel}","templated":true}]}}