{"id":13539,"date":"2020-04-08T09:02:30","date_gmt":"2020-04-08T07:02:30","guid":{"rendered":"https:\/\/penosil.com\/et\/?post_type=product&#038;p=13539"},"modified":"2026-02-09T10:46:41","modified_gmt":"2026-02-09T08:46:41","slug":"glazing-silicone-neutraalne-klaasimissilikoon","status":"publish","type":"product","link":"https:\/\/penosil.com\/et\/toode\/glazing-silicone-neutraalne-klaasimissilikoon\/","title":{"rendered":"Glazing Silicone 330"},"content":{"rendered":"<p>PENOSIL Glazing Silicone 330 on k\u00f5rge kvaliteediga neutraalne alkoksi-silikoon, millel on suurep\u00e4rased nakkumisomadused ja madal elastsusmoodul. Moodustab elastse kummitihendi paljude poorsete ja mittepoorsete materjalidega.<\/p>\n","protected":false},"excerpt":{"rendered":"Neutraalne klaasimissilikoon","protected":false},"author":6,"featured_media":35135,"template":"","meta":{"_acf_changed":false,"advgb_blocks_editor_width":"","advgb_blocks_columns_visual_guide":"","footnotes":""},"product_brand":[],"product_cat":[1358,2617,1283,1598],"product_tag":[],"class_list":{"0":"post-13539","1":"product","2":"type-product","3":"status-publish","4":"has-post-thumbnail","6":"product_cat-tootekategooriad","7":"product_cat-neutraalsed-silikoonid","8":"product_cat-aken-ja-uks","9":"product_cat-hermeetikud","11":"first","12":"outofstock","13":"taxable","14":"shipping-taxable","15":"purchasable","16":"product-type-simple"},"acf":[],"yoast_head":"<!-- This site is optimized with the Yoast SEO plugin v27.2 - https:\/\/yoast.com\/product\/yoast-seo-wordpress\/ -->\n<title>PENOSIL Glazing Silicone 330 madala elastsusmooduliga silikoon<\/title>\n<meta name=\"description\" content=\"PENOSIL Glazing Silicone 330 v\u00e4ikese elastsusmooduliga, tihendav ja suurep\u00e4raste nakkeomadustega silikoon. Vastupidav UV-kiirgusele, ilmastikule ja vananemisele. Lugege l\u00e4hemalt.\" \/>\n<meta name=\"robots\" content=\"index, follow, max-snippet:-1, max-image-preview:large, max-video-preview:-1\" \/>\n<link rel=\"canonical\" href=\"https:\/\/penosil.com\/et\/toode\/glazing-silicone-neutraalne-klaasimissilikoon\/\" \/>\n<meta property=\"og:locale\" content=\"et_EE\" \/>\n<meta property=\"og:type\" content=\"article\" \/>\n<meta property=\"og:title\" content=\"PENOSIL Glazing Silicone 330 madala elastsusmooduliga silikoon\" \/>\n<meta property=\"og:description\" content=\"PENOSIL Glazing Silicone 330 v\u00e4ikese elastsusmooduliga, tihendav ja suurep\u00e4raste nakkeomadustega silikoon. Vastupidav UV-kiirgusele, ilmastikule ja vananemisele. Lugege l\u00e4hemalt.\" \/>\n<meta property=\"og:url\" content=\"https:\/\/penosil.com\/et\/toode\/glazing-silicone-neutraalne-klaasimissilikoon\/\" \/>\n<meta property=\"og:site_name\" content=\"Penosil Estonia\" \/>\n<meta property=\"article:modified_time\" content=\"2026-02-09T08:46:41+00:00\" \/>\n<meta property=\"og:image\" content=\"https:\/\/penosil.com\/et\/wp-content\/uploads\/sites\/32\/2025\/09\/Window26Door_Foil_600ml_2.png\" \/>\n\t<meta property=\"og:image:width\" content=\"523\" \/>\n\t<meta property=\"og:image:height\" content=\"1080\" \/>\n\t<meta property=\"og:image:type\" content=\"image\/png\" \/>\n<meta name=\"twitter:card\" content=\"summary_large_image\" \/>\n<script type=\"application\/ld+json\" class=\"yoast-schema-graph\">{\"@context\":\"https:\/\/schema.org\",\"@graph\":[{\"@type\":\"WebPage\",\"@id\":\"https:\/\/penosil.com\/et\/toode\/glazing-silicone-neutraalne-klaasimissilikoon\/\",\"url\":\"https:\/\/penosil.com\/et\/toode\/glazing-silicone-neutraalne-klaasimissilikoon\/\",\"name\":\"PENOSIL Glazing Silicone 330 madala elastsusmooduliga silikoon\",\"isPartOf\":{\"@id\":\"https:\/\/penosil.com\/et\/#website\"},\"primaryImageOfPage\":{\"@id\":\"https:\/\/penosil.com\/et\/toode\/glazing-silicone-neutraalne-klaasimissilikoon\/#primaryimage\"},\"image\":{\"@id\":\"https:\/\/penosil.com\/et\/toode\/glazing-silicone-neutraalne-klaasimissilikoon\/#primaryimage\"},\"thumbnailUrl\":\"https:\/\/penosil.com\/et\/wp-content\/uploads\/sites\/32\/2025\/09\/Window26Door_Foil_600ml_2.png\",\"datePublished\":\"2020-04-08T07:02:30+00:00\",\"dateModified\":\"2026-02-09T08:46:41+00:00\",\"description\":\"PENOSIL Glazing Silicone 330 v\u00e4ikese elastsusmooduliga, tihendav ja suurep\u00e4raste nakkeomadustega silikoon. Vastupidav UV-kiirgusele, ilmastikule ja vananemisele. Lugege l\u00e4hemalt.\",\"breadcrumb\":{\"@id\":\"https:\/\/penosil.com\/et\/toode\/glazing-silicone-neutraalne-klaasimissilikoon\/#breadcrumb\"},\"inLanguage\":\"et\",\"potentialAction\":[{\"@type\":\"ReadAction\",\"target\":[\"https:\/\/penosil.com\/et\/toode\/glazing-silicone-neutraalne-klaasimissilikoon\/\"]}]},{\"@type\":\"ImageObject\",\"inLanguage\":\"et\",\"@id\":\"https:\/\/penosil.com\/et\/toode\/glazing-silicone-neutraalne-klaasimissilikoon\/#primaryimage\",\"url\":\"https:\/\/penosil.com\/et\/wp-content\/uploads\/sites\/32\/2025\/09\/Window26Door_Foil_600ml_2.png\",\"contentUrl\":\"https:\/\/penosil.com\/et\/wp-content\/uploads\/sites\/32\/2025\/09\/Window26Door_Foil_600ml_2.png\",\"width\":523,\"height\":1080,\"caption\":\"Window&Door kategooria hermeetiku vorst 600ml\"},{\"@type\":\"BreadcrumbList\",\"@id\":\"https:\/\/penosil.com\/et\/toode\/glazing-silicone-neutraalne-klaasimissilikoon\/#breadcrumb\",\"itemListElement\":[{\"@type\":\"ListItem\",\"position\":1,\"name\":\"Home\",\"item\":\"https:\/\/penosil.com\/et\/\"},{\"@type\":\"ListItem\",\"position\":2,\"name\":\"Tooted\",\"item\":\"https:\/\/penosil.com\/et\/tooted\/\"},{\"@type\":\"ListItem\",\"position\":3,\"name\":\"Glazing Silicone 330\"}]},{\"@type\":\"WebSite\",\"@id\":\"https:\/\/penosil.com\/et\/#website\",\"url\":\"https:\/\/penosil.com\/et\/\",\"name\":\"Penosil Estonia\",\"description\":\"\",\"potentialAction\":[{\"@type\":\"SearchAction\",\"target\":{\"@type\":\"EntryPoint\",\"urlTemplate\":\"https:\/\/penosil.com\/et\/?s={search_term_string}\"},\"query-input\":{\"@type\":\"PropertyValueSpecification\",\"valueRequired\":true,\"valueName\":\"search_term_string\"}}],\"inLanguage\":\"et\"}]}<\/script>\n<!-- \/ Yoast SEO plugin. -->","yoast_head_json":{"title":"PENOSIL Glazing Silicone 330 madala elastsusmooduliga silikoon","description":"PENOSIL Glazing Silicone 330 v\u00e4ikese elastsusmooduliga, tihendav ja suurep\u00e4raste nakkeomadustega silikoon. Vastupidav UV-kiirgusele, ilmastikule ja vananemisele. Lugege l\u00e4hemalt.","robots":{"index":"index","follow":"follow","max-snippet":"max-snippet:-1","max-image-preview":"max-image-preview:large","max-video-preview":"max-video-preview:-1"},"canonical":"https:\/\/penosil.com\/et\/toode\/glazing-silicone-neutraalne-klaasimissilikoon\/","og_locale":"et_EE","og_type":"article","og_title":"PENOSIL Glazing Silicone 330 madala elastsusmooduliga silikoon","og_description":"PENOSIL Glazing Silicone 330 v\u00e4ikese elastsusmooduliga, tihendav ja suurep\u00e4raste nakkeomadustega silikoon. Vastupidav UV-kiirgusele, ilmastikule ja vananemisele. Lugege l\u00e4hemalt.","og_url":"https:\/\/penosil.com\/et\/toode\/glazing-silicone-neutraalne-klaasimissilikoon\/","og_site_name":"Penosil Estonia","article_modified_time":"2026-02-09T08:46:41+00:00","og_image":[{"width":523,"height":1080,"url":"https:\/\/penosil.com\/et\/wp-content\/uploads\/sites\/32\/2025\/09\/Window26Door_Foil_600ml_2.png","type":"image\/png"}],"twitter_card":"summary_large_image","schema":{"@context":"https:\/\/schema.org","@graph":[{"@type":"WebPage","@id":"https:\/\/penosil.com\/et\/toode\/glazing-silicone-neutraalne-klaasimissilikoon\/","url":"https:\/\/penosil.com\/et\/toode\/glazing-silicone-neutraalne-klaasimissilikoon\/","name":"PENOSIL Glazing Silicone 330 madala elastsusmooduliga silikoon","isPartOf":{"@id":"https:\/\/penosil.com\/et\/#website"},"primaryImageOfPage":{"@id":"https:\/\/penosil.com\/et\/toode\/glazing-silicone-neutraalne-klaasimissilikoon\/#primaryimage"},"image":{"@id":"https:\/\/penosil.com\/et\/toode\/glazing-silicone-neutraalne-klaasimissilikoon\/#primaryimage"},"thumbnailUrl":"https:\/\/penosil.com\/et\/wp-content\/uploads\/sites\/32\/2025\/09\/Window26Door_Foil_600ml_2.png","datePublished":"2020-04-08T07:02:30+00:00","dateModified":"2026-02-09T08:46:41+00:00","description":"PENOSIL Glazing Silicone 330 v\u00e4ikese elastsusmooduliga, tihendav ja suurep\u00e4raste nakkeomadustega silikoon. Vastupidav UV-kiirgusele, ilmastikule ja vananemisele. Lugege l\u00e4hemalt.","breadcrumb":{"@id":"https:\/\/penosil.com\/et\/toode\/glazing-silicone-neutraalne-klaasimissilikoon\/#breadcrumb"},"inLanguage":"et","potentialAction":[{"@type":"ReadAction","target":["https:\/\/penosil.com\/et\/toode\/glazing-silicone-neutraalne-klaasimissilikoon\/"]}]},{"@type":"ImageObject","inLanguage":"et","@id":"https:\/\/penosil.com\/et\/toode\/glazing-silicone-neutraalne-klaasimissilikoon\/#primaryimage","url":"https:\/\/penosil.com\/et\/wp-content\/uploads\/sites\/32\/2025\/09\/Window26Door_Foil_600ml_2.png","contentUrl":"https:\/\/penosil.com\/et\/wp-content\/uploads\/sites\/32\/2025\/09\/Window26Door_Foil_600ml_2.png","width":523,"height":1080,"caption":"Window&Door kategooria hermeetiku vorst 600ml"},{"@type":"BreadcrumbList","@id":"https:\/\/penosil.com\/et\/toode\/glazing-silicone-neutraalne-klaasimissilikoon\/#breadcrumb","itemListElement":[{"@type":"ListItem","position":1,"name":"Home","item":"https:\/\/penosil.com\/et\/"},{"@type":"ListItem","position":2,"name":"Tooted","item":"https:\/\/penosil.com\/et\/tooted\/"},{"@type":"ListItem","position":3,"name":"Glazing Silicone 330"}]},{"@type":"WebSite","@id":"https:\/\/penosil.com\/et\/#website","url":"https:\/\/penosil.com\/et\/","name":"Penosil Estonia","description":"","potentialAction":[{"@type":"SearchAction","target":{"@type":"EntryPoint","urlTemplate":"https:\/\/penosil.com\/et\/?s={search_term_string}"},"query-input":{"@type":"PropertyValueSpecification","valueRequired":true,"valueName":"search_term_string"}}],"inLanguage":"et"}]}},"featured_img":"https:\/\/penosil.com\/et\/wp-content\/uploads\/sites\/32\/2025\/09\/Window26Door_Foil_600ml_2.png","coauthors":[],"author_meta":{"author_link":"https:\/\/penosil.com\/et\/author\/anne\/","display_name":"Anne Lulla"},"relative_dates":{"created":"Posted 6 aastat ago","modified":"Updated 2 kuud ago"},"absolute_dates":{"created":"Posted on 8. apr. 2020","modified":"Updated on 9. veebr. 2026"},"absolute_dates_time":{"created":"Posted on 8. apr. 2020 09:02","modified":"Updated on 9. veebr. 2026 10:46"},"featured_img_caption":"","tax_additional":{"product_brand":{"linked":[],"unlinked":[],"slug":"product_brand","name":"Br\u00e4ndid"},"product_type":{"linked":["<a href=\"https:\/\/penosil.com\/et\/?taxonomy=product_type&#038;term=simple\" class=\"advgb-post-tax-term\">simple<\/a>"],"unlinked":["<span class=\"advgb-post-tax-term\">simple<\/span>"],"slug":"product_type","name":"Product type"},"product_visibility":{"linked":["<a href=\"https:\/\/penosil.com\/et\/en\/?taxonomy=product_visibility&#038;term=outofstock\" class=\"advgb-post-tax-term\">outofstock<\/a>"],"unlinked":["<span class=\"advgb-post-tax-term\">outofstock<\/span>"],"slug":"product_visibility","name":"Product visibility"},"product_cat":{"linked":["<a href=\"https:\/\/penosil.com\/et\/tooted\/tootekategooriad\/\" class=\"advgb-post-tax-term\">Tootekategooriad<\/a>","<a href=\"https:\/\/penosil.com\/et\/tooted\/tootekategooriad\/hermeetikud\/neutraalsed-silikoonid\/\" class=\"advgb-post-tax-term\">Neutraalsed silikoonid<\/a>","<a href=\"https:\/\/penosil.com\/et\/tooted\/kasutusalad\/aken-ja-uks\/\" class=\"advgb-post-tax-term\">Aken ja uks<\/a>","<a href=\"https:\/\/penosil.com\/et\/tooted\/tootekategooriad\/hermeetikud\/\" class=\"advgb-post-tax-term\">Hermeetikud ja mastiksid<\/a>"],"unlinked":["<span class=\"advgb-post-tax-term\">Tootekategooriad<\/span>","<span class=\"advgb-post-tax-term\">Neutraalsed silikoonid<\/span>","<span class=\"advgb-post-tax-term\">Aken ja uks<\/span>","<span class=\"advgb-post-tax-term\">Hermeetikud ja mastiksid<\/span>"],"slug":"product_cat","name":"Tootekategooriad"},"product_tag":{"linked":[],"unlinked":[],"slug":"product_tag","name":"Tootesildid"},"product_shipping_class":{"linked":[],"unlinked":[],"slug":"product_shipping_class","name":"Toote tarneklassid"},"pos_product_visibility":{"linked":[],"unlinked":[],"slug":"pos_product_visibility","name":"POS Product visibility"},"pa_color":{"linked":["<a href=\"https:\/\/penosil.com\/et\/?taxonomy=pa_color&#038;term=transparent-et\" class=\"advgb-post-tax-term\">Transparentne<\/a>"],"unlinked":["<span class=\"advgb-post-tax-term\">Transparentne<\/span>"],"slug":"pa_color","name":"Product Colour"},"pa_diameter":{"linked":[],"unlinked":[],"slug":"pa_diameter","name":"Product Diameter"},"pa_package":{"linked":["<a href=\"https:\/\/penosil.com\/et\/?taxonomy=pa_package&#038;term=600-ml-et\" class=\"advgb-post-tax-term\">600 ml<\/a>"],"unlinked":["<span class=\"advgb-post-tax-term\">600 ml<\/span>"],"slug":"pa_package","name":"Product Package"},"pa_roll":{"linked":[],"unlinked":[],"slug":"pa_roll","name":"Product Roll"},"pa_widths":{"linked":[],"unlinked":[],"slug":"pa_widths","name":"Product Widths"},"translation_priority":{"linked":["<a href=\"https:\/\/penosil.com\/et\/?taxonomy=translation_priority&#038;term=optional-et\" class=\"advgb-post-tax-term\">Optional<\/a>"],"unlinked":["<span class=\"advgb-post-tax-term\">Optional<\/span>"],"slug":"translation_priority","name":"Translation Priorities"}},"series_order":"","_links":{"self":[{"href":"https:\/\/penosil.com\/et\/wp-json\/wp\/v2\/product\/13539","targetHints":{"allow":["GET"]}}],"collection":[{"href":"https:\/\/penosil.com\/et\/wp-json\/wp\/v2\/product"}],"about":[{"href":"https:\/\/penosil.com\/et\/wp-json\/wp\/v2\/types\/product"}],"version-history":[{"count":8,"href":"https:\/\/penosil.com\/et\/wp-json\/wp\/v2\/product\/13539\/revisions"}],"predecessor-version":[{"id":35757,"href":"https:\/\/penosil.com\/et\/wp-json\/wp\/v2\/product\/13539\/revisions\/35757"}],"wp:featuredmedia":[{"embeddable":true,"href":"https:\/\/penosil.com\/et\/wp-json\/wp\/v2\/media\/35135"}],"wp:attachment":[{"href":"https:\/\/penosil.com\/et\/wp-json\/wp\/v2\/media?parent=13539"}],"wp:term":[{"taxonomy":"product_brand","embeddable":true,"href":"https:\/\/penosil.com\/et\/wp-json\/wp\/v2\/product_brand?post=13539"},{"taxonomy":"product_cat","embeddable":true,"href":"https:\/\/penosil.com\/et\/wp-json\/wp\/v2\/product_cat?post=13539"},{"taxonomy":"product_tag","embeddable":true,"href":"https:\/\/penosil.com\/et\/wp-json\/wp\/v2\/product_tag?post=13539"}],"curies":[{"name":"wp","href":"https:\/\/api.w.org\/{rel}","templated":true}]}}