{"id":14340,"date":"2020-04-14T11:51:57","date_gmt":"2020-04-14T09:51:57","guid":{"rendered":"https:\/\/penosil.com\/et\/?post_type=product&#038;p=14340"},"modified":"2026-04-12T02:04:44","modified_gmt":"2026-04-12T00:04:44","slug":"kitchenbath-fresh","status":"publish","type":"product","link":"https:\/\/penosil.com\/et\/toode\/kitchenbath-fresh\/","title":{"rendered":"Kitchen&#038;Bath Fresh"},"content":{"rendered":"<p>PENOSIL Kitchen &amp; Bath Fresh on silikoon k\u00f5ikidele k\u00f6\u00f6gi ja vannitoa pindadele.<\/p>\n","protected":false},"excerpt":{"rendered":"K\u00f6\u00f6gi- ja vannitoasilikoon","protected":false},"author":6,"featured_media":35307,"template":"","meta":{"_acf_changed":false,"advgb_blocks_editor_width":"","advgb_blocks_columns_visual_guide":"","footnotes":""},"product_brand":[],"product_cat":[2617,1598,2530,2534],"product_tag":[],"class_list":{"0":"post-14340","1":"product","2":"type-product","3":"status-publish","4":"has-post-thumbnail","6":"product_cat-neutraalsed-silikoonid","7":"product_cat-hermeetikud","8":"product_cat-easypro","9":"product_cat-kooki_ja_vannituppa","11":"first","12":"instock","13":"taxable","14":"shipping-taxable","15":"purchasable","16":"product-type-variable","17":"has-default-attributes"},"acf":[],"yoast_head":"<!-- This site is optimized with the Yoast SEO plugin v27.2 - https:\/\/yoast.com\/product\/yoast-seo-wordpress\/ -->\n<title>PENOSIL Kitchen&amp;Bath Fresh EasyPRO k\u00f6\u00f6gi ja vannitoa silikoon<\/title>\n<meta name=\"description\" content=\"PENOSIL Kitchen&amp;Bath Fresh, laitmatu k\u00f6\u00f6gi, vannitoa ja niiskete ruumide silikoon. Suurep\u00e4rane nakkuvus. V\u00e4hel\u00f5hnav. Kiiresti kuivav. Lugege l\u00e4hemalt.\" \/>\n<meta name=\"robots\" content=\"index, follow, max-snippet:-1, max-image-preview:large, max-video-preview:-1\" \/>\n<link rel=\"canonical\" href=\"https:\/\/penosil.com\/et\/toode\/kitchenbath-fresh\/\" \/>\n<meta property=\"og:locale\" content=\"et_EE\" \/>\n<meta property=\"og:type\" content=\"article\" \/>\n<meta property=\"og:title\" content=\"PENOSIL Kitchen&amp;Bath Fresh EasyPRO k\u00f6\u00f6gi ja vannitoa silikoon\" \/>\n<meta property=\"og:description\" content=\"PENOSIL Kitchen&amp;Bath Fresh, laitmatu k\u00f6\u00f6gi, vannitoa ja niiskete ruumide silikoon. Suurep\u00e4rane nakkuvus. V\u00e4hel\u00f5hnav. Kiiresti kuivav. Lugege l\u00e4hemalt.\" \/>\n<meta property=\"og:url\" content=\"https:\/\/penosil.com\/et\/toode\/kitchenbath-fresh\/\" \/>\n<meta property=\"og:site_name\" content=\"Penosil Estonia\" \/>\n<meta property=\"article:modified_time\" content=\"2026-04-12T00:04:44+00:00\" \/>\n<meta property=\"og:image\" content=\"https:\/\/penosil.com\/et\/wp-content\/uploads\/sites\/32\/2025\/10\/PENOSIL20KitchenBath20Silicone20Sealant20310ml20EE20RU_1.jpg\" \/>\n\t<meta property=\"og:image:width\" content=\"767\" \/>\n\t<meta property=\"og:image:height\" content=\"2102\" \/>\n\t<meta property=\"og:image:type\" content=\"image\/jpeg\" \/>\n<meta name=\"twitter:card\" content=\"summary_large_image\" \/>\n<script type=\"application\/ld+json\" class=\"yoast-schema-graph\">{\"@context\":\"https:\/\/schema.org\",\"@graph\":[{\"@type\":\"WebPage\",\"@id\":\"https:\/\/penosil.com\/et\/toode\/kitchenbath-fresh\/\",\"url\":\"https:\/\/penosil.com\/et\/toode\/kitchenbath-fresh\/\",\"name\":\"PENOSIL Kitchen&Bath Fresh EasyPRO k\u00f6\u00f6gi ja vannitoa silikoon\",\"isPartOf\":{\"@id\":\"https:\/\/penosil.com\/et\/#website\"},\"primaryImageOfPage\":{\"@id\":\"https:\/\/penosil.com\/et\/toode\/kitchenbath-fresh\/#primaryimage\"},\"image\":{\"@id\":\"https:\/\/penosil.com\/et\/toode\/kitchenbath-fresh\/#primaryimage\"},\"thumbnailUrl\":\"https:\/\/penosil.com\/et\/wp-content\/uploads\/sites\/32\/2025\/10\/PENOSIL20KitchenBath20Silicone20Sealant20310ml20EE20RU_1.jpg\",\"datePublished\":\"2020-04-14T09:51:57+00:00\",\"dateModified\":\"2026-04-12T00:04:44+00:00\",\"description\":\"PENOSIL Kitchen&Bath Fresh, laitmatu k\u00f6\u00f6gi, vannitoa ja niiskete ruumide silikoon. Suurep\u00e4rane nakkuvus. V\u00e4hel\u00f5hnav. Kiiresti kuivav. Lugege l\u00e4hemalt.\",\"breadcrumb\":{\"@id\":\"https:\/\/penosil.com\/et\/toode\/kitchenbath-fresh\/#breadcrumb\"},\"inLanguage\":\"et\",\"potentialAction\":[{\"@type\":\"ReadAction\",\"target\":[\"https:\/\/penosil.com\/et\/toode\/kitchenbath-fresh\/\"]}]},{\"@type\":\"ImageObject\",\"inLanguage\":\"et\",\"@id\":\"https:\/\/penosil.com\/et\/toode\/kitchenbath-fresh\/#primaryimage\",\"url\":\"https:\/\/penosil.com\/et\/wp-content\/uploads\/sites\/32\/2025\/10\/PENOSIL20KitchenBath20Silicone20Sealant20310ml20EE20RU_1.jpg\",\"contentUrl\":\"https:\/\/penosil.com\/et\/wp-content\/uploads\/sites\/32\/2025\/10\/PENOSIL20KitchenBath20Silicone20Sealant20310ml20EE20RU_1.jpg\",\"width\":767,\"height\":2102},{\"@type\":\"BreadcrumbList\",\"@id\":\"https:\/\/penosil.com\/et\/toode\/kitchenbath-fresh\/#breadcrumb\",\"itemListElement\":[{\"@type\":\"ListItem\",\"position\":1,\"name\":\"Home\",\"item\":\"https:\/\/penosil.com\/et\/\"},{\"@type\":\"ListItem\",\"position\":2,\"name\":\"Tooted\",\"item\":\"https:\/\/penosil.com\/et\/tooted\/\"},{\"@type\":\"ListItem\",\"position\":3,\"name\":\"Kitchen&#038;Bath Fresh\"}]},{\"@type\":\"WebSite\",\"@id\":\"https:\/\/penosil.com\/et\/#website\",\"url\":\"https:\/\/penosil.com\/et\/\",\"name\":\"Penosil Estonia\",\"description\":\"\",\"potentialAction\":[{\"@type\":\"SearchAction\",\"target\":{\"@type\":\"EntryPoint\",\"urlTemplate\":\"https:\/\/penosil.com\/et\/?s={search_term_string}\"},\"query-input\":{\"@type\":\"PropertyValueSpecification\",\"valueRequired\":true,\"valueName\":\"search_term_string\"}}],\"inLanguage\":\"et\"}]}<\/script>\n<!-- \/ Yoast SEO plugin. -->","yoast_head_json":{"title":"PENOSIL Kitchen&Bath Fresh EasyPRO k\u00f6\u00f6gi ja vannitoa silikoon","description":"PENOSIL Kitchen&Bath Fresh, laitmatu k\u00f6\u00f6gi, vannitoa ja niiskete ruumide silikoon. Suurep\u00e4rane nakkuvus. V\u00e4hel\u00f5hnav. Kiiresti kuivav. Lugege l\u00e4hemalt.","robots":{"index":"index","follow":"follow","max-snippet":"max-snippet:-1","max-image-preview":"max-image-preview:large","max-video-preview":"max-video-preview:-1"},"canonical":"https:\/\/penosil.com\/et\/toode\/kitchenbath-fresh\/","og_locale":"et_EE","og_type":"article","og_title":"PENOSIL Kitchen&Bath Fresh EasyPRO k\u00f6\u00f6gi ja vannitoa silikoon","og_description":"PENOSIL Kitchen&Bath Fresh, laitmatu k\u00f6\u00f6gi, vannitoa ja niiskete ruumide silikoon. Suurep\u00e4rane nakkuvus. V\u00e4hel\u00f5hnav. Kiiresti kuivav. Lugege l\u00e4hemalt.","og_url":"https:\/\/penosil.com\/et\/toode\/kitchenbath-fresh\/","og_site_name":"Penosil Estonia","article_modified_time":"2026-04-12T00:04:44+00:00","og_image":[{"width":767,"height":2102,"url":"https:\/\/penosil.com\/et\/wp-content\/uploads\/sites\/32\/2025\/10\/PENOSIL20KitchenBath20Silicone20Sealant20310ml20EE20RU_1.jpg","type":"image\/jpeg"}],"twitter_card":"summary_large_image","schema":{"@context":"https:\/\/schema.org","@graph":[{"@type":"WebPage","@id":"https:\/\/penosil.com\/et\/toode\/kitchenbath-fresh\/","url":"https:\/\/penosil.com\/et\/toode\/kitchenbath-fresh\/","name":"PENOSIL Kitchen&Bath Fresh EasyPRO k\u00f6\u00f6gi ja vannitoa silikoon","isPartOf":{"@id":"https:\/\/penosil.com\/et\/#website"},"primaryImageOfPage":{"@id":"https:\/\/penosil.com\/et\/toode\/kitchenbath-fresh\/#primaryimage"},"image":{"@id":"https:\/\/penosil.com\/et\/toode\/kitchenbath-fresh\/#primaryimage"},"thumbnailUrl":"https:\/\/penosil.com\/et\/wp-content\/uploads\/sites\/32\/2025\/10\/PENOSIL20KitchenBath20Silicone20Sealant20310ml20EE20RU_1.jpg","datePublished":"2020-04-14T09:51:57+00:00","dateModified":"2026-04-12T00:04:44+00:00","description":"PENOSIL Kitchen&Bath Fresh, laitmatu k\u00f6\u00f6gi, vannitoa ja niiskete ruumide silikoon. Suurep\u00e4rane nakkuvus. V\u00e4hel\u00f5hnav. Kiiresti kuivav. Lugege l\u00e4hemalt.","breadcrumb":{"@id":"https:\/\/penosil.com\/et\/toode\/kitchenbath-fresh\/#breadcrumb"},"inLanguage":"et","potentialAction":[{"@type":"ReadAction","target":["https:\/\/penosil.com\/et\/toode\/kitchenbath-fresh\/"]}]},{"@type":"ImageObject","inLanguage":"et","@id":"https:\/\/penosil.com\/et\/toode\/kitchenbath-fresh\/#primaryimage","url":"https:\/\/penosil.com\/et\/wp-content\/uploads\/sites\/32\/2025\/10\/PENOSIL20KitchenBath20Silicone20Sealant20310ml20EE20RU_1.jpg","contentUrl":"https:\/\/penosil.com\/et\/wp-content\/uploads\/sites\/32\/2025\/10\/PENOSIL20KitchenBath20Silicone20Sealant20310ml20EE20RU_1.jpg","width":767,"height":2102},{"@type":"BreadcrumbList","@id":"https:\/\/penosil.com\/et\/toode\/kitchenbath-fresh\/#breadcrumb","itemListElement":[{"@type":"ListItem","position":1,"name":"Home","item":"https:\/\/penosil.com\/et\/"},{"@type":"ListItem","position":2,"name":"Tooted","item":"https:\/\/penosil.com\/et\/tooted\/"},{"@type":"ListItem","position":3,"name":"Kitchen&#038;Bath Fresh"}]},{"@type":"WebSite","@id":"https:\/\/penosil.com\/et\/#website","url":"https:\/\/penosil.com\/et\/","name":"Penosil Estonia","description":"","potentialAction":[{"@type":"SearchAction","target":{"@type":"EntryPoint","urlTemplate":"https:\/\/penosil.com\/et\/?s={search_term_string}"},"query-input":{"@type":"PropertyValueSpecification","valueRequired":true,"valueName":"search_term_string"}}],"inLanguage":"et"}]}},"featured_img":"https:\/\/penosil.com\/et\/wp-content\/uploads\/sites\/32\/2025\/10\/PENOSIL20KitchenBath20Silicone20Sealant20310ml20EE20RU_1.jpg","coauthors":[],"author_meta":{"author_link":"https:\/\/penosil.com\/et\/author\/anne\/","display_name":"Anne Lulla"},"relative_dates":{"created":"Posted 6 aastat ago","modified":"Updated 1 n\u00e4dal ago"},"absolute_dates":{"created":"Posted on 14. apr. 2020","modified":"Updated on 12. apr. 2026"},"absolute_dates_time":{"created":"Posted on 14. apr. 2020 11:51","modified":"Updated on 12. apr. 2026 02:04"},"featured_img_caption":"","tax_additional":{"product_brand":{"linked":[],"unlinked":[],"slug":"product_brand","name":"Br\u00e4ndid"},"product_type":{"linked":["<a href=\"https:\/\/penosil.com\/et\/?taxonomy=product_type&#038;term=variable\" class=\"advgb-post-tax-term\">variable<\/a>"],"unlinked":["<span class=\"advgb-post-tax-term\">variable<\/span>"],"slug":"product_type","name":"Product type"},"product_visibility":{"linked":[],"unlinked":[],"slug":"product_visibility","name":"Product visibility"},"product_cat":{"linked":["<a href=\"https:\/\/penosil.com\/et\/tooted\/tootekategooriad\/hermeetikud\/neutraalsed-silikoonid\/\" class=\"advgb-post-tax-term\">Neutraalsed silikoonid<\/a>","<a href=\"https:\/\/penosil.com\/et\/tooted\/tootekategooriad\/hermeetikud\/\" class=\"advgb-post-tax-term\">Hermeetikud ja mastiksid<\/a>","<a href=\"https:\/\/penosil.com\/et\/tooted\/easypro\/\" class=\"advgb-post-tax-term\">EasyPRO<\/a>","<a href=\"https:\/\/penosil.com\/et\/tooted\/easypro\/kooki_ja_vannituppa\/\" class=\"advgb-post-tax-term\">K\u00f6\u00f6ki ja vannituppa<\/a>"],"unlinked":["<span class=\"advgb-post-tax-term\">Neutraalsed silikoonid<\/span>","<span class=\"advgb-post-tax-term\">Hermeetikud ja mastiksid<\/span>","<span class=\"advgb-post-tax-term\">EasyPRO<\/span>","<span class=\"advgb-post-tax-term\">K\u00f6\u00f6ki ja vannituppa<\/span>"],"slug":"product_cat","name":"Tootekategooriad"},"product_tag":{"linked":[],"unlinked":[],"slug":"product_tag","name":"Tootesildid"},"product_shipping_class":{"linked":[],"unlinked":[],"slug":"product_shipping_class","name":"Toote tarneklassid"},"pos_product_visibility":{"linked":[],"unlinked":[],"slug":"pos_product_visibility","name":"POS Product visibility"},"pa_color":{"linked":["<a href=\"https:\/\/penosil.com\/et\/?taxonomy=pa_color&#038;term=transparent-et\" class=\"advgb-post-tax-term\">Transparentne<\/a>","<a href=\"https:\/\/penosil.com\/et\/?taxonomy=pa_color&#038;term=white-et-2\" class=\"advgb-post-tax-term\">Valge<\/a>"],"unlinked":["<span class=\"advgb-post-tax-term\">Transparentne<\/span>","<span class=\"advgb-post-tax-term\">Valge<\/span>"],"slug":"pa_color","name":"Product Colour"},"pa_diameter":{"linked":[],"unlinked":[],"slug":"pa_diameter","name":"Product Diameter"},"pa_package":{"linked":["<a href=\"https:\/\/penosil.com\/et\/?taxonomy=pa_package&#038;term=310-ml-et\" class=\"advgb-post-tax-term\">310 ml<\/a>"],"unlinked":["<span class=\"advgb-post-tax-term\">310 ml<\/span>"],"slug":"pa_package","name":"Product Package"},"pa_roll":{"linked":[],"unlinked":[],"slug":"pa_roll","name":"Product Roll"},"pa_widths":{"linked":[],"unlinked":[],"slug":"pa_widths","name":"Product Widths"},"translation_priority":{"linked":["<a href=\"https:\/\/penosil.com\/et\/?taxonomy=translation_priority&#038;term=optional-et\" class=\"advgb-post-tax-term\">Optional<\/a>"],"unlinked":["<span class=\"advgb-post-tax-term\">Optional<\/span>"],"slug":"translation_priority","name":"Translation Priorities"}},"series_order":"","_links":{"self":[{"href":"https:\/\/penosil.com\/et\/wp-json\/wp\/v2\/product\/14340","targetHints":{"allow":["GET"]}}],"collection":[{"href":"https:\/\/penosil.com\/et\/wp-json\/wp\/v2\/product"}],"about":[{"href":"https:\/\/penosil.com\/et\/wp-json\/wp\/v2\/types\/product"}],"version-history":[{"count":5,"href":"https:\/\/penosil.com\/et\/wp-json\/wp\/v2\/product\/14340\/revisions"}],"predecessor-version":[{"id":35328,"href":"https:\/\/penosil.com\/et\/wp-json\/wp\/v2\/product\/14340\/revisions\/35328"}],"wp:featuredmedia":[{"embeddable":true,"href":"https:\/\/penosil.com\/et\/wp-json\/wp\/v2\/media\/35307"}],"wp:attachment":[{"href":"https:\/\/penosil.com\/et\/wp-json\/wp\/v2\/media?parent=14340"}],"wp:term":[{"taxonomy":"product_brand","embeddable":true,"href":"https:\/\/penosil.com\/et\/wp-json\/wp\/v2\/product_brand?post=14340"},{"taxonomy":"product_cat","embeddable":true,"href":"https:\/\/penosil.com\/et\/wp-json\/wp\/v2\/product_cat?post=14340"},{"taxonomy":"product_tag","embeddable":true,"href":"https:\/\/penosil.com\/et\/wp-json\/wp\/v2\/product_tag?post=14340"}],"curies":[{"name":"wp","href":"https:\/\/api.w.org\/{rel}","templated":true}]}}