{"id":14368,"date":"2020-04-14T12:36:41","date_gmt":"2020-04-14T10:36:41","guid":{"rendered":"https:\/\/penosil.com\/et\/?post_type=product&#038;p=14368"},"modified":"2026-04-12T02:04:45","modified_gmt":"2026-04-12T00:04:45","slug":"stop-fungi-hallituskindel-silikoon","status":"publish","type":"product","link":"https:\/\/penosil.com\/et\/toode\/stop-fungi-hallituskindel-silikoon\/","title":{"rendered":"Stop Fungi"},"content":{"rendered":"<p>PENOSIL Stop Fungi hallituskindel silikoon puhta ja tervisliku vannitoa jaoks.<\/p>\n","protected":false},"excerpt":{"rendered":"Hallituskindel silikoon","protected":false},"author":6,"featured_media":35316,"template":"","meta":{"_acf_changed":false,"advgb_blocks_editor_width":"","advgb_blocks_columns_visual_guide":"","footnotes":""},"product_brand":[],"product_cat":[2617,2530,2534,1598],"product_tag":[],"class_list":{"0":"post-14368","1":"product","2":"type-product","3":"status-publish","4":"has-post-thumbnail","6":"product_cat-neutraalsed-silikoonid","7":"product_cat-easypro","8":"product_cat-kooki_ja_vannituppa","9":"product_cat-hermeetikud","11":"first","12":"instock","13":"taxable","14":"shipping-taxable","15":"purchasable","16":"product-type-variable","17":"has-default-attributes"},"acf":[],"yoast_head":"<!-- This site is optimized with the Yoast SEO plugin v27.2 - https:\/\/yoast.com\/product\/yoast-seo-wordpress\/ -->\n<title>PENOSIL Stop Fungi silikoon puhta ja tervisliku vannitoa jaoks<\/title>\n<meta name=\"description\" content=\"T\u00e4ielik nakkumine enamiku pindadega v\u00f5imaldab silikoonil PENOSIL Stop Fungi du\u0161\u0161iveega kokku puutuda vaid 30 minuti p\u00e4rast. Loe l\u00e4hemalt!\" \/>\n<meta name=\"robots\" content=\"index, follow, max-snippet:-1, max-image-preview:large, max-video-preview:-1\" \/>\n<link rel=\"canonical\" href=\"https:\/\/penosil.com\/et\/toode\/stop-fungi-hallituskindel-silikoon\/\" \/>\n<meta property=\"og:locale\" content=\"et_EE\" \/>\n<meta property=\"og:type\" content=\"article\" \/>\n<meta property=\"og:title\" content=\"PENOSIL Stop Fungi silikoon puhta ja tervisliku vannitoa jaoks\" \/>\n<meta property=\"og:description\" content=\"T\u00e4ielik nakkumine enamiku pindadega v\u00f5imaldab silikoonil PENOSIL Stop Fungi du\u0161\u0161iveega kokku puutuda vaid 30 minuti p\u00e4rast. Loe l\u00e4hemalt!\" \/>\n<meta property=\"og:url\" content=\"https:\/\/penosil.com\/et\/toode\/stop-fungi-hallituskindel-silikoon\/\" \/>\n<meta property=\"og:site_name\" content=\"Penosil Estonia\" \/>\n<meta property=\"article:modified_time\" content=\"2026-04-12T00:04:45+00:00\" \/>\n<meta property=\"og:image\" content=\"https:\/\/penosil.com\/et\/wp-content\/uploads\/sites\/32\/2020\/04\/MET_1694_PENOSIL_Stop_Fungi_Silicone_310ml_EE_RU_153x194mm_spaatel-2.png\" \/>\n\t<meta property=\"og:image:width\" content=\"767\" \/>\n\t<meta property=\"og:image:height\" content=\"2102\" \/>\n\t<meta property=\"og:image:type\" content=\"image\/png\" \/>\n<meta name=\"twitter:card\" content=\"summary_large_image\" \/>\n<script type=\"application\/ld+json\" class=\"yoast-schema-graph\">{\"@context\":\"https:\/\/schema.org\",\"@graph\":[{\"@type\":\"WebPage\",\"@id\":\"https:\/\/penosil.com\/et\/toode\/stop-fungi-hallituskindel-silikoon\/\",\"url\":\"https:\/\/penosil.com\/et\/toode\/stop-fungi-hallituskindel-silikoon\/\",\"name\":\"PENOSIL Stop Fungi silikoon puhta ja tervisliku vannitoa jaoks\",\"isPartOf\":{\"@id\":\"https:\/\/penosil.com\/et\/#website\"},\"primaryImageOfPage\":{\"@id\":\"https:\/\/penosil.com\/et\/toode\/stop-fungi-hallituskindel-silikoon\/#primaryimage\"},\"image\":{\"@id\":\"https:\/\/penosil.com\/et\/toode\/stop-fungi-hallituskindel-silikoon\/#primaryimage\"},\"thumbnailUrl\":\"https:\/\/penosil.com\/et\/wp-content\/uploads\/sites\/32\/2025\/10\/PENOSIL_Stop_Fungi_Silicone_310ml_EE_RU_1.jpg\",\"datePublished\":\"2020-04-14T10:36:41+00:00\",\"dateModified\":\"2026-04-12T00:04:45+00:00\",\"description\":\"T\u00e4ielik nakkumine enamiku pindadega v\u00f5imaldab silikoonil PENOSIL Stop Fungi du\u0161\u0161iveega kokku puutuda vaid 30 minuti p\u00e4rast. Loe l\u00e4hemalt!\",\"breadcrumb\":{\"@id\":\"https:\/\/penosil.com\/et\/toode\/stop-fungi-hallituskindel-silikoon\/#breadcrumb\"},\"inLanguage\":\"et\",\"potentialAction\":[{\"@type\":\"ReadAction\",\"target\":[\"https:\/\/penosil.com\/et\/toode\/stop-fungi-hallituskindel-silikoon\/\"]}]},{\"@type\":\"ImageObject\",\"inLanguage\":\"et\",\"@id\":\"https:\/\/penosil.com\/et\/toode\/stop-fungi-hallituskindel-silikoon\/#primaryimage\",\"url\":\"https:\/\/penosil.com\/et\/wp-content\/uploads\/sites\/32\/2025\/10\/PENOSIL_Stop_Fungi_Silicone_310ml_EE_RU_1.jpg\",\"contentUrl\":\"https:\/\/penosil.com\/et\/wp-content\/uploads\/sites\/32\/2025\/10\/PENOSIL_Stop_Fungi_Silicone_310ml_EE_RU_1.jpg\",\"width\":767,\"height\":2102},{\"@type\":\"BreadcrumbList\",\"@id\":\"https:\/\/penosil.com\/et\/toode\/stop-fungi-hallituskindel-silikoon\/#breadcrumb\",\"itemListElement\":[{\"@type\":\"ListItem\",\"position\":1,\"name\":\"Home\",\"item\":\"https:\/\/penosil.com\/et\/\"},{\"@type\":\"ListItem\",\"position\":2,\"name\":\"Tooted\",\"item\":\"https:\/\/penosil.com\/et\/tooted\/\"},{\"@type\":\"ListItem\",\"position\":3,\"name\":\"Stop Fungi\"}]},{\"@type\":\"WebSite\",\"@id\":\"https:\/\/penosil.com\/et\/#website\",\"url\":\"https:\/\/penosil.com\/et\/\",\"name\":\"Penosil Estonia\",\"description\":\"\",\"potentialAction\":[{\"@type\":\"SearchAction\",\"target\":{\"@type\":\"EntryPoint\",\"urlTemplate\":\"https:\/\/penosil.com\/et\/?s={search_term_string}\"},\"query-input\":{\"@type\":\"PropertyValueSpecification\",\"valueRequired\":true,\"valueName\":\"search_term_string\"}}],\"inLanguage\":\"et\"}]}<\/script>\n<!-- \/ Yoast SEO plugin. -->","yoast_head_json":{"title":"PENOSIL Stop Fungi silikoon puhta ja tervisliku vannitoa jaoks","description":"T\u00e4ielik nakkumine enamiku pindadega v\u00f5imaldab silikoonil PENOSIL Stop Fungi du\u0161\u0161iveega kokku puutuda vaid 30 minuti p\u00e4rast. Loe l\u00e4hemalt!","robots":{"index":"index","follow":"follow","max-snippet":"max-snippet:-1","max-image-preview":"max-image-preview:large","max-video-preview":"max-video-preview:-1"},"canonical":"https:\/\/penosil.com\/et\/toode\/stop-fungi-hallituskindel-silikoon\/","og_locale":"et_EE","og_type":"article","og_title":"PENOSIL Stop Fungi silikoon puhta ja tervisliku vannitoa jaoks","og_description":"T\u00e4ielik nakkumine enamiku pindadega v\u00f5imaldab silikoonil PENOSIL Stop Fungi du\u0161\u0161iveega kokku puutuda vaid 30 minuti p\u00e4rast. Loe l\u00e4hemalt!","og_url":"https:\/\/penosil.com\/et\/toode\/stop-fungi-hallituskindel-silikoon\/","og_site_name":"Penosil Estonia","article_modified_time":"2026-04-12T00:04:45+00:00","og_image":[{"width":767,"height":2102,"url":"https:\/\/penosil.com\/et\/wp-content\/uploads\/sites\/32\/2020\/04\/MET_1694_PENOSIL_Stop_Fungi_Silicone_310ml_EE_RU_153x194mm_spaatel-2.png","type":"image\/png"}],"twitter_card":"summary_large_image","schema":{"@context":"https:\/\/schema.org","@graph":[{"@type":"WebPage","@id":"https:\/\/penosil.com\/et\/toode\/stop-fungi-hallituskindel-silikoon\/","url":"https:\/\/penosil.com\/et\/toode\/stop-fungi-hallituskindel-silikoon\/","name":"PENOSIL Stop Fungi silikoon puhta ja tervisliku vannitoa jaoks","isPartOf":{"@id":"https:\/\/penosil.com\/et\/#website"},"primaryImageOfPage":{"@id":"https:\/\/penosil.com\/et\/toode\/stop-fungi-hallituskindel-silikoon\/#primaryimage"},"image":{"@id":"https:\/\/penosil.com\/et\/toode\/stop-fungi-hallituskindel-silikoon\/#primaryimage"},"thumbnailUrl":"https:\/\/penosil.com\/et\/wp-content\/uploads\/sites\/32\/2025\/10\/PENOSIL_Stop_Fungi_Silicone_310ml_EE_RU_1.jpg","datePublished":"2020-04-14T10:36:41+00:00","dateModified":"2026-04-12T00:04:45+00:00","description":"T\u00e4ielik nakkumine enamiku pindadega v\u00f5imaldab silikoonil PENOSIL Stop Fungi du\u0161\u0161iveega kokku puutuda vaid 30 minuti p\u00e4rast. Loe l\u00e4hemalt!","breadcrumb":{"@id":"https:\/\/penosil.com\/et\/toode\/stop-fungi-hallituskindel-silikoon\/#breadcrumb"},"inLanguage":"et","potentialAction":[{"@type":"ReadAction","target":["https:\/\/penosil.com\/et\/toode\/stop-fungi-hallituskindel-silikoon\/"]}]},{"@type":"ImageObject","inLanguage":"et","@id":"https:\/\/penosil.com\/et\/toode\/stop-fungi-hallituskindel-silikoon\/#primaryimage","url":"https:\/\/penosil.com\/et\/wp-content\/uploads\/sites\/32\/2025\/10\/PENOSIL_Stop_Fungi_Silicone_310ml_EE_RU_1.jpg","contentUrl":"https:\/\/penosil.com\/et\/wp-content\/uploads\/sites\/32\/2025\/10\/PENOSIL_Stop_Fungi_Silicone_310ml_EE_RU_1.jpg","width":767,"height":2102},{"@type":"BreadcrumbList","@id":"https:\/\/penosil.com\/et\/toode\/stop-fungi-hallituskindel-silikoon\/#breadcrumb","itemListElement":[{"@type":"ListItem","position":1,"name":"Home","item":"https:\/\/penosil.com\/et\/"},{"@type":"ListItem","position":2,"name":"Tooted","item":"https:\/\/penosil.com\/et\/tooted\/"},{"@type":"ListItem","position":3,"name":"Stop Fungi"}]},{"@type":"WebSite","@id":"https:\/\/penosil.com\/et\/#website","url":"https:\/\/penosil.com\/et\/","name":"Penosil Estonia","description":"","potentialAction":[{"@type":"SearchAction","target":{"@type":"EntryPoint","urlTemplate":"https:\/\/penosil.com\/et\/?s={search_term_string}"},"query-input":{"@type":"PropertyValueSpecification","valueRequired":true,"valueName":"search_term_string"}}],"inLanguage":"et"}]}},"featured_img":"https:\/\/penosil.com\/et\/wp-content\/uploads\/sites\/32\/2025\/10\/PENOSIL_Stop_Fungi_Silicone_310ml_EE_RU_1.jpg","coauthors":[],"author_meta":{"author_link":"https:\/\/penosil.com\/et\/author\/anne\/","display_name":"Anne Lulla"},"relative_dates":{"created":"Posted 6 aastat ago","modified":"Updated 3 p\u00e4eva ago"},"absolute_dates":{"created":"Posted on 14. apr. 2020","modified":"Updated on 12. apr. 2026"},"absolute_dates_time":{"created":"Posted on 14. apr. 2020 12:36","modified":"Updated on 12. apr. 2026 02:04"},"featured_img_caption":"","tax_additional":{"product_brand":{"linked":[],"unlinked":[],"slug":"product_brand","name":"Br\u00e4ndid"},"product_type":{"linked":["<a href=\"https:\/\/penosil.com\/et\/?taxonomy=product_type&#038;term=variable\" class=\"advgb-post-tax-term\">variable<\/a>"],"unlinked":["<span class=\"advgb-post-tax-term\">variable<\/span>"],"slug":"product_type","name":"Product type"},"product_visibility":{"linked":[],"unlinked":[],"slug":"product_visibility","name":"Product visibility"},"product_cat":{"linked":["<a href=\"https:\/\/penosil.com\/et\/tooted\/tootekategooriad\/hermeetikud\/neutraalsed-silikoonid\/\" class=\"advgb-post-tax-term\">Neutraalsed silikoonid<\/a>","<a href=\"https:\/\/penosil.com\/et\/tooted\/easypro\/\" class=\"advgb-post-tax-term\">EasyPRO<\/a>","<a href=\"https:\/\/penosil.com\/et\/tooted\/easypro\/kooki_ja_vannituppa\/\" class=\"advgb-post-tax-term\">K\u00f6\u00f6ki ja vannituppa<\/a>","<a href=\"https:\/\/penosil.com\/et\/tooted\/tootekategooriad\/hermeetikud\/\" class=\"advgb-post-tax-term\">Hermeetikud ja mastiksid<\/a>"],"unlinked":["<span class=\"advgb-post-tax-term\">Neutraalsed silikoonid<\/span>","<span class=\"advgb-post-tax-term\">EasyPRO<\/span>","<span class=\"advgb-post-tax-term\">K\u00f6\u00f6ki ja vannituppa<\/span>","<span class=\"advgb-post-tax-term\">Hermeetikud ja mastiksid<\/span>"],"slug":"product_cat","name":"Tootekategooriad"},"product_tag":{"linked":[],"unlinked":[],"slug":"product_tag","name":"Tootesildid"},"product_shipping_class":{"linked":[],"unlinked":[],"slug":"product_shipping_class","name":"Toote tarneklassid"},"pos_product_visibility":{"linked":[],"unlinked":[],"slug":"pos_product_visibility","name":"POS Product visibility"},"pa_color":{"linked":["<a href=\"https:\/\/penosil.com\/et\/?taxonomy=pa_color&#038;term=transparent-et\" class=\"advgb-post-tax-term\">Transparentne<\/a>","<a href=\"https:\/\/penosil.com\/et\/?taxonomy=pa_color&#038;term=white-et-2\" class=\"advgb-post-tax-term\">Valge<\/a>"],"unlinked":["<span class=\"advgb-post-tax-term\">Transparentne<\/span>","<span class=\"advgb-post-tax-term\">Valge<\/span>"],"slug":"pa_color","name":"Product Colour"},"pa_diameter":{"linked":[],"unlinked":[],"slug":"pa_diameter","name":"Product Diameter"},"pa_package":{"linked":["<a href=\"https:\/\/penosil.com\/et\/?taxonomy=pa_package&#038;term=310-ml-et\" class=\"advgb-post-tax-term\">310 ml<\/a>"],"unlinked":["<span class=\"advgb-post-tax-term\">310 ml<\/span>"],"slug":"pa_package","name":"Product Package"},"pa_roll":{"linked":[],"unlinked":[],"slug":"pa_roll","name":"Product Roll"},"pa_widths":{"linked":[],"unlinked":[],"slug":"pa_widths","name":"Product Widths"},"translation_priority":{"linked":["<a href=\"https:\/\/penosil.com\/et\/?taxonomy=translation_priority&#038;term=optional-et\" class=\"advgb-post-tax-term\">Optional<\/a>"],"unlinked":["<span class=\"advgb-post-tax-term\">Optional<\/span>"],"slug":"translation_priority","name":"Translation Priorities"}},"series_order":"","_links":{"self":[{"href":"https:\/\/penosil.com\/et\/wp-json\/wp\/v2\/product\/14368","targetHints":{"allow":["GET"]}}],"collection":[{"href":"https:\/\/penosil.com\/et\/wp-json\/wp\/v2\/product"}],"about":[{"href":"https:\/\/penosil.com\/et\/wp-json\/wp\/v2\/types\/product"}],"version-history":[{"count":4,"href":"https:\/\/penosil.com\/et\/wp-json\/wp\/v2\/product\/14368\/revisions"}],"predecessor-version":[{"id":35315,"href":"https:\/\/penosil.com\/et\/wp-json\/wp\/v2\/product\/14368\/revisions\/35315"}],"wp:featuredmedia":[{"embeddable":true,"href":"https:\/\/penosil.com\/et\/wp-json\/wp\/v2\/media\/35316"}],"wp:attachment":[{"href":"https:\/\/penosil.com\/et\/wp-json\/wp\/v2\/media?parent=14368"}],"wp:term":[{"taxonomy":"product_brand","embeddable":true,"href":"https:\/\/penosil.com\/et\/wp-json\/wp\/v2\/product_brand?post=14368"},{"taxonomy":"product_cat","embeddable":true,"href":"https:\/\/penosil.com\/et\/wp-json\/wp\/v2\/product_cat?post=14368"},{"taxonomy":"product_tag","embeddable":true,"href":"https:\/\/penosil.com\/et\/wp-json\/wp\/v2\/product_tag?post=14368"}],"curies":[{"name":"wp","href":"https:\/\/api.w.org\/{rel}","templated":true}]}}