{"id":16013,"date":"2020-04-23T15:22:01","date_gmt":"2020-04-23T13:22:01","guid":{"rendered":"https:\/\/penosil.com\/et\/?post_type=product&#038;p=16013"},"modified":"2026-02-09T10:46:38","modified_gmt":"2026-02-09T08:46:38","slug":"foam-remover-995-tardunud-ehitusvahu-eemaldaja","status":"publish","type":"product","link":"https:\/\/penosil.com\/et\/toode\/foam-remover-995-tardunud-ehitusvahu-eemaldaja\/","title":{"rendered":"Foam Remover 995"},"content":{"rendered":"<p>PENOSIL Foam Remover 995 on eriotstarbeline pihustatav puhastusvahend tardunud ehitusvahu lahustamiseks t\u00f6\u00f6riistadelt ja pindadelt. Pehmendab tardunud vahu, et seda oleks pindadelt ja vahup\u00fcstoli v\u00e4lispinnalt kergem eemaldada.\u00a0<\/p>\n","protected":false},"excerpt":{"rendered":"Tardunud ehitusvahu eemaldaja","protected":false},"author":6,"featured_media":35012,"template":"","meta":{"_acf_changed":false,"advgb_blocks_editor_width":"","advgb_blocks_columns_visual_guide":"","footnotes":""},"product_brand":[],"product_cat":[1358,1495,2636,2615,1809,2497],"product_tag":[],"class_list":{"0":"post-16013","1":"product","2":"type-product","3":"status-publish","4":"has-post-thumbnail","6":"product_cat-tootekategooriad","7":"product_cat-ehitusvahud","8":"product_cat-puhastajad","9":"product_cat-vahupustolid-ja-puhastajad","10":"product_cat-tooriistad-puhastajad","11":"product_cat-puhastamine","13":"first","14":"instock","15":"taxable","16":"shipping-taxable","17":"purchasable","18":"product-type-simple"},"acf":[],"yoast_head":"<!-- This site is optimized with the Yoast SEO plugin v27.4 - https:\/\/yoast.com\/product\/yoast-seo-wordpress\/ -->\n<title>PENOSIL Foam Remover 995 tardunud ehitusvahu lahustamiseks.<\/title>\n<meta name=\"description\" content=\"PENOSIL PFoam Remover 995 on eriotstarbeline puhastusvahend tardunud ehitusvahu eemaldamiseks t\u00f6\u00f6riistadelt ja pindadelt. Lugege l\u00e4hemalt.\" \/>\n<meta name=\"robots\" content=\"index, follow, max-snippet:-1, max-image-preview:large, max-video-preview:-1\" \/>\n<link rel=\"canonical\" href=\"https:\/\/penosil.com\/et\/toode\/foam-remover-995-tardunud-ehitusvahu-eemaldaja\/\" \/>\n<meta property=\"og:locale\" content=\"et_EE\" \/>\n<meta property=\"og:type\" content=\"article\" \/>\n<meta property=\"og:title\" content=\"PENOSIL Foam Remover 995 tardunud ehitusvahu lahustamiseks.\" \/>\n<meta property=\"og:description\" content=\"PENOSIL PFoam Remover 995 on eriotstarbeline puhastusvahend tardunud ehitusvahu eemaldamiseks t\u00f6\u00f6riistadelt ja pindadelt. Lugege l\u00e4hemalt.\" \/>\n<meta property=\"og:url\" content=\"https:\/\/penosil.com\/et\/toode\/foam-remover-995-tardunud-ehitusvahu-eemaldaja\/\" \/>\n<meta property=\"og:site_name\" content=\"Penosil Estonia\" \/>\n<meta property=\"article:modified_time\" content=\"2026-02-09T08:46:38+00:00\" \/>\n<meta property=\"og:image\" content=\"https:\/\/penosil.com\/et\/wp-content\/uploads\/sites\/32\/2025\/09\/995_Foam-Remover_EE_1.png\" \/>\n\t<meta property=\"og:image:width\" content=\"523\" \/>\n\t<meta property=\"og:image:height\" content=\"1080\" \/>\n\t<meta property=\"og:image:type\" content=\"image\/png\" \/>\n<meta name=\"twitter:card\" content=\"summary_large_image\" \/>\n<script type=\"application\/ld+json\" class=\"yoast-schema-graph\">{\"@context\":\"https:\\\/\\\/schema.org\",\"@graph\":[{\"@type\":\"WebPage\",\"@id\":\"https:\\\/\\\/penosil.com\\\/et\\\/toode\\\/foam-remover-995-tardunud-ehitusvahu-eemaldaja\\\/\",\"url\":\"https:\\\/\\\/penosil.com\\\/et\\\/toode\\\/foam-remover-995-tardunud-ehitusvahu-eemaldaja\\\/\",\"name\":\"PENOSIL Foam Remover 995 tardunud ehitusvahu lahustamiseks.\",\"isPartOf\":{\"@id\":\"https:\\\/\\\/penosil.com\\\/et\\\/#website\"},\"primaryImageOfPage\":{\"@id\":\"https:\\\/\\\/penosil.com\\\/et\\\/toode\\\/foam-remover-995-tardunud-ehitusvahu-eemaldaja\\\/#primaryimage\"},\"image\":{\"@id\":\"https:\\\/\\\/penosil.com\\\/et\\\/toode\\\/foam-remover-995-tardunud-ehitusvahu-eemaldaja\\\/#primaryimage\"},\"thumbnailUrl\":\"https:\\\/\\\/penosil.com\\\/et\\\/wp-content\\\/uploads\\\/sites\\\/32\\\/2025\\\/09\\\/995_Foam-Remover_EE_1.png\",\"datePublished\":\"2020-04-23T13:22:01+00:00\",\"dateModified\":\"2026-02-09T08:46:38+00:00\",\"description\":\"PENOSIL PFoam Remover 995 on eriotstarbeline puhastusvahend tardunud ehitusvahu eemaldamiseks t\u00f6\u00f6riistadelt ja pindadelt. Lugege l\u00e4hemalt.\",\"breadcrumb\":{\"@id\":\"https:\\\/\\\/penosil.com\\\/et\\\/toode\\\/foam-remover-995-tardunud-ehitusvahu-eemaldaja\\\/#breadcrumb\"},\"inLanguage\":\"et\",\"potentialAction\":[{\"@type\":\"ReadAction\",\"target\":[\"https:\\\/\\\/penosil.com\\\/et\\\/toode\\\/foam-remover-995-tardunud-ehitusvahu-eemaldaja\\\/\"]}]},{\"@type\":\"ImageObject\",\"inLanguage\":\"et\",\"@id\":\"https:\\\/\\\/penosil.com\\\/et\\\/toode\\\/foam-remover-995-tardunud-ehitusvahu-eemaldaja\\\/#primaryimage\",\"url\":\"https:\\\/\\\/penosil.com\\\/et\\\/wp-content\\\/uploads\\\/sites\\\/32\\\/2025\\\/09\\\/995_Foam-Remover_EE_1.png\",\"contentUrl\":\"https:\\\/\\\/penosil.com\\\/et\\\/wp-content\\\/uploads\\\/sites\\\/32\\\/2025\\\/09\\\/995_Foam-Remover_EE_1.png\",\"width\":523,\"height\":1080,\"caption\":\"PENOSIL Foam Remover 995 - Tardunud ehitusvahu eemaldaja\"},{\"@type\":\"BreadcrumbList\",\"@id\":\"https:\\\/\\\/penosil.com\\\/et\\\/toode\\\/foam-remover-995-tardunud-ehitusvahu-eemaldaja\\\/#breadcrumb\",\"itemListElement\":[{\"@type\":\"ListItem\",\"position\":1,\"name\":\"Home\",\"item\":\"https:\\\/\\\/penosil.com\\\/et\\\/\"},{\"@type\":\"ListItem\",\"position\":2,\"name\":\"Tooted\",\"item\":\"https:\\\/\\\/penosil.com\\\/et\\\/tooted\\\/\"},{\"@type\":\"ListItem\",\"position\":3,\"name\":\"Foam Remover 995\"}]},{\"@type\":\"WebSite\",\"@id\":\"https:\\\/\\\/penosil.com\\\/et\\\/#website\",\"url\":\"https:\\\/\\\/penosil.com\\\/et\\\/\",\"name\":\"Penosil Estonia\",\"description\":\"\",\"potentialAction\":[{\"@type\":\"SearchAction\",\"target\":{\"@type\":\"EntryPoint\",\"urlTemplate\":\"https:\\\/\\\/penosil.com\\\/et\\\/?s={search_term_string}\"},\"query-input\":{\"@type\":\"PropertyValueSpecification\",\"valueRequired\":true,\"valueName\":\"search_term_string\"}}],\"inLanguage\":\"et\"}]}<\/script>\n<!-- \/ Yoast SEO plugin. -->","yoast_head_json":{"title":"PENOSIL Foam Remover 995 tardunud ehitusvahu lahustamiseks.","description":"PENOSIL PFoam Remover 995 on eriotstarbeline puhastusvahend tardunud ehitusvahu eemaldamiseks t\u00f6\u00f6riistadelt ja pindadelt. Lugege l\u00e4hemalt.","robots":{"index":"index","follow":"follow","max-snippet":"max-snippet:-1","max-image-preview":"max-image-preview:large","max-video-preview":"max-video-preview:-1"},"canonical":"https:\/\/penosil.com\/et\/toode\/foam-remover-995-tardunud-ehitusvahu-eemaldaja\/","og_locale":"et_EE","og_type":"article","og_title":"PENOSIL Foam Remover 995 tardunud ehitusvahu lahustamiseks.","og_description":"PENOSIL PFoam Remover 995 on eriotstarbeline puhastusvahend tardunud ehitusvahu eemaldamiseks t\u00f6\u00f6riistadelt ja pindadelt. Lugege l\u00e4hemalt.","og_url":"https:\/\/penosil.com\/et\/toode\/foam-remover-995-tardunud-ehitusvahu-eemaldaja\/","og_site_name":"Penosil Estonia","article_modified_time":"2026-02-09T08:46:38+00:00","og_image":[{"width":523,"height":1080,"url":"https:\/\/penosil.com\/et\/wp-content\/uploads\/sites\/32\/2025\/09\/995_Foam-Remover_EE_1.png","type":"image\/png"}],"twitter_card":"summary_large_image","schema":{"@context":"https:\/\/schema.org","@graph":[{"@type":"WebPage","@id":"https:\/\/penosil.com\/et\/toode\/foam-remover-995-tardunud-ehitusvahu-eemaldaja\/","url":"https:\/\/penosil.com\/et\/toode\/foam-remover-995-tardunud-ehitusvahu-eemaldaja\/","name":"PENOSIL Foam Remover 995 tardunud ehitusvahu lahustamiseks.","isPartOf":{"@id":"https:\/\/penosil.com\/et\/#website"},"primaryImageOfPage":{"@id":"https:\/\/penosil.com\/et\/toode\/foam-remover-995-tardunud-ehitusvahu-eemaldaja\/#primaryimage"},"image":{"@id":"https:\/\/penosil.com\/et\/toode\/foam-remover-995-tardunud-ehitusvahu-eemaldaja\/#primaryimage"},"thumbnailUrl":"https:\/\/penosil.com\/et\/wp-content\/uploads\/sites\/32\/2025\/09\/995_Foam-Remover_EE_1.png","datePublished":"2020-04-23T13:22:01+00:00","dateModified":"2026-02-09T08:46:38+00:00","description":"PENOSIL PFoam Remover 995 on eriotstarbeline puhastusvahend tardunud ehitusvahu eemaldamiseks t\u00f6\u00f6riistadelt ja pindadelt. Lugege l\u00e4hemalt.","breadcrumb":{"@id":"https:\/\/penosil.com\/et\/toode\/foam-remover-995-tardunud-ehitusvahu-eemaldaja\/#breadcrumb"},"inLanguage":"et","potentialAction":[{"@type":"ReadAction","target":["https:\/\/penosil.com\/et\/toode\/foam-remover-995-tardunud-ehitusvahu-eemaldaja\/"]}]},{"@type":"ImageObject","inLanguage":"et","@id":"https:\/\/penosil.com\/et\/toode\/foam-remover-995-tardunud-ehitusvahu-eemaldaja\/#primaryimage","url":"https:\/\/penosil.com\/et\/wp-content\/uploads\/sites\/32\/2025\/09\/995_Foam-Remover_EE_1.png","contentUrl":"https:\/\/penosil.com\/et\/wp-content\/uploads\/sites\/32\/2025\/09\/995_Foam-Remover_EE_1.png","width":523,"height":1080,"caption":"PENOSIL Foam Remover 995 - Tardunud ehitusvahu eemaldaja"},{"@type":"BreadcrumbList","@id":"https:\/\/penosil.com\/et\/toode\/foam-remover-995-tardunud-ehitusvahu-eemaldaja\/#breadcrumb","itemListElement":[{"@type":"ListItem","position":1,"name":"Home","item":"https:\/\/penosil.com\/et\/"},{"@type":"ListItem","position":2,"name":"Tooted","item":"https:\/\/penosil.com\/et\/tooted\/"},{"@type":"ListItem","position":3,"name":"Foam Remover 995"}]},{"@type":"WebSite","@id":"https:\/\/penosil.com\/et\/#website","url":"https:\/\/penosil.com\/et\/","name":"Penosil Estonia","description":"","potentialAction":[{"@type":"SearchAction","target":{"@type":"EntryPoint","urlTemplate":"https:\/\/penosil.com\/et\/?s={search_term_string}"},"query-input":{"@type":"PropertyValueSpecification","valueRequired":true,"valueName":"search_term_string"}}],"inLanguage":"et"}]}},"featured_img":"https:\/\/penosil.com\/et\/wp-content\/uploads\/sites\/32\/2025\/09\/995_Foam-Remover_EE_1.png","coauthors":[],"author_meta":{"author_link":"https:\/\/penosil.com\/et\/author\/anne\/","display_name":"Anne Lulla"},"relative_dates":{"created":"Posted 6 aastat ago","modified":"Updated 2 kuud ago"},"absolute_dates":{"created":"Posted on 23. apr. 2020","modified":"Updated on 9. veebr. 2026"},"absolute_dates_time":{"created":"Posted on 23. apr. 2020 03:22","modified":"Updated on 9. veebr. 2026 10:46"},"featured_img_caption":"","tax_additional":{"product_brand":{"linked":[],"unlinked":[],"slug":"product_brand","name":"Br\u00e4ndid"},"product_type":{"linked":["<a href=\"https:\/\/penosil.com\/et\/?taxonomy=product_type&#038;term=simple\" class=\"advgb-post-tax-term\">simple<\/a>"],"unlinked":["<span class=\"advgb-post-tax-term\">simple<\/span>"],"slug":"product_type","name":"Product type"},"product_visibility":{"linked":[],"unlinked":[],"slug":"product_visibility","name":"Product visibility"},"product_cat":{"linked":["<a href=\"https:\/\/penosil.com\/et\/tooted\/tootekategooriad\/\" class=\"advgb-post-tax-term\">Tootekategooriad<\/a>","<a href=\"https:\/\/penosil.com\/et\/tooted\/tootekategooriad\/ehitusvahud\/\" class=\"advgb-post-tax-term\">Ehitusvahud<\/a>","<a href=\"https:\/\/penosil.com\/et\/tooted\/tootekategooriad\/tooriistad-puhastajad\/puhastajad\/\" class=\"advgb-post-tax-term\">Puhastajad<\/a>","<a href=\"https:\/\/penosil.com\/et\/tooted\/tootekategooriad\/ehitusvahud\/vahupustolid-ja-puhastajad\/\" class=\"advgb-post-tax-term\">Vahup\u00fcstolid ja puhastajad<\/a>","<a href=\"https:\/\/penosil.com\/et\/tooted\/tootekategooriad\/tooriistad-puhastajad\/\" class=\"advgb-post-tax-term\">T\u00f6\u00f6riistad ja puhastajad<\/a>","<a href=\"https:\/\/penosil.com\/et\/tooted\/kasutusalad\/puhastamine\/\" class=\"advgb-post-tax-term\">Puhastamine<\/a>"],"unlinked":["<span class=\"advgb-post-tax-term\">Tootekategooriad<\/span>","<span class=\"advgb-post-tax-term\">Ehitusvahud<\/span>","<span class=\"advgb-post-tax-term\">Puhastajad<\/span>","<span class=\"advgb-post-tax-term\">Vahup\u00fcstolid ja puhastajad<\/span>","<span class=\"advgb-post-tax-term\">T\u00f6\u00f6riistad ja puhastajad<\/span>","<span class=\"advgb-post-tax-term\">Puhastamine<\/span>"],"slug":"product_cat","name":"Tootekategooriad"},"product_tag":{"linked":[],"unlinked":[],"slug":"product_tag","name":"Tootesildid"},"product_shipping_class":{"linked":[],"unlinked":[],"slug":"product_shipping_class","name":"Toote tarneklassid"},"pos_product_visibility":{"linked":[],"unlinked":[],"slug":"pos_product_visibility","name":"POS Product visibility"},"pa_color":{"linked":[],"unlinked":[],"slug":"pa_color","name":"Product Colour"},"pa_diameter":{"linked":[],"unlinked":[],"slug":"pa_diameter","name":"Product Diameter"},"pa_package":{"linked":[],"unlinked":[],"slug":"pa_package","name":"Product Package"},"pa_roll":{"linked":[],"unlinked":[],"slug":"pa_roll","name":"Product Roll"},"pa_widths":{"linked":[],"unlinked":[],"slug":"pa_widths","name":"Product Widths"},"translation_priority":{"linked":["<a href=\"https:\/\/penosil.com\/et\/?taxonomy=translation_priority&#038;term=optional-et\" class=\"advgb-post-tax-term\">Optional<\/a>"],"unlinked":["<span class=\"advgb-post-tax-term\">Optional<\/span>"],"slug":"translation_priority","name":"Translation Priorities"}},"series_order":"","_links":{"self":[{"href":"https:\/\/penosil.com\/et\/wp-json\/wp\/v2\/product\/16013","targetHints":{"allow":["GET"]}}],"collection":[{"href":"https:\/\/penosil.com\/et\/wp-json\/wp\/v2\/product"}],"about":[{"href":"https:\/\/penosil.com\/et\/wp-json\/wp\/v2\/types\/product"}],"version-history":[{"count":6,"href":"https:\/\/penosil.com\/et\/wp-json\/wp\/v2\/product\/16013\/revisions"}],"predecessor-version":[{"id":35848,"href":"https:\/\/penosil.com\/et\/wp-json\/wp\/v2\/product\/16013\/revisions\/35848"}],"wp:featuredmedia":[{"embeddable":true,"href":"https:\/\/penosil.com\/et\/wp-json\/wp\/v2\/media\/35012"}],"wp:attachment":[{"href":"https:\/\/penosil.com\/et\/wp-json\/wp\/v2\/media?parent=16013"}],"wp:term":[{"taxonomy":"product_brand","embeddable":true,"href":"https:\/\/penosil.com\/et\/wp-json\/wp\/v2\/product_brand?post=16013"},{"taxonomy":"product_cat","embeddable":true,"href":"https:\/\/penosil.com\/et\/wp-json\/wp\/v2\/product_cat?post=16013"},{"taxonomy":"product_tag","embeddable":true,"href":"https:\/\/penosil.com\/et\/wp-json\/wp\/v2\/product_tag?post=16013"}],"curies":[{"name":"wp","href":"https:\/\/api.w.org\/{rel}","templated":true}]}}