{"id":16167,"date":"2020-04-27T10:47:39","date_gmt":"2020-04-27T08:47:39","guid":{"rendered":"https:\/\/penosil.com\/et\/?post_type=product&#038;p=16167"},"modified":"2026-04-14T02:03:13","modified_gmt":"2026-04-14T00:03:13","slug":"gaps-cracks","status":"publish","type":"product","link":"https:\/\/penosil.com\/et\/toode\/gaps-cracks\/","title":{"rendered":"Gaps &#038; Cracks"},"content":{"rendered":"<p>PENOSIL Gaps &amp; Cracks Acrylic Sealant akr\u00fc\u00fclhermeetik vuukide ja pragude tihedaks t\u00e4itmiseks enne v\u00e4rvimist.<\/p>\n","protected":false},"excerpt":{"rendered":"Akr\u00fc\u00fclhermeetik vuukide ja pragude t\u00e4itmiseks enne v\u00e4rvimist","protected":false},"author":6,"featured_media":35310,"template":"","meta":{"_acf_changed":false,"advgb_blocks_editor_width":"","advgb_blocks_columns_visual_guide":"","footnotes":""},"product_brand":[],"product_cat":[1598,2530,1624,2535],"product_tag":[],"class_list":{"0":"post-16167","1":"product","2":"type-product","3":"status-publish","4":"has-post-thumbnail","6":"product_cat-hermeetikud","7":"product_cat-easypro","8":"product_cat-akruulid","9":"product_cat-viimistlus_ja_taitmine","11":"first","12":"instock","13":"taxable","14":"shipping-taxable","15":"purchasable","16":"product-type-simple"},"acf":[],"yoast_head":"<!-- This site is optimized with the Yoast SEO plugin v27.2 - https:\/\/yoast.com\/product\/yoast-seo-wordpress\/ -->\n<title>PENOSIL Gaps &amp; Cracks Acrylic Sealant akr\u00fc\u00fclhermeetik avauste t\u00e4itmiseks<\/title>\n<meta name=\"description\" content=\"PENOSIL Gaps &amp; Cracks Acrylic Sealant v\u00e4rvitav akr\u00fc\u00fclhermeetik avauste ja pragude tihedaks t\u00e4itmiseks enne v\u00e4rvimist. Sobib m\u00f5\u00f5duka liikuvusega pindadele. Lugege lisaks.\" \/>\n<meta name=\"robots\" content=\"index, follow, max-snippet:-1, max-image-preview:large, max-video-preview:-1\" \/>\n<link rel=\"canonical\" href=\"https:\/\/penosil.com\/et\/toode\/gaps-cracks\/\" \/>\n<meta property=\"og:locale\" content=\"et_EE\" \/>\n<meta property=\"og:type\" content=\"article\" \/>\n<meta property=\"og:title\" content=\"PENOSIL Gaps &amp; Cracks Acrylic Sealant akr\u00fc\u00fclhermeetik avauste t\u00e4itmiseks\" \/>\n<meta property=\"og:description\" content=\"PENOSIL Gaps &amp; Cracks Acrylic Sealant v\u00e4rvitav akr\u00fc\u00fclhermeetik avauste ja pragude tihedaks t\u00e4itmiseks enne v\u00e4rvimist. Sobib m\u00f5\u00f5duka liikuvusega pindadele. Lugege lisaks.\" \/>\n<meta property=\"og:url\" content=\"https:\/\/penosil.com\/et\/toode\/gaps-cracks\/\" \/>\n<meta property=\"og:site_name\" content=\"Penosil Estonia\" \/>\n<meta property=\"article:modified_time\" content=\"2026-04-14T00:03:13+00:00\" \/>\n<meta property=\"og:image\" content=\"https:\/\/penosil.com\/et\/wp-content\/uploads\/sites\/32\/2020\/04\/MET_1691_PENOSIL_Gaps_Cracks_Acrylic_310ml_EE_RU_153x194mm_spaatel.png\" \/>\n\t<meta property=\"og:image:width\" content=\"667\" \/>\n\t<meta property=\"og:image:height\" content=\"2002\" \/>\n\t<meta property=\"og:image:type\" content=\"image\/png\" \/>\n<meta name=\"twitter:card\" content=\"summary_large_image\" \/>\n<script type=\"application\/ld+json\" class=\"yoast-schema-graph\">{\"@context\":\"https:\/\/schema.org\",\"@graph\":[{\"@type\":\"WebPage\",\"@id\":\"https:\/\/penosil.com\/et\/toode\/gaps-cracks\/\",\"url\":\"https:\/\/penosil.com\/et\/toode\/gaps-cracks\/\",\"name\":\"PENOSIL Gaps & Cracks Acrylic Sealant akr\u00fc\u00fclhermeetik avauste t\u00e4itmiseks\",\"isPartOf\":{\"@id\":\"https:\/\/penosil.com\/et\/#website\"},\"primaryImageOfPage\":{\"@id\":\"https:\/\/penosil.com\/et\/toode\/gaps-cracks\/#primaryimage\"},\"image\":{\"@id\":\"https:\/\/penosil.com\/et\/toode\/gaps-cracks\/#primaryimage\"},\"thumbnailUrl\":\"https:\/\/penosil.com\/et\/wp-content\/uploads\/sites\/32\/2025\/10\/PENOSIL_Gaps_Cracks_Acrylic_310ml_EE_RU_1.jpg\",\"datePublished\":\"2020-04-27T08:47:39+00:00\",\"dateModified\":\"2026-04-14T00:03:13+00:00\",\"description\":\"PENOSIL Gaps & Cracks Acrylic Sealant v\u00e4rvitav akr\u00fc\u00fclhermeetik avauste ja pragude tihedaks t\u00e4itmiseks enne v\u00e4rvimist. Sobib m\u00f5\u00f5duka liikuvusega pindadele. Lugege lisaks.\",\"breadcrumb\":{\"@id\":\"https:\/\/penosil.com\/et\/toode\/gaps-cracks\/#breadcrumb\"},\"inLanguage\":\"et\",\"potentialAction\":[{\"@type\":\"ReadAction\",\"target\":[\"https:\/\/penosil.com\/et\/toode\/gaps-cracks\/\"]}]},{\"@type\":\"ImageObject\",\"inLanguage\":\"et\",\"@id\":\"https:\/\/penosil.com\/et\/toode\/gaps-cracks\/#primaryimage\",\"url\":\"https:\/\/penosil.com\/et\/wp-content\/uploads\/sites\/32\/2025\/10\/PENOSIL_Gaps_Cracks_Acrylic_310ml_EE_RU_1.jpg\",\"contentUrl\":\"https:\/\/penosil.com\/et\/wp-content\/uploads\/sites\/32\/2025\/10\/PENOSIL_Gaps_Cracks_Acrylic_310ml_EE_RU_1.jpg\",\"width\":667,\"height\":2002},{\"@type\":\"BreadcrumbList\",\"@id\":\"https:\/\/penosil.com\/et\/toode\/gaps-cracks\/#breadcrumb\",\"itemListElement\":[{\"@type\":\"ListItem\",\"position\":1,\"name\":\"Home\",\"item\":\"https:\/\/penosil.com\/et\/\"},{\"@type\":\"ListItem\",\"position\":2,\"name\":\"Tooted\",\"item\":\"https:\/\/penosil.com\/et\/tooted\/\"},{\"@type\":\"ListItem\",\"position\":3,\"name\":\"Gaps &#038; Cracks\"}]},{\"@type\":\"WebSite\",\"@id\":\"https:\/\/penosil.com\/et\/#website\",\"url\":\"https:\/\/penosil.com\/et\/\",\"name\":\"Penosil Estonia\",\"description\":\"\",\"potentialAction\":[{\"@type\":\"SearchAction\",\"target\":{\"@type\":\"EntryPoint\",\"urlTemplate\":\"https:\/\/penosil.com\/et\/?s={search_term_string}\"},\"query-input\":{\"@type\":\"PropertyValueSpecification\",\"valueRequired\":true,\"valueName\":\"search_term_string\"}}],\"inLanguage\":\"et\"}]}<\/script>\n<!-- \/ Yoast SEO plugin. -->","yoast_head_json":{"title":"PENOSIL Gaps & Cracks Acrylic Sealant akr\u00fc\u00fclhermeetik avauste t\u00e4itmiseks","description":"PENOSIL Gaps & Cracks Acrylic Sealant v\u00e4rvitav akr\u00fc\u00fclhermeetik avauste ja pragude tihedaks t\u00e4itmiseks enne v\u00e4rvimist. Sobib m\u00f5\u00f5duka liikuvusega pindadele. Lugege lisaks.","robots":{"index":"index","follow":"follow","max-snippet":"max-snippet:-1","max-image-preview":"max-image-preview:large","max-video-preview":"max-video-preview:-1"},"canonical":"https:\/\/penosil.com\/et\/toode\/gaps-cracks\/","og_locale":"et_EE","og_type":"article","og_title":"PENOSIL Gaps & Cracks Acrylic Sealant akr\u00fc\u00fclhermeetik avauste t\u00e4itmiseks","og_description":"PENOSIL Gaps & Cracks Acrylic Sealant v\u00e4rvitav akr\u00fc\u00fclhermeetik avauste ja pragude tihedaks t\u00e4itmiseks enne v\u00e4rvimist. Sobib m\u00f5\u00f5duka liikuvusega pindadele. Lugege lisaks.","og_url":"https:\/\/penosil.com\/et\/toode\/gaps-cracks\/","og_site_name":"Penosil Estonia","article_modified_time":"2026-04-14T00:03:13+00:00","og_image":[{"width":667,"height":2002,"url":"https:\/\/penosil.com\/et\/wp-content\/uploads\/sites\/32\/2020\/04\/MET_1691_PENOSIL_Gaps_Cracks_Acrylic_310ml_EE_RU_153x194mm_spaatel.png","type":"image\/png"}],"twitter_card":"summary_large_image","schema":{"@context":"https:\/\/schema.org","@graph":[{"@type":"WebPage","@id":"https:\/\/penosil.com\/et\/toode\/gaps-cracks\/","url":"https:\/\/penosil.com\/et\/toode\/gaps-cracks\/","name":"PENOSIL Gaps & Cracks Acrylic Sealant akr\u00fc\u00fclhermeetik avauste t\u00e4itmiseks","isPartOf":{"@id":"https:\/\/penosil.com\/et\/#website"},"primaryImageOfPage":{"@id":"https:\/\/penosil.com\/et\/toode\/gaps-cracks\/#primaryimage"},"image":{"@id":"https:\/\/penosil.com\/et\/toode\/gaps-cracks\/#primaryimage"},"thumbnailUrl":"https:\/\/penosil.com\/et\/wp-content\/uploads\/sites\/32\/2025\/10\/PENOSIL_Gaps_Cracks_Acrylic_310ml_EE_RU_1.jpg","datePublished":"2020-04-27T08:47:39+00:00","dateModified":"2026-04-14T00:03:13+00:00","description":"PENOSIL Gaps & Cracks Acrylic Sealant v\u00e4rvitav akr\u00fc\u00fclhermeetik avauste ja pragude tihedaks t\u00e4itmiseks enne v\u00e4rvimist. Sobib m\u00f5\u00f5duka liikuvusega pindadele. Lugege lisaks.","breadcrumb":{"@id":"https:\/\/penosil.com\/et\/toode\/gaps-cracks\/#breadcrumb"},"inLanguage":"et","potentialAction":[{"@type":"ReadAction","target":["https:\/\/penosil.com\/et\/toode\/gaps-cracks\/"]}]},{"@type":"ImageObject","inLanguage":"et","@id":"https:\/\/penosil.com\/et\/toode\/gaps-cracks\/#primaryimage","url":"https:\/\/penosil.com\/et\/wp-content\/uploads\/sites\/32\/2025\/10\/PENOSIL_Gaps_Cracks_Acrylic_310ml_EE_RU_1.jpg","contentUrl":"https:\/\/penosil.com\/et\/wp-content\/uploads\/sites\/32\/2025\/10\/PENOSIL_Gaps_Cracks_Acrylic_310ml_EE_RU_1.jpg","width":667,"height":2002},{"@type":"BreadcrumbList","@id":"https:\/\/penosil.com\/et\/toode\/gaps-cracks\/#breadcrumb","itemListElement":[{"@type":"ListItem","position":1,"name":"Home","item":"https:\/\/penosil.com\/et\/"},{"@type":"ListItem","position":2,"name":"Tooted","item":"https:\/\/penosil.com\/et\/tooted\/"},{"@type":"ListItem","position":3,"name":"Gaps &#038; Cracks"}]},{"@type":"WebSite","@id":"https:\/\/penosil.com\/et\/#website","url":"https:\/\/penosil.com\/et\/","name":"Penosil Estonia","description":"","potentialAction":[{"@type":"SearchAction","target":{"@type":"EntryPoint","urlTemplate":"https:\/\/penosil.com\/et\/?s={search_term_string}"},"query-input":{"@type":"PropertyValueSpecification","valueRequired":true,"valueName":"search_term_string"}}],"inLanguage":"et"}]}},"featured_img":"https:\/\/penosil.com\/et\/wp-content\/uploads\/sites\/32\/2025\/10\/PENOSIL_Gaps_Cracks_Acrylic_310ml_EE_RU_1.jpg","coauthors":[],"author_meta":{"author_link":"https:\/\/penosil.com\/et\/author\/anne\/","display_name":"Anne Lulla"},"relative_dates":{"created":"Posted 6 aastat ago","modified":"Updated 1 p\u00e4ev ago"},"absolute_dates":{"created":"Posted on 27. apr. 2020","modified":"Updated on 14. apr. 2026"},"absolute_dates_time":{"created":"Posted on 27. apr. 2020 10:47","modified":"Updated on 14. apr. 2026 02:03"},"featured_img_caption":"","tax_additional":{"product_brand":{"linked":[],"unlinked":[],"slug":"product_brand","name":"Br\u00e4ndid"},"product_type":{"linked":["<a href=\"https:\/\/penosil.com\/et\/?taxonomy=product_type&#038;term=simple\" class=\"advgb-post-tax-term\">simple<\/a>"],"unlinked":["<span class=\"advgb-post-tax-term\">simple<\/span>"],"slug":"product_type","name":"Product type"},"product_visibility":{"linked":[],"unlinked":[],"slug":"product_visibility","name":"Product visibility"},"product_cat":{"linked":["<a href=\"https:\/\/penosil.com\/et\/tooted\/tootekategooriad\/hermeetikud\/\" class=\"advgb-post-tax-term\">Hermeetikud ja mastiksid<\/a>","<a href=\"https:\/\/penosil.com\/et\/tooted\/easypro\/\" class=\"advgb-post-tax-term\">EasyPRO<\/a>","<a href=\"https:\/\/penosil.com\/et\/tooted\/tootekategooriad\/hermeetikud\/akruulid\/\" class=\"advgb-post-tax-term\">Akr\u00fc\u00fclid<\/a>","<a href=\"https:\/\/penosil.com\/et\/tooted\/easypro\/viimistlus_ja_taitmine\/\" class=\"advgb-post-tax-term\">Viimistlus ja t\u00e4itmine<\/a>"],"unlinked":["<span class=\"advgb-post-tax-term\">Hermeetikud ja mastiksid<\/span>","<span class=\"advgb-post-tax-term\">EasyPRO<\/span>","<span class=\"advgb-post-tax-term\">Akr\u00fc\u00fclid<\/span>","<span class=\"advgb-post-tax-term\">Viimistlus ja t\u00e4itmine<\/span>"],"slug":"product_cat","name":"Tootekategooriad"},"product_tag":{"linked":[],"unlinked":[],"slug":"product_tag","name":"Tootesildid"},"product_shipping_class":{"linked":[],"unlinked":[],"slug":"product_shipping_class","name":"Toote tarneklassid"},"pos_product_visibility":{"linked":[],"unlinked":[],"slug":"pos_product_visibility","name":"POS Product visibility"},"pa_color":{"linked":["<a href=\"https:\/\/penosil.com\/et\/?taxonomy=pa_color&#038;term=white-et-2\" class=\"advgb-post-tax-term\">Valge<\/a>"],"unlinked":["<span class=\"advgb-post-tax-term\">Valge<\/span>"],"slug":"pa_color","name":"Product Colour"},"pa_diameter":{"linked":[],"unlinked":[],"slug":"pa_diameter","name":"Product Diameter"},"pa_package":{"linked":[],"unlinked":[],"slug":"pa_package","name":"Product Package"},"pa_roll":{"linked":[],"unlinked":[],"slug":"pa_roll","name":"Product Roll"},"pa_widths":{"linked":[],"unlinked":[],"slug":"pa_widths","name":"Product Widths"},"translation_priority":{"linked":["<a href=\"https:\/\/penosil.com\/et\/?taxonomy=translation_priority&#038;term=optional-et\" class=\"advgb-post-tax-term\">Optional<\/a>"],"unlinked":["<span class=\"advgb-post-tax-term\">Optional<\/span>"],"slug":"translation_priority","name":"Translation Priorities"}},"series_order":"","_links":{"self":[{"href":"https:\/\/penosil.com\/et\/wp-json\/wp\/v2\/product\/16167","targetHints":{"allow":["GET"]}}],"collection":[{"href":"https:\/\/penosil.com\/et\/wp-json\/wp\/v2\/product"}],"about":[{"href":"https:\/\/penosil.com\/et\/wp-json\/wp\/v2\/types\/product"}],"version-history":[{"count":4,"href":"https:\/\/penosil.com\/et\/wp-json\/wp\/v2\/product\/16167\/revisions"}],"predecessor-version":[{"id":35309,"href":"https:\/\/penosil.com\/et\/wp-json\/wp\/v2\/product\/16167\/revisions\/35309"}],"wp:featuredmedia":[{"embeddable":true,"href":"https:\/\/penosil.com\/et\/wp-json\/wp\/v2\/media\/35310"}],"wp:attachment":[{"href":"https:\/\/penosil.com\/et\/wp-json\/wp\/v2\/media?parent=16167"}],"wp:term":[{"taxonomy":"product_brand","embeddable":true,"href":"https:\/\/penosil.com\/et\/wp-json\/wp\/v2\/product_brand?post=16167"},{"taxonomy":"product_cat","embeddable":true,"href":"https:\/\/penosil.com\/et\/wp-json\/wp\/v2\/product_cat?post=16167"},{"taxonomy":"product_tag","embeddable":true,"href":"https:\/\/penosil.com\/et\/wp-json\/wp\/v2\/product_tag?post=16167"}],"curies":[{"name":"wp","href":"https:\/\/api.w.org\/{rel}","templated":true}]}}