{"id":16193,"date":"2020-04-27T14:58:21","date_gmt":"2020-04-27T12:58:21","guid":{"rendered":"https:\/\/penosil.com\/et\/?post_type=product&#038;p=16193"},"modified":"2026-04-10T10:59:37","modified_gmt":"2026-04-10T08:59:37","slug":"facade-joint-hybrid-25lm-fassaadihermeetik","status":"publish","type":"product","link":"https:\/\/penosil.com\/et\/toode\/facade-joint-hybrid-25lm-fassaadihermeetik\/","title":{"rendered":"Facade Joint Hybrid 25LM"},"content":{"rendered":"<p>PENOSIL Facade Joint Hybrid 25LM on MS-pol\u00fcmeeril p\u00f5hinev h\u00fcbriidhermeetik erinevate sise- ja v\u00e4listingimustes olevate vuukide tihendamiseks ja t\u00e4itmiseks. Ideaalne vuukidele, mis vajavad suurt elastsust ja ilmastikukindlust.<\/p>\n","protected":false},"excerpt":{"rendered":"Fassaadihermeetik","protected":false},"author":6,"featured_media":36069,"template":"","meta":{"_acf_changed":false,"advgb_blocks_editor_width":"","advgb_blocks_columns_visual_guide":"","footnotes":""},"product_brand":[],"product_cat":[1358,2590,1598,1078],"product_tag":[],"class_list":{"0":"post-16193","1":"product","2":"type-product","3":"status-publish","4":"has-post-thumbnail","6":"product_cat-tootekategooriad","7":"product_cat-hubriidid","8":"product_cat-hermeetikud","9":"product_cat-katus-ja-fassaad","11":"first","12":"instock","13":"taxable","14":"shipping-taxable","15":"purchasable","16":"product-type-variable","17":"has-default-attributes"},"acf":[],"yoast_head":"<!-- This site is optimized with the Yoast SEO plugin v27.2 - https:\/\/yoast.com\/product\/yoast-seo-wordpress\/ -->\n<title>PENOSIL Facade Joint Hybrid 25LM fassaadihermeetik<\/title>\n<meta name=\"description\" content=\"PENOSIL Facade Joint Hybrid 25LM \u2013 kvaliteetne h\u00fcbriidpol\u00fcmeeril p\u00f5hinev v\u00e4ikese elastsusmooduliga fassaadihermeetik. Lugege l\u00e4hemalt.\" \/>\n<meta name=\"robots\" content=\"index, follow, max-snippet:-1, max-image-preview:large, max-video-preview:-1\" \/>\n<link rel=\"canonical\" href=\"https:\/\/penosil.com\/et\/toode\/facade-joint-hybrid-25lm-fassaadihermeetik\/\" \/>\n<meta property=\"og:locale\" content=\"et_EE\" \/>\n<meta property=\"og:type\" content=\"article\" \/>\n<meta property=\"og:title\" content=\"PENOSIL Facade Joint Hybrid 25LM fassaadihermeetik\" \/>\n<meta property=\"og:description\" content=\"PENOSIL Facade Joint Hybrid 25LM \u2013 kvaliteetne h\u00fcbriidpol\u00fcmeeril p\u00f5hinev v\u00e4ikese elastsusmooduliga fassaadihermeetik. Lugege l\u00e4hemalt.\" \/>\n<meta property=\"og:url\" content=\"https:\/\/penosil.com\/et\/toode\/facade-joint-hybrid-25lm-fassaadihermeetik\/\" \/>\n<meta property=\"og:site_name\" content=\"Penosil Estonia\" \/>\n<meta property=\"article:modified_time\" content=\"2026-04-10T08:59:37+00:00\" \/>\n<meta property=\"og:image\" content=\"https:\/\/penosil.com\/et\/wp-content\/uploads\/sites\/32\/2025\/08\/25LM_Facade-Joint-Hybrid-25LM_1.png\" \/>\n\t<meta property=\"og:image:width\" content=\"164\" \/>\n\t<meta property=\"og:image:height\" content=\"1080\" \/>\n\t<meta property=\"og:image:type\" content=\"image\/png\" \/>\n<meta name=\"twitter:card\" content=\"summary_large_image\" \/>\n<script type=\"application\/ld+json\" class=\"yoast-schema-graph\">{\"@context\":\"https:\/\/schema.org\",\"@graph\":[{\"@type\":\"WebPage\",\"@id\":\"https:\/\/penosil.com\/et\/toode\/facade-joint-hybrid-25lm-fassaadihermeetik\/\",\"url\":\"https:\/\/penosil.com\/et\/toode\/facade-joint-hybrid-25lm-fassaadihermeetik\/\",\"name\":\"PENOSIL Facade Joint Hybrid 25LM fassaadihermeetik\",\"isPartOf\":{\"@id\":\"https:\/\/penosil.com\/et\/#website\"},\"primaryImageOfPage\":{\"@id\":\"https:\/\/penosil.com\/et\/toode\/facade-joint-hybrid-25lm-fassaadihermeetik\/#primaryimage\"},\"image\":{\"@id\":\"https:\/\/penosil.com\/et\/toode\/facade-joint-hybrid-25lm-fassaadihermeetik\/#primaryimage\"},\"thumbnailUrl\":\"https:\/\/penosil.com\/et\/wp-content\/uploads\/sites\/32\/2026\/04\/25LM_EE-FI-LT_new.png\",\"datePublished\":\"2020-04-27T12:58:21+00:00\",\"dateModified\":\"2026-04-10T08:59:37+00:00\",\"description\":\"PENOSIL Facade Joint Hybrid 25LM \u2013 kvaliteetne h\u00fcbriidpol\u00fcmeeril p\u00f5hinev v\u00e4ikese elastsusmooduliga fassaadihermeetik. Lugege l\u00e4hemalt.\",\"breadcrumb\":{\"@id\":\"https:\/\/penosil.com\/et\/toode\/facade-joint-hybrid-25lm-fassaadihermeetik\/#breadcrumb\"},\"inLanguage\":\"et\",\"potentialAction\":[{\"@type\":\"ReadAction\",\"target\":[\"https:\/\/penosil.com\/et\/toode\/facade-joint-hybrid-25lm-fassaadihermeetik\/\"]}]},{\"@type\":\"ImageObject\",\"inLanguage\":\"et\",\"@id\":\"https:\/\/penosil.com\/et\/toode\/facade-joint-hybrid-25lm-fassaadihermeetik\/#primaryimage\",\"url\":\"https:\/\/penosil.com\/et\/wp-content\/uploads\/sites\/32\/2026\/04\/25LM_EE-FI-LT_new.png\",\"contentUrl\":\"https:\/\/penosil.com\/et\/wp-content\/uploads\/sites\/32\/2026\/04\/25LM_EE-FI-LT_new.png\",\"width\":523,\"height\":1080},{\"@type\":\"BreadcrumbList\",\"@id\":\"https:\/\/penosil.com\/et\/toode\/facade-joint-hybrid-25lm-fassaadihermeetik\/#breadcrumb\",\"itemListElement\":[{\"@type\":\"ListItem\",\"position\":1,\"name\":\"Home\",\"item\":\"https:\/\/penosil.com\/et\/\"},{\"@type\":\"ListItem\",\"position\":2,\"name\":\"Tooted\",\"item\":\"https:\/\/penosil.com\/et\/tooted\/\"},{\"@type\":\"ListItem\",\"position\":3,\"name\":\"Facade Joint Hybrid 25LM\"}]},{\"@type\":\"WebSite\",\"@id\":\"https:\/\/penosil.com\/et\/#website\",\"url\":\"https:\/\/penosil.com\/et\/\",\"name\":\"Penosil Estonia\",\"description\":\"\",\"potentialAction\":[{\"@type\":\"SearchAction\",\"target\":{\"@type\":\"EntryPoint\",\"urlTemplate\":\"https:\/\/penosil.com\/et\/?s={search_term_string}\"},\"query-input\":{\"@type\":\"PropertyValueSpecification\",\"valueRequired\":true,\"valueName\":\"search_term_string\"}}],\"inLanguage\":\"et\"}]}<\/script>\n<!-- \/ Yoast SEO plugin. -->","yoast_head_json":{"title":"PENOSIL Facade Joint Hybrid 25LM fassaadihermeetik","description":"PENOSIL Facade Joint Hybrid 25LM \u2013 kvaliteetne h\u00fcbriidpol\u00fcmeeril p\u00f5hinev v\u00e4ikese elastsusmooduliga fassaadihermeetik. Lugege l\u00e4hemalt.","robots":{"index":"index","follow":"follow","max-snippet":"max-snippet:-1","max-image-preview":"max-image-preview:large","max-video-preview":"max-video-preview:-1"},"canonical":"https:\/\/penosil.com\/et\/toode\/facade-joint-hybrid-25lm-fassaadihermeetik\/","og_locale":"et_EE","og_type":"article","og_title":"PENOSIL Facade Joint Hybrid 25LM fassaadihermeetik","og_description":"PENOSIL Facade Joint Hybrid 25LM \u2013 kvaliteetne h\u00fcbriidpol\u00fcmeeril p\u00f5hinev v\u00e4ikese elastsusmooduliga fassaadihermeetik. Lugege l\u00e4hemalt.","og_url":"https:\/\/penosil.com\/et\/toode\/facade-joint-hybrid-25lm-fassaadihermeetik\/","og_site_name":"Penosil Estonia","article_modified_time":"2026-04-10T08:59:37+00:00","og_image":[{"width":164,"height":1080,"url":"https:\/\/penosil.com\/et\/wp-content\/uploads\/sites\/32\/2025\/08\/25LM_Facade-Joint-Hybrid-25LM_1.png","type":"image\/png"}],"twitter_card":"summary_large_image","schema":{"@context":"https:\/\/schema.org","@graph":[{"@type":"WebPage","@id":"https:\/\/penosil.com\/et\/toode\/facade-joint-hybrid-25lm-fassaadihermeetik\/","url":"https:\/\/penosil.com\/et\/toode\/facade-joint-hybrid-25lm-fassaadihermeetik\/","name":"PENOSIL Facade Joint Hybrid 25LM fassaadihermeetik","isPartOf":{"@id":"https:\/\/penosil.com\/et\/#website"},"primaryImageOfPage":{"@id":"https:\/\/penosil.com\/et\/toode\/facade-joint-hybrid-25lm-fassaadihermeetik\/#primaryimage"},"image":{"@id":"https:\/\/penosil.com\/et\/toode\/facade-joint-hybrid-25lm-fassaadihermeetik\/#primaryimage"},"thumbnailUrl":"https:\/\/penosil.com\/et\/wp-content\/uploads\/sites\/32\/2026\/04\/25LM_EE-FI-LT_new.png","datePublished":"2020-04-27T12:58:21+00:00","dateModified":"2026-04-10T08:59:37+00:00","description":"PENOSIL Facade Joint Hybrid 25LM \u2013 kvaliteetne h\u00fcbriidpol\u00fcmeeril p\u00f5hinev v\u00e4ikese elastsusmooduliga fassaadihermeetik. Lugege l\u00e4hemalt.","breadcrumb":{"@id":"https:\/\/penosil.com\/et\/toode\/facade-joint-hybrid-25lm-fassaadihermeetik\/#breadcrumb"},"inLanguage":"et","potentialAction":[{"@type":"ReadAction","target":["https:\/\/penosil.com\/et\/toode\/facade-joint-hybrid-25lm-fassaadihermeetik\/"]}]},{"@type":"ImageObject","inLanguage":"et","@id":"https:\/\/penosil.com\/et\/toode\/facade-joint-hybrid-25lm-fassaadihermeetik\/#primaryimage","url":"https:\/\/penosil.com\/et\/wp-content\/uploads\/sites\/32\/2026\/04\/25LM_EE-FI-LT_new.png","contentUrl":"https:\/\/penosil.com\/et\/wp-content\/uploads\/sites\/32\/2026\/04\/25LM_EE-FI-LT_new.png","width":523,"height":1080},{"@type":"BreadcrumbList","@id":"https:\/\/penosil.com\/et\/toode\/facade-joint-hybrid-25lm-fassaadihermeetik\/#breadcrumb","itemListElement":[{"@type":"ListItem","position":1,"name":"Home","item":"https:\/\/penosil.com\/et\/"},{"@type":"ListItem","position":2,"name":"Tooted","item":"https:\/\/penosil.com\/et\/tooted\/"},{"@type":"ListItem","position":3,"name":"Facade Joint Hybrid 25LM"}]},{"@type":"WebSite","@id":"https:\/\/penosil.com\/et\/#website","url":"https:\/\/penosil.com\/et\/","name":"Penosil Estonia","description":"","potentialAction":[{"@type":"SearchAction","target":{"@type":"EntryPoint","urlTemplate":"https:\/\/penosil.com\/et\/?s={search_term_string}"},"query-input":{"@type":"PropertyValueSpecification","valueRequired":true,"valueName":"search_term_string"}}],"inLanguage":"et"}]}},"featured_img":"https:\/\/penosil.com\/et\/wp-content\/uploads\/sites\/32\/2026\/04\/25LM_EE-FI-LT_new.png","coauthors":[],"author_meta":{"author_link":"https:\/\/penosil.com\/et\/author\/anne\/","display_name":"Anne Lulla"},"relative_dates":{"created":"Posted 6 aastat ago","modified":"Updated 5 p\u00e4eva ago"},"absolute_dates":{"created":"Posted on 27. apr. 2020","modified":"Updated on 10. apr. 2026"},"absolute_dates_time":{"created":"Posted on 27. apr. 2020 02:58","modified":"Updated on 10. apr. 2026 10:59"},"featured_img_caption":"","tax_additional":{"product_brand":{"linked":[],"unlinked":[],"slug":"product_brand","name":"Br\u00e4ndid"},"product_type":{"linked":["<a href=\"https:\/\/penosil.com\/et\/?taxonomy=product_type&#038;term=variable\" class=\"advgb-post-tax-term\">variable<\/a>"],"unlinked":["<span class=\"advgb-post-tax-term\">variable<\/span>"],"slug":"product_type","name":"Product type"},"product_visibility":{"linked":[],"unlinked":[],"slug":"product_visibility","name":"Product visibility"},"product_cat":{"linked":["<a href=\"https:\/\/penosil.com\/et\/tooted\/tootekategooriad\/\" class=\"advgb-post-tax-term\">Tootekategooriad<\/a>","<a href=\"https:\/\/penosil.com\/et\/tooted\/tootekategooriad\/hermeetikud\/hubriidid\/\" class=\"advgb-post-tax-term\">H\u00fcbriidid<\/a>","<a href=\"https:\/\/penosil.com\/et\/tooted\/tootekategooriad\/hermeetikud\/\" class=\"advgb-post-tax-term\">Hermeetikud ja mastiksid<\/a>","<a href=\"https:\/\/penosil.com\/et\/tooted\/kasutusalad\/katus-ja-fassaad\/\" class=\"advgb-post-tax-term\">Katus ja fassaad<\/a>"],"unlinked":["<span class=\"advgb-post-tax-term\">Tootekategooriad<\/span>","<span class=\"advgb-post-tax-term\">H\u00fcbriidid<\/span>","<span class=\"advgb-post-tax-term\">Hermeetikud ja mastiksid<\/span>","<span class=\"advgb-post-tax-term\">Katus ja fassaad<\/span>"],"slug":"product_cat","name":"Tootekategooriad"},"product_tag":{"linked":[],"unlinked":[],"slug":"product_tag","name":"Tootesildid"},"product_shipping_class":{"linked":[],"unlinked":[],"slug":"product_shipping_class","name":"Toote tarneklassid"},"pos_product_visibility":{"linked":[],"unlinked":[],"slug":"pos_product_visibility","name":"POS Product visibility"},"pa_color":{"linked":["<a href=\"https:\/\/penosil.com\/et\/?taxonomy=pa_color&#038;term=antratsiit\" class=\"advgb-post-tax-term\">Antratsiit<\/a>","<a href=\"https:\/\/penosil.com\/et\/?taxonomy=pa_color&#038;term=agate-grey\" class=\"advgb-post-tax-term\">Ahhaat hall<\/a>","<a href=\"https:\/\/penosil.com\/et\/?taxonomy=pa_color&#038;term=white-et-2\" class=\"advgb-post-tax-term\">Valge<\/a>","<a href=\"https:\/\/penosil.com\/et\/?taxonomy=pa_color&#038;term=platinum-grey\" class=\"advgb-post-tax-term\">Plaatinum hall<\/a>","<a href=\"https:\/\/penosil.com\/et\/?taxonomy=pa_color&#038;term=beige-et\" class=\"advgb-post-tax-term\">Bee\u017e<\/a>","<a href=\"https:\/\/penosil.com\/et\/?taxonomy=pa_color&#038;term=black-et\" class=\"advgb-post-tax-term\">Must<\/a>","<a href=\"https:\/\/penosil.com\/et\/?taxonomy=pa_color&#038;term=grey-et\" class=\"advgb-post-tax-term\">Hall<\/a>","<a href=\"https:\/\/penosil.com\/et\/?taxonomy=pa_color&#038;term=brown-et\" class=\"advgb-post-tax-term\">Pruun<\/a>"],"unlinked":["<span class=\"advgb-post-tax-term\">Antratsiit<\/span>","<span class=\"advgb-post-tax-term\">Ahhaat hall<\/span>","<span class=\"advgb-post-tax-term\">Valge<\/span>","<span class=\"advgb-post-tax-term\">Plaatinum hall<\/span>","<span class=\"advgb-post-tax-term\">Bee\u017e<\/span>","<span class=\"advgb-post-tax-term\">Must<\/span>","<span class=\"advgb-post-tax-term\">Hall<\/span>","<span class=\"advgb-post-tax-term\">Pruun<\/span>"],"slug":"pa_color","name":"Product Colour"},"pa_diameter":{"linked":[],"unlinked":[],"slug":"pa_diameter","name":"Product Diameter"},"pa_package":{"linked":["<a href=\"https:\/\/penosil.com\/et\/?taxonomy=pa_package&#038;term=600-ml-et\" class=\"advgb-post-tax-term\">600 ml<\/a>"],"unlinked":["<span class=\"advgb-post-tax-term\">600 ml<\/span>"],"slug":"pa_package","name":"Product Package"},"pa_roll":{"linked":[],"unlinked":[],"slug":"pa_roll","name":"Product Roll"},"pa_widths":{"linked":[],"unlinked":[],"slug":"pa_widths","name":"Product Widths"},"translation_priority":{"linked":["<a href=\"https:\/\/penosil.com\/et\/?taxonomy=translation_priority&#038;term=optional-et\" class=\"advgb-post-tax-term\">Optional<\/a>"],"unlinked":["<span class=\"advgb-post-tax-term\">Optional<\/span>"],"slug":"translation_priority","name":"Translation Priorities"}},"series_order":"","_links":{"self":[{"href":"https:\/\/penosil.com\/et\/wp-json\/wp\/v2\/product\/16193","targetHints":{"allow":["GET"]}}],"collection":[{"href":"https:\/\/penosil.com\/et\/wp-json\/wp\/v2\/product"}],"about":[{"href":"https:\/\/penosil.com\/et\/wp-json\/wp\/v2\/types\/product"}],"version-history":[{"count":9,"href":"https:\/\/penosil.com\/et\/wp-json\/wp\/v2\/product\/16193\/revisions"}],"predecessor-version":[{"id":35750,"href":"https:\/\/penosil.com\/et\/wp-json\/wp\/v2\/product\/16193\/revisions\/35750"}],"wp:featuredmedia":[{"embeddable":true,"href":"https:\/\/penosil.com\/et\/wp-json\/wp\/v2\/media\/36069"}],"wp:attachment":[{"href":"https:\/\/penosil.com\/et\/wp-json\/wp\/v2\/media?parent=16193"}],"wp:term":[{"taxonomy":"product_brand","embeddable":true,"href":"https:\/\/penosil.com\/et\/wp-json\/wp\/v2\/product_brand?post=16193"},{"taxonomy":"product_cat","embeddable":true,"href":"https:\/\/penosil.com\/et\/wp-json\/wp\/v2\/product_cat?post=16193"},{"taxonomy":"product_tag","embeddable":true,"href":"https:\/\/penosil.com\/et\/wp-json\/wp\/v2\/product_tag?post=16193"}],"curies":[{"name":"wp","href":"https:\/\/api.w.org\/{rel}","templated":true}]}}