{"id":16271,"date":"2020-04-28T13:52:09","date_gmt":"2020-04-28T11:52:09","guid":{"rendered":"https:\/\/penosil.com\/et\/?post_type=product&#038;p=16271"},"modified":"2026-02-09T10:46:42","modified_gmt":"2026-02-09T08:46:42","slug":"rooffacade-elastic","status":"publish","type":"product","link":"https:\/\/penosil.com\/et\/toode\/rooffacade-elastic\/","title":{"rendered":"Roof&#038;Facade Elastic"},"content":{"rendered":"<p>PENOSIL Roof&amp;Facade <em>Elastic<\/em> h\u00fcbriidhermeetik v\u00e4listeks parandus- ja renoveerimist\u00f6\u00f6deks.<\/p>\n","protected":false},"excerpt":{"rendered":"Katuse- ja fassaadihermeetik","protected":false},"author":6,"featured_media":35313,"template":"","meta":{"_acf_changed":false,"advgb_blocks_editor_width":"","advgb_blocks_columns_visual_guide":"","footnotes":""},"product_brand":[],"product_cat":[2590,1598,2530],"product_tag":[],"class_list":{"0":"post-16271","1":"product","2":"type-product","3":"status-publish","4":"has-post-thumbnail","6":"product_cat-hubriidid","7":"product_cat-hermeetikud","8":"product_cat-easypro","10":"first","11":"instock","12":"taxable","13":"shipping-taxable","14":"purchasable","15":"product-type-variable","16":"has-default-attributes"},"acf":[],"yoast_head":"<!-- This site is optimized with the Yoast SEO plugin v27.2 - https:\/\/yoast.com\/product\/yoast-seo-wordpress\/ -->\n<title>PENOSIL Roof &amp; Facade Elastic elastne katuse ja fassaadi h\u00fcbriidhermeetik<\/title>\n<meta name=\"description\" content=\"Penosili elastne katuse ja fassaadi h\u00fcbriidhermeetik tardub kiiresti ja nakkub pinnaga t\u00e4ielikult vaid 2 tunniga, tagades t\u00e4ieliku ilmastikukindluse. Uuri l\u00e4hemalt!\" \/>\n<meta name=\"robots\" content=\"index, follow, max-snippet:-1, max-image-preview:large, max-video-preview:-1\" \/>\n<link rel=\"canonical\" href=\"https:\/\/penosil.com\/et\/toode\/rooffacade-elastic\/\" \/>\n<meta property=\"og:locale\" content=\"et_EE\" \/>\n<meta property=\"og:type\" content=\"article\" \/>\n<meta property=\"og:title\" content=\"PENOSIL Roof &amp; Facade Elastic elastne katuse ja fassaadi h\u00fcbriidhermeetik\" \/>\n<meta property=\"og:description\" content=\"Penosili elastne katuse ja fassaadi h\u00fcbriidhermeetik tardub kiiresti ja nakkub pinnaga t\u00e4ielikult vaid 2 tunniga, tagades t\u00e4ieliku ilmastikukindluse. Uuri l\u00e4hemalt!\" \/>\n<meta property=\"og:url\" content=\"https:\/\/penosil.com\/et\/toode\/rooffacade-elastic\/\" \/>\n<meta property=\"og:site_name\" content=\"Penosil Estonia\" \/>\n<meta property=\"article:modified_time\" content=\"2026-02-09T08:46:42+00:00\" \/>\n<meta property=\"og:image\" content=\"https:\/\/penosil.com\/et\/wp-content\/uploads\/sites\/32\/2025\/10\/MET_194420PENOSIL20Roof26Facade20Elastic20Sealant20290ml20colour20EE20RU_spaatel_1.jpg\" \/>\n\t<meta property=\"og:image:width\" content=\"667\" \/>\n\t<meta property=\"og:image:height\" content=\"2002\" \/>\n\t<meta property=\"og:image:type\" content=\"image\/jpeg\" \/>\n<meta name=\"twitter:card\" content=\"summary_large_image\" \/>\n<script type=\"application\/ld+json\" class=\"yoast-schema-graph\">{\"@context\":\"https:\/\/schema.org\",\"@graph\":[{\"@type\":\"WebPage\",\"@id\":\"https:\/\/penosil.com\/et\/toode\/rooffacade-elastic\/\",\"url\":\"https:\/\/penosil.com\/et\/toode\/rooffacade-elastic\/\",\"name\":\"PENOSIL Roof & Facade Elastic elastne katuse ja fassaadi h\u00fcbriidhermeetik\",\"isPartOf\":{\"@id\":\"https:\/\/penosil.com\/et\/#website\"},\"primaryImageOfPage\":{\"@id\":\"https:\/\/penosil.com\/et\/toode\/rooffacade-elastic\/#primaryimage\"},\"image\":{\"@id\":\"https:\/\/penosil.com\/et\/toode\/rooffacade-elastic\/#primaryimage\"},\"thumbnailUrl\":\"https:\/\/penosil.com\/et\/wp-content\/uploads\/sites\/32\/2025\/10\/MET_194420PENOSIL20Roof26Facade20Elastic20Sealant20290ml20colour20EE20RU_spaatel_1.jpg\",\"datePublished\":\"2020-04-28T11:52:09+00:00\",\"dateModified\":\"2026-02-09T08:46:42+00:00\",\"description\":\"Penosili elastne katuse ja fassaadi h\u00fcbriidhermeetik tardub kiiresti ja nakkub pinnaga t\u00e4ielikult vaid 2 tunniga, tagades t\u00e4ieliku ilmastikukindluse. Uuri l\u00e4hemalt!\",\"breadcrumb\":{\"@id\":\"https:\/\/penosil.com\/et\/toode\/rooffacade-elastic\/#breadcrumb\"},\"inLanguage\":\"et\",\"potentialAction\":[{\"@type\":\"ReadAction\",\"target\":[\"https:\/\/penosil.com\/et\/toode\/rooffacade-elastic\/\"]}]},{\"@type\":\"ImageObject\",\"inLanguage\":\"et\",\"@id\":\"https:\/\/penosil.com\/et\/toode\/rooffacade-elastic\/#primaryimage\",\"url\":\"https:\/\/penosil.com\/et\/wp-content\/uploads\/sites\/32\/2025\/10\/MET_194420PENOSIL20Roof26Facade20Elastic20Sealant20290ml20colour20EE20RU_spaatel_1.jpg\",\"contentUrl\":\"https:\/\/penosil.com\/et\/wp-content\/uploads\/sites\/32\/2025\/10\/MET_194420PENOSIL20Roof26Facade20Elastic20Sealant20290ml20colour20EE20RU_spaatel_1.jpg\",\"width\":667,\"height\":2002},{\"@type\":\"BreadcrumbList\",\"@id\":\"https:\/\/penosil.com\/et\/toode\/rooffacade-elastic\/#breadcrumb\",\"itemListElement\":[{\"@type\":\"ListItem\",\"position\":1,\"name\":\"Home\",\"item\":\"https:\/\/penosil.com\/et\/\"},{\"@type\":\"ListItem\",\"position\":2,\"name\":\"Tooted\",\"item\":\"https:\/\/penosil.com\/et\/tooted\/\"},{\"@type\":\"ListItem\",\"position\":3,\"name\":\"Roof&#038;Facade Elastic\"}]},{\"@type\":\"WebSite\",\"@id\":\"https:\/\/penosil.com\/et\/#website\",\"url\":\"https:\/\/penosil.com\/et\/\",\"name\":\"Penosil Estonia\",\"description\":\"\",\"potentialAction\":[{\"@type\":\"SearchAction\",\"target\":{\"@type\":\"EntryPoint\",\"urlTemplate\":\"https:\/\/penosil.com\/et\/?s={search_term_string}\"},\"query-input\":{\"@type\":\"PropertyValueSpecification\",\"valueRequired\":true,\"valueName\":\"search_term_string\"}}],\"inLanguage\":\"et\"}]}<\/script>\n<!-- \/ Yoast SEO plugin. -->","yoast_head_json":{"title":"PENOSIL Roof & Facade Elastic elastne katuse ja fassaadi h\u00fcbriidhermeetik","description":"Penosili elastne katuse ja fassaadi h\u00fcbriidhermeetik tardub kiiresti ja nakkub pinnaga t\u00e4ielikult vaid 2 tunniga, tagades t\u00e4ieliku ilmastikukindluse. Uuri l\u00e4hemalt!","robots":{"index":"index","follow":"follow","max-snippet":"max-snippet:-1","max-image-preview":"max-image-preview:large","max-video-preview":"max-video-preview:-1"},"canonical":"https:\/\/penosil.com\/et\/toode\/rooffacade-elastic\/","og_locale":"et_EE","og_type":"article","og_title":"PENOSIL Roof & Facade Elastic elastne katuse ja fassaadi h\u00fcbriidhermeetik","og_description":"Penosili elastne katuse ja fassaadi h\u00fcbriidhermeetik tardub kiiresti ja nakkub pinnaga t\u00e4ielikult vaid 2 tunniga, tagades t\u00e4ieliku ilmastikukindluse. Uuri l\u00e4hemalt!","og_url":"https:\/\/penosil.com\/et\/toode\/rooffacade-elastic\/","og_site_name":"Penosil Estonia","article_modified_time":"2026-02-09T08:46:42+00:00","og_image":[{"width":667,"height":2002,"url":"https:\/\/penosil.com\/et\/wp-content\/uploads\/sites\/32\/2025\/10\/MET_194420PENOSIL20Roof26Facade20Elastic20Sealant20290ml20colour20EE20RU_spaatel_1.jpg","type":"image\/jpeg"}],"twitter_card":"summary_large_image","schema":{"@context":"https:\/\/schema.org","@graph":[{"@type":"WebPage","@id":"https:\/\/penosil.com\/et\/toode\/rooffacade-elastic\/","url":"https:\/\/penosil.com\/et\/toode\/rooffacade-elastic\/","name":"PENOSIL Roof & Facade Elastic elastne katuse ja fassaadi h\u00fcbriidhermeetik","isPartOf":{"@id":"https:\/\/penosil.com\/et\/#website"},"primaryImageOfPage":{"@id":"https:\/\/penosil.com\/et\/toode\/rooffacade-elastic\/#primaryimage"},"image":{"@id":"https:\/\/penosil.com\/et\/toode\/rooffacade-elastic\/#primaryimage"},"thumbnailUrl":"https:\/\/penosil.com\/et\/wp-content\/uploads\/sites\/32\/2025\/10\/MET_194420PENOSIL20Roof26Facade20Elastic20Sealant20290ml20colour20EE20RU_spaatel_1.jpg","datePublished":"2020-04-28T11:52:09+00:00","dateModified":"2026-02-09T08:46:42+00:00","description":"Penosili elastne katuse ja fassaadi h\u00fcbriidhermeetik tardub kiiresti ja nakkub pinnaga t\u00e4ielikult vaid 2 tunniga, tagades t\u00e4ieliku ilmastikukindluse. Uuri l\u00e4hemalt!","breadcrumb":{"@id":"https:\/\/penosil.com\/et\/toode\/rooffacade-elastic\/#breadcrumb"},"inLanguage":"et","potentialAction":[{"@type":"ReadAction","target":["https:\/\/penosil.com\/et\/toode\/rooffacade-elastic\/"]}]},{"@type":"ImageObject","inLanguage":"et","@id":"https:\/\/penosil.com\/et\/toode\/rooffacade-elastic\/#primaryimage","url":"https:\/\/penosil.com\/et\/wp-content\/uploads\/sites\/32\/2025\/10\/MET_194420PENOSIL20Roof26Facade20Elastic20Sealant20290ml20colour20EE20RU_spaatel_1.jpg","contentUrl":"https:\/\/penosil.com\/et\/wp-content\/uploads\/sites\/32\/2025\/10\/MET_194420PENOSIL20Roof26Facade20Elastic20Sealant20290ml20colour20EE20RU_spaatel_1.jpg","width":667,"height":2002},{"@type":"BreadcrumbList","@id":"https:\/\/penosil.com\/et\/toode\/rooffacade-elastic\/#breadcrumb","itemListElement":[{"@type":"ListItem","position":1,"name":"Home","item":"https:\/\/penosil.com\/et\/"},{"@type":"ListItem","position":2,"name":"Tooted","item":"https:\/\/penosil.com\/et\/tooted\/"},{"@type":"ListItem","position":3,"name":"Roof&#038;Facade Elastic"}]},{"@type":"WebSite","@id":"https:\/\/penosil.com\/et\/#website","url":"https:\/\/penosil.com\/et\/","name":"Penosil Estonia","description":"","potentialAction":[{"@type":"SearchAction","target":{"@type":"EntryPoint","urlTemplate":"https:\/\/penosil.com\/et\/?s={search_term_string}"},"query-input":{"@type":"PropertyValueSpecification","valueRequired":true,"valueName":"search_term_string"}}],"inLanguage":"et"}]}},"featured_img":"https:\/\/penosil.com\/et\/wp-content\/uploads\/sites\/32\/2025\/10\/MET_194420PENOSIL20Roof26Facade20Elastic20Sealant20290ml20colour20EE20RU_spaatel_1.jpg","coauthors":[],"author_meta":{"author_link":"https:\/\/penosil.com\/et\/author\/anne\/","display_name":"Anne Lulla"},"relative_dates":{"created":"Posted 6 aastat ago","modified":"Updated 2 kuud ago"},"absolute_dates":{"created":"Posted on 28. apr. 2020","modified":"Updated on 9. veebr. 2026"},"absolute_dates_time":{"created":"Posted on 28. apr. 2020 01:52","modified":"Updated on 9. veebr. 2026 10:46"},"featured_img_caption":"","tax_additional":{"product_brand":{"linked":[],"unlinked":[],"slug":"product_brand","name":"Br\u00e4ndid"},"product_type":{"linked":["<a href=\"https:\/\/penosil.com\/et\/?taxonomy=product_type&#038;term=variable\" class=\"advgb-post-tax-term\">variable<\/a>"],"unlinked":["<span class=\"advgb-post-tax-term\">variable<\/span>"],"slug":"product_type","name":"Product type"},"product_visibility":{"linked":[],"unlinked":[],"slug":"product_visibility","name":"Product visibility"},"product_cat":{"linked":["<a href=\"https:\/\/penosil.com\/et\/tooted\/tootekategooriad\/hermeetikud\/hubriidid\/\" class=\"advgb-post-tax-term\">H\u00fcbriidid<\/a>","<a href=\"https:\/\/penosil.com\/et\/tooted\/tootekategooriad\/hermeetikud\/\" class=\"advgb-post-tax-term\">Hermeetikud ja mastiksid<\/a>","<a href=\"https:\/\/penosil.com\/et\/tooted\/easypro\/\" class=\"advgb-post-tax-term\">EasyPRO<\/a>"],"unlinked":["<span class=\"advgb-post-tax-term\">H\u00fcbriidid<\/span>","<span class=\"advgb-post-tax-term\">Hermeetikud ja mastiksid<\/span>","<span class=\"advgb-post-tax-term\">EasyPRO<\/span>"],"slug":"product_cat","name":"Tootekategooriad"},"product_tag":{"linked":[],"unlinked":[],"slug":"product_tag","name":"Tootesildid"},"product_shipping_class":{"linked":[],"unlinked":[],"slug":"product_shipping_class","name":"Toote tarneklassid"},"pos_product_visibility":{"linked":[],"unlinked":[],"slug":"pos_product_visibility","name":"POS Product visibility"},"pa_color":{"linked":["<a href=\"https:\/\/penosil.com\/et\/?taxonomy=pa_color&#038;term=grey-et\" class=\"advgb-post-tax-term\">Hall<\/a>","<a href=\"https:\/\/penosil.com\/et\/?taxonomy=pa_color&#038;term=reddish-brown\" class=\"advgb-post-tax-term\">Punakas-pruun<\/a>"],"unlinked":["<span class=\"advgb-post-tax-term\">Hall<\/span>","<span class=\"advgb-post-tax-term\">Punakas-pruun<\/span>"],"slug":"pa_color","name":"Product Colour"},"pa_diameter":{"linked":[],"unlinked":[],"slug":"pa_diameter","name":"Product Diameter"},"pa_package":{"linked":["<a href=\"https:\/\/penosil.com\/et\/?taxonomy=pa_package&#038;term=290-ml-et\" class=\"advgb-post-tax-term\">290 ml<\/a>"],"unlinked":["<span class=\"advgb-post-tax-term\">290 ml<\/span>"],"slug":"pa_package","name":"Product Package"},"pa_roll":{"linked":[],"unlinked":[],"slug":"pa_roll","name":"Product Roll"},"pa_widths":{"linked":[],"unlinked":[],"slug":"pa_widths","name":"Product Widths"},"translation_priority":{"linked":["<a href=\"https:\/\/penosil.com\/et\/?taxonomy=translation_priority&#038;term=optional-et\" class=\"advgb-post-tax-term\">Optional<\/a>"],"unlinked":["<span class=\"advgb-post-tax-term\">Optional<\/span>"],"slug":"translation_priority","name":"Translation Priorities"}},"series_order":"","_links":{"self":[{"href":"https:\/\/penosil.com\/et\/wp-json\/wp\/v2\/product\/16271","targetHints":{"allow":["GET"]}}],"collection":[{"href":"https:\/\/penosil.com\/et\/wp-json\/wp\/v2\/product"}],"about":[{"href":"https:\/\/penosil.com\/et\/wp-json\/wp\/v2\/types\/product"}],"version-history":[{"count":3,"href":"https:\/\/penosil.com\/et\/wp-json\/wp\/v2\/product\/16271\/revisions"}],"predecessor-version":[{"id":35326,"href":"https:\/\/penosil.com\/et\/wp-json\/wp\/v2\/product\/16271\/revisions\/35326"}],"wp:featuredmedia":[{"embeddable":true,"href":"https:\/\/penosil.com\/et\/wp-json\/wp\/v2\/media\/35313"}],"wp:attachment":[{"href":"https:\/\/penosil.com\/et\/wp-json\/wp\/v2\/media?parent=16271"}],"wp:term":[{"taxonomy":"product_brand","embeddable":true,"href":"https:\/\/penosil.com\/et\/wp-json\/wp\/v2\/product_brand?post=16271"},{"taxonomy":"product_cat","embeddable":true,"href":"https:\/\/penosil.com\/et\/wp-json\/wp\/v2\/product_cat?post=16271"},{"taxonomy":"product_tag","embeddable":true,"href":"https:\/\/penosil.com\/et\/wp-json\/wp\/v2\/product_tag?post=16271"}],"curies":[{"name":"wp","href":"https:\/\/api.w.org\/{rel}","templated":true}]}}