{"id":16810,"date":"2020-05-18T11:03:46","date_gmt":"2020-05-18T09:03:46","guid":{"rendered":"https:\/\/penosil.com\/et\/?post_type=product&#038;p=16810"},"modified":"2026-02-09T10:46:42","modified_gmt":"2026-02-09T08:46:42","slug":"expanding-tape-300pa-isepaisuv-tihend","status":"publish","type":"product","link":"https:\/\/penosil.com\/et\/toode\/expanding-tape-300pa-isepaisuv-tihend\/","title":{"rendered":"Expanding Tape 300Pa"},"content":{"rendered":"<p>PENOSIL Expanding Tape 300Pa on eeltihendatud, isepaisuv ja elastne tihend v\u00e4limiste fassaadi- ja aknavuukide kaitsmiseks tuule, vihma ja tolmu eest. P\u00e4rast paigaldamist materjal paisub ja t\u00e4idab vuugi. Tulemuseks p\u00fcsivalt elastne ja ilmastikukindel vuuk.<\/p>\n","protected":false},"excerpt":{"rendered":"Isepaisuv tihend","protected":false},"author":6,"featured_media":34614,"template":"","meta":{"_acf_changed":false,"advgb_blocks_editor_width":"","advgb_blocks_columns_visual_guide":"","footnotes":""},"product_brand":[],"product_cat":[829,1358,2624,1682],"product_tag":[],"class_list":{"0":"post-16810","1":"product","2":"type-product","3":"status-publish","4":"has-post-thumbnail","6":"product_cat-uldehitus","7":"product_cat-tootekategooriad","8":"product_cat-isepaisuvad-tihendid","9":"product_cat-tihendusmaterjalid","11":"first","12":"instock","13":"taxable","14":"shipping-taxable","15":"purchasable","16":"product-type-variable","17":"has-default-attributes"},"acf":[],"yoast_head":"<!-- This site is optimized with the Yoast SEO plugin v27.4 - https:\/\/yoast.com\/product\/yoast-seo-wordpress\/ -->\n<title>PENOSIL Expanding Tape 300Pa isepaisuv ja -kleepuv tihend<\/title>\n<meta name=\"description\" content=\"PENOSIL Expanding Tape 300 isepaisuv tihend fassaadi- ja aknavuukidele, mis sobib tuule, vihma ja tolmu eest kaitsmiseks. Loe rohkem.\" \/>\n<meta name=\"robots\" content=\"index, follow, max-snippet:-1, max-image-preview:large, max-video-preview:-1\" \/>\n<link rel=\"canonical\" href=\"https:\/\/penosil.com\/et\/toode\/expanding-tape-300pa-isepaisuv-tihend\/\" \/>\n<meta property=\"og:locale\" content=\"et_EE\" \/>\n<meta property=\"og:type\" content=\"article\" \/>\n<meta property=\"og:title\" content=\"PENOSIL Expanding Tape 300Pa isepaisuv ja -kleepuv tihend\" \/>\n<meta property=\"og:description\" content=\"PENOSIL Expanding Tape 300 isepaisuv tihend fassaadi- ja aknavuukidele, mis sobib tuule, vihma ja tolmu eest kaitsmiseks. Loe rohkem.\" \/>\n<meta property=\"og:url\" content=\"https:\/\/penosil.com\/et\/toode\/expanding-tape-300pa-isepaisuv-tihend\/\" \/>\n<meta property=\"og:site_name\" content=\"Penosil Estonia\" \/>\n<meta property=\"article:modified_time\" content=\"2026-02-09T08:46:42+00:00\" \/>\n<meta property=\"og:image\" content=\"https:\/\/penosil.com\/et\/wp-content\/uploads\/sites\/32\/2025\/08\/300Pa_Expanding_Tape-EE-FI-LT-LV_1.png\" \/>\n\t<meta property=\"og:image:width\" content=\"824\" \/>\n\t<meta property=\"og:image:height\" content=\"1080\" \/>\n\t<meta property=\"og:image:type\" content=\"image\/png\" \/>\n<meta name=\"twitter:card\" content=\"summary_large_image\" \/>\n<script type=\"application\/ld+json\" class=\"yoast-schema-graph\">{\"@context\":\"https:\\\/\\\/schema.org\",\"@graph\":[{\"@type\":\"WebPage\",\"@id\":\"https:\\\/\\\/penosil.com\\\/et\\\/toode\\\/expanding-tape-300pa-isepaisuv-tihend\\\/\",\"url\":\"https:\\\/\\\/penosil.com\\\/et\\\/toode\\\/expanding-tape-300pa-isepaisuv-tihend\\\/\",\"name\":\"PENOSIL Expanding Tape 300Pa isepaisuv ja -kleepuv tihend\",\"isPartOf\":{\"@id\":\"https:\\\/\\\/penosil.com\\\/et\\\/#website\"},\"primaryImageOfPage\":{\"@id\":\"https:\\\/\\\/penosil.com\\\/et\\\/toode\\\/expanding-tape-300pa-isepaisuv-tihend\\\/#primaryimage\"},\"image\":{\"@id\":\"https:\\\/\\\/penosil.com\\\/et\\\/toode\\\/expanding-tape-300pa-isepaisuv-tihend\\\/#primaryimage\"},\"thumbnailUrl\":\"https:\\\/\\\/penosil.com\\\/et\\\/wp-content\\\/uploads\\\/sites\\\/32\\\/2025\\\/08\\\/300Pa_Expanding_Tape-EE-FI-LT-LV_1.png\",\"datePublished\":\"2020-05-18T09:03:46+00:00\",\"dateModified\":\"2026-02-09T08:46:42+00:00\",\"description\":\"PENOSIL Expanding Tape 300 isepaisuv tihend fassaadi- ja aknavuukidele, mis sobib tuule, vihma ja tolmu eest kaitsmiseks. Loe rohkem.\",\"breadcrumb\":{\"@id\":\"https:\\\/\\\/penosil.com\\\/et\\\/toode\\\/expanding-tape-300pa-isepaisuv-tihend\\\/#breadcrumb\"},\"inLanguage\":\"et\",\"potentialAction\":[{\"@type\":\"ReadAction\",\"target\":[\"https:\\\/\\\/penosil.com\\\/et\\\/toode\\\/expanding-tape-300pa-isepaisuv-tihend\\\/\"]}]},{\"@type\":\"ImageObject\",\"inLanguage\":\"et\",\"@id\":\"https:\\\/\\\/penosil.com\\\/et\\\/toode\\\/expanding-tape-300pa-isepaisuv-tihend\\\/#primaryimage\",\"url\":\"https:\\\/\\\/penosil.com\\\/et\\\/wp-content\\\/uploads\\\/sites\\\/32\\\/2025\\\/08\\\/300Pa_Expanding_Tape-EE-FI-LT-LV_1.png\",\"contentUrl\":\"https:\\\/\\\/penosil.com\\\/et\\\/wp-content\\\/uploads\\\/sites\\\/32\\\/2025\\\/08\\\/300Pa_Expanding_Tape-EE-FI-LT-LV_1.png\",\"width\":824,\"height\":1080,\"caption\":\"Penosil Expanding_Tape 300Pa isepaisuv tihend\"},{\"@type\":\"BreadcrumbList\",\"@id\":\"https:\\\/\\\/penosil.com\\\/et\\\/toode\\\/expanding-tape-300pa-isepaisuv-tihend\\\/#breadcrumb\",\"itemListElement\":[{\"@type\":\"ListItem\",\"position\":1,\"name\":\"Home\",\"item\":\"https:\\\/\\\/penosil.com\\\/et\\\/\"},{\"@type\":\"ListItem\",\"position\":2,\"name\":\"Tooted\",\"item\":\"https:\\\/\\\/penosil.com\\\/et\\\/tooted\\\/\"},{\"@type\":\"ListItem\",\"position\":3,\"name\":\"Expanding Tape 300Pa\"}]},{\"@type\":\"WebSite\",\"@id\":\"https:\\\/\\\/penosil.com\\\/et\\\/#website\",\"url\":\"https:\\\/\\\/penosil.com\\\/et\\\/\",\"name\":\"Penosil Estonia\",\"description\":\"\",\"potentialAction\":[{\"@type\":\"SearchAction\",\"target\":{\"@type\":\"EntryPoint\",\"urlTemplate\":\"https:\\\/\\\/penosil.com\\\/et\\\/?s={search_term_string}\"},\"query-input\":{\"@type\":\"PropertyValueSpecification\",\"valueRequired\":true,\"valueName\":\"search_term_string\"}}],\"inLanguage\":\"et\"}]}<\/script>\n<!-- \/ Yoast SEO plugin. -->","yoast_head_json":{"title":"PENOSIL Expanding Tape 300Pa isepaisuv ja -kleepuv tihend","description":"PENOSIL Expanding Tape 300 isepaisuv tihend fassaadi- ja aknavuukidele, mis sobib tuule, vihma ja tolmu eest kaitsmiseks. Loe rohkem.","robots":{"index":"index","follow":"follow","max-snippet":"max-snippet:-1","max-image-preview":"max-image-preview:large","max-video-preview":"max-video-preview:-1"},"canonical":"https:\/\/penosil.com\/et\/toode\/expanding-tape-300pa-isepaisuv-tihend\/","og_locale":"et_EE","og_type":"article","og_title":"PENOSIL Expanding Tape 300Pa isepaisuv ja -kleepuv tihend","og_description":"PENOSIL Expanding Tape 300 isepaisuv tihend fassaadi- ja aknavuukidele, mis sobib tuule, vihma ja tolmu eest kaitsmiseks. Loe rohkem.","og_url":"https:\/\/penosil.com\/et\/toode\/expanding-tape-300pa-isepaisuv-tihend\/","og_site_name":"Penosil Estonia","article_modified_time":"2026-02-09T08:46:42+00:00","og_image":[{"width":824,"height":1080,"url":"https:\/\/penosil.com\/et\/wp-content\/uploads\/sites\/32\/2025\/08\/300Pa_Expanding_Tape-EE-FI-LT-LV_1.png","type":"image\/png"}],"twitter_card":"summary_large_image","schema":{"@context":"https:\/\/schema.org","@graph":[{"@type":"WebPage","@id":"https:\/\/penosil.com\/et\/toode\/expanding-tape-300pa-isepaisuv-tihend\/","url":"https:\/\/penosil.com\/et\/toode\/expanding-tape-300pa-isepaisuv-tihend\/","name":"PENOSIL Expanding Tape 300Pa isepaisuv ja -kleepuv tihend","isPartOf":{"@id":"https:\/\/penosil.com\/et\/#website"},"primaryImageOfPage":{"@id":"https:\/\/penosil.com\/et\/toode\/expanding-tape-300pa-isepaisuv-tihend\/#primaryimage"},"image":{"@id":"https:\/\/penosil.com\/et\/toode\/expanding-tape-300pa-isepaisuv-tihend\/#primaryimage"},"thumbnailUrl":"https:\/\/penosil.com\/et\/wp-content\/uploads\/sites\/32\/2025\/08\/300Pa_Expanding_Tape-EE-FI-LT-LV_1.png","datePublished":"2020-05-18T09:03:46+00:00","dateModified":"2026-02-09T08:46:42+00:00","description":"PENOSIL Expanding Tape 300 isepaisuv tihend fassaadi- ja aknavuukidele, mis sobib tuule, vihma ja tolmu eest kaitsmiseks. Loe rohkem.","breadcrumb":{"@id":"https:\/\/penosil.com\/et\/toode\/expanding-tape-300pa-isepaisuv-tihend\/#breadcrumb"},"inLanguage":"et","potentialAction":[{"@type":"ReadAction","target":["https:\/\/penosil.com\/et\/toode\/expanding-tape-300pa-isepaisuv-tihend\/"]}]},{"@type":"ImageObject","inLanguage":"et","@id":"https:\/\/penosil.com\/et\/toode\/expanding-tape-300pa-isepaisuv-tihend\/#primaryimage","url":"https:\/\/penosil.com\/et\/wp-content\/uploads\/sites\/32\/2025\/08\/300Pa_Expanding_Tape-EE-FI-LT-LV_1.png","contentUrl":"https:\/\/penosil.com\/et\/wp-content\/uploads\/sites\/32\/2025\/08\/300Pa_Expanding_Tape-EE-FI-LT-LV_1.png","width":824,"height":1080,"caption":"Penosil Expanding_Tape 300Pa isepaisuv tihend"},{"@type":"BreadcrumbList","@id":"https:\/\/penosil.com\/et\/toode\/expanding-tape-300pa-isepaisuv-tihend\/#breadcrumb","itemListElement":[{"@type":"ListItem","position":1,"name":"Home","item":"https:\/\/penosil.com\/et\/"},{"@type":"ListItem","position":2,"name":"Tooted","item":"https:\/\/penosil.com\/et\/tooted\/"},{"@type":"ListItem","position":3,"name":"Expanding Tape 300Pa"}]},{"@type":"WebSite","@id":"https:\/\/penosil.com\/et\/#website","url":"https:\/\/penosil.com\/et\/","name":"Penosil Estonia","description":"","potentialAction":[{"@type":"SearchAction","target":{"@type":"EntryPoint","urlTemplate":"https:\/\/penosil.com\/et\/?s={search_term_string}"},"query-input":{"@type":"PropertyValueSpecification","valueRequired":true,"valueName":"search_term_string"}}],"inLanguage":"et"}]}},"featured_img":"https:\/\/penosil.com\/et\/wp-content\/uploads\/sites\/32\/2025\/08\/300Pa_Expanding_Tape-EE-FI-LT-LV_1.png","coauthors":[],"author_meta":{"author_link":"https:\/\/penosil.com\/et\/author\/anne\/","display_name":"Anne Lulla"},"relative_dates":{"created":"Posted 6 aastat ago","modified":"Updated 3 kuud ago"},"absolute_dates":{"created":"Posted on 18. mai 2020","modified":"Updated on 9. veebr. 2026"},"absolute_dates_time":{"created":"Posted on 18. mai 2020 11:03","modified":"Updated on 9. veebr. 2026 10:46"},"featured_img_caption":"","tax_additional":{"product_brand":{"linked":[],"unlinked":[],"slug":"product_brand","name":"Br\u00e4ndid"},"product_type":{"linked":["<a href=\"https:\/\/penosil.com\/et\/?taxonomy=product_type&#038;term=variable\" class=\"advgb-post-tax-term\">variable<\/a>"],"unlinked":["<span class=\"advgb-post-tax-term\">variable<\/span>"],"slug":"product_type","name":"Product type"},"product_visibility":{"linked":[],"unlinked":[],"slug":"product_visibility","name":"Product visibility"},"product_cat":{"linked":["<a href=\"https:\/\/penosil.com\/et\/tooted\/kasutusalad\/uldehitus\/\" class=\"advgb-post-tax-term\">\u00dcldehitus<\/a>","<a href=\"https:\/\/penosil.com\/et\/tooted\/tootekategooriad\/\" class=\"advgb-post-tax-term\">Tootekategooriad<\/a>","<a href=\"https:\/\/penosil.com\/et\/tooted\/tootekategooriad\/tihendusmaterjalid\/isepaisuvad-tihendid\/\" class=\"advgb-post-tax-term\">Isepaisuvad tihendid<\/a>","<a href=\"https:\/\/penosil.com\/et\/tooted\/tootekategooriad\/tihendusmaterjalid\/\" class=\"advgb-post-tax-term\">Teibid ja membraanid<\/a>"],"unlinked":["<span class=\"advgb-post-tax-term\">\u00dcldehitus<\/span>","<span class=\"advgb-post-tax-term\">Tootekategooriad<\/span>","<span class=\"advgb-post-tax-term\">Isepaisuvad tihendid<\/span>","<span class=\"advgb-post-tax-term\">Teibid ja membraanid<\/span>"],"slug":"product_cat","name":"Tootekategooriad"},"product_tag":{"linked":[],"unlinked":[],"slug":"product_tag","name":"Tootesildid"},"product_shipping_class":{"linked":[],"unlinked":[],"slug":"product_shipping_class","name":"Toote tarneklassid"},"pos_product_visibility":{"linked":[],"unlinked":[],"slug":"pos_product_visibility","name":"POS Product visibility"},"pa_color":{"linked":["<a href=\"https:\/\/penosil.com\/et\/?taxonomy=pa_color&#038;term=grey-et\" class=\"advgb-post-tax-term\">Hall<\/a>"],"unlinked":["<span class=\"advgb-post-tax-term\">Hall<\/span>"],"slug":"pa_color","name":"Product Colour"},"pa_diameter":{"linked":[],"unlinked":[],"slug":"pa_diameter","name":"Product Diameter"},"pa_package":{"linked":["<a href=\"https:\/\/penosil.com\/et\/?taxonomy=pa_package&#038;term=10-2-4mm-12m-rullis\" class=\"advgb-post-tax-term\">10\/2-4mm, 12m rullis<\/a>","<a href=\"https:\/\/penosil.com\/et\/?taxonomy=pa_package&#038;term=15-5-10mm-5m-rullis\" class=\"advgb-post-tax-term\">15\/5-10mm, 5m rullis<\/a>","<a href=\"https:\/\/penosil.com\/et\/?taxonomy=pa_package&#038;term=15-3-7-6m-rullis\" class=\"advgb-post-tax-term\">15\/3-7, 6m rullis<\/a>","<a href=\"https:\/\/penosil.com\/et\/?taxonomy=pa_package&#038;term=20-8-13mm-43m-rullis\" class=\"advgb-post-tax-term\">20\/8-13mm, 4,3m rullis<\/a>"],"unlinked":["<span class=\"advgb-post-tax-term\">10\/2-4mm, 12m rullis<\/span>","<span class=\"advgb-post-tax-term\">15\/5-10mm, 5m rullis<\/span>","<span class=\"advgb-post-tax-term\">15\/3-7, 6m rullis<\/span>","<span class=\"advgb-post-tax-term\">20\/8-13mm, 4,3m rullis<\/span>"],"slug":"pa_package","name":"Product Package"},"pa_roll":{"linked":[],"unlinked":[],"slug":"pa_roll","name":"Product Roll"},"pa_widths":{"linked":[],"unlinked":[],"slug":"pa_widths","name":"Product Widths"},"translation_priority":{"linked":["<a href=\"https:\/\/penosil.com\/et\/?taxonomy=translation_priority&#038;term=optional-et\" class=\"advgb-post-tax-term\">Optional<\/a>"],"unlinked":["<span class=\"advgb-post-tax-term\">Optional<\/span>"],"slug":"translation_priority","name":"Translation Priorities"}},"series_order":"","_links":{"self":[{"href":"https:\/\/penosil.com\/et\/wp-json\/wp\/v2\/product\/16810","targetHints":{"allow":["GET"]}}],"collection":[{"href":"https:\/\/penosil.com\/et\/wp-json\/wp\/v2\/product"}],"about":[{"href":"https:\/\/penosil.com\/et\/wp-json\/wp\/v2\/types\/product"}],"version-history":[{"count":7,"href":"https:\/\/penosil.com\/et\/wp-json\/wp\/v2\/product\/16810\/revisions"}],"predecessor-version":[{"id":35594,"href":"https:\/\/penosil.com\/et\/wp-json\/wp\/v2\/product\/16810\/revisions\/35594"}],"wp:featuredmedia":[{"embeddable":true,"href":"https:\/\/penosil.com\/et\/wp-json\/wp\/v2\/media\/34614"}],"wp:attachment":[{"href":"https:\/\/penosil.com\/et\/wp-json\/wp\/v2\/media?parent=16810"}],"wp:term":[{"taxonomy":"product_brand","embeddable":true,"href":"https:\/\/penosil.com\/et\/wp-json\/wp\/v2\/product_brand?post=16810"},{"taxonomy":"product_cat","embeddable":true,"href":"https:\/\/penosil.com\/et\/wp-json\/wp\/v2\/product_cat?post=16810"},{"taxonomy":"product_tag","embeddable":true,"href":"https:\/\/penosil.com\/et\/wp-json\/wp\/v2\/product_tag?post=16810"}],"curies":[{"name":"wp","href":"https:\/\/api.w.org\/{rel}","templated":true}]}}