{"id":16898,"date":"2020-05-18T15:19:05","date_gmt":"2020-05-18T13:19:05","guid":{"rendered":"https:\/\/penosil.com\/et\/?post_type=product&#038;p=16898"},"modified":"2026-03-25T11:59:03","modified_gmt":"2026-03-25T09:59:03","slug":"window-tape-external-424-vuugilint","status":"publish","type":"product","link":"https:\/\/penosil.com\/et\/toode\/window-tape-external-424-vuugilint\/","title":{"rendered":"Window Tape External 424"},"content":{"rendered":"<p>PENOSIL Window Tape External 424 on aurul\u00e4bilaskev tuulet\u00f5kketeip akna- ja uksevuukide tihendamiseks v\u00e4ljapoolt ning hoone konstruktsiooni kaitsmiseks niiskuse eest. \u00dcks k\u00fclg on kaetud kahe liimiribaga, teine k\u00fclg aga akr\u00fc\u00fclliimiribaga.<\/p>\n","protected":false},"excerpt":{"rendered":"PENOSIL Window Tape External 424 on aurul\u00e4bilaskev tuulet\u00f5kketeip akna- ja uksevuukide tihendamiseks v\u00e4ljapoolt ning hoone konstruktsiooni kaitsmiseks niiskuse eest. \u00dcks k\u00fclg on kaetud kahe liimiribaga, teine k\u00fclg aga akr\u00fc\u00fclliimiribaga.","protected":false},"author":6,"featured_media":35118,"template":"","meta":{"_acf_changed":false,"advgb_blocks_editor_width":"","advgb_blocks_columns_visual_guide":"","footnotes":""},"product_brand":[],"product_cat":[1358,1283,1682,2626],"product_tag":[],"class_list":{"0":"post-16898","1":"product","2":"type-product","3":"status-publish","4":"has-post-thumbnail","6":"product_cat-tootekategooriad","7":"product_cat-aken-ja-uks","8":"product_cat-tihendusmaterjalid","9":"product_cat-aknalindid-ja-membraanid","11":"first","12":"instock","13":"taxable","14":"shipping-taxable","15":"purchasable","16":"product-type-variable","17":"has-default-attributes"},"acf":[],"yoast_head":"<!-- This site is optimized with the Yoast SEO plugin v27.2 - https:\/\/yoast.com\/product\/yoast-seo-wordpress\/ -->\n<title>PENOSIL Window Tape External 424 vuugilint akna- ja uksevuukidele<\/title>\n<meta name=\"description\" content=\"PENOSIL Window Tape External 424 v\u00e4limine vuugilint akna- ja uksevuukide katmiseks. Kaitseb niiskuse ja tuule eest. Uuri l\u00e4hemalt siit!\" \/>\n<meta name=\"robots\" content=\"index, follow, max-snippet:-1, max-image-preview:large, max-video-preview:-1\" \/>\n<link rel=\"canonical\" href=\"https:\/\/penosil.com\/et\/toode\/window-tape-external-424-vuugilint\/\" \/>\n<meta property=\"og:locale\" content=\"et_EE\" \/>\n<meta property=\"og:type\" content=\"article\" \/>\n<meta property=\"og:title\" content=\"PENOSIL Window Tape External 424 vuugilint akna- ja uksevuukidele\" \/>\n<meta property=\"og:description\" content=\"PENOSIL Window Tape External 424 v\u00e4limine vuugilint akna- ja uksevuukide katmiseks. Kaitseb niiskuse ja tuule eest. Uuri l\u00e4hemalt siit!\" \/>\n<meta property=\"og:url\" content=\"https:\/\/penosil.com\/et\/toode\/window-tape-external-424-vuugilint\/\" \/>\n<meta property=\"og:site_name\" content=\"Penosil Estonia\" \/>\n<meta property=\"article:modified_time\" content=\"2026-03-25T09:59:03+00:00\" \/>\n<meta property=\"og:image\" content=\"https:\/\/penosil.com\/et\/wp-content\/uploads\/sites\/32\/2025\/09\/Window_Tape_424_1.png\" \/>\n\t<meta property=\"og:image:width\" content=\"1080\" \/>\n\t<meta property=\"og:image:height\" content=\"615\" \/>\n\t<meta property=\"og:image:type\" content=\"image\/png\" \/>\n<meta name=\"twitter:card\" content=\"summary_large_image\" \/>\n<script type=\"application\/ld+json\" class=\"yoast-schema-graph\">{\"@context\":\"https:\/\/schema.org\",\"@graph\":[{\"@type\":\"WebPage\",\"@id\":\"https:\/\/penosil.com\/et\/toode\/window-tape-external-424-vuugilint\/\",\"url\":\"https:\/\/penosil.com\/et\/toode\/window-tape-external-424-vuugilint\/\",\"name\":\"PENOSIL Window Tape External 424 vuugilint akna- ja uksevuukidele\",\"isPartOf\":{\"@id\":\"https:\/\/penosil.com\/et\/#website\"},\"primaryImageOfPage\":{\"@id\":\"https:\/\/penosil.com\/et\/toode\/window-tape-external-424-vuugilint\/#primaryimage\"},\"image\":{\"@id\":\"https:\/\/penosil.com\/et\/toode\/window-tape-external-424-vuugilint\/#primaryimage\"},\"thumbnailUrl\":\"https:\/\/penosil.com\/et\/wp-content\/uploads\/sites\/32\/2025\/09\/Window_Tape_424_1.png\",\"datePublished\":\"2020-05-18T13:19:05+00:00\",\"dateModified\":\"2026-03-25T09:59:03+00:00\",\"description\":\"PENOSIL Window Tape External 424 v\u00e4limine vuugilint akna- ja uksevuukide katmiseks. Kaitseb niiskuse ja tuule eest. Uuri l\u00e4hemalt siit!\",\"breadcrumb\":{\"@id\":\"https:\/\/penosil.com\/et\/toode\/window-tape-external-424-vuugilint\/#breadcrumb\"},\"inLanguage\":\"et\",\"potentialAction\":[{\"@type\":\"ReadAction\",\"target\":[\"https:\/\/penosil.com\/et\/toode\/window-tape-external-424-vuugilint\/\"]}]},{\"@type\":\"ImageObject\",\"inLanguage\":\"et\",\"@id\":\"https:\/\/penosil.com\/et\/toode\/window-tape-external-424-vuugilint\/#primaryimage\",\"url\":\"https:\/\/penosil.com\/et\/wp-content\/uploads\/sites\/32\/2025\/09\/Window_Tape_424_1.png\",\"contentUrl\":\"https:\/\/penosil.com\/et\/wp-content\/uploads\/sites\/32\/2025\/09\/Window_Tape_424_1.png\",\"width\":1080,\"height\":615,\"caption\":\"PENOSIL Window Tape External 424 on aurul\u00e4bilaskev tuulet\u00f5kketeip akna- ja uksevuukide tihendamiseks\"},{\"@type\":\"BreadcrumbList\",\"@id\":\"https:\/\/penosil.com\/et\/toode\/window-tape-external-424-vuugilint\/#breadcrumb\",\"itemListElement\":[{\"@type\":\"ListItem\",\"position\":1,\"name\":\"Home\",\"item\":\"https:\/\/penosil.com\/et\/\"},{\"@type\":\"ListItem\",\"position\":2,\"name\":\"Tooted\",\"item\":\"https:\/\/penosil.com\/et\/tooted\/\"},{\"@type\":\"ListItem\",\"position\":3,\"name\":\"Window Tape External 424\"}]},{\"@type\":\"WebSite\",\"@id\":\"https:\/\/penosil.com\/et\/#website\",\"url\":\"https:\/\/penosil.com\/et\/\",\"name\":\"Penosil Estonia\",\"description\":\"\",\"potentialAction\":[{\"@type\":\"SearchAction\",\"target\":{\"@type\":\"EntryPoint\",\"urlTemplate\":\"https:\/\/penosil.com\/et\/?s={search_term_string}\"},\"query-input\":{\"@type\":\"PropertyValueSpecification\",\"valueRequired\":true,\"valueName\":\"search_term_string\"}}],\"inLanguage\":\"et\"}]}<\/script>\n<!-- \/ Yoast SEO plugin. -->","yoast_head_json":{"title":"PENOSIL Window Tape External 424 vuugilint akna- ja uksevuukidele","description":"PENOSIL Window Tape External 424 v\u00e4limine vuugilint akna- ja uksevuukide katmiseks. Kaitseb niiskuse ja tuule eest. Uuri l\u00e4hemalt siit!","robots":{"index":"index","follow":"follow","max-snippet":"max-snippet:-1","max-image-preview":"max-image-preview:large","max-video-preview":"max-video-preview:-1"},"canonical":"https:\/\/penosil.com\/et\/toode\/window-tape-external-424-vuugilint\/","og_locale":"et_EE","og_type":"article","og_title":"PENOSIL Window Tape External 424 vuugilint akna- ja uksevuukidele","og_description":"PENOSIL Window Tape External 424 v\u00e4limine vuugilint akna- ja uksevuukide katmiseks. Kaitseb niiskuse ja tuule eest. Uuri l\u00e4hemalt siit!","og_url":"https:\/\/penosil.com\/et\/toode\/window-tape-external-424-vuugilint\/","og_site_name":"Penosil Estonia","article_modified_time":"2026-03-25T09:59:03+00:00","og_image":[{"width":1080,"height":615,"url":"https:\/\/penosil.com\/et\/wp-content\/uploads\/sites\/32\/2025\/09\/Window_Tape_424_1.png","type":"image\/png"}],"twitter_card":"summary_large_image","schema":{"@context":"https:\/\/schema.org","@graph":[{"@type":"WebPage","@id":"https:\/\/penosil.com\/et\/toode\/window-tape-external-424-vuugilint\/","url":"https:\/\/penosil.com\/et\/toode\/window-tape-external-424-vuugilint\/","name":"PENOSIL Window Tape External 424 vuugilint akna- ja uksevuukidele","isPartOf":{"@id":"https:\/\/penosil.com\/et\/#website"},"primaryImageOfPage":{"@id":"https:\/\/penosil.com\/et\/toode\/window-tape-external-424-vuugilint\/#primaryimage"},"image":{"@id":"https:\/\/penosil.com\/et\/toode\/window-tape-external-424-vuugilint\/#primaryimage"},"thumbnailUrl":"https:\/\/penosil.com\/et\/wp-content\/uploads\/sites\/32\/2025\/09\/Window_Tape_424_1.png","datePublished":"2020-05-18T13:19:05+00:00","dateModified":"2026-03-25T09:59:03+00:00","description":"PENOSIL Window Tape External 424 v\u00e4limine vuugilint akna- ja uksevuukide katmiseks. Kaitseb niiskuse ja tuule eest. Uuri l\u00e4hemalt siit!","breadcrumb":{"@id":"https:\/\/penosil.com\/et\/toode\/window-tape-external-424-vuugilint\/#breadcrumb"},"inLanguage":"et","potentialAction":[{"@type":"ReadAction","target":["https:\/\/penosil.com\/et\/toode\/window-tape-external-424-vuugilint\/"]}]},{"@type":"ImageObject","inLanguage":"et","@id":"https:\/\/penosil.com\/et\/toode\/window-tape-external-424-vuugilint\/#primaryimage","url":"https:\/\/penosil.com\/et\/wp-content\/uploads\/sites\/32\/2025\/09\/Window_Tape_424_1.png","contentUrl":"https:\/\/penosil.com\/et\/wp-content\/uploads\/sites\/32\/2025\/09\/Window_Tape_424_1.png","width":1080,"height":615,"caption":"PENOSIL Window Tape External 424 on aurul\u00e4bilaskev tuulet\u00f5kketeip akna- ja uksevuukide tihendamiseks"},{"@type":"BreadcrumbList","@id":"https:\/\/penosil.com\/et\/toode\/window-tape-external-424-vuugilint\/#breadcrumb","itemListElement":[{"@type":"ListItem","position":1,"name":"Home","item":"https:\/\/penosil.com\/et\/"},{"@type":"ListItem","position":2,"name":"Tooted","item":"https:\/\/penosil.com\/et\/tooted\/"},{"@type":"ListItem","position":3,"name":"Window Tape External 424"}]},{"@type":"WebSite","@id":"https:\/\/penosil.com\/et\/#website","url":"https:\/\/penosil.com\/et\/","name":"Penosil Estonia","description":"","potentialAction":[{"@type":"SearchAction","target":{"@type":"EntryPoint","urlTemplate":"https:\/\/penosil.com\/et\/?s={search_term_string}"},"query-input":{"@type":"PropertyValueSpecification","valueRequired":true,"valueName":"search_term_string"}}],"inLanguage":"et"}]}},"featured_img":"https:\/\/penosil.com\/et\/wp-content\/uploads\/sites\/32\/2025\/09\/Window_Tape_424_1.png","coauthors":[],"author_meta":{"author_link":"https:\/\/penosil.com\/et\/author\/anne\/","display_name":"Anne Lulla"},"relative_dates":{"created":"Posted 6 aastat ago","modified":"Updated 3 n\u00e4dalat ago"},"absolute_dates":{"created":"Posted on 18. mai 2020","modified":"Updated on 25. m\u00e4rts 2026"},"absolute_dates_time":{"created":"Posted on 18. mai 2020 03:19","modified":"Updated on 25. m\u00e4rts 2026 11:59"},"featured_img_caption":"","tax_additional":{"product_brand":{"linked":[],"unlinked":[],"slug":"product_brand","name":"Br\u00e4ndid"},"product_type":{"linked":["<a href=\"https:\/\/penosil.com\/et\/?taxonomy=product_type&#038;term=variable\" class=\"advgb-post-tax-term\">variable<\/a>"],"unlinked":["<span class=\"advgb-post-tax-term\">variable<\/span>"],"slug":"product_type","name":"Product type"},"product_visibility":{"linked":[],"unlinked":[],"slug":"product_visibility","name":"Product visibility"},"product_cat":{"linked":["<a href=\"https:\/\/penosil.com\/et\/tooted\/tootekategooriad\/\" class=\"advgb-post-tax-term\">Tootekategooriad<\/a>","<a href=\"https:\/\/penosil.com\/et\/tooted\/kasutusalad\/aken-ja-uks\/\" class=\"advgb-post-tax-term\">Aken ja uks<\/a>","<a href=\"https:\/\/penosil.com\/et\/tooted\/tootekategooriad\/tihendusmaterjalid\/\" class=\"advgb-post-tax-term\">Teibid ja membraanid<\/a>","<a href=\"https:\/\/penosil.com\/et\/tooted\/tootekategooriad\/tihendusmaterjalid\/aknalindid-ja-membraanid\/\" class=\"advgb-post-tax-term\">Aknalindid ja membraanid<\/a>"],"unlinked":["<span class=\"advgb-post-tax-term\">Tootekategooriad<\/span>","<span class=\"advgb-post-tax-term\">Aken ja uks<\/span>","<span class=\"advgb-post-tax-term\">Teibid ja membraanid<\/span>","<span class=\"advgb-post-tax-term\">Aknalindid ja membraanid<\/span>"],"slug":"product_cat","name":"Tootekategooriad"},"product_tag":{"linked":[],"unlinked":[],"slug":"product_tag","name":"Tootesildid"},"product_shipping_class":{"linked":[],"unlinked":[],"slug":"product_shipping_class","name":"Toote tarneklassid"},"pos_product_visibility":{"linked":[],"unlinked":[],"slug":"pos_product_visibility","name":"POS Product visibility"},"pa_color":{"linked":["<a href=\"https:\/\/penosil.com\/et\/?taxonomy=pa_color&#038;term=black-et-2\" class=\"advgb-post-tax-term\">Black<\/a>"],"unlinked":["<span class=\"advgb-post-tax-term\">Black<\/span>"],"slug":"pa_color","name":"Product Colour"},"pa_diameter":{"linked":[],"unlinked":[],"slug":"pa_diameter","name":"Product Diameter"},"pa_package":{"linked":["<a href=\"https:\/\/penosil.com\/et\/?taxonomy=pa_package&#038;term=70mm\" class=\"advgb-post-tax-term\">70mm<\/a>","<a href=\"https:\/\/penosil.com\/et\/?taxonomy=pa_package&#038;term=100mm\" class=\"advgb-post-tax-term\">100mm<\/a>","<a href=\"https:\/\/penosil.com\/et\/?taxonomy=pa_package&#038;term=150mm\" class=\"advgb-post-tax-term\">150mm<\/a>"],"unlinked":["<span class=\"advgb-post-tax-term\">70mm<\/span>","<span class=\"advgb-post-tax-term\">100mm<\/span>","<span class=\"advgb-post-tax-term\">150mm<\/span>"],"slug":"pa_package","name":"Product Package"},"pa_roll":{"linked":[],"unlinked":[],"slug":"pa_roll","name":"Product Roll"},"pa_widths":{"linked":[],"unlinked":[],"slug":"pa_widths","name":"Product Widths"},"translation_priority":{"linked":["<a href=\"https:\/\/penosil.com\/et\/?taxonomy=translation_priority&#038;term=optional-et\" class=\"advgb-post-tax-term\">Optional<\/a>"],"unlinked":["<span class=\"advgb-post-tax-term\">Optional<\/span>"],"slug":"translation_priority","name":"Translation Priorities"}},"series_order":"","_links":{"self":[{"href":"https:\/\/penosil.com\/et\/wp-json\/wp\/v2\/product\/16898","targetHints":{"allow":["GET"]}}],"collection":[{"href":"https:\/\/penosil.com\/et\/wp-json\/wp\/v2\/product"}],"about":[{"href":"https:\/\/penosil.com\/et\/wp-json\/wp\/v2\/types\/product"}],"version-history":[{"count":8,"href":"https:\/\/penosil.com\/et\/wp-json\/wp\/v2\/product\/16898\/revisions"}],"predecessor-version":[{"id":35768,"href":"https:\/\/penosil.com\/et\/wp-json\/wp\/v2\/product\/16898\/revisions\/35768"}],"wp:featuredmedia":[{"embeddable":true,"href":"https:\/\/penosil.com\/et\/wp-json\/wp\/v2\/media\/35118"}],"wp:attachment":[{"href":"https:\/\/penosil.com\/et\/wp-json\/wp\/v2\/media?parent=16898"}],"wp:term":[{"taxonomy":"product_brand","embeddable":true,"href":"https:\/\/penosil.com\/et\/wp-json\/wp\/v2\/product_brand?post=16898"},{"taxonomy":"product_cat","embeddable":true,"href":"https:\/\/penosil.com\/et\/wp-json\/wp\/v2\/product_cat?post=16898"},{"taxonomy":"product_tag","embeddable":true,"href":"https:\/\/penosil.com\/et\/wp-json\/wp\/v2\/product_tag?post=16898"}],"curies":[{"name":"wp","href":"https:\/\/api.w.org\/{rel}","templated":true}]}}