{"id":16969,"date":"2020-05-19T09:29:19","date_gmt":"2020-05-19T07:29:19","guid":{"rendered":"https:\/\/penosil.com\/et\/?post_type=product&#038;p=16969"},"modified":"2026-02-09T10:46:37","modified_gmt":"2026-02-09T08:46:37","slug":"window-tape-full-glue1-external","status":"publish","type":"product","link":"https:\/\/penosil.com\/et\/toode\/window-tape-full-glue1-external\/","title":{"rendered":"Window Tape Full Glue External 404"},"content":{"rendered":"<p>PENOSIL Window Tape Full Glue &#43;1 External 404 on \u00f5hutihe ja elastne teip v\u00e4litingimustes kasutamiseks. See kaitseb hoone konstruktsioone, akna- ja ukseavasid niiskuse ja tuule sissetungimise eest. Teibi \u00fcks k\u00fclg on t\u00e4ielikult kaetud tugeva liimkihi, teine k\u00fclg aga akr\u00fc\u00fclliimiribaga. Kahepoolne liimikiht garanteerib eriti tugeva nakke enamlevinud ehitusmaterjalidega.<\/p>\n","protected":false},"excerpt":{"rendered":"Lausliimiga v\u00e4limine vuugilint","protected":false},"author":6,"featured_media":35110,"template":"","meta":{"_acf_changed":false,"advgb_blocks_editor_width":"","advgb_blocks_columns_visual_guide":"","footnotes":""},"product_brand":[],"product_cat":[1358,1283,1682,2626],"product_tag":[],"class_list":{"0":"post-16969","1":"product","2":"type-product","3":"status-publish","4":"has-post-thumbnail","6":"product_cat-tootekategooriad","7":"product_cat-aken-ja-uks","8":"product_cat-tihendusmaterjalid","9":"product_cat-aknalindid-ja-membraanid","11":"first","12":"instock","13":"taxable","14":"shipping-taxable","15":"product-type-simple"},"acf":[],"yoast_head":"<!-- This site is optimized with the Yoast SEO plugin v27.2 - https:\/\/yoast.com\/product\/yoast-seo-wordpress\/ -->\n<title>PENOSIL Window Tape Full Glue External 404 v\u00e4limine tihendusteip<\/title>\n<meta name=\"description\" content=\"PENOSIL Window Tape Full Glue External 404 on t\u00e4ielikult liimiga kaetud tihendusteip akna- ja uksevuukide v\u00e4ljastpoolt katmiseks. Vaadake l\u00e4hemalt.\" \/>\n<meta name=\"robots\" content=\"index, follow, max-snippet:-1, max-image-preview:large, max-video-preview:-1\" \/>\n<link rel=\"canonical\" href=\"https:\/\/penosil.com\/et\/toode\/window-tape-full-glue1-external\/\" \/>\n<meta property=\"og:locale\" content=\"et_EE\" \/>\n<meta property=\"og:type\" content=\"article\" \/>\n<meta property=\"og:title\" content=\"PENOSIL Window Tape Full Glue External 404 v\u00e4limine tihendusteip\" \/>\n<meta property=\"og:description\" content=\"PENOSIL Window Tape Full Glue External 404 on t\u00e4ielikult liimiga kaetud tihendusteip akna- ja uksevuukide v\u00e4ljastpoolt katmiseks. Vaadake l\u00e4hemalt.\" \/>\n<meta property=\"og:url\" content=\"https:\/\/penosil.com\/et\/toode\/window-tape-full-glue1-external\/\" \/>\n<meta property=\"og:site_name\" content=\"Penosil Estonia\" \/>\n<meta property=\"article:modified_time\" content=\"2026-02-09T08:46:37+00:00\" \/>\n<meta property=\"og:image\" content=\"https:\/\/penosil.com\/et\/wp-content\/uploads\/sites\/32\/2025\/09\/Window20Tape20Full20Glue-120External20404_1-scaled.jpg\" \/>\n\t<meta property=\"og:image:width\" content=\"2560\" \/>\n\t<meta property=\"og:image:height\" content=\"1920\" \/>\n\t<meta property=\"og:image:type\" content=\"image\/jpeg\" \/>\n<meta name=\"twitter:card\" content=\"summary_large_image\" \/>\n<script type=\"application\/ld+json\" class=\"yoast-schema-graph\">{\"@context\":\"https:\/\/schema.org\",\"@graph\":[{\"@type\":\"WebPage\",\"@id\":\"https:\/\/penosil.com\/et\/toode\/window-tape-full-glue1-external\/\",\"url\":\"https:\/\/penosil.com\/et\/toode\/window-tape-full-glue1-external\/\",\"name\":\"PENOSIL Window Tape Full Glue External 404 v\u00e4limine tihendusteip\",\"isPartOf\":{\"@id\":\"https:\/\/penosil.com\/et\/#website\"},\"primaryImageOfPage\":{\"@id\":\"https:\/\/penosil.com\/et\/toode\/window-tape-full-glue1-external\/#primaryimage\"},\"image\":{\"@id\":\"https:\/\/penosil.com\/et\/toode\/window-tape-full-glue1-external\/#primaryimage\"},\"thumbnailUrl\":\"https:\/\/penosil.com\/et\/wp-content\/uploads\/sites\/32\/2025\/09\/Window20Tape20Full20Glue-120External20404_1-scaled.jpg\",\"datePublished\":\"2020-05-19T07:29:19+00:00\",\"dateModified\":\"2026-02-09T08:46:37+00:00\",\"description\":\"PENOSIL Window Tape Full Glue External 404 on t\u00e4ielikult liimiga kaetud tihendusteip akna- ja uksevuukide v\u00e4ljastpoolt katmiseks. Vaadake l\u00e4hemalt.\",\"breadcrumb\":{\"@id\":\"https:\/\/penosil.com\/et\/toode\/window-tape-full-glue1-external\/#breadcrumb\"},\"inLanguage\":\"et\",\"potentialAction\":[{\"@type\":\"ReadAction\",\"target\":[\"https:\/\/penosil.com\/et\/toode\/window-tape-full-glue1-external\/\"]}]},{\"@type\":\"ImageObject\",\"inLanguage\":\"et\",\"@id\":\"https:\/\/penosil.com\/et\/toode\/window-tape-full-glue1-external\/#primaryimage\",\"url\":\"https:\/\/penosil.com\/et\/wp-content\/uploads\/sites\/32\/2025\/09\/Window20Tape20Full20Glue-120External20404_1-scaled.jpg\",\"contentUrl\":\"https:\/\/penosil.com\/et\/wp-content\/uploads\/sites\/32\/2025\/09\/Window20Tape20Full20Glue-120External20404_1-scaled.jpg\",\"width\":2560,\"height\":1920,\"caption\":\"PENOSIL Window Tape Full Glue +1 External 404 on \u00f5hutihe ja elastne aknateip v\u00e4litingimustes kasutamiseks.\"},{\"@type\":\"BreadcrumbList\",\"@id\":\"https:\/\/penosil.com\/et\/toode\/window-tape-full-glue1-external\/#breadcrumb\",\"itemListElement\":[{\"@type\":\"ListItem\",\"position\":1,\"name\":\"Home\",\"item\":\"https:\/\/penosil.com\/et\/\"},{\"@type\":\"ListItem\",\"position\":2,\"name\":\"Tooted\",\"item\":\"https:\/\/penosil.com\/et\/tooted\/\"},{\"@type\":\"ListItem\",\"position\":3,\"name\":\"Window Tape Full Glue External 404\"}]},{\"@type\":\"WebSite\",\"@id\":\"https:\/\/penosil.com\/et\/#website\",\"url\":\"https:\/\/penosil.com\/et\/\",\"name\":\"Penosil Estonia\",\"description\":\"\",\"potentialAction\":[{\"@type\":\"SearchAction\",\"target\":{\"@type\":\"EntryPoint\",\"urlTemplate\":\"https:\/\/penosil.com\/et\/?s={search_term_string}\"},\"query-input\":{\"@type\":\"PropertyValueSpecification\",\"valueRequired\":true,\"valueName\":\"search_term_string\"}}],\"inLanguage\":\"et\"}]}<\/script>\n<!-- \/ Yoast SEO plugin. -->","yoast_head_json":{"title":"PENOSIL Window Tape Full Glue External 404 v\u00e4limine tihendusteip","description":"PENOSIL Window Tape Full Glue External 404 on t\u00e4ielikult liimiga kaetud tihendusteip akna- ja uksevuukide v\u00e4ljastpoolt katmiseks. Vaadake l\u00e4hemalt.","robots":{"index":"index","follow":"follow","max-snippet":"max-snippet:-1","max-image-preview":"max-image-preview:large","max-video-preview":"max-video-preview:-1"},"canonical":"https:\/\/penosil.com\/et\/toode\/window-tape-full-glue1-external\/","og_locale":"et_EE","og_type":"article","og_title":"PENOSIL Window Tape Full Glue External 404 v\u00e4limine tihendusteip","og_description":"PENOSIL Window Tape Full Glue External 404 on t\u00e4ielikult liimiga kaetud tihendusteip akna- ja uksevuukide v\u00e4ljastpoolt katmiseks. Vaadake l\u00e4hemalt.","og_url":"https:\/\/penosil.com\/et\/toode\/window-tape-full-glue1-external\/","og_site_name":"Penosil Estonia","article_modified_time":"2026-02-09T08:46:37+00:00","og_image":[{"width":2560,"height":1920,"url":"https:\/\/penosil.com\/et\/wp-content\/uploads\/sites\/32\/2025\/09\/Window20Tape20Full20Glue-120External20404_1-scaled.jpg","type":"image\/jpeg"}],"twitter_card":"summary_large_image","schema":{"@context":"https:\/\/schema.org","@graph":[{"@type":"WebPage","@id":"https:\/\/penosil.com\/et\/toode\/window-tape-full-glue1-external\/","url":"https:\/\/penosil.com\/et\/toode\/window-tape-full-glue1-external\/","name":"PENOSIL Window Tape Full Glue External 404 v\u00e4limine tihendusteip","isPartOf":{"@id":"https:\/\/penosil.com\/et\/#website"},"primaryImageOfPage":{"@id":"https:\/\/penosil.com\/et\/toode\/window-tape-full-glue1-external\/#primaryimage"},"image":{"@id":"https:\/\/penosil.com\/et\/toode\/window-tape-full-glue1-external\/#primaryimage"},"thumbnailUrl":"https:\/\/penosil.com\/et\/wp-content\/uploads\/sites\/32\/2025\/09\/Window20Tape20Full20Glue-120External20404_1-scaled.jpg","datePublished":"2020-05-19T07:29:19+00:00","dateModified":"2026-02-09T08:46:37+00:00","description":"PENOSIL Window Tape Full Glue External 404 on t\u00e4ielikult liimiga kaetud tihendusteip akna- ja uksevuukide v\u00e4ljastpoolt katmiseks. Vaadake l\u00e4hemalt.","breadcrumb":{"@id":"https:\/\/penosil.com\/et\/toode\/window-tape-full-glue1-external\/#breadcrumb"},"inLanguage":"et","potentialAction":[{"@type":"ReadAction","target":["https:\/\/penosil.com\/et\/toode\/window-tape-full-glue1-external\/"]}]},{"@type":"ImageObject","inLanguage":"et","@id":"https:\/\/penosil.com\/et\/toode\/window-tape-full-glue1-external\/#primaryimage","url":"https:\/\/penosil.com\/et\/wp-content\/uploads\/sites\/32\/2025\/09\/Window20Tape20Full20Glue-120External20404_1-scaled.jpg","contentUrl":"https:\/\/penosil.com\/et\/wp-content\/uploads\/sites\/32\/2025\/09\/Window20Tape20Full20Glue-120External20404_1-scaled.jpg","width":2560,"height":1920,"caption":"PENOSIL Window Tape Full Glue +1 External 404 on \u00f5hutihe ja elastne aknateip v\u00e4litingimustes kasutamiseks."},{"@type":"BreadcrumbList","@id":"https:\/\/penosil.com\/et\/toode\/window-tape-full-glue1-external\/#breadcrumb","itemListElement":[{"@type":"ListItem","position":1,"name":"Home","item":"https:\/\/penosil.com\/et\/"},{"@type":"ListItem","position":2,"name":"Tooted","item":"https:\/\/penosil.com\/et\/tooted\/"},{"@type":"ListItem","position":3,"name":"Window Tape Full Glue External 404"}]},{"@type":"WebSite","@id":"https:\/\/penosil.com\/et\/#website","url":"https:\/\/penosil.com\/et\/","name":"Penosil Estonia","description":"","potentialAction":[{"@type":"SearchAction","target":{"@type":"EntryPoint","urlTemplate":"https:\/\/penosil.com\/et\/?s={search_term_string}"},"query-input":{"@type":"PropertyValueSpecification","valueRequired":true,"valueName":"search_term_string"}}],"inLanguage":"et"}]}},"featured_img":"https:\/\/penosil.com\/et\/wp-content\/uploads\/sites\/32\/2025\/09\/Window20Tape20Full20Glue-120External20404_1-scaled.jpg","coauthors":[],"author_meta":{"author_link":"https:\/\/penosil.com\/et\/author\/anne\/","display_name":"Anne Lulla"},"relative_dates":{"created":"Posted 6 aastat ago","modified":"Updated 2 kuud ago"},"absolute_dates":{"created":"Posted on 19. mai 2020","modified":"Updated on 9. veebr. 2026"},"absolute_dates_time":{"created":"Posted on 19. mai 2020 09:29","modified":"Updated on 9. veebr. 2026 10:46"},"featured_img_caption":"","tax_additional":{"product_brand":{"linked":[],"unlinked":[],"slug":"product_brand","name":"Br\u00e4ndid"},"product_type":{"linked":["<a href=\"https:\/\/penosil.com\/et\/?taxonomy=product_type&#038;term=simple\" class=\"advgb-post-tax-term\">simple<\/a>"],"unlinked":["<span class=\"advgb-post-tax-term\">simple<\/span>"],"slug":"product_type","name":"Product type"},"product_visibility":{"linked":[],"unlinked":[],"slug":"product_visibility","name":"Product visibility"},"product_cat":{"linked":["<a href=\"https:\/\/penosil.com\/et\/tooted\/tootekategooriad\/\" class=\"advgb-post-tax-term\">Tootekategooriad<\/a>","<a href=\"https:\/\/penosil.com\/et\/tooted\/kasutusalad\/aken-ja-uks\/\" class=\"advgb-post-tax-term\">Aken ja uks<\/a>","<a href=\"https:\/\/penosil.com\/et\/tooted\/tootekategooriad\/tihendusmaterjalid\/\" class=\"advgb-post-tax-term\">Teibid ja membraanid<\/a>","<a href=\"https:\/\/penosil.com\/et\/tooted\/tootekategooriad\/tihendusmaterjalid\/aknalindid-ja-membraanid\/\" class=\"advgb-post-tax-term\">Aknalindid ja membraanid<\/a>"],"unlinked":["<span class=\"advgb-post-tax-term\">Tootekategooriad<\/span>","<span class=\"advgb-post-tax-term\">Aken ja uks<\/span>","<span class=\"advgb-post-tax-term\">Teibid ja membraanid<\/span>","<span class=\"advgb-post-tax-term\">Aknalindid ja membraanid<\/span>"],"slug":"product_cat","name":"Tootekategooriad"},"product_tag":{"linked":[],"unlinked":[],"slug":"product_tag","name":"Tootesildid"},"product_shipping_class":{"linked":[],"unlinked":[],"slug":"product_shipping_class","name":"Toote tarneklassid"},"pos_product_visibility":{"linked":[],"unlinked":[],"slug":"pos_product_visibility","name":"POS Product visibility"},"pa_color":{"linked":["<a href=\"https:\/\/penosil.com\/et\/?taxonomy=pa_color&#038;term=white-et-2\" class=\"advgb-post-tax-term\">Valge<\/a>"],"unlinked":["<span class=\"advgb-post-tax-term\">Valge<\/span>"],"slug":"pa_color","name":"Product Colour"},"pa_diameter":{"linked":[],"unlinked":[],"slug":"pa_diameter","name":"Product Diameter"},"pa_package":{"linked":["<a href=\"https:\/\/penosil.com\/et\/?taxonomy=pa_package&#038;term=100mm\" class=\"advgb-post-tax-term\">100mm<\/a>"],"unlinked":["<span class=\"advgb-post-tax-term\">100mm<\/span>"],"slug":"pa_package","name":"Product Package"},"pa_roll":{"linked":[],"unlinked":[],"slug":"pa_roll","name":"Product Roll"},"pa_widths":{"linked":[],"unlinked":[],"slug":"pa_widths","name":"Product Widths"},"translation_priority":{"linked":["<a href=\"https:\/\/penosil.com\/et\/?taxonomy=translation_priority&#038;term=optional-et\" class=\"advgb-post-tax-term\">Optional<\/a>"],"unlinked":["<span class=\"advgb-post-tax-term\">Optional<\/span>"],"slug":"translation_priority","name":"Translation Priorities"}},"series_order":"","_links":{"self":[{"href":"https:\/\/penosil.com\/et\/wp-json\/wp\/v2\/product\/16969","targetHints":{"allow":["GET"]}}],"collection":[{"href":"https:\/\/penosil.com\/et\/wp-json\/wp\/v2\/product"}],"about":[{"href":"https:\/\/penosil.com\/et\/wp-json\/wp\/v2\/types\/product"}],"version-history":[{"count":11,"href":"https:\/\/penosil.com\/et\/wp-json\/wp\/v2\/product\/16969\/revisions"}],"predecessor-version":[{"id":35780,"href":"https:\/\/penosil.com\/et\/wp-json\/wp\/v2\/product\/16969\/revisions\/35780"}],"wp:featuredmedia":[{"embeddable":true,"href":"https:\/\/penosil.com\/et\/wp-json\/wp\/v2\/media\/35110"}],"wp:attachment":[{"href":"https:\/\/penosil.com\/et\/wp-json\/wp\/v2\/media?parent=16969"}],"wp:term":[{"taxonomy":"product_brand","embeddable":true,"href":"https:\/\/penosil.com\/et\/wp-json\/wp\/v2\/product_brand?post=16969"},{"taxonomy":"product_cat","embeddable":true,"href":"https:\/\/penosil.com\/et\/wp-json\/wp\/v2\/product_cat?post=16969"},{"taxonomy":"product_tag","embeddable":true,"href":"https:\/\/penosil.com\/et\/wp-json\/wp\/v2\/product_tag?post=16969"}],"curies":[{"name":"wp","href":"https:\/\/api.w.org\/{rel}","templated":true}]}}