{"id":18802,"date":"2020-05-29T10:10:20","date_gmt":"2020-05-29T10:10:20","guid":{"rendered":"https:\/\/penosil.com\/et\/?post_type=product&#038;p=18802"},"modified":"2026-02-09T10:46:38","modified_gmt":"2026-02-09T08:46:38","slug":"foil-pack-gun","status":"publish","type":"product","link":"https:\/\/penosil.com\/et\/toode\/foil-pack-gun\/","title":{"rendered":"Foil Pack Gun MH6"},"content":{"rendered":"<p>PENOSIL Foil Pack Gun MH6 professionaalne k\u00e4sip\u00fcstol kuni 600 ml pehmetes pakendites hermeetiku v\u00f5i liimi pinnalekandmiseks.<\/p>\n","protected":false},"excerpt":{"rendered":"PENOSIL Foil Pack Gun MH6 professionaalne k\u00e4sip\u00fcstol kuni 600 ml pehmetes pakendites hermeetiku v\u00f5i liimi pinnalekandmiseks.","protected":false},"author":6,"featured_media":18804,"template":"","meta":{"_acf_changed":false,"advgb_blocks_editor_width":"","advgb_blocks_columns_visual_guide":"","footnotes":""},"product_brand":[],"product_cat":[208,829,1358,2635,1809,2621],"product_tag":[],"class_list":{"0":"post-18802","1":"product","2":"type-product","3":"status-publish","4":"has-post-thumbnail","6":"product_cat-kasutusalad","7":"product_cat-uldehitus","8":"product_cat-tootekategooriad","9":"product_cat-silikoonipustolid","10":"product_cat-tooriistad-puhastajad","11":"product_cat-hermeetikupustolid-ja-puhastajad","13":"first","14":"instock","15":"taxable","16":"shipping-taxable","17":"purchasable","18":"product-type-simple"},"acf":[],"yoast_head":"<!-- This site is optimized with the Yoast SEO plugin v27.2 - https:\/\/yoast.com\/product\/yoast-seo-wordpress\/ -->\n<title>PENOSIL Foil Pack Gun professionaalne k\u00e4sip\u00fcstol 600 ml pakendile<\/title>\n<meta name=\"description\" content=\"PENOSIL Foil Pack Gun on professionaalne k\u00e4sip\u00fcstol kuni 600 ml pehmetes pakkides hermeetiku v\u00f5i liimi pinnalekandmiseks. Lugege l\u00e4hemalt.\" \/>\n<meta name=\"robots\" content=\"index, follow, max-snippet:-1, max-image-preview:large, max-video-preview:-1\" \/>\n<link rel=\"canonical\" href=\"https:\/\/penosil.com\/et\/toode\/foil-pack-gun\/\" \/>\n<meta property=\"og:locale\" content=\"et_EE\" \/>\n<meta property=\"og:type\" content=\"article\" \/>\n<meta property=\"og:title\" content=\"PENOSIL Foil Pack Gun professionaalne k\u00e4sip\u00fcstol 600 ml pakendile\" \/>\n<meta property=\"og:description\" content=\"PENOSIL Foil Pack Gun on professionaalne k\u00e4sip\u00fcstol kuni 600 ml pehmetes pakkides hermeetiku v\u00f5i liimi pinnalekandmiseks. Lugege l\u00e4hemalt.\" \/>\n<meta property=\"og:url\" content=\"https:\/\/penosil.com\/et\/toode\/foil-pack-gun\/\" \/>\n<meta property=\"og:site_name\" content=\"Penosil Estonia\" \/>\n<meta property=\"article:modified_time\" content=\"2026-02-09T08:46:38+00:00\" \/>\n<meta property=\"og:image\" content=\"https:\/\/penosil.com\/et\/wp-content\/uploads\/sites\/32\/2020\/05\/PENOSIL_Sealant_Foil_Pack_Gun_cmyk.png\" \/>\n\t<meta property=\"og:image:width\" content=\"2848\" \/>\n\t<meta property=\"og:image:height\" content=\"1080\" \/>\n\t<meta property=\"og:image:type\" content=\"image\/png\" \/>\n<meta name=\"twitter:card\" content=\"summary_large_image\" \/>\n<script type=\"application\/ld+json\" class=\"yoast-schema-graph\">{\"@context\":\"https:\/\/schema.org\",\"@graph\":[{\"@type\":\"WebPage\",\"@id\":\"https:\/\/penosil.com\/et\/toode\/foil-pack-gun\/\",\"url\":\"https:\/\/penosil.com\/et\/toode\/foil-pack-gun\/\",\"name\":\"PENOSIL Foil Pack Gun professionaalne k\u00e4sip\u00fcstol 600 ml pakendile\",\"isPartOf\":{\"@id\":\"https:\/\/penosil.com\/et\/#website\"},\"primaryImageOfPage\":{\"@id\":\"https:\/\/penosil.com\/et\/toode\/foil-pack-gun\/#primaryimage\"},\"image\":{\"@id\":\"https:\/\/penosil.com\/et\/toode\/foil-pack-gun\/#primaryimage\"},\"thumbnailUrl\":\"https:\/\/penosil.com\/et\/wp-content\/uploads\/sites\/32\/2020\/05\/PENOSIL_Sealant_Foil_Pack_Gun_cmyk.png\",\"datePublished\":\"2020-05-29T10:10:20+00:00\",\"dateModified\":\"2026-02-09T08:46:38+00:00\",\"description\":\"PENOSIL Foil Pack Gun on professionaalne k\u00e4sip\u00fcstol kuni 600 ml pehmetes pakkides hermeetiku v\u00f5i liimi pinnalekandmiseks. Lugege l\u00e4hemalt.\",\"breadcrumb\":{\"@id\":\"https:\/\/penosil.com\/et\/toode\/foil-pack-gun\/#breadcrumb\"},\"inLanguage\":\"et\",\"potentialAction\":[{\"@type\":\"ReadAction\",\"target\":[\"https:\/\/penosil.com\/et\/toode\/foil-pack-gun\/\"]}]},{\"@type\":\"ImageObject\",\"inLanguage\":\"et\",\"@id\":\"https:\/\/penosil.com\/et\/toode\/foil-pack-gun\/#primaryimage\",\"url\":\"https:\/\/penosil.com\/et\/wp-content\/uploads\/sites\/32\/2020\/05\/PENOSIL_Sealant_Foil_Pack_Gun_cmyk.png\",\"contentUrl\":\"https:\/\/penosil.com\/et\/wp-content\/uploads\/sites\/32\/2020\/05\/PENOSIL_Sealant_Foil_Pack_Gun_cmyk.png\",\"width\":2848,\"height\":1080},{\"@type\":\"BreadcrumbList\",\"@id\":\"https:\/\/penosil.com\/et\/toode\/foil-pack-gun\/#breadcrumb\",\"itemListElement\":[{\"@type\":\"ListItem\",\"position\":1,\"name\":\"Home\",\"item\":\"https:\/\/penosil.com\/et\/\"},{\"@type\":\"ListItem\",\"position\":2,\"name\":\"Tooted\",\"item\":\"https:\/\/penosil.com\/et\/tooted\/\"},{\"@type\":\"ListItem\",\"position\":3,\"name\":\"Foil Pack Gun MH6\"}]},{\"@type\":\"WebSite\",\"@id\":\"https:\/\/penosil.com\/et\/#website\",\"url\":\"https:\/\/penosil.com\/et\/\",\"name\":\"Penosil Estonia\",\"description\":\"\",\"potentialAction\":[{\"@type\":\"SearchAction\",\"target\":{\"@type\":\"EntryPoint\",\"urlTemplate\":\"https:\/\/penosil.com\/et\/?s={search_term_string}\"},\"query-input\":{\"@type\":\"PropertyValueSpecification\",\"valueRequired\":true,\"valueName\":\"search_term_string\"}}],\"inLanguage\":\"et\"}]}<\/script>\n<!-- \/ Yoast SEO plugin. -->","yoast_head_json":{"title":"PENOSIL Foil Pack Gun professionaalne k\u00e4sip\u00fcstol 600 ml pakendile","description":"PENOSIL Foil Pack Gun on professionaalne k\u00e4sip\u00fcstol kuni 600 ml pehmetes pakkides hermeetiku v\u00f5i liimi pinnalekandmiseks. Lugege l\u00e4hemalt.","robots":{"index":"index","follow":"follow","max-snippet":"max-snippet:-1","max-image-preview":"max-image-preview:large","max-video-preview":"max-video-preview:-1"},"canonical":"https:\/\/penosil.com\/et\/toode\/foil-pack-gun\/","og_locale":"et_EE","og_type":"article","og_title":"PENOSIL Foil Pack Gun professionaalne k\u00e4sip\u00fcstol 600 ml pakendile","og_description":"PENOSIL Foil Pack Gun on professionaalne k\u00e4sip\u00fcstol kuni 600 ml pehmetes pakkides hermeetiku v\u00f5i liimi pinnalekandmiseks. Lugege l\u00e4hemalt.","og_url":"https:\/\/penosil.com\/et\/toode\/foil-pack-gun\/","og_site_name":"Penosil Estonia","article_modified_time":"2026-02-09T08:46:38+00:00","og_image":[{"width":2848,"height":1080,"url":"https:\/\/penosil.com\/et\/wp-content\/uploads\/sites\/32\/2020\/05\/PENOSIL_Sealant_Foil_Pack_Gun_cmyk.png","type":"image\/png"}],"twitter_card":"summary_large_image","schema":{"@context":"https:\/\/schema.org","@graph":[{"@type":"WebPage","@id":"https:\/\/penosil.com\/et\/toode\/foil-pack-gun\/","url":"https:\/\/penosil.com\/et\/toode\/foil-pack-gun\/","name":"PENOSIL Foil Pack Gun professionaalne k\u00e4sip\u00fcstol 600 ml pakendile","isPartOf":{"@id":"https:\/\/penosil.com\/et\/#website"},"primaryImageOfPage":{"@id":"https:\/\/penosil.com\/et\/toode\/foil-pack-gun\/#primaryimage"},"image":{"@id":"https:\/\/penosil.com\/et\/toode\/foil-pack-gun\/#primaryimage"},"thumbnailUrl":"https:\/\/penosil.com\/et\/wp-content\/uploads\/sites\/32\/2020\/05\/PENOSIL_Sealant_Foil_Pack_Gun_cmyk.png","datePublished":"2020-05-29T10:10:20+00:00","dateModified":"2026-02-09T08:46:38+00:00","description":"PENOSIL Foil Pack Gun on professionaalne k\u00e4sip\u00fcstol kuni 600 ml pehmetes pakkides hermeetiku v\u00f5i liimi pinnalekandmiseks. Lugege l\u00e4hemalt.","breadcrumb":{"@id":"https:\/\/penosil.com\/et\/toode\/foil-pack-gun\/#breadcrumb"},"inLanguage":"et","potentialAction":[{"@type":"ReadAction","target":["https:\/\/penosil.com\/et\/toode\/foil-pack-gun\/"]}]},{"@type":"ImageObject","inLanguage":"et","@id":"https:\/\/penosil.com\/et\/toode\/foil-pack-gun\/#primaryimage","url":"https:\/\/penosil.com\/et\/wp-content\/uploads\/sites\/32\/2020\/05\/PENOSIL_Sealant_Foil_Pack_Gun_cmyk.png","contentUrl":"https:\/\/penosil.com\/et\/wp-content\/uploads\/sites\/32\/2020\/05\/PENOSIL_Sealant_Foil_Pack_Gun_cmyk.png","width":2848,"height":1080},{"@type":"BreadcrumbList","@id":"https:\/\/penosil.com\/et\/toode\/foil-pack-gun\/#breadcrumb","itemListElement":[{"@type":"ListItem","position":1,"name":"Home","item":"https:\/\/penosil.com\/et\/"},{"@type":"ListItem","position":2,"name":"Tooted","item":"https:\/\/penosil.com\/et\/tooted\/"},{"@type":"ListItem","position":3,"name":"Foil Pack Gun MH6"}]},{"@type":"WebSite","@id":"https:\/\/penosil.com\/et\/#website","url":"https:\/\/penosil.com\/et\/","name":"Penosil Estonia","description":"","potentialAction":[{"@type":"SearchAction","target":{"@type":"EntryPoint","urlTemplate":"https:\/\/penosil.com\/et\/?s={search_term_string}"},"query-input":{"@type":"PropertyValueSpecification","valueRequired":true,"valueName":"search_term_string"}}],"inLanguage":"et"}]}},"featured_img":"https:\/\/penosil.com\/et\/wp-content\/uploads\/sites\/32\/2020\/05\/PENOSIL_Sealant_Foil_Pack_Gun_cmyk.png","coauthors":[],"author_meta":{"author_link":"https:\/\/penosil.com\/et\/author\/anne\/","display_name":"Anne Lulla"},"relative_dates":{"created":"Posted 6 aastat ago","modified":"Updated 2 kuud ago"},"absolute_dates":{"created":"Posted on 29. mai 2020","modified":"Updated on 9. veebr. 2026"},"absolute_dates_time":{"created":"Posted on 29. mai 2020 10:10","modified":"Updated on 9. veebr. 2026 10:46"},"featured_img_caption":"","tax_additional":{"product_brand":{"linked":[],"unlinked":[],"slug":"product_brand","name":"Br\u00e4ndid"},"product_type":{"linked":["<a href=\"https:\/\/penosil.com\/et\/?taxonomy=product_type&#038;term=simple\" class=\"advgb-post-tax-term\">simple<\/a>"],"unlinked":["<span class=\"advgb-post-tax-term\">simple<\/span>"],"slug":"product_type","name":"Product type"},"product_visibility":{"linked":[],"unlinked":[],"slug":"product_visibility","name":"Product visibility"},"product_cat":{"linked":["<a href=\"https:\/\/penosil.com\/et\/tooted\/kasutusalad\/\" class=\"advgb-post-tax-term\">Kasutusalad<\/a>","<a href=\"https:\/\/penosil.com\/et\/tooted\/kasutusalad\/uldehitus\/\" class=\"advgb-post-tax-term\">\u00dcldehitus<\/a>","<a href=\"https:\/\/penosil.com\/et\/tooted\/tootekategooriad\/\" class=\"advgb-post-tax-term\">Tootekategooriad<\/a>","<a href=\"https:\/\/penosil.com\/et\/tooted\/tootekategooriad\/tooriistad-puhastajad\/silikoonipustolid\/\" class=\"advgb-post-tax-term\">Hermeetikup\u00fcstolid<\/a>","<a href=\"https:\/\/penosil.com\/et\/tooted\/tootekategooriad\/tooriistad-puhastajad\/\" class=\"advgb-post-tax-term\">T\u00f6\u00f6riistad ja puhastajad<\/a>","<a href=\"https:\/\/penosil.com\/et\/tooted\/tootekategooriad\/hermeetikud\/hermeetikupustolid-ja-puhastajad\/\" class=\"advgb-post-tax-term\">Hermeetikup\u00fcstolid ja puhastajad<\/a>"],"unlinked":["<span class=\"advgb-post-tax-term\">Kasutusalad<\/span>","<span class=\"advgb-post-tax-term\">\u00dcldehitus<\/span>","<span class=\"advgb-post-tax-term\">Tootekategooriad<\/span>","<span class=\"advgb-post-tax-term\">Hermeetikup\u00fcstolid<\/span>","<span class=\"advgb-post-tax-term\">T\u00f6\u00f6riistad ja puhastajad<\/span>","<span class=\"advgb-post-tax-term\">Hermeetikup\u00fcstolid ja puhastajad<\/span>"],"slug":"product_cat","name":"Tootekategooriad"},"product_tag":{"linked":[],"unlinked":[],"slug":"product_tag","name":"Tootesildid"},"product_shipping_class":{"linked":[],"unlinked":[],"slug":"product_shipping_class","name":"Toote tarneklassid"},"pos_product_visibility":{"linked":[],"unlinked":[],"slug":"pos_product_visibility","name":"POS Product visibility"},"pa_color":{"linked":[],"unlinked":[],"slug":"pa_color","name":"Product Colour"},"pa_diameter":{"linked":[],"unlinked":[],"slug":"pa_diameter","name":"Product Diameter"},"pa_package":{"linked":[],"unlinked":[],"slug":"pa_package","name":"Product Package"},"pa_roll":{"linked":[],"unlinked":[],"slug":"pa_roll","name":"Product Roll"},"pa_widths":{"linked":[],"unlinked":[],"slug":"pa_widths","name":"Product Widths"},"translation_priority":{"linked":["<a href=\"https:\/\/penosil.com\/et\/?taxonomy=translation_priority&#038;term=optional-et\" class=\"advgb-post-tax-term\">Optional<\/a>"],"unlinked":["<span class=\"advgb-post-tax-term\">Optional<\/span>"],"slug":"translation_priority","name":"Translation Priorities"}},"series_order":"","_links":{"self":[{"href":"https:\/\/penosil.com\/et\/wp-json\/wp\/v2\/product\/18802","targetHints":{"allow":["GET"]}}],"collection":[{"href":"https:\/\/penosil.com\/et\/wp-json\/wp\/v2\/product"}],"about":[{"href":"https:\/\/penosil.com\/et\/wp-json\/wp\/v2\/types\/product"}],"version-history":[{"count":4,"href":"https:\/\/penosil.com\/et\/wp-json\/wp\/v2\/product\/18802\/revisions"}],"predecessor-version":[{"id":35818,"href":"https:\/\/penosil.com\/et\/wp-json\/wp\/v2\/product\/18802\/revisions\/35818"}],"wp:featuredmedia":[{"embeddable":true,"href":"https:\/\/penosil.com\/et\/wp-json\/wp\/v2\/media\/18804"}],"wp:attachment":[{"href":"https:\/\/penosil.com\/et\/wp-json\/wp\/v2\/media?parent=18802"}],"wp:term":[{"taxonomy":"product_brand","embeddable":true,"href":"https:\/\/penosil.com\/et\/wp-json\/wp\/v2\/product_brand?post=18802"},{"taxonomy":"product_cat","embeddable":true,"href":"https:\/\/penosil.com\/et\/wp-json\/wp\/v2\/product_cat?post=18802"},{"taxonomy":"product_tag","embeddable":true,"href":"https:\/\/penosil.com\/et\/wp-json\/wp\/v2\/product_tag?post=18802"}],"curies":[{"name":"wp","href":"https:\/\/api.w.org\/{rel}","templated":true}]}}