{"id":21551,"date":"2020-06-16T15:08:17","date_gmt":"2020-06-16T13:08:17","guid":{"rendered":"https:\/\/penosil.com\/et\/?post_type=product&#038;p=21551"},"modified":"2026-03-11T03:02:43","modified_gmt":"2026-03-11T01:02:43","slug":"hydrostop-644-niiskustoke-niisketesse-ruumidesse","status":"publish","type":"product","link":"https:\/\/penosil.com\/et\/toode\/hydrostop-644-niiskustoke-niisketesse-ruumidesse\/","title":{"rendered":"HydroStop 644"},"content":{"rendered":"<p>PENOSIL HydroStop 644 on veekindel kattevahend niisketele ja m\u00e4rgadele pindadele. Takistab niiskuse ja auru tungimist ehitise konstruktsiooni. Sobib kasutamiseks sisetingimustes.<\/p>\n<p>\u00a0<\/p>\n","protected":false},"excerpt":{"rendered":"Niiskust\u00f5ke niisketesse ruumidesse","protected":false},"author":6,"featured_media":34949,"template":"","meta":{"_acf_changed":false,"advgb_blocks_editor_width":"","advgb_blocks_columns_visual_guide":"","footnotes":""},"product_brand":[],"product_cat":[1358,2633,1142,1704],"product_tag":[],"class_list":{"0":"post-21551","1":"product","2":"type-product","3":"status-publish","4":"has-post-thumbnail","6":"product_cat-tootekategooriad","7":"product_cat-pinnakatted-ja-membraanid","8":"product_cat-niisked-ruumid","9":"product_cat-pinnatootlus-vahend","11":"first","12":"instock","13":"taxable","14":"shipping-taxable","15":"purchasable","16":"product-type-variable","17":"has-default-attributes"},"acf":[],"yoast_head":"<!-- This site is optimized with the Yoast SEO plugin v27.2 - https:\/\/yoast.com\/product\/yoast-seo-wordpress\/ -->\n<title>Niiskust\u00f5ke PENOSIL HydroStop 644 niisketesse ruumidesse<\/title>\n<meta name=\"description\" content=\"PENOSIL HydroStop 644 on niiskust\u00f5ke niiskete ruumide seintele ja lagedele. Kaitseb enne paigaldamist niiskuse eest. Loe l\u00e4hemalt!\" \/>\n<meta name=\"robots\" content=\"index, follow, max-snippet:-1, max-image-preview:large, max-video-preview:-1\" \/>\n<link rel=\"canonical\" href=\"https:\/\/penosil.com\/et\/toode\/hydrostop-644-niiskustoke-niisketesse-ruumidesse\/\" \/>\n<meta property=\"og:locale\" content=\"et_EE\" \/>\n<meta property=\"og:type\" content=\"article\" \/>\n<meta property=\"og:title\" content=\"Niiskust\u00f5ke PENOSIL HydroStop 644 niisketesse ruumidesse\" \/>\n<meta property=\"og:description\" content=\"PENOSIL HydroStop 644 on niiskust\u00f5ke niiskete ruumide seintele ja lagedele. Kaitseb enne paigaldamist niiskuse eest. Loe l\u00e4hemalt!\" \/>\n<meta property=\"og:url\" content=\"https:\/\/penosil.com\/et\/toode\/hydrostop-644-niiskustoke-niisketesse-ruumidesse\/\" \/>\n<meta property=\"og:site_name\" content=\"Penosil Estonia\" \/>\n<meta property=\"article:modified_time\" content=\"2026-03-11T01:02:43+00:00\" \/>\n<meta property=\"og:image\" content=\"https:\/\/penosil.com\/et\/wp-content\/uploads\/sites\/32\/2025\/09\/644_Hydrostop_644_EE_FI_1L_1.png\" \/>\n\t<meta property=\"og:image:width\" content=\"523\" \/>\n\t<meta property=\"og:image:height\" content=\"1080\" \/>\n\t<meta property=\"og:image:type\" content=\"image\/png\" \/>\n<meta name=\"twitter:card\" content=\"summary_large_image\" \/>\n<script type=\"application\/ld+json\" class=\"yoast-schema-graph\">{\"@context\":\"https:\/\/schema.org\",\"@graph\":[{\"@type\":\"WebPage\",\"@id\":\"https:\/\/penosil.com\/et\/toode\/hydrostop-644-niiskustoke-niisketesse-ruumidesse\/\",\"url\":\"https:\/\/penosil.com\/et\/toode\/hydrostop-644-niiskustoke-niisketesse-ruumidesse\/\",\"name\":\"Niiskust\u00f5ke PENOSIL HydroStop 644 niisketesse ruumidesse\",\"isPartOf\":{\"@id\":\"https:\/\/penosil.com\/et\/#website\"},\"primaryImageOfPage\":{\"@id\":\"https:\/\/penosil.com\/et\/toode\/hydrostop-644-niiskustoke-niisketesse-ruumidesse\/#primaryimage\"},\"image\":{\"@id\":\"https:\/\/penosil.com\/et\/toode\/hydrostop-644-niiskustoke-niisketesse-ruumidesse\/#primaryimage\"},\"thumbnailUrl\":\"https:\/\/penosil.com\/et\/wp-content\/uploads\/sites\/32\/2025\/09\/644_Hydrostop_644_EE_FI_1L_1.png\",\"datePublished\":\"2020-06-16T13:08:17+00:00\",\"dateModified\":\"2026-03-11T01:02:43+00:00\",\"description\":\"PENOSIL HydroStop 644 on niiskust\u00f5ke niiskete ruumide seintele ja lagedele. Kaitseb enne paigaldamist niiskuse eest. Loe l\u00e4hemalt!\",\"breadcrumb\":{\"@id\":\"https:\/\/penosil.com\/et\/toode\/hydrostop-644-niiskustoke-niisketesse-ruumidesse\/#breadcrumb\"},\"inLanguage\":\"et\",\"potentialAction\":[{\"@type\":\"ReadAction\",\"target\":[\"https:\/\/penosil.com\/et\/toode\/hydrostop-644-niiskustoke-niisketesse-ruumidesse\/\"]}]},{\"@type\":\"ImageObject\",\"inLanguage\":\"et\",\"@id\":\"https:\/\/penosil.com\/et\/toode\/hydrostop-644-niiskustoke-niisketesse-ruumidesse\/#primaryimage\",\"url\":\"https:\/\/penosil.com\/et\/wp-content\/uploads\/sites\/32\/2025\/09\/644_Hydrostop_644_EE_FI_1L_1.png\",\"contentUrl\":\"https:\/\/penosil.com\/et\/wp-content\/uploads\/sites\/32\/2025\/09\/644_Hydrostop_644_EE_FI_1L_1.png\",\"width\":523,\"height\":1080,\"caption\":\"PENOSIL HydroStop 644 niiskust\u00f5ke niisketesse ruumidesse\"},{\"@type\":\"BreadcrumbList\",\"@id\":\"https:\/\/penosil.com\/et\/toode\/hydrostop-644-niiskustoke-niisketesse-ruumidesse\/#breadcrumb\",\"itemListElement\":[{\"@type\":\"ListItem\",\"position\":1,\"name\":\"Home\",\"item\":\"https:\/\/penosil.com\/et\/\"},{\"@type\":\"ListItem\",\"position\":2,\"name\":\"Tooted\",\"item\":\"https:\/\/penosil.com\/et\/tooted\/\"},{\"@type\":\"ListItem\",\"position\":3,\"name\":\"HydroStop 644\"}]},{\"@type\":\"WebSite\",\"@id\":\"https:\/\/penosil.com\/et\/#website\",\"url\":\"https:\/\/penosil.com\/et\/\",\"name\":\"Penosil Estonia\",\"description\":\"\",\"potentialAction\":[{\"@type\":\"SearchAction\",\"target\":{\"@type\":\"EntryPoint\",\"urlTemplate\":\"https:\/\/penosil.com\/et\/?s={search_term_string}\"},\"query-input\":{\"@type\":\"PropertyValueSpecification\",\"valueRequired\":true,\"valueName\":\"search_term_string\"}}],\"inLanguage\":\"et\"}]}<\/script>\n<!-- \/ Yoast SEO plugin. -->","yoast_head_json":{"title":"Niiskust\u00f5ke PENOSIL HydroStop 644 niisketesse ruumidesse","description":"PENOSIL HydroStop 644 on niiskust\u00f5ke niiskete ruumide seintele ja lagedele. Kaitseb enne paigaldamist niiskuse eest. Loe l\u00e4hemalt!","robots":{"index":"index","follow":"follow","max-snippet":"max-snippet:-1","max-image-preview":"max-image-preview:large","max-video-preview":"max-video-preview:-1"},"canonical":"https:\/\/penosil.com\/et\/toode\/hydrostop-644-niiskustoke-niisketesse-ruumidesse\/","og_locale":"et_EE","og_type":"article","og_title":"Niiskust\u00f5ke PENOSIL HydroStop 644 niisketesse ruumidesse","og_description":"PENOSIL HydroStop 644 on niiskust\u00f5ke niiskete ruumide seintele ja lagedele. Kaitseb enne paigaldamist niiskuse eest. Loe l\u00e4hemalt!","og_url":"https:\/\/penosil.com\/et\/toode\/hydrostop-644-niiskustoke-niisketesse-ruumidesse\/","og_site_name":"Penosil Estonia","article_modified_time":"2026-03-11T01:02:43+00:00","og_image":[{"width":523,"height":1080,"url":"https:\/\/penosil.com\/et\/wp-content\/uploads\/sites\/32\/2025\/09\/644_Hydrostop_644_EE_FI_1L_1.png","type":"image\/png"}],"twitter_card":"summary_large_image","schema":{"@context":"https:\/\/schema.org","@graph":[{"@type":"WebPage","@id":"https:\/\/penosil.com\/et\/toode\/hydrostop-644-niiskustoke-niisketesse-ruumidesse\/","url":"https:\/\/penosil.com\/et\/toode\/hydrostop-644-niiskustoke-niisketesse-ruumidesse\/","name":"Niiskust\u00f5ke PENOSIL HydroStop 644 niisketesse ruumidesse","isPartOf":{"@id":"https:\/\/penosil.com\/et\/#website"},"primaryImageOfPage":{"@id":"https:\/\/penosil.com\/et\/toode\/hydrostop-644-niiskustoke-niisketesse-ruumidesse\/#primaryimage"},"image":{"@id":"https:\/\/penosil.com\/et\/toode\/hydrostop-644-niiskustoke-niisketesse-ruumidesse\/#primaryimage"},"thumbnailUrl":"https:\/\/penosil.com\/et\/wp-content\/uploads\/sites\/32\/2025\/09\/644_Hydrostop_644_EE_FI_1L_1.png","datePublished":"2020-06-16T13:08:17+00:00","dateModified":"2026-03-11T01:02:43+00:00","description":"PENOSIL HydroStop 644 on niiskust\u00f5ke niiskete ruumide seintele ja lagedele. Kaitseb enne paigaldamist niiskuse eest. Loe l\u00e4hemalt!","breadcrumb":{"@id":"https:\/\/penosil.com\/et\/toode\/hydrostop-644-niiskustoke-niisketesse-ruumidesse\/#breadcrumb"},"inLanguage":"et","potentialAction":[{"@type":"ReadAction","target":["https:\/\/penosil.com\/et\/toode\/hydrostop-644-niiskustoke-niisketesse-ruumidesse\/"]}]},{"@type":"ImageObject","inLanguage":"et","@id":"https:\/\/penosil.com\/et\/toode\/hydrostop-644-niiskustoke-niisketesse-ruumidesse\/#primaryimage","url":"https:\/\/penosil.com\/et\/wp-content\/uploads\/sites\/32\/2025\/09\/644_Hydrostop_644_EE_FI_1L_1.png","contentUrl":"https:\/\/penosil.com\/et\/wp-content\/uploads\/sites\/32\/2025\/09\/644_Hydrostop_644_EE_FI_1L_1.png","width":523,"height":1080,"caption":"PENOSIL HydroStop 644 niiskust\u00f5ke niisketesse ruumidesse"},{"@type":"BreadcrumbList","@id":"https:\/\/penosil.com\/et\/toode\/hydrostop-644-niiskustoke-niisketesse-ruumidesse\/#breadcrumb","itemListElement":[{"@type":"ListItem","position":1,"name":"Home","item":"https:\/\/penosil.com\/et\/"},{"@type":"ListItem","position":2,"name":"Tooted","item":"https:\/\/penosil.com\/et\/tooted\/"},{"@type":"ListItem","position":3,"name":"HydroStop 644"}]},{"@type":"WebSite","@id":"https:\/\/penosil.com\/et\/#website","url":"https:\/\/penosil.com\/et\/","name":"Penosil Estonia","description":"","potentialAction":[{"@type":"SearchAction","target":{"@type":"EntryPoint","urlTemplate":"https:\/\/penosil.com\/et\/?s={search_term_string}"},"query-input":{"@type":"PropertyValueSpecification","valueRequired":true,"valueName":"search_term_string"}}],"inLanguage":"et"}]}},"featured_img":"https:\/\/penosil.com\/et\/wp-content\/uploads\/sites\/32\/2025\/09\/644_Hydrostop_644_EE_FI_1L_1.png","coauthors":[],"author_meta":{"author_link":"https:\/\/penosil.com\/et\/author\/anne\/","display_name":"Anne Lulla"},"relative_dates":{"created":"Posted 6 aastat ago","modified":"Updated 1 kuu ago"},"absolute_dates":{"created":"Posted on 16. juuni 2020","modified":"Updated on 11. m\u00e4rts 2026"},"absolute_dates_time":{"created":"Posted on 16. juuni 2020 03:08","modified":"Updated on 11. m\u00e4rts 2026 03:02"},"featured_img_caption":"","tax_additional":{"product_brand":{"linked":[],"unlinked":[],"slug":"product_brand","name":"Br\u00e4ndid"},"product_type":{"linked":["<a href=\"https:\/\/penosil.com\/et\/?taxonomy=product_type&#038;term=variable\" class=\"advgb-post-tax-term\">variable<\/a>"],"unlinked":["<span class=\"advgb-post-tax-term\">variable<\/span>"],"slug":"product_type","name":"Product type"},"product_visibility":{"linked":[],"unlinked":[],"slug":"product_visibility","name":"Product visibility"},"product_cat":{"linked":["<a href=\"https:\/\/penosil.com\/et\/tooted\/tootekategooriad\/\" class=\"advgb-post-tax-term\">Tootekategooriad<\/a>","<a href=\"https:\/\/penosil.com\/et\/tooted\/tootekategooriad\/pinnatootlus-vahend\/pinnakatted-ja-membraanid\/\" class=\"advgb-post-tax-term\">Pinnakatted ja membraanid<\/a>","<a href=\"https:\/\/penosil.com\/et\/tooted\/kasutusalad\/niisked-ruumid\/\" class=\"advgb-post-tax-term\">Niisked ruumid<\/a>","<a href=\"https:\/\/penosil.com\/et\/tooted\/tootekategooriad\/pinnatootlus-vahend\/\" class=\"advgb-post-tax-term\">Pinnat\u00f6\u00f6tlusvahendid<\/a>"],"unlinked":["<span class=\"advgb-post-tax-term\">Tootekategooriad<\/span>","<span class=\"advgb-post-tax-term\">Pinnakatted ja membraanid<\/span>","<span class=\"advgb-post-tax-term\">Niisked ruumid<\/span>","<span class=\"advgb-post-tax-term\">Pinnat\u00f6\u00f6tlusvahendid<\/span>"],"slug":"product_cat","name":"Tootekategooriad"},"product_tag":{"linked":[],"unlinked":[],"slug":"product_tag","name":"Tootesildid"},"product_shipping_class":{"linked":[],"unlinked":[],"slug":"product_shipping_class","name":"Toote tarneklassid"},"pos_product_visibility":{"linked":[],"unlinked":[],"slug":"pos_product_visibility","name":"POS Product visibility"},"pa_color":{"linked":["<a href=\"https:\/\/penosil.com\/et\/?taxonomy=pa_color&#038;term=pink-et\" class=\"advgb-post-tax-term\">Roosa<\/a>"],"unlinked":["<span class=\"advgb-post-tax-term\">Roosa<\/span>"],"slug":"pa_color","name":"Product Colour"},"pa_diameter":{"linked":[],"unlinked":[],"slug":"pa_diameter","name":"Product Diameter"},"pa_package":{"linked":["<a href=\"https:\/\/penosil.com\/et\/?taxonomy=pa_package&#038;term=1000-ml-et-2\" class=\"advgb-post-tax-term\">1 L<\/a>","<a href=\"https:\/\/penosil.com\/et\/?taxonomy=pa_package&#038;term=10-l-et\" class=\"advgb-post-tax-term\">10 L<\/a>","<a href=\"https:\/\/penosil.com\/et\/?taxonomy=pa_package&#038;term=3-l\" class=\"advgb-post-tax-term\">3 L<\/a>"],"unlinked":["<span class=\"advgb-post-tax-term\">1 L<\/span>","<span class=\"advgb-post-tax-term\">10 L<\/span>","<span class=\"advgb-post-tax-term\">3 L<\/span>"],"slug":"pa_package","name":"Product Package"},"pa_roll":{"linked":[],"unlinked":[],"slug":"pa_roll","name":"Product Roll"},"pa_widths":{"linked":[],"unlinked":[],"slug":"pa_widths","name":"Product Widths"},"translation_priority":{"linked":["<a href=\"https:\/\/penosil.com\/et\/?taxonomy=translation_priority&#038;term=optional-et\" class=\"advgb-post-tax-term\">Optional<\/a>"],"unlinked":["<span class=\"advgb-post-tax-term\">Optional<\/span>"],"slug":"translation_priority","name":"Translation Priorities"}},"series_order":"","_links":{"self":[{"href":"https:\/\/penosil.com\/et\/wp-json\/wp\/v2\/product\/21551","targetHints":{"allow":["GET"]}}],"collection":[{"href":"https:\/\/penosil.com\/et\/wp-json\/wp\/v2\/product"}],"about":[{"href":"https:\/\/penosil.com\/et\/wp-json\/wp\/v2\/types\/product"}],"version-history":[{"count":6,"href":"https:\/\/penosil.com\/et\/wp-json\/wp\/v2\/product\/21551\/revisions"}],"predecessor-version":[{"id":35957,"href":"https:\/\/penosil.com\/et\/wp-json\/wp\/v2\/product\/21551\/revisions\/35957"}],"wp:featuredmedia":[{"embeddable":true,"href":"https:\/\/penosil.com\/et\/wp-json\/wp\/v2\/media\/34949"}],"wp:attachment":[{"href":"https:\/\/penosil.com\/et\/wp-json\/wp\/v2\/media?parent=21551"}],"wp:term":[{"taxonomy":"product_brand","embeddable":true,"href":"https:\/\/penosil.com\/et\/wp-json\/wp\/v2\/product_brand?post=21551"},{"taxonomy":"product_cat","embeddable":true,"href":"https:\/\/penosil.com\/et\/wp-json\/wp\/v2\/product_cat?post=21551"},{"taxonomy":"product_tag","embeddable":true,"href":"https:\/\/penosil.com\/et\/wp-json\/wp\/v2\/product_tag?post=21551"}],"curies":[{"name":"wp","href":"https:\/\/api.w.org\/{rel}","templated":true}]}}