{"id":21585,"date":"2020-06-17T14:17:28","date_gmt":"2020-06-17T12:17:28","guid":{"rendered":"https:\/\/penosil.com\/et\/?post_type=product&#038;p=21585"},"modified":"2026-02-19T15:48:28","modified_gmt":"2026-02-19T13:48:28","slug":"betprimer-603-nakkedispersioon-betoonpindade-kruntimiseks","status":"publish","type":"product","link":"https:\/\/penosil.com\/et\/toode\/betprimer-603-nakkedispersioon-betoonpindade-kruntimiseks\/","title":{"rendered":"BetPrimer 603"},"content":{"rendered":"<p>PENOSIL BetPrimer 603 on veep\u00f5hine krunt poorsetele pindadele. Tugevdab ja parandab poorsete sise- ja v\u00e4lispindade kulumiskindlust ja nakkuvust enne viimistlust\u00f6id.<\/p>\n","protected":false},"excerpt":{"rendered":"Nakkedispersioon betoonpindade kruntimiseks","protected":false},"author":6,"featured_media":34815,"template":"","meta":{"_acf_changed":false,"advgb_blocks_editor_width":"","advgb_blocks_columns_visual_guide":"","footnotes":""},"product_brand":[],"product_cat":[829,1358,1771,1704],"product_tag":[],"class_list":{"0":"post-21585","1":"product","2":"type-product","3":"status-publish","4":"has-post-thumbnail","6":"product_cat-uldehitus","7":"product_cat-tootekategooriad","8":"product_cat-krundid","9":"product_cat-pinnatootlus-vahend","11":"first","12":"instock","13":"taxable","14":"shipping-taxable","15":"purchasable","16":"product-type-variable","17":"has-default-attributes"},"acf":[],"yoast_head":"<!-- This site is optimized with the Yoast SEO plugin v27.2 - https:\/\/yoast.com\/product\/yoast-seo-wordpress\/ -->\n<title>PENOSIL BetPrimer 603 betoonpindade kruntimiseks<\/title>\n<meta name=\"description\" content=\"PENOSIL BetPrimer 603 on nakkedispersioon betoonpindade kruntimiseks enne tasandamist betooni v\u00f5i muu p\u00f5randatasandusseguga v\u00f5i katmist.\" \/>\n<meta name=\"robots\" content=\"index, follow, max-snippet:-1, max-image-preview:large, max-video-preview:-1\" \/>\n<link rel=\"canonical\" href=\"https:\/\/penosil.com\/et\/toode\/betprimer-603-nakkedispersioon-betoonpindade-kruntimiseks\/\" \/>\n<meta property=\"og:locale\" content=\"et_EE\" \/>\n<meta property=\"og:type\" content=\"article\" \/>\n<meta property=\"og:title\" content=\"PENOSIL BetPrimer 603 betoonpindade kruntimiseks\" \/>\n<meta property=\"og:description\" content=\"PENOSIL BetPrimer 603 on nakkedispersioon betoonpindade kruntimiseks enne tasandamist betooni v\u00f5i muu p\u00f5randatasandusseguga v\u00f5i katmist.\" \/>\n<meta property=\"og:url\" content=\"https:\/\/penosil.com\/et\/toode\/betprimer-603-nakkedispersioon-betoonpindade-kruntimiseks\/\" \/>\n<meta property=\"og:site_name\" content=\"Penosil Estonia\" \/>\n<meta property=\"article:modified_time\" content=\"2026-02-19T13:48:28+00:00\" \/>\n<meta property=\"og:image\" content=\"https:\/\/penosil.com\/et\/wp-content\/uploads\/sites\/32\/2025\/09\/603_BetPrimer_603_EE_FI_1L_1.png\" \/>\n\t<meta property=\"og:image:width\" content=\"523\" \/>\n\t<meta property=\"og:image:height\" content=\"1080\" \/>\n\t<meta property=\"og:image:type\" content=\"image\/png\" \/>\n<meta name=\"twitter:card\" content=\"summary_large_image\" \/>\n<script type=\"application\/ld+json\" class=\"yoast-schema-graph\">{\"@context\":\"https:\/\/schema.org\",\"@graph\":[{\"@type\":\"WebPage\",\"@id\":\"https:\/\/penosil.com\/et\/toode\/betprimer-603-nakkedispersioon-betoonpindade-kruntimiseks\/\",\"url\":\"https:\/\/penosil.com\/et\/toode\/betprimer-603-nakkedispersioon-betoonpindade-kruntimiseks\/\",\"name\":\"PENOSIL BetPrimer 603 betoonpindade kruntimiseks\",\"isPartOf\":{\"@id\":\"https:\/\/penosil.com\/et\/#website\"},\"primaryImageOfPage\":{\"@id\":\"https:\/\/penosil.com\/et\/toode\/betprimer-603-nakkedispersioon-betoonpindade-kruntimiseks\/#primaryimage\"},\"image\":{\"@id\":\"https:\/\/penosil.com\/et\/toode\/betprimer-603-nakkedispersioon-betoonpindade-kruntimiseks\/#primaryimage\"},\"thumbnailUrl\":\"https:\/\/penosil.com\/et\/wp-content\/uploads\/sites\/32\/2025\/09\/603_BetPrimer_603_EE_FI_1L_1.png\",\"datePublished\":\"2020-06-17T12:17:28+00:00\",\"dateModified\":\"2026-02-19T13:48:28+00:00\",\"description\":\"PENOSIL BetPrimer 603 on nakkedispersioon betoonpindade kruntimiseks enne tasandamist betooni v\u00f5i muu p\u00f5randatasandusseguga v\u00f5i katmist.\",\"breadcrumb\":{\"@id\":\"https:\/\/penosil.com\/et\/toode\/betprimer-603-nakkedispersioon-betoonpindade-kruntimiseks\/#breadcrumb\"},\"inLanguage\":\"et\",\"potentialAction\":[{\"@type\":\"ReadAction\",\"target\":[\"https:\/\/penosil.com\/et\/toode\/betprimer-603-nakkedispersioon-betoonpindade-kruntimiseks\/\"]}]},{\"@type\":\"ImageObject\",\"inLanguage\":\"et\",\"@id\":\"https:\/\/penosil.com\/et\/toode\/betprimer-603-nakkedispersioon-betoonpindade-kruntimiseks\/#primaryimage\",\"url\":\"https:\/\/penosil.com\/et\/wp-content\/uploads\/sites\/32\/2025\/09\/603_BetPrimer_603_EE_FI_1L_1.png\",\"contentUrl\":\"https:\/\/penosil.com\/et\/wp-content\/uploads\/sites\/32\/2025\/09\/603_BetPrimer_603_EE_FI_1L_1.png\",\"width\":523,\"height\":1080,\"caption\":\"PENOSIL BetPrimer 603 nakkedispersioon betoonpindade kruntimiseks\"},{\"@type\":\"BreadcrumbList\",\"@id\":\"https:\/\/penosil.com\/et\/toode\/betprimer-603-nakkedispersioon-betoonpindade-kruntimiseks\/#breadcrumb\",\"itemListElement\":[{\"@type\":\"ListItem\",\"position\":1,\"name\":\"Home\",\"item\":\"https:\/\/penosil.com\/et\/\"},{\"@type\":\"ListItem\",\"position\":2,\"name\":\"Tooted\",\"item\":\"https:\/\/penosil.com\/et\/tooted\/\"},{\"@type\":\"ListItem\",\"position\":3,\"name\":\"BetPrimer 603\"}]},{\"@type\":\"WebSite\",\"@id\":\"https:\/\/penosil.com\/et\/#website\",\"url\":\"https:\/\/penosil.com\/et\/\",\"name\":\"Penosil Estonia\",\"description\":\"\",\"potentialAction\":[{\"@type\":\"SearchAction\",\"target\":{\"@type\":\"EntryPoint\",\"urlTemplate\":\"https:\/\/penosil.com\/et\/?s={search_term_string}\"},\"query-input\":{\"@type\":\"PropertyValueSpecification\",\"valueRequired\":true,\"valueName\":\"search_term_string\"}}],\"inLanguage\":\"et\"}]}<\/script>\n<!-- \/ Yoast SEO plugin. -->","yoast_head_json":{"title":"PENOSIL BetPrimer 603 betoonpindade kruntimiseks","description":"PENOSIL BetPrimer 603 on nakkedispersioon betoonpindade kruntimiseks enne tasandamist betooni v\u00f5i muu p\u00f5randatasandusseguga v\u00f5i katmist.","robots":{"index":"index","follow":"follow","max-snippet":"max-snippet:-1","max-image-preview":"max-image-preview:large","max-video-preview":"max-video-preview:-1"},"canonical":"https:\/\/penosil.com\/et\/toode\/betprimer-603-nakkedispersioon-betoonpindade-kruntimiseks\/","og_locale":"et_EE","og_type":"article","og_title":"PENOSIL BetPrimer 603 betoonpindade kruntimiseks","og_description":"PENOSIL BetPrimer 603 on nakkedispersioon betoonpindade kruntimiseks enne tasandamist betooni v\u00f5i muu p\u00f5randatasandusseguga v\u00f5i katmist.","og_url":"https:\/\/penosil.com\/et\/toode\/betprimer-603-nakkedispersioon-betoonpindade-kruntimiseks\/","og_site_name":"Penosil Estonia","article_modified_time":"2026-02-19T13:48:28+00:00","og_image":[{"width":523,"height":1080,"url":"https:\/\/penosil.com\/et\/wp-content\/uploads\/sites\/32\/2025\/09\/603_BetPrimer_603_EE_FI_1L_1.png","type":"image\/png"}],"twitter_card":"summary_large_image","schema":{"@context":"https:\/\/schema.org","@graph":[{"@type":"WebPage","@id":"https:\/\/penosil.com\/et\/toode\/betprimer-603-nakkedispersioon-betoonpindade-kruntimiseks\/","url":"https:\/\/penosil.com\/et\/toode\/betprimer-603-nakkedispersioon-betoonpindade-kruntimiseks\/","name":"PENOSIL BetPrimer 603 betoonpindade kruntimiseks","isPartOf":{"@id":"https:\/\/penosil.com\/et\/#website"},"primaryImageOfPage":{"@id":"https:\/\/penosil.com\/et\/toode\/betprimer-603-nakkedispersioon-betoonpindade-kruntimiseks\/#primaryimage"},"image":{"@id":"https:\/\/penosil.com\/et\/toode\/betprimer-603-nakkedispersioon-betoonpindade-kruntimiseks\/#primaryimage"},"thumbnailUrl":"https:\/\/penosil.com\/et\/wp-content\/uploads\/sites\/32\/2025\/09\/603_BetPrimer_603_EE_FI_1L_1.png","datePublished":"2020-06-17T12:17:28+00:00","dateModified":"2026-02-19T13:48:28+00:00","description":"PENOSIL BetPrimer 603 on nakkedispersioon betoonpindade kruntimiseks enne tasandamist betooni v\u00f5i muu p\u00f5randatasandusseguga v\u00f5i katmist.","breadcrumb":{"@id":"https:\/\/penosil.com\/et\/toode\/betprimer-603-nakkedispersioon-betoonpindade-kruntimiseks\/#breadcrumb"},"inLanguage":"et","potentialAction":[{"@type":"ReadAction","target":["https:\/\/penosil.com\/et\/toode\/betprimer-603-nakkedispersioon-betoonpindade-kruntimiseks\/"]}]},{"@type":"ImageObject","inLanguage":"et","@id":"https:\/\/penosil.com\/et\/toode\/betprimer-603-nakkedispersioon-betoonpindade-kruntimiseks\/#primaryimage","url":"https:\/\/penosil.com\/et\/wp-content\/uploads\/sites\/32\/2025\/09\/603_BetPrimer_603_EE_FI_1L_1.png","contentUrl":"https:\/\/penosil.com\/et\/wp-content\/uploads\/sites\/32\/2025\/09\/603_BetPrimer_603_EE_FI_1L_1.png","width":523,"height":1080,"caption":"PENOSIL BetPrimer 603 nakkedispersioon betoonpindade kruntimiseks"},{"@type":"BreadcrumbList","@id":"https:\/\/penosil.com\/et\/toode\/betprimer-603-nakkedispersioon-betoonpindade-kruntimiseks\/#breadcrumb","itemListElement":[{"@type":"ListItem","position":1,"name":"Home","item":"https:\/\/penosil.com\/et\/"},{"@type":"ListItem","position":2,"name":"Tooted","item":"https:\/\/penosil.com\/et\/tooted\/"},{"@type":"ListItem","position":3,"name":"BetPrimer 603"}]},{"@type":"WebSite","@id":"https:\/\/penosil.com\/et\/#website","url":"https:\/\/penosil.com\/et\/","name":"Penosil Estonia","description":"","potentialAction":[{"@type":"SearchAction","target":{"@type":"EntryPoint","urlTemplate":"https:\/\/penosil.com\/et\/?s={search_term_string}"},"query-input":{"@type":"PropertyValueSpecification","valueRequired":true,"valueName":"search_term_string"}}],"inLanguage":"et"}]}},"featured_img":"https:\/\/penosil.com\/et\/wp-content\/uploads\/sites\/32\/2025\/09\/603_BetPrimer_603_EE_FI_1L_1.png","coauthors":[],"author_meta":{"author_link":"https:\/\/penosil.com\/et\/author\/anne\/","display_name":"Anne Lulla"},"relative_dates":{"created":"Posted 6 aastat ago","modified":"Updated 2 kuud ago"},"absolute_dates":{"created":"Posted on 17. juuni 2020","modified":"Updated on 19. veebr. 2026"},"absolute_dates_time":{"created":"Posted on 17. juuni 2020 02:17","modified":"Updated on 19. veebr. 2026 03:48"},"featured_img_caption":"","tax_additional":{"product_brand":{"linked":[],"unlinked":[],"slug":"product_brand","name":"Br\u00e4ndid"},"product_type":{"linked":["<a href=\"https:\/\/penosil.com\/et\/?taxonomy=product_type&#038;term=variable\" class=\"advgb-post-tax-term\">variable<\/a>"],"unlinked":["<span class=\"advgb-post-tax-term\">variable<\/span>"],"slug":"product_type","name":"Product type"},"product_visibility":{"linked":[],"unlinked":[],"slug":"product_visibility","name":"Product visibility"},"product_cat":{"linked":["<a href=\"https:\/\/penosil.com\/et\/tooted\/kasutusalad\/uldehitus\/\" class=\"advgb-post-tax-term\">\u00dcldehitus<\/a>","<a href=\"https:\/\/penosil.com\/et\/tooted\/tootekategooriad\/\" class=\"advgb-post-tax-term\">Tootekategooriad<\/a>","<a href=\"https:\/\/penosil.com\/et\/tooted\/tootekategooriad\/pinnatootlus-vahend\/krundid\/\" class=\"advgb-post-tax-term\">Krundid<\/a>","<a href=\"https:\/\/penosil.com\/et\/tooted\/tootekategooriad\/pinnatootlus-vahend\/\" class=\"advgb-post-tax-term\">Pinnat\u00f6\u00f6tlusvahendid<\/a>"],"unlinked":["<span class=\"advgb-post-tax-term\">\u00dcldehitus<\/span>","<span class=\"advgb-post-tax-term\">Tootekategooriad<\/span>","<span class=\"advgb-post-tax-term\">Krundid<\/span>","<span class=\"advgb-post-tax-term\">Pinnat\u00f6\u00f6tlusvahendid<\/span>"],"slug":"product_cat","name":"Tootekategooriad"},"product_tag":{"linked":[],"unlinked":[],"slug":"product_tag","name":"Tootesildid"},"product_shipping_class":{"linked":[],"unlinked":[],"slug":"product_shipping_class","name":"Toote tarneklassid"},"pos_product_visibility":{"linked":[],"unlinked":[],"slug":"pos_product_visibility","name":"POS Product visibility"},"pa_color":{"linked":["<a href=\"https:\/\/penosil.com\/et\/?taxonomy=pa_color&#038;term=piimjas-et\" class=\"advgb-post-tax-term\">Piimjas<\/a>"],"unlinked":["<span class=\"advgb-post-tax-term\">Piimjas<\/span>"],"slug":"pa_color","name":"Product Colour"},"pa_diameter":{"linked":[],"unlinked":[],"slug":"pa_diameter","name":"Product Diameter"},"pa_package":{"linked":["<a href=\"https:\/\/penosil.com\/et\/?taxonomy=pa_package&#038;term=10-l-et\" class=\"advgb-post-tax-term\">10 L<\/a>","<a href=\"https:\/\/penosil.com\/et\/?taxonomy=pa_package&#038;term=3-l\" class=\"advgb-post-tax-term\">3 L<\/a>","<a href=\"https:\/\/penosil.com\/et\/?taxonomy=pa_package&#038;term=25-l\" class=\"advgb-post-tax-term\">25 L<\/a>","<a href=\"https:\/\/penosil.com\/et\/?taxonomy=pa_package&#038;term=1000-ml-et-2\" class=\"advgb-post-tax-term\">1 L<\/a>"],"unlinked":["<span class=\"advgb-post-tax-term\">10 L<\/span>","<span class=\"advgb-post-tax-term\">3 L<\/span>","<span class=\"advgb-post-tax-term\">25 L<\/span>","<span class=\"advgb-post-tax-term\">1 L<\/span>"],"slug":"pa_package","name":"Product Package"},"pa_roll":{"linked":[],"unlinked":[],"slug":"pa_roll","name":"Product Roll"},"pa_widths":{"linked":[],"unlinked":[],"slug":"pa_widths","name":"Product Widths"},"translation_priority":{"linked":["<a href=\"https:\/\/penosil.com\/et\/?taxonomy=translation_priority&#038;term=optional-et\" class=\"advgb-post-tax-term\">Optional<\/a>"],"unlinked":["<span class=\"advgb-post-tax-term\">Optional<\/span>"],"slug":"translation_priority","name":"Translation Priorities"}},"series_order":"","_links":{"self":[{"href":"https:\/\/penosil.com\/et\/wp-json\/wp\/v2\/product\/21585","targetHints":{"allow":["GET"]}}],"collection":[{"href":"https:\/\/penosil.com\/et\/wp-json\/wp\/v2\/product"}],"about":[{"href":"https:\/\/penosil.com\/et\/wp-json\/wp\/v2\/types\/product"}],"version-history":[{"count":7,"href":"https:\/\/penosil.com\/et\/wp-json\/wp\/v2\/product\/21585\/revisions"}],"predecessor-version":[{"id":35845,"href":"https:\/\/penosil.com\/et\/wp-json\/wp\/v2\/product\/21585\/revisions\/35845"}],"wp:featuredmedia":[{"embeddable":true,"href":"https:\/\/penosil.com\/et\/wp-json\/wp\/v2\/media\/34815"}],"wp:attachment":[{"href":"https:\/\/penosil.com\/et\/wp-json\/wp\/v2\/media?parent=21585"}],"wp:term":[{"taxonomy":"product_brand","embeddable":true,"href":"https:\/\/penosil.com\/et\/wp-json\/wp\/v2\/product_brand?post=21585"},{"taxonomy":"product_cat","embeddable":true,"href":"https:\/\/penosil.com\/et\/wp-json\/wp\/v2\/product_cat?post=21585"},{"taxonomy":"product_tag","embeddable":true,"href":"https:\/\/penosil.com\/et\/wp-json\/wp\/v2\/product_tag?post=21585"}],"curies":[{"name":"wp","href":"https:\/\/api.w.org\/{rel}","templated":true}]}}