{"id":22363,"date":"2020-06-25T15:17:43","date_gmt":"2020-06-25T13:17:43","guid":{"rendered":"https:\/\/penosil.com\/et\/?post_type=product&#038;p=22363"},"modified":"2026-04-05T20:25:00","modified_gmt":"2026-04-05T18:25:00","slug":"parquet-filler-630-hermeetik-parketile","status":"publish","type":"product","link":"https:\/\/penosil.com\/et\/toode\/parquet-filler-630-hermeetik-parketile\/","title":{"rendered":"Parquet Filler 630"},"content":{"rendered":"<p>PENOSIL Parquet Filler 630 on plastoelastne akr\u00fc\u00fclhermeetik parkett- ja laminaatp\u00f5randate vuukide tihendamiseks, t\u00e4itmiseks ja parandamiseks. Moodustab tugeva \u00fchenduse paljude poorsete ja mittepoorsete materjalidega, nagu betoon, tellis, metallid ja kipsplaat.<\/p>\n","protected":false},"excerpt":{"rendered":"Hermeetik parketile","protected":false},"author":6,"featured_media":34862,"template":"","meta":{"_acf_changed":false,"advgb_blocks_editor_width":"","advgb_blocks_columns_visual_guide":"","footnotes":""},"product_brand":[],"product_cat":[1358,1598,1624,759],"product_tag":[],"class_list":{"0":"post-22363","1":"product","2":"type-product","3":"status-publish","4":"has-post-thumbnail","6":"product_cat-tootekategooriad","7":"product_cat-hermeetikud","8":"product_cat-akruulid","9":"product_cat-porand","11":"first","12":"instock","13":"taxable","14":"shipping-taxable","15":"purchasable","16":"product-type-variable","17":"has-default-attributes"},"acf":[],"yoast_head":"<!-- This site is optimized with the Yoast SEO plugin v27.2 - https:\/\/yoast.com\/product\/yoast-seo-wordpress\/ -->\n<title>PENOSIL Parquet Filler 630 akr\u00fc\u00fclhermeetik parkett- ja laminaatp\u00f5randatele<\/title>\n<meta name=\"description\" content=\"PENOSIL Parquet Filler 630 on plastoelastne akr\u00fc\u00fclhermeetik lakitud ja lakkimata parkett- ja laminaatp\u00f5randate vuukide tihendamiseks. Uurige l\u00e4hemalt!\" \/>\n<meta name=\"robots\" content=\"index, follow, max-snippet:-1, max-image-preview:large, max-video-preview:-1\" \/>\n<link rel=\"canonical\" href=\"https:\/\/penosil.com\/et\/toode\/parquet-filler-630-hermeetik-parketile\/\" \/>\n<meta property=\"og:locale\" content=\"et_EE\" \/>\n<meta property=\"og:type\" content=\"article\" \/>\n<meta property=\"og:title\" content=\"PENOSIL Parquet Filler 630 akr\u00fc\u00fclhermeetik parkett- ja laminaatp\u00f5randatele\" \/>\n<meta property=\"og:description\" content=\"PENOSIL Parquet Filler 630 on plastoelastne akr\u00fc\u00fclhermeetik lakitud ja lakkimata parkett- ja laminaatp\u00f5randate vuukide tihendamiseks. Uurige l\u00e4hemalt!\" \/>\n<meta property=\"og:url\" content=\"https:\/\/penosil.com\/et\/toode\/parquet-filler-630-hermeetik-parketile\/\" \/>\n<meta property=\"og:site_name\" content=\"Penosil Estonia\" \/>\n<meta property=\"article:modified_time\" content=\"2026-04-05T18:25:00+00:00\" \/>\n<meta property=\"og:image\" content=\"https:\/\/penosil.com\/et\/wp-content\/uploads\/sites\/32\/2025\/09\/630_Parquet_Filler_630-EE-FI-PF-103_1.png\" \/>\n\t<meta property=\"og:image:width\" content=\"387\" \/>\n\t<meta property=\"og:image:height\" content=\"1080\" \/>\n\t<meta property=\"og:image:type\" content=\"image\/png\" \/>\n<meta name=\"twitter:card\" content=\"summary_large_image\" \/>\n<script type=\"application\/ld+json\" class=\"yoast-schema-graph\">{\"@context\":\"https:\/\/schema.org\",\"@graph\":[{\"@type\":\"WebPage\",\"@id\":\"https:\/\/penosil.com\/et\/toode\/parquet-filler-630-hermeetik-parketile\/\",\"url\":\"https:\/\/penosil.com\/et\/toode\/parquet-filler-630-hermeetik-parketile\/\",\"name\":\"PENOSIL Parquet Filler 630 akr\u00fc\u00fclhermeetik parkett- ja laminaatp\u00f5randatele\",\"isPartOf\":{\"@id\":\"https:\/\/penosil.com\/et\/#website\"},\"primaryImageOfPage\":{\"@id\":\"https:\/\/penosil.com\/et\/toode\/parquet-filler-630-hermeetik-parketile\/#primaryimage\"},\"image\":{\"@id\":\"https:\/\/penosil.com\/et\/toode\/parquet-filler-630-hermeetik-parketile\/#primaryimage\"},\"thumbnailUrl\":\"https:\/\/penosil.com\/et\/wp-content\/uploads\/sites\/32\/2025\/09\/630_Parquet_Filler_630-EE-FI-PF-103_1.png\",\"datePublished\":\"2020-06-25T13:17:43+00:00\",\"dateModified\":\"2026-04-05T18:25:00+00:00\",\"description\":\"PENOSIL Parquet Filler 630 on plastoelastne akr\u00fc\u00fclhermeetik lakitud ja lakkimata parkett- ja laminaatp\u00f5randate vuukide tihendamiseks. Uurige l\u00e4hemalt!\",\"breadcrumb\":{\"@id\":\"https:\/\/penosil.com\/et\/toode\/parquet-filler-630-hermeetik-parketile\/#breadcrumb\"},\"inLanguage\":\"et\",\"potentialAction\":[{\"@type\":\"ReadAction\",\"target\":[\"https:\/\/penosil.com\/et\/toode\/parquet-filler-630-hermeetik-parketile\/\"]}]},{\"@type\":\"ImageObject\",\"inLanguage\":\"et\",\"@id\":\"https:\/\/penosil.com\/et\/toode\/parquet-filler-630-hermeetik-parketile\/#primaryimage\",\"url\":\"https:\/\/penosil.com\/et\/wp-content\/uploads\/sites\/32\/2025\/09\/630_Parquet_Filler_630-EE-FI-PF-103_1.png\",\"contentUrl\":\"https:\/\/penosil.com\/et\/wp-content\/uploads\/sites\/32\/2025\/09\/630_Parquet_Filler_630-EE-FI-PF-103_1.png\",\"width\":387,\"height\":1080,\"caption\":\"PENOSIL Parquet Filler 630 - Hermeetik parketile\"},{\"@type\":\"BreadcrumbList\",\"@id\":\"https:\/\/penosil.com\/et\/toode\/parquet-filler-630-hermeetik-parketile\/#breadcrumb\",\"itemListElement\":[{\"@type\":\"ListItem\",\"position\":1,\"name\":\"Home\",\"item\":\"https:\/\/penosil.com\/et\/\"},{\"@type\":\"ListItem\",\"position\":2,\"name\":\"Tooted\",\"item\":\"https:\/\/penosil.com\/et\/tooted\/\"},{\"@type\":\"ListItem\",\"position\":3,\"name\":\"Parquet Filler 630\"}]},{\"@type\":\"WebSite\",\"@id\":\"https:\/\/penosil.com\/et\/#website\",\"url\":\"https:\/\/penosil.com\/et\/\",\"name\":\"Penosil Estonia\",\"description\":\"\",\"potentialAction\":[{\"@type\":\"SearchAction\",\"target\":{\"@type\":\"EntryPoint\",\"urlTemplate\":\"https:\/\/penosil.com\/et\/?s={search_term_string}\"},\"query-input\":{\"@type\":\"PropertyValueSpecification\",\"valueRequired\":true,\"valueName\":\"search_term_string\"}}],\"inLanguage\":\"et\"}]}<\/script>\n<!-- \/ Yoast SEO plugin. -->","yoast_head_json":{"title":"PENOSIL Parquet Filler 630 akr\u00fc\u00fclhermeetik parkett- ja laminaatp\u00f5randatele","description":"PENOSIL Parquet Filler 630 on plastoelastne akr\u00fc\u00fclhermeetik lakitud ja lakkimata parkett- ja laminaatp\u00f5randate vuukide tihendamiseks. Uurige l\u00e4hemalt!","robots":{"index":"index","follow":"follow","max-snippet":"max-snippet:-1","max-image-preview":"max-image-preview:large","max-video-preview":"max-video-preview:-1"},"canonical":"https:\/\/penosil.com\/et\/toode\/parquet-filler-630-hermeetik-parketile\/","og_locale":"et_EE","og_type":"article","og_title":"PENOSIL Parquet Filler 630 akr\u00fc\u00fclhermeetik parkett- ja laminaatp\u00f5randatele","og_description":"PENOSIL Parquet Filler 630 on plastoelastne akr\u00fc\u00fclhermeetik lakitud ja lakkimata parkett- ja laminaatp\u00f5randate vuukide tihendamiseks. Uurige l\u00e4hemalt!","og_url":"https:\/\/penosil.com\/et\/toode\/parquet-filler-630-hermeetik-parketile\/","og_site_name":"Penosil Estonia","article_modified_time":"2026-04-05T18:25:00+00:00","og_image":[{"width":387,"height":1080,"url":"https:\/\/penosil.com\/et\/wp-content\/uploads\/sites\/32\/2025\/09\/630_Parquet_Filler_630-EE-FI-PF-103_1.png","type":"image\/png"}],"twitter_card":"summary_large_image","schema":{"@context":"https:\/\/schema.org","@graph":[{"@type":"WebPage","@id":"https:\/\/penosil.com\/et\/toode\/parquet-filler-630-hermeetik-parketile\/","url":"https:\/\/penosil.com\/et\/toode\/parquet-filler-630-hermeetik-parketile\/","name":"PENOSIL Parquet Filler 630 akr\u00fc\u00fclhermeetik parkett- ja laminaatp\u00f5randatele","isPartOf":{"@id":"https:\/\/penosil.com\/et\/#website"},"primaryImageOfPage":{"@id":"https:\/\/penosil.com\/et\/toode\/parquet-filler-630-hermeetik-parketile\/#primaryimage"},"image":{"@id":"https:\/\/penosil.com\/et\/toode\/parquet-filler-630-hermeetik-parketile\/#primaryimage"},"thumbnailUrl":"https:\/\/penosil.com\/et\/wp-content\/uploads\/sites\/32\/2025\/09\/630_Parquet_Filler_630-EE-FI-PF-103_1.png","datePublished":"2020-06-25T13:17:43+00:00","dateModified":"2026-04-05T18:25:00+00:00","description":"PENOSIL Parquet Filler 630 on plastoelastne akr\u00fc\u00fclhermeetik lakitud ja lakkimata parkett- ja laminaatp\u00f5randate vuukide tihendamiseks. Uurige l\u00e4hemalt!","breadcrumb":{"@id":"https:\/\/penosil.com\/et\/toode\/parquet-filler-630-hermeetik-parketile\/#breadcrumb"},"inLanguage":"et","potentialAction":[{"@type":"ReadAction","target":["https:\/\/penosil.com\/et\/toode\/parquet-filler-630-hermeetik-parketile\/"]}]},{"@type":"ImageObject","inLanguage":"et","@id":"https:\/\/penosil.com\/et\/toode\/parquet-filler-630-hermeetik-parketile\/#primaryimage","url":"https:\/\/penosil.com\/et\/wp-content\/uploads\/sites\/32\/2025\/09\/630_Parquet_Filler_630-EE-FI-PF-103_1.png","contentUrl":"https:\/\/penosil.com\/et\/wp-content\/uploads\/sites\/32\/2025\/09\/630_Parquet_Filler_630-EE-FI-PF-103_1.png","width":387,"height":1080,"caption":"PENOSIL Parquet Filler 630 - Hermeetik parketile"},{"@type":"BreadcrumbList","@id":"https:\/\/penosil.com\/et\/toode\/parquet-filler-630-hermeetik-parketile\/#breadcrumb","itemListElement":[{"@type":"ListItem","position":1,"name":"Home","item":"https:\/\/penosil.com\/et\/"},{"@type":"ListItem","position":2,"name":"Tooted","item":"https:\/\/penosil.com\/et\/tooted\/"},{"@type":"ListItem","position":3,"name":"Parquet Filler 630"}]},{"@type":"WebSite","@id":"https:\/\/penosil.com\/et\/#website","url":"https:\/\/penosil.com\/et\/","name":"Penosil Estonia","description":"","potentialAction":[{"@type":"SearchAction","target":{"@type":"EntryPoint","urlTemplate":"https:\/\/penosil.com\/et\/?s={search_term_string}"},"query-input":{"@type":"PropertyValueSpecification","valueRequired":true,"valueName":"search_term_string"}}],"inLanguage":"et"}]}},"featured_img":"https:\/\/penosil.com\/et\/wp-content\/uploads\/sites\/32\/2025\/09\/630_Parquet_Filler_630-EE-FI-PF-103_1.png","coauthors":[],"author_meta":{"author_link":"https:\/\/penosil.com\/et\/author\/anne\/","display_name":"Anne Lulla"},"relative_dates":{"created":"Posted 6 aastat ago","modified":"Updated 1 n\u00e4dal ago"},"absolute_dates":{"created":"Posted on 25. juuni 2020","modified":"Updated on 5. apr. 2026"},"absolute_dates_time":{"created":"Posted on 25. juuni 2020 03:17","modified":"Updated on 5. apr. 2026 08:25"},"featured_img_caption":"","tax_additional":{"product_brand":{"linked":[],"unlinked":[],"slug":"product_brand","name":"Br\u00e4ndid"},"product_type":{"linked":["<a href=\"https:\/\/penosil.com\/et\/?taxonomy=product_type&#038;term=variable\" class=\"advgb-post-tax-term\">variable<\/a>"],"unlinked":["<span class=\"advgb-post-tax-term\">variable<\/span>"],"slug":"product_type","name":"Product type"},"product_visibility":{"linked":[],"unlinked":[],"slug":"product_visibility","name":"Product visibility"},"product_cat":{"linked":["<a href=\"https:\/\/penosil.com\/et\/tooted\/tootekategooriad\/\" class=\"advgb-post-tax-term\">Tootekategooriad<\/a>","<a href=\"https:\/\/penosil.com\/et\/tooted\/tootekategooriad\/hermeetikud\/\" class=\"advgb-post-tax-term\">Hermeetikud ja mastiksid<\/a>","<a href=\"https:\/\/penosil.com\/et\/tooted\/tootekategooriad\/hermeetikud\/akruulid\/\" class=\"advgb-post-tax-term\">Akr\u00fc\u00fclid<\/a>","<a href=\"https:\/\/penosil.com\/et\/tooted\/kasutusalad\/porand\/\" class=\"advgb-post-tax-term\">P\u00f5rand<\/a>"],"unlinked":["<span class=\"advgb-post-tax-term\">Tootekategooriad<\/span>","<span class=\"advgb-post-tax-term\">Hermeetikud ja mastiksid<\/span>","<span class=\"advgb-post-tax-term\">Akr\u00fc\u00fclid<\/span>","<span class=\"advgb-post-tax-term\">P\u00f5rand<\/span>"],"slug":"product_cat","name":"Tootekategooriad"},"product_tag":{"linked":[],"unlinked":[],"slug":"product_tag","name":"Tootesildid"},"product_shipping_class":{"linked":[],"unlinked":[],"slug":"product_shipping_class","name":"Toote tarneklassid"},"pos_product_visibility":{"linked":[],"unlinked":[],"slug":"pos_product_visibility","name":"POS Product visibility"},"pa_color":{"linked":["<a href=\"https:\/\/penosil.com\/et\/?taxonomy=pa_color&#038;term=pf86-vaher-saar-mand\" class=\"advgb-post-tax-term\">PF86 vaher, saar, m\u00e4nd<\/a>","<a href=\"https:\/\/penosil.com\/et\/?taxonomy=pa_color&#038;term=pf90-tume-tamm\" class=\"advgb-post-tax-term\">PF90 tume tamm<\/a>","<a href=\"https:\/\/penosil.com\/et\/?taxonomy=pa_color&#038;term=pf92-lepp-kuusk\" class=\"advgb-post-tax-term\">PF92 lepp, kuusk<\/a>","<a href=\"https:\/\/penosil.com\/et\/?taxonomy=pa_color&#038;term=pf96-tamm\" class=\"advgb-post-tax-term\">PF96 tamm<\/a>","<a href=\"https:\/\/penosil.com\/et\/?taxonomy=pa_color&#038;term=pf103-mahagon\" class=\"advgb-post-tax-term\">PF103 mahagon<\/a>","<a href=\"https:\/\/penosil.com\/et\/?taxonomy=pa_color&#038;term=pf104-tume-kirss\" class=\"advgb-post-tax-term\">PF104 tume kirss<\/a>","<a href=\"https:\/\/penosil.com\/et\/?taxonomy=pa_color&#038;term=pf106-punakaspruun-lepp\" class=\"advgb-post-tax-term\">PF106 punakaspruun lepp<\/a>","<a href=\"https:\/\/penosil.com\/et\/?taxonomy=pa_color&#038;term=pf37-pook\" class=\"advgb-post-tax-term\">PF37 p\u00f6\u00f6k<\/a>"],"unlinked":["<span class=\"advgb-post-tax-term\">PF86 vaher, saar, m\u00e4nd<\/span>","<span class=\"advgb-post-tax-term\">PF90 tume tamm<\/span>","<span class=\"advgb-post-tax-term\">PF92 lepp, kuusk<\/span>","<span class=\"advgb-post-tax-term\">PF96 tamm<\/span>","<span class=\"advgb-post-tax-term\">PF103 mahagon<\/span>","<span class=\"advgb-post-tax-term\">PF104 tume kirss<\/span>","<span class=\"advgb-post-tax-term\">PF106 punakaspruun lepp<\/span>","<span class=\"advgb-post-tax-term\">PF37 p\u00f6\u00f6k<\/span>"],"slug":"pa_color","name":"Product Colour"},"pa_diameter":{"linked":[],"unlinked":[],"slug":"pa_diameter","name":"Product Diameter"},"pa_package":{"linked":["<a href=\"https:\/\/penosil.com\/et\/?taxonomy=pa_package&#038;term=300-ml-2\" class=\"advgb-post-tax-term\">300 ml<\/a>"],"unlinked":["<span class=\"advgb-post-tax-term\">300 ml<\/span>"],"slug":"pa_package","name":"Product Package"},"pa_roll":{"linked":[],"unlinked":[],"slug":"pa_roll","name":"Product Roll"},"pa_widths":{"linked":[],"unlinked":[],"slug":"pa_widths","name":"Product Widths"},"translation_priority":{"linked":["<a href=\"https:\/\/penosil.com\/et\/?taxonomy=translation_priority&#038;term=optional-et\" class=\"advgb-post-tax-term\">Optional<\/a>"],"unlinked":["<span class=\"advgb-post-tax-term\">Optional<\/span>"],"slug":"translation_priority","name":"Translation Priorities"}},"series_order":"","_links":{"self":[{"href":"https:\/\/penosil.com\/et\/wp-json\/wp\/v2\/product\/22363","targetHints":{"allow":["GET"]}}],"collection":[{"href":"https:\/\/penosil.com\/et\/wp-json\/wp\/v2\/product"}],"about":[{"href":"https:\/\/penosil.com\/et\/wp-json\/wp\/v2\/types\/product"}],"version-history":[{"count":7,"href":"https:\/\/penosil.com\/et\/wp-json\/wp\/v2\/product\/22363\/revisions"}],"predecessor-version":[{"id":35854,"href":"https:\/\/penosil.com\/et\/wp-json\/wp\/v2\/product\/22363\/revisions\/35854"}],"wp:featuredmedia":[{"embeddable":true,"href":"https:\/\/penosil.com\/et\/wp-json\/wp\/v2\/media\/34862"}],"wp:attachment":[{"href":"https:\/\/penosil.com\/et\/wp-json\/wp\/v2\/media?parent=22363"}],"wp:term":[{"taxonomy":"product_brand","embeddable":true,"href":"https:\/\/penosil.com\/et\/wp-json\/wp\/v2\/product_brand?post=22363"},{"taxonomy":"product_cat","embeddable":true,"href":"https:\/\/penosil.com\/et\/wp-json\/wp\/v2\/product_cat?post=22363"},{"taxonomy":"product_tag","embeddable":true,"href":"https:\/\/penosil.com\/et\/wp-json\/wp\/v2\/product_tag?post=22363"}],"curies":[{"name":"wp","href":"https:\/\/api.w.org\/{rel}","templated":true}]}}