{"id":22420,"date":"2020-06-26T13:12:28","date_gmt":"2020-06-26T11:12:28","guid":{"rendered":"https:\/\/penosil.com\/et\/?post_type=product&#038;p=22420"},"modified":"2026-03-13T13:55:33","modified_gmt":"2026-03-13T11:55:33","slug":"all-weather-sealant-919-veekindel-hermeetik","status":"publish","type":"product","link":"https:\/\/penosil.com\/et\/toode\/all-weather-sealant-919-veekindel-hermeetik\/","title":{"rendered":"All Weather Sealant 919"},"content":{"rendered":"<p>PENOSIL All Weather Sealant 919 on silikoonivaba koheselt veekindel kaut\u0161ukip\u00f5hine hermeetik, mida saab kasutada kiireteks fassaadi ja katuse remondit\u00f6\u00f6deks isegi vihma ajal. Nakkub h\u00e4sti enamiku tavaliste katusekattematerjalidega, saab kanda ka niisketele, kergelt \u00f5listele ja bituumenpindadele.<\/p>\n","protected":false},"excerpt":{"rendered":"Veekindel hermeetik","protected":false},"author":6,"featured_media":34583,"template":"","meta":{"_acf_changed":false,"advgb_blocks_editor_width":"","advgb_blocks_columns_visual_guide":"","footnotes":""},"product_brand":[],"product_cat":[1358,1598,1078,2619],"product_tag":[],"class_list":{"0":"post-22420","1":"product","2":"type-product","3":"status-publish","4":"has-post-thumbnail","6":"product_cat-tootekategooriad","7":"product_cat-hermeetikud","8":"product_cat-katus-ja-fassaad","9":"product_cat-lahustipohised-silikoonid","11":"first","12":"instock","13":"taxable","14":"shipping-taxable","15":"purchasable","16":"product-type-variable","17":"has-default-attributes"},"acf":[],"yoast_head":"<!-- This site is optimized with the Yoast SEO plugin v27.2 - https:\/\/yoast.com\/product\/yoast-seo-wordpress\/ -->\n<title>PENOSIL All Weather Sealant 919 veekindel hermeetik fassaadi ja katuse remondiks ka vihma ajal.<\/title>\n<meta name=\"description\" content=\"PENOSIL All Weather Sealant 919 on silikoonivaba koheselt veekindel hermeetik, mida saab kasutada kiireteks fassaadi ja katuse remondit\u00f6\u00f6deks isegi vihma ajal. Lugege lisaks.\" \/>\n<meta name=\"robots\" content=\"index, follow, max-snippet:-1, max-image-preview:large, max-video-preview:-1\" \/>\n<link rel=\"canonical\" href=\"https:\/\/penosil.com\/et\/toode\/all-weather-sealant-919-veekindel-hermeetik\/\" \/>\n<meta property=\"og:locale\" content=\"et_EE\" \/>\n<meta property=\"og:type\" content=\"article\" \/>\n<meta property=\"og:title\" content=\"PENOSIL All Weather Sealant 919 veekindel hermeetik fassaadi ja katuse remondiks ka vihma ajal.\" \/>\n<meta property=\"og:description\" content=\"PENOSIL All Weather Sealant 919 on silikoonivaba koheselt veekindel hermeetik, mida saab kasutada kiireteks fassaadi ja katuse remondit\u00f6\u00f6deks isegi vihma ajal. Lugege lisaks.\" \/>\n<meta property=\"og:url\" content=\"https:\/\/penosil.com\/et\/toode\/all-weather-sealant-919-veekindel-hermeetik\/\" \/>\n<meta property=\"og:site_name\" content=\"Penosil Estonia\" \/>\n<meta property=\"article:modified_time\" content=\"2026-03-13T11:55:33+00:00\" \/>\n<meta property=\"og:image\" content=\"https:\/\/penosil.com\/et\/wp-content\/uploads\/sites\/32\/2025\/08\/919_All_Weather_Sealant_919_EE_FI_1.png\" \/>\n\t<meta property=\"og:image:width\" content=\"387\" \/>\n\t<meta property=\"og:image:height\" content=\"1080\" \/>\n\t<meta property=\"og:image:type\" content=\"image\/png\" \/>\n<meta name=\"twitter:card\" content=\"summary_large_image\" \/>\n<script type=\"application\/ld+json\" class=\"yoast-schema-graph\">{\"@context\":\"https:\/\/schema.org\",\"@graph\":[{\"@type\":\"WebPage\",\"@id\":\"https:\/\/penosil.com\/et\/toode\/all-weather-sealant-919-veekindel-hermeetik\/\",\"url\":\"https:\/\/penosil.com\/et\/toode\/all-weather-sealant-919-veekindel-hermeetik\/\",\"name\":\"PENOSIL All Weather Sealant 919 veekindel hermeetik fassaadi ja katuse remondiks ka vihma ajal.\",\"isPartOf\":{\"@id\":\"https:\/\/penosil.com\/et\/#website\"},\"primaryImageOfPage\":{\"@id\":\"https:\/\/penosil.com\/et\/toode\/all-weather-sealant-919-veekindel-hermeetik\/#primaryimage\"},\"image\":{\"@id\":\"https:\/\/penosil.com\/et\/toode\/all-weather-sealant-919-veekindel-hermeetik\/#primaryimage\"},\"thumbnailUrl\":\"https:\/\/penosil.com\/et\/wp-content\/uploads\/sites\/32\/2025\/08\/919_All_Weather_Sealant_919_EE_FI_1.png\",\"datePublished\":\"2020-06-26T11:12:28+00:00\",\"dateModified\":\"2026-03-13T11:55:33+00:00\",\"description\":\"PENOSIL All Weather Sealant 919 on silikoonivaba koheselt veekindel hermeetik, mida saab kasutada kiireteks fassaadi ja katuse remondit\u00f6\u00f6deks isegi vihma ajal. Lugege lisaks.\",\"breadcrumb\":{\"@id\":\"https:\/\/penosil.com\/et\/toode\/all-weather-sealant-919-veekindel-hermeetik\/#breadcrumb\"},\"inLanguage\":\"et\",\"potentialAction\":[{\"@type\":\"ReadAction\",\"target\":[\"https:\/\/penosil.com\/et\/toode\/all-weather-sealant-919-veekindel-hermeetik\/\"]}]},{\"@type\":\"ImageObject\",\"inLanguage\":\"et\",\"@id\":\"https:\/\/penosil.com\/et\/toode\/all-weather-sealant-919-veekindel-hermeetik\/#primaryimage\",\"url\":\"https:\/\/penosil.com\/et\/wp-content\/uploads\/sites\/32\/2025\/08\/919_All_Weather_Sealant_919_EE_FI_1.png\",\"contentUrl\":\"https:\/\/penosil.com\/et\/wp-content\/uploads\/sites\/32\/2025\/08\/919_All_Weather_Sealant_919_EE_FI_1.png\",\"width\":387,\"height\":1080,\"caption\":\"PENOSIL All Weather Sealant 919 koheselt veekindel hermeetik\"},{\"@type\":\"BreadcrumbList\",\"@id\":\"https:\/\/penosil.com\/et\/toode\/all-weather-sealant-919-veekindel-hermeetik\/#breadcrumb\",\"itemListElement\":[{\"@type\":\"ListItem\",\"position\":1,\"name\":\"Home\",\"item\":\"https:\/\/penosil.com\/et\/\"},{\"@type\":\"ListItem\",\"position\":2,\"name\":\"Tooted\",\"item\":\"https:\/\/penosil.com\/et\/tooted\/\"},{\"@type\":\"ListItem\",\"position\":3,\"name\":\"All Weather Sealant 919\"}]},{\"@type\":\"WebSite\",\"@id\":\"https:\/\/penosil.com\/et\/#website\",\"url\":\"https:\/\/penosil.com\/et\/\",\"name\":\"Penosil Estonia\",\"description\":\"\",\"potentialAction\":[{\"@type\":\"SearchAction\",\"target\":{\"@type\":\"EntryPoint\",\"urlTemplate\":\"https:\/\/penosil.com\/et\/?s={search_term_string}\"},\"query-input\":{\"@type\":\"PropertyValueSpecification\",\"valueRequired\":true,\"valueName\":\"search_term_string\"}}],\"inLanguage\":\"et\"}]}<\/script>\n<!-- \/ Yoast SEO plugin. -->","yoast_head_json":{"title":"PENOSIL All Weather Sealant 919 veekindel hermeetik fassaadi ja katuse remondiks ka vihma ajal.","description":"PENOSIL All Weather Sealant 919 on silikoonivaba koheselt veekindel hermeetik, mida saab kasutada kiireteks fassaadi ja katuse remondit\u00f6\u00f6deks isegi vihma ajal. Lugege lisaks.","robots":{"index":"index","follow":"follow","max-snippet":"max-snippet:-1","max-image-preview":"max-image-preview:large","max-video-preview":"max-video-preview:-1"},"canonical":"https:\/\/penosil.com\/et\/toode\/all-weather-sealant-919-veekindel-hermeetik\/","og_locale":"et_EE","og_type":"article","og_title":"PENOSIL All Weather Sealant 919 veekindel hermeetik fassaadi ja katuse remondiks ka vihma ajal.","og_description":"PENOSIL All Weather Sealant 919 on silikoonivaba koheselt veekindel hermeetik, mida saab kasutada kiireteks fassaadi ja katuse remondit\u00f6\u00f6deks isegi vihma ajal. Lugege lisaks.","og_url":"https:\/\/penosil.com\/et\/toode\/all-weather-sealant-919-veekindel-hermeetik\/","og_site_name":"Penosil Estonia","article_modified_time":"2026-03-13T11:55:33+00:00","og_image":[{"width":387,"height":1080,"url":"https:\/\/penosil.com\/et\/wp-content\/uploads\/sites\/32\/2025\/08\/919_All_Weather_Sealant_919_EE_FI_1.png","type":"image\/png"}],"twitter_card":"summary_large_image","schema":{"@context":"https:\/\/schema.org","@graph":[{"@type":"WebPage","@id":"https:\/\/penosil.com\/et\/toode\/all-weather-sealant-919-veekindel-hermeetik\/","url":"https:\/\/penosil.com\/et\/toode\/all-weather-sealant-919-veekindel-hermeetik\/","name":"PENOSIL All Weather Sealant 919 veekindel hermeetik fassaadi ja katuse remondiks ka vihma ajal.","isPartOf":{"@id":"https:\/\/penosil.com\/et\/#website"},"primaryImageOfPage":{"@id":"https:\/\/penosil.com\/et\/toode\/all-weather-sealant-919-veekindel-hermeetik\/#primaryimage"},"image":{"@id":"https:\/\/penosil.com\/et\/toode\/all-weather-sealant-919-veekindel-hermeetik\/#primaryimage"},"thumbnailUrl":"https:\/\/penosil.com\/et\/wp-content\/uploads\/sites\/32\/2025\/08\/919_All_Weather_Sealant_919_EE_FI_1.png","datePublished":"2020-06-26T11:12:28+00:00","dateModified":"2026-03-13T11:55:33+00:00","description":"PENOSIL All Weather Sealant 919 on silikoonivaba koheselt veekindel hermeetik, mida saab kasutada kiireteks fassaadi ja katuse remondit\u00f6\u00f6deks isegi vihma ajal. Lugege lisaks.","breadcrumb":{"@id":"https:\/\/penosil.com\/et\/toode\/all-weather-sealant-919-veekindel-hermeetik\/#breadcrumb"},"inLanguage":"et","potentialAction":[{"@type":"ReadAction","target":["https:\/\/penosil.com\/et\/toode\/all-weather-sealant-919-veekindel-hermeetik\/"]}]},{"@type":"ImageObject","inLanguage":"et","@id":"https:\/\/penosil.com\/et\/toode\/all-weather-sealant-919-veekindel-hermeetik\/#primaryimage","url":"https:\/\/penosil.com\/et\/wp-content\/uploads\/sites\/32\/2025\/08\/919_All_Weather_Sealant_919_EE_FI_1.png","contentUrl":"https:\/\/penosil.com\/et\/wp-content\/uploads\/sites\/32\/2025\/08\/919_All_Weather_Sealant_919_EE_FI_1.png","width":387,"height":1080,"caption":"PENOSIL All Weather Sealant 919 koheselt veekindel hermeetik"},{"@type":"BreadcrumbList","@id":"https:\/\/penosil.com\/et\/toode\/all-weather-sealant-919-veekindel-hermeetik\/#breadcrumb","itemListElement":[{"@type":"ListItem","position":1,"name":"Home","item":"https:\/\/penosil.com\/et\/"},{"@type":"ListItem","position":2,"name":"Tooted","item":"https:\/\/penosil.com\/et\/tooted\/"},{"@type":"ListItem","position":3,"name":"All Weather Sealant 919"}]},{"@type":"WebSite","@id":"https:\/\/penosil.com\/et\/#website","url":"https:\/\/penosil.com\/et\/","name":"Penosil Estonia","description":"","potentialAction":[{"@type":"SearchAction","target":{"@type":"EntryPoint","urlTemplate":"https:\/\/penosil.com\/et\/?s={search_term_string}"},"query-input":{"@type":"PropertyValueSpecification","valueRequired":true,"valueName":"search_term_string"}}],"inLanguage":"et"}]}},"featured_img":"https:\/\/penosil.com\/et\/wp-content\/uploads\/sites\/32\/2025\/08\/919_All_Weather_Sealant_919_EE_FI_1.png","coauthors":[],"author_meta":{"author_link":"https:\/\/penosil.com\/et\/author\/anne\/","display_name":"Anne Lulla"},"relative_dates":{"created":"Posted 6 aastat ago","modified":"Updated 1 kuu ago"},"absolute_dates":{"created":"Posted on 26. juuni 2020","modified":"Updated on 13. m\u00e4rts 2026"},"absolute_dates_time":{"created":"Posted on 26. juuni 2020 01:12","modified":"Updated on 13. m\u00e4rts 2026 01:55"},"featured_img_caption":"","tax_additional":{"product_brand":{"linked":[],"unlinked":[],"slug":"product_brand","name":"Br\u00e4ndid"},"product_type":{"linked":["<a href=\"https:\/\/penosil.com\/et\/?taxonomy=product_type&#038;term=variable\" class=\"advgb-post-tax-term\">variable<\/a>"],"unlinked":["<span class=\"advgb-post-tax-term\">variable<\/span>"],"slug":"product_type","name":"Product type"},"product_visibility":{"linked":[],"unlinked":[],"slug":"product_visibility","name":"Product visibility"},"product_cat":{"linked":["<a href=\"https:\/\/penosil.com\/et\/tooted\/tootekategooriad\/\" class=\"advgb-post-tax-term\">Tootekategooriad<\/a>","<a href=\"https:\/\/penosil.com\/et\/tooted\/tootekategooriad\/hermeetikud\/\" class=\"advgb-post-tax-term\">Hermeetikud ja mastiksid<\/a>","<a href=\"https:\/\/penosil.com\/et\/tooted\/kasutusalad\/katus-ja-fassaad\/\" class=\"advgb-post-tax-term\">Katus ja fassaad<\/a>","<a href=\"https:\/\/penosil.com\/et\/tooted\/tootekategooriad\/hermeetikud\/lahustipohised-silikoonid\/\" class=\"advgb-post-tax-term\">Lahustip\u00f5hised hermeetikud<\/a>"],"unlinked":["<span class=\"advgb-post-tax-term\">Tootekategooriad<\/span>","<span class=\"advgb-post-tax-term\">Hermeetikud ja mastiksid<\/span>","<span class=\"advgb-post-tax-term\">Katus ja fassaad<\/span>","<span class=\"advgb-post-tax-term\">Lahustip\u00f5hised hermeetikud<\/span>"],"slug":"product_cat","name":"Tootekategooriad"},"product_tag":{"linked":[],"unlinked":[],"slug":"product_tag","name":"Tootesildid"},"product_shipping_class":{"linked":[],"unlinked":[],"slug":"product_shipping_class","name":"Toote tarneklassid"},"pos_product_visibility":{"linked":[],"unlinked":[],"slug":"pos_product_visibility","name":"POS Product visibility"},"pa_color":{"linked":["<a href=\"https:\/\/penosil.com\/et\/?taxonomy=pa_color&#038;term=black-et\" class=\"advgb-post-tax-term\">Must<\/a>","<a href=\"https:\/\/penosil.com\/et\/?taxonomy=pa_color&#038;term=grey-et\" class=\"advgb-post-tax-term\">Hall<\/a>","<a href=\"https:\/\/penosil.com\/et\/?taxonomy=pa_color&#038;term=brown-et\" class=\"advgb-post-tax-term\">Pruun<\/a>","<a href=\"https:\/\/penosil.com\/et\/?taxonomy=pa_color&#038;term=transparent-et\" class=\"advgb-post-tax-term\">Transparentne<\/a>"],"unlinked":["<span class=\"advgb-post-tax-term\">Must<\/span>","<span class=\"advgb-post-tax-term\">Hall<\/span>","<span class=\"advgb-post-tax-term\">Pruun<\/span>","<span class=\"advgb-post-tax-term\">Transparentne<\/span>"],"slug":"pa_color","name":"Product Colour"},"pa_diameter":{"linked":[],"unlinked":[],"slug":"pa_diameter","name":"Product Diameter"},"pa_package":{"linked":["<a href=\"https:\/\/penosil.com\/et\/?taxonomy=pa_package&#038;term=300-ml-2\" class=\"advgb-post-tax-term\">300 ml<\/a>","<a href=\"https:\/\/penosil.com\/et\/?taxonomy=pa_package&#038;term=400-ml\" class=\"advgb-post-tax-term\">400 ml<\/a>"],"unlinked":["<span class=\"advgb-post-tax-term\">300 ml<\/span>","<span class=\"advgb-post-tax-term\">400 ml<\/span>"],"slug":"pa_package","name":"Product Package"},"pa_roll":{"linked":[],"unlinked":[],"slug":"pa_roll","name":"Product Roll"},"pa_widths":{"linked":[],"unlinked":[],"slug":"pa_widths","name":"Product Widths"},"translation_priority":{"linked":["<a href=\"https:\/\/penosil.com\/et\/?taxonomy=translation_priority&#038;term=optional-et\" class=\"advgb-post-tax-term\">Optional<\/a>"],"unlinked":["<span class=\"advgb-post-tax-term\">Optional<\/span>"],"slug":"translation_priority","name":"Translation Priorities"}},"series_order":"","_links":{"self":[{"href":"https:\/\/penosil.com\/et\/wp-json\/wp\/v2\/product\/22420","targetHints":{"allow":["GET"]}}],"collection":[{"href":"https:\/\/penosil.com\/et\/wp-json\/wp\/v2\/product"}],"about":[{"href":"https:\/\/penosil.com\/et\/wp-json\/wp\/v2\/types\/product"}],"version-history":[{"count":10,"href":"https:\/\/penosil.com\/et\/wp-json\/wp\/v2\/product\/22420\/revisions"}],"predecessor-version":[{"id":35995,"href":"https:\/\/penosil.com\/et\/wp-json\/wp\/v2\/product\/22420\/revisions\/35995"}],"wp:featuredmedia":[{"embeddable":true,"href":"https:\/\/penosil.com\/et\/wp-json\/wp\/v2\/media\/34583"}],"wp:attachment":[{"href":"https:\/\/penosil.com\/et\/wp-json\/wp\/v2\/media?parent=22420"}],"wp:term":[{"taxonomy":"product_brand","embeddable":true,"href":"https:\/\/penosil.com\/et\/wp-json\/wp\/v2\/product_brand?post=22420"},{"taxonomy":"product_cat","embeddable":true,"href":"https:\/\/penosil.com\/et\/wp-json\/wp\/v2\/product_cat?post=22420"},{"taxonomy":"product_tag","embeddable":true,"href":"https:\/\/penosil.com\/et\/wp-json\/wp\/v2\/product_tag?post=22420"}],"curies":[{"name":"wp","href":"https:\/\/api.w.org\/{rel}","templated":true}]}}