{"id":27485,"date":"2020-09-11T12:47:14","date_gmt":"2020-09-11T10:47:14","guid":{"rendered":"https:\/\/penosil.com\/et\/?post_type=product&#038;p=27485"},"modified":"2026-02-19T15:48:29","modified_gmt":"2026-02-19T13:48:29","slug":"hightemp-sealant-1500c-korget-temperatuuri-taluv-hermeetik","status":"publish","type":"product","link":"https:\/\/penosil.com\/et\/toode\/hightemp-sealant-1500c-korget-temperatuuri-taluv-hermeetik\/","title":{"rendered":"HighTemp Sealant +1500\u00b0C"},"content":{"rendered":"<p>PENOSIL HightTemp Sealant &#43;1500\u00b0C on silikaadip\u00f5hine \u00e4\u00e4rmuslikku temperatuuri taluv hermeetik korstna-, ahju-, kamina- ja pliidivuukide ning -pragude t\u00e4itmiseks ja isoleerimiseks. P\u00e4rast kuumutamist muutub hermeetik tumehalliks, eriti k\u00f5vaks ja k\u00f5rgete temperatuuride suhtes vastupidavaks (v\u00f5ib olla l\u00fchikest aega kuni &#43;1500\u00b0C temperatuuril).<\/p>\n","protected":false},"excerpt":{"rendered":"K\u00f5rget temperatuuri taluv hermeetik","protected":false},"author":6,"featured_media":34956,"template":"","meta":{"_acf_changed":false,"advgb_blocks_editor_width":"","advgb_blocks_columns_visual_guide":"","footnotes":""},"product_brand":[],"product_cat":[2632,1358,1704,662],"product_tag":[],"class_list":{"0":"post-27485","1":"product","2":"type-product","3":"status-publish","4":"has-post-thumbnail","6":"product_cat-taiteained","7":"product_cat-tootekategooriad","8":"product_cat-pinnatootlus-vahend","9":"product_cat-tulekindlus-korged-temperatuurid","11":"first","12":"instock","13":"taxable","14":"shipping-taxable","15":"purchasable","16":"product-type-simple"},"acf":[],"yoast_head":"<!-- This site is optimized with the Yoast SEO plugin v27.2 - https:\/\/yoast.com\/product\/yoast-seo-wordpress\/ -->\n<title>PENOSIL HighTemp Sealant +1500\u00a0\u00b0C k\u00f5rget temperatuuri taluv hermeetik<\/title>\n<meta name=\"description\" content=\"PENOSIL HighTemp Sealant +1500\u00a0\u00b0C on k\u00f5rget temperatuuri taluv hermeetik korstna-, ahju-, kamina- ja pliidivuukide ning -pragude t\u00e4itmiseks ja isoleerimiseks. Lugege lisaks.\" \/>\n<meta name=\"robots\" content=\"index, follow, max-snippet:-1, max-image-preview:large, max-video-preview:-1\" \/>\n<link rel=\"canonical\" href=\"https:\/\/penosil.com\/et\/toode\/hightemp-sealant-1500c-korget-temperatuuri-taluv-hermeetik\/\" \/>\n<meta property=\"og:locale\" content=\"et_EE\" \/>\n<meta property=\"og:type\" content=\"article\" \/>\n<meta property=\"og:title\" content=\"PENOSIL HighTemp Sealant +1500\u00a0\u00b0C k\u00f5rget temperatuuri taluv hermeetik\" \/>\n<meta property=\"og:description\" content=\"PENOSIL HighTemp Sealant +1500\u00a0\u00b0C on k\u00f5rget temperatuuri taluv hermeetik korstna-, ahju-, kamina- ja pliidivuukide ning -pragude t\u00e4itmiseks ja isoleerimiseks. Lugege lisaks.\" \/>\n<meta property=\"og:url\" content=\"https:\/\/penosil.com\/et\/toode\/hightemp-sealant-1500c-korget-temperatuuri-taluv-hermeetik\/\" \/>\n<meta property=\"og:site_name\" content=\"Penosil Estonia\" \/>\n<meta property=\"article:modified_time\" content=\"2026-02-19T13:48:29+00:00\" \/>\n<meta property=\"og:image\" content=\"https:\/\/penosil.com\/et\/wp-content\/uploads\/sites\/32\/2025\/09\/1500_HighTemp_Sealant_-1500C_EE_FI_1.png\" \/>\n\t<meta property=\"og:image:width\" content=\"870\" \/>\n\t<meta property=\"og:image:height\" content=\"2430\" \/>\n\t<meta property=\"og:image:type\" content=\"image\/png\" \/>\n<meta name=\"twitter:card\" content=\"summary_large_image\" \/>\n<script type=\"application\/ld+json\" class=\"yoast-schema-graph\">{\"@context\":\"https:\/\/schema.org\",\"@graph\":[{\"@type\":\"WebPage\",\"@id\":\"https:\/\/penosil.com\/et\/toode\/hightemp-sealant-1500c-korget-temperatuuri-taluv-hermeetik\/\",\"url\":\"https:\/\/penosil.com\/et\/toode\/hightemp-sealant-1500c-korget-temperatuuri-taluv-hermeetik\/\",\"name\":\"PENOSIL HighTemp Sealant +1500\u00a0\u00b0C k\u00f5rget temperatuuri taluv hermeetik\",\"isPartOf\":{\"@id\":\"https:\/\/penosil.com\/et\/#website\"},\"primaryImageOfPage\":{\"@id\":\"https:\/\/penosil.com\/et\/toode\/hightemp-sealant-1500c-korget-temperatuuri-taluv-hermeetik\/#primaryimage\"},\"image\":{\"@id\":\"https:\/\/penosil.com\/et\/toode\/hightemp-sealant-1500c-korget-temperatuuri-taluv-hermeetik\/#primaryimage\"},\"thumbnailUrl\":\"https:\/\/penosil.com\/et\/wp-content\/uploads\/sites\/32\/2025\/09\/1500_HighTemp_Sealant_-1500C_EE_FI_1.png\",\"datePublished\":\"2020-09-11T10:47:14+00:00\",\"dateModified\":\"2026-02-19T13:48:29+00:00\",\"description\":\"PENOSIL HighTemp Sealant +1500\u00a0\u00b0C on k\u00f5rget temperatuuri taluv hermeetik korstna-, ahju-, kamina- ja pliidivuukide ning -pragude t\u00e4itmiseks ja isoleerimiseks. Lugege lisaks.\",\"breadcrumb\":{\"@id\":\"https:\/\/penosil.com\/et\/toode\/hightemp-sealant-1500c-korget-temperatuuri-taluv-hermeetik\/#breadcrumb\"},\"inLanguage\":\"et\",\"potentialAction\":[{\"@type\":\"ReadAction\",\"target\":[\"https:\/\/penosil.com\/et\/toode\/hightemp-sealant-1500c-korget-temperatuuri-taluv-hermeetik\/\"]}]},{\"@type\":\"ImageObject\",\"inLanguage\":\"et\",\"@id\":\"https:\/\/penosil.com\/et\/toode\/hightemp-sealant-1500c-korget-temperatuuri-taluv-hermeetik\/#primaryimage\",\"url\":\"https:\/\/penosil.com\/et\/wp-content\/uploads\/sites\/32\/2025\/09\/1500_HighTemp_Sealant_-1500C_EE_FI_1.png\",\"contentUrl\":\"https:\/\/penosil.com\/et\/wp-content\/uploads\/sites\/32\/2025\/09\/1500_HighTemp_Sealant_-1500C_EE_FI_1.png\",\"width\":870,\"height\":2430,\"caption\":\"PENOSIL HighTemp Sealant +1500\u00b0C - K\u00f5rget temperatuuri taluv hermeetik\"},{\"@type\":\"BreadcrumbList\",\"@id\":\"https:\/\/penosil.com\/et\/toode\/hightemp-sealant-1500c-korget-temperatuuri-taluv-hermeetik\/#breadcrumb\",\"itemListElement\":[{\"@type\":\"ListItem\",\"position\":1,\"name\":\"Home\",\"item\":\"https:\/\/penosil.com\/et\/\"},{\"@type\":\"ListItem\",\"position\":2,\"name\":\"Tooted\",\"item\":\"https:\/\/penosil.com\/et\/tooted\/\"},{\"@type\":\"ListItem\",\"position\":3,\"name\":\"HighTemp Sealant +1500\u00b0C\"}]},{\"@type\":\"WebSite\",\"@id\":\"https:\/\/penosil.com\/et\/#website\",\"url\":\"https:\/\/penosil.com\/et\/\",\"name\":\"Penosil Estonia\",\"description\":\"\",\"potentialAction\":[{\"@type\":\"SearchAction\",\"target\":{\"@type\":\"EntryPoint\",\"urlTemplate\":\"https:\/\/penosil.com\/et\/?s={search_term_string}\"},\"query-input\":{\"@type\":\"PropertyValueSpecification\",\"valueRequired\":true,\"valueName\":\"search_term_string\"}}],\"inLanguage\":\"et\"}]}<\/script>\n<!-- \/ Yoast SEO plugin. -->","yoast_head_json":{"title":"PENOSIL HighTemp Sealant +1500\u00a0\u00b0C k\u00f5rget temperatuuri taluv hermeetik","description":"PENOSIL HighTemp Sealant +1500\u00a0\u00b0C on k\u00f5rget temperatuuri taluv hermeetik korstna-, ahju-, kamina- ja pliidivuukide ning -pragude t\u00e4itmiseks ja isoleerimiseks. Lugege lisaks.","robots":{"index":"index","follow":"follow","max-snippet":"max-snippet:-1","max-image-preview":"max-image-preview:large","max-video-preview":"max-video-preview:-1"},"canonical":"https:\/\/penosil.com\/et\/toode\/hightemp-sealant-1500c-korget-temperatuuri-taluv-hermeetik\/","og_locale":"et_EE","og_type":"article","og_title":"PENOSIL HighTemp Sealant +1500\u00a0\u00b0C k\u00f5rget temperatuuri taluv hermeetik","og_description":"PENOSIL HighTemp Sealant +1500\u00a0\u00b0C on k\u00f5rget temperatuuri taluv hermeetik korstna-, ahju-, kamina- ja pliidivuukide ning -pragude t\u00e4itmiseks ja isoleerimiseks. Lugege lisaks.","og_url":"https:\/\/penosil.com\/et\/toode\/hightemp-sealant-1500c-korget-temperatuuri-taluv-hermeetik\/","og_site_name":"Penosil Estonia","article_modified_time":"2026-02-19T13:48:29+00:00","og_image":[{"width":870,"height":2430,"url":"https:\/\/penosil.com\/et\/wp-content\/uploads\/sites\/32\/2025\/09\/1500_HighTemp_Sealant_-1500C_EE_FI_1.png","type":"image\/png"}],"twitter_card":"summary_large_image","schema":{"@context":"https:\/\/schema.org","@graph":[{"@type":"WebPage","@id":"https:\/\/penosil.com\/et\/toode\/hightemp-sealant-1500c-korget-temperatuuri-taluv-hermeetik\/","url":"https:\/\/penosil.com\/et\/toode\/hightemp-sealant-1500c-korget-temperatuuri-taluv-hermeetik\/","name":"PENOSIL HighTemp Sealant +1500\u00a0\u00b0C k\u00f5rget temperatuuri taluv hermeetik","isPartOf":{"@id":"https:\/\/penosil.com\/et\/#website"},"primaryImageOfPage":{"@id":"https:\/\/penosil.com\/et\/toode\/hightemp-sealant-1500c-korget-temperatuuri-taluv-hermeetik\/#primaryimage"},"image":{"@id":"https:\/\/penosil.com\/et\/toode\/hightemp-sealant-1500c-korget-temperatuuri-taluv-hermeetik\/#primaryimage"},"thumbnailUrl":"https:\/\/penosil.com\/et\/wp-content\/uploads\/sites\/32\/2025\/09\/1500_HighTemp_Sealant_-1500C_EE_FI_1.png","datePublished":"2020-09-11T10:47:14+00:00","dateModified":"2026-02-19T13:48:29+00:00","description":"PENOSIL HighTemp Sealant +1500\u00a0\u00b0C on k\u00f5rget temperatuuri taluv hermeetik korstna-, ahju-, kamina- ja pliidivuukide ning -pragude t\u00e4itmiseks ja isoleerimiseks. Lugege lisaks.","breadcrumb":{"@id":"https:\/\/penosil.com\/et\/toode\/hightemp-sealant-1500c-korget-temperatuuri-taluv-hermeetik\/#breadcrumb"},"inLanguage":"et","potentialAction":[{"@type":"ReadAction","target":["https:\/\/penosil.com\/et\/toode\/hightemp-sealant-1500c-korget-temperatuuri-taluv-hermeetik\/"]}]},{"@type":"ImageObject","inLanguage":"et","@id":"https:\/\/penosil.com\/et\/toode\/hightemp-sealant-1500c-korget-temperatuuri-taluv-hermeetik\/#primaryimage","url":"https:\/\/penosil.com\/et\/wp-content\/uploads\/sites\/32\/2025\/09\/1500_HighTemp_Sealant_-1500C_EE_FI_1.png","contentUrl":"https:\/\/penosil.com\/et\/wp-content\/uploads\/sites\/32\/2025\/09\/1500_HighTemp_Sealant_-1500C_EE_FI_1.png","width":870,"height":2430,"caption":"PENOSIL HighTemp Sealant +1500\u00b0C - K\u00f5rget temperatuuri taluv hermeetik"},{"@type":"BreadcrumbList","@id":"https:\/\/penosil.com\/et\/toode\/hightemp-sealant-1500c-korget-temperatuuri-taluv-hermeetik\/#breadcrumb","itemListElement":[{"@type":"ListItem","position":1,"name":"Home","item":"https:\/\/penosil.com\/et\/"},{"@type":"ListItem","position":2,"name":"Tooted","item":"https:\/\/penosil.com\/et\/tooted\/"},{"@type":"ListItem","position":3,"name":"HighTemp Sealant +1500\u00b0C"}]},{"@type":"WebSite","@id":"https:\/\/penosil.com\/et\/#website","url":"https:\/\/penosil.com\/et\/","name":"Penosil Estonia","description":"","potentialAction":[{"@type":"SearchAction","target":{"@type":"EntryPoint","urlTemplate":"https:\/\/penosil.com\/et\/?s={search_term_string}"},"query-input":{"@type":"PropertyValueSpecification","valueRequired":true,"valueName":"search_term_string"}}],"inLanguage":"et"}]}},"featured_img":"https:\/\/penosil.com\/et\/wp-content\/uploads\/sites\/32\/2025\/09\/1500_HighTemp_Sealant_-1500C_EE_FI_1.png","coauthors":[],"author_meta":{"author_link":"https:\/\/penosil.com\/et\/author\/anne\/","display_name":"Anne Lulla"},"relative_dates":{"created":"Posted 6 aastat ago","modified":"Updated 2 kuud ago"},"absolute_dates":{"created":"Posted on 11. sept. 2020","modified":"Updated on 19. veebr. 2026"},"absolute_dates_time":{"created":"Posted on 11. sept. 2020 12:47","modified":"Updated on 19. veebr. 2026 03:48"},"featured_img_caption":"","tax_additional":{"product_brand":{"linked":[],"unlinked":[],"slug":"product_brand","name":"Br\u00e4ndid"},"product_type":{"linked":["<a href=\"https:\/\/penosil.com\/et\/?taxonomy=product_type&#038;term=simple\" class=\"advgb-post-tax-term\">simple<\/a>"],"unlinked":["<span class=\"advgb-post-tax-term\">simple<\/span>"],"slug":"product_type","name":"Product type"},"product_visibility":{"linked":[],"unlinked":[],"slug":"product_visibility","name":"Product visibility"},"product_cat":{"linked":["<a href=\"https:\/\/penosil.com\/et\/tooted\/tootekategooriad\/pinnatootlus-vahend\/taiteained\/\" class=\"advgb-post-tax-term\">T\u00e4iteained<\/a>","<a href=\"https:\/\/penosil.com\/et\/tooted\/tootekategooriad\/\" class=\"advgb-post-tax-term\">Tootekategooriad<\/a>","<a href=\"https:\/\/penosil.com\/et\/tooted\/tootekategooriad\/pinnatootlus-vahend\/\" class=\"advgb-post-tax-term\">Pinnat\u00f6\u00f6tlusvahendid<\/a>","<a href=\"https:\/\/penosil.com\/et\/tooted\/kasutusalad\/tulekindlus-korged-temperatuurid\/\" class=\"advgb-post-tax-term\">Tulekindlus\/K\u00f5rged temperatuurid<\/a>"],"unlinked":["<span class=\"advgb-post-tax-term\">T\u00e4iteained<\/span>","<span class=\"advgb-post-tax-term\">Tootekategooriad<\/span>","<span class=\"advgb-post-tax-term\">Pinnat\u00f6\u00f6tlusvahendid<\/span>","<span class=\"advgb-post-tax-term\">Tulekindlus\/K\u00f5rged temperatuurid<\/span>"],"slug":"product_cat","name":"Tootekategooriad"},"product_tag":{"linked":[],"unlinked":[],"slug":"product_tag","name":"Tootesildid"},"product_shipping_class":{"linked":[],"unlinked":[],"slug":"product_shipping_class","name":"Toote tarneklassid"},"pos_product_visibility":{"linked":[],"unlinked":[],"slug":"pos_product_visibility","name":"POS Product visibility"},"pa_color":{"linked":["<a href=\"https:\/\/penosil.com\/et\/?taxonomy=pa_color&#038;term=black-et\" class=\"advgb-post-tax-term\">Must<\/a>"],"unlinked":["<span class=\"advgb-post-tax-term\">Must<\/span>"],"slug":"pa_color","name":"Product Colour"},"pa_diameter":{"linked":[],"unlinked":[],"slug":"pa_diameter","name":"Product Diameter"},"pa_package":{"linked":["<a href=\"https:\/\/penosil.com\/et\/?taxonomy=pa_package&#038;term=280-ml-et\" class=\"advgb-post-tax-term\">280 ml<\/a>"],"unlinked":["<span class=\"advgb-post-tax-term\">280 ml<\/span>"],"slug":"pa_package","name":"Product Package"},"pa_roll":{"linked":[],"unlinked":[],"slug":"pa_roll","name":"Product Roll"},"pa_widths":{"linked":[],"unlinked":[],"slug":"pa_widths","name":"Product Widths"},"translation_priority":{"linked":["<a href=\"https:\/\/penosil.com\/et\/?taxonomy=translation_priority&#038;term=optional-et\" class=\"advgb-post-tax-term\">Optional<\/a>"],"unlinked":["<span class=\"advgb-post-tax-term\">Optional<\/span>"],"slug":"translation_priority","name":"Translation Priorities"}},"series_order":"","_links":{"self":[{"href":"https:\/\/penosil.com\/et\/wp-json\/wp\/v2\/product\/27485","targetHints":{"allow":["GET"]}}],"collection":[{"href":"https:\/\/penosil.com\/et\/wp-json\/wp\/v2\/product"}],"about":[{"href":"https:\/\/penosil.com\/et\/wp-json\/wp\/v2\/types\/product"}],"version-history":[{"count":8,"href":"https:\/\/penosil.com\/et\/wp-json\/wp\/v2\/product\/27485\/revisions"}],"predecessor-version":[{"id":35841,"href":"https:\/\/penosil.com\/et\/wp-json\/wp\/v2\/product\/27485\/revisions\/35841"}],"wp:featuredmedia":[{"embeddable":true,"href":"https:\/\/penosil.com\/et\/wp-json\/wp\/v2\/media\/34956"}],"wp:attachment":[{"href":"https:\/\/penosil.com\/et\/wp-json\/wp\/v2\/media?parent=27485"}],"wp:term":[{"taxonomy":"product_brand","embeddable":true,"href":"https:\/\/penosil.com\/et\/wp-json\/wp\/v2\/product_brand?post=27485"},{"taxonomy":"product_cat","embeddable":true,"href":"https:\/\/penosil.com\/et\/wp-json\/wp\/v2\/product_cat?post=27485"},{"taxonomy":"product_tag","embeddable":true,"href":"https:\/\/penosil.com\/et\/wp-json\/wp\/v2\/product_tag?post=27485"}],"curies":[{"name":"wp","href":"https:\/\/api.w.org\/{rel}","templated":true}]}}