{"id":28157,"date":"2021-01-11T16:16:41","date_gmt":"2021-01-11T14:16:41","guid":{"rendered":"https:\/\/penosil.com\/et\/?post_type=product&#038;p=28157"},"modified":"2026-02-09T10:46:41","modified_gmt":"2026-02-09T08:46:41","slug":"aquabrake-corner-patch-out-433-veekindel-valisnurga-tugevdustukk","status":"publish","type":"product","link":"https:\/\/penosil.com\/et\/toode\/aquabrake-corner-patch-out-433-veekindel-valisnurga-tugevdustukk\/","title":{"rendered":"AquaBrake Corner Patch Out 433"},"content":{"rendered":"<p>PENOSIL AquaBrake Corner Patch Out 433 on \u00f5huke veekindel v\u00e4lisnurga tugevdust\u00fckk.\u00a0Tugevdab h\u00fcdroisolatsioonimastiksite, nagu Aquabrake Fiber 640 strutkuuri.<\/p>\n","protected":false},"excerpt":{"rendered":"Veekindel v\u00e4lisnurga tugevdust\u00fckk","protected":false},"author":6,"featured_media":34783,"template":"","meta":{"_acf_changed":false,"advgb_blocks_editor_width":"","advgb_blocks_columns_visual_guide":"","footnotes":""},"product_brand":[],"product_cat":[1358,1682,2625,1142],"product_tag":[],"class_list":{"0":"post-28157","1":"product","2":"type-product","3":"status-publish","4":"has-post-thumbnail","6":"product_cat-tootekategooriad","7":"product_cat-tihendusmaterjalid","8":"product_cat-hudroisolatsiooniteibid-ja-membraanid","9":"product_cat-niisked-ruumid","11":"first","12":"instock","13":"taxable","14":"shipping-taxable","15":"purchasable","16":"product-type-simple"},"acf":[],"yoast_head":"<!-- This site is optimized with the Yoast SEO plugin v27.2 - https:\/\/yoast.com\/product\/yoast-seo-wordpress\/ -->\n<title>PENOSIL AquaBrake Corner Patch Out 433 v\u00e4lisnurga tugevdust\u00fckk<\/title>\n<meta name=\"description\" content=\"PENOSIL AquaBrake Corner Patch Out 433 on \u00f5huke veekindel v\u00e4lisnurga tugevdust\u00fckk kasutamiseks koos h\u00fcdroisolatsioonimastiksiga vannitubades, k\u00f6\u00f6kides, du\u0161iruumides, r\u00f5dudel, terrassidel.\" \/>\n<meta name=\"robots\" content=\"index, follow, max-snippet:-1, max-image-preview:large, max-video-preview:-1\" \/>\n<link rel=\"canonical\" href=\"https:\/\/penosil.com\/et\/toode\/aquabrake-corner-patch-out-433-veekindel-valisnurga-tugevdustukk\/\" \/>\n<meta property=\"og:locale\" content=\"et_EE\" \/>\n<meta property=\"og:type\" content=\"article\" \/>\n<meta property=\"og:title\" content=\"PENOSIL AquaBrake Corner Patch Out 433 v\u00e4lisnurga tugevdust\u00fckk\" \/>\n<meta property=\"og:description\" content=\"PENOSIL AquaBrake Corner Patch Out 433 on \u00f5huke veekindel v\u00e4lisnurga tugevdust\u00fckk kasutamiseks koos h\u00fcdroisolatsioonimastiksiga vannitubades, k\u00f6\u00f6kides, du\u0161iruumides, r\u00f5dudel, terrassidel.\" \/>\n<meta property=\"og:url\" content=\"https:\/\/penosil.com\/et\/toode\/aquabrake-corner-patch-out-433-veekindel-valisnurga-tugevdustukk\/\" \/>\n<meta property=\"og:site_name\" content=\"Penosil Estonia\" \/>\n<meta property=\"article:modified_time\" content=\"2026-02-09T08:46:41+00:00\" \/>\n<meta property=\"og:image\" content=\"https:\/\/penosil.com\/et\/wp-content\/uploads\/sites\/32\/2025\/09\/433_AquaBrake_Corner_Patch_Out_EE_FI_LT_LV_1.png\" \/>\n\t<meta property=\"og:image:width\" content=\"523\" \/>\n\t<meta property=\"og:image:height\" content=\"1080\" \/>\n\t<meta property=\"og:image:type\" content=\"image\/png\" \/>\n<meta name=\"twitter:card\" content=\"summary_large_image\" \/>\n<script type=\"application\/ld+json\" class=\"yoast-schema-graph\">{\"@context\":\"https:\/\/schema.org\",\"@graph\":[{\"@type\":\"WebPage\",\"@id\":\"https:\/\/penosil.com\/et\/toode\/aquabrake-corner-patch-out-433-veekindel-valisnurga-tugevdustukk\/\",\"url\":\"https:\/\/penosil.com\/et\/toode\/aquabrake-corner-patch-out-433-veekindel-valisnurga-tugevdustukk\/\",\"name\":\"PENOSIL AquaBrake Corner Patch Out 433 v\u00e4lisnurga tugevdust\u00fckk\",\"isPartOf\":{\"@id\":\"https:\/\/penosil.com\/et\/#website\"},\"primaryImageOfPage\":{\"@id\":\"https:\/\/penosil.com\/et\/toode\/aquabrake-corner-patch-out-433-veekindel-valisnurga-tugevdustukk\/#primaryimage\"},\"image\":{\"@id\":\"https:\/\/penosil.com\/et\/toode\/aquabrake-corner-patch-out-433-veekindel-valisnurga-tugevdustukk\/#primaryimage\"},\"thumbnailUrl\":\"https:\/\/penosil.com\/et\/wp-content\/uploads\/sites\/32\/2025\/09\/433_AquaBrake_Corner_Patch_Out_EE_FI_LT_LV_1.png\",\"datePublished\":\"2021-01-11T14:16:41+00:00\",\"dateModified\":\"2026-02-09T08:46:41+00:00\",\"description\":\"PENOSIL AquaBrake Corner Patch Out 433 on \u00f5huke veekindel v\u00e4lisnurga tugevdust\u00fckk kasutamiseks koos h\u00fcdroisolatsioonimastiksiga vannitubades, k\u00f6\u00f6kides, du\u0161iruumides, r\u00f5dudel, terrassidel.\",\"breadcrumb\":{\"@id\":\"https:\/\/penosil.com\/et\/toode\/aquabrake-corner-patch-out-433-veekindel-valisnurga-tugevdustukk\/#breadcrumb\"},\"inLanguage\":\"et\",\"potentialAction\":[{\"@type\":\"ReadAction\",\"target\":[\"https:\/\/penosil.com\/et\/toode\/aquabrake-corner-patch-out-433-veekindel-valisnurga-tugevdustukk\/\"]}]},{\"@type\":\"ImageObject\",\"inLanguage\":\"et\",\"@id\":\"https:\/\/penosil.com\/et\/toode\/aquabrake-corner-patch-out-433-veekindel-valisnurga-tugevdustukk\/#primaryimage\",\"url\":\"https:\/\/penosil.com\/et\/wp-content\/uploads\/sites\/32\/2025\/09\/433_AquaBrake_Corner_Patch_Out_EE_FI_LT_LV_1.png\",\"contentUrl\":\"https:\/\/penosil.com\/et\/wp-content\/uploads\/sites\/32\/2025\/09\/433_AquaBrake_Corner_Patch_Out_EE_FI_LT_LV_1.png\",\"width\":523,\"height\":1080,\"caption\":\"AquaBrake Corner Patch Out 433 veekindel v\u00e4lisnurga tugevdust\u00fckk\"},{\"@type\":\"BreadcrumbList\",\"@id\":\"https:\/\/penosil.com\/et\/toode\/aquabrake-corner-patch-out-433-veekindel-valisnurga-tugevdustukk\/#breadcrumb\",\"itemListElement\":[{\"@type\":\"ListItem\",\"position\":1,\"name\":\"Home\",\"item\":\"https:\/\/penosil.com\/et\/\"},{\"@type\":\"ListItem\",\"position\":2,\"name\":\"Tooted\",\"item\":\"https:\/\/penosil.com\/et\/tooted\/\"},{\"@type\":\"ListItem\",\"position\":3,\"name\":\"AquaBrake Corner Patch Out 433\"}]},{\"@type\":\"WebSite\",\"@id\":\"https:\/\/penosil.com\/et\/#website\",\"url\":\"https:\/\/penosil.com\/et\/\",\"name\":\"Penosil Estonia\",\"description\":\"\",\"potentialAction\":[{\"@type\":\"SearchAction\",\"target\":{\"@type\":\"EntryPoint\",\"urlTemplate\":\"https:\/\/penosil.com\/et\/?s={search_term_string}\"},\"query-input\":{\"@type\":\"PropertyValueSpecification\",\"valueRequired\":true,\"valueName\":\"search_term_string\"}}],\"inLanguage\":\"et\"}]}<\/script>\n<!-- \/ Yoast SEO plugin. -->","yoast_head_json":{"title":"PENOSIL AquaBrake Corner Patch Out 433 v\u00e4lisnurga tugevdust\u00fckk","description":"PENOSIL AquaBrake Corner Patch Out 433 on \u00f5huke veekindel v\u00e4lisnurga tugevdust\u00fckk kasutamiseks koos h\u00fcdroisolatsioonimastiksiga vannitubades, k\u00f6\u00f6kides, du\u0161iruumides, r\u00f5dudel, terrassidel.","robots":{"index":"index","follow":"follow","max-snippet":"max-snippet:-1","max-image-preview":"max-image-preview:large","max-video-preview":"max-video-preview:-1"},"canonical":"https:\/\/penosil.com\/et\/toode\/aquabrake-corner-patch-out-433-veekindel-valisnurga-tugevdustukk\/","og_locale":"et_EE","og_type":"article","og_title":"PENOSIL AquaBrake Corner Patch Out 433 v\u00e4lisnurga tugevdust\u00fckk","og_description":"PENOSIL AquaBrake Corner Patch Out 433 on \u00f5huke veekindel v\u00e4lisnurga tugevdust\u00fckk kasutamiseks koos h\u00fcdroisolatsioonimastiksiga vannitubades, k\u00f6\u00f6kides, du\u0161iruumides, r\u00f5dudel, terrassidel.","og_url":"https:\/\/penosil.com\/et\/toode\/aquabrake-corner-patch-out-433-veekindel-valisnurga-tugevdustukk\/","og_site_name":"Penosil Estonia","article_modified_time":"2026-02-09T08:46:41+00:00","og_image":[{"width":523,"height":1080,"url":"https:\/\/penosil.com\/et\/wp-content\/uploads\/sites\/32\/2025\/09\/433_AquaBrake_Corner_Patch_Out_EE_FI_LT_LV_1.png","type":"image\/png"}],"twitter_card":"summary_large_image","schema":{"@context":"https:\/\/schema.org","@graph":[{"@type":"WebPage","@id":"https:\/\/penosil.com\/et\/toode\/aquabrake-corner-patch-out-433-veekindel-valisnurga-tugevdustukk\/","url":"https:\/\/penosil.com\/et\/toode\/aquabrake-corner-patch-out-433-veekindel-valisnurga-tugevdustukk\/","name":"PENOSIL AquaBrake Corner Patch Out 433 v\u00e4lisnurga tugevdust\u00fckk","isPartOf":{"@id":"https:\/\/penosil.com\/et\/#website"},"primaryImageOfPage":{"@id":"https:\/\/penosil.com\/et\/toode\/aquabrake-corner-patch-out-433-veekindel-valisnurga-tugevdustukk\/#primaryimage"},"image":{"@id":"https:\/\/penosil.com\/et\/toode\/aquabrake-corner-patch-out-433-veekindel-valisnurga-tugevdustukk\/#primaryimage"},"thumbnailUrl":"https:\/\/penosil.com\/et\/wp-content\/uploads\/sites\/32\/2025\/09\/433_AquaBrake_Corner_Patch_Out_EE_FI_LT_LV_1.png","datePublished":"2021-01-11T14:16:41+00:00","dateModified":"2026-02-09T08:46:41+00:00","description":"PENOSIL AquaBrake Corner Patch Out 433 on \u00f5huke veekindel v\u00e4lisnurga tugevdust\u00fckk kasutamiseks koos h\u00fcdroisolatsioonimastiksiga vannitubades, k\u00f6\u00f6kides, du\u0161iruumides, r\u00f5dudel, terrassidel.","breadcrumb":{"@id":"https:\/\/penosil.com\/et\/toode\/aquabrake-corner-patch-out-433-veekindel-valisnurga-tugevdustukk\/#breadcrumb"},"inLanguage":"et","potentialAction":[{"@type":"ReadAction","target":["https:\/\/penosil.com\/et\/toode\/aquabrake-corner-patch-out-433-veekindel-valisnurga-tugevdustukk\/"]}]},{"@type":"ImageObject","inLanguage":"et","@id":"https:\/\/penosil.com\/et\/toode\/aquabrake-corner-patch-out-433-veekindel-valisnurga-tugevdustukk\/#primaryimage","url":"https:\/\/penosil.com\/et\/wp-content\/uploads\/sites\/32\/2025\/09\/433_AquaBrake_Corner_Patch_Out_EE_FI_LT_LV_1.png","contentUrl":"https:\/\/penosil.com\/et\/wp-content\/uploads\/sites\/32\/2025\/09\/433_AquaBrake_Corner_Patch_Out_EE_FI_LT_LV_1.png","width":523,"height":1080,"caption":"AquaBrake Corner Patch Out 433 veekindel v\u00e4lisnurga tugevdust\u00fckk"},{"@type":"BreadcrumbList","@id":"https:\/\/penosil.com\/et\/toode\/aquabrake-corner-patch-out-433-veekindel-valisnurga-tugevdustukk\/#breadcrumb","itemListElement":[{"@type":"ListItem","position":1,"name":"Home","item":"https:\/\/penosil.com\/et\/"},{"@type":"ListItem","position":2,"name":"Tooted","item":"https:\/\/penosil.com\/et\/tooted\/"},{"@type":"ListItem","position":3,"name":"AquaBrake Corner Patch Out 433"}]},{"@type":"WebSite","@id":"https:\/\/penosil.com\/et\/#website","url":"https:\/\/penosil.com\/et\/","name":"Penosil Estonia","description":"","potentialAction":[{"@type":"SearchAction","target":{"@type":"EntryPoint","urlTemplate":"https:\/\/penosil.com\/et\/?s={search_term_string}"},"query-input":{"@type":"PropertyValueSpecification","valueRequired":true,"valueName":"search_term_string"}}],"inLanguage":"et"}]}},"featured_img":"https:\/\/penosil.com\/et\/wp-content\/uploads\/sites\/32\/2025\/09\/433_AquaBrake_Corner_Patch_Out_EE_FI_LT_LV_1.png","coauthors":[],"author_meta":{"author_link":"https:\/\/penosil.com\/et\/author\/anne\/","display_name":"Anne Lulla"},"relative_dates":{"created":"Posted 5 aastat ago","modified":"Updated 2 kuud ago"},"absolute_dates":{"created":"Posted on 11. jaan. 2021","modified":"Updated on 9. veebr. 2026"},"absolute_dates_time":{"created":"Posted on 11. jaan. 2021 04:16","modified":"Updated on 9. veebr. 2026 10:46"},"featured_img_caption":"","tax_additional":{"product_brand":{"linked":[],"unlinked":[],"slug":"product_brand","name":"Br\u00e4ndid"},"product_type":{"linked":["<a href=\"https:\/\/penosil.com\/et\/?taxonomy=product_type&#038;term=simple\" class=\"advgb-post-tax-term\">simple<\/a>"],"unlinked":["<span class=\"advgb-post-tax-term\">simple<\/span>"],"slug":"product_type","name":"Product type"},"product_visibility":{"linked":[],"unlinked":[],"slug":"product_visibility","name":"Product visibility"},"product_cat":{"linked":["<a href=\"https:\/\/penosil.com\/et\/tooted\/tootekategooriad\/\" class=\"advgb-post-tax-term\">Tootekategooriad<\/a>","<a href=\"https:\/\/penosil.com\/et\/tooted\/tootekategooriad\/tihendusmaterjalid\/\" class=\"advgb-post-tax-term\">Teibid ja membraanid<\/a>","<a href=\"https:\/\/penosil.com\/et\/tooted\/tootekategooriad\/tihendusmaterjalid\/hudroisolatsiooniteibid-ja-membraanid\/\" class=\"advgb-post-tax-term\">H\u00fcdroisolatsiooniteibid ja membraanid<\/a>","<a href=\"https:\/\/penosil.com\/et\/tooted\/kasutusalad\/niisked-ruumid\/\" class=\"advgb-post-tax-term\">Niisked ruumid<\/a>"],"unlinked":["<span class=\"advgb-post-tax-term\">Tootekategooriad<\/span>","<span class=\"advgb-post-tax-term\">Teibid ja membraanid<\/span>","<span class=\"advgb-post-tax-term\">H\u00fcdroisolatsiooniteibid ja membraanid<\/span>","<span class=\"advgb-post-tax-term\">Niisked ruumid<\/span>"],"slug":"product_cat","name":"Tootekategooriad"},"product_tag":{"linked":[],"unlinked":[],"slug":"product_tag","name":"Tootesildid"},"product_shipping_class":{"linked":[],"unlinked":[],"slug":"product_shipping_class","name":"Toote tarneklassid"},"pos_product_visibility":{"linked":[],"unlinked":[],"slug":"pos_product_visibility","name":"POS Product visibility"},"pa_color":{"linked":["<a href=\"https:\/\/penosil.com\/et\/?taxonomy=pa_color&#038;term=red-et\" class=\"advgb-post-tax-term\">Punane<\/a>"],"unlinked":["<span class=\"advgb-post-tax-term\">Punane<\/span>"],"slug":"pa_color","name":"Product Colour"},"pa_diameter":{"linked":[],"unlinked":[],"slug":"pa_diameter","name":"Product Diameter"},"pa_package":{"linked":[],"unlinked":[],"slug":"pa_package","name":"Product Package"},"pa_roll":{"linked":[],"unlinked":[],"slug":"pa_roll","name":"Product Roll"},"pa_widths":{"linked":[],"unlinked":[],"slug":"pa_widths","name":"Product Widths"},"translation_priority":{"linked":["<a href=\"https:\/\/penosil.com\/et\/?taxonomy=translation_priority&#038;term=optional-et\" class=\"advgb-post-tax-term\">Optional<\/a>"],"unlinked":["<span class=\"advgb-post-tax-term\">Optional<\/span>"],"slug":"translation_priority","name":"Translation Priorities"}},"series_order":"","_links":{"self":[{"href":"https:\/\/penosil.com\/et\/wp-json\/wp\/v2\/product\/28157","targetHints":{"allow":["GET"]}}],"collection":[{"href":"https:\/\/penosil.com\/et\/wp-json\/wp\/v2\/product"}],"about":[{"href":"https:\/\/penosil.com\/et\/wp-json\/wp\/v2\/types\/product"}],"version-history":[{"count":7,"href":"https:\/\/penosil.com\/et\/wp-json\/wp\/v2\/product\/28157\/revisions"}],"predecessor-version":[{"id":35857,"href":"https:\/\/penosil.com\/et\/wp-json\/wp\/v2\/product\/28157\/revisions\/35857"}],"wp:featuredmedia":[{"embeddable":true,"href":"https:\/\/penosil.com\/et\/wp-json\/wp\/v2\/media\/34783"}],"wp:attachment":[{"href":"https:\/\/penosil.com\/et\/wp-json\/wp\/v2\/media?parent=28157"}],"wp:term":[{"taxonomy":"product_brand","embeddable":true,"href":"https:\/\/penosil.com\/et\/wp-json\/wp\/v2\/product_brand?post=28157"},{"taxonomy":"product_cat","embeddable":true,"href":"https:\/\/penosil.com\/et\/wp-json\/wp\/v2\/product_cat?post=28157"},{"taxonomy":"product_tag","embeddable":true,"href":"https:\/\/penosil.com\/et\/wp-json\/wp\/v2\/product_tag?post=28157"}],"curies":[{"name":"wp","href":"https:\/\/api.w.org\/{rel}","templated":true}]}}