{"id":28594,"date":"2021-05-06T15:30:25","date_gmt":"2021-05-06T13:30:25","guid":{"rendered":"https:\/\/penosil.com\/et\/?post_type=product&#038;p=28594"},"modified":"2026-02-19T15:48:29","modified_gmt":"2026-02-19T13:48:29","slug":"grainy-acrylic-655-teraline-akruulhermeetik","status":"publish","type":"product","link":"https:\/\/penosil.com\/et\/toode\/grainy-acrylic-655-teraline-akruulhermeetik\/","title":{"rendered":"Grainy Acrylic 655"},"content":{"rendered":"<p>PENOSIL Grainy Acrylic 655 on veep\u00f5hine plastoelastne akr\u00fc\u00fclhermeetik teralise struktuuriga v\u00e4ikeste t\u00fchimike ja pragude t\u00e4itmiseks ning tihendamiseks krobelise tekstuuriga pindadel. Teraline koostis tagab krobedate pindade, n\u00e4iteks stukkviimistlusega pinna, \u00fchtlase ja ilmastikukindla viimistluse.<\/p>\n","protected":false},"excerpt":{"rendered":"Teraline akr\u00fc\u00fclhermeetik","protected":false},"author":6,"featured_media":34946,"template":"","meta":{"_acf_changed":false,"advgb_blocks_editor_width":"","advgb_blocks_columns_visual_guide":"","footnotes":""},"product_brand":[],"product_cat":[1358,1598,1624,574],"product_tag":[],"class_list":{"0":"post-28594","1":"product","2":"type-product","3":"status-publish","4":"has-post-thumbnail","6":"product_cat-tootekategooriad","7":"product_cat-hermeetikud","8":"product_cat-akruulid","9":"product_cat-viimistlus","11":"first","12":"instock","13":"taxable","14":"shipping-taxable","15":"purchasable","16":"product-type-simple"},"acf":[],"yoast_head":"<!-- This site is optimized with the Yoast SEO plugin v27.4 - https:\/\/yoast.com\/product\/yoast-seo-wordpress\/ -->\n<title>PENOSIL Grainy Acrylic 655 teraline akr\u00fc\u00fclhermeetik krobelise tekstuuriga pindadele<\/title>\n<meta name=\"description\" content=\"PENOSIL Grainy Acrylic 655 on teraline akr\u00fc\u00fclhermeetik v\u00e4ikeste t\u00fchimike ja pragude t\u00e4itmiseks stukk-viimistluses ja muudes krobelise tekstuuriga pindadel. Lugege lisaks!\" \/>\n<meta name=\"robots\" content=\"index, follow, max-snippet:-1, max-image-preview:large, max-video-preview:-1\" \/>\n<link rel=\"canonical\" href=\"https:\/\/penosil.com\/et\/toode\/grainy-acrylic-655-teraline-akruulhermeetik\/\" \/>\n<meta property=\"og:locale\" content=\"et_EE\" \/>\n<meta property=\"og:type\" content=\"article\" \/>\n<meta property=\"og:title\" content=\"PENOSIL Grainy Acrylic 655 teraline akr\u00fc\u00fclhermeetik krobelise tekstuuriga pindadele\" \/>\n<meta property=\"og:description\" content=\"PENOSIL Grainy Acrylic 655 on teraline akr\u00fc\u00fclhermeetik v\u00e4ikeste t\u00fchimike ja pragude t\u00e4itmiseks stukk-viimistluses ja muudes krobelise tekstuuriga pindadel. Lugege lisaks!\" \/>\n<meta property=\"og:url\" content=\"https:\/\/penosil.com\/et\/toode\/grainy-acrylic-655-teraline-akruulhermeetik\/\" \/>\n<meta property=\"og:site_name\" content=\"Penosil Estonia\" \/>\n<meta property=\"article:modified_time\" content=\"2026-02-19T13:48:29+00:00\" \/>\n<meta property=\"og:image\" content=\"https:\/\/penosil.com\/et\/wp-content\/uploads\/sites\/32\/2025\/09\/655_Grainy_Acrylc_655_EE_FI_1.png\" \/>\n\t<meta property=\"og:image:width\" content=\"870\" \/>\n\t<meta property=\"og:image:height\" content=\"2430\" \/>\n\t<meta property=\"og:image:type\" content=\"image\/png\" \/>\n<meta name=\"twitter:card\" content=\"summary_large_image\" \/>\n<script type=\"application\/ld+json\" class=\"yoast-schema-graph\">{\"@context\":\"https:\\\/\\\/schema.org\",\"@graph\":[{\"@type\":\"WebPage\",\"@id\":\"https:\\\/\\\/penosil.com\\\/et\\\/toode\\\/grainy-acrylic-655-teraline-akruulhermeetik\\\/\",\"url\":\"https:\\\/\\\/penosil.com\\\/et\\\/toode\\\/grainy-acrylic-655-teraline-akruulhermeetik\\\/\",\"name\":\"PENOSIL Grainy Acrylic 655 teraline akr\u00fc\u00fclhermeetik krobelise tekstuuriga pindadele\",\"isPartOf\":{\"@id\":\"https:\\\/\\\/penosil.com\\\/et\\\/#website\"},\"primaryImageOfPage\":{\"@id\":\"https:\\\/\\\/penosil.com\\\/et\\\/toode\\\/grainy-acrylic-655-teraline-akruulhermeetik\\\/#primaryimage\"},\"image\":{\"@id\":\"https:\\\/\\\/penosil.com\\\/et\\\/toode\\\/grainy-acrylic-655-teraline-akruulhermeetik\\\/#primaryimage\"},\"thumbnailUrl\":\"https:\\\/\\\/penosil.com\\\/et\\\/wp-content\\\/uploads\\\/sites\\\/32\\\/2025\\\/09\\\/655_Grainy_Acrylc_655_EE_FI_1.png\",\"datePublished\":\"2021-05-06T13:30:25+00:00\",\"dateModified\":\"2026-02-19T13:48:29+00:00\",\"description\":\"PENOSIL Grainy Acrylic 655 on teraline akr\u00fc\u00fclhermeetik v\u00e4ikeste t\u00fchimike ja pragude t\u00e4itmiseks stukk-viimistluses ja muudes krobelise tekstuuriga pindadel. Lugege lisaks!\",\"breadcrumb\":{\"@id\":\"https:\\\/\\\/penosil.com\\\/et\\\/toode\\\/grainy-acrylic-655-teraline-akruulhermeetik\\\/#breadcrumb\"},\"inLanguage\":\"et\",\"potentialAction\":[{\"@type\":\"ReadAction\",\"target\":[\"https:\\\/\\\/penosil.com\\\/et\\\/toode\\\/grainy-acrylic-655-teraline-akruulhermeetik\\\/\"]}]},{\"@type\":\"ImageObject\",\"inLanguage\":\"et\",\"@id\":\"https:\\\/\\\/penosil.com\\\/et\\\/toode\\\/grainy-acrylic-655-teraline-akruulhermeetik\\\/#primaryimage\",\"url\":\"https:\\\/\\\/penosil.com\\\/et\\\/wp-content\\\/uploads\\\/sites\\\/32\\\/2025\\\/09\\\/655_Grainy_Acrylc_655_EE_FI_1.png\",\"contentUrl\":\"https:\\\/\\\/penosil.com\\\/et\\\/wp-content\\\/uploads\\\/sites\\\/32\\\/2025\\\/09\\\/655_Grainy_Acrylc_655_EE_FI_1.png\",\"width\":870,\"height\":2430,\"caption\":\"PENOSIL Grainy Acrylic 655 teraline akr\u00fc\u00fclhermeetik\"},{\"@type\":\"BreadcrumbList\",\"@id\":\"https:\\\/\\\/penosil.com\\\/et\\\/toode\\\/grainy-acrylic-655-teraline-akruulhermeetik\\\/#breadcrumb\",\"itemListElement\":[{\"@type\":\"ListItem\",\"position\":1,\"name\":\"Home\",\"item\":\"https:\\\/\\\/penosil.com\\\/et\\\/\"},{\"@type\":\"ListItem\",\"position\":2,\"name\":\"Tooted\",\"item\":\"https:\\\/\\\/penosil.com\\\/et\\\/tooted\\\/\"},{\"@type\":\"ListItem\",\"position\":3,\"name\":\"Grainy Acrylic 655\"}]},{\"@type\":\"WebSite\",\"@id\":\"https:\\\/\\\/penosil.com\\\/et\\\/#website\",\"url\":\"https:\\\/\\\/penosil.com\\\/et\\\/\",\"name\":\"Penosil Estonia\",\"description\":\"\",\"potentialAction\":[{\"@type\":\"SearchAction\",\"target\":{\"@type\":\"EntryPoint\",\"urlTemplate\":\"https:\\\/\\\/penosil.com\\\/et\\\/?s={search_term_string}\"},\"query-input\":{\"@type\":\"PropertyValueSpecification\",\"valueRequired\":true,\"valueName\":\"search_term_string\"}}],\"inLanguage\":\"et\"}]}<\/script>\n<!-- \/ Yoast SEO plugin. -->","yoast_head_json":{"title":"PENOSIL Grainy Acrylic 655 teraline akr\u00fc\u00fclhermeetik krobelise tekstuuriga pindadele","description":"PENOSIL Grainy Acrylic 655 on teraline akr\u00fc\u00fclhermeetik v\u00e4ikeste t\u00fchimike ja pragude t\u00e4itmiseks stukk-viimistluses ja muudes krobelise tekstuuriga pindadel. Lugege lisaks!","robots":{"index":"index","follow":"follow","max-snippet":"max-snippet:-1","max-image-preview":"max-image-preview:large","max-video-preview":"max-video-preview:-1"},"canonical":"https:\/\/penosil.com\/et\/toode\/grainy-acrylic-655-teraline-akruulhermeetik\/","og_locale":"et_EE","og_type":"article","og_title":"PENOSIL Grainy Acrylic 655 teraline akr\u00fc\u00fclhermeetik krobelise tekstuuriga pindadele","og_description":"PENOSIL Grainy Acrylic 655 on teraline akr\u00fc\u00fclhermeetik v\u00e4ikeste t\u00fchimike ja pragude t\u00e4itmiseks stukk-viimistluses ja muudes krobelise tekstuuriga pindadel. Lugege lisaks!","og_url":"https:\/\/penosil.com\/et\/toode\/grainy-acrylic-655-teraline-akruulhermeetik\/","og_site_name":"Penosil Estonia","article_modified_time":"2026-02-19T13:48:29+00:00","og_image":[{"width":870,"height":2430,"url":"https:\/\/penosil.com\/et\/wp-content\/uploads\/sites\/32\/2025\/09\/655_Grainy_Acrylc_655_EE_FI_1.png","type":"image\/png"}],"twitter_card":"summary_large_image","schema":{"@context":"https:\/\/schema.org","@graph":[{"@type":"WebPage","@id":"https:\/\/penosil.com\/et\/toode\/grainy-acrylic-655-teraline-akruulhermeetik\/","url":"https:\/\/penosil.com\/et\/toode\/grainy-acrylic-655-teraline-akruulhermeetik\/","name":"PENOSIL Grainy Acrylic 655 teraline akr\u00fc\u00fclhermeetik krobelise tekstuuriga pindadele","isPartOf":{"@id":"https:\/\/penosil.com\/et\/#website"},"primaryImageOfPage":{"@id":"https:\/\/penosil.com\/et\/toode\/grainy-acrylic-655-teraline-akruulhermeetik\/#primaryimage"},"image":{"@id":"https:\/\/penosil.com\/et\/toode\/grainy-acrylic-655-teraline-akruulhermeetik\/#primaryimage"},"thumbnailUrl":"https:\/\/penosil.com\/et\/wp-content\/uploads\/sites\/32\/2025\/09\/655_Grainy_Acrylc_655_EE_FI_1.png","datePublished":"2021-05-06T13:30:25+00:00","dateModified":"2026-02-19T13:48:29+00:00","description":"PENOSIL Grainy Acrylic 655 on teraline akr\u00fc\u00fclhermeetik v\u00e4ikeste t\u00fchimike ja pragude t\u00e4itmiseks stukk-viimistluses ja muudes krobelise tekstuuriga pindadel. Lugege lisaks!","breadcrumb":{"@id":"https:\/\/penosil.com\/et\/toode\/grainy-acrylic-655-teraline-akruulhermeetik\/#breadcrumb"},"inLanguage":"et","potentialAction":[{"@type":"ReadAction","target":["https:\/\/penosil.com\/et\/toode\/grainy-acrylic-655-teraline-akruulhermeetik\/"]}]},{"@type":"ImageObject","inLanguage":"et","@id":"https:\/\/penosil.com\/et\/toode\/grainy-acrylic-655-teraline-akruulhermeetik\/#primaryimage","url":"https:\/\/penosil.com\/et\/wp-content\/uploads\/sites\/32\/2025\/09\/655_Grainy_Acrylc_655_EE_FI_1.png","contentUrl":"https:\/\/penosil.com\/et\/wp-content\/uploads\/sites\/32\/2025\/09\/655_Grainy_Acrylc_655_EE_FI_1.png","width":870,"height":2430,"caption":"PENOSIL Grainy Acrylic 655 teraline akr\u00fc\u00fclhermeetik"},{"@type":"BreadcrumbList","@id":"https:\/\/penosil.com\/et\/toode\/grainy-acrylic-655-teraline-akruulhermeetik\/#breadcrumb","itemListElement":[{"@type":"ListItem","position":1,"name":"Home","item":"https:\/\/penosil.com\/et\/"},{"@type":"ListItem","position":2,"name":"Tooted","item":"https:\/\/penosil.com\/et\/tooted\/"},{"@type":"ListItem","position":3,"name":"Grainy Acrylic 655"}]},{"@type":"WebSite","@id":"https:\/\/penosil.com\/et\/#website","url":"https:\/\/penosil.com\/et\/","name":"Penosil Estonia","description":"","potentialAction":[{"@type":"SearchAction","target":{"@type":"EntryPoint","urlTemplate":"https:\/\/penosil.com\/et\/?s={search_term_string}"},"query-input":{"@type":"PropertyValueSpecification","valueRequired":true,"valueName":"search_term_string"}}],"inLanguage":"et"}]}},"featured_img":"https:\/\/penosil.com\/et\/wp-content\/uploads\/sites\/32\/2025\/09\/655_Grainy_Acrylc_655_EE_FI_1.png","coauthors":[],"author_meta":{"author_link":"https:\/\/penosil.com\/et\/author\/anne\/","display_name":"Anne Lulla"},"relative_dates":{"created":"Posted 5 aastat ago","modified":"Updated 3 kuud ago"},"absolute_dates":{"created":"Posted on 6. mai 2021","modified":"Updated on 19. veebr. 2026"},"absolute_dates_time":{"created":"Posted on 6. mai 2021 03:30","modified":"Updated on 19. veebr. 2026 03:48"},"featured_img_caption":"","tax_additional":{"product_brand":{"linked":[],"unlinked":[],"slug":"product_brand","name":"Br\u00e4ndid"},"product_type":{"linked":["<a href=\"https:\/\/penosil.com\/et\/?taxonomy=product_type&#038;term=simple\" class=\"advgb-post-tax-term\">simple<\/a>"],"unlinked":["<span class=\"advgb-post-tax-term\">simple<\/span>"],"slug":"product_type","name":"Product type"},"product_visibility":{"linked":[],"unlinked":[],"slug":"product_visibility","name":"Product visibility"},"product_cat":{"linked":["<a href=\"https:\/\/penosil.com\/et\/tooted\/tootekategooriad\/\" class=\"advgb-post-tax-term\">Tootekategooriad<\/a>","<a href=\"https:\/\/penosil.com\/et\/tooted\/tootekategooriad\/hermeetikud\/\" class=\"advgb-post-tax-term\">Hermeetikud ja mastiksid<\/a>","<a href=\"https:\/\/penosil.com\/et\/tooted\/tootekategooriad\/hermeetikud\/akruulid\/\" class=\"advgb-post-tax-term\">Akr\u00fc\u00fclid<\/a>","<a href=\"https:\/\/penosil.com\/et\/tooted\/kasutusalad\/viimistlus\/\" class=\"advgb-post-tax-term\">Viimistlus<\/a>"],"unlinked":["<span class=\"advgb-post-tax-term\">Tootekategooriad<\/span>","<span class=\"advgb-post-tax-term\">Hermeetikud ja mastiksid<\/span>","<span class=\"advgb-post-tax-term\">Akr\u00fc\u00fclid<\/span>","<span class=\"advgb-post-tax-term\">Viimistlus<\/span>"],"slug":"product_cat","name":"Tootekategooriad"},"product_tag":{"linked":[],"unlinked":[],"slug":"product_tag","name":"Tootesildid"},"product_shipping_class":{"linked":[],"unlinked":[],"slug":"product_shipping_class","name":"Toote tarneklassid"},"pos_product_visibility":{"linked":[],"unlinked":[],"slug":"pos_product_visibility","name":"POS Product visibility"},"pa_color":{"linked":["<a href=\"https:\/\/penosil.com\/et\/?taxonomy=pa_color&#038;term=white-et-2\" class=\"advgb-post-tax-term\">Valge<\/a>"],"unlinked":["<span class=\"advgb-post-tax-term\">Valge<\/span>"],"slug":"pa_color","name":"Product Colour"},"pa_diameter":{"linked":[],"unlinked":[],"slug":"pa_diameter","name":"Product Diameter"},"pa_package":{"linked":[],"unlinked":[],"slug":"pa_package","name":"Product Package"},"pa_roll":{"linked":[],"unlinked":[],"slug":"pa_roll","name":"Product Roll"},"pa_widths":{"linked":[],"unlinked":[],"slug":"pa_widths","name":"Product Widths"},"translation_priority":{"linked":["<a href=\"https:\/\/penosil.com\/et\/?taxonomy=translation_priority&#038;term=optional-et\" class=\"advgb-post-tax-term\">Optional<\/a>"],"unlinked":["<span class=\"advgb-post-tax-term\">Optional<\/span>"],"slug":"translation_priority","name":"Translation Priorities"}},"series_order":"","_links":{"self":[{"href":"https:\/\/penosil.com\/et\/wp-json\/wp\/v2\/product\/28594","targetHints":{"allow":["GET"]}}],"collection":[{"href":"https:\/\/penosil.com\/et\/wp-json\/wp\/v2\/product"}],"about":[{"href":"https:\/\/penosil.com\/et\/wp-json\/wp\/v2\/types\/product"}],"version-history":[{"count":5,"href":"https:\/\/penosil.com\/et\/wp-json\/wp\/v2\/product\/28594\/revisions"}],"predecessor-version":[{"id":35835,"href":"https:\/\/penosil.com\/et\/wp-json\/wp\/v2\/product\/28594\/revisions\/35835"}],"wp:featuredmedia":[{"embeddable":true,"href":"https:\/\/penosil.com\/et\/wp-json\/wp\/v2\/media\/34946"}],"wp:attachment":[{"href":"https:\/\/penosil.com\/et\/wp-json\/wp\/v2\/media?parent=28594"}],"wp:term":[{"taxonomy":"product_brand","embeddable":true,"href":"https:\/\/penosil.com\/et\/wp-json\/wp\/v2\/product_brand?post=28594"},{"taxonomy":"product_cat","embeddable":true,"href":"https:\/\/penosil.com\/et\/wp-json\/wp\/v2\/product_cat?post=28594"},{"taxonomy":"product_tag","embeddable":true,"href":"https:\/\/penosil.com\/et\/wp-json\/wp\/v2\/product_tag?post=28594"}],"curies":[{"name":"wp","href":"https:\/\/api.w.org\/{rel}","templated":true}]}}