{"id":28606,"date":"2021-05-13T14:10:30","date_gmt":"2021-05-13T12:10:30","guid":{"rendered":"https:\/\/penosil.com\/et\/?post_type=product&#038;p=28606"},"modified":"2026-02-09T10:46:41","modified_gmt":"2026-02-09T08:46:41","slug":"airtight-membrane-704-ohu-ja-ilmastikukindel-vedelmembraan","status":"publish","type":"product","link":"https:\/\/penosil.com\/et\/toode\/airtight-membrane-704-ohu-ja-ilmastikukindel-vedelmembraan\/","title":{"rendered":"Airtight Membrane 704"},"content":{"rendered":"<p>PENOSIL Airtight Membrane 704 on kasutusvalmis v\u00e4ga elastne mastiks. Peale tardumist moodustab \u00fchtlase membraani, mis on t\u00e4iesti \u00f5hu- ja veekindel olles siiski veeauru l\u00e4bilaskev.<\/p>\n","protected":false},"excerpt":{"rendered":"\u00d5hu- ja ilmastikukindel vedelmembraan","protected":false},"author":6,"featured_media":35135,"template":"","meta":{"_acf_changed":false,"advgb_blocks_editor_width":"","advgb_blocks_columns_visual_guide":"","footnotes":""},"product_brand":[],"product_cat":[1358,1283,1682,2633,2626,1704],"product_tag":[],"class_list":{"0":"post-28606","1":"product","2":"type-product","3":"status-publish","4":"has-post-thumbnail","6":"product_cat-tootekategooriad","7":"product_cat-aken-ja-uks","8":"product_cat-tihendusmaterjalid","9":"product_cat-pinnakatted-ja-membraanid","10":"product_cat-aknalindid-ja-membraanid","11":"product_cat-pinnatootlus-vahend","13":"first","14":"instock","15":"taxable","16":"shipping-taxable","17":"purchasable","18":"product-type-simple"},"acf":[],"yoast_head":"<!-- This site is optimized with the Yoast SEO plugin v27.2 - https:\/\/yoast.com\/product\/yoast-seo-wordpress\/ -->\n<title>PENOSIL Airtight Membrane 704 \u00f5hu- ja ilmastikukindel vedelmembraan<\/title>\n<meta name=\"description\" content=\"PENOSIL Airtight Membrane 704 on kasutusvalmis vedel membraan \u00f5hu- ja ilmastikukindlate \u00fchenduste tagamiseks. Loe rohkem!\" \/>\n<meta name=\"robots\" content=\"index, follow, max-snippet:-1, max-image-preview:large, max-video-preview:-1\" \/>\n<link rel=\"canonical\" href=\"https:\/\/penosil.com\/et\/toode\/airtight-membrane-704-ohu-ja-ilmastikukindel-vedelmembraan\/\" \/>\n<meta property=\"og:locale\" content=\"et_EE\" \/>\n<meta property=\"og:type\" content=\"article\" \/>\n<meta property=\"og:title\" content=\"PENOSIL Airtight Membrane 704 \u00f5hu- ja ilmastikukindel vedelmembraan\" \/>\n<meta property=\"og:description\" content=\"PENOSIL Airtight Membrane 704 on kasutusvalmis vedel membraan \u00f5hu- ja ilmastikukindlate \u00fchenduste tagamiseks. Loe rohkem!\" \/>\n<meta property=\"og:url\" content=\"https:\/\/penosil.com\/et\/toode\/airtight-membrane-704-ohu-ja-ilmastikukindel-vedelmembraan\/\" \/>\n<meta property=\"og:site_name\" content=\"Penosil Estonia\" \/>\n<meta property=\"article:modified_time\" content=\"2026-02-09T08:46:41+00:00\" \/>\n<meta property=\"og:image\" content=\"https:\/\/penosil.com\/et\/wp-content\/uploads\/sites\/32\/2025\/09\/Window26Door_Foil_600ml_2.png\" \/>\n\t<meta property=\"og:image:width\" content=\"523\" \/>\n\t<meta property=\"og:image:height\" content=\"1080\" \/>\n\t<meta property=\"og:image:type\" content=\"image\/png\" \/>\n<meta name=\"twitter:card\" content=\"summary_large_image\" \/>\n<script type=\"application\/ld+json\" class=\"yoast-schema-graph\">{\"@context\":\"https:\/\/schema.org\",\"@graph\":[{\"@type\":\"WebPage\",\"@id\":\"https:\/\/penosil.com\/et\/toode\/airtight-membrane-704-ohu-ja-ilmastikukindel-vedelmembraan\/\",\"url\":\"https:\/\/penosil.com\/et\/toode\/airtight-membrane-704-ohu-ja-ilmastikukindel-vedelmembraan\/\",\"name\":\"PENOSIL Airtight Membrane 704 \u00f5hu- ja ilmastikukindel vedelmembraan\",\"isPartOf\":{\"@id\":\"https:\/\/penosil.com\/et\/#website\"},\"primaryImageOfPage\":{\"@id\":\"https:\/\/penosil.com\/et\/toode\/airtight-membrane-704-ohu-ja-ilmastikukindel-vedelmembraan\/#primaryimage\"},\"image\":{\"@id\":\"https:\/\/penosil.com\/et\/toode\/airtight-membrane-704-ohu-ja-ilmastikukindel-vedelmembraan\/#primaryimage\"},\"thumbnailUrl\":\"https:\/\/penosil.com\/et\/wp-content\/uploads\/sites\/32\/2025\/09\/Window26Door_Foil_600ml_2.png\",\"datePublished\":\"2021-05-13T12:10:30+00:00\",\"dateModified\":\"2026-02-09T08:46:41+00:00\",\"description\":\"PENOSIL Airtight Membrane 704 on kasutusvalmis vedel membraan \u00f5hu- ja ilmastikukindlate \u00fchenduste tagamiseks. Loe rohkem!\",\"breadcrumb\":{\"@id\":\"https:\/\/penosil.com\/et\/toode\/airtight-membrane-704-ohu-ja-ilmastikukindel-vedelmembraan\/#breadcrumb\"},\"inLanguage\":\"et\",\"potentialAction\":[{\"@type\":\"ReadAction\",\"target\":[\"https:\/\/penosil.com\/et\/toode\/airtight-membrane-704-ohu-ja-ilmastikukindel-vedelmembraan\/\"]}]},{\"@type\":\"ImageObject\",\"inLanguage\":\"et\",\"@id\":\"https:\/\/penosil.com\/et\/toode\/airtight-membrane-704-ohu-ja-ilmastikukindel-vedelmembraan\/#primaryimage\",\"url\":\"https:\/\/penosil.com\/et\/wp-content\/uploads\/sites\/32\/2025\/09\/Window26Door_Foil_600ml_2.png\",\"contentUrl\":\"https:\/\/penosil.com\/et\/wp-content\/uploads\/sites\/32\/2025\/09\/Window26Door_Foil_600ml_2.png\",\"width\":523,\"height\":1080,\"caption\":\"Window&Door kategooria hermeetiku vorst 600ml\"},{\"@type\":\"BreadcrumbList\",\"@id\":\"https:\/\/penosil.com\/et\/toode\/airtight-membrane-704-ohu-ja-ilmastikukindel-vedelmembraan\/#breadcrumb\",\"itemListElement\":[{\"@type\":\"ListItem\",\"position\":1,\"name\":\"Home\",\"item\":\"https:\/\/penosil.com\/et\/\"},{\"@type\":\"ListItem\",\"position\":2,\"name\":\"Tooted\",\"item\":\"https:\/\/penosil.com\/et\/tooted\/\"},{\"@type\":\"ListItem\",\"position\":3,\"name\":\"Airtight Membrane 704\"}]},{\"@type\":\"WebSite\",\"@id\":\"https:\/\/penosil.com\/et\/#website\",\"url\":\"https:\/\/penosil.com\/et\/\",\"name\":\"Penosil Estonia\",\"description\":\"\",\"potentialAction\":[{\"@type\":\"SearchAction\",\"target\":{\"@type\":\"EntryPoint\",\"urlTemplate\":\"https:\/\/penosil.com\/et\/?s={search_term_string}\"},\"query-input\":{\"@type\":\"PropertyValueSpecification\",\"valueRequired\":true,\"valueName\":\"search_term_string\"}}],\"inLanguage\":\"et\"}]}<\/script>\n<!-- \/ Yoast SEO plugin. -->","yoast_head_json":{"title":"PENOSIL Airtight Membrane 704 \u00f5hu- ja ilmastikukindel vedelmembraan","description":"PENOSIL Airtight Membrane 704 on kasutusvalmis vedel membraan \u00f5hu- ja ilmastikukindlate \u00fchenduste tagamiseks. Loe rohkem!","robots":{"index":"index","follow":"follow","max-snippet":"max-snippet:-1","max-image-preview":"max-image-preview:large","max-video-preview":"max-video-preview:-1"},"canonical":"https:\/\/penosil.com\/et\/toode\/airtight-membrane-704-ohu-ja-ilmastikukindel-vedelmembraan\/","og_locale":"et_EE","og_type":"article","og_title":"PENOSIL Airtight Membrane 704 \u00f5hu- ja ilmastikukindel vedelmembraan","og_description":"PENOSIL Airtight Membrane 704 on kasutusvalmis vedel membraan \u00f5hu- ja ilmastikukindlate \u00fchenduste tagamiseks. Loe rohkem!","og_url":"https:\/\/penosil.com\/et\/toode\/airtight-membrane-704-ohu-ja-ilmastikukindel-vedelmembraan\/","og_site_name":"Penosil Estonia","article_modified_time":"2026-02-09T08:46:41+00:00","og_image":[{"width":523,"height":1080,"url":"https:\/\/penosil.com\/et\/wp-content\/uploads\/sites\/32\/2025\/09\/Window26Door_Foil_600ml_2.png","type":"image\/png"}],"twitter_card":"summary_large_image","schema":{"@context":"https:\/\/schema.org","@graph":[{"@type":"WebPage","@id":"https:\/\/penosil.com\/et\/toode\/airtight-membrane-704-ohu-ja-ilmastikukindel-vedelmembraan\/","url":"https:\/\/penosil.com\/et\/toode\/airtight-membrane-704-ohu-ja-ilmastikukindel-vedelmembraan\/","name":"PENOSIL Airtight Membrane 704 \u00f5hu- ja ilmastikukindel vedelmembraan","isPartOf":{"@id":"https:\/\/penosil.com\/et\/#website"},"primaryImageOfPage":{"@id":"https:\/\/penosil.com\/et\/toode\/airtight-membrane-704-ohu-ja-ilmastikukindel-vedelmembraan\/#primaryimage"},"image":{"@id":"https:\/\/penosil.com\/et\/toode\/airtight-membrane-704-ohu-ja-ilmastikukindel-vedelmembraan\/#primaryimage"},"thumbnailUrl":"https:\/\/penosil.com\/et\/wp-content\/uploads\/sites\/32\/2025\/09\/Window26Door_Foil_600ml_2.png","datePublished":"2021-05-13T12:10:30+00:00","dateModified":"2026-02-09T08:46:41+00:00","description":"PENOSIL Airtight Membrane 704 on kasutusvalmis vedel membraan \u00f5hu- ja ilmastikukindlate \u00fchenduste tagamiseks. Loe rohkem!","breadcrumb":{"@id":"https:\/\/penosil.com\/et\/toode\/airtight-membrane-704-ohu-ja-ilmastikukindel-vedelmembraan\/#breadcrumb"},"inLanguage":"et","potentialAction":[{"@type":"ReadAction","target":["https:\/\/penosil.com\/et\/toode\/airtight-membrane-704-ohu-ja-ilmastikukindel-vedelmembraan\/"]}]},{"@type":"ImageObject","inLanguage":"et","@id":"https:\/\/penosil.com\/et\/toode\/airtight-membrane-704-ohu-ja-ilmastikukindel-vedelmembraan\/#primaryimage","url":"https:\/\/penosil.com\/et\/wp-content\/uploads\/sites\/32\/2025\/09\/Window26Door_Foil_600ml_2.png","contentUrl":"https:\/\/penosil.com\/et\/wp-content\/uploads\/sites\/32\/2025\/09\/Window26Door_Foil_600ml_2.png","width":523,"height":1080,"caption":"Window&Door kategooria hermeetiku vorst 600ml"},{"@type":"BreadcrumbList","@id":"https:\/\/penosil.com\/et\/toode\/airtight-membrane-704-ohu-ja-ilmastikukindel-vedelmembraan\/#breadcrumb","itemListElement":[{"@type":"ListItem","position":1,"name":"Home","item":"https:\/\/penosil.com\/et\/"},{"@type":"ListItem","position":2,"name":"Tooted","item":"https:\/\/penosil.com\/et\/tooted\/"},{"@type":"ListItem","position":3,"name":"Airtight Membrane 704"}]},{"@type":"WebSite","@id":"https:\/\/penosil.com\/et\/#website","url":"https:\/\/penosil.com\/et\/","name":"Penosil Estonia","description":"","potentialAction":[{"@type":"SearchAction","target":{"@type":"EntryPoint","urlTemplate":"https:\/\/penosil.com\/et\/?s={search_term_string}"},"query-input":{"@type":"PropertyValueSpecification","valueRequired":true,"valueName":"search_term_string"}}],"inLanguage":"et"}]}},"featured_img":"https:\/\/penosil.com\/et\/wp-content\/uploads\/sites\/32\/2025\/09\/Window26Door_Foil_600ml_2.png","coauthors":[],"author_meta":{"author_link":"https:\/\/penosil.com\/et\/author\/anne\/","display_name":"Anne Lulla"},"relative_dates":{"created":"Posted 5 aastat ago","modified":"Updated 2 kuud ago"},"absolute_dates":{"created":"Posted on 13. mai 2021","modified":"Updated on 9. veebr. 2026"},"absolute_dates_time":{"created":"Posted on 13. mai 2021 02:10","modified":"Updated on 9. veebr. 2026 10:46"},"featured_img_caption":"","tax_additional":{"product_brand":{"linked":[],"unlinked":[],"slug":"product_brand","name":"Br\u00e4ndid"},"product_type":{"linked":["<a href=\"https:\/\/penosil.com\/et\/?taxonomy=product_type&#038;term=simple\" class=\"advgb-post-tax-term\">simple<\/a>"],"unlinked":["<span class=\"advgb-post-tax-term\">simple<\/span>"],"slug":"product_type","name":"Product type"},"product_visibility":{"linked":[],"unlinked":[],"slug":"product_visibility","name":"Product visibility"},"product_cat":{"linked":["<a href=\"https:\/\/penosil.com\/et\/tooted\/tootekategooriad\/\" class=\"advgb-post-tax-term\">Tootekategooriad<\/a>","<a href=\"https:\/\/penosil.com\/et\/tooted\/kasutusalad\/aken-ja-uks\/\" class=\"advgb-post-tax-term\">Aken ja uks<\/a>","<a href=\"https:\/\/penosil.com\/et\/tooted\/tootekategooriad\/tihendusmaterjalid\/\" class=\"advgb-post-tax-term\">Teibid ja membraanid<\/a>","<a href=\"https:\/\/penosil.com\/et\/tooted\/tootekategooriad\/pinnatootlus-vahend\/pinnakatted-ja-membraanid\/\" class=\"advgb-post-tax-term\">Pinnakatted ja membraanid<\/a>","<a href=\"https:\/\/penosil.com\/et\/tooted\/tootekategooriad\/tihendusmaterjalid\/aknalindid-ja-membraanid\/\" class=\"advgb-post-tax-term\">Aknalindid ja membraanid<\/a>","<a href=\"https:\/\/penosil.com\/et\/tooted\/tootekategooriad\/pinnatootlus-vahend\/\" class=\"advgb-post-tax-term\">Pinnat\u00f6\u00f6tlusvahendid<\/a>"],"unlinked":["<span class=\"advgb-post-tax-term\">Tootekategooriad<\/span>","<span class=\"advgb-post-tax-term\">Aken ja uks<\/span>","<span class=\"advgb-post-tax-term\">Teibid ja membraanid<\/span>","<span class=\"advgb-post-tax-term\">Pinnakatted ja membraanid<\/span>","<span class=\"advgb-post-tax-term\">Aknalindid ja membraanid<\/span>","<span class=\"advgb-post-tax-term\">Pinnat\u00f6\u00f6tlusvahendid<\/span>"],"slug":"product_cat","name":"Tootekategooriad"},"product_tag":{"linked":[],"unlinked":[],"slug":"product_tag","name":"Tootesildid"},"product_shipping_class":{"linked":[],"unlinked":[],"slug":"product_shipping_class","name":"Toote tarneklassid"},"pos_product_visibility":{"linked":[],"unlinked":[],"slug":"pos_product_visibility","name":"POS Product visibility"},"pa_color":{"linked":["<a href=\"https:\/\/penosil.com\/et\/?taxonomy=pa_color&#038;term=grey-et\" class=\"advgb-post-tax-term\">Hall<\/a>"],"unlinked":["<span class=\"advgb-post-tax-term\">Hall<\/span>"],"slug":"pa_color","name":"Product Colour"},"pa_diameter":{"linked":[],"unlinked":[],"slug":"pa_diameter","name":"Product Diameter"},"pa_package":{"linked":[],"unlinked":[],"slug":"pa_package","name":"Product Package"},"pa_roll":{"linked":[],"unlinked":[],"slug":"pa_roll","name":"Product Roll"},"pa_widths":{"linked":[],"unlinked":[],"slug":"pa_widths","name":"Product Widths"},"translation_priority":{"linked":["<a href=\"https:\/\/penosil.com\/et\/?taxonomy=translation_priority&#038;term=optional-et\" class=\"advgb-post-tax-term\">Optional<\/a>"],"unlinked":["<span class=\"advgb-post-tax-term\">Optional<\/span>"],"slug":"translation_priority","name":"Translation Priorities"}},"series_order":"","_links":{"self":[{"href":"https:\/\/penosil.com\/et\/wp-json\/wp\/v2\/product\/28606","targetHints":{"allow":["GET"]}}],"collection":[{"href":"https:\/\/penosil.com\/et\/wp-json\/wp\/v2\/product"}],"about":[{"href":"https:\/\/penosil.com\/et\/wp-json\/wp\/v2\/types\/product"}],"version-history":[{"count":4,"href":"https:\/\/penosil.com\/et\/wp-json\/wp\/v2\/product\/28606\/revisions"}],"predecessor-version":[{"id":34516,"href":"https:\/\/penosil.com\/et\/wp-json\/wp\/v2\/product\/28606\/revisions\/34516"}],"wp:featuredmedia":[{"embeddable":true,"href":"https:\/\/penosil.com\/et\/wp-json\/wp\/v2\/media\/35135"}],"wp:attachment":[{"href":"https:\/\/penosil.com\/et\/wp-json\/wp\/v2\/media?parent=28606"}],"wp:term":[{"taxonomy":"product_brand","embeddable":true,"href":"https:\/\/penosil.com\/et\/wp-json\/wp\/v2\/product_brand?post=28606"},{"taxonomy":"product_cat","embeddable":true,"href":"https:\/\/penosil.com\/et\/wp-json\/wp\/v2\/product_cat?post=28606"},{"taxonomy":"product_tag","embeddable":true,"href":"https:\/\/penosil.com\/et\/wp-json\/wp\/v2\/product_tag?post=28606"}],"curies":[{"name":"wp","href":"https:\/\/api.w.org\/{rel}","templated":true}]}}