{"id":29432,"date":"2022-06-17T10:50:20","date_gmt":"2022-06-17T08:50:20","guid":{"rendered":"https:\/\/penosil.com\/et\/?post_type=product&#038;p=29432"},"modified":"2026-02-09T10:46:40","modified_gmt":"2026-02-09T08:46:40","slug":"plasterseal-650-kasutusvalmis-kergpahtel","status":"publish","type":"product","link":"https:\/\/penosil.com\/et\/toode\/plasterseal-650-kasutusvalmis-kergpahtel\/","title":{"rendered":"PlasterSeal 650"},"content":{"rendered":"<p>PENOSIL PlasterSeal 650 on kiiresti kuivav ja kerge kasutusvalmis akr\u00fc\u00fclt\u00e4iteaine kipsplaadivuukide t\u00e4itmiseks. Selle pealekandmine on v\u00e4ga lihtne ja kiire, sest vuugiteipi ei ole vaja kasutada ja t\u00e4nu v\u00e4ga v\u00e4ikesele kahanemisele piisab \u00fcks kord pealekandmisest.<\/p>\n","protected":false},"excerpt":{"rendered":"Kasutusvalmis kergpahtel","protected":false},"author":6,"featured_media":34924,"template":"","meta":{"_acf_changed":false,"advgb_blocks_editor_width":"","advgb_blocks_columns_visual_guide":"","footnotes":""},"product_brand":[],"product_cat":[2632,1358,1704,574],"product_tag":[],"class_list":{"0":"post-29432","1":"product","2":"type-product","3":"status-publish","4":"has-post-thumbnail","6":"product_cat-taiteained","7":"product_cat-tootekategooriad","8":"product_cat-pinnatootlus-vahend","9":"product_cat-viimistlus","11":"first","12":"instock","13":"taxable","14":"shipping-taxable","15":"purchasable","16":"product-type-simple"},"acf":[],"yoast_head":"<!-- This site is optimized with the Yoast SEO plugin v27.2 - https:\/\/yoast.com\/product\/yoast-seo-wordpress\/ -->\n<title>PENOSIL PlasterSeal 650 kasutusvalmis kergpahtel kipsplaadivuukide t\u00e4itmiseks<\/title>\n<meta name=\"description\" content=\"PENOSIL PlasterSeal 650 on kasutusvalmis kergpahtel kipsplaadivuukide t\u00e4itmiseks \u00fche t\u00f5mbega ja vuugiteipi kasutamata. Lugege t\u00e4psemalt!\" \/>\n<meta name=\"robots\" content=\"index, follow, max-snippet:-1, max-image-preview:large, max-video-preview:-1\" \/>\n<link rel=\"canonical\" href=\"https:\/\/penosil.com\/et\/toode\/plasterseal-650-kasutusvalmis-kergpahtel\/\" \/>\n<meta property=\"og:locale\" content=\"et_EE\" \/>\n<meta property=\"og:type\" content=\"article\" \/>\n<meta property=\"og:title\" content=\"PENOSIL PlasterSeal 650 kasutusvalmis kergpahtel kipsplaadivuukide t\u00e4itmiseks\" \/>\n<meta property=\"og:description\" content=\"PENOSIL PlasterSeal 650 on kasutusvalmis kergpahtel kipsplaadivuukide t\u00e4itmiseks \u00fche t\u00f5mbega ja vuugiteipi kasutamata. Lugege t\u00e4psemalt!\" \/>\n<meta property=\"og:url\" content=\"https:\/\/penosil.com\/et\/toode\/plasterseal-650-kasutusvalmis-kergpahtel\/\" \/>\n<meta property=\"og:site_name\" content=\"Penosil Estonia\" \/>\n<meta property=\"article:modified_time\" content=\"2026-02-09T08:46:40+00:00\" \/>\n<meta property=\"og:image\" content=\"https:\/\/penosil.com\/et\/wp-content\/uploads\/sites\/32\/2025\/09\/650_PlasterSeal_650_EE_FI_1.png\" \/>\n\t<meta property=\"og:image:width\" content=\"1080\" \/>\n\t<meta property=\"og:image:height\" content=\"608\" \/>\n\t<meta property=\"og:image:type\" content=\"image\/png\" \/>\n<meta name=\"twitter:card\" content=\"summary_large_image\" \/>\n<script type=\"application\/ld+json\" class=\"yoast-schema-graph\">{\"@context\":\"https:\/\/schema.org\",\"@graph\":[{\"@type\":\"WebPage\",\"@id\":\"https:\/\/penosil.com\/et\/toode\/plasterseal-650-kasutusvalmis-kergpahtel\/\",\"url\":\"https:\/\/penosil.com\/et\/toode\/plasterseal-650-kasutusvalmis-kergpahtel\/\",\"name\":\"PENOSIL PlasterSeal 650 kasutusvalmis kergpahtel kipsplaadivuukide t\u00e4itmiseks\",\"isPartOf\":{\"@id\":\"https:\/\/penosil.com\/et\/#website\"},\"primaryImageOfPage\":{\"@id\":\"https:\/\/penosil.com\/et\/toode\/plasterseal-650-kasutusvalmis-kergpahtel\/#primaryimage\"},\"image\":{\"@id\":\"https:\/\/penosil.com\/et\/toode\/plasterseal-650-kasutusvalmis-kergpahtel\/#primaryimage\"},\"thumbnailUrl\":\"https:\/\/penosil.com\/et\/wp-content\/uploads\/sites\/32\/2025\/09\/650_PlasterSeal_650_EE_FI_1.png\",\"datePublished\":\"2022-06-17T08:50:20+00:00\",\"dateModified\":\"2026-02-09T08:46:40+00:00\",\"description\":\"PENOSIL PlasterSeal 650 on kasutusvalmis kergpahtel kipsplaadivuukide t\u00e4itmiseks \u00fche t\u00f5mbega ja vuugiteipi kasutamata. Lugege t\u00e4psemalt!\",\"breadcrumb\":{\"@id\":\"https:\/\/penosil.com\/et\/toode\/plasterseal-650-kasutusvalmis-kergpahtel\/#breadcrumb\"},\"inLanguage\":\"et\",\"potentialAction\":[{\"@type\":\"ReadAction\",\"target\":[\"https:\/\/penosil.com\/et\/toode\/plasterseal-650-kasutusvalmis-kergpahtel\/\"]}]},{\"@type\":\"ImageObject\",\"inLanguage\":\"et\",\"@id\":\"https:\/\/penosil.com\/et\/toode\/plasterseal-650-kasutusvalmis-kergpahtel\/#primaryimage\",\"url\":\"https:\/\/penosil.com\/et\/wp-content\/uploads\/sites\/32\/2025\/09\/650_PlasterSeal_650_EE_FI_1.png\",\"contentUrl\":\"https:\/\/penosil.com\/et\/wp-content\/uploads\/sites\/32\/2025\/09\/650_PlasterSeal_650_EE_FI_1.png\",\"width\":1080,\"height\":608,\"caption\":\"PENOSIL PlasterSeal 650 - Kasutusvalmis kergpahtel\"},{\"@type\":\"BreadcrumbList\",\"@id\":\"https:\/\/penosil.com\/et\/toode\/plasterseal-650-kasutusvalmis-kergpahtel\/#breadcrumb\",\"itemListElement\":[{\"@type\":\"ListItem\",\"position\":1,\"name\":\"Home\",\"item\":\"https:\/\/penosil.com\/et\/\"},{\"@type\":\"ListItem\",\"position\":2,\"name\":\"Tooted\",\"item\":\"https:\/\/penosil.com\/et\/tooted\/\"},{\"@type\":\"ListItem\",\"position\":3,\"name\":\"PlasterSeal 650\"}]},{\"@type\":\"WebSite\",\"@id\":\"https:\/\/penosil.com\/et\/#website\",\"url\":\"https:\/\/penosil.com\/et\/\",\"name\":\"Penosil Estonia\",\"description\":\"\",\"potentialAction\":[{\"@type\":\"SearchAction\",\"target\":{\"@type\":\"EntryPoint\",\"urlTemplate\":\"https:\/\/penosil.com\/et\/?s={search_term_string}\"},\"query-input\":{\"@type\":\"PropertyValueSpecification\",\"valueRequired\":true,\"valueName\":\"search_term_string\"}}],\"inLanguage\":\"et\"}]}<\/script>\n<!-- \/ Yoast SEO plugin. -->","yoast_head_json":{"title":"PENOSIL PlasterSeal 650 kasutusvalmis kergpahtel kipsplaadivuukide t\u00e4itmiseks","description":"PENOSIL PlasterSeal 650 on kasutusvalmis kergpahtel kipsplaadivuukide t\u00e4itmiseks \u00fche t\u00f5mbega ja vuugiteipi kasutamata. Lugege t\u00e4psemalt!","robots":{"index":"index","follow":"follow","max-snippet":"max-snippet:-1","max-image-preview":"max-image-preview:large","max-video-preview":"max-video-preview:-1"},"canonical":"https:\/\/penosil.com\/et\/toode\/plasterseal-650-kasutusvalmis-kergpahtel\/","og_locale":"et_EE","og_type":"article","og_title":"PENOSIL PlasterSeal 650 kasutusvalmis kergpahtel kipsplaadivuukide t\u00e4itmiseks","og_description":"PENOSIL PlasterSeal 650 on kasutusvalmis kergpahtel kipsplaadivuukide t\u00e4itmiseks \u00fche t\u00f5mbega ja vuugiteipi kasutamata. Lugege t\u00e4psemalt!","og_url":"https:\/\/penosil.com\/et\/toode\/plasterseal-650-kasutusvalmis-kergpahtel\/","og_site_name":"Penosil Estonia","article_modified_time":"2026-02-09T08:46:40+00:00","og_image":[{"width":1080,"height":608,"url":"https:\/\/penosil.com\/et\/wp-content\/uploads\/sites\/32\/2025\/09\/650_PlasterSeal_650_EE_FI_1.png","type":"image\/png"}],"twitter_card":"summary_large_image","schema":{"@context":"https:\/\/schema.org","@graph":[{"@type":"WebPage","@id":"https:\/\/penosil.com\/et\/toode\/plasterseal-650-kasutusvalmis-kergpahtel\/","url":"https:\/\/penosil.com\/et\/toode\/plasterseal-650-kasutusvalmis-kergpahtel\/","name":"PENOSIL PlasterSeal 650 kasutusvalmis kergpahtel kipsplaadivuukide t\u00e4itmiseks","isPartOf":{"@id":"https:\/\/penosil.com\/et\/#website"},"primaryImageOfPage":{"@id":"https:\/\/penosil.com\/et\/toode\/plasterseal-650-kasutusvalmis-kergpahtel\/#primaryimage"},"image":{"@id":"https:\/\/penosil.com\/et\/toode\/plasterseal-650-kasutusvalmis-kergpahtel\/#primaryimage"},"thumbnailUrl":"https:\/\/penosil.com\/et\/wp-content\/uploads\/sites\/32\/2025\/09\/650_PlasterSeal_650_EE_FI_1.png","datePublished":"2022-06-17T08:50:20+00:00","dateModified":"2026-02-09T08:46:40+00:00","description":"PENOSIL PlasterSeal 650 on kasutusvalmis kergpahtel kipsplaadivuukide t\u00e4itmiseks \u00fche t\u00f5mbega ja vuugiteipi kasutamata. Lugege t\u00e4psemalt!","breadcrumb":{"@id":"https:\/\/penosil.com\/et\/toode\/plasterseal-650-kasutusvalmis-kergpahtel\/#breadcrumb"},"inLanguage":"et","potentialAction":[{"@type":"ReadAction","target":["https:\/\/penosil.com\/et\/toode\/plasterseal-650-kasutusvalmis-kergpahtel\/"]}]},{"@type":"ImageObject","inLanguage":"et","@id":"https:\/\/penosil.com\/et\/toode\/plasterseal-650-kasutusvalmis-kergpahtel\/#primaryimage","url":"https:\/\/penosil.com\/et\/wp-content\/uploads\/sites\/32\/2025\/09\/650_PlasterSeal_650_EE_FI_1.png","contentUrl":"https:\/\/penosil.com\/et\/wp-content\/uploads\/sites\/32\/2025\/09\/650_PlasterSeal_650_EE_FI_1.png","width":1080,"height":608,"caption":"PENOSIL PlasterSeal 650 - Kasutusvalmis kergpahtel"},{"@type":"BreadcrumbList","@id":"https:\/\/penosil.com\/et\/toode\/plasterseal-650-kasutusvalmis-kergpahtel\/#breadcrumb","itemListElement":[{"@type":"ListItem","position":1,"name":"Home","item":"https:\/\/penosil.com\/et\/"},{"@type":"ListItem","position":2,"name":"Tooted","item":"https:\/\/penosil.com\/et\/tooted\/"},{"@type":"ListItem","position":3,"name":"PlasterSeal 650"}]},{"@type":"WebSite","@id":"https:\/\/penosil.com\/et\/#website","url":"https:\/\/penosil.com\/et\/","name":"Penosil Estonia","description":"","potentialAction":[{"@type":"SearchAction","target":{"@type":"EntryPoint","urlTemplate":"https:\/\/penosil.com\/et\/?s={search_term_string}"},"query-input":{"@type":"PropertyValueSpecification","valueRequired":true,"valueName":"search_term_string"}}],"inLanguage":"et"}]}},"featured_img":"https:\/\/penosil.com\/et\/wp-content\/uploads\/sites\/32\/2025\/09\/650_PlasterSeal_650_EE_FI_1.png","coauthors":[],"author_meta":{"author_link":"https:\/\/penosil.com\/et\/author\/anne\/","display_name":"Anne Lulla"},"relative_dates":{"created":"Posted 4 aastat ago","modified":"Updated 2 kuud ago"},"absolute_dates":{"created":"Posted on 17. juuni 2022","modified":"Updated on 9. veebr. 2026"},"absolute_dates_time":{"created":"Posted on 17. juuni 2022 10:50","modified":"Updated on 9. veebr. 2026 10:46"},"featured_img_caption":"","tax_additional":{"product_brand":{"linked":[],"unlinked":[],"slug":"product_brand","name":"Br\u00e4ndid"},"product_type":{"linked":["<a href=\"https:\/\/penosil.com\/et\/?taxonomy=product_type&#038;term=simple\" class=\"advgb-post-tax-term\">simple<\/a>"],"unlinked":["<span class=\"advgb-post-tax-term\">simple<\/span>"],"slug":"product_type","name":"Product type"},"product_visibility":{"linked":[],"unlinked":[],"slug":"product_visibility","name":"Product visibility"},"product_cat":{"linked":["<a href=\"https:\/\/penosil.com\/et\/tooted\/tootekategooriad\/pinnatootlus-vahend\/taiteained\/\" class=\"advgb-post-tax-term\">T\u00e4iteained<\/a>","<a href=\"https:\/\/penosil.com\/et\/tooted\/tootekategooriad\/\" class=\"advgb-post-tax-term\">Tootekategooriad<\/a>","<a href=\"https:\/\/penosil.com\/et\/tooted\/tootekategooriad\/pinnatootlus-vahend\/\" class=\"advgb-post-tax-term\">Pinnat\u00f6\u00f6tlusvahendid<\/a>","<a href=\"https:\/\/penosil.com\/et\/tooted\/kasutusalad\/viimistlus\/\" class=\"advgb-post-tax-term\">Viimistlus<\/a>"],"unlinked":["<span class=\"advgb-post-tax-term\">T\u00e4iteained<\/span>","<span class=\"advgb-post-tax-term\">Tootekategooriad<\/span>","<span class=\"advgb-post-tax-term\">Pinnat\u00f6\u00f6tlusvahendid<\/span>","<span class=\"advgb-post-tax-term\">Viimistlus<\/span>"],"slug":"product_cat","name":"Tootekategooriad"},"product_tag":{"linked":[],"unlinked":[],"slug":"product_tag","name":"Tootesildid"},"product_shipping_class":{"linked":[],"unlinked":[],"slug":"product_shipping_class","name":"Toote tarneklassid"},"pos_product_visibility":{"linked":[],"unlinked":[],"slug":"pos_product_visibility","name":"POS Product visibility"},"pa_color":{"linked":["<a href=\"https:\/\/penosil.com\/et\/?taxonomy=pa_color&#038;term=white-et-2\" class=\"advgb-post-tax-term\">Valge<\/a>"],"unlinked":["<span class=\"advgb-post-tax-term\">Valge<\/span>"],"slug":"pa_color","name":"Product Colour"},"pa_diameter":{"linked":[],"unlinked":[],"slug":"pa_diameter","name":"Product Diameter"},"pa_package":{"linked":[],"unlinked":[],"slug":"pa_package","name":"Product Package"},"pa_roll":{"linked":[],"unlinked":[],"slug":"pa_roll","name":"Product Roll"},"pa_widths":{"linked":[],"unlinked":[],"slug":"pa_widths","name":"Product Widths"},"translation_priority":{"linked":["<a href=\"https:\/\/penosil.com\/et\/?taxonomy=translation_priority&#038;term=optional-et\" class=\"advgb-post-tax-term\">Optional<\/a>"],"unlinked":["<span class=\"advgb-post-tax-term\">Optional<\/span>"],"slug":"translation_priority","name":"Translation Priorities"}},"series_order":"","_links":{"self":[{"href":"https:\/\/penosil.com\/et\/wp-json\/wp\/v2\/product\/29432","targetHints":{"allow":["GET"]}}],"collection":[{"href":"https:\/\/penosil.com\/et\/wp-json\/wp\/v2\/product"}],"about":[{"href":"https:\/\/penosil.com\/et\/wp-json\/wp\/v2\/types\/product"}],"version-history":[{"count":5,"href":"https:\/\/penosil.com\/et\/wp-json\/wp\/v2\/product\/29432\/revisions"}],"predecessor-version":[{"id":35834,"href":"https:\/\/penosil.com\/et\/wp-json\/wp\/v2\/product\/29432\/revisions\/35834"}],"wp:featuredmedia":[{"embeddable":true,"href":"https:\/\/penosil.com\/et\/wp-json\/wp\/v2\/media\/34924"}],"wp:attachment":[{"href":"https:\/\/penosil.com\/et\/wp-json\/wp\/v2\/media?parent=29432"}],"wp:term":[{"taxonomy":"product_brand","embeddable":true,"href":"https:\/\/penosil.com\/et\/wp-json\/wp\/v2\/product_brand?post=29432"},{"taxonomy":"product_cat","embeddable":true,"href":"https:\/\/penosil.com\/et\/wp-json\/wp\/v2\/product_cat?post=29432"},{"taxonomy":"product_tag","embeddable":true,"href":"https:\/\/penosil.com\/et\/wp-json\/wp\/v2\/product_tag?post=29432"}],"curies":[{"name":"wp","href":"https:\/\/api.w.org\/{rel}","templated":true}]}}