{"id":29443,"date":"2022-06-17T13:19:04","date_gmt":"2022-06-17T11:19:04","guid":{"rendered":"https:\/\/penosil.com\/et\/?post_type=product&#038;p=29443"},"modified":"2026-02-09T10:46:37","modified_gmt":"2026-02-09T08:46:37","slug":"filling-foam-212-taite-ja-tihendusvaht-aastaringseks-kasutamiseks","status":"publish","type":"product","link":"https:\/\/penosil.com\/et\/toode\/filling-foam-212-taite-ja-tihendusvaht-aastaringseks-kasutamiseks\/","title":{"rendered":"Filling Foam 212"},"content":{"rendered":"<p>PENOSIL Filling Foam 212 on \u00fchekomponentne pol\u00fcuretaan k\u00f5rrevaht pragude, vuukide, avauste ja l\u00e4biviikude t\u00e4itmiseks ja tihendamiseks enne v\u00e4rvimist ja krohvimist. Nakkub h\u00e4sti enamlevinud ehitusmaterjalidega nagu puit, betoon, kivi, krohv, metall, PVC ja pol\u00fcst\u00fcreen.<\/p>\n","protected":false},"excerpt":{"rendered":"T\u00e4ite- ja tihendusvaht aastaringseks kasutamiseks","protected":false},"author":6,"featured_media":34618,"template":"","meta":{"_acf_changed":false,"advgb_blocks_editor_width":"","advgb_blocks_columns_visual_guide":"","footnotes":""},"product_brand":[],"product_cat":[1358,1495,1559,574],"product_tag":[],"class_list":{"0":"post-29443","1":"product","2":"type-product","3":"status-publish","4":"has-post-thumbnail","6":"product_cat-tootekategooriad","7":"product_cat-ehitusvahud","8":"product_cat-korrevahud","9":"product_cat-viimistlus","11":"first","12":"instock","13":"taxable","14":"shipping-taxable","15":"purchasable","16":"product-type-simple"},"acf":[],"yoast_head":"<!-- This site is optimized with the Yoast SEO plugin v27.4 - https:\/\/yoast.com\/product\/yoast-seo-wordpress\/ -->\n<title>PENOSIL Filling Foam 212 aastaringne k\u00f5rrevaht vuukide ja l\u00e4biviikude jaoks<\/title>\n<meta name=\"description\" content=\"PENOSIL Filling Foam 212 on aastaringne k\u00f5rrevaht avauste, pragude, vuukide, ventilatsiooni- ja kaablil\u00e4biviikude tihendamiseks enne krohvimist ja v\u00e4rvimist. Leia lisa!\" \/>\n<meta name=\"robots\" content=\"index, follow, max-snippet:-1, max-image-preview:large, max-video-preview:-1\" \/>\n<link rel=\"canonical\" href=\"https:\/\/penosil.com\/et\/toode\/filling-foam-212-taite-ja-tihendusvaht-aastaringseks-kasutamiseks\/\" \/>\n<meta property=\"og:locale\" content=\"et_EE\" \/>\n<meta property=\"og:type\" content=\"article\" \/>\n<meta property=\"og:title\" content=\"PENOSIL Filling Foam 212 aastaringne k\u00f5rrevaht vuukide ja l\u00e4biviikude jaoks\" \/>\n<meta property=\"og:description\" content=\"PENOSIL Filling Foam 212 on aastaringne k\u00f5rrevaht avauste, pragude, vuukide, ventilatsiooni- ja kaablil\u00e4biviikude tihendamiseks enne krohvimist ja v\u00e4rvimist. Leia lisa!\" \/>\n<meta property=\"og:url\" content=\"https:\/\/penosil.com\/et\/toode\/filling-foam-212-taite-ja-tihendusvaht-aastaringseks-kasutamiseks\/\" \/>\n<meta property=\"og:site_name\" content=\"Penosil Estonia\" \/>\n<meta property=\"article:modified_time\" content=\"2026-02-09T08:46:37+00:00\" \/>\n<meta property=\"og:image\" content=\"https:\/\/penosil.com\/et\/wp-content\/uploads\/sites\/32\/2025\/08\/212_Filling_Foam_212_EE_FI_1.png\" \/>\n\t<meta property=\"og:image:width\" content=\"523\" \/>\n\t<meta property=\"og:image:height\" content=\"1080\" \/>\n\t<meta property=\"og:image:type\" content=\"image\/png\" \/>\n<meta name=\"twitter:card\" content=\"summary_large_image\" \/>\n<script type=\"application\/ld+json\" class=\"yoast-schema-graph\">{\"@context\":\"https:\\\/\\\/schema.org\",\"@graph\":[{\"@type\":\"WebPage\",\"@id\":\"https:\\\/\\\/penosil.com\\\/et\\\/toode\\\/filling-foam-212-taite-ja-tihendusvaht-aastaringseks-kasutamiseks\\\/\",\"url\":\"https:\\\/\\\/penosil.com\\\/et\\\/toode\\\/filling-foam-212-taite-ja-tihendusvaht-aastaringseks-kasutamiseks\\\/\",\"name\":\"PENOSIL Filling Foam 212 aastaringne k\u00f5rrevaht vuukide ja l\u00e4biviikude jaoks\",\"isPartOf\":{\"@id\":\"https:\\\/\\\/penosil.com\\\/et\\\/#website\"},\"primaryImageOfPage\":{\"@id\":\"https:\\\/\\\/penosil.com\\\/et\\\/toode\\\/filling-foam-212-taite-ja-tihendusvaht-aastaringseks-kasutamiseks\\\/#primaryimage\"},\"image\":{\"@id\":\"https:\\\/\\\/penosil.com\\\/et\\\/toode\\\/filling-foam-212-taite-ja-tihendusvaht-aastaringseks-kasutamiseks\\\/#primaryimage\"},\"thumbnailUrl\":\"https:\\\/\\\/penosil.com\\\/et\\\/wp-content\\\/uploads\\\/sites\\\/32\\\/2025\\\/08\\\/212_Filling_Foam_212_EE_FI_1.png\",\"datePublished\":\"2022-06-17T11:19:04+00:00\",\"dateModified\":\"2026-02-09T08:46:37+00:00\",\"description\":\"PENOSIL Filling Foam 212 on aastaringne k\u00f5rrevaht avauste, pragude, vuukide, ventilatsiooni- ja kaablil\u00e4biviikude tihendamiseks enne krohvimist ja v\u00e4rvimist. Leia lisa!\",\"breadcrumb\":{\"@id\":\"https:\\\/\\\/penosil.com\\\/et\\\/toode\\\/filling-foam-212-taite-ja-tihendusvaht-aastaringseks-kasutamiseks\\\/#breadcrumb\"},\"inLanguage\":\"et\",\"potentialAction\":[{\"@type\":\"ReadAction\",\"target\":[\"https:\\\/\\\/penosil.com\\\/et\\\/toode\\\/filling-foam-212-taite-ja-tihendusvaht-aastaringseks-kasutamiseks\\\/\"]}]},{\"@type\":\"ImageObject\",\"inLanguage\":\"et\",\"@id\":\"https:\\\/\\\/penosil.com\\\/et\\\/toode\\\/filling-foam-212-taite-ja-tihendusvaht-aastaringseks-kasutamiseks\\\/#primaryimage\",\"url\":\"https:\\\/\\\/penosil.com\\\/et\\\/wp-content\\\/uploads\\\/sites\\\/32\\\/2025\\\/08\\\/212_Filling_Foam_212_EE_FI_1.png\",\"contentUrl\":\"https:\\\/\\\/penosil.com\\\/et\\\/wp-content\\\/uploads\\\/sites\\\/32\\\/2025\\\/08\\\/212_Filling_Foam_212_EE_FI_1.png\",\"width\":523,\"height\":1080,\"caption\":\"Penosil Filling Foam 212 T\u00e4ite- ja tihendusvaht aastaringseks kasutamiseks\"},{\"@type\":\"BreadcrumbList\",\"@id\":\"https:\\\/\\\/penosil.com\\\/et\\\/toode\\\/filling-foam-212-taite-ja-tihendusvaht-aastaringseks-kasutamiseks\\\/#breadcrumb\",\"itemListElement\":[{\"@type\":\"ListItem\",\"position\":1,\"name\":\"Home\",\"item\":\"https:\\\/\\\/penosil.com\\\/et\\\/\"},{\"@type\":\"ListItem\",\"position\":2,\"name\":\"Tooted\",\"item\":\"https:\\\/\\\/penosil.com\\\/et\\\/tooted\\\/\"},{\"@type\":\"ListItem\",\"position\":3,\"name\":\"Filling Foam 212\"}]},{\"@type\":\"WebSite\",\"@id\":\"https:\\\/\\\/penosil.com\\\/et\\\/#website\",\"url\":\"https:\\\/\\\/penosil.com\\\/et\\\/\",\"name\":\"Penosil Estonia\",\"description\":\"\",\"potentialAction\":[{\"@type\":\"SearchAction\",\"target\":{\"@type\":\"EntryPoint\",\"urlTemplate\":\"https:\\\/\\\/penosil.com\\\/et\\\/?s={search_term_string}\"},\"query-input\":{\"@type\":\"PropertyValueSpecification\",\"valueRequired\":true,\"valueName\":\"search_term_string\"}}],\"inLanguage\":\"et\"}]}<\/script>\n<!-- \/ Yoast SEO plugin. -->","yoast_head_json":{"title":"PENOSIL Filling Foam 212 aastaringne k\u00f5rrevaht vuukide ja l\u00e4biviikude jaoks","description":"PENOSIL Filling Foam 212 on aastaringne k\u00f5rrevaht avauste, pragude, vuukide, ventilatsiooni- ja kaablil\u00e4biviikude tihendamiseks enne krohvimist ja v\u00e4rvimist. Leia lisa!","robots":{"index":"index","follow":"follow","max-snippet":"max-snippet:-1","max-image-preview":"max-image-preview:large","max-video-preview":"max-video-preview:-1"},"canonical":"https:\/\/penosil.com\/et\/toode\/filling-foam-212-taite-ja-tihendusvaht-aastaringseks-kasutamiseks\/","og_locale":"et_EE","og_type":"article","og_title":"PENOSIL Filling Foam 212 aastaringne k\u00f5rrevaht vuukide ja l\u00e4biviikude jaoks","og_description":"PENOSIL Filling Foam 212 on aastaringne k\u00f5rrevaht avauste, pragude, vuukide, ventilatsiooni- ja kaablil\u00e4biviikude tihendamiseks enne krohvimist ja v\u00e4rvimist. Leia lisa!","og_url":"https:\/\/penosil.com\/et\/toode\/filling-foam-212-taite-ja-tihendusvaht-aastaringseks-kasutamiseks\/","og_site_name":"Penosil Estonia","article_modified_time":"2026-02-09T08:46:37+00:00","og_image":[{"width":523,"height":1080,"url":"https:\/\/penosil.com\/et\/wp-content\/uploads\/sites\/32\/2025\/08\/212_Filling_Foam_212_EE_FI_1.png","type":"image\/png"}],"twitter_card":"summary_large_image","schema":{"@context":"https:\/\/schema.org","@graph":[{"@type":"WebPage","@id":"https:\/\/penosil.com\/et\/toode\/filling-foam-212-taite-ja-tihendusvaht-aastaringseks-kasutamiseks\/","url":"https:\/\/penosil.com\/et\/toode\/filling-foam-212-taite-ja-tihendusvaht-aastaringseks-kasutamiseks\/","name":"PENOSIL Filling Foam 212 aastaringne k\u00f5rrevaht vuukide ja l\u00e4biviikude jaoks","isPartOf":{"@id":"https:\/\/penosil.com\/et\/#website"},"primaryImageOfPage":{"@id":"https:\/\/penosil.com\/et\/toode\/filling-foam-212-taite-ja-tihendusvaht-aastaringseks-kasutamiseks\/#primaryimage"},"image":{"@id":"https:\/\/penosil.com\/et\/toode\/filling-foam-212-taite-ja-tihendusvaht-aastaringseks-kasutamiseks\/#primaryimage"},"thumbnailUrl":"https:\/\/penosil.com\/et\/wp-content\/uploads\/sites\/32\/2025\/08\/212_Filling_Foam_212_EE_FI_1.png","datePublished":"2022-06-17T11:19:04+00:00","dateModified":"2026-02-09T08:46:37+00:00","description":"PENOSIL Filling Foam 212 on aastaringne k\u00f5rrevaht avauste, pragude, vuukide, ventilatsiooni- ja kaablil\u00e4biviikude tihendamiseks enne krohvimist ja v\u00e4rvimist. Leia lisa!","breadcrumb":{"@id":"https:\/\/penosil.com\/et\/toode\/filling-foam-212-taite-ja-tihendusvaht-aastaringseks-kasutamiseks\/#breadcrumb"},"inLanguage":"et","potentialAction":[{"@type":"ReadAction","target":["https:\/\/penosil.com\/et\/toode\/filling-foam-212-taite-ja-tihendusvaht-aastaringseks-kasutamiseks\/"]}]},{"@type":"ImageObject","inLanguage":"et","@id":"https:\/\/penosil.com\/et\/toode\/filling-foam-212-taite-ja-tihendusvaht-aastaringseks-kasutamiseks\/#primaryimage","url":"https:\/\/penosil.com\/et\/wp-content\/uploads\/sites\/32\/2025\/08\/212_Filling_Foam_212_EE_FI_1.png","contentUrl":"https:\/\/penosil.com\/et\/wp-content\/uploads\/sites\/32\/2025\/08\/212_Filling_Foam_212_EE_FI_1.png","width":523,"height":1080,"caption":"Penosil Filling Foam 212 T\u00e4ite- ja tihendusvaht aastaringseks kasutamiseks"},{"@type":"BreadcrumbList","@id":"https:\/\/penosil.com\/et\/toode\/filling-foam-212-taite-ja-tihendusvaht-aastaringseks-kasutamiseks\/#breadcrumb","itemListElement":[{"@type":"ListItem","position":1,"name":"Home","item":"https:\/\/penosil.com\/et\/"},{"@type":"ListItem","position":2,"name":"Tooted","item":"https:\/\/penosil.com\/et\/tooted\/"},{"@type":"ListItem","position":3,"name":"Filling Foam 212"}]},{"@type":"WebSite","@id":"https:\/\/penosil.com\/et\/#website","url":"https:\/\/penosil.com\/et\/","name":"Penosil Estonia","description":"","potentialAction":[{"@type":"SearchAction","target":{"@type":"EntryPoint","urlTemplate":"https:\/\/penosil.com\/et\/?s={search_term_string}"},"query-input":{"@type":"PropertyValueSpecification","valueRequired":true,"valueName":"search_term_string"}}],"inLanguage":"et"}]}},"featured_img":"https:\/\/penosil.com\/et\/wp-content\/uploads\/sites\/32\/2025\/08\/212_Filling_Foam_212_EE_FI_1.png","coauthors":[],"author_meta":{"author_link":"https:\/\/penosil.com\/et\/author\/anne\/","display_name":"Anne Lulla"},"relative_dates":{"created":"Posted 4 aastat ago","modified":"Updated 2 kuud ago"},"absolute_dates":{"created":"Posted on 17. juuni 2022","modified":"Updated on 9. veebr. 2026"},"absolute_dates_time":{"created":"Posted on 17. juuni 2022 01:19","modified":"Updated on 9. veebr. 2026 10:46"},"featured_img_caption":"","tax_additional":{"product_brand":{"linked":[],"unlinked":[],"slug":"product_brand","name":"Br\u00e4ndid"},"product_type":{"linked":["<a href=\"https:\/\/penosil.com\/et\/?taxonomy=product_type&#038;term=simple\" class=\"advgb-post-tax-term\">simple<\/a>"],"unlinked":["<span class=\"advgb-post-tax-term\">simple<\/span>"],"slug":"product_type","name":"Product type"},"product_visibility":{"linked":[],"unlinked":[],"slug":"product_visibility","name":"Product visibility"},"product_cat":{"linked":["<a href=\"https:\/\/penosil.com\/et\/tooted\/tootekategooriad\/\" class=\"advgb-post-tax-term\">Tootekategooriad<\/a>","<a href=\"https:\/\/penosil.com\/et\/tooted\/tootekategooriad\/ehitusvahud\/\" class=\"advgb-post-tax-term\">Ehitusvahud<\/a>","<a href=\"https:\/\/penosil.com\/et\/tooted\/tootekategooriad\/ehitusvahud\/korrevahud\/\" class=\"advgb-post-tax-term\">K\u00f5rrevahud<\/a>","<a href=\"https:\/\/penosil.com\/et\/tooted\/kasutusalad\/viimistlus\/\" class=\"advgb-post-tax-term\">Viimistlus<\/a>"],"unlinked":["<span class=\"advgb-post-tax-term\">Tootekategooriad<\/span>","<span class=\"advgb-post-tax-term\">Ehitusvahud<\/span>","<span class=\"advgb-post-tax-term\">K\u00f5rrevahud<\/span>","<span class=\"advgb-post-tax-term\">Viimistlus<\/span>"],"slug":"product_cat","name":"Tootekategooriad"},"product_tag":{"linked":[],"unlinked":[],"slug":"product_tag","name":"Tootesildid"},"product_shipping_class":{"linked":[],"unlinked":[],"slug":"product_shipping_class","name":"Toote tarneklassid"},"pos_product_visibility":{"linked":[],"unlinked":[],"slug":"pos_product_visibility","name":"POS Product visibility"},"pa_color":{"linked":["<a href=\"https:\/\/penosil.com\/et\/?taxonomy=pa_color&#038;term=light-yellow-et\" class=\"advgb-post-tax-term\">Helekollane<\/a>"],"unlinked":["<span class=\"advgb-post-tax-term\">Helekollane<\/span>"],"slug":"pa_color","name":"Product Colour"},"pa_diameter":{"linked":[],"unlinked":[],"slug":"pa_diameter","name":"Product Diameter"},"pa_package":{"linked":[],"unlinked":[],"slug":"pa_package","name":"Product Package"},"pa_roll":{"linked":[],"unlinked":[],"slug":"pa_roll","name":"Product Roll"},"pa_widths":{"linked":[],"unlinked":[],"slug":"pa_widths","name":"Product Widths"},"translation_priority":{"linked":["<a href=\"https:\/\/penosil.com\/et\/?taxonomy=translation_priority&#038;term=optional-et\" class=\"advgb-post-tax-term\">Optional<\/a>"],"unlinked":["<span class=\"advgb-post-tax-term\">Optional<\/span>"],"slug":"translation_priority","name":"Translation Priorities"}},"series_order":"","_links":{"self":[{"href":"https:\/\/penosil.com\/et\/wp-json\/wp\/v2\/product\/29443","targetHints":{"allow":["GET"]}}],"collection":[{"href":"https:\/\/penosil.com\/et\/wp-json\/wp\/v2\/product"}],"about":[{"href":"https:\/\/penosil.com\/et\/wp-json\/wp\/v2\/types\/product"}],"version-history":[{"count":7,"href":"https:\/\/penosil.com\/et\/wp-json\/wp\/v2\/product\/29443\/revisions"}],"predecessor-version":[{"id":35581,"href":"https:\/\/penosil.com\/et\/wp-json\/wp\/v2\/product\/29443\/revisions\/35581"}],"wp:featuredmedia":[{"embeddable":true,"href":"https:\/\/penosil.com\/et\/wp-json\/wp\/v2\/media\/34618"}],"wp:attachment":[{"href":"https:\/\/penosil.com\/et\/wp-json\/wp\/v2\/media?parent=29443"}],"wp:term":[{"taxonomy":"product_brand","embeddable":true,"href":"https:\/\/penosil.com\/et\/wp-json\/wp\/v2\/product_brand?post=29443"},{"taxonomy":"product_cat","embeddable":true,"href":"https:\/\/penosil.com\/et\/wp-json\/wp\/v2\/product_cat?post=29443"},{"taxonomy":"product_tag","embeddable":true,"href":"https:\/\/penosil.com\/et\/wp-json\/wp\/v2\/product_tag?post=29443"}],"curies":[{"name":"wp","href":"https:\/\/api.w.org\/{rel}","templated":true}]}}