{"id":29462,"date":"2022-07-14T12:42:46","date_gmt":"2022-07-14T10:42:46","guid":{"rendered":"https:\/\/penosil.com\/et\/?post_type=product&#038;p=29462"},"modified":"2026-02-09T10:46:42","modified_gmt":"2026-02-09T08:46:42","slug":"gap-filling-strawfoam-278-aastaringne-korrevaht","status":"publish","type":"product","link":"https:\/\/penosil.com\/et\/toode\/gap-filling-strawfoam-278-aastaringne-korrevaht\/","title":{"rendered":"Gap Filling Strawfoam 278"},"content":{"rendered":"<p>PENOSIL Gap Filling Strawfoam 278 aastaringne \u00fchekomponentne pol\u00fcuretaanvaht v\u00e4lis- ja siset\u00e4itet\u00f6\u00f6deks. Suure v\u00e4ljatuleku ja suure j\u00e4relpaisumise t\u00f5ttu sobib see k\u00f5rrevaht eriti h\u00e4sti suuremate t\u00fchimike ja avauste t\u00e4itmiseks. Nakkub h\u00e4sti enamiku materjalidega nagu puit, betoon, kivi, krohv, metall, PVC ja pol\u00fcst\u00fcreen.<\/p>\n","protected":false},"excerpt":{"rendered":"Aastaringne k\u00f5rrevaht","protected":false},"author":6,"featured_media":34625,"template":"","meta":{"_acf_changed":false,"advgb_blocks_editor_width":"","advgb_blocks_columns_visual_guide":"","footnotes":""},"product_brand":[],"product_cat":[1358,1495,1559,829],"product_tag":[],"class_list":{"0":"post-29462","1":"product","2":"type-product","3":"status-publish","4":"has-post-thumbnail","6":"product_cat-tootekategooriad","7":"product_cat-ehitusvahud","8":"product_cat-korrevahud","9":"product_cat-uldehitus","11":"first","12":"instock","13":"taxable","14":"shipping-taxable","15":"purchasable","16":"product-type-variable","17":"has-default-attributes"},"acf":[],"yoast_head":"<!-- This site is optimized with the Yoast SEO plugin v27.4 - https:\/\/yoast.com\/product\/yoast-seo-wordpress\/ -->\n<title>PENOSIL Gap Filling Strawfoam 278 aastaringne k\u00f5rrevaht<\/title>\n<meta name=\"description\" content=\"PENOSIL Gap Filling Strawfoam 278 on aastaringne k\u00f5rrevaht v\u00e4lis- ja siset\u00e4itet\u00f6\u00f6deks. Suure saagise ja suure j\u00e4relpaisumise t\u00f5ttu sobib eriti h\u00e4sti suuremate t\u00fchimike ja avauste t\u00e4itmiseks. Loe rohkem!\" \/>\n<meta name=\"robots\" content=\"index, follow, max-snippet:-1, max-image-preview:large, max-video-preview:-1\" \/>\n<link rel=\"canonical\" href=\"https:\/\/penosil.com\/et\/toode\/gap-filling-strawfoam-278-aastaringne-korrevaht\/\" \/>\n<meta property=\"og:locale\" content=\"et_EE\" \/>\n<meta property=\"og:type\" content=\"article\" \/>\n<meta property=\"og:title\" content=\"PENOSIL Gap Filling Strawfoam 278 aastaringne k\u00f5rrevaht\" \/>\n<meta property=\"og:description\" content=\"PENOSIL Gap Filling Strawfoam 278 on aastaringne k\u00f5rrevaht v\u00e4lis- ja siset\u00e4itet\u00f6\u00f6deks. Suure saagise ja suure j\u00e4relpaisumise t\u00f5ttu sobib eriti h\u00e4sti suuremate t\u00fchimike ja avauste t\u00e4itmiseks. Loe rohkem!\" \/>\n<meta property=\"og:url\" content=\"https:\/\/penosil.com\/et\/toode\/gap-filling-strawfoam-278-aastaringne-korrevaht\/\" \/>\n<meta property=\"og:site_name\" content=\"Penosil Estonia\" \/>\n<meta property=\"article:modified_time\" content=\"2026-02-09T08:46:42+00:00\" \/>\n<meta property=\"og:image\" content=\"https:\/\/penosil.com\/et\/wp-content\/uploads\/sites\/32\/2025\/08\/278_Gap_Filling_Strawfoam_278_EE_FI_1.png\" \/>\n\t<meta property=\"og:image:width\" content=\"523\" \/>\n\t<meta property=\"og:image:height\" content=\"1080\" \/>\n\t<meta property=\"og:image:type\" content=\"image\/png\" \/>\n<meta name=\"twitter:card\" content=\"summary_large_image\" \/>\n<script type=\"application\/ld+json\" class=\"yoast-schema-graph\">{\"@context\":\"https:\\\/\\\/schema.org\",\"@graph\":[{\"@type\":\"WebPage\",\"@id\":\"https:\\\/\\\/penosil.com\\\/et\\\/toode\\\/gap-filling-strawfoam-278-aastaringne-korrevaht\\\/\",\"url\":\"https:\\\/\\\/penosil.com\\\/et\\\/toode\\\/gap-filling-strawfoam-278-aastaringne-korrevaht\\\/\",\"name\":\"PENOSIL Gap Filling Strawfoam 278 aastaringne k\u00f5rrevaht\",\"isPartOf\":{\"@id\":\"https:\\\/\\\/penosil.com\\\/et\\\/#website\"},\"primaryImageOfPage\":{\"@id\":\"https:\\\/\\\/penosil.com\\\/et\\\/toode\\\/gap-filling-strawfoam-278-aastaringne-korrevaht\\\/#primaryimage\"},\"image\":{\"@id\":\"https:\\\/\\\/penosil.com\\\/et\\\/toode\\\/gap-filling-strawfoam-278-aastaringne-korrevaht\\\/#primaryimage\"},\"thumbnailUrl\":\"https:\\\/\\\/penosil.com\\\/et\\\/wp-content\\\/uploads\\\/sites\\\/32\\\/2025\\\/08\\\/278_Gap_Filling_Strawfoam_278_EE_FI_1.png\",\"datePublished\":\"2022-07-14T10:42:46+00:00\",\"dateModified\":\"2026-02-09T08:46:42+00:00\",\"description\":\"PENOSIL Gap Filling Strawfoam 278 on aastaringne k\u00f5rrevaht v\u00e4lis- ja siset\u00e4itet\u00f6\u00f6deks. Suure saagise ja suure j\u00e4relpaisumise t\u00f5ttu sobib eriti h\u00e4sti suuremate t\u00fchimike ja avauste t\u00e4itmiseks. Loe rohkem!\",\"breadcrumb\":{\"@id\":\"https:\\\/\\\/penosil.com\\\/et\\\/toode\\\/gap-filling-strawfoam-278-aastaringne-korrevaht\\\/#breadcrumb\"},\"inLanguage\":\"et\",\"potentialAction\":[{\"@type\":\"ReadAction\",\"target\":[\"https:\\\/\\\/penosil.com\\\/et\\\/toode\\\/gap-filling-strawfoam-278-aastaringne-korrevaht\\\/\"]}]},{\"@type\":\"ImageObject\",\"inLanguage\":\"et\",\"@id\":\"https:\\\/\\\/penosil.com\\\/et\\\/toode\\\/gap-filling-strawfoam-278-aastaringne-korrevaht\\\/#primaryimage\",\"url\":\"https:\\\/\\\/penosil.com\\\/et\\\/wp-content\\\/uploads\\\/sites\\\/32\\\/2025\\\/08\\\/278_Gap_Filling_Strawfoam_278_EE_FI_1.png\",\"contentUrl\":\"https:\\\/\\\/penosil.com\\\/et\\\/wp-content\\\/uploads\\\/sites\\\/32\\\/2025\\\/08\\\/278_Gap_Filling_Strawfoam_278_EE_FI_1.png\",\"width\":523,\"height\":1080,\"caption\":\"Penosil Gap Filling Strawfoam 278 Aastaringne k\u00f5rrevaht\"},{\"@type\":\"BreadcrumbList\",\"@id\":\"https:\\\/\\\/penosil.com\\\/et\\\/toode\\\/gap-filling-strawfoam-278-aastaringne-korrevaht\\\/#breadcrumb\",\"itemListElement\":[{\"@type\":\"ListItem\",\"position\":1,\"name\":\"Home\",\"item\":\"https:\\\/\\\/penosil.com\\\/et\\\/\"},{\"@type\":\"ListItem\",\"position\":2,\"name\":\"Tooted\",\"item\":\"https:\\\/\\\/penosil.com\\\/et\\\/tooted\\\/\"},{\"@type\":\"ListItem\",\"position\":3,\"name\":\"Gap Filling Strawfoam 278\"}]},{\"@type\":\"WebSite\",\"@id\":\"https:\\\/\\\/penosil.com\\\/et\\\/#website\",\"url\":\"https:\\\/\\\/penosil.com\\\/et\\\/\",\"name\":\"Penosil Estonia\",\"description\":\"\",\"potentialAction\":[{\"@type\":\"SearchAction\",\"target\":{\"@type\":\"EntryPoint\",\"urlTemplate\":\"https:\\\/\\\/penosil.com\\\/et\\\/?s={search_term_string}\"},\"query-input\":{\"@type\":\"PropertyValueSpecification\",\"valueRequired\":true,\"valueName\":\"search_term_string\"}}],\"inLanguage\":\"et\"}]}<\/script>\n<!-- \/ Yoast SEO plugin. -->","yoast_head_json":{"title":"PENOSIL Gap Filling Strawfoam 278 aastaringne k\u00f5rrevaht","description":"PENOSIL Gap Filling Strawfoam 278 on aastaringne k\u00f5rrevaht v\u00e4lis- ja siset\u00e4itet\u00f6\u00f6deks. Suure saagise ja suure j\u00e4relpaisumise t\u00f5ttu sobib eriti h\u00e4sti suuremate t\u00fchimike ja avauste t\u00e4itmiseks. Loe rohkem!","robots":{"index":"index","follow":"follow","max-snippet":"max-snippet:-1","max-image-preview":"max-image-preview:large","max-video-preview":"max-video-preview:-1"},"canonical":"https:\/\/penosil.com\/et\/toode\/gap-filling-strawfoam-278-aastaringne-korrevaht\/","og_locale":"et_EE","og_type":"article","og_title":"PENOSIL Gap Filling Strawfoam 278 aastaringne k\u00f5rrevaht","og_description":"PENOSIL Gap Filling Strawfoam 278 on aastaringne k\u00f5rrevaht v\u00e4lis- ja siset\u00e4itet\u00f6\u00f6deks. Suure saagise ja suure j\u00e4relpaisumise t\u00f5ttu sobib eriti h\u00e4sti suuremate t\u00fchimike ja avauste t\u00e4itmiseks. Loe rohkem!","og_url":"https:\/\/penosil.com\/et\/toode\/gap-filling-strawfoam-278-aastaringne-korrevaht\/","og_site_name":"Penosil Estonia","article_modified_time":"2026-02-09T08:46:42+00:00","og_image":[{"width":523,"height":1080,"url":"https:\/\/penosil.com\/et\/wp-content\/uploads\/sites\/32\/2025\/08\/278_Gap_Filling_Strawfoam_278_EE_FI_1.png","type":"image\/png"}],"twitter_card":"summary_large_image","schema":{"@context":"https:\/\/schema.org","@graph":[{"@type":"WebPage","@id":"https:\/\/penosil.com\/et\/toode\/gap-filling-strawfoam-278-aastaringne-korrevaht\/","url":"https:\/\/penosil.com\/et\/toode\/gap-filling-strawfoam-278-aastaringne-korrevaht\/","name":"PENOSIL Gap Filling Strawfoam 278 aastaringne k\u00f5rrevaht","isPartOf":{"@id":"https:\/\/penosil.com\/et\/#website"},"primaryImageOfPage":{"@id":"https:\/\/penosil.com\/et\/toode\/gap-filling-strawfoam-278-aastaringne-korrevaht\/#primaryimage"},"image":{"@id":"https:\/\/penosil.com\/et\/toode\/gap-filling-strawfoam-278-aastaringne-korrevaht\/#primaryimage"},"thumbnailUrl":"https:\/\/penosil.com\/et\/wp-content\/uploads\/sites\/32\/2025\/08\/278_Gap_Filling_Strawfoam_278_EE_FI_1.png","datePublished":"2022-07-14T10:42:46+00:00","dateModified":"2026-02-09T08:46:42+00:00","description":"PENOSIL Gap Filling Strawfoam 278 on aastaringne k\u00f5rrevaht v\u00e4lis- ja siset\u00e4itet\u00f6\u00f6deks. Suure saagise ja suure j\u00e4relpaisumise t\u00f5ttu sobib eriti h\u00e4sti suuremate t\u00fchimike ja avauste t\u00e4itmiseks. Loe rohkem!","breadcrumb":{"@id":"https:\/\/penosil.com\/et\/toode\/gap-filling-strawfoam-278-aastaringne-korrevaht\/#breadcrumb"},"inLanguage":"et","potentialAction":[{"@type":"ReadAction","target":["https:\/\/penosil.com\/et\/toode\/gap-filling-strawfoam-278-aastaringne-korrevaht\/"]}]},{"@type":"ImageObject","inLanguage":"et","@id":"https:\/\/penosil.com\/et\/toode\/gap-filling-strawfoam-278-aastaringne-korrevaht\/#primaryimage","url":"https:\/\/penosil.com\/et\/wp-content\/uploads\/sites\/32\/2025\/08\/278_Gap_Filling_Strawfoam_278_EE_FI_1.png","contentUrl":"https:\/\/penosil.com\/et\/wp-content\/uploads\/sites\/32\/2025\/08\/278_Gap_Filling_Strawfoam_278_EE_FI_1.png","width":523,"height":1080,"caption":"Penosil Gap Filling Strawfoam 278 Aastaringne k\u00f5rrevaht"},{"@type":"BreadcrumbList","@id":"https:\/\/penosil.com\/et\/toode\/gap-filling-strawfoam-278-aastaringne-korrevaht\/#breadcrumb","itemListElement":[{"@type":"ListItem","position":1,"name":"Home","item":"https:\/\/penosil.com\/et\/"},{"@type":"ListItem","position":2,"name":"Tooted","item":"https:\/\/penosil.com\/et\/tooted\/"},{"@type":"ListItem","position":3,"name":"Gap Filling Strawfoam 278"}]},{"@type":"WebSite","@id":"https:\/\/penosil.com\/et\/#website","url":"https:\/\/penosil.com\/et\/","name":"Penosil Estonia","description":"","potentialAction":[{"@type":"SearchAction","target":{"@type":"EntryPoint","urlTemplate":"https:\/\/penosil.com\/et\/?s={search_term_string}"},"query-input":{"@type":"PropertyValueSpecification","valueRequired":true,"valueName":"search_term_string"}}],"inLanguage":"et"}]}},"featured_img":"https:\/\/penosil.com\/et\/wp-content\/uploads\/sites\/32\/2025\/08\/278_Gap_Filling_Strawfoam_278_EE_FI_1.png","coauthors":[],"author_meta":{"author_link":"https:\/\/penosil.com\/et\/author\/anne\/","display_name":"Anne Lulla"},"relative_dates":{"created":"Posted 4 aastat ago","modified":"Updated 3 kuud ago"},"absolute_dates":{"created":"Posted on 14. juuli 2022","modified":"Updated on 9. veebr. 2026"},"absolute_dates_time":{"created":"Posted on 14. juuli 2022 12:42","modified":"Updated on 9. veebr. 2026 10:46"},"featured_img_caption":"","tax_additional":{"product_brand":{"linked":[],"unlinked":[],"slug":"product_brand","name":"Br\u00e4ndid"},"product_type":{"linked":["<a href=\"https:\/\/penosil.com\/et\/?taxonomy=product_type&#038;term=variable\" class=\"advgb-post-tax-term\">variable<\/a>"],"unlinked":["<span class=\"advgb-post-tax-term\">variable<\/span>"],"slug":"product_type","name":"Product type"},"product_visibility":{"linked":[],"unlinked":[],"slug":"product_visibility","name":"Product visibility"},"product_cat":{"linked":["<a href=\"https:\/\/penosil.com\/et\/tooted\/tootekategooriad\/\" class=\"advgb-post-tax-term\">Tootekategooriad<\/a>","<a href=\"https:\/\/penosil.com\/et\/tooted\/tootekategooriad\/ehitusvahud\/\" class=\"advgb-post-tax-term\">Ehitusvahud<\/a>","<a href=\"https:\/\/penosil.com\/et\/tooted\/tootekategooriad\/ehitusvahud\/korrevahud\/\" class=\"advgb-post-tax-term\">K\u00f5rrevahud<\/a>","<a href=\"https:\/\/penosil.com\/et\/tooted\/kasutusalad\/uldehitus\/\" class=\"advgb-post-tax-term\">\u00dcldehitus<\/a>"],"unlinked":["<span class=\"advgb-post-tax-term\">Tootekategooriad<\/span>","<span class=\"advgb-post-tax-term\">Ehitusvahud<\/span>","<span class=\"advgb-post-tax-term\">K\u00f5rrevahud<\/span>","<span class=\"advgb-post-tax-term\">\u00dcldehitus<\/span>"],"slug":"product_cat","name":"Tootekategooriad"},"product_tag":{"linked":[],"unlinked":[],"slug":"product_tag","name":"Tootesildid"},"product_shipping_class":{"linked":[],"unlinked":[],"slug":"product_shipping_class","name":"Toote tarneklassid"},"pos_product_visibility":{"linked":[],"unlinked":[],"slug":"pos_product_visibility","name":"POS Product visibility"},"pa_color":{"linked":["<a href=\"https:\/\/penosil.com\/et\/?taxonomy=pa_color&#038;term=light-yellow-et\" class=\"advgb-post-tax-term\">Helekollane<\/a>"],"unlinked":["<span class=\"advgb-post-tax-term\">Helekollane<\/span>"],"slug":"pa_color","name":"Product Colour"},"pa_diameter":{"linked":[],"unlinked":[],"slug":"pa_diameter","name":"Product Diameter"},"pa_package":{"linked":["<a href=\"https:\/\/penosil.com\/et\/?taxonomy=pa_package&#038;term=440-ml\" class=\"advgb-post-tax-term\">440 ml<\/a>","<a href=\"https:\/\/penosil.com\/et\/?taxonomy=pa_package&#038;term=750-ml-et-2\" class=\"advgb-post-tax-term\">750 ml<\/a>"],"unlinked":["<span class=\"advgb-post-tax-term\">440 ml<\/span>","<span class=\"advgb-post-tax-term\">750 ml<\/span>"],"slug":"pa_package","name":"Product Package"},"pa_roll":{"linked":[],"unlinked":[],"slug":"pa_roll","name":"Product Roll"},"pa_widths":{"linked":[],"unlinked":[],"slug":"pa_widths","name":"Product Widths"},"translation_priority":{"linked":["<a href=\"https:\/\/penosil.com\/et\/?taxonomy=translation_priority&#038;term=optional-et\" class=\"advgb-post-tax-term\">Optional<\/a>"],"unlinked":["<span class=\"advgb-post-tax-term\">Optional<\/span>"],"slug":"translation_priority","name":"Translation Priorities"}},"series_order":"","_links":{"self":[{"href":"https:\/\/penosil.com\/et\/wp-json\/wp\/v2\/product\/29462","targetHints":{"allow":["GET"]}}],"collection":[{"href":"https:\/\/penosil.com\/et\/wp-json\/wp\/v2\/product"}],"about":[{"href":"https:\/\/penosil.com\/et\/wp-json\/wp\/v2\/types\/product"}],"version-history":[{"count":10,"href":"https:\/\/penosil.com\/et\/wp-json\/wp\/v2\/product\/29462\/revisions"}],"predecessor-version":[{"id":35755,"href":"https:\/\/penosil.com\/et\/wp-json\/wp\/v2\/product\/29462\/revisions\/35755"}],"wp:featuredmedia":[{"embeddable":true,"href":"https:\/\/penosil.com\/et\/wp-json\/wp\/v2\/media\/34625"}],"wp:attachment":[{"href":"https:\/\/penosil.com\/et\/wp-json\/wp\/v2\/media?parent=29462"}],"wp:term":[{"taxonomy":"product_brand","embeddable":true,"href":"https:\/\/penosil.com\/et\/wp-json\/wp\/v2\/product_brand?post=29462"},{"taxonomy":"product_cat","embeddable":true,"href":"https:\/\/penosil.com\/et\/wp-json\/wp\/v2\/product_cat?post=29462"},{"taxonomy":"product_tag","embeddable":true,"href":"https:\/\/penosil.com\/et\/wp-json\/wp\/v2\/product_tag?post=29462"}],"curies":[{"name":"wp","href":"https:\/\/api.w.org\/{rel}","templated":true}]}}