{"id":29911,"date":"2023-02-20T10:12:16","date_gmt":"2023-02-20T08:12:16","guid":{"rendered":"https:\/\/penosil.com\/et\/?post_type=product&#038;p=29911"},"modified":"2026-02-09T10:46:38","modified_gmt":"2026-02-09T08:46:38","slug":"komplekt-polystyrol-fixfoam-877-soojustusplaatide-liimvaht-c1-vahupustoliga","status":"publish","type":"product","link":"https:\/\/penosil.com\/et\/toode\/komplekt-polystyrol-fixfoam-877-soojustusplaatide-liimvaht-c1-vahupustoliga\/","title":{"rendered":"Komplekt Polystyrol FixFoam 877"},"content":{"rendered":"<p>PENOSIL Polystyrol FixFoam 877 on liimvaht v\u00e4lis- ja sisesoojustusplaatide, aknalaudade jms kinnitamiseks. Sobib aastaringseks v\u00e4lis- ja sisekasutuseks. Suurep\u00e4rased nakke- ja soojusisolatsiooni omadused.<\/p>\n<p>Komplekt: Polystyrol FixFoam 877 x 12 tk + vahup\u00fcstol C1<\/p>\n","protected":false},"excerpt":{"rendered":"Soojustusplaatide liimvaht C1 vahup\u00fcstoliga","protected":false},"author":6,"featured_media":35044,"template":"","meta":{"_acf_changed":false,"advgb_blocks_editor_width":"","advgb_blocks_columns_visual_guide":"","footnotes":""},"product_brand":[],"product_cat":[208,1442,1358,227,225],"product_tag":[],"class_list":{"0":"post-29911","1":"product","2":"type-product","3":"status-publish","4":"has-post-thumbnail","6":"product_cat-kasutusalad","7":"product_cat-liimvahud","8":"product_cat-tootekategooriad","9":"product_cat-liimid","10":"product_cat-liimimine","12":"first","13":"instock","14":"taxable","15":"shipping-taxable","16":"purchasable","17":"product-type-simple"},"acf":[],"yoast_head":"<!-- This site is optimized with the Yoast SEO plugin v27.2 - https:\/\/yoast.com\/product\/yoast-seo-wordpress\/ -->\n<title>PENOSIL Polystyrol FixFoam 877 liimvaht soojustusplaatide kinnitamiseks<\/title>\n<meta name=\"description\" content=\"PENOSIL Polystyrol FixFoam 877 liimvaht v\u00e4lis- ja sisesoojustusplaatide, aknalaudade jms kinnitamine. Uuri l\u00e4hemalt!\" \/>\n<meta name=\"robots\" content=\"index, follow, max-snippet:-1, max-image-preview:large, max-video-preview:-1\" \/>\n<link rel=\"canonical\" href=\"https:\/\/penosil.com\/et\/toode\/komplekt-polystyrol-fixfoam-877-soojustusplaatide-liimvaht-c1-vahupustoliga\/\" \/>\n<meta property=\"og:locale\" content=\"et_EE\" \/>\n<meta property=\"og:type\" content=\"article\" \/>\n<meta property=\"og:title\" content=\"PENOSIL Polystyrol FixFoam 877 liimvaht soojustusplaatide kinnitamiseks\" \/>\n<meta property=\"og:description\" content=\"PENOSIL Polystyrol FixFoam 877 liimvaht v\u00e4lis- ja sisesoojustusplaatide, aknalaudade jms kinnitamine. Uuri l\u00e4hemalt!\" \/>\n<meta property=\"og:url\" content=\"https:\/\/penosil.com\/et\/toode\/komplekt-polystyrol-fixfoam-877-soojustusplaatide-liimvaht-c1-vahupustoliga\/\" \/>\n<meta property=\"og:site_name\" content=\"Penosil Estonia\" \/>\n<meta property=\"article:modified_time\" content=\"2026-02-09T08:46:38+00:00\" \/>\n<meta property=\"og:image\" content=\"https:\/\/penosil.com\/et\/wp-content\/uploads\/sites\/32\/2025\/09\/877_Polystyrol_FixFoam_877_EE_FI_kombo_1.png\" \/>\n\t<meta property=\"og:image:width\" content=\"814\" \/>\n\t<meta property=\"og:image:height\" content=\"1080\" \/>\n\t<meta property=\"og:image:type\" content=\"image\/png\" \/>\n<meta name=\"twitter:card\" content=\"summary_large_image\" \/>\n<script type=\"application\/ld+json\" class=\"yoast-schema-graph\">{\"@context\":\"https:\/\/schema.org\",\"@graph\":[{\"@type\":\"WebPage\",\"@id\":\"https:\/\/penosil.com\/et\/toode\/komplekt-polystyrol-fixfoam-877-soojustusplaatide-liimvaht-c1-vahupustoliga\/\",\"url\":\"https:\/\/penosil.com\/et\/toode\/komplekt-polystyrol-fixfoam-877-soojustusplaatide-liimvaht-c1-vahupustoliga\/\",\"name\":\"PENOSIL Polystyrol FixFoam 877 liimvaht soojustusplaatide kinnitamiseks\",\"isPartOf\":{\"@id\":\"https:\/\/penosil.com\/et\/#website\"},\"primaryImageOfPage\":{\"@id\":\"https:\/\/penosil.com\/et\/toode\/komplekt-polystyrol-fixfoam-877-soojustusplaatide-liimvaht-c1-vahupustoliga\/#primaryimage\"},\"image\":{\"@id\":\"https:\/\/penosil.com\/et\/toode\/komplekt-polystyrol-fixfoam-877-soojustusplaatide-liimvaht-c1-vahupustoliga\/#primaryimage\"},\"thumbnailUrl\":\"https:\/\/penosil.com\/et\/wp-content\/uploads\/sites\/32\/2025\/09\/877_Polystyrol_FixFoam_877_EE_FI_kombo_1.png\",\"datePublished\":\"2023-02-20T08:12:16+00:00\",\"dateModified\":\"2026-02-09T08:46:38+00:00\",\"description\":\"PENOSIL Polystyrol FixFoam 877 liimvaht v\u00e4lis- ja sisesoojustusplaatide, aknalaudade jms kinnitamine. Uuri l\u00e4hemalt!\",\"breadcrumb\":{\"@id\":\"https:\/\/penosil.com\/et\/toode\/komplekt-polystyrol-fixfoam-877-soojustusplaatide-liimvaht-c1-vahupustoliga\/#breadcrumb\"},\"inLanguage\":\"et\",\"potentialAction\":[{\"@type\":\"ReadAction\",\"target\":[\"https:\/\/penosil.com\/et\/toode\/komplekt-polystyrol-fixfoam-877-soojustusplaatide-liimvaht-c1-vahupustoliga\/\"]}]},{\"@type\":\"ImageObject\",\"inLanguage\":\"et\",\"@id\":\"https:\/\/penosil.com\/et\/toode\/komplekt-polystyrol-fixfoam-877-soojustusplaatide-liimvaht-c1-vahupustoliga\/#primaryimage\",\"url\":\"https:\/\/penosil.com\/et\/wp-content\/uploads\/sites\/32\/2025\/09\/877_Polystyrol_FixFoam_877_EE_FI_kombo_1.png\",\"contentUrl\":\"https:\/\/penosil.com\/et\/wp-content\/uploads\/sites\/32\/2025\/09\/877_Polystyrol_FixFoam_877_EE_FI_kombo_1.png\",\"width\":814,\"height\":1080,\"caption\":\"PENOSIL Polystyrol FixFoam 877 liimvaht soojustusplaatide kinnitamiseks komplekt 12 ballooni vahtu pluss vahup\u00fcstol\"},{\"@type\":\"BreadcrumbList\",\"@id\":\"https:\/\/penosil.com\/et\/toode\/komplekt-polystyrol-fixfoam-877-soojustusplaatide-liimvaht-c1-vahupustoliga\/#breadcrumb\",\"itemListElement\":[{\"@type\":\"ListItem\",\"position\":1,\"name\":\"Home\",\"item\":\"https:\/\/penosil.com\/et\/\"},{\"@type\":\"ListItem\",\"position\":2,\"name\":\"Tooted\",\"item\":\"https:\/\/penosil.com\/et\/tooted\/\"},{\"@type\":\"ListItem\",\"position\":3,\"name\":\"Komplekt Polystyrol FixFoam 877\"}]},{\"@type\":\"WebSite\",\"@id\":\"https:\/\/penosil.com\/et\/#website\",\"url\":\"https:\/\/penosil.com\/et\/\",\"name\":\"Penosil Estonia\",\"description\":\"\",\"potentialAction\":[{\"@type\":\"SearchAction\",\"target\":{\"@type\":\"EntryPoint\",\"urlTemplate\":\"https:\/\/penosil.com\/et\/?s={search_term_string}\"},\"query-input\":{\"@type\":\"PropertyValueSpecification\",\"valueRequired\":true,\"valueName\":\"search_term_string\"}}],\"inLanguage\":\"et\"}]}<\/script>\n<!-- \/ Yoast SEO plugin. -->","yoast_head_json":{"title":"PENOSIL Polystyrol FixFoam 877 liimvaht soojustusplaatide kinnitamiseks","description":"PENOSIL Polystyrol FixFoam 877 liimvaht v\u00e4lis- ja sisesoojustusplaatide, aknalaudade jms kinnitamine. Uuri l\u00e4hemalt!","robots":{"index":"index","follow":"follow","max-snippet":"max-snippet:-1","max-image-preview":"max-image-preview:large","max-video-preview":"max-video-preview:-1"},"canonical":"https:\/\/penosil.com\/et\/toode\/komplekt-polystyrol-fixfoam-877-soojustusplaatide-liimvaht-c1-vahupustoliga\/","og_locale":"et_EE","og_type":"article","og_title":"PENOSIL Polystyrol FixFoam 877 liimvaht soojustusplaatide kinnitamiseks","og_description":"PENOSIL Polystyrol FixFoam 877 liimvaht v\u00e4lis- ja sisesoojustusplaatide, aknalaudade jms kinnitamine. Uuri l\u00e4hemalt!","og_url":"https:\/\/penosil.com\/et\/toode\/komplekt-polystyrol-fixfoam-877-soojustusplaatide-liimvaht-c1-vahupustoliga\/","og_site_name":"Penosil Estonia","article_modified_time":"2026-02-09T08:46:38+00:00","og_image":[{"width":814,"height":1080,"url":"https:\/\/penosil.com\/et\/wp-content\/uploads\/sites\/32\/2025\/09\/877_Polystyrol_FixFoam_877_EE_FI_kombo_1.png","type":"image\/png"}],"twitter_card":"summary_large_image","schema":{"@context":"https:\/\/schema.org","@graph":[{"@type":"WebPage","@id":"https:\/\/penosil.com\/et\/toode\/komplekt-polystyrol-fixfoam-877-soojustusplaatide-liimvaht-c1-vahupustoliga\/","url":"https:\/\/penosil.com\/et\/toode\/komplekt-polystyrol-fixfoam-877-soojustusplaatide-liimvaht-c1-vahupustoliga\/","name":"PENOSIL Polystyrol FixFoam 877 liimvaht soojustusplaatide kinnitamiseks","isPartOf":{"@id":"https:\/\/penosil.com\/et\/#website"},"primaryImageOfPage":{"@id":"https:\/\/penosil.com\/et\/toode\/komplekt-polystyrol-fixfoam-877-soojustusplaatide-liimvaht-c1-vahupustoliga\/#primaryimage"},"image":{"@id":"https:\/\/penosil.com\/et\/toode\/komplekt-polystyrol-fixfoam-877-soojustusplaatide-liimvaht-c1-vahupustoliga\/#primaryimage"},"thumbnailUrl":"https:\/\/penosil.com\/et\/wp-content\/uploads\/sites\/32\/2025\/09\/877_Polystyrol_FixFoam_877_EE_FI_kombo_1.png","datePublished":"2023-02-20T08:12:16+00:00","dateModified":"2026-02-09T08:46:38+00:00","description":"PENOSIL Polystyrol FixFoam 877 liimvaht v\u00e4lis- ja sisesoojustusplaatide, aknalaudade jms kinnitamine. Uuri l\u00e4hemalt!","breadcrumb":{"@id":"https:\/\/penosil.com\/et\/toode\/komplekt-polystyrol-fixfoam-877-soojustusplaatide-liimvaht-c1-vahupustoliga\/#breadcrumb"},"inLanguage":"et","potentialAction":[{"@type":"ReadAction","target":["https:\/\/penosil.com\/et\/toode\/komplekt-polystyrol-fixfoam-877-soojustusplaatide-liimvaht-c1-vahupustoliga\/"]}]},{"@type":"ImageObject","inLanguage":"et","@id":"https:\/\/penosil.com\/et\/toode\/komplekt-polystyrol-fixfoam-877-soojustusplaatide-liimvaht-c1-vahupustoliga\/#primaryimage","url":"https:\/\/penosil.com\/et\/wp-content\/uploads\/sites\/32\/2025\/09\/877_Polystyrol_FixFoam_877_EE_FI_kombo_1.png","contentUrl":"https:\/\/penosil.com\/et\/wp-content\/uploads\/sites\/32\/2025\/09\/877_Polystyrol_FixFoam_877_EE_FI_kombo_1.png","width":814,"height":1080,"caption":"PENOSIL Polystyrol FixFoam 877 liimvaht soojustusplaatide kinnitamiseks komplekt 12 ballooni vahtu pluss vahup\u00fcstol"},{"@type":"BreadcrumbList","@id":"https:\/\/penosil.com\/et\/toode\/komplekt-polystyrol-fixfoam-877-soojustusplaatide-liimvaht-c1-vahupustoliga\/#breadcrumb","itemListElement":[{"@type":"ListItem","position":1,"name":"Home","item":"https:\/\/penosil.com\/et\/"},{"@type":"ListItem","position":2,"name":"Tooted","item":"https:\/\/penosil.com\/et\/tooted\/"},{"@type":"ListItem","position":3,"name":"Komplekt Polystyrol FixFoam 877"}]},{"@type":"WebSite","@id":"https:\/\/penosil.com\/et\/#website","url":"https:\/\/penosil.com\/et\/","name":"Penosil Estonia","description":"","potentialAction":[{"@type":"SearchAction","target":{"@type":"EntryPoint","urlTemplate":"https:\/\/penosil.com\/et\/?s={search_term_string}"},"query-input":{"@type":"PropertyValueSpecification","valueRequired":true,"valueName":"search_term_string"}}],"inLanguage":"et"}]}},"featured_img":"https:\/\/penosil.com\/et\/wp-content\/uploads\/sites\/32\/2025\/09\/877_Polystyrol_FixFoam_877_EE_FI_kombo_1.png","coauthors":[],"author_meta":{"author_link":"https:\/\/penosil.com\/et\/author\/anne\/","display_name":"Anne Lulla"},"relative_dates":{"created":"Posted 3 aastat ago","modified":"Updated 2 kuud ago"},"absolute_dates":{"created":"Posted on 20. veebr. 2023","modified":"Updated on 9. veebr. 2026"},"absolute_dates_time":{"created":"Posted on 20. veebr. 2023 10:12","modified":"Updated on 9. veebr. 2026 10:46"},"featured_img_caption":"","tax_additional":{"product_brand":{"linked":[],"unlinked":[],"slug":"product_brand","name":"Br\u00e4ndid"},"product_type":{"linked":["<a href=\"https:\/\/penosil.com\/et\/?taxonomy=product_type&#038;term=simple\" class=\"advgb-post-tax-term\">simple<\/a>"],"unlinked":["<span class=\"advgb-post-tax-term\">simple<\/span>"],"slug":"product_type","name":"Product type"},"product_visibility":{"linked":[],"unlinked":[],"slug":"product_visibility","name":"Product visibility"},"product_cat":{"linked":["<a href=\"https:\/\/penosil.com\/et\/tooted\/kasutusalad\/\" class=\"advgb-post-tax-term\">Kasutusalad<\/a>","<a href=\"https:\/\/penosil.com\/et\/tooted\/tootekategooriad\/liimid\/liimvahud\/\" class=\"advgb-post-tax-term\">Liimvahud<\/a>","<a href=\"https:\/\/penosil.com\/et\/tooted\/tootekategooriad\/\" class=\"advgb-post-tax-term\">Tootekategooriad<\/a>","<a href=\"https:\/\/penosil.com\/et\/tooted\/tootekategooriad\/liimid\/\" class=\"advgb-post-tax-term\">Liimid<\/a>","<a href=\"https:\/\/penosil.com\/et\/tooted\/kasutusalad\/liimimine\/\" class=\"advgb-post-tax-term\">Liimimine<\/a>"],"unlinked":["<span class=\"advgb-post-tax-term\">Kasutusalad<\/span>","<span class=\"advgb-post-tax-term\">Liimvahud<\/span>","<span class=\"advgb-post-tax-term\">Tootekategooriad<\/span>","<span class=\"advgb-post-tax-term\">Liimid<\/span>","<span class=\"advgb-post-tax-term\">Liimimine<\/span>"],"slug":"product_cat","name":"Tootekategooriad"},"product_tag":{"linked":[],"unlinked":[],"slug":"product_tag","name":"Tootesildid"},"product_shipping_class":{"linked":[],"unlinked":[],"slug":"product_shipping_class","name":"Toote tarneklassid"},"pos_product_visibility":{"linked":[],"unlinked":[],"slug":"pos_product_visibility","name":"POS Product visibility"},"pa_color":{"linked":["<a href=\"https:\/\/penosil.com\/et\/?taxonomy=pa_color&#038;term=heleoranz\" class=\"advgb-post-tax-term\">Heleoran\u017e<\/a>"],"unlinked":["<span class=\"advgb-post-tax-term\">Heleoran\u017e<\/span>"],"slug":"pa_color","name":"Product Colour"},"pa_diameter":{"linked":[],"unlinked":[],"slug":"pa_diameter","name":"Product Diameter"},"pa_package":{"linked":[],"unlinked":[],"slug":"pa_package","name":"Product Package"},"pa_roll":{"linked":[],"unlinked":[],"slug":"pa_roll","name":"Product Roll"},"pa_widths":{"linked":[],"unlinked":[],"slug":"pa_widths","name":"Product Widths"},"translation_priority":{"linked":["<a href=\"https:\/\/penosil.com\/et\/?taxonomy=translation_priority&#038;term=optional-et\" class=\"advgb-post-tax-term\">Optional<\/a>"],"unlinked":["<span class=\"advgb-post-tax-term\">Optional<\/span>"],"slug":"translation_priority","name":"Translation Priorities"}},"series_order":"","_links":{"self":[{"href":"https:\/\/penosil.com\/et\/wp-json\/wp\/v2\/product\/29911","targetHints":{"allow":["GET"]}}],"collection":[{"href":"https:\/\/penosil.com\/et\/wp-json\/wp\/v2\/product"}],"about":[{"href":"https:\/\/penosil.com\/et\/wp-json\/wp\/v2\/types\/product"}],"version-history":[{"count":6,"href":"https:\/\/penosil.com\/et\/wp-json\/wp\/v2\/product\/29911\/revisions"}],"predecessor-version":[{"id":35512,"href":"https:\/\/penosil.com\/et\/wp-json\/wp\/v2\/product\/29911\/revisions\/35512"}],"wp:featuredmedia":[{"embeddable":true,"href":"https:\/\/penosil.com\/et\/wp-json\/wp\/v2\/media\/35044"}],"wp:attachment":[{"href":"https:\/\/penosil.com\/et\/wp-json\/wp\/v2\/media?parent=29911"}],"wp:term":[{"taxonomy":"product_brand","embeddable":true,"href":"https:\/\/penosil.com\/et\/wp-json\/wp\/v2\/product_brand?post=29911"},{"taxonomy":"product_cat","embeddable":true,"href":"https:\/\/penosil.com\/et\/wp-json\/wp\/v2\/product_cat?post=29911"},{"taxonomy":"product_tag","embeddable":true,"href":"https:\/\/penosil.com\/et\/wp-json\/wp\/v2\/product_tag?post=29911"}],"curies":[{"name":"wp","href":"https:\/\/api.w.org\/{rel}","templated":true}]}}