{"id":29922,"date":"2023-02-21T16:52:28","date_gmt":"2023-02-21T14:52:28","guid":{"rendered":"https:\/\/penosil.com\/et\/?post_type=product&#038;p=29922"},"modified":"2026-02-09T10:46:38","modified_gmt":"2026-02-09T08:46:38","slug":"pustolivaht-aastaringseks-kasutamiseks","status":"publish","type":"product","link":"https:\/\/penosil.com\/et\/toode\/pustolivaht-aastaringseks-kasutamiseks\/","title":{"rendered":"P\u00fcstolivaht aastaringne"},"content":{"rendered":"<p>PENOSIL aastaringne P\u00fcstolivaht on \u00fchekomponentne pol\u00fcuretaanvaht pragude, vuukide, avauste ja l\u00e4biviikude t\u00e4itmiseks ja tihendamiseks enne v\u00e4rvimist ja krohvimist. Nakkub h\u00e4sti enamlevinud ehitusmaterjalidega nagu puit, betoon, kivi, krohv, metall, PVC ja pol\u00fcst\u00fcreen.<\/p>\n","protected":false},"excerpt":{"rendered":"PENOSIL aastaringne P\u00fcstolivaht on \u00fchekomponentne pol\u00fcuretaanvaht pragude, vuukide, avauste ja l\u00e4biviikude t\u00e4itmiseks ja tihendamiseks enne v\u00e4rvimist ja krohvimist. Nakkub h\u00e4sti enamlevinud ehitusmaterjalidega nagu puit, betoon, kivi, krohv, metall, PVC ja pol\u00fcst\u00fcreen.","protected":false},"author":6,"featured_media":35733,"template":"","meta":{"_acf_changed":false,"advgb_blocks_editor_width":"","advgb_blocks_columns_visual_guide":"","footnotes":""},"product_brand":[],"product_cat":[1535,1358,1495],"product_tag":[],"class_list":{"0":"post-29922","1":"product","2":"type-product","3":"status-publish","4":"has-post-thumbnail","6":"product_cat-pustolivahud","7":"product_cat-tootekategooriad","8":"product_cat-ehitusvahud","10":"first","11":"instock","12":"taxable","13":"shipping-taxable","14":"purchasable","15":"product-type-simple"},"acf":[],"yoast_head":"<!-- This site is optimized with the Yoast SEO plugin v27.4 - https:\/\/yoast.com\/product\/yoast-seo-wordpress\/ -->\n<title>PENOSIL P\u00fcstolivaht aastaringne t\u00e4ite- ja tihendusvaht<\/title>\n<meta name=\"description\" content=\"PENOSIL P\u00fcstolivaht on aastaringne t\u00e4itevaht t\u00fchimike, pragude, vuukide, kaablil\u00e4biviikude tihendamiseks enne krohvimist ja v\u00e4rvimist. Uuri l\u00e4hemalt!\" \/>\n<meta name=\"robots\" content=\"index, follow, max-snippet:-1, max-image-preview:large, max-video-preview:-1\" \/>\n<link rel=\"canonical\" href=\"https:\/\/penosil.com\/et\/toode\/pustolivaht-aastaringseks-kasutamiseks\/\" \/>\n<meta property=\"og:locale\" content=\"et_EE\" \/>\n<meta property=\"og:type\" content=\"article\" \/>\n<meta property=\"og:title\" content=\"PENOSIL P\u00fcstolivaht aastaringne t\u00e4ite- ja tihendusvaht\" \/>\n<meta property=\"og:description\" content=\"PENOSIL P\u00fcstolivaht on aastaringne t\u00e4itevaht t\u00fchimike, pragude, vuukide, kaablil\u00e4biviikude tihendamiseks enne krohvimist ja v\u00e4rvimist. Uuri l\u00e4hemalt!\" \/>\n<meta property=\"og:url\" content=\"https:\/\/penosil.com\/et\/toode\/pustolivaht-aastaringseks-kasutamiseks\/\" \/>\n<meta property=\"og:site_name\" content=\"Penosil Estonia\" \/>\n<meta property=\"article:modified_time\" content=\"2026-02-09T08:46:38+00:00\" \/>\n<meta property=\"og:image\" content=\"https:\/\/penosil.com\/et\/wp-content\/uploads\/sites\/32\/2025\/12\/1151_Penosil_Pustolivaht_aastaringne_750ml_EE_1.png\" \/>\n\t<meta property=\"og:image:width\" content=\"523\" \/>\n\t<meta property=\"og:image:height\" content=\"1080\" \/>\n\t<meta property=\"og:image:type\" content=\"image\/png\" \/>\n<meta name=\"twitter:card\" content=\"summary_large_image\" \/>\n<script type=\"application\/ld+json\" class=\"yoast-schema-graph\">{\"@context\":\"https:\\\/\\\/schema.org\",\"@graph\":[{\"@type\":\"WebPage\",\"@id\":\"https:\\\/\\\/penosil.com\\\/et\\\/toode\\\/pustolivaht-aastaringseks-kasutamiseks\\\/\",\"url\":\"https:\\\/\\\/penosil.com\\\/et\\\/toode\\\/pustolivaht-aastaringseks-kasutamiseks\\\/\",\"name\":\"PENOSIL P\u00fcstolivaht aastaringne t\u00e4ite- ja tihendusvaht\",\"isPartOf\":{\"@id\":\"https:\\\/\\\/penosil.com\\\/et\\\/#website\"},\"primaryImageOfPage\":{\"@id\":\"https:\\\/\\\/penosil.com\\\/et\\\/toode\\\/pustolivaht-aastaringseks-kasutamiseks\\\/#primaryimage\"},\"image\":{\"@id\":\"https:\\\/\\\/penosil.com\\\/et\\\/toode\\\/pustolivaht-aastaringseks-kasutamiseks\\\/#primaryimage\"},\"thumbnailUrl\":\"https:\\\/\\\/penosil.com\\\/et\\\/wp-content\\\/uploads\\\/sites\\\/32\\\/2025\\\/12\\\/1151_Penosil_Pustolivaht_aastaringne_750ml_EE_1.png\",\"datePublished\":\"2023-02-21T14:52:28+00:00\",\"dateModified\":\"2026-02-09T08:46:38+00:00\",\"description\":\"PENOSIL P\u00fcstolivaht on aastaringne t\u00e4itevaht t\u00fchimike, pragude, vuukide, kaablil\u00e4biviikude tihendamiseks enne krohvimist ja v\u00e4rvimist. Uuri l\u00e4hemalt!\",\"breadcrumb\":{\"@id\":\"https:\\\/\\\/penosil.com\\\/et\\\/toode\\\/pustolivaht-aastaringseks-kasutamiseks\\\/#breadcrumb\"},\"inLanguage\":\"et\",\"potentialAction\":[{\"@type\":\"ReadAction\",\"target\":[\"https:\\\/\\\/penosil.com\\\/et\\\/toode\\\/pustolivaht-aastaringseks-kasutamiseks\\\/\"]}]},{\"@type\":\"ImageObject\",\"inLanguage\":\"et\",\"@id\":\"https:\\\/\\\/penosil.com\\\/et\\\/toode\\\/pustolivaht-aastaringseks-kasutamiseks\\\/#primaryimage\",\"url\":\"https:\\\/\\\/penosil.com\\\/et\\\/wp-content\\\/uploads\\\/sites\\\/32\\\/2025\\\/12\\\/1151_Penosil_Pustolivaht_aastaringne_750ml_EE_1.png\",\"contentUrl\":\"https:\\\/\\\/penosil.com\\\/et\\\/wp-content\\\/uploads\\\/sites\\\/32\\\/2025\\\/12\\\/1151_Penosil_Pustolivaht_aastaringne_750ml_EE_1.png\",\"width\":523,\"height\":1080},{\"@type\":\"BreadcrumbList\",\"@id\":\"https:\\\/\\\/penosil.com\\\/et\\\/toode\\\/pustolivaht-aastaringseks-kasutamiseks\\\/#breadcrumb\",\"itemListElement\":[{\"@type\":\"ListItem\",\"position\":1,\"name\":\"Home\",\"item\":\"https:\\\/\\\/penosil.com\\\/et\\\/\"},{\"@type\":\"ListItem\",\"position\":2,\"name\":\"Tooted\",\"item\":\"https:\\\/\\\/penosil.com\\\/et\\\/tooted\\\/\"},{\"@type\":\"ListItem\",\"position\":3,\"name\":\"P\u00fcstolivaht aastaringne\"}]},{\"@type\":\"WebSite\",\"@id\":\"https:\\\/\\\/penosil.com\\\/et\\\/#website\",\"url\":\"https:\\\/\\\/penosil.com\\\/et\\\/\",\"name\":\"Penosil Estonia\",\"description\":\"\",\"potentialAction\":[{\"@type\":\"SearchAction\",\"target\":{\"@type\":\"EntryPoint\",\"urlTemplate\":\"https:\\\/\\\/penosil.com\\\/et\\\/?s={search_term_string}\"},\"query-input\":{\"@type\":\"PropertyValueSpecification\",\"valueRequired\":true,\"valueName\":\"search_term_string\"}}],\"inLanguage\":\"et\"}]}<\/script>\n<!-- \/ Yoast SEO plugin. -->","yoast_head_json":{"title":"PENOSIL P\u00fcstolivaht aastaringne t\u00e4ite- ja tihendusvaht","description":"PENOSIL P\u00fcstolivaht on aastaringne t\u00e4itevaht t\u00fchimike, pragude, vuukide, kaablil\u00e4biviikude tihendamiseks enne krohvimist ja v\u00e4rvimist. Uuri l\u00e4hemalt!","robots":{"index":"index","follow":"follow","max-snippet":"max-snippet:-1","max-image-preview":"max-image-preview:large","max-video-preview":"max-video-preview:-1"},"canonical":"https:\/\/penosil.com\/et\/toode\/pustolivaht-aastaringseks-kasutamiseks\/","og_locale":"et_EE","og_type":"article","og_title":"PENOSIL P\u00fcstolivaht aastaringne t\u00e4ite- ja tihendusvaht","og_description":"PENOSIL P\u00fcstolivaht on aastaringne t\u00e4itevaht t\u00fchimike, pragude, vuukide, kaablil\u00e4biviikude tihendamiseks enne krohvimist ja v\u00e4rvimist. Uuri l\u00e4hemalt!","og_url":"https:\/\/penosil.com\/et\/toode\/pustolivaht-aastaringseks-kasutamiseks\/","og_site_name":"Penosil Estonia","article_modified_time":"2026-02-09T08:46:38+00:00","og_image":[{"width":523,"height":1080,"url":"https:\/\/penosil.com\/et\/wp-content\/uploads\/sites\/32\/2025\/12\/1151_Penosil_Pustolivaht_aastaringne_750ml_EE_1.png","type":"image\/png"}],"twitter_card":"summary_large_image","schema":{"@context":"https:\/\/schema.org","@graph":[{"@type":"WebPage","@id":"https:\/\/penosil.com\/et\/toode\/pustolivaht-aastaringseks-kasutamiseks\/","url":"https:\/\/penosil.com\/et\/toode\/pustolivaht-aastaringseks-kasutamiseks\/","name":"PENOSIL P\u00fcstolivaht aastaringne t\u00e4ite- ja tihendusvaht","isPartOf":{"@id":"https:\/\/penosil.com\/et\/#website"},"primaryImageOfPage":{"@id":"https:\/\/penosil.com\/et\/toode\/pustolivaht-aastaringseks-kasutamiseks\/#primaryimage"},"image":{"@id":"https:\/\/penosil.com\/et\/toode\/pustolivaht-aastaringseks-kasutamiseks\/#primaryimage"},"thumbnailUrl":"https:\/\/penosil.com\/et\/wp-content\/uploads\/sites\/32\/2025\/12\/1151_Penosil_Pustolivaht_aastaringne_750ml_EE_1.png","datePublished":"2023-02-21T14:52:28+00:00","dateModified":"2026-02-09T08:46:38+00:00","description":"PENOSIL P\u00fcstolivaht on aastaringne t\u00e4itevaht t\u00fchimike, pragude, vuukide, kaablil\u00e4biviikude tihendamiseks enne krohvimist ja v\u00e4rvimist. Uuri l\u00e4hemalt!","breadcrumb":{"@id":"https:\/\/penosil.com\/et\/toode\/pustolivaht-aastaringseks-kasutamiseks\/#breadcrumb"},"inLanguage":"et","potentialAction":[{"@type":"ReadAction","target":["https:\/\/penosil.com\/et\/toode\/pustolivaht-aastaringseks-kasutamiseks\/"]}]},{"@type":"ImageObject","inLanguage":"et","@id":"https:\/\/penosil.com\/et\/toode\/pustolivaht-aastaringseks-kasutamiseks\/#primaryimage","url":"https:\/\/penosil.com\/et\/wp-content\/uploads\/sites\/32\/2025\/12\/1151_Penosil_Pustolivaht_aastaringne_750ml_EE_1.png","contentUrl":"https:\/\/penosil.com\/et\/wp-content\/uploads\/sites\/32\/2025\/12\/1151_Penosil_Pustolivaht_aastaringne_750ml_EE_1.png","width":523,"height":1080},{"@type":"BreadcrumbList","@id":"https:\/\/penosil.com\/et\/toode\/pustolivaht-aastaringseks-kasutamiseks\/#breadcrumb","itemListElement":[{"@type":"ListItem","position":1,"name":"Home","item":"https:\/\/penosil.com\/et\/"},{"@type":"ListItem","position":2,"name":"Tooted","item":"https:\/\/penosil.com\/et\/tooted\/"},{"@type":"ListItem","position":3,"name":"P\u00fcstolivaht aastaringne"}]},{"@type":"WebSite","@id":"https:\/\/penosil.com\/et\/#website","url":"https:\/\/penosil.com\/et\/","name":"Penosil Estonia","description":"","potentialAction":[{"@type":"SearchAction","target":{"@type":"EntryPoint","urlTemplate":"https:\/\/penosil.com\/et\/?s={search_term_string}"},"query-input":{"@type":"PropertyValueSpecification","valueRequired":true,"valueName":"search_term_string"}}],"inLanguage":"et"}]}},"featured_img":"https:\/\/penosil.com\/et\/wp-content\/uploads\/sites\/32\/2025\/12\/1151_Penosil_Pustolivaht_aastaringne_750ml_EE_1.png","coauthors":[],"author_meta":{"author_link":"https:\/\/penosil.com\/et\/author\/anne\/","display_name":"Anne Lulla"},"relative_dates":{"created":"Posted 3 aastat ago","modified":"Updated 3 kuud ago"},"absolute_dates":{"created":"Posted on 21. veebr. 2023","modified":"Updated on 9. veebr. 2026"},"absolute_dates_time":{"created":"Posted on 21. veebr. 2023 04:52","modified":"Updated on 9. veebr. 2026 10:46"},"featured_img_caption":"","tax_additional":{"product_brand":{"linked":[],"unlinked":[],"slug":"product_brand","name":"Br\u00e4ndid"},"product_type":{"linked":["<a href=\"https:\/\/penosil.com\/et\/?taxonomy=product_type&#038;term=simple\" class=\"advgb-post-tax-term\">simple<\/a>"],"unlinked":["<span class=\"advgb-post-tax-term\">simple<\/span>"],"slug":"product_type","name":"Product type"},"product_visibility":{"linked":[],"unlinked":[],"slug":"product_visibility","name":"Product visibility"},"product_cat":{"linked":["<a href=\"https:\/\/penosil.com\/et\/tooted\/tootekategooriad\/ehitusvahud\/pustolivahud\/\" class=\"advgb-post-tax-term\">P\u00fcstolivahud<\/a>","<a href=\"https:\/\/penosil.com\/et\/tooted\/tootekategooriad\/\" class=\"advgb-post-tax-term\">Tootekategooriad<\/a>","<a href=\"https:\/\/penosil.com\/et\/tooted\/tootekategooriad\/ehitusvahud\/\" class=\"advgb-post-tax-term\">Ehitusvahud<\/a>"],"unlinked":["<span class=\"advgb-post-tax-term\">P\u00fcstolivahud<\/span>","<span class=\"advgb-post-tax-term\">Tootekategooriad<\/span>","<span class=\"advgb-post-tax-term\">Ehitusvahud<\/span>"],"slug":"product_cat","name":"Tootekategooriad"},"product_tag":{"linked":[],"unlinked":[],"slug":"product_tag","name":"Tootesildid"},"product_shipping_class":{"linked":[],"unlinked":[],"slug":"product_shipping_class","name":"Toote tarneklassid"},"pos_product_visibility":{"linked":[],"unlinked":[],"slug":"pos_product_visibility","name":"POS Product visibility"},"pa_color":{"linked":["<a href=\"https:\/\/penosil.com\/et\/?taxonomy=pa_color&#038;term=light-yellow-et\" class=\"advgb-post-tax-term\">Helekollane<\/a>"],"unlinked":["<span class=\"advgb-post-tax-term\">Helekollane<\/span>"],"slug":"pa_color","name":"Product Colour"},"pa_diameter":{"linked":[],"unlinked":[],"slug":"pa_diameter","name":"Product Diameter"},"pa_package":{"linked":[],"unlinked":[],"slug":"pa_package","name":"Product Package"},"pa_roll":{"linked":[],"unlinked":[],"slug":"pa_roll","name":"Product Roll"},"pa_widths":{"linked":[],"unlinked":[],"slug":"pa_widths","name":"Product Widths"},"translation_priority":{"linked":["<a href=\"https:\/\/penosil.com\/et\/?taxonomy=translation_priority&#038;term=optional-et\" class=\"advgb-post-tax-term\">Optional<\/a>"],"unlinked":["<span class=\"advgb-post-tax-term\">Optional<\/span>"],"slug":"translation_priority","name":"Translation Priorities"}},"series_order":"","_links":{"self":[{"href":"https:\/\/penosil.com\/et\/wp-json\/wp\/v2\/product\/29922","targetHints":{"allow":["GET"]}}],"collection":[{"href":"https:\/\/penosil.com\/et\/wp-json\/wp\/v2\/product"}],"about":[{"href":"https:\/\/penosil.com\/et\/wp-json\/wp\/v2\/types\/product"}],"version-history":[{"count":3,"href":"https:\/\/penosil.com\/et\/wp-json\/wp\/v2\/product\/29922\/revisions"}],"predecessor-version":[{"id":35557,"href":"https:\/\/penosil.com\/et\/wp-json\/wp\/v2\/product\/29922\/revisions\/35557"}],"wp:featuredmedia":[{"embeddable":true,"href":"https:\/\/penosil.com\/et\/wp-json\/wp\/v2\/media\/35733"}],"wp:attachment":[{"href":"https:\/\/penosil.com\/et\/wp-json\/wp\/v2\/media?parent=29922"}],"wp:term":[{"taxonomy":"product_brand","embeddable":true,"href":"https:\/\/penosil.com\/et\/wp-json\/wp\/v2\/product_brand?post=29922"},{"taxonomy":"product_cat","embeddable":true,"href":"https:\/\/penosil.com\/et\/wp-json\/wp\/v2\/product_cat?post=29922"},{"taxonomy":"product_tag","embeddable":true,"href":"https:\/\/penosil.com\/et\/wp-json\/wp\/v2\/product_tag?post=29922"}],"curies":[{"name":"wp","href":"https:\/\/api.w.org\/{rel}","templated":true}]}}