{"id":30075,"date":"2023-05-17T10:57:17","date_gmt":"2023-05-17T10:57:17","guid":{"rendered":"https:\/\/penosil.com\/et\/?post_type=product&#038;p=30075"},"modified":"2026-02-09T10:46:41","modified_gmt":"2026-02-09T08:46:41","slug":"eco-mounting-adhesive-677-jatkusuutlik-akruulliim","status":"publish","type":"product","link":"https:\/\/penosil.com\/et\/toode\/eco-mounting-adhesive-677-jatkusuutlik-akruulliim\/","title":{"rendered":"ECO Mounting Adhesive 677"},"content":{"rendered":"<p>PENOSIL ECO Mounting Adhesive 677 on taaskasutatud ja biop\u00f5histel materjalidel p\u00f5hinev mitmeotstarbeline akr\u00fc\u00fclliim siset\u00f6\u00f6deks. See moodustab tugeva ja kauakestva UV- ja niiskuskindla \u00fchenduse enimlevinud ehitusmaterjalidega.<\/p>\n","protected":false},"excerpt":{"rendered":"PENOSIL ECO Mounting Adhesive 677 on taaskasutatud ja biop\u00f5histel materjalidel p\u00f5hinev mitmeotstarbeline akr\u00fc\u00fclliim siset\u00f6\u00f6deks. See moodustab tugeva ja kauakestva UV- ja niiskuskindla \u00fchenduse enimlevinud ehitusmaterjalidega.","protected":false},"author":6,"featured_media":30070,"template":"","meta":{"_acf_changed":false,"advgb_blocks_editor_width":"","advgb_blocks_columns_visual_guide":"","footnotes":""},"product_brand":[],"product_cat":[208,1358,227,2629,2588],"product_tag":[],"class_list":{"0":"post-30075","1":"product","2":"type-product","3":"status-publish","4":"has-post-thumbnail","6":"product_cat-kasutusalad","7":"product_cat-tootekategooriad","8":"product_cat-liimid","9":"product_cat-akruulliimid","10":"product_cat-keskkonnasaastlik-ehitus","12":"first","13":"outofstock","14":"taxable","15":"shipping-taxable","16":"purchasable","17":"product-type-simple"},"acf":[],"yoast_head":"<!-- This site is optimized with the Yoast SEO plugin v27.2 - https:\/\/yoast.com\/product\/yoast-seo-wordpress\/ -->\n<title>PENOSIL ECO Mounting Adhesive 677 j\u00e4tkusuutlik akr\u00fc\u00fclliim erinevateks liimimist\u00f6\u00f6deks.<\/title>\n<meta name=\"description\" content=\"PENOSIL ECO Mounting Adhesive 677 on j\u00e4tkusuutlik akr\u00fc\u00fclliim erinevateks liimimist\u00f6\u00f6deks siseruumides. P\u00f5hineb j\u00e4tkusuutlikul toorainel. Avasta l\u00e4hemalt siit!\" \/>\n<meta name=\"robots\" content=\"index, follow, max-snippet:-1, max-image-preview:large, max-video-preview:-1\" \/>\n<link rel=\"canonical\" href=\"https:\/\/penosil.com\/et\/toode\/eco-mounting-adhesive-677-jatkusuutlik-akruulliim\/\" \/>\n<meta property=\"og:locale\" content=\"et_EE\" \/>\n<meta property=\"og:type\" content=\"article\" \/>\n<meta property=\"og:title\" content=\"PENOSIL ECO Mounting Adhesive 677 j\u00e4tkusuutlik akr\u00fc\u00fclliim erinevateks liimimist\u00f6\u00f6deks.\" \/>\n<meta property=\"og:description\" content=\"PENOSIL ECO Mounting Adhesive 677 on j\u00e4tkusuutlik akr\u00fc\u00fclliim erinevateks liimimist\u00f6\u00f6deks siseruumides. P\u00f5hineb j\u00e4tkusuutlikul toorainel. Avasta l\u00e4hemalt siit!\" \/>\n<meta property=\"og:url\" content=\"https:\/\/penosil.com\/et\/toode\/eco-mounting-adhesive-677-jatkusuutlik-akruulliim\/\" \/>\n<meta property=\"og:site_name\" content=\"Penosil Estonia\" \/>\n<meta property=\"article:modified_time\" content=\"2026-02-09T08:46:41+00:00\" \/>\n<meta property=\"og:image\" content=\"https:\/\/penosil.com\/et\/wp-content\/uploads\/sites\/32\/2023\/05\/677_ECO_Mounting_Adhesive_677_EE_FI.png\" \/>\n\t<meta property=\"og:image:width\" content=\"387\" \/>\n\t<meta property=\"og:image:height\" content=\"1080\" \/>\n\t<meta property=\"og:image:type\" content=\"image\/png\" \/>\n<meta name=\"twitter:card\" content=\"summary_large_image\" \/>\n<script type=\"application\/ld+json\" class=\"yoast-schema-graph\">{\"@context\":\"https:\/\/schema.org\",\"@graph\":[{\"@type\":\"WebPage\",\"@id\":\"https:\/\/penosil.com\/et\/toode\/eco-mounting-adhesive-677-jatkusuutlik-akruulliim\/\",\"url\":\"https:\/\/penosil.com\/et\/toode\/eco-mounting-adhesive-677-jatkusuutlik-akruulliim\/\",\"name\":\"PENOSIL ECO Mounting Adhesive 677 j\u00e4tkusuutlik akr\u00fc\u00fclliim erinevateks liimimist\u00f6\u00f6deks.\",\"isPartOf\":{\"@id\":\"https:\/\/penosil.com\/et\/#website\"},\"primaryImageOfPage\":{\"@id\":\"https:\/\/penosil.com\/et\/toode\/eco-mounting-adhesive-677-jatkusuutlik-akruulliim\/#primaryimage\"},\"image\":{\"@id\":\"https:\/\/penosil.com\/et\/toode\/eco-mounting-adhesive-677-jatkusuutlik-akruulliim\/#primaryimage\"},\"thumbnailUrl\":\"https:\/\/penosil.com\/et\/wp-content\/uploads\/sites\/32\/2023\/05\/677_ECO_Mounting_Adhesive_677_EE_FI.png\",\"datePublished\":\"2023-05-17T10:57:17+00:00\",\"dateModified\":\"2026-02-09T08:46:41+00:00\",\"description\":\"PENOSIL ECO Mounting Adhesive 677 on j\u00e4tkusuutlik akr\u00fc\u00fclliim erinevateks liimimist\u00f6\u00f6deks siseruumides. P\u00f5hineb j\u00e4tkusuutlikul toorainel. Avasta l\u00e4hemalt siit!\",\"breadcrumb\":{\"@id\":\"https:\/\/penosil.com\/et\/toode\/eco-mounting-adhesive-677-jatkusuutlik-akruulliim\/#breadcrumb\"},\"inLanguage\":\"et\",\"potentialAction\":[{\"@type\":\"ReadAction\",\"target\":[\"https:\/\/penosil.com\/et\/toode\/eco-mounting-adhesive-677-jatkusuutlik-akruulliim\/\"]}]},{\"@type\":\"ImageObject\",\"inLanguage\":\"et\",\"@id\":\"https:\/\/penosil.com\/et\/toode\/eco-mounting-adhesive-677-jatkusuutlik-akruulliim\/#primaryimage\",\"url\":\"https:\/\/penosil.com\/et\/wp-content\/uploads\/sites\/32\/2023\/05\/677_ECO_Mounting_Adhesive_677_EE_FI.png\",\"contentUrl\":\"https:\/\/penosil.com\/et\/wp-content\/uploads\/sites\/32\/2023\/05\/677_ECO_Mounting_Adhesive_677_EE_FI.png\",\"width\":387,\"height\":1080,\"caption\":\"PENOSIL ECO Mounting Adhesive 677 j\u00e4tkusuutlik akr\u00fc\u00fclliim\"},{\"@type\":\"BreadcrumbList\",\"@id\":\"https:\/\/penosil.com\/et\/toode\/eco-mounting-adhesive-677-jatkusuutlik-akruulliim\/#breadcrumb\",\"itemListElement\":[{\"@type\":\"ListItem\",\"position\":1,\"name\":\"Home\",\"item\":\"https:\/\/penosil.com\/et\/\"},{\"@type\":\"ListItem\",\"position\":2,\"name\":\"Tooted\",\"item\":\"https:\/\/penosil.com\/et\/tooted\/\"},{\"@type\":\"ListItem\",\"position\":3,\"name\":\"ECO Mounting Adhesive 677\"}]},{\"@type\":\"WebSite\",\"@id\":\"https:\/\/penosil.com\/et\/#website\",\"url\":\"https:\/\/penosil.com\/et\/\",\"name\":\"Penosil Estonia\",\"description\":\"\",\"potentialAction\":[{\"@type\":\"SearchAction\",\"target\":{\"@type\":\"EntryPoint\",\"urlTemplate\":\"https:\/\/penosil.com\/et\/?s={search_term_string}\"},\"query-input\":{\"@type\":\"PropertyValueSpecification\",\"valueRequired\":true,\"valueName\":\"search_term_string\"}}],\"inLanguage\":\"et\"}]}<\/script>\n<!-- \/ Yoast SEO plugin. -->","yoast_head_json":{"title":"PENOSIL ECO Mounting Adhesive 677 j\u00e4tkusuutlik akr\u00fc\u00fclliim erinevateks liimimist\u00f6\u00f6deks.","description":"PENOSIL ECO Mounting Adhesive 677 on j\u00e4tkusuutlik akr\u00fc\u00fclliim erinevateks liimimist\u00f6\u00f6deks siseruumides. P\u00f5hineb j\u00e4tkusuutlikul toorainel. Avasta l\u00e4hemalt siit!","robots":{"index":"index","follow":"follow","max-snippet":"max-snippet:-1","max-image-preview":"max-image-preview:large","max-video-preview":"max-video-preview:-1"},"canonical":"https:\/\/penosil.com\/et\/toode\/eco-mounting-adhesive-677-jatkusuutlik-akruulliim\/","og_locale":"et_EE","og_type":"article","og_title":"PENOSIL ECO Mounting Adhesive 677 j\u00e4tkusuutlik akr\u00fc\u00fclliim erinevateks liimimist\u00f6\u00f6deks.","og_description":"PENOSIL ECO Mounting Adhesive 677 on j\u00e4tkusuutlik akr\u00fc\u00fclliim erinevateks liimimist\u00f6\u00f6deks siseruumides. P\u00f5hineb j\u00e4tkusuutlikul toorainel. Avasta l\u00e4hemalt siit!","og_url":"https:\/\/penosil.com\/et\/toode\/eco-mounting-adhesive-677-jatkusuutlik-akruulliim\/","og_site_name":"Penosil Estonia","article_modified_time":"2026-02-09T08:46:41+00:00","og_image":[{"width":387,"height":1080,"url":"https:\/\/penosil.com\/et\/wp-content\/uploads\/sites\/32\/2023\/05\/677_ECO_Mounting_Adhesive_677_EE_FI.png","type":"image\/png"}],"twitter_card":"summary_large_image","schema":{"@context":"https:\/\/schema.org","@graph":[{"@type":"WebPage","@id":"https:\/\/penosil.com\/et\/toode\/eco-mounting-adhesive-677-jatkusuutlik-akruulliim\/","url":"https:\/\/penosil.com\/et\/toode\/eco-mounting-adhesive-677-jatkusuutlik-akruulliim\/","name":"PENOSIL ECO Mounting Adhesive 677 j\u00e4tkusuutlik akr\u00fc\u00fclliim erinevateks liimimist\u00f6\u00f6deks.","isPartOf":{"@id":"https:\/\/penosil.com\/et\/#website"},"primaryImageOfPage":{"@id":"https:\/\/penosil.com\/et\/toode\/eco-mounting-adhesive-677-jatkusuutlik-akruulliim\/#primaryimage"},"image":{"@id":"https:\/\/penosil.com\/et\/toode\/eco-mounting-adhesive-677-jatkusuutlik-akruulliim\/#primaryimage"},"thumbnailUrl":"https:\/\/penosil.com\/et\/wp-content\/uploads\/sites\/32\/2023\/05\/677_ECO_Mounting_Adhesive_677_EE_FI.png","datePublished":"2023-05-17T10:57:17+00:00","dateModified":"2026-02-09T08:46:41+00:00","description":"PENOSIL ECO Mounting Adhesive 677 on j\u00e4tkusuutlik akr\u00fc\u00fclliim erinevateks liimimist\u00f6\u00f6deks siseruumides. P\u00f5hineb j\u00e4tkusuutlikul toorainel. Avasta l\u00e4hemalt siit!","breadcrumb":{"@id":"https:\/\/penosil.com\/et\/toode\/eco-mounting-adhesive-677-jatkusuutlik-akruulliim\/#breadcrumb"},"inLanguage":"et","potentialAction":[{"@type":"ReadAction","target":["https:\/\/penosil.com\/et\/toode\/eco-mounting-adhesive-677-jatkusuutlik-akruulliim\/"]}]},{"@type":"ImageObject","inLanguage":"et","@id":"https:\/\/penosil.com\/et\/toode\/eco-mounting-adhesive-677-jatkusuutlik-akruulliim\/#primaryimage","url":"https:\/\/penosil.com\/et\/wp-content\/uploads\/sites\/32\/2023\/05\/677_ECO_Mounting_Adhesive_677_EE_FI.png","contentUrl":"https:\/\/penosil.com\/et\/wp-content\/uploads\/sites\/32\/2023\/05\/677_ECO_Mounting_Adhesive_677_EE_FI.png","width":387,"height":1080,"caption":"PENOSIL ECO Mounting Adhesive 677 j\u00e4tkusuutlik akr\u00fc\u00fclliim"},{"@type":"BreadcrumbList","@id":"https:\/\/penosil.com\/et\/toode\/eco-mounting-adhesive-677-jatkusuutlik-akruulliim\/#breadcrumb","itemListElement":[{"@type":"ListItem","position":1,"name":"Home","item":"https:\/\/penosil.com\/et\/"},{"@type":"ListItem","position":2,"name":"Tooted","item":"https:\/\/penosil.com\/et\/tooted\/"},{"@type":"ListItem","position":3,"name":"ECO Mounting Adhesive 677"}]},{"@type":"WebSite","@id":"https:\/\/penosil.com\/et\/#website","url":"https:\/\/penosil.com\/et\/","name":"Penosil Estonia","description":"","potentialAction":[{"@type":"SearchAction","target":{"@type":"EntryPoint","urlTemplate":"https:\/\/penosil.com\/et\/?s={search_term_string}"},"query-input":{"@type":"PropertyValueSpecification","valueRequired":true,"valueName":"search_term_string"}}],"inLanguage":"et"}]}},"featured_img":"https:\/\/penosil.com\/et\/wp-content\/uploads\/sites\/32\/2023\/05\/677_ECO_Mounting_Adhesive_677_EE_FI.png","coauthors":[],"author_meta":{"author_link":"https:\/\/penosil.com\/et\/author\/anne\/","display_name":"Anne Lulla"},"relative_dates":{"created":"Posted 3 aastat ago","modified":"Updated 2 kuud ago"},"absolute_dates":{"created":"Posted on 17. mai 2023","modified":"Updated on 9. veebr. 2026"},"absolute_dates_time":{"created":"Posted on 17. mai 2023 10:57","modified":"Updated on 9. veebr. 2026 10:46"},"featured_img_caption":"","tax_additional":{"product_brand":{"linked":[],"unlinked":[],"slug":"product_brand","name":"Br\u00e4ndid"},"product_type":{"linked":["<a href=\"https:\/\/penosil.com\/et\/?taxonomy=product_type&#038;term=simple\" class=\"advgb-post-tax-term\">simple<\/a>"],"unlinked":["<span class=\"advgb-post-tax-term\">simple<\/span>"],"slug":"product_type","name":"Product type"},"product_visibility":{"linked":["<a href=\"https:\/\/penosil.com\/et\/en\/?taxonomy=product_visibility&#038;term=outofstock\" class=\"advgb-post-tax-term\">outofstock<\/a>"],"unlinked":["<span class=\"advgb-post-tax-term\">outofstock<\/span>"],"slug":"product_visibility","name":"Product visibility"},"product_cat":{"linked":["<a href=\"https:\/\/penosil.com\/et\/tooted\/kasutusalad\/\" class=\"advgb-post-tax-term\">Kasutusalad<\/a>","<a href=\"https:\/\/penosil.com\/et\/tooted\/tootekategooriad\/\" class=\"advgb-post-tax-term\">Tootekategooriad<\/a>","<a href=\"https:\/\/penosil.com\/et\/tooted\/tootekategooriad\/liimid\/\" class=\"advgb-post-tax-term\">Liimid<\/a>","<a href=\"https:\/\/penosil.com\/et\/tooted\/tootekategooriad\/liimid\/akruulliimid\/\" class=\"advgb-post-tax-term\">Akr\u00fc\u00fclliimid<\/a>","<a href=\"https:\/\/penosil.com\/et\/tooted\/kasutusalad\/keskkonnasaastlik-ehitus\/\" class=\"advgb-post-tax-term\">Keskkonnas\u00e4\u00e4stlik ehitus<\/a>"],"unlinked":["<span class=\"advgb-post-tax-term\">Kasutusalad<\/span>","<span class=\"advgb-post-tax-term\">Tootekategooriad<\/span>","<span class=\"advgb-post-tax-term\">Liimid<\/span>","<span class=\"advgb-post-tax-term\">Akr\u00fc\u00fclliimid<\/span>","<span class=\"advgb-post-tax-term\">Keskkonnas\u00e4\u00e4stlik ehitus<\/span>"],"slug":"product_cat","name":"Tootekategooriad"},"product_tag":{"linked":[],"unlinked":[],"slug":"product_tag","name":"Tootesildid"},"product_shipping_class":{"linked":[],"unlinked":[],"slug":"product_shipping_class","name":"Toote tarneklassid"},"pos_product_visibility":{"linked":[],"unlinked":[],"slug":"pos_product_visibility","name":"POS Product visibility"},"pa_color":{"linked":["<a href=\"https:\/\/penosil.com\/et\/?taxonomy=pa_color&#038;term=beige-et\" class=\"advgb-post-tax-term\">Bee\u017e<\/a>"],"unlinked":["<span class=\"advgb-post-tax-term\">Bee\u017e<\/span>"],"slug":"pa_color","name":"Product Colour"},"pa_diameter":{"linked":[],"unlinked":[],"slug":"pa_diameter","name":"Product Diameter"},"pa_package":{"linked":[],"unlinked":[],"slug":"pa_package","name":"Product Package"},"pa_roll":{"linked":[],"unlinked":[],"slug":"pa_roll","name":"Product Roll"},"pa_widths":{"linked":[],"unlinked":[],"slug":"pa_widths","name":"Product Widths"},"translation_priority":{"linked":["<a href=\"https:\/\/penosil.com\/et\/?taxonomy=translation_priority&#038;term=optional-et\" class=\"advgb-post-tax-term\">Optional<\/a>"],"unlinked":["<span class=\"advgb-post-tax-term\">Optional<\/span>"],"slug":"translation_priority","name":"Translation Priorities"}},"series_order":"","_links":{"self":[{"href":"https:\/\/penosil.com\/et\/wp-json\/wp\/v2\/product\/30075","targetHints":{"allow":["GET"]}}],"collection":[{"href":"https:\/\/penosil.com\/et\/wp-json\/wp\/v2\/product"}],"about":[{"href":"https:\/\/penosil.com\/et\/wp-json\/wp\/v2\/types\/product"}],"version-history":[{"count":1,"href":"https:\/\/penosil.com\/et\/wp-json\/wp\/v2\/product\/30075\/revisions"}],"predecessor-version":[{"id":33045,"href":"https:\/\/penosil.com\/et\/wp-json\/wp\/v2\/product\/30075\/revisions\/33045"}],"wp:featuredmedia":[{"embeddable":true,"href":"https:\/\/penosil.com\/et\/wp-json\/wp\/v2\/media\/30070"}],"wp:attachment":[{"href":"https:\/\/penosil.com\/et\/wp-json\/wp\/v2\/media?parent=30075"}],"wp:term":[{"taxonomy":"product_brand","embeddable":true,"href":"https:\/\/penosil.com\/et\/wp-json\/wp\/v2\/product_brand?post=30075"},{"taxonomy":"product_cat","embeddable":true,"href":"https:\/\/penosil.com\/et\/wp-json\/wp\/v2\/product_cat?post=30075"},{"taxonomy":"product_tag","embeddable":true,"href":"https:\/\/penosil.com\/et\/wp-json\/wp\/v2\/product_tag?post=30075"}],"curies":[{"name":"wp","href":"https:\/\/api.w.org\/{rel}","templated":true}]}}