{"id":30542,"date":"2023-11-24T13:05:42","date_gmt":"2023-11-24T11:05:42","guid":{"rendered":"https:\/\/penosil.com\/et\/?post_type=product&#038;p=30542"},"modified":"2026-03-07T03:02:38","modified_gmt":"2026-03-07T01:02:38","slug":"neutral-sanitary-silicone-351-mitmeotstarbeline-neutraalne-silikoon","status":"publish","type":"product","link":"https:\/\/penosil.com\/et\/toode\/neutral-sanitary-silicone-351-mitmeotstarbeline-neutraalne-silikoon\/","title":{"rendered":"Neutral Sanitary Silicone 351"},"content":{"rendered":"<p>PENOSIL Neutral Sanitary Silicone 351 mitmeotstarbeline neutraalne silikoon, millele on lisatud fungitsiide. Sobib k\u00f5ikideks sanitaar- ja ventilatsioonit\u00f6\u00f6deks. Moodustab hallitus- ja vananemiskindla elastse silikoonkummitihendi.\u00a0<\/p>\n","protected":false},"excerpt":{"rendered":"Mitmeotstarbeline neutraalne silikoon","protected":false},"author":6,"featured_media":34745,"template":"","meta":{"_acf_changed":false,"advgb_blocks_editor_width":"","advgb_blocks_columns_visual_guide":"","footnotes":""},"product_brand":[],"product_cat":[1358,2617,1598,1142],"product_tag":[],"class_list":{"0":"post-30542","1":"product","2":"type-product","3":"status-publish","4":"has-post-thumbnail","6":"product_cat-tootekategooriad","7":"product_cat-neutraalsed-silikoonid","8":"product_cat-hermeetikud","9":"product_cat-niisked-ruumid","11":"first","12":"instock","13":"taxable","14":"shipping-taxable","15":"purchasable","16":"product-type-simple"},"acf":[],"yoast_head":"<!-- This site is optimized with the Yoast SEO plugin v27.2 - https:\/\/yoast.com\/product\/yoast-seo-wordpress\/ -->\n<title>Madala elastsusmooduliga PENOSIL Neutral Sanitary Silicone 351<\/title>\n<meta name=\"description\" content=\"PENOSIL Neutral Sanitary Silicone 351 mitmeotstarbeline neutraalne silikoon liikuvate \u00fchenduskohtade tihendamiseks.\" \/>\n<meta name=\"robots\" content=\"index, follow, max-snippet:-1, max-image-preview:large, max-video-preview:-1\" \/>\n<link rel=\"canonical\" href=\"https:\/\/penosil.com\/et\/toode\/neutral-sanitary-silicone-351-mitmeotstarbeline-neutraalne-silikoon\/\" \/>\n<meta property=\"og:locale\" content=\"et_EE\" \/>\n<meta property=\"og:type\" content=\"article\" \/>\n<meta property=\"og:title\" content=\"Madala elastsusmooduliga PENOSIL Neutral Sanitary Silicone 351\" \/>\n<meta property=\"og:description\" content=\"PENOSIL Neutral Sanitary Silicone 351 mitmeotstarbeline neutraalne silikoon liikuvate \u00fchenduskohtade tihendamiseks.\" \/>\n<meta property=\"og:url\" content=\"https:\/\/penosil.com\/et\/toode\/neutral-sanitary-silicone-351-mitmeotstarbeline-neutraalne-silikoon\/\" \/>\n<meta property=\"og:site_name\" content=\"Penosil Estonia\" \/>\n<meta property=\"article:modified_time\" content=\"2026-03-07T01:02:38+00:00\" \/>\n<meta property=\"og:image\" content=\"https:\/\/penosil.com\/et\/wp-content\/uploads\/sites\/32\/2025\/09\/351_Penosil-Neutral-Sanitary-Silicone-351_EE_FI_alumin_1.png\" \/>\n\t<meta property=\"og:image:width\" content=\"387\" \/>\n\t<meta property=\"og:image:height\" content=\"1080\" \/>\n\t<meta property=\"og:image:type\" content=\"image\/png\" \/>\n<meta name=\"twitter:card\" content=\"summary_large_image\" \/>\n<script type=\"application\/ld+json\" class=\"yoast-schema-graph\">{\"@context\":\"https:\/\/schema.org\",\"@graph\":[{\"@type\":\"WebPage\",\"@id\":\"https:\/\/penosil.com\/et\/toode\/neutral-sanitary-silicone-351-mitmeotstarbeline-neutraalne-silikoon\/\",\"url\":\"https:\/\/penosil.com\/et\/toode\/neutral-sanitary-silicone-351-mitmeotstarbeline-neutraalne-silikoon\/\",\"name\":\"Madala elastsusmooduliga PENOSIL Neutral Sanitary Silicone 351\",\"isPartOf\":{\"@id\":\"https:\/\/penosil.com\/et\/#website\"},\"primaryImageOfPage\":{\"@id\":\"https:\/\/penosil.com\/et\/toode\/neutral-sanitary-silicone-351-mitmeotstarbeline-neutraalne-silikoon\/#primaryimage\"},\"image\":{\"@id\":\"https:\/\/penosil.com\/et\/toode\/neutral-sanitary-silicone-351-mitmeotstarbeline-neutraalne-silikoon\/#primaryimage\"},\"thumbnailUrl\":\"https:\/\/penosil.com\/et\/wp-content\/uploads\/sites\/32\/2025\/09\/351_Penosil-Neutral-Sanitary-Silicone-351_EE_FI_alumin_1.png\",\"datePublished\":\"2023-11-24T11:05:42+00:00\",\"dateModified\":\"2026-03-07T01:02:38+00:00\",\"description\":\"PENOSIL Neutral Sanitary Silicone 351 mitmeotstarbeline neutraalne silikoon liikuvate \u00fchenduskohtade tihendamiseks.\",\"breadcrumb\":{\"@id\":\"https:\/\/penosil.com\/et\/toode\/neutral-sanitary-silicone-351-mitmeotstarbeline-neutraalne-silikoon\/#breadcrumb\"},\"inLanguage\":\"et\",\"potentialAction\":[{\"@type\":\"ReadAction\",\"target\":[\"https:\/\/penosil.com\/et\/toode\/neutral-sanitary-silicone-351-mitmeotstarbeline-neutraalne-silikoon\/\"]}]},{\"@type\":\"ImageObject\",\"inLanguage\":\"et\",\"@id\":\"https:\/\/penosil.com\/et\/toode\/neutral-sanitary-silicone-351-mitmeotstarbeline-neutraalne-silikoon\/#primaryimage\",\"url\":\"https:\/\/penosil.com\/et\/wp-content\/uploads\/sites\/32\/2025\/09\/351_Penosil-Neutral-Sanitary-Silicone-351_EE_FI_alumin_1.png\",\"contentUrl\":\"https:\/\/penosil.com\/et\/wp-content\/uploads\/sites\/32\/2025\/09\/351_Penosil-Neutral-Sanitary-Silicone-351_EE_FI_alumin_1.png\",\"width\":387,\"height\":1080,\"caption\":\"PENOSIL Neutral Sanitary Silicone 351 - Mitmeotstarbeline neutraalne silikoon\"},{\"@type\":\"BreadcrumbList\",\"@id\":\"https:\/\/penosil.com\/et\/toode\/neutral-sanitary-silicone-351-mitmeotstarbeline-neutraalne-silikoon\/#breadcrumb\",\"itemListElement\":[{\"@type\":\"ListItem\",\"position\":1,\"name\":\"Home\",\"item\":\"https:\/\/penosil.com\/et\/\"},{\"@type\":\"ListItem\",\"position\":2,\"name\":\"Tooted\",\"item\":\"https:\/\/penosil.com\/et\/tooted\/\"},{\"@type\":\"ListItem\",\"position\":3,\"name\":\"Neutral Sanitary Silicone 351\"}]},{\"@type\":\"WebSite\",\"@id\":\"https:\/\/penosil.com\/et\/#website\",\"url\":\"https:\/\/penosil.com\/et\/\",\"name\":\"Penosil Estonia\",\"description\":\"\",\"potentialAction\":[{\"@type\":\"SearchAction\",\"target\":{\"@type\":\"EntryPoint\",\"urlTemplate\":\"https:\/\/penosil.com\/et\/?s={search_term_string}\"},\"query-input\":{\"@type\":\"PropertyValueSpecification\",\"valueRequired\":true,\"valueName\":\"search_term_string\"}}],\"inLanguage\":\"et\"}]}<\/script>\n<!-- \/ Yoast SEO plugin. -->","yoast_head_json":{"title":"Madala elastsusmooduliga PENOSIL Neutral Sanitary Silicone 351","description":"PENOSIL Neutral Sanitary Silicone 351 mitmeotstarbeline neutraalne silikoon liikuvate \u00fchenduskohtade tihendamiseks.","robots":{"index":"index","follow":"follow","max-snippet":"max-snippet:-1","max-image-preview":"max-image-preview:large","max-video-preview":"max-video-preview:-1"},"canonical":"https:\/\/penosil.com\/et\/toode\/neutral-sanitary-silicone-351-mitmeotstarbeline-neutraalne-silikoon\/","og_locale":"et_EE","og_type":"article","og_title":"Madala elastsusmooduliga PENOSIL Neutral Sanitary Silicone 351","og_description":"PENOSIL Neutral Sanitary Silicone 351 mitmeotstarbeline neutraalne silikoon liikuvate \u00fchenduskohtade tihendamiseks.","og_url":"https:\/\/penosil.com\/et\/toode\/neutral-sanitary-silicone-351-mitmeotstarbeline-neutraalne-silikoon\/","og_site_name":"Penosil Estonia","article_modified_time":"2026-03-07T01:02:38+00:00","og_image":[{"width":387,"height":1080,"url":"https:\/\/penosil.com\/et\/wp-content\/uploads\/sites\/32\/2025\/09\/351_Penosil-Neutral-Sanitary-Silicone-351_EE_FI_alumin_1.png","type":"image\/png"}],"twitter_card":"summary_large_image","schema":{"@context":"https:\/\/schema.org","@graph":[{"@type":"WebPage","@id":"https:\/\/penosil.com\/et\/toode\/neutral-sanitary-silicone-351-mitmeotstarbeline-neutraalne-silikoon\/","url":"https:\/\/penosil.com\/et\/toode\/neutral-sanitary-silicone-351-mitmeotstarbeline-neutraalne-silikoon\/","name":"Madala elastsusmooduliga PENOSIL Neutral Sanitary Silicone 351","isPartOf":{"@id":"https:\/\/penosil.com\/et\/#website"},"primaryImageOfPage":{"@id":"https:\/\/penosil.com\/et\/toode\/neutral-sanitary-silicone-351-mitmeotstarbeline-neutraalne-silikoon\/#primaryimage"},"image":{"@id":"https:\/\/penosil.com\/et\/toode\/neutral-sanitary-silicone-351-mitmeotstarbeline-neutraalne-silikoon\/#primaryimage"},"thumbnailUrl":"https:\/\/penosil.com\/et\/wp-content\/uploads\/sites\/32\/2025\/09\/351_Penosil-Neutral-Sanitary-Silicone-351_EE_FI_alumin_1.png","datePublished":"2023-11-24T11:05:42+00:00","dateModified":"2026-03-07T01:02:38+00:00","description":"PENOSIL Neutral Sanitary Silicone 351 mitmeotstarbeline neutraalne silikoon liikuvate \u00fchenduskohtade tihendamiseks.","breadcrumb":{"@id":"https:\/\/penosil.com\/et\/toode\/neutral-sanitary-silicone-351-mitmeotstarbeline-neutraalne-silikoon\/#breadcrumb"},"inLanguage":"et","potentialAction":[{"@type":"ReadAction","target":["https:\/\/penosil.com\/et\/toode\/neutral-sanitary-silicone-351-mitmeotstarbeline-neutraalne-silikoon\/"]}]},{"@type":"ImageObject","inLanguage":"et","@id":"https:\/\/penosil.com\/et\/toode\/neutral-sanitary-silicone-351-mitmeotstarbeline-neutraalne-silikoon\/#primaryimage","url":"https:\/\/penosil.com\/et\/wp-content\/uploads\/sites\/32\/2025\/09\/351_Penosil-Neutral-Sanitary-Silicone-351_EE_FI_alumin_1.png","contentUrl":"https:\/\/penosil.com\/et\/wp-content\/uploads\/sites\/32\/2025\/09\/351_Penosil-Neutral-Sanitary-Silicone-351_EE_FI_alumin_1.png","width":387,"height":1080,"caption":"PENOSIL Neutral Sanitary Silicone 351 - Mitmeotstarbeline neutraalne silikoon"},{"@type":"BreadcrumbList","@id":"https:\/\/penosil.com\/et\/toode\/neutral-sanitary-silicone-351-mitmeotstarbeline-neutraalne-silikoon\/#breadcrumb","itemListElement":[{"@type":"ListItem","position":1,"name":"Home","item":"https:\/\/penosil.com\/et\/"},{"@type":"ListItem","position":2,"name":"Tooted","item":"https:\/\/penosil.com\/et\/tooted\/"},{"@type":"ListItem","position":3,"name":"Neutral Sanitary Silicone 351"}]},{"@type":"WebSite","@id":"https:\/\/penosil.com\/et\/#website","url":"https:\/\/penosil.com\/et\/","name":"Penosil Estonia","description":"","potentialAction":[{"@type":"SearchAction","target":{"@type":"EntryPoint","urlTemplate":"https:\/\/penosil.com\/et\/?s={search_term_string}"},"query-input":{"@type":"PropertyValueSpecification","valueRequired":true,"valueName":"search_term_string"}}],"inLanguage":"et"}]}},"featured_img":"https:\/\/penosil.com\/et\/wp-content\/uploads\/sites\/32\/2025\/09\/351_Penosil-Neutral-Sanitary-Silicone-351_EE_FI_alumin_1.png","coauthors":[],"author_meta":{"author_link":"https:\/\/penosil.com\/et\/author\/anne\/","display_name":"Anne Lulla"},"relative_dates":{"created":"Posted 2 aastat ago","modified":"Updated 1 kuu ago"},"absolute_dates":{"created":"Posted on 24. nov. 2023","modified":"Updated on 7. m\u00e4rts 2026"},"absolute_dates_time":{"created":"Posted on 24. nov. 2023 01:05","modified":"Updated on 7. m\u00e4rts 2026 03:02"},"featured_img_caption":"","tax_additional":{"product_brand":{"linked":[],"unlinked":[],"slug":"product_brand","name":"Br\u00e4ndid"},"product_type":{"linked":["<a href=\"https:\/\/penosil.com\/et\/?taxonomy=product_type&#038;term=simple\" class=\"advgb-post-tax-term\">simple<\/a>"],"unlinked":["<span class=\"advgb-post-tax-term\">simple<\/span>"],"slug":"product_type","name":"Product type"},"product_visibility":{"linked":[],"unlinked":[],"slug":"product_visibility","name":"Product visibility"},"product_cat":{"linked":["<a href=\"https:\/\/penosil.com\/et\/tooted\/tootekategooriad\/\" class=\"advgb-post-tax-term\">Tootekategooriad<\/a>","<a href=\"https:\/\/penosil.com\/et\/tooted\/tootekategooriad\/hermeetikud\/neutraalsed-silikoonid\/\" class=\"advgb-post-tax-term\">Neutraalsed silikoonid<\/a>","<a href=\"https:\/\/penosil.com\/et\/tooted\/tootekategooriad\/hermeetikud\/\" class=\"advgb-post-tax-term\">Hermeetikud ja mastiksid<\/a>","<a href=\"https:\/\/penosil.com\/et\/tooted\/kasutusalad\/niisked-ruumid\/\" class=\"advgb-post-tax-term\">Niisked ruumid<\/a>"],"unlinked":["<span class=\"advgb-post-tax-term\">Tootekategooriad<\/span>","<span class=\"advgb-post-tax-term\">Neutraalsed silikoonid<\/span>","<span class=\"advgb-post-tax-term\">Hermeetikud ja mastiksid<\/span>","<span class=\"advgb-post-tax-term\">Niisked ruumid<\/span>"],"slug":"product_cat","name":"Tootekategooriad"},"product_tag":{"linked":[],"unlinked":[],"slug":"product_tag","name":"Tootesildid"},"product_shipping_class":{"linked":[],"unlinked":[],"slug":"product_shipping_class","name":"Toote tarneklassid"},"pos_product_visibility":{"linked":[],"unlinked":[],"slug":"pos_product_visibility","name":"POS Product visibility"},"pa_color":{"linked":["<a href=\"https:\/\/penosil.com\/et\/?taxonomy=pa_color&#038;term=alumiinium\" class=\"advgb-post-tax-term\">Alumiinium<\/a>"],"unlinked":["<span class=\"advgb-post-tax-term\">Alumiinium<\/span>"],"slug":"pa_color","name":"Product Colour"},"pa_diameter":{"linked":[],"unlinked":[],"slug":"pa_diameter","name":"Product Diameter"},"pa_package":{"linked":["<a href=\"https:\/\/penosil.com\/et\/?taxonomy=pa_package&#038;term=280-ml-et\" class=\"advgb-post-tax-term\">280 ml<\/a>","<a href=\"https:\/\/penosil.com\/et\/?taxonomy=pa_package&#038;term=600-ml-et\" class=\"advgb-post-tax-term\">600 ml<\/a>"],"unlinked":["<span class=\"advgb-post-tax-term\">280 ml<\/span>","<span class=\"advgb-post-tax-term\">600 ml<\/span>"],"slug":"pa_package","name":"Product Package"},"pa_roll":{"linked":[],"unlinked":[],"slug":"pa_roll","name":"Product Roll"},"pa_widths":{"linked":[],"unlinked":[],"slug":"pa_widths","name":"Product Widths"},"translation_priority":{"linked":["<a href=\"https:\/\/penosil.com\/et\/?taxonomy=translation_priority&#038;term=optional-et\" class=\"advgb-post-tax-term\">Optional<\/a>"],"unlinked":["<span class=\"advgb-post-tax-term\">Optional<\/span>"],"slug":"translation_priority","name":"Translation Priorities"}},"series_order":"","_links":{"self":[{"href":"https:\/\/penosil.com\/et\/wp-json\/wp\/v2\/product\/30542","targetHints":{"allow":["GET"]}}],"collection":[{"href":"https:\/\/penosil.com\/et\/wp-json\/wp\/v2\/product"}],"about":[{"href":"https:\/\/penosil.com\/et\/wp-json\/wp\/v2\/types\/product"}],"version-history":[{"count":6,"href":"https:\/\/penosil.com\/et\/wp-json\/wp\/v2\/product\/30542\/revisions"}],"predecessor-version":[{"id":35993,"href":"https:\/\/penosil.com\/et\/wp-json\/wp\/v2\/product\/30542\/revisions\/35993"}],"wp:featuredmedia":[{"embeddable":true,"href":"https:\/\/penosil.com\/et\/wp-json\/wp\/v2\/media\/34745"}],"wp:attachment":[{"href":"https:\/\/penosil.com\/et\/wp-json\/wp\/v2\/media?parent=30542"}],"wp:term":[{"taxonomy":"product_brand","embeddable":true,"href":"https:\/\/penosil.com\/et\/wp-json\/wp\/v2\/product_brand?post=30542"},{"taxonomy":"product_cat","embeddable":true,"href":"https:\/\/penosil.com\/et\/wp-json\/wp\/v2\/product_cat?post=30542"},{"taxonomy":"product_tag","embeddable":true,"href":"https:\/\/penosil.com\/et\/wp-json\/wp\/v2\/product_tag?post=30542"}],"curies":[{"name":"wp","href":"https:\/\/api.w.org\/{rel}","templated":true}]}}