{"id":30575,"date":"2024-01-02T09:33:49","date_gmt":"2024-01-02T07:33:49","guid":{"rendered":"https:\/\/penosil.com\/et\/?post_type=product&#038;p=30575"},"modified":"2026-02-09T10:46:38","modified_gmt":"2026-02-09T08:46:38","slug":"2k-foam-b2-202-kahekomponentne-korrevaht","status":"publish","type":"product","link":"https:\/\/penosil.com\/et\/toode\/2k-foam-b2-202-kahekomponentne-korrevaht\/","title":{"rendered":"2K Foam B2 202"},"content":{"rendered":"<p>PENOSIL 2K Foam B2 202 on kiiresti tarduv kahekomponentne B2 tulekindlusklassiga vaht, mis on m\u00f5eldud t\u00e4itmiseks, paigaldamiseks ja isoleerimiseks raskesti ligip\u00e4\u00e4setavates kohtades v\u00f5i kohtades, kus on vaja mehaanilist tugevust. Nakkub h\u00e4sti enamiku tavaliste ehitusmaterjalidega, nagu puit, betoon, kivi, krohv, metall, PVC ja pol\u00fcst\u00fcreen.<\/p>\n","protected":false},"excerpt":{"rendered":"Kahekomponentne k\u00f5rrevaht","protected":false},"author":6,"featured_media":34608,"template":"","meta":{"_acf_changed":false,"advgb_blocks_editor_width":"","advgb_blocks_columns_visual_guide":"","footnotes":""},"product_brand":[],"product_cat":[829,1358,1495,1559],"product_tag":[],"class_list":{"0":"post-30575","1":"product","2":"type-product","3":"status-publish","4":"has-post-thumbnail","6":"product_cat-uldehitus","7":"product_cat-tootekategooriad","8":"product_cat-ehitusvahud","9":"product_cat-korrevahud","11":"first","12":"instock","13":"taxable","14":"shipping-taxable","15":"purchasable","16":"product-type-simple"},"acf":[],"yoast_head":"<!-- This site is optimized with the Yoast SEO plugin v27.4 - https:\/\/yoast.com\/product\/yoast-seo-wordpress\/ -->\n<title>PENOSIL 2K Foam B2 202 kahekomponentne k\u00f5rrevaht, B2<\/title>\n<meta name=\"description\" content=\"PENOSIL 2K Foam B2 202 kiiresti tarduv kahekomponentne k\u00f5rrevaht, sobib h\u00e4sti t\u00e4itet\u00f6\u00f6deks raskesti ligip\u00e4\u00e4setavates v\u00f5i suurt mehhaanilist tugevust n\u00f5udvates kohtades. Loe lisa!\" \/>\n<meta name=\"robots\" content=\"index, follow, max-snippet:-1, max-image-preview:large, max-video-preview:-1\" \/>\n<link rel=\"canonical\" href=\"https:\/\/penosil.com\/et\/toode\/2k-foam-b2-202-kahekomponentne-korrevaht\/\" \/>\n<meta property=\"og:locale\" content=\"et_EE\" \/>\n<meta property=\"og:type\" content=\"article\" \/>\n<meta property=\"og:title\" content=\"PENOSIL 2K Foam B2 202 kahekomponentne k\u00f5rrevaht, B2\" \/>\n<meta property=\"og:description\" content=\"PENOSIL 2K Foam B2 202 kiiresti tarduv kahekomponentne k\u00f5rrevaht, sobib h\u00e4sti t\u00e4itet\u00f6\u00f6deks raskesti ligip\u00e4\u00e4setavates v\u00f5i suurt mehhaanilist tugevust n\u00f5udvates kohtades. Loe lisa!\" \/>\n<meta property=\"og:url\" content=\"https:\/\/penosil.com\/et\/toode\/2k-foam-b2-202-kahekomponentne-korrevaht\/\" \/>\n<meta property=\"og:site_name\" content=\"Penosil Estonia\" \/>\n<meta property=\"article:modified_time\" content=\"2026-02-09T08:46:38+00:00\" \/>\n<meta property=\"og:image\" content=\"https:\/\/penosil.com\/et\/wp-content\/uploads\/sites\/32\/2025\/08\/202_2K_Foam_B2_202_EE_RU_1.png\" \/>\n\t<meta property=\"og:image:width\" content=\"523\" \/>\n\t<meta property=\"og:image:height\" content=\"1080\" \/>\n\t<meta property=\"og:image:type\" content=\"image\/png\" \/>\n<meta name=\"twitter:card\" content=\"summary_large_image\" \/>\n<script type=\"application\/ld+json\" class=\"yoast-schema-graph\">{\"@context\":\"https:\\\/\\\/schema.org\",\"@graph\":[{\"@type\":\"WebPage\",\"@id\":\"https:\\\/\\\/penosil.com\\\/et\\\/toode\\\/2k-foam-b2-202-kahekomponentne-korrevaht\\\/\",\"url\":\"https:\\\/\\\/penosil.com\\\/et\\\/toode\\\/2k-foam-b2-202-kahekomponentne-korrevaht\\\/\",\"name\":\"PENOSIL 2K Foam B2 202 kahekomponentne k\u00f5rrevaht, B2\",\"isPartOf\":{\"@id\":\"https:\\\/\\\/penosil.com\\\/et\\\/#website\"},\"primaryImageOfPage\":{\"@id\":\"https:\\\/\\\/penosil.com\\\/et\\\/toode\\\/2k-foam-b2-202-kahekomponentne-korrevaht\\\/#primaryimage\"},\"image\":{\"@id\":\"https:\\\/\\\/penosil.com\\\/et\\\/toode\\\/2k-foam-b2-202-kahekomponentne-korrevaht\\\/#primaryimage\"},\"thumbnailUrl\":\"https:\\\/\\\/penosil.com\\\/et\\\/wp-content\\\/uploads\\\/sites\\\/32\\\/2025\\\/08\\\/202_2K_Foam_B2_202_EE_RU_1.png\",\"datePublished\":\"2024-01-02T07:33:49+00:00\",\"dateModified\":\"2026-02-09T08:46:38+00:00\",\"description\":\"PENOSIL 2K Foam B2 202 kiiresti tarduv kahekomponentne k\u00f5rrevaht, sobib h\u00e4sti t\u00e4itet\u00f6\u00f6deks raskesti ligip\u00e4\u00e4setavates v\u00f5i suurt mehhaanilist tugevust n\u00f5udvates kohtades. Loe lisa!\",\"breadcrumb\":{\"@id\":\"https:\\\/\\\/penosil.com\\\/et\\\/toode\\\/2k-foam-b2-202-kahekomponentne-korrevaht\\\/#breadcrumb\"},\"inLanguage\":\"et\",\"potentialAction\":[{\"@type\":\"ReadAction\",\"target\":[\"https:\\\/\\\/penosil.com\\\/et\\\/toode\\\/2k-foam-b2-202-kahekomponentne-korrevaht\\\/\"]}]},{\"@type\":\"ImageObject\",\"inLanguage\":\"et\",\"@id\":\"https:\\\/\\\/penosil.com\\\/et\\\/toode\\\/2k-foam-b2-202-kahekomponentne-korrevaht\\\/#primaryimage\",\"url\":\"https:\\\/\\\/penosil.com\\\/et\\\/wp-content\\\/uploads\\\/sites\\\/32\\\/2025\\\/08\\\/202_2K_Foam_B2_202_EE_RU_1.png\",\"contentUrl\":\"https:\\\/\\\/penosil.com\\\/et\\\/wp-content\\\/uploads\\\/sites\\\/32\\\/2025\\\/08\\\/202_2K_Foam_B2_202_EE_RU_1.png\",\"width\":523,\"height\":1080,\"caption\":\"Penosil 2K Foam B2 202 Kahekomponentne k\u00f5rrevaht\"},{\"@type\":\"BreadcrumbList\",\"@id\":\"https:\\\/\\\/penosil.com\\\/et\\\/toode\\\/2k-foam-b2-202-kahekomponentne-korrevaht\\\/#breadcrumb\",\"itemListElement\":[{\"@type\":\"ListItem\",\"position\":1,\"name\":\"Home\",\"item\":\"https:\\\/\\\/penosil.com\\\/et\\\/\"},{\"@type\":\"ListItem\",\"position\":2,\"name\":\"Tooted\",\"item\":\"https:\\\/\\\/penosil.com\\\/et\\\/tooted\\\/\"},{\"@type\":\"ListItem\",\"position\":3,\"name\":\"2K Foam B2 202\"}]},{\"@type\":\"WebSite\",\"@id\":\"https:\\\/\\\/penosil.com\\\/et\\\/#website\",\"url\":\"https:\\\/\\\/penosil.com\\\/et\\\/\",\"name\":\"Penosil Estonia\",\"description\":\"\",\"potentialAction\":[{\"@type\":\"SearchAction\",\"target\":{\"@type\":\"EntryPoint\",\"urlTemplate\":\"https:\\\/\\\/penosil.com\\\/et\\\/?s={search_term_string}\"},\"query-input\":{\"@type\":\"PropertyValueSpecification\",\"valueRequired\":true,\"valueName\":\"search_term_string\"}}],\"inLanguage\":\"et\"}]}<\/script>\n<!-- \/ Yoast SEO plugin. -->","yoast_head_json":{"title":"PENOSIL 2K Foam B2 202 kahekomponentne k\u00f5rrevaht, B2","description":"PENOSIL 2K Foam B2 202 kiiresti tarduv kahekomponentne k\u00f5rrevaht, sobib h\u00e4sti t\u00e4itet\u00f6\u00f6deks raskesti ligip\u00e4\u00e4setavates v\u00f5i suurt mehhaanilist tugevust n\u00f5udvates kohtades. Loe lisa!","robots":{"index":"index","follow":"follow","max-snippet":"max-snippet:-1","max-image-preview":"max-image-preview:large","max-video-preview":"max-video-preview:-1"},"canonical":"https:\/\/penosil.com\/et\/toode\/2k-foam-b2-202-kahekomponentne-korrevaht\/","og_locale":"et_EE","og_type":"article","og_title":"PENOSIL 2K Foam B2 202 kahekomponentne k\u00f5rrevaht, B2","og_description":"PENOSIL 2K Foam B2 202 kiiresti tarduv kahekomponentne k\u00f5rrevaht, sobib h\u00e4sti t\u00e4itet\u00f6\u00f6deks raskesti ligip\u00e4\u00e4setavates v\u00f5i suurt mehhaanilist tugevust n\u00f5udvates kohtades. Loe lisa!","og_url":"https:\/\/penosil.com\/et\/toode\/2k-foam-b2-202-kahekomponentne-korrevaht\/","og_site_name":"Penosil Estonia","article_modified_time":"2026-02-09T08:46:38+00:00","og_image":[{"width":523,"height":1080,"url":"https:\/\/penosil.com\/et\/wp-content\/uploads\/sites\/32\/2025\/08\/202_2K_Foam_B2_202_EE_RU_1.png","type":"image\/png"}],"twitter_card":"summary_large_image","schema":{"@context":"https:\/\/schema.org","@graph":[{"@type":"WebPage","@id":"https:\/\/penosil.com\/et\/toode\/2k-foam-b2-202-kahekomponentne-korrevaht\/","url":"https:\/\/penosil.com\/et\/toode\/2k-foam-b2-202-kahekomponentne-korrevaht\/","name":"PENOSIL 2K Foam B2 202 kahekomponentne k\u00f5rrevaht, B2","isPartOf":{"@id":"https:\/\/penosil.com\/et\/#website"},"primaryImageOfPage":{"@id":"https:\/\/penosil.com\/et\/toode\/2k-foam-b2-202-kahekomponentne-korrevaht\/#primaryimage"},"image":{"@id":"https:\/\/penosil.com\/et\/toode\/2k-foam-b2-202-kahekomponentne-korrevaht\/#primaryimage"},"thumbnailUrl":"https:\/\/penosil.com\/et\/wp-content\/uploads\/sites\/32\/2025\/08\/202_2K_Foam_B2_202_EE_RU_1.png","datePublished":"2024-01-02T07:33:49+00:00","dateModified":"2026-02-09T08:46:38+00:00","description":"PENOSIL 2K Foam B2 202 kiiresti tarduv kahekomponentne k\u00f5rrevaht, sobib h\u00e4sti t\u00e4itet\u00f6\u00f6deks raskesti ligip\u00e4\u00e4setavates v\u00f5i suurt mehhaanilist tugevust n\u00f5udvates kohtades. Loe lisa!","breadcrumb":{"@id":"https:\/\/penosil.com\/et\/toode\/2k-foam-b2-202-kahekomponentne-korrevaht\/#breadcrumb"},"inLanguage":"et","potentialAction":[{"@type":"ReadAction","target":["https:\/\/penosil.com\/et\/toode\/2k-foam-b2-202-kahekomponentne-korrevaht\/"]}]},{"@type":"ImageObject","inLanguage":"et","@id":"https:\/\/penosil.com\/et\/toode\/2k-foam-b2-202-kahekomponentne-korrevaht\/#primaryimage","url":"https:\/\/penosil.com\/et\/wp-content\/uploads\/sites\/32\/2025\/08\/202_2K_Foam_B2_202_EE_RU_1.png","contentUrl":"https:\/\/penosil.com\/et\/wp-content\/uploads\/sites\/32\/2025\/08\/202_2K_Foam_B2_202_EE_RU_1.png","width":523,"height":1080,"caption":"Penosil 2K Foam B2 202 Kahekomponentne k\u00f5rrevaht"},{"@type":"BreadcrumbList","@id":"https:\/\/penosil.com\/et\/toode\/2k-foam-b2-202-kahekomponentne-korrevaht\/#breadcrumb","itemListElement":[{"@type":"ListItem","position":1,"name":"Home","item":"https:\/\/penosil.com\/et\/"},{"@type":"ListItem","position":2,"name":"Tooted","item":"https:\/\/penosil.com\/et\/tooted\/"},{"@type":"ListItem","position":3,"name":"2K Foam B2 202"}]},{"@type":"WebSite","@id":"https:\/\/penosil.com\/et\/#website","url":"https:\/\/penosil.com\/et\/","name":"Penosil Estonia","description":"","potentialAction":[{"@type":"SearchAction","target":{"@type":"EntryPoint","urlTemplate":"https:\/\/penosil.com\/et\/?s={search_term_string}"},"query-input":{"@type":"PropertyValueSpecification","valueRequired":true,"valueName":"search_term_string"}}],"inLanguage":"et"}]}},"featured_img":"https:\/\/penosil.com\/et\/wp-content\/uploads\/sites\/32\/2025\/08\/202_2K_Foam_B2_202_EE_RU_1.png","coauthors":[],"author_meta":{"author_link":"https:\/\/penosil.com\/et\/author\/anne\/","display_name":"Anne Lulla"},"relative_dates":{"created":"Posted 2 aastat ago","modified":"Updated 3 kuud ago"},"absolute_dates":{"created":"Posted on 2. jaan. 2024","modified":"Updated on 9. veebr. 2026"},"absolute_dates_time":{"created":"Posted on 2. jaan. 2024 09:33","modified":"Updated on 9. veebr. 2026 10:46"},"featured_img_caption":"","tax_additional":{"product_brand":{"linked":[],"unlinked":[],"slug":"product_brand","name":"Br\u00e4ndid"},"product_type":{"linked":["<a href=\"https:\/\/penosil.com\/et\/?taxonomy=product_type&#038;term=simple\" class=\"advgb-post-tax-term\">simple<\/a>"],"unlinked":["<span class=\"advgb-post-tax-term\">simple<\/span>"],"slug":"product_type","name":"Product type"},"product_visibility":{"linked":[],"unlinked":[],"slug":"product_visibility","name":"Product visibility"},"product_cat":{"linked":["<a href=\"https:\/\/penosil.com\/et\/tooted\/kasutusalad\/uldehitus\/\" class=\"advgb-post-tax-term\">\u00dcldehitus<\/a>","<a href=\"https:\/\/penosil.com\/et\/tooted\/tootekategooriad\/\" class=\"advgb-post-tax-term\">Tootekategooriad<\/a>","<a href=\"https:\/\/penosil.com\/et\/tooted\/tootekategooriad\/ehitusvahud\/\" class=\"advgb-post-tax-term\">Ehitusvahud<\/a>","<a href=\"https:\/\/penosil.com\/et\/tooted\/tootekategooriad\/ehitusvahud\/korrevahud\/\" class=\"advgb-post-tax-term\">K\u00f5rrevahud<\/a>"],"unlinked":["<span class=\"advgb-post-tax-term\">\u00dcldehitus<\/span>","<span class=\"advgb-post-tax-term\">Tootekategooriad<\/span>","<span class=\"advgb-post-tax-term\">Ehitusvahud<\/span>","<span class=\"advgb-post-tax-term\">K\u00f5rrevahud<\/span>"],"slug":"product_cat","name":"Tootekategooriad"},"product_tag":{"linked":[],"unlinked":[],"slug":"product_tag","name":"Tootesildid"},"product_shipping_class":{"linked":[],"unlinked":[],"slug":"product_shipping_class","name":"Toote tarneklassid"},"pos_product_visibility":{"linked":[],"unlinked":[],"slug":"pos_product_visibility","name":"POS Product visibility"},"pa_color":{"linked":["<a href=\"https:\/\/penosil.com\/et\/?taxonomy=pa_color&#038;term=green-et\" class=\"advgb-post-tax-term\">Roheline<\/a>"],"unlinked":["<span class=\"advgb-post-tax-term\">Roheline<\/span>"],"slug":"pa_color","name":"Product Colour"},"pa_diameter":{"linked":[],"unlinked":[],"slug":"pa_diameter","name":"Product Diameter"},"pa_package":{"linked":["<a href=\"https:\/\/penosil.com\/et\/?taxonomy=pa_package&#038;term=400-ml\" class=\"advgb-post-tax-term\">400 ml<\/a>"],"unlinked":["<span class=\"advgb-post-tax-term\">400 ml<\/span>"],"slug":"pa_package","name":"Product Package"},"pa_roll":{"linked":[],"unlinked":[],"slug":"pa_roll","name":"Product Roll"},"pa_widths":{"linked":[],"unlinked":[],"slug":"pa_widths","name":"Product Widths"},"translation_priority":{"linked":["<a href=\"https:\/\/penosil.com\/et\/?taxonomy=translation_priority&#038;term=optional-et\" class=\"advgb-post-tax-term\">Optional<\/a>"],"unlinked":["<span class=\"advgb-post-tax-term\">Optional<\/span>"],"slug":"translation_priority","name":"Translation Priorities"}},"series_order":"","_links":{"self":[{"href":"https:\/\/penosil.com\/et\/wp-json\/wp\/v2\/product\/30575","targetHints":{"allow":["GET"]}}],"collection":[{"href":"https:\/\/penosil.com\/et\/wp-json\/wp\/v2\/product"}],"about":[{"href":"https:\/\/penosil.com\/et\/wp-json\/wp\/v2\/types\/product"}],"version-history":[{"count":10,"href":"https:\/\/penosil.com\/et\/wp-json\/wp\/v2\/product\/30575\/revisions"}],"predecessor-version":[{"id":35737,"href":"https:\/\/penosil.com\/et\/wp-json\/wp\/v2\/product\/30575\/revisions\/35737"}],"wp:featuredmedia":[{"embeddable":true,"href":"https:\/\/penosil.com\/et\/wp-json\/wp\/v2\/media\/34608"}],"wp:attachment":[{"href":"https:\/\/penosil.com\/et\/wp-json\/wp\/v2\/media?parent=30575"}],"wp:term":[{"taxonomy":"product_brand","embeddable":true,"href":"https:\/\/penosil.com\/et\/wp-json\/wp\/v2\/product_brand?post=30575"},{"taxonomy":"product_cat","embeddable":true,"href":"https:\/\/penosil.com\/et\/wp-json\/wp\/v2\/product_cat?post=30575"},{"taxonomy":"product_tag","embeddable":true,"href":"https:\/\/penosil.com\/et\/wp-json\/wp\/v2\/product_tag?post=30575"}],"curies":[{"name":"wp","href":"https:\/\/api.w.org\/{rel}","templated":true}]}}