{"id":30584,"date":"2024-01-02T15:25:41","date_gmt":"2024-01-02T13:25:41","guid":{"rendered":"https:\/\/penosil.com\/et\/?post_type=product&#038;p=30584"},"modified":"2026-02-19T15:48:29","modified_gmt":"2026-02-19T13:48:29","slug":"membranefix-629-akruulpolumeeridel-pohinev-liim","status":"publish","type":"product","link":"https:\/\/penosil.com\/et\/toode\/membranefix-629-akruulpolumeeridel-pohinev-liim\/","title":{"rendered":"MembraneFix 629"},"content":{"rendered":"<p>PENOSIL MembraneFix 629 on \u00fchekomponentne akr\u00fc\u00fclliim erinevate membraanide, kilede, PE, PP jms liimimiseks sisetingimustes. S\u00e4ilitab p\u00fcsiva elastsuse ja tagab t\u00e4ielikult \u00f5hukindla \u00fchenduse paljude pindadega, nagu betoon, tellised, PA, krohv, puit, metall jms.<\/p>\n","protected":false},"excerpt":{"rendered":"Akr\u00fc\u00fclpol\u00fcmeeridel p\u00f5hinev liim","protected":false},"author":6,"featured_media":34859,"template":"","meta":{"_acf_changed":false,"advgb_blocks_editor_width":"","advgb_blocks_columns_visual_guide":"","footnotes":""},"product_brand":[],"product_cat":[1358,227,2629,225],"product_tag":[],"class_list":{"0":"post-30584","1":"product","2":"type-product","3":"status-publish","4":"has-post-thumbnail","6":"product_cat-tootekategooriad","7":"product_cat-liimid","8":"product_cat-akruulliimid","9":"product_cat-liimimine","11":"first","12":"instock","13":"taxable","14":"shipping-taxable","15":"purchasable","16":"product-type-simple"},"acf":[],"yoast_head":"<!-- This site is optimized with the Yoast SEO plugin v27.2 - https:\/\/yoast.com\/product\/yoast-seo-wordpress\/ -->\n<title>PENOSIL MembraneFix 629 erinevate membraanide liimimiseks<\/title>\n<meta name=\"description\" content=\"PENOSIL MembraneFix 629 akr\u00fc\u00fclpol\u00fcmeeridel p\u00f5hinev liim mitmesuguste membraanide liimimiseks. Loe lisa!\" \/>\n<meta name=\"robots\" content=\"index, follow, max-snippet:-1, max-image-preview:large, max-video-preview:-1\" \/>\n<link rel=\"canonical\" href=\"https:\/\/penosil.com\/et\/toode\/membranefix-629-akruulpolumeeridel-pohinev-liim\/\" \/>\n<meta property=\"og:locale\" content=\"et_EE\" \/>\n<meta property=\"og:type\" content=\"article\" \/>\n<meta property=\"og:title\" content=\"PENOSIL MembraneFix 629 erinevate membraanide liimimiseks\" \/>\n<meta property=\"og:description\" content=\"PENOSIL MembraneFix 629 akr\u00fc\u00fclpol\u00fcmeeridel p\u00f5hinev liim mitmesuguste membraanide liimimiseks. Loe lisa!\" \/>\n<meta property=\"og:url\" content=\"https:\/\/penosil.com\/et\/toode\/membranefix-629-akruulpolumeeridel-pohinev-liim\/\" \/>\n<meta property=\"og:site_name\" content=\"Penosil Estonia\" \/>\n<meta property=\"article:modified_time\" content=\"2026-02-19T13:48:29+00:00\" \/>\n<meta property=\"og:image\" content=\"https:\/\/penosil.com\/et\/wp-content\/uploads\/sites\/32\/2025\/09\/629_MembraneFix_629-EE-FI_1.png\" \/>\n\t<meta property=\"og:image:width\" content=\"387\" \/>\n\t<meta property=\"og:image:height\" content=\"1080\" \/>\n\t<meta property=\"og:image:type\" content=\"image\/png\" \/>\n<meta name=\"twitter:card\" content=\"summary_large_image\" \/>\n<script type=\"application\/ld+json\" class=\"yoast-schema-graph\">{\"@context\":\"https:\/\/schema.org\",\"@graph\":[{\"@type\":\"WebPage\",\"@id\":\"https:\/\/penosil.com\/et\/toode\/membranefix-629-akruulpolumeeridel-pohinev-liim\/\",\"url\":\"https:\/\/penosil.com\/et\/toode\/membranefix-629-akruulpolumeeridel-pohinev-liim\/\",\"name\":\"PENOSIL MembraneFix 629 erinevate membraanide liimimiseks\",\"isPartOf\":{\"@id\":\"https:\/\/penosil.com\/et\/#website\"},\"primaryImageOfPage\":{\"@id\":\"https:\/\/penosil.com\/et\/toode\/membranefix-629-akruulpolumeeridel-pohinev-liim\/#primaryimage\"},\"image\":{\"@id\":\"https:\/\/penosil.com\/et\/toode\/membranefix-629-akruulpolumeeridel-pohinev-liim\/#primaryimage\"},\"thumbnailUrl\":\"https:\/\/penosil.com\/et\/wp-content\/uploads\/sites\/32\/2025\/09\/629_MembraneFix_629-EE-FI_1.png\",\"datePublished\":\"2024-01-02T13:25:41+00:00\",\"dateModified\":\"2026-02-19T13:48:29+00:00\",\"description\":\"PENOSIL MembraneFix 629 akr\u00fc\u00fclpol\u00fcmeeridel p\u00f5hinev liim mitmesuguste membraanide liimimiseks. Loe lisa!\",\"breadcrumb\":{\"@id\":\"https:\/\/penosil.com\/et\/toode\/membranefix-629-akruulpolumeeridel-pohinev-liim\/#breadcrumb\"},\"inLanguage\":\"et\",\"potentialAction\":[{\"@type\":\"ReadAction\",\"target\":[\"https:\/\/penosil.com\/et\/toode\/membranefix-629-akruulpolumeeridel-pohinev-liim\/\"]}]},{\"@type\":\"ImageObject\",\"inLanguage\":\"et\",\"@id\":\"https:\/\/penosil.com\/et\/toode\/membranefix-629-akruulpolumeeridel-pohinev-liim\/#primaryimage\",\"url\":\"https:\/\/penosil.com\/et\/wp-content\/uploads\/sites\/32\/2025\/09\/629_MembraneFix_629-EE-FI_1.png\",\"contentUrl\":\"https:\/\/penosil.com\/et\/wp-content\/uploads\/sites\/32\/2025\/09\/629_MembraneFix_629-EE-FI_1.png\",\"width\":387,\"height\":1080,\"caption\":\"PENOSIL MembraneFix 629 - Akr\u00fc\u00fclpol\u00fcmeeridel p\u00f5hinev liim\"},{\"@type\":\"BreadcrumbList\",\"@id\":\"https:\/\/penosil.com\/et\/toode\/membranefix-629-akruulpolumeeridel-pohinev-liim\/#breadcrumb\",\"itemListElement\":[{\"@type\":\"ListItem\",\"position\":1,\"name\":\"Home\",\"item\":\"https:\/\/penosil.com\/et\/\"},{\"@type\":\"ListItem\",\"position\":2,\"name\":\"Tooted\",\"item\":\"https:\/\/penosil.com\/et\/tooted\/\"},{\"@type\":\"ListItem\",\"position\":3,\"name\":\"MembraneFix 629\"}]},{\"@type\":\"WebSite\",\"@id\":\"https:\/\/penosil.com\/et\/#website\",\"url\":\"https:\/\/penosil.com\/et\/\",\"name\":\"Penosil Estonia\",\"description\":\"\",\"potentialAction\":[{\"@type\":\"SearchAction\",\"target\":{\"@type\":\"EntryPoint\",\"urlTemplate\":\"https:\/\/penosil.com\/et\/?s={search_term_string}\"},\"query-input\":{\"@type\":\"PropertyValueSpecification\",\"valueRequired\":true,\"valueName\":\"search_term_string\"}}],\"inLanguage\":\"et\"}]}<\/script>\n<!-- \/ Yoast SEO plugin. -->","yoast_head_json":{"title":"PENOSIL MembraneFix 629 erinevate membraanide liimimiseks","description":"PENOSIL MembraneFix 629 akr\u00fc\u00fclpol\u00fcmeeridel p\u00f5hinev liim mitmesuguste membraanide liimimiseks. Loe lisa!","robots":{"index":"index","follow":"follow","max-snippet":"max-snippet:-1","max-image-preview":"max-image-preview:large","max-video-preview":"max-video-preview:-1"},"canonical":"https:\/\/penosil.com\/et\/toode\/membranefix-629-akruulpolumeeridel-pohinev-liim\/","og_locale":"et_EE","og_type":"article","og_title":"PENOSIL MembraneFix 629 erinevate membraanide liimimiseks","og_description":"PENOSIL MembraneFix 629 akr\u00fc\u00fclpol\u00fcmeeridel p\u00f5hinev liim mitmesuguste membraanide liimimiseks. Loe lisa!","og_url":"https:\/\/penosil.com\/et\/toode\/membranefix-629-akruulpolumeeridel-pohinev-liim\/","og_site_name":"Penosil Estonia","article_modified_time":"2026-02-19T13:48:29+00:00","og_image":[{"width":387,"height":1080,"url":"https:\/\/penosil.com\/et\/wp-content\/uploads\/sites\/32\/2025\/09\/629_MembraneFix_629-EE-FI_1.png","type":"image\/png"}],"twitter_card":"summary_large_image","schema":{"@context":"https:\/\/schema.org","@graph":[{"@type":"WebPage","@id":"https:\/\/penosil.com\/et\/toode\/membranefix-629-akruulpolumeeridel-pohinev-liim\/","url":"https:\/\/penosil.com\/et\/toode\/membranefix-629-akruulpolumeeridel-pohinev-liim\/","name":"PENOSIL MembraneFix 629 erinevate membraanide liimimiseks","isPartOf":{"@id":"https:\/\/penosil.com\/et\/#website"},"primaryImageOfPage":{"@id":"https:\/\/penosil.com\/et\/toode\/membranefix-629-akruulpolumeeridel-pohinev-liim\/#primaryimage"},"image":{"@id":"https:\/\/penosil.com\/et\/toode\/membranefix-629-akruulpolumeeridel-pohinev-liim\/#primaryimage"},"thumbnailUrl":"https:\/\/penosil.com\/et\/wp-content\/uploads\/sites\/32\/2025\/09\/629_MembraneFix_629-EE-FI_1.png","datePublished":"2024-01-02T13:25:41+00:00","dateModified":"2026-02-19T13:48:29+00:00","description":"PENOSIL MembraneFix 629 akr\u00fc\u00fclpol\u00fcmeeridel p\u00f5hinev liim mitmesuguste membraanide liimimiseks. Loe lisa!","breadcrumb":{"@id":"https:\/\/penosil.com\/et\/toode\/membranefix-629-akruulpolumeeridel-pohinev-liim\/#breadcrumb"},"inLanguage":"et","potentialAction":[{"@type":"ReadAction","target":["https:\/\/penosil.com\/et\/toode\/membranefix-629-akruulpolumeeridel-pohinev-liim\/"]}]},{"@type":"ImageObject","inLanguage":"et","@id":"https:\/\/penosil.com\/et\/toode\/membranefix-629-akruulpolumeeridel-pohinev-liim\/#primaryimage","url":"https:\/\/penosil.com\/et\/wp-content\/uploads\/sites\/32\/2025\/09\/629_MembraneFix_629-EE-FI_1.png","contentUrl":"https:\/\/penosil.com\/et\/wp-content\/uploads\/sites\/32\/2025\/09\/629_MembraneFix_629-EE-FI_1.png","width":387,"height":1080,"caption":"PENOSIL MembraneFix 629 - Akr\u00fc\u00fclpol\u00fcmeeridel p\u00f5hinev liim"},{"@type":"BreadcrumbList","@id":"https:\/\/penosil.com\/et\/toode\/membranefix-629-akruulpolumeeridel-pohinev-liim\/#breadcrumb","itemListElement":[{"@type":"ListItem","position":1,"name":"Home","item":"https:\/\/penosil.com\/et\/"},{"@type":"ListItem","position":2,"name":"Tooted","item":"https:\/\/penosil.com\/et\/tooted\/"},{"@type":"ListItem","position":3,"name":"MembraneFix 629"}]},{"@type":"WebSite","@id":"https:\/\/penosil.com\/et\/#website","url":"https:\/\/penosil.com\/et\/","name":"Penosil Estonia","description":"","potentialAction":[{"@type":"SearchAction","target":{"@type":"EntryPoint","urlTemplate":"https:\/\/penosil.com\/et\/?s={search_term_string}"},"query-input":{"@type":"PropertyValueSpecification","valueRequired":true,"valueName":"search_term_string"}}],"inLanguage":"et"}]}},"featured_img":"https:\/\/penosil.com\/et\/wp-content\/uploads\/sites\/32\/2025\/09\/629_MembraneFix_629-EE-FI_1.png","coauthors":[],"author_meta":{"author_link":"https:\/\/penosil.com\/et\/author\/anne\/","display_name":"Anne Lulla"},"relative_dates":{"created":"Posted 2 aastat ago","modified":"Updated 2 kuud ago"},"absolute_dates":{"created":"Posted on 2. jaan. 2024","modified":"Updated on 19. veebr. 2026"},"absolute_dates_time":{"created":"Posted on 2. jaan. 2024 03:25","modified":"Updated on 19. veebr. 2026 03:48"},"featured_img_caption":"","tax_additional":{"product_brand":{"linked":[],"unlinked":[],"slug":"product_brand","name":"Br\u00e4ndid"},"product_type":{"linked":["<a href=\"https:\/\/penosil.com\/et\/?taxonomy=product_type&#038;term=simple\" class=\"advgb-post-tax-term\">simple<\/a>"],"unlinked":["<span class=\"advgb-post-tax-term\">simple<\/span>"],"slug":"product_type","name":"Product type"},"product_visibility":{"linked":[],"unlinked":[],"slug":"product_visibility","name":"Product visibility"},"product_cat":{"linked":["<a href=\"https:\/\/penosil.com\/et\/tooted\/tootekategooriad\/\" class=\"advgb-post-tax-term\">Tootekategooriad<\/a>","<a href=\"https:\/\/penosil.com\/et\/tooted\/tootekategooriad\/liimid\/\" class=\"advgb-post-tax-term\">Liimid<\/a>","<a href=\"https:\/\/penosil.com\/et\/tooted\/tootekategooriad\/liimid\/akruulliimid\/\" class=\"advgb-post-tax-term\">Akr\u00fc\u00fclliimid<\/a>","<a href=\"https:\/\/penosil.com\/et\/tooted\/kasutusalad\/liimimine\/\" class=\"advgb-post-tax-term\">Liimimine<\/a>"],"unlinked":["<span class=\"advgb-post-tax-term\">Tootekategooriad<\/span>","<span class=\"advgb-post-tax-term\">Liimid<\/span>","<span class=\"advgb-post-tax-term\">Akr\u00fc\u00fclliimid<\/span>","<span class=\"advgb-post-tax-term\">Liimimine<\/span>"],"slug":"product_cat","name":"Tootekategooriad"},"product_tag":{"linked":[],"unlinked":[],"slug":"product_tag","name":"Tootesildid"},"product_shipping_class":{"linked":[],"unlinked":[],"slug":"product_shipping_class","name":"Toote tarneklassid"},"pos_product_visibility":{"linked":[],"unlinked":[],"slug":"pos_product_visibility","name":"POS Product visibility"},"pa_color":{"linked":["<a href=\"https:\/\/penosil.com\/et\/?taxonomy=pa_color&#038;term=helesinine\" class=\"advgb-post-tax-term\">Helesinine<\/a>"],"unlinked":["<span class=\"advgb-post-tax-term\">Helesinine<\/span>"],"slug":"pa_color","name":"Product Colour"},"pa_diameter":{"linked":[],"unlinked":[],"slug":"pa_diameter","name":"Product Diameter"},"pa_package":{"linked":[],"unlinked":[],"slug":"pa_package","name":"Product Package"},"pa_roll":{"linked":[],"unlinked":[],"slug":"pa_roll","name":"Product Roll"},"pa_widths":{"linked":[],"unlinked":[],"slug":"pa_widths","name":"Product Widths"},"translation_priority":{"linked":["<a href=\"https:\/\/penosil.com\/et\/?taxonomy=translation_priority&#038;term=optional-et\" class=\"advgb-post-tax-term\">Optional<\/a>"],"unlinked":["<span class=\"advgb-post-tax-term\">Optional<\/span>"],"slug":"translation_priority","name":"Translation Priorities"}},"series_order":"","_links":{"self":[{"href":"https:\/\/penosil.com\/et\/wp-json\/wp\/v2\/product\/30584","targetHints":{"allow":["GET"]}}],"collection":[{"href":"https:\/\/penosil.com\/et\/wp-json\/wp\/v2\/product"}],"about":[{"href":"https:\/\/penosil.com\/et\/wp-json\/wp\/v2\/types\/product"}],"version-history":[{"count":8,"href":"https:\/\/penosil.com\/et\/wp-json\/wp\/v2\/product\/30584\/revisions"}],"predecessor-version":[{"id":35867,"href":"https:\/\/penosil.com\/et\/wp-json\/wp\/v2\/product\/30584\/revisions\/35867"}],"wp:featuredmedia":[{"embeddable":true,"href":"https:\/\/penosil.com\/et\/wp-json\/wp\/v2\/media\/34859"}],"wp:attachment":[{"href":"https:\/\/penosil.com\/et\/wp-json\/wp\/v2\/media?parent=30584"}],"wp:term":[{"taxonomy":"product_brand","embeddable":true,"href":"https:\/\/penosil.com\/et\/wp-json\/wp\/v2\/product_brand?post=30584"},{"taxonomy":"product_cat","embeddable":true,"href":"https:\/\/penosil.com\/et\/wp-json\/wp\/v2\/product_cat?post=30584"},{"taxonomy":"product_tag","embeddable":true,"href":"https:\/\/penosil.com\/et\/wp-json\/wp\/v2\/product_tag?post=30584"}],"curies":[{"name":"wp","href":"https:\/\/api.w.org\/{rel}","templated":true}]}}