{"id":30698,"date":"2024-02-21T09:44:17","date_gmt":"2024-02-21T07:44:17","guid":{"rendered":"https:\/\/penosil.com\/et\/?post_type=product&#038;p=30698"},"modified":"2026-04-14T02:03:11","modified_gmt":"2026-04-14T00:03:11","slug":"ventilation-hybrid-710-hubriidhermeetik-ventilatsioonitoodeks","status":"publish","type":"product","link":"https:\/\/penosil.com\/et\/toode\/ventilation-hybrid-710-hubriidhermeetik-ventilatsioonitoodeks\/","title":{"rendered":"Ventilation Hybrid 710"},"content":{"rendered":"<p>Penosil Ventilation Hybrid 710 on mitmeotstarbeline h\u00fcbriidpol\u00fcmeeril p\u00f5hinev hermeetik ventilatsioonit\u00f6\u00f6deks. Elastne ning vastupidav hallituse kasvule muudavad selle toote t\u00f5eliselt multifunktsionaalseks. Sobib tihendamiseks ja liimimiseks t\u00f6\u00f6stuslikes rakendustes<\/p>\n","protected":false},"excerpt":{"rendered":"H\u00fcbriidhermeetik ventilatsioonit\u00f6\u00f6deks","protected":false},"author":6,"featured_media":34940,"template":"","meta":{"_acf_changed":false,"advgb_blocks_editor_width":"","advgb_blocks_columns_visual_guide":"","footnotes":""},"product_brand":[],"product_cat":[1358,829,1598,2590],"product_tag":[],"class_list":{"0":"post-30698","1":"product","2":"type-product","3":"status-publish","4":"has-post-thumbnail","6":"product_cat-tootekategooriad","7":"product_cat-uldehitus","8":"product_cat-hermeetikud","9":"product_cat-hubriidid","11":"first","12":"instock","13":"taxable","14":"shipping-taxable","15":"purchasable","16":"product-type-simple"},"acf":[],"yoast_head":"<!-- This site is optimized with the Yoast SEO plugin v27.2 - https:\/\/yoast.com\/product\/yoast-seo-wordpress\/ -->\n<title>Penosil Ventilation Hybrid 710 hermeetik ventilatsioonit\u00f6\u00f6deks<\/title>\n<meta name=\"description\" content=\"PENOSIL Ventilation Hybrid 710 on h\u00fcbriidhermeetik ventilatsioonit\u00f6\u00f6deks. Mitmeotstarbeline hermeetik tihendamiseks ja liimimiseks t\u00f6\u00f6stuslikes rakendustes, nakkub niiskete pindadega. Loe rohkem!\" \/>\n<meta name=\"robots\" content=\"index, follow, max-snippet:-1, max-image-preview:large, max-video-preview:-1\" \/>\n<link rel=\"canonical\" href=\"https:\/\/penosil.com\/et\/toode\/ventilation-hybrid-710-hubriidhermeetik-ventilatsioonitoodeks\/\" \/>\n<meta property=\"og:locale\" content=\"et_EE\" \/>\n<meta property=\"og:type\" content=\"article\" \/>\n<meta property=\"og:title\" content=\"Penosil Ventilation Hybrid 710 hermeetik ventilatsioonit\u00f6\u00f6deks\" \/>\n<meta property=\"og:description\" content=\"PENOSIL Ventilation Hybrid 710 on h\u00fcbriidhermeetik ventilatsioonit\u00f6\u00f6deks. Mitmeotstarbeline hermeetik tihendamiseks ja liimimiseks t\u00f6\u00f6stuslikes rakendustes, nakkub niiskete pindadega. Loe rohkem!\" \/>\n<meta property=\"og:url\" content=\"https:\/\/penosil.com\/et\/toode\/ventilation-hybrid-710-hubriidhermeetik-ventilatsioonitoodeks\/\" \/>\n<meta property=\"og:site_name\" content=\"Penosil Estonia\" \/>\n<meta property=\"article:modified_time\" content=\"2026-04-14T00:03:11+00:00\" \/>\n<meta property=\"og:image\" content=\"https:\/\/penosil.com\/et\/wp-content\/uploads\/sites\/32\/2025\/09\/710_Ventilation_Hybrid_710_EE_FI_1.png\" \/>\n\t<meta property=\"og:image:width\" content=\"870\" \/>\n\t<meta property=\"og:image:height\" content=\"2430\" \/>\n\t<meta property=\"og:image:type\" content=\"image\/png\" \/>\n<meta name=\"twitter:card\" content=\"summary_large_image\" \/>\n<script type=\"application\/ld+json\" class=\"yoast-schema-graph\">{\"@context\":\"https:\/\/schema.org\",\"@graph\":[{\"@type\":\"WebPage\",\"@id\":\"https:\/\/penosil.com\/et\/toode\/ventilation-hybrid-710-hubriidhermeetik-ventilatsioonitoodeks\/\",\"url\":\"https:\/\/penosil.com\/et\/toode\/ventilation-hybrid-710-hubriidhermeetik-ventilatsioonitoodeks\/\",\"name\":\"Penosil Ventilation Hybrid 710 hermeetik ventilatsioonit\u00f6\u00f6deks\",\"isPartOf\":{\"@id\":\"https:\/\/penosil.com\/et\/#website\"},\"primaryImageOfPage\":{\"@id\":\"https:\/\/penosil.com\/et\/toode\/ventilation-hybrid-710-hubriidhermeetik-ventilatsioonitoodeks\/#primaryimage\"},\"image\":{\"@id\":\"https:\/\/penosil.com\/et\/toode\/ventilation-hybrid-710-hubriidhermeetik-ventilatsioonitoodeks\/#primaryimage\"},\"thumbnailUrl\":\"https:\/\/penosil.com\/et\/wp-content\/uploads\/sites\/32\/2025\/09\/710_Ventilation_Hybrid_710_EE_FI_1.png\",\"datePublished\":\"2024-02-21T07:44:17+00:00\",\"dateModified\":\"2026-04-14T00:03:11+00:00\",\"description\":\"PENOSIL Ventilation Hybrid 710 on h\u00fcbriidhermeetik ventilatsioonit\u00f6\u00f6deks. Mitmeotstarbeline hermeetik tihendamiseks ja liimimiseks t\u00f6\u00f6stuslikes rakendustes, nakkub niiskete pindadega. Loe rohkem!\",\"breadcrumb\":{\"@id\":\"https:\/\/penosil.com\/et\/toode\/ventilation-hybrid-710-hubriidhermeetik-ventilatsioonitoodeks\/#breadcrumb\"},\"inLanguage\":\"et\",\"potentialAction\":[{\"@type\":\"ReadAction\",\"target\":[\"https:\/\/penosil.com\/et\/toode\/ventilation-hybrid-710-hubriidhermeetik-ventilatsioonitoodeks\/\"]}]},{\"@type\":\"ImageObject\",\"inLanguage\":\"et\",\"@id\":\"https:\/\/penosil.com\/et\/toode\/ventilation-hybrid-710-hubriidhermeetik-ventilatsioonitoodeks\/#primaryimage\",\"url\":\"https:\/\/penosil.com\/et\/wp-content\/uploads\/sites\/32\/2025\/09\/710_Ventilation_Hybrid_710_EE_FI_1.png\",\"contentUrl\":\"https:\/\/penosil.com\/et\/wp-content\/uploads\/sites\/32\/2025\/09\/710_Ventilation_Hybrid_710_EE_FI_1.png\",\"width\":870,\"height\":2430,\"caption\":\"PENOSIL Ventilation Hybrid 710 - H\u00fcbriidhermeetik ventilatsioonit\u00f6\u00f6deks\"},{\"@type\":\"BreadcrumbList\",\"@id\":\"https:\/\/penosil.com\/et\/toode\/ventilation-hybrid-710-hubriidhermeetik-ventilatsioonitoodeks\/#breadcrumb\",\"itemListElement\":[{\"@type\":\"ListItem\",\"position\":1,\"name\":\"Home\",\"item\":\"https:\/\/penosil.com\/et\/\"},{\"@type\":\"ListItem\",\"position\":2,\"name\":\"Tooted\",\"item\":\"https:\/\/penosil.com\/et\/tooted\/\"},{\"@type\":\"ListItem\",\"position\":3,\"name\":\"Ventilation Hybrid 710\"}]},{\"@type\":\"WebSite\",\"@id\":\"https:\/\/penosil.com\/et\/#website\",\"url\":\"https:\/\/penosil.com\/et\/\",\"name\":\"Penosil Estonia\",\"description\":\"\",\"potentialAction\":[{\"@type\":\"SearchAction\",\"target\":{\"@type\":\"EntryPoint\",\"urlTemplate\":\"https:\/\/penosil.com\/et\/?s={search_term_string}\"},\"query-input\":{\"@type\":\"PropertyValueSpecification\",\"valueRequired\":true,\"valueName\":\"search_term_string\"}}],\"inLanguage\":\"et\"}]}<\/script>\n<!-- \/ Yoast SEO plugin. -->","yoast_head_json":{"title":"Penosil Ventilation Hybrid 710 hermeetik ventilatsioonit\u00f6\u00f6deks","description":"PENOSIL Ventilation Hybrid 710 on h\u00fcbriidhermeetik ventilatsioonit\u00f6\u00f6deks. Mitmeotstarbeline hermeetik tihendamiseks ja liimimiseks t\u00f6\u00f6stuslikes rakendustes, nakkub niiskete pindadega. Loe rohkem!","robots":{"index":"index","follow":"follow","max-snippet":"max-snippet:-1","max-image-preview":"max-image-preview:large","max-video-preview":"max-video-preview:-1"},"canonical":"https:\/\/penosil.com\/et\/toode\/ventilation-hybrid-710-hubriidhermeetik-ventilatsioonitoodeks\/","og_locale":"et_EE","og_type":"article","og_title":"Penosil Ventilation Hybrid 710 hermeetik ventilatsioonit\u00f6\u00f6deks","og_description":"PENOSIL Ventilation Hybrid 710 on h\u00fcbriidhermeetik ventilatsioonit\u00f6\u00f6deks. Mitmeotstarbeline hermeetik tihendamiseks ja liimimiseks t\u00f6\u00f6stuslikes rakendustes, nakkub niiskete pindadega. Loe rohkem!","og_url":"https:\/\/penosil.com\/et\/toode\/ventilation-hybrid-710-hubriidhermeetik-ventilatsioonitoodeks\/","og_site_name":"Penosil Estonia","article_modified_time":"2026-04-14T00:03:11+00:00","og_image":[{"width":870,"height":2430,"url":"https:\/\/penosil.com\/et\/wp-content\/uploads\/sites\/32\/2025\/09\/710_Ventilation_Hybrid_710_EE_FI_1.png","type":"image\/png"}],"twitter_card":"summary_large_image","schema":{"@context":"https:\/\/schema.org","@graph":[{"@type":"WebPage","@id":"https:\/\/penosil.com\/et\/toode\/ventilation-hybrid-710-hubriidhermeetik-ventilatsioonitoodeks\/","url":"https:\/\/penosil.com\/et\/toode\/ventilation-hybrid-710-hubriidhermeetik-ventilatsioonitoodeks\/","name":"Penosil Ventilation Hybrid 710 hermeetik ventilatsioonit\u00f6\u00f6deks","isPartOf":{"@id":"https:\/\/penosil.com\/et\/#website"},"primaryImageOfPage":{"@id":"https:\/\/penosil.com\/et\/toode\/ventilation-hybrid-710-hubriidhermeetik-ventilatsioonitoodeks\/#primaryimage"},"image":{"@id":"https:\/\/penosil.com\/et\/toode\/ventilation-hybrid-710-hubriidhermeetik-ventilatsioonitoodeks\/#primaryimage"},"thumbnailUrl":"https:\/\/penosil.com\/et\/wp-content\/uploads\/sites\/32\/2025\/09\/710_Ventilation_Hybrid_710_EE_FI_1.png","datePublished":"2024-02-21T07:44:17+00:00","dateModified":"2026-04-14T00:03:11+00:00","description":"PENOSIL Ventilation Hybrid 710 on h\u00fcbriidhermeetik ventilatsioonit\u00f6\u00f6deks. Mitmeotstarbeline hermeetik tihendamiseks ja liimimiseks t\u00f6\u00f6stuslikes rakendustes, nakkub niiskete pindadega. Loe rohkem!","breadcrumb":{"@id":"https:\/\/penosil.com\/et\/toode\/ventilation-hybrid-710-hubriidhermeetik-ventilatsioonitoodeks\/#breadcrumb"},"inLanguage":"et","potentialAction":[{"@type":"ReadAction","target":["https:\/\/penosil.com\/et\/toode\/ventilation-hybrid-710-hubriidhermeetik-ventilatsioonitoodeks\/"]}]},{"@type":"ImageObject","inLanguage":"et","@id":"https:\/\/penosil.com\/et\/toode\/ventilation-hybrid-710-hubriidhermeetik-ventilatsioonitoodeks\/#primaryimage","url":"https:\/\/penosil.com\/et\/wp-content\/uploads\/sites\/32\/2025\/09\/710_Ventilation_Hybrid_710_EE_FI_1.png","contentUrl":"https:\/\/penosil.com\/et\/wp-content\/uploads\/sites\/32\/2025\/09\/710_Ventilation_Hybrid_710_EE_FI_1.png","width":870,"height":2430,"caption":"PENOSIL Ventilation Hybrid 710 - H\u00fcbriidhermeetik ventilatsioonit\u00f6\u00f6deks"},{"@type":"BreadcrumbList","@id":"https:\/\/penosil.com\/et\/toode\/ventilation-hybrid-710-hubriidhermeetik-ventilatsioonitoodeks\/#breadcrumb","itemListElement":[{"@type":"ListItem","position":1,"name":"Home","item":"https:\/\/penosil.com\/et\/"},{"@type":"ListItem","position":2,"name":"Tooted","item":"https:\/\/penosil.com\/et\/tooted\/"},{"@type":"ListItem","position":3,"name":"Ventilation Hybrid 710"}]},{"@type":"WebSite","@id":"https:\/\/penosil.com\/et\/#website","url":"https:\/\/penosil.com\/et\/","name":"Penosil Estonia","description":"","potentialAction":[{"@type":"SearchAction","target":{"@type":"EntryPoint","urlTemplate":"https:\/\/penosil.com\/et\/?s={search_term_string}"},"query-input":{"@type":"PropertyValueSpecification","valueRequired":true,"valueName":"search_term_string"}}],"inLanguage":"et"}]}},"featured_img":"https:\/\/penosil.com\/et\/wp-content\/uploads\/sites\/32\/2025\/09\/710_Ventilation_Hybrid_710_EE_FI_1.png","coauthors":[],"author_meta":{"author_link":"https:\/\/penosil.com\/et\/author\/anne\/","display_name":"Anne Lulla"},"relative_dates":{"created":"Posted 2 aastat ago","modified":"Updated 6 p\u00e4eva ago"},"absolute_dates":{"created":"Posted on 21. veebr. 2024","modified":"Updated on 14. apr. 2026"},"absolute_dates_time":{"created":"Posted on 21. veebr. 2024 09:44","modified":"Updated on 14. apr. 2026 02:03"},"featured_img_caption":"","tax_additional":{"product_brand":{"linked":[],"unlinked":[],"slug":"product_brand","name":"Br\u00e4ndid"},"product_type":{"linked":["<a href=\"https:\/\/penosil.com\/et\/?taxonomy=product_type&#038;term=simple\" class=\"advgb-post-tax-term\">simple<\/a>"],"unlinked":["<span class=\"advgb-post-tax-term\">simple<\/span>"],"slug":"product_type","name":"Product type"},"product_visibility":{"linked":[],"unlinked":[],"slug":"product_visibility","name":"Product visibility"},"product_cat":{"linked":["<a href=\"https:\/\/penosil.com\/et\/tooted\/tootekategooriad\/\" class=\"advgb-post-tax-term\">Tootekategooriad<\/a>","<a href=\"https:\/\/penosil.com\/et\/tooted\/kasutusalad\/uldehitus\/\" class=\"advgb-post-tax-term\">\u00dcldehitus<\/a>","<a href=\"https:\/\/penosil.com\/et\/tooted\/tootekategooriad\/hermeetikud\/\" class=\"advgb-post-tax-term\">Hermeetikud ja mastiksid<\/a>","<a href=\"https:\/\/penosil.com\/et\/tooted\/tootekategooriad\/hermeetikud\/hubriidid\/\" class=\"advgb-post-tax-term\">H\u00fcbriidid<\/a>"],"unlinked":["<span class=\"advgb-post-tax-term\">Tootekategooriad<\/span>","<span class=\"advgb-post-tax-term\">\u00dcldehitus<\/span>","<span class=\"advgb-post-tax-term\">Hermeetikud ja mastiksid<\/span>","<span class=\"advgb-post-tax-term\">H\u00fcbriidid<\/span>"],"slug":"product_cat","name":"Tootekategooriad"},"product_tag":{"linked":[],"unlinked":[],"slug":"product_tag","name":"Tootesildid"},"product_shipping_class":{"linked":[],"unlinked":[],"slug":"product_shipping_class","name":"Toote tarneklassid"},"pos_product_visibility":{"linked":[],"unlinked":[],"slug":"pos_product_visibility","name":"POS Product visibility"},"pa_color":{"linked":["<a href=\"https:\/\/penosil.com\/et\/?taxonomy=pa_color&#038;term=grey-et\" class=\"advgb-post-tax-term\">Hall<\/a>"],"unlinked":["<span class=\"advgb-post-tax-term\">Hall<\/span>"],"slug":"pa_color","name":"Product Colour"},"pa_diameter":{"linked":[],"unlinked":[],"slug":"pa_diameter","name":"Product Diameter"},"pa_package":{"linked":[],"unlinked":[],"slug":"pa_package","name":"Product Package"},"pa_roll":{"linked":[],"unlinked":[],"slug":"pa_roll","name":"Product Roll"},"pa_widths":{"linked":[],"unlinked":[],"slug":"pa_widths","name":"Product Widths"},"translation_priority":{"linked":["<a href=\"https:\/\/penosil.com\/et\/?taxonomy=translation_priority&#038;term=optional-et\" class=\"advgb-post-tax-term\">Optional<\/a>"],"unlinked":["<span class=\"advgb-post-tax-term\">Optional<\/span>"],"slug":"translation_priority","name":"Translation Priorities"}},"series_order":"","_links":{"self":[{"href":"https:\/\/penosil.com\/et\/wp-json\/wp\/v2\/product\/30698","targetHints":{"allow":["GET"]}}],"collection":[{"href":"https:\/\/penosil.com\/et\/wp-json\/wp\/v2\/product"}],"about":[{"href":"https:\/\/penosil.com\/et\/wp-json\/wp\/v2\/types\/product"}],"version-history":[{"count":5,"href":"https:\/\/penosil.com\/et\/wp-json\/wp\/v2\/product\/30698\/revisions"}],"predecessor-version":[{"id":34939,"href":"https:\/\/penosil.com\/et\/wp-json\/wp\/v2\/product\/30698\/revisions\/34939"}],"wp:featuredmedia":[{"embeddable":true,"href":"https:\/\/penosil.com\/et\/wp-json\/wp\/v2\/media\/34940"}],"wp:attachment":[{"href":"https:\/\/penosil.com\/et\/wp-json\/wp\/v2\/media?parent=30698"}],"wp:term":[{"taxonomy":"product_brand","embeddable":true,"href":"https:\/\/penosil.com\/et\/wp-json\/wp\/v2\/product_brand?post=30698"},{"taxonomy":"product_cat","embeddable":true,"href":"https:\/\/penosil.com\/et\/wp-json\/wp\/v2\/product_cat?post=30698"},{"taxonomy":"product_tag","embeddable":true,"href":"https:\/\/penosil.com\/et\/wp-json\/wp\/v2\/product_tag?post=30698"}],"curies":[{"name":"wp","href":"https:\/\/api.w.org\/{rel}","templated":true}]}}